{"id":57,"date":"2022-09-09T03:09:50","date_gmt":"2022-09-08T19:09:50","guid":{"rendered":"https:\/\/gingermachines.com\/?post_type=product&#038;p=57"},"modified":"2024-06-17T14:39:26","modified_gmt":"2024-06-17T06:39:26","slug":"ginger-drying-machine","status":"publish","type":"product","link":"https:\/\/gingermachines.com\/tr\/product\/ginger-drying-machine\/","title":{"rendered":"Zencefil Kurutma Makinesi"},"content":{"rendered":"<p class=\"translation-block\">Taizy <strong>Zencefil kurutma makinesi<\/strong>, bir sebze ve meyve kurutucusudur. Zencefil, sar\u0131msak, mantar, limon, kivi, ananas gibi her t\u00fcrl\u00fc meyve ve sebzeyi kurutmak i\u00e7in yayg\u0131n olarak kullan\u0131l\u0131r. <strong>Elektrikli zencefil kurutucu<\/strong>, kirlilik olmamas\u0131, kolay kullan\u0131m ve enerji tasarrufu \u00f6zelliklerine sahiptir. <\/p>    <p>Kurumu\u015f zencefil kolayca toplanabilir ve depolama s\u00fcresini \u00f6nemli \u00f6l\u00e7\u00fcde uzat\u0131r. Ayr\u0131ca, kurutulmu\u015f zencefilin besin de\u011feri de\u011fi\u015fmez ve tad\u0131 daha iyi olabilir. Ayr\u0131ca, kurutulmu\u015f zencefil, zencefil tozunun vazge\u00e7ilmez hammaddesidir.<\/p>   <div class=\"wp-block-image\"> <figure class=\"aligncenter size-full\"><img loading=\"lazy\" decoding=\"async\" width=\"720\" height=\"540\" src=\"https:\/\/gingermachines.com\/wp-content\/uploads\/2022\/09\/ginger-dryer-machine.webp\" alt=\"zencefil kurutucu makinesi\" class=\"wp-image-246\" title=\"\" srcset=\"https:\/\/gingermachines.com\/wp-content\/uploads\/2022\/09\/ginger-dryer-machine.webp 720w, https:\/\/gingermachines.com\/wp-content\/uploads\/2022\/09\/ginger-dryer-machine-300x225.webp 300w, https:\/\/gingermachines.com\/wp-content\/uploads\/2022\/09\/ginger-dryer-machine-16x12.webp 16w\" sizes=\"auto, (max-width: 720px) 100vw, 720px\" \/><figcaption class=\"wp-element-caption\">zencefil kurutucu makinesi<\/figcaption><\/figure> <\/div>   <p>Bu nedenle, zencefil kurutma makinesi, t\u00fcm zencefil tozu \u00fcretim hatt\u0131n\u0131n \u00f6nemli bir par\u00e7as\u0131d\u0131r. Kapsaml\u0131 zencefil i\u015fleme makineleri \u00fcreticisi olarak TAIZY \u015firketi, k\u00fcresel pazar i\u00e7in tam bir zencefil makinesi yelpazesi sunar. T\u00fcm makineler iyi performans ve en iyi fiyat sunar.<\/p>    <h2 class=\"wp-block-heading\">Zencefil kurutma makinesinin \u00f6zellikleri <\/h2>    <ol class=\"wp-block-list\" style=\"list-style-type:1\"> <li>Elektrikli cihaz, s\u0131cakl\u0131k ayar\u0131, zamanlay\u0131c\u0131, sabit s\u0131cakl\u0131k kontrol\u00fc, a\u015f\u0131r\u0131 s\u0131cakl\u0131k alarm\u0131, nem giderme s\u00fcresi ayar\u0131 gibi fonksiyonlara sahiptir. Opsiyonel dokunmatik ekran mevcuttur.<\/li>    <li>T\u00fcm film kurutucu kutu, tamamen kapal\u0131 yap\u0131ya sahiptir ve i\u00e7 s\u0131cak hava geri kazan\u0131l\u0131r, enerji ve verimlilik tasarrufu sa\u011flar.<\/li>    <li>Zencefil kurutma i\u00e7in \u0131s\u0131 kayna\u011f\u0131 elektrik (380V\/50Hz), buhar (0.2~0.8MPa), s\u0131cak hava f\u0131r\u0131n\u0131 (odun\/k\u00f6m\u00fcr\/yak\u0131t\/gaz) vb. olabilir.<\/li>    <li>Y\u00fcksek s\u0131cakl\u0131\u011fa dayan\u0131kl\u0131 uzun mil fan\u0131, zorunlu s\u0131cak hava dola\u015f\u0131m\u0131, dola\u015f\u0131m s\u0131ras\u0131nda \u0131s\u0131 kayb\u0131n\u0131 b\u00fcy\u00fck \u00f6l\u00e7\u00fcde azalt\u0131r.<\/li>    <li>Zencefil kurutucu dolab\u0131, hava da\u011f\u0131t\u0131m\u0131n\u0131 ayarlamak i\u00e7in ayarlanabilir bir hava da\u011f\u0131t\u0131m paneli ile donat\u0131lm\u0131\u015ft\u0131r, b\u00f6ylece hava ak\u0131\u015f\u0131n\u0131 kontrol edebilir ve kutunun i\u00e7 s\u0131cakl\u0131\u011f\u0131n\u0131 daha homojen hale getirebilir.<\/li>    <li>\u0130zolasyon katman\u0131 kal\u0131nl\u0131\u011f\u0131 80~200mm, y\u00fcksek yo\u011funluklu kaya y\u00fcn\u00fc veya ultra ince aluminosilikat fiber y\u00fcn\u00fc kullan\u0131larak \u0131s\u0131 kayb\u0131 daha da azalt\u0131l\u0131r.<\/li> <\/ol>    <figure class=\"wp-block-image size-full\"><img loading=\"lazy\" decoding=\"async\" width=\"720\" height=\"540\" src=\"https:\/\/gingermachines.com\/wp-content\/uploads\/2022\/09\/ginger-dryer-machine.jpg\" alt=\"zencefil kurutucu makinesi\" class=\"wp-image-89\" title=\"\" srcset=\"https:\/\/gingermachines.com\/wp-content\/uploads\/2022\/09\/ginger-dryer-machine.jpg 720w, https:\/\/gingermachines.com\/wp-content\/uploads\/2022\/09\/ginger-dryer-machine-300x225.jpg 300w\" sizes=\"auto, (max-width: 720px) 100vw, 720px\" \/><figcaption class=\"wp-element-caption\">Zencefil Kurutma Makinesi<\/figcaption><\/figure>    <h2 class=\"wp-block-heading\">TAIZY zencefil kurutma makinesi parametreleri <\/h2>    <figure class=\"wp-block-table\"><table><tbody><tr><td>Model<\/td><td>Boyut (Uzunluk*Geni\u015flik*Y\u00fckseklik) (mm)<\/td><td>Kurutma numaras\u0131<\/td><td>Kapasite (kg\/kez)<\/td><\/tr><tr><td>SL-2<\/td><td>4000*1 600*25000<\/td><td>2<\/td><td>600<\/td><\/tr><tr><td>SL-4<\/td><td>6000*1 600*2500<\/td><td>4<\/td><td>1200<\/td><\/tr><tr><td>SL-6<\/td><td>7200*2300*2500<\/td><td>6<\/td><td>1800<\/td><\/tr><tr><td>SL-8<\/td><td>8800*2300*2500<\/td><td>8<\/td><td>2400<\/td><\/tr><tr><td>SL-10<\/td><td>10000*2300*2500<\/td><td>10<\/td><td>3000<\/td><\/tr><tr><td>SL-12<\/td><td>10500*3300*2500<\/td><td>12<\/td><td>3600<\/td><\/tr><tr><td>SL-14<\/td><td>11000*3300*2500<\/td><td>14<\/td><td>4200<\/td><\/tr><tr><td>SL-16<\/td><td>11500*3300*2500<\/td><td>16<\/td><td>4800<\/td><\/tr><tr><td>SL-18<\/td><td>12500*3300*2500<\/td><td>18<\/td><td>5400<\/td><\/tr><tr><td>SL-20<\/td><td>13500*3300*2500<\/td><td>20<\/td><td>6000<\/td><\/tr><tr><td>SL-22<\/td><td>14500*3300*2500<\/td><td>22<\/td><td>6600<\/td><\/tr><tr><td>SL-24<\/td><td>15500*3300*2800<\/td><td>24<\/td><td>7200<\/td><\/tr><\/tbody><\/table><figcaption class=\"wp-element-caption\">Zencefil kurutma makinesi modelleri<\/figcaption><\/figure>    <p>Grafikten g\u00f6rebilece\u011finiz gibi, sat\u0131\u015fta ondan fazla zencefil kurutma makinesi modelimiz var. \u00c7\u0131k\u0131\u015f k\u00fc\u00e7\u00fckten b\u00fcy\u00fc\u011fe do\u011fru s\u0131ralanm\u0131\u015ft\u0131r. Bu nedenle, bu makine farkl\u0131 kurutma ihtiya\u00e7lar\u0131n\u0131 kar\u015f\u0131layabilir.<\/p>    <figure class=\"wp-block-image size-full\"><img loading=\"lazy\" decoding=\"async\" width=\"720\" height=\"540\" src=\"https:\/\/gingermachines.com\/wp-content\/uploads\/2022\/09\/large-scale-ginger-dryer.webp\" alt=\"B\u00fcy\u00fck \u00f6l\u00e7ekli zencefil kurutucu\" class=\"wp-image-244\" title=\"\" srcset=\"https:\/\/gingermachines.com\/wp-content\/uploads\/2022\/09\/large-scale-ginger-dryer.webp 720w, https:\/\/gingermachines.com\/wp-content\/uploads\/2022\/09\/large-scale-ginger-dryer-300x225.webp 300w, https:\/\/gingermachines.com\/wp-content\/uploads\/2022\/09\/large-scale-ginger-dryer-16x12.webp 16w\" sizes=\"auto, (max-width: 720px) 100vw, 720px\" \/><figcaption class=\"wp-element-caption\">B\u00fcy\u00fck \u00d6l\u00e7ekli Zencefil Kurutucu<\/figcaption><\/figure>    <h2 class=\"wp-block-heading\">Zencefil kurutma ekipmanlar\u0131n\u0131n geni\u015f uygulama alan\u0131<\/h2>    <p>Bu zencefil kurutma makinesi, \u00e7e\u015fitli sebze ve meyvelerin kurutulmas\u0131 i\u00e7in uygundur. Geni\u015f uygulama alan\u0131na sahiptir.<\/p>    <p class=\"translation-block\"><strong>Sebzeler:<\/strong> zencefil, salatal\u0131k dilimleri, ac\u0131 kavun dilimleri, beyaz mantar, kara mantar, k\u0131rm\u0131z\u0131 biber, patl\u0131can, kidney fasulyesi, bakliyat, kuru meyve dilimleri, biber, mantar vb.<\/p>    <p class=\"translation-block\"><strong>Meyve:<\/strong> mango, elma, badem, hurma, tutku meyvesi, \u00e7ilek, hawthorn dilimleri, kiraz, kivi, kabak, muz, <a href=\"http:\/\/longan\">longan<\/a>lar, \u015feftali, persimmon, vb. \u00a0<\/p>    <figure class=\"wp-block-image size-full\"><img loading=\"lazy\" decoding=\"async\" width=\"720\" height=\"540\" src=\"https:\/\/gingermachines.com\/wp-content\/uploads\/2022\/09\/widely-application.webp\" alt=\"yayg\u0131n uygulama\" class=\"wp-image-245\" title=\"\" srcset=\"https:\/\/gingermachines.com\/wp-content\/uploads\/2022\/09\/widely-application.webp 720w, https:\/\/gingermachines.com\/wp-content\/uploads\/2022\/09\/widely-application-300x225.webp 300w, https:\/\/gingermachines.com\/wp-content\/uploads\/2022\/09\/widely-application-16x12.webp 16w\" sizes=\"auto, (max-width: 720px) 100vw, 720px\" \/><figcaption class=\"wp-element-caption\">Yayg\u0131n Uygulama<\/figcaption><\/figure>    <h2 class=\"wp-block-heading\">Bu zencefil kurutma makinesinin yap\u0131 detaylar\u0131<\/h2>    <p>Bu zencefil kurutma makinesi basit yap\u0131ya ve makul tasar\u0131ma sahiptir, kullan\u0131m\u0131 kolayd\u0131r. Ayr\u0131ca, bir r\u00f6mork, dola\u015f\u0131m fan\u0131, hava enerjili \u0131s\u0131t\u0131c\u0131, ak\u0131ll\u0131 kontrol paneli, kutu, \u00e7eki\u015f fan\u0131, paslanmaz \u00e7elik tepsi, elektrikli bile\u015fenler ve egzoz fan\u0131ndan olu\u015fur. T\u00fcm makineler paslanmaz \u00e7elik yap\u0131dad\u0131r, dayan\u0131kl\u0131 ve g\u0131da s\u0131n\u0131f\u0131d\u0131r. Ayr\u0131ca, geli\u015fmi\u015f teknoloji ve marka par\u00e7alar kullan\u0131lm\u0131\u015ft\u0131r. \u00dcstelik, y\u00fcksek kalite ve iyi performans\u0131 sa\u011flamak i\u00e7in son derece yetkin personelimiz bulunmaktad\u0131r.<\/p>    <figure class=\"wp-block-image size-full\"><img loading=\"lazy\" decoding=\"async\" width=\"720\" height=\"540\" src=\"https:\/\/gingermachines.com\/wp-content\/uploads\/2022\/09\/vegetable-drying-machine.jpg\" alt=\"sebze kurutma makinesi\" class=\"wp-image-87\" title=\"\" srcset=\"https:\/\/gingermachines.com\/wp-content\/uploads\/2022\/09\/vegetable-drying-machine.jpg 720w, https:\/\/gingermachines.com\/wp-content\/uploads\/2022\/09\/vegetable-drying-machine-300x225.jpg 300w\" sizes=\"auto, (max-width: 720px) 100vw, 720px\" \/><figcaption class=\"wp-element-caption\">Kuru Sebze ve Meyve Makinesi<\/figcaption><\/figure>    <h2 class=\"wp-block-heading\">En iyi fiyat\u0131 almak i\u00e7in bizimle ileti\u015fime ge\u00e7in<\/h2>    <p class=\"translation-block\">Zencefil kurutucu makinesi, en \u00e7ok satan \u00fcr\u00fcnlerimizden biridir. Ayr\u0131ca, Taizy fabrikas\u0131ndan bir\u00e7ok di\u011fer <a href=\"https:\/\/gingermachines.com\/tr\/products\/products\/\">zencefil makineleri<\/a> mevcuttur, \u00f6rne\u011fin <a href=\"https:\/\/gingermachines.com\/tr\/product\/ginger-washing-machine\/\">zencefil y\u0131kama makinesi<\/a>, zencefil soyma makinesi, <a href=\"https:\/\/gingermachines.com\/tr\/product\/ginger-grinding-machine\/\">zencefil \u00f6\u011f\u00fctme makinesi<\/a> ve <a href=\"https:\/\/gingermachines.com\/tr\/product\/ginger-powder-processing-line\/\">zencefil tozu yapma makinesi<\/a>. T\u00fcm ekipmanlar\u0131m\u0131z iyi fiyat ve stabil performans sunar. Daha fazla bilgi i\u00e7in bizimle ileti\u015fime ge\u00e7mekten \u00e7ekinmeyin.<\/p>    <figure class=\"wp-block-image size-full\"><img loading=\"lazy\" decoding=\"async\" width=\"720\" height=\"540\" src=\"https:\/\/gingermachines.com\/wp-content\/uploads\/2022\/09\/customer-feedback.jpg\" alt=\"m\u00fc\u015fteri geri bildirimi\" class=\"wp-image-91\" title=\"\" srcset=\"https:\/\/gingermachines.com\/wp-content\/uploads\/2022\/09\/customer-feedback.jpg 720w, https:\/\/gingermachines.com\/wp-content\/uploads\/2022\/09\/customer-feedback-300x225.jpg 300w\" sizes=\"auto, (max-width: 720px) 100vw, 720px\" \/><figcaption class=\"wp-element-caption\">M\u00fc\u015fteri Geri Bildirimi<\/figcaption><\/figure>","protected":false},"excerpt":{"rendered":"<p>Zencefil kurutma makinesi, sebze ve meyve kurutucusudur. Zencefil, sar\u0131msak, mantar, limon, kivi, ananas vb. kurutmak i\u00e7in yayg\u0131n olarak kullan\u0131l\u0131r.<\/p>","protected":false},"author":1,"featured_media":81,"parent":0,"template":"","tags":[8],"product-type":[6],"class_list":["post-57","product","type-product","status-publish","has-post-thumbnail","hentry","tag-ginger-processing-machine","product-type-products"],"_links":{"self":[{"href":"https:\/\/gingermachines.com\/tr\/wp-json\/wp\/v2\/product\/57","targetHints":{"allow":["GET"]}}],"collection":[{"href":"https:\/\/gingermachines.com\/tr\/wp-json\/wp\/v2\/product"}],"about":[{"href":"https:\/\/gingermachines.com\/tr\/wp-json\/wp\/v2\/types\/product"}],"author":[{"embeddable":true,"href":"https:\/\/gingermachines.com\/tr\/wp-json\/wp\/v2\/users\/1"}],"wp:featuredmedia":[{"embeddable":true,"href":"https:\/\/gingermachines.com\/tr\/wp-json\/wp\/v2\/media\/81"}],"wp:attachment":[{"href":"https:\/\/gingermachines.com\/tr\/wp-json\/wp\/v2\/media?parent=57"}],"wp:term":[{"taxonomy":"post_tag","embeddable":true,"href":"https:\/\/gingermachines.com\/tr\/wp-json\/wp\/v2\/tags?post=57"},{"taxonomy":"product-type","embeddable":true,"href":"https:\/\/gingermachines.com\/tr\/wp-json\/wp\/v2\/product-type?post=57"}],"curies":[{"name":"wp","href":"https:\/\/api.w.org\/{rel}","templated":true}]}}