{"id":54,"date":"2022-09-08T03:31:51","date_gmt":"2022-09-07T19:31:51","guid":{"rendered":"https:\/\/gingermachines.com\/?post_type=product&#038;p=54"},"modified":"2024-06-26T15:01:19","modified_gmt":"2024-06-26T07:01:19","slug":"ginger-powder-processing-line","status":"publish","type":"product","link":"https:\/\/gingermachines.com\/tr\/product\/ginger-powder-processing-line\/","title":{"rendered":"Zencefil Toz \u0130\u015fleme Hatt\u0131"},"content":{"rendered":"<p class=\"translation-block\">Zencefil tozu i\u015fleme hatt\u0131  \u00e7e\u015fitli zencefil makinelerini bir araya getirerek, orijinal zencefili m\u00fckemmel zencefil tozuna d\u00f6n\u00fc\u015ft\u00fcr\u00fcr. Bir zencefil y\u0131kama makinesi, zencefil soyma makinesi, zencefil dilimleme makinesi, zencefil kurutma makinesi, zencefil \u00f6\u011f\u00fct\u00fcc\u00fc ve zencefil tozu paketleme makinesi i\u00e7erir. Zencefil tozu bir\u00e7ok alanda pop\u00fclerdir ve insanlar i\u00e7in b\u00fcy\u00fck sa\u011fl\u0131k faydalar\u0131 sa\u011flar. Bu nedenle, zencefil i\u015fi k\u00fc\u00e7\u00fck yat\u0131r\u0131m ve b\u00fcy\u00fck kazan\u00e7 ile iyi bir se\u00e7imdir.<\/p>    <figure class=\"wp-block-embed is-type-video is-provider-youtube wp-block-embed-youtube wp-embed-aspect-16-9 wp-has-aspect-ratio\"><div class=\"wp-block-embed__wrapper\"> <iframe loading=\"lazy\" title=\"Zencefil Tozu \u00dcretiminin 3D Videosu | Zencefil G\u00fcc\u00fc Yap\u0131m S\u00fcreci\" width=\"500\" height=\"281\" src=\"https:\/\/www.youtube.com\/embed\/xzqc88xIw-4?feature=oembed\" frameborder=\"0\" allow=\"accelerometer; autoplay; clipboard-write; encrypted-media; gyroscope; picture-in-picture; web-share\" referrerpolicy=\"strict-origin-when-cross-origin\" allowfullscreen><\/iframe> <\/div><figcaption class=\"wp-element-caption\">zencefil tozu yapma s\u00fcreci<\/figcaption><\/figure>    <p>TAIZY zencefil makineleri, basit yap\u0131ya, paslanmaz \u00e7elik g\u00f6vde \u00e7er\u00e7evesine ve kaliteli par\u00e7alara sahiptir. Ayr\u0131ca, farkl\u0131 g\u0131da i\u015fleme tesisleri, restoranlar, oteller vb. ihtiya\u00e7lar\u0131n\u0131 kar\u015f\u0131lamak i\u00e7in g\u00fc\u00e7l\u00fc \u00f6zelle\u015ftirme hizmetleri sunuyoruz. Zencefil i\u015fine ba\u015flamak istiyorsan\u0131z, daha faydal\u0131 bilgiler i\u00e7in bizimle ileti\u015fime ge\u00e7in.<\/p>    <figure class=\"wp-block-image size-full\"><img loading=\"lazy\" decoding=\"async\" width=\"1024\" height=\"512\" src=\"https:\/\/gingermachines.com\/wp-content\/uploads\/2022\/09\/automatic-ginger-powder-production-line.jpg\" alt=\"otomatik zencefil tozu \u00fcretim hatt\u0131\" class=\"wp-image-95\" title=\"\" srcset=\"https:\/\/gingermachines.com\/wp-content\/uploads\/2022\/09\/automatic-ginger-powder-production-line.jpg 1024w, https:\/\/gingermachines.com\/wp-content\/uploads\/2022\/09\/automatic-ginger-powder-production-line-300x150.jpg 300w, https:\/\/gingermachines.com\/wp-content\/uploads\/2022\/09\/automatic-ginger-powder-production-line-768x384.jpg 768w\" sizes=\"auto, (max-width: 1024px) 100vw, 1024px\" \/><figcaption class=\"wp-element-caption\">Otomatik Zencefil Tozu \u00dcretim Hatt\u0131<\/figcaption><\/figure>    <h2 class=\"wp-block-heading\">Zencefil tozu \u00fcretim hatt\u0131n\u0131n faydalar\u0131<\/h2>    <ol class=\"wp-block-list\" style=\"list-style-type:1\"> <li>Zencefil tozu i\u015fleme hatt\u0131, tek seferlik zencefil dilimi dozaj\u0131, daha az sermaye, ekipman\u0131n kendisi iyi yal\u0131t\u0131m performans\u0131na ve d\u00fc\u015f\u00fck enerji t\u00fcketimine sahiptir.<\/li>    <li>Kompakt yap\u0131, kullan\u0131m\u0131 kolay, g\u00fcvenilir, s\u00f6k\u00fcp takmas\u0131 kolay. Basit kurulum, sadece r\u00fczgar ve ya\u011fmurdan koruma alt\u0131na al\u0131nmas\u0131 yeterlidir ve kullan\u0131labilir.<\/li>    <li>Temiz, g\u00fc\u00e7l\u00fc, b\u00fcy\u00fck hava hacmi, s\u0131cak hava, h\u0131zl\u0131 kurutma, do\u011fal hava kurutma prensibini taklit eder, zencefil dilimleri\/zencefil tozu do\u011fal renk ve do\u011fal lezzetini korur.<\/li>    <li>T\u00fcm zencefil tozu i\u015fleme makineleri, stabil yap\u0131ya sahip g\u0131da s\u0131n\u0131f\u0131 malzemelerden yap\u0131lm\u0131\u015ft\u0131r.<\/li>    <li>Y\u00fcksek verimlilik. Zencefil dilimlerinin kurutma verimlili\u011fi, \u00e7e\u015fitli \u0131s\u0131 kayna\u011f\u0131 hava enerji \u0131s\u0131 pompa f\u0131r\u0131nlar\u0131 ve pi\u015firme f\u0131r\u0131nlar\u0131ndan birka\u00e7 kat daha y\u00fcksektir. Bu, zencefil dilimlerinin kuruma s\u00fcresini b\u00fcy\u00fck \u00f6l\u00e7\u00fcde k\u0131salt\u0131r ve ekipman sermaye ve i\u015f\u00e7ilik maliyetlerini azalt\u0131r.<\/li>    <li>Zencefil tozu i\u015fleme makinesi, yar\u0131 otomatik ve tam otomatik makineler olmak \u00fczere \u00e7e\u015fitli \u00e7\u0131k\u0131\u015flara sahiptir. Bu zencefil tozu \u00fcretim hatt\u0131n\u0131n temel \u00e7\u0131k\u0131\u015f\u0131 saatte 500kg-1t. Elbette, m\u00fc\u015fterilerin \u00fcretim gereksinimlerine g\u00f6re bu i\u015fleme hatt\u0131n\u0131n \u00e7\u0131k\u0131\u015f\u0131n\u0131 \u00f6zelle\u015ftirebiliriz.<\/li> <\/ol>    <h2 class=\"wp-block-heading\">TAIZY zencefil tozu i\u015fleme hatt\u0131 teknik verileri<\/h2>    <figure class=\"wp-block-table\"><table><tbody><tr><td>Makine Ad\u0131<\/td><td>G\u00fc\u00e7<\/td><td>Gerilim<\/td><td>Boyut<\/td><\/tr><tr><td>Zencefil Y\u0131kama ve Soyma Makinesi<\/td><td>1.5kw<\/td><td>380V50Hz<\/td><td>1580*850*800mm<\/td><\/tr><tr><td>Zencefil Dilimleme Makinesi<\/td><td>1.1kw<\/td><td>380V50Hz<\/td><td>690*560*880mm<\/td><\/tr><tr><td>Zencefil Kurutma Makinesi<\/td><td>12.45kw<\/td><td>380V50Hz<\/td><td>1500*1200*2200mm<\/td><\/tr><tr><td>Zencefil Tozu \u00d6\u011f\u00fctme Makinesi<\/td><td>7.5kw<\/td><td>380V50Hz<\/td><td>700*600*1450mm<\/td><\/tr><tr><td>Zencefil G\u00fc\u00e7 Paketleme Makinesi<\/td><td>1kw<\/td><td>380V50Hz<\/td><td>1000*900*1850mm<\/td><\/tr><\/tbody><\/table><figcaption class=\"wp-element-caption\">zencefil tozu yapma makinesi<\/figcaption><\/figure>    <p>Bunlar, zencefil tozu yap\u0131m ekipman\u0131na dahil olan bireysel makinelerin parametreleridir. Her bir makinenin boyutlar\u0131 hakk\u0131nda net bir fikir edinebilirsiniz. Bu, zencefil i\u015fleme tesisinizin boyutunu belirlemenize kolayl\u0131k sa\u011flar.<\/p>    <h2 class=\"wp-block-heading\">Zencefil Tozu \u00dcretim Hatt\u0131 Ak\u0131\u015f Diyagram\u0131<\/h2>    <p>Zencefil tozu i\u015fleme hatt\u0131, orijinal zencefili m\u00fckemmel zencefil tozuna d\u00f6n\u00fc\u015ft\u00fcrebilen \u00e7e\u015fitli zencefil makinelerini i\u00e7erir. Taizy zencefil tozu \u00fcretim s\u00fcreci \u015funlar\u0131 i\u00e7erir:<\/p>    <p class=\"translation-block\"><strong>Zencefil temizleme y\u0131kama \u2192 zencefil soyma \u2192 zencefil kesme dilimleme \u2192 zencefil dilimleri kurutma \u2192 kurutulmu\u015f zencefil dilimleri \u00f6\u011f\u00fctme \u2192 zencefil tozu paketleme.<\/strong><\/p>    <figure class=\"wp-block-image size-full\"><img loading=\"lazy\" decoding=\"async\" width=\"720\" height=\"540\" src=\"https:\/\/gingermachines.com\/wp-content\/uploads\/2022\/09\/ginger-powder-production-line-flow-chart.jpg\" alt=\"zencefil tozu \u00fcretim hatt\u0131 ak\u0131\u015f diyagram\u0131\" class=\"wp-image-98\" title=\"\" srcset=\"https:\/\/gingermachines.com\/wp-content\/uploads\/2022\/09\/ginger-powder-production-line-flow-chart.jpg 720w, https:\/\/gingermachines.com\/wp-content\/uploads\/2022\/09\/ginger-powder-production-line-flow-chart-300x225.jpg 300w\" sizes=\"auto, (max-width: 720px) 100vw, 720px\" \/><figcaption class=\"wp-element-caption\">Zencefil Tozu \u00dcretim Hatt\u0131 Ak\u0131\u015f Diyagram\u0131<\/figcaption><\/figure>    <h2 class=\"wp-block-heading\">Zencefil tozu \u00fcretim hatt\u0131n\u0131n makine detaylar\u0131<\/h2>    <p>Zencefil tozu \u00fcretim hatt\u0131, birka\u00e7 makineden olu\u015fan entegre bir tesistir. Peki, zencefil tozu \u00fcretim hatt\u0131nda hangi makineler kullan\u0131l\u0131r? Detaylar a\u015fa\u011f\u0131daki gibidir:<\/p>    <div class=\"wp-block-columns has-black-color has-white-background-color has-text-color has-background is-layout-flex wp-container-core-columns-is-layout-9d6595d7 wp-block-columns-is-layout-flex\"> <div class=\"wp-block-column is-vertically-aligned-center is-layout-flow wp-block-column-is-layout-flow\"> <p class=\"translation-block\"><strong><a href=\"https:\/\/gingermachines.com\/tr\/product\/ginger-washing-machine\/\">Zencefil y\u0131kama ve soyma makinesi<\/a>:<\/strong> Ticari zencefil temizleme ve soyma makinesi, f\u0131r\u00e7a tipi y\u0131kama makinesi t\u00fcr\u00fcd\u00fcr. Makine, esasen f\u0131r\u00e7a ile zencefil aras\u0131ndaki s\u00fcrt\u00fcnme yoluyla y\u0131kama ve soyma i\u015flevini ger\u00e7ekle\u015ftirir. Soyma s\u0131ras\u0131nda, makineye su p\u00fcsk\u00fcrtmek i\u00e7in bir su borusu da ba\u011flanm\u0131\u015ft\u0131r. Bu nedenle, soyma sonras\u0131, zencefil kabu\u011fu y\u00fcksek bas\u0131n\u00e7l\u0131 su p\u00fcsk\u00fcrtme ile temizlenebilir.<\/p> <\/div>    <div class=\"wp-block-column is-layout-flow wp-block-column-is-layout-flow\"> <figure class=\"wp-block-image size-full\"><img loading=\"lazy\" decoding=\"async\" width=\"720\" height=\"540\" src=\"https:\/\/gingermachines.com\/wp-content\/uploads\/2022\/09\/ginger-washing-machine.jpg\" alt=\"Zencefil Y\u0131kama Makinesi\" class=\"wp-image-70\" title=\"\" srcset=\"https:\/\/gingermachines.com\/wp-content\/uploads\/2022\/09\/ginger-washing-machine.jpg 720w, https:\/\/gingermachines.com\/wp-content\/uploads\/2022\/09\/ginger-washing-machine-300x225.jpg 300w\" sizes=\"auto, (max-width: 720px) 100vw, 720px\" \/><figcaption class=\"wp-element-caption\">Zencefil Y\u0131kama Makinesi<\/figcaption><\/figure> <\/div> <\/div>    <div class=\"wp-block-columns has-white-background-color has-background is-layout-flex wp-container-core-columns-is-layout-9d6595d7 wp-block-columns-is-layout-flex\"> <div class=\"wp-block-column is-layout-flow wp-block-column-is-layout-flow\"> <figure class=\"wp-block-image size-full\"><img loading=\"lazy\" decoding=\"async\" width=\"720\" height=\"540\" src=\"https:\/\/gingermachines.com\/wp-content\/uploads\/2022\/09\/ginger-slicing-machine.jpg\" alt=\"zencefil dilimleme makinesi\" class=\"wp-image-64\" title=\"\" srcset=\"https:\/\/gingermachines.com\/wp-content\/uploads\/2022\/09\/ginger-slicing-machine.jpg 720w, https:\/\/gingermachines.com\/wp-content\/uploads\/2022\/09\/ginger-slicing-machine-300x225.jpg 300w\" sizes=\"auto, (max-width: 720px) 100vw, 720px\" \/><figcaption class=\"wp-element-caption\">Zencefil Dilimleme Makinesi<\/figcaption><\/figure> <\/div>    <div class=\"wp-block-column is-vertically-aligned-center is-layout-flow wp-block-column-is-layout-flow\"> <p class=\"translation-block\"><strong><a href=\"https:\/\/gingermachines.com\/tr\/product\/ginger-slicing-machine\/\">Zencefil dilimleme makinesi:<\/a><\/strong> Y\u0131kanm\u0131\u015f ve soyulmu\u015f zencefil, profesyonel bir zencefil dilimleyici ile h\u0131zla dilimlenir. Dilimlerin kal\u0131nl\u0131\u011f\u0131 yakla\u015f\u0131k 3mm olup, ideal kurutma etkisi sa\u011flan\u0131r. Dilimleme sonras\u0131, zencefil dilimlerinin y\u00fczeyindeki fazla suyu h\u0131zla uzakla\u015ft\u0131rmak i\u00e7in hava kurutma gereklidir.<\/p> <\/div> <\/div>    <div class=\"wp-block-columns has-white-background-color has-background is-layout-flex wp-container-core-columns-is-layout-9d6595d7 wp-block-columns-is-layout-flex\"> <div class=\"wp-block-column is-vertically-aligned-center is-layout-flow wp-block-column-is-layout-flow\"> <p class=\"translation-block\"><strong><a href=\"https:\/\/gingermachines.com\/tr\/product\/ginger-drying-machine\/\">Zencefil Kurutma Makinesi<\/a>:<\/strong> Kurutucu, esasen zencefil dilimlerinin kurutulmas\u0131na uygundur. Zencefil dilimleri kurutucu sadece zencefil tozu \u00fcretim hatt\u0131 i\u00e7in de\u011fil, ayn\u0131 zamanda meyve, sebze, t\u0131bbi bitki ve di\u011fer \u00fcr\u00fcnlerin kurutulmas\u0131nda da yayg\u0131n olarak kullan\u0131l\u0131r. Ve makine \u00e7ok ak\u0131ll\u0131d\u0131r, t\u00fcm kurutma s\u00fcrecini kontrol etmek i\u00e7in ak\u0131ll\u0131 bir kontrol paneli kullan\u0131r. Zencefil dilimleri kurutucu, elektrik ve buhar gibi \u00e7e\u015fitli \u0131s\u0131tma y\u00f6ntemlerini benimseyebilir. Ve \u00e7e\u015fitli modeller mevcuttur, farkl\u0131 \u00f6zelliklere sahip m\u00fc\u015fterilerin ihtiya\u00e7lar\u0131n\u0131 kar\u015f\u0131layabilir.<\/p> <\/div>    <div class=\"wp-block-column is-layout-flow wp-block-column-is-layout-flow\"> <figure class=\"wp-block-image size-full\"><img loading=\"lazy\" decoding=\"async\" width=\"720\" height=\"540\" src=\"https:\/\/gingermachines.com\/wp-content\/uploads\/2022\/09\/ginger-slice-drying-machine.jpg\" alt=\"zencefil dilim kurutma makinesi\" class=\"wp-image-81\" title=\"\" srcset=\"https:\/\/gingermachines.com\/wp-content\/uploads\/2022\/09\/ginger-slice-drying-machine.jpg 720w, https:\/\/gingermachines.com\/wp-content\/uploads\/2022\/09\/ginger-slice-drying-machine-300x225.jpg 300w\" sizes=\"auto, (max-width: 720px) 100vw, 720px\" \/><figcaption class=\"wp-element-caption\">Zencefil Dilim Kurutma Makinesi<\/figcaption><\/figure> <\/div> <\/div>    <div class=\"wp-block-columns has-white-background-color has-background is-layout-flex wp-container-core-columns-is-layout-9d6595d7 wp-block-columns-is-layout-flex\"> <div class=\"wp-block-column is-layout-flow wp-block-column-is-layout-flow\"> <figure class=\"wp-block-image size-full\"><img loading=\"lazy\" decoding=\"async\" width=\"720\" height=\"540\" src=\"https:\/\/gingermachines.com\/wp-content\/uploads\/2022\/09\/ginger-grinding-machine.jpg\" alt=\"zencefil \u00f6\u011f\u00fctme makinesi\" class=\"wp-image-78\" title=\"\" srcset=\"https:\/\/gingermachines.com\/wp-content\/uploads\/2022\/09\/ginger-grinding-machine.jpg 720w, https:\/\/gingermachines.com\/wp-content\/uploads\/2022\/09\/ginger-grinding-machine-300x225.jpg 300w\" sizes=\"auto, (max-width: 720px) 100vw, 720px\" \/><figcaption class=\"wp-element-caption\">Zencefil \u00d6\u011f\u00fct\u00fcc\u00fc Makinesi<\/figcaption><\/figure> <\/div>    <div class=\"wp-block-column is-vertically-aligned-center is-layout-flow wp-block-column-is-layout-flow\"> <p class=\"translation-block\"><strong><a href=\"https:\/\/gingermachines.com\/tr\/product\/ginger-grinding-machine\/\">Zencefil \u00f6\u011f\u00fctme makinesi<\/a>:<\/strong> Kurutulmu\u015f zencefil dilimleri, ta\u015f\u0131ma cihaz\u0131 arac\u0131l\u0131\u011f\u0131yla k\u0131rma odas\u0131na girer ve \u00f6\u011f\u00fct\u00fcl\u00fcr. Farkl\u0131 incelikte zencefil tozu isteniyorsa, m\u00fc\u015fteri gereksinimlerine g\u00f6re farkl\u0131 elekler kullan\u0131labilir.<\/p> <\/div> <\/div>    <div class=\"wp-block-columns has-white-background-color has-background is-layout-flex wp-container-core-columns-is-layout-9d6595d7 wp-block-columns-is-layout-flex\"> <div class=\"wp-block-column is-vertically-aligned-center is-layout-flow wp-block-column-is-layout-flow\"> <p class=\"translation-block\"><strong><a href=\"https:\/\/tianhuipackingmachine.com\/powder-packing-machine\/\" target=\"_blank\" rel=\"noopener\">Zencefil tozu paketleme makinesi<\/a>:<\/strong> Zencefil tozu \u00f6\u011f\u00fct\u00fcld\u00fckten sonra, m\u00fc\u015fterilerin ihtiya\u00e7lar\u0131na g\u00f6re farkl\u0131 zencefil tozu paketleme makineleri, zencefil tozu paketleme \u015fekline uygun olarak \u00e7e\u015fitli ihtiya\u00e7lar\u0131 kar\u015f\u0131lamak \u00fczere yap\u0131land\u0131r\u0131l\u0131r. &nbsp;<\/p> <\/div>    <div class=\"wp-block-column is-layout-flow wp-block-column-is-layout-flow\"> <figure class=\"wp-block-image size-full\"><img loading=\"lazy\" decoding=\"async\" width=\"720\" height=\"540\" src=\"https:\/\/gingermachines.com\/wp-content\/uploads\/2022\/09\/small-automatic-powder-packing-machine.jpg\" alt=\"k\u00fc\u00e7\u00fck otomatik toz paketleme makinesi\" class=\"wp-image-118\" title=\"\" srcset=\"https:\/\/gingermachines.com\/wp-content\/uploads\/2022\/09\/small-automatic-powder-packing-machine.jpg 720w, https:\/\/gingermachines.com\/wp-content\/uploads\/2022\/09\/small-automatic-powder-packing-machine-300x225.jpg 300w\" sizes=\"auto, (max-width: 720px) 100vw, 720px\" \/><figcaption class=\"wp-element-caption\">K\u00fc\u00e7\u00fck Otomatik Toz Paketleme Makinesi<\/figcaption><\/figure> <\/div> <\/div>    <h2 class=\"wp-block-heading\">Bize ula\u015f\u0131n<\/h2>    <p>Profesyonel bir zencefil tozu \u00fcretim hatt\u0131 \u00fcreticisi olarak, makineyi ihtiya\u00e7lar\u0131n\u0131za g\u00f6re \u00f6zelle\u015ftirebiliriz. Yar\u0131 otomatik veya tam otomatik \u00fcretim hatt\u0131 olsun, hepsini sa\u011flayabiliriz. Ne bekliyorsunuz, hemen bizimle ileti\u015fime ge\u00e7in.<\/p>","protected":false},"excerpt":{"rendered":"<p>Zencefil toz i\u015fleme hatt\u0131, orijinal zencefili m\u00fckemmel zencefil tozuna d\u00f6n\u00fc\u015ft\u00fcren \u00e7e\u015fitli zencefil makinelerini bir araya getirir. En iyi fiyatlar i\u00e7in bizimle ileti\u015fime ge\u00e7in. <\/p>","protected":false},"author":1,"featured_media":97,"parent":0,"template":"","tags":[8],"product-type":[7],"class_list":["post-54","product","type-product","status-publish","has-post-thumbnail","hentry","tag-ginger-processing-machine","product-type-ginger-processing-line"],"_links":{"self":[{"href":"https:\/\/gingermachines.com\/tr\/wp-json\/wp\/v2\/product\/54","targetHints":{"allow":["GET"]}}],"collection":[{"href":"https:\/\/gingermachines.com\/tr\/wp-json\/wp\/v2\/product"}],"about":[{"href":"https:\/\/gingermachines.com\/tr\/wp-json\/wp\/v2\/types\/product"}],"author":[{"embeddable":true,"href":"https:\/\/gingermachines.com\/tr\/wp-json\/wp\/v2\/users\/1"}],"wp:featuredmedia":[{"embeddable":true,"href":"https:\/\/gingermachines.com\/tr\/wp-json\/wp\/v2\/media\/97"}],"wp:attachment":[{"href":"https:\/\/gingermachines.com\/tr\/wp-json\/wp\/v2\/media?parent=54"}],"wp:term":[{"taxonomy":"post_tag","embeddable":true,"href":"https:\/\/gingermachines.com\/tr\/wp-json\/wp\/v2\/tags?post=54"},{"taxonomy":"product-type","embeddable":true,"href":"https:\/\/gingermachines.com\/tr\/wp-json\/wp\/v2\/product-type?post=54"}],"curies":[{"name":"wp","href":"https:\/\/api.w.org\/{rel}","templated":true}]}}