{"id":466,"date":"2026-04-28T13:38:00","date_gmt":"2026-04-28T05:38:00","guid":{"rendered":"https:\/\/gingermachines.com\/?post_type=product&#038;p=466"},"modified":"2026-04-28T13:38:00","modified_gmt":"2026-04-28T05:38:00","slug":"garlic-root-and-stem-cutting-machine","status":"publish","type":"product","link":"https:\/\/gingermachines.com\/tr\/product\/garlic-root-and-stem-cutting-machine\/","title":{"rendered":"Sar\u0131msak K\u00f6k\u00fc ve Sap Kesme Makinesi"},"content":{"rendered":"<p class=\"translation-block\">Taizy <strong>sar\u0131msak k\u00f6k ve sap kesme makinesi<\/strong> taze sar\u0131msa\u011f\u0131n budanmas\u0131 i\u00e7in \u00f6zel olarak tasarlanm\u0131\u015ft\u0131r; sar\u0131msa\u011f\u0131n k\u00f6k b\u0131y\u0131klar\u0131 ve boynunu h\u0131zla ve hassas bir \u015fekilde kesebilir, topaklar\u0131n b\u00fct\u00fcn kalmas\u0131n\u0131 ve d\u00fczenli, tek tip g\u00f6r\u00fcn\u00fcm\u00fcn\u00fc sa\u011flar.<\/p>    <p>Y\u00fcksek h\u0131zl\u0131 d\u00f6ner kesici tertibat\u0131 ile manuel besleme mekanizmas\u0131 birle\u015ftirilmi\u015f olarak, makine saatte 8.000 ila 10.000 sar\u0131msak so\u011fukluk kapasitesine sahiptir. Y\u00fcksek operasyonel verimlilik ile i\u015fleme hassasiyeti aras\u0131nda dengeli bir yap\u0131 sunar. Bu sar\u0131msak k\u00f6k ve sap kesme makinesi k\u00fc\u00e7\u00fck ila orta \u00f6l\u00e7ekli sar\u0131msak i\u015fleme operasyonlar\u0131nda idealdir.<\/p>    <h2 class=\"wp-block-heading\"><strong>Neden bu sar\u0131msak k\u00f6k ve sap kesici se\u00e7iliyor?<\/strong><\/h2>    <ul class=\"wp-block-list\"> <li><strong>Y\u00fcksek verimlilik<\/strong>: Bu sar\u0131msak sap\u0131 kesme makinesi, istikrarl\u0131 mekanik kesi\u015fle i\u015flem h\u0131z\u0131n\u0131 \u00f6nemli \u00f6l\u00e7\u00fcde art\u0131r\u0131r. S\u00fcrekli \u00e7al\u0131\u015fmada toplam i\u015flem \u00e7evrimini \u00f6nemli \u00f6l\u00e7\u00fcde k\u0131saltabilir.<\/li>    <li><strong>Hassas kesim<\/strong>: D\u00f6nen kesici disk, sabit b\u0131\u00e7akla birlikte \u00e7al\u0131\u015f\u0131r ve temiz, net kesimler sa\u011flar; istenen sap uzunlu\u011funu esnek bir \u015fekilde kontrol etmeyi m\u00fcmk\u00fcn k\u0131lar.<\/li>    <li><strong>Enerji verimlili\u011fi<\/strong>: Sar\u0131msak k\u00f6k kesme makinesi \u00e7al\u0131\u015fmak i\u00e7in yaln\u0131zca 160w g\u00fcce ihtiya\u00e7 duyar; daha b\u00fcy\u00fck makinelerle kar\u015f\u0131la\u015ft\u0131r\u0131ld\u0131\u011f\u0131nda \u00e7ok daha az elektrik t\u00fcketir, uzun vadede \u00fcretim maliyetlerini etkili bir \u015fekilde d\u00fc\u015f\u00fcr\u00fcr.<\/li>    <li><strong>Kompakt yap\u0131<\/strong>: Taizy sar\u0131msak k\u00f6k ve sap kesme makinesinin kompakt bir ayak izi vard\u0131r ve ta\u015f\u0131nmas\u0131 kolayd\u0131r. Sadece at\u00f6lye ortam\u0131nda de\u011fil, sahaya do\u011frudan sahada i\u015flem i\u00e7in de kolayca ta\u015f\u0131nabilir.<\/li>    <li><strong>Uzun kullan\u0131m \u00f6mr\u00fc<\/strong>: Sar\u0131msak sap\u0131 kesici makinesinin g\u00f6vdesi SUS304 paslanmaz \u00e7elikten \u00fcretilmi\u015ftir, m\u00fckemmel korozyon direnci ve temizlemenin kolayl\u0131\u011f\u0131 sa\u011flar. Ayr\u0131ca g\u00fcvenlik korumalar\u0131 bulunmaktad\u0131r.<\/li> <\/ul>    <figure class=\"wp-block-gallery has-nested-images columns-default is-cropped wp-block-gallery-2 is-layout-flex wp-block-gallery-is-layout-flex\"> <figure class=\"wp-block-image size-large\"><img loading=\"lazy\" decoding=\"async\" width=\"720\" height=\"540\" data-id=\"469\" src=\"https:\/\/gingermachines.com\/wp-content\/uploads\/2026\/04\/garlic-root-and-stem-cutting-machine.webp\" alt=\"Sar\u0131msak k\u00f6k kesme makinesi\" class=\"wp-image-469\" title=\"\" srcset=\"https:\/\/gingermachines.com\/wp-content\/uploads\/2026\/04\/garlic-root-and-stem-cutting-machine.webp 720w, https:\/\/gingermachines.com\/wp-content\/uploads\/2026\/04\/garlic-root-and-stem-cutting-machine-300x225.webp 300w, https:\/\/gingermachines.com\/wp-content\/uploads\/2026\/04\/garlic-root-and-stem-cutting-machine-16x12.webp 16w\" sizes=\"auto, (max-width: 720px) 100vw, 720px\" \/><figcaption class=\"wp-element-caption\">Sar\u0131msak K\u00f6k ve Sap Kesme Makinesi<\/figcaption><\/figure>    <figure class=\"wp-block-image size-large\"><img loading=\"lazy\" decoding=\"async\" width=\"720\" height=\"540\" data-id=\"470\" src=\"https:\/\/gingermachines.com\/wp-content\/uploads\/2026\/04\/garlic-root-cutting-equipment.webp\" alt=\"Sar\u0131msak sap\u0131 kesici makine\" class=\"wp-image-470\" title=\"\" srcset=\"https:\/\/gingermachines.com\/wp-content\/uploads\/2026\/04\/garlic-root-cutting-equipment.webp 720w, https:\/\/gingermachines.com\/wp-content\/uploads\/2026\/04\/garlic-root-cutting-equipment-300x225.webp 300w, https:\/\/gingermachines.com\/wp-content\/uploads\/2026\/04\/garlic-root-cutting-equipment-16x12.webp 16w\" sizes=\"auto, (max-width: 720px) 100vw, 720px\" \/><figcaption class=\"wp-element-caption\">Sar\u0131msak K\u00f6k Kesme Ekipman\u0131<\/figcaption><\/figure> <\/figure>    <h2 class=\"wp-block-heading\"><strong>Sar\u0131msak k\u00f6k ve sap kesici i\u00e7in yap\u0131sal bile\u015fenler<\/strong><\/h2>    <ul class=\"wp-block-list\"> <li>\u00c7er\u00e7eve ve muhafaza: T\u00fcm \u00fcnitesi destekler; korozyona dayan\u0131kl\u0131 ve dayan\u0131kl\u0131.<\/li>    <li>Besleme sistemi: Manuel besleme; esnek \u00e7al\u0131\u015fma.<\/li>    <li>Kesme mekanizmas\u0131: \u00c7ekirdek kesici disk sistemi; hassas kesi\u015f sa\u011flar.<\/li>    <li>Bo\u015falt\u0131m sistemi: At\u0131k malzemeden sar\u0131msak ba\u015flar\u0131n\u0131 otomatik olarak ay\u0131r\u0131r.<\/li>    <li>G\u00fc\u00e7 sistemi: Stabil g\u00fc\u00e7 sa\u011flayan 0.5kW motor.<\/li>    <li>Kontrol ve G\u00fcvenlik Sistemi: Basit anahtar kontrolleri; g\u00fcvenli ve g\u00fcvenilir.<\/li> <\/ul>   <div class=\"wp-block-image\"> <figure class=\"aligncenter size-full\"><img loading=\"lazy\" decoding=\"async\" width=\"720\" height=\"540\" src=\"https:\/\/gingermachines.com\/wp-content\/uploads\/2026\/04\/garlic-stem-cutting-machine.webp\" alt=\"sar\u0131msak sap\u0131 kesici makine\" class=\"wp-image-471\" title=\"\" srcset=\"https:\/\/gingermachines.com\/wp-content\/uploads\/2026\/04\/garlic-stem-cutting-machine.webp 720w, https:\/\/gingermachines.com\/wp-content\/uploads\/2026\/04\/garlic-stem-cutting-machine-300x225.webp 300w, https:\/\/gingermachines.com\/wp-content\/uploads\/2026\/04\/garlic-stem-cutting-machine-16x12.webp 16w\" sizes=\"auto, (max-width: 720px) 100vw, 720px\" \/><figcaption class=\"wp-element-caption\">sar\u0131msak sap\u0131 kesici makine<\/figcaption><\/figure> <\/div>   <h2 class=\"wp-block-heading\"><strong>Sar\u0131msak k\u00f6k ve sap kesme makinesi nas\u0131l \u00e7al\u0131\u015f\u0131r?<\/strong><\/h2>    <p>Bu sar\u0131msak sap\u0131 kesicinin \u00e7al\u0131\u015fma prensibi basittir:<\/p>    <p>Bireysel sar\u0131msak ba\u015fl\u0131klar\u0131 U-\u015fekilli besleme haznesine tek tek beslenir. Kesme b\u00f6lgesine iletildik\u00e7e, y\u00fcksek h\u0131zl\u0131 d\u00f6nen b\u0131\u00e7ak diski k\u00f6kleri saplardan an\u0131nda ay\u0131r\u0131r.<\/p>    <p>\u0130\u015flenen sar\u0131msak ba\u015flar\u0131 ve at\u0131k malzeme otomatik olarak ayr\u0131l\u0131r ve bo\u015falt\u0131l\u0131r, b\u00f6ylece s\u00fcrekli ve verimli \u00e7al\u0131\u015fmaya olanak tan\u0131r. Operat\u00f6rler istenen kalan sap uzunlu\u011funu esnek \u015fekilde kontrol edebilirler.<\/p>    <figure class=\"wp-block-gallery has-nested-images columns-default is-cropped wp-block-gallery-3 is-layout-flex wp-block-gallery-is-layout-flex\"> <figure class=\"wp-block-image size-large\"><img loading=\"lazy\" decoding=\"async\" width=\"720\" height=\"540\" data-id=\"473\" src=\"https:\/\/gingermachines.com\/wp-content\/uploads\/2026\/04\/garlic-before-processing.webp\" alt=\"Sar\u0131msak sap\u0131 kesici makine paketi\" class=\"wp-image-473\" title=\"\" srcset=\"https:\/\/gingermachines.com\/wp-content\/uploads\/2026\/04\/garlic-before-processing.webp 720w, https:\/\/gingermachines.com\/wp-content\/uploads\/2026\/04\/garlic-before-processing-300x225.webp 300w, https:\/\/gingermachines.com\/wp-content\/uploads\/2026\/04\/garlic-before-processing-16x12.webp 16w\" sizes=\"auto, (max-width: 720px) 100vw, 720px\" \/><figcaption class=\"wp-element-caption\">Sar\u0131msak \u00d6nce \u0130\u015fleme<\/figcaption><\/figure>    <figure class=\"wp-block-image size-large\"><img loading=\"lazy\" decoding=\"async\" width=\"720\" height=\"540\" data-id=\"472\" src=\"https:\/\/gingermachines.com\/wp-content\/uploads\/2026\/04\/processed-garlic.webp\" alt=\"processed garlic\" class=\"wp-image-472\" title=\"\" srcset=\"https:\/\/gingermachines.com\/wp-content\/uploads\/2026\/04\/processed-garlic.webp 720w, https:\/\/gingermachines.com\/wp-content\/uploads\/2026\/04\/processed-garlic-300x225.webp 300w, https:\/\/gingermachines.com\/wp-content\/uploads\/2026\/04\/processed-garlic-16x12.webp 16w\" sizes=\"auto, (max-width: 720px) 100vw, 720px\" \/><figcaption class=\"wp-element-caption\">\u0130\u015flenmi\u015f Sar\u0131msak<\/figcaption><\/figure> <\/figure>    <h2 class=\"wp-block-heading\"><strong>Sar\u0131msak k\u00f6k sap kesici i\u00e7in ayr\u0131nt\u0131l\u0131 teknik \u00f6zellikler<\/strong><\/h2>    <p>Sar\u0131msak k\u00f6k ve sap kesici makinenin teknik \u00f6zelliklerini h\u0131zl\u0131ca anlaman\u0131z i\u00e7in anahtar teknik ayr\u0131nt\u0131lar a\u015fa\u011f\u0131da listelenmi\u015ftir.<\/p>    <figure class=\"wp-block-table\"><table class=\"has-fixed-layout\"><thead><tr><th>\u00d6\u011fe<\/th><th>\u00d6zellikler<\/th><\/tr><\/thead><tbody><tr><td>Model<\/td><td>RYL-1000<\/td><\/tr><tr><td>\u00dcr\u00fcn ad\u0131<\/td><td>Sar\u0131msak k\u00f6k ve sap kesici makinesi<\/td><\/tr><tr><td>Kapasite<\/td><td>8000\u201310000 pcs\/saat<\/td><\/tr><tr><td>Gerilim<\/td><td>48V \/ 220V<\/td><\/tr><tr><td>G\u00fc\u00e7<\/td><td>160W<\/td><\/tr><tr><td>D\u00f6n\u00fc\u015f h\u0131z\u0131<\/td><td>200 r\/min<\/td><\/tr><tr><td>Makine boyutu<\/td><td>41 \u00d7 67.5 \u00d7 41   39cm (ayakl\u0131)<\/td><\/tr><tr><td>Ambalaj boyutu<\/td><td>75 \u00d7 47 \u00d7 60cm<\/td><\/tr><\/tbody><\/table><figcaption class=\"wp-element-caption\">sar\u0131msak k\u00f6k kesici makinesinin parametreleri<\/figcaption><\/figure>    <h2 class=\"wp-block-heading\"><strong>Sar\u0131msak k\u00f6k kesici i\u00e7in \u00d6zelle\u015ftirme ve servis deste\u011fi<\/strong><\/h2>    <p>Esnek \u00f6zelle\u015ftirme \u00e7\u00f6z\u00fcmleri sunuyoruz, dahil olmak \u00fczere:<\/p>    <ul class=\"wp-block-list\"> <li>Gerilim ve motor konfig\u00fcrasyonlar\u0131 (48V\/220V)<\/li>    <li>D\u0131\u015f renk ve yap\u0131 optimizasyonu<\/li>    <li>Toplu sipari\u015fler i\u00e7in \u00f6zel \u00e7\u00f6z\u00fcmler<\/li>    <li>\u0130hracat ambalaj\u0131 ve lojistik deste\u011fi<\/li> <\/ul>   <div class=\"wp-block-image\"> <figure class=\"aligncenter size-full\"><img loading=\"lazy\" decoding=\"async\" width=\"720\" height=\"540\" src=\"https:\/\/gingermachines.com\/wp-content\/uploads\/2026\/04\/garlic-root-cutting-machine.webp\" alt=\"sar\u0131msak k\u00f6k kesme makinesi\" class=\"wp-image-474\" title=\"\" srcset=\"https:\/\/gingermachines.com\/wp-content\/uploads\/2026\/04\/garlic-root-cutting-machine.webp 720w, https:\/\/gingermachines.com\/wp-content\/uploads\/2026\/04\/garlic-root-cutting-machine-300x225.webp 300w, https:\/\/gingermachines.com\/wp-content\/uploads\/2026\/04\/garlic-root-cutting-machine-16x12.webp 16w\" sizes=\"auto, (max-width: 720px) 100vw, 720px\" \/><figcaption class=\"wp-element-caption\">sar\u0131msak k\u00f6k kesme makinesi<\/figcaption><\/figure> <\/div>   <h2 class=\"wp-block-heading\"><strong>Ba\u015far\u0131 Hik\u00e2yesi: Nijerya \u00e7ift\u00e7isinden geri bildirim<\/strong><\/h2>    <p>Daha \u00f6nce Nijerya\u2019da b\u00fcy\u00fck bir sar\u0131msak yeti\u015ftirme tesisine RYL-1000 sar\u0131msak k\u00f6k ve sap kesme makinesini ihra\u00e7 ettik. M\u00fc\u015fteri sahalar\u0131nda istikrarl\u0131 g\u00fc\u00e7 kayna\u011f\u0131 eksikli\u011fiyle ilgili bir zorlukla kar\u015f\u0131la\u015ft\u0131; bizim 48V pil g\u00fcc\u00fcyle \u00e7al\u0131\u015fan s\u00fcr\u00fcm\u00fcm\u00fcz bu sorunu etkili bir \u015fekilde \u00e7\u00f6zd\u00fc:<\/p>    <ul class=\"wp-block-list\"> <li>\u00dcr\u00fcn\u00fc fabrikaya ta\u015f\u0131ma ihtiyac\u0131n\u0131 ortadan kald\u0131rarak sahada do\u011frudan i\u015flem yap\u0131lmas\u0131n\u0131 sa\u011flad\u0131.<\/li>    <li>G\u00fcnl\u00fck i\u015fleme kapasitesi \u00f6nceki seviyesinden 2\u20133 kat artt\u0131.<\/li>    <li>\u0130\u015f\u00e7ilik maliyetleri \u00f6nemli \u00f6l\u00e7\u00fcde azalt\u0131ld\u0131.<\/li>    <li>Sar\u0131msak ba\u015flar\u0131n\u0131n birimlikli\u011fi iyile\u015ftirildi, daha y\u00fcksek piyasa sat\u0131\u015f fiyatlar\u0131 elde edildi.<\/li> <\/ul>    <p>M\u00fc\u015fteri, sar\u0131msak k\u00f6k ve sap kesici makinesinin istikrarl\u0131, dayan\u0131kl\u0131 ve y\u00fcksek verimli oldu\u011funu bildirdi. K\u0131sacas\u0131, m\u00fc\u015fteri hem ekipman\u0131m\u0131zdan hem de hizmetlerimizden son derece memnun kald\u0131.<\/p>    <figure class=\"wp-block-gallery has-nested-images columns-default is-cropped wp-block-gallery-4 is-layout-flex wp-block-gallery-is-layout-flex\"> <figure class=\"wp-block-image size-large\"><img loading=\"lazy\" decoding=\"async\" width=\"720\" height=\"540\" data-id=\"475\" src=\"https:\/\/gingermachines.com\/wp-content\/uploads\/2026\/04\/garlic-stem-cutter-machine.webp\" alt=\"Sar\u0131msak k\u00f6k ve sap kesme makinesi, saatte 8.000\u201310.000 sar\u0131msa\u011f\u0131 k\u00f6klerinden ay\u0131r\u0131r. Kompakt bir yap\u0131ya sahiptir ve kullan\u0131m\u0131 kolayd\u0131r.\" class=\"wp-image-475\" title=\"\" srcset=\"https:\/\/gingermachines.com\/wp-content\/uploads\/2026\/04\/garlic-stem-cutter-machine.webp 720w, https:\/\/gingermachines.com\/wp-content\/uploads\/2026\/04\/garlic-stem-cutter-machine-300x225.webp 300w, https:\/\/gingermachines.com\/wp-content\/uploads\/2026\/04\/garlic-stem-cutter-machine-16x12.webp 16w\" sizes=\"auto, (max-width: 720px) 100vw, 720px\" \/><figcaption class=\"wp-element-caption\">Sar\u0131msak sap\u0131 Kesici Makine<\/figcaption><\/figure>    <figure class=\"wp-block-image size-large\"><img loading=\"lazy\" decoding=\"async\" width=\"720\" height=\"540\" data-id=\"476\" src=\"https:\/\/gingermachines.com\/wp-content\/uploads\/2026\/04\/garlic-stem-cutter-machine-package.webp\" alt=\"8000-10000sar\u0131msak\/h sar\u0131msak k\u00f6k ve sap kesme makinesi\" class=\"wp-image-476\" title=\"\" srcset=\"https:\/\/gingermachines.com\/wp-content\/uploads\/2026\/04\/garlic-stem-cutter-machine-package.webp 720w, https:\/\/gingermachines.com\/wp-content\/uploads\/2026\/04\/garlic-stem-cutter-machine-package-300x225.webp 300w, https:\/\/gingermachines.com\/wp-content\/uploads\/2026\/04\/garlic-stem-cutter-machine-package-16x12.webp 16w\" sizes=\"auto, (max-width: 720px) 100vw, 720px\" \/><figcaption class=\"wp-element-caption\">Sar\u0131msak Sap\u0131 Kesici Makine Paketi<\/figcaption><\/figure> <\/figure>    <h2 class=\"wp-block-heading\"><strong>\u00dccretsiz teklif i\u00e7in bizimle ileti\u015fime ge\u00e7in!<\/strong><\/h2>    <p class=\"translation-block\">Sar\u0131msak k\u00f6k ve sap kesme makinelerinin yan\u0131 s\u0131ra di\u011fer k\u00f6k ve yumru bitkiler i\u00e7in i\u015fleme ekipmanlar\u0131 da sunuyoruz\u2014\u00f6rne\u011fin <a href=\"https:\/\/gingermachines.com\/tr\/product\/onion-root-cutting-machine\/\">so\u011fan k\u00f6k kesme makinesi<\/a> ve <a href=\"https:\/\/gingermachines.com\/tr\/product\/automatic-onion-peeling-machine\/\">so\u011fan soyma makinesi<\/a>.<\/p>    <p>Bu t\u00fcr ekipman\u0131 ar\u0131yorsan\u0131z l\u00fctfen daha fazla ayr\u0131nt\u0131 i\u00e7in bizimle ileti\u015fime ge\u00e7in!<\/p>","protected":false},"excerpt":{"rendered":"<p>The RYL-1000 garlic root and stem cutting machine is a highly efficient device designed for removing the roots and stems of garlic bulbs, capable of processing 8,000 to 10,000 bulbs per hour. It supports dual-voltage operation (48V and 220V), combining energy efficiency with high production capacity.<\/p>","protected":false},"author":1,"featured_media":468,"parent":0,"template":"","tags":[13],"product-type":[6],"class_list":["post-466","product","type-product","status-publish","has-post-thumbnail","hentry","tag-garlic","product-type-products"],"_links":{"self":[{"href":"https:\/\/gingermachines.com\/tr\/wp-json\/wp\/v2\/product\/466","targetHints":{"allow":["GET"]}}],"collection":[{"href":"https:\/\/gingermachines.com\/tr\/wp-json\/wp\/v2\/product"}],"about":[{"href":"https:\/\/gingermachines.com\/tr\/wp-json\/wp\/v2\/types\/product"}],"author":[{"embeddable":true,"href":"https:\/\/gingermachines.com\/tr\/wp-json\/wp\/v2\/users\/1"}],"wp:featuredmedia":[{"embeddable":true,"href":"https:\/\/gingermachines.com\/tr\/wp-json\/wp\/v2\/media\/468"}],"wp:attachment":[{"href":"https:\/\/gingermachines.com\/tr\/wp-json\/wp\/v2\/media?parent=466"}],"wp:term":[{"taxonomy":"post_tag","embeddable":true,"href":"https:\/\/gingermachines.com\/tr\/wp-json\/wp\/v2\/tags?post=466"},{"taxonomy":"product-type","embeddable":true,"href":"https:\/\/gingermachines.com\/tr\/wp-json\/wp\/v2\/product-type?post=466"}],"curies":[{"name":"wp","href":"https:\/\/api.w.org\/{rel}","templated":true}]}}