{"id":432,"date":"2026-03-20T14:45:22","date_gmt":"2026-03-20T06:45:22","guid":{"rendered":"https:\/\/gingermachines.com\/?post_type=product&#038;p=432"},"modified":"2026-03-20T15:01:39","modified_gmt":"2026-03-20T07:01:39","slug":"onion-powder-packaging-machine","status":"publish","type":"product","link":"https:\/\/gingermachines.com\/tr\/product\/onion-powder-packaging-machine\/","title":{"rendered":"So\u011fan tozu paketleme makinesi"},"content":{"rendered":"<p class=\"translation-block\">Taizy <strong>so\u011fan tozu paketleme makinesi<\/strong>, \u00e7e\u015fitli toz malzemeleri i\u00e7in \u00f6zel olarak tasarlanm\u0131\u015ft\u0131r. Otomatik tart\u0131m, torba \u015fekillendirme, m\u00fch\u00fcrleme ve kesmeyi tek bir birimde entegre eder. So\u011fan tozu, un, soya tozu, susam ezmesi, soya s\u00fct\u00fc tozu ve \u00e7e\u015fitli baharat tozlar\u0131 gibi \u00fcr\u00fcnlerin paketlenmesine uygundur.<\/p>    <p>So\u011fan tozu doldurma makinemiz, y\u00fcksek verimlilik ve \u00fcst\u00fcn hassasiyetle \u00e7al\u0131\u015f\u0131r, saatte 20-80 torba paketleme h\u0131z\u0131na ula\u015f\u0131r ve paketleme aral\u0131\u011f\u0131 0-600g'dir. Bu ekipman, arka m\u00fch\u00fcrler, \u00fc\u00e7 tarafl\u0131 m\u00fch\u00fcrler ve d\u00f6rt tarafl\u0131 m\u00fch\u00fcrler dahil olmak \u00fczere \u00e7e\u015fitli m\u00fch\u00fcrleme stillerini destekler. Geni\u015f bir paketleme gereksinimini kar\u015f\u0131layabilir.<\/p>    <figure class=\"wp-block-embed is-type-video is-provider-youtube wp-block-embed-youtube wp-embed-aspect-16-9 wp-has-aspect-ratio\"><div class=\"wp-block-embed__wrapper\"> <iframe loading=\"lazy\" title=\"Otomatik so\u011fan tozu paketleme makinesi | G\u0131da fabrikas\u0131 i\u00e7in toz doldurma ve paketleme makinesi\" width=\"500\" height=\"281\" src=\"https:\/\/www.youtube.com\/embed\/kAALPzVGfJ4?feature=oembed\" frameborder=\"0\" allow=\"accelerometer; autoplay; clipboard-write; encrypted-media; gyroscope; picture-in-picture; web-share\" referrerpolicy=\"strict-origin-when-cross-origin\" allowfullscreen><\/iframe> <\/div><figcaption class=\"wp-element-caption\">So\u011fan tozu doldurma makinesinin \u00e7al\u0131\u015fma videosu<\/figcaption><\/figure>    <h2 class=\"wp-block-heading\"><strong>So\u011fan tozu paketleme makinesinin temel avantajlar\u0131<\/strong><\/h2>    <p class=\"translation-block\"><strong>1. Paslanmaz \u00e7elik yap\u0131m<\/strong><\/p>    <p>T\u00fcm makine, m\u00fckemmel korozyon direnci ve temizlik kolayl\u0131\u011f\u0131 sa\u011flayan 304 paslanmaz \u00e7elikten yap\u0131lm\u0131\u015ft\u0131r; g\u0131da i\u015fleme hijyen standartlar\u0131na uygundur ve \u00e7e\u015fitli \u00fcretim ortamlar\u0131nda kullan\u0131labilir.<\/p>    <p class=\"translation-block\"><strong>2. Ak\u0131ll\u0131 kontrol sistemi<\/strong><\/p>    <p>So\u011fan tozu paketleme makinemiz, geli\u015fmi\u015f mikroi\u015flemci \u00e7ip kontrol sistemi ile donat\u0131lm\u0131\u015ft\u0131r ve 5 in\u00e7 LCD ekran i\u00e7erir:<\/p>    <ul class=\"wp-block-list\"> <li>Kullan\u0131m aray\u00fcz\u00fc sezgisel ve kullan\u0131c\u0131 dostudur<\/li>    <li>Parametre yap\u0131land\u0131rmas\u0131 kolay ve zahmetsiz<\/li>    <li>\u00c7al\u0131\u015fma durumu net bir \u015fekilde g\u00f6r\u00fcn\u00fcr<\/li>    <li>Operasyon karma\u015f\u0131kl\u0131\u011f\u0131n\u0131 \u00f6nemli \u00f6l\u00e7\u00fcde azalt\u0131r<\/li> <\/ul>    <p class=\"translation-block\"><strong>3. Y\u00fcksek hassasiyetli elektro-optik izleme sistemi<\/strong><\/p>    <p>Bu so\u011fan tozu paketleme makinesi, otomatik fotoelektrik tespit sistemi ile donat\u0131lm\u0131\u015ft\u0131r, bu da:<\/p>    <ul class=\"wp-block-list\"> <li>Hassas konumland\u0131rma<\/li>    <li>Otomatik m\u00fch\u00fcrleme ve kesme<\/li>    <li>S\u00fcrekli ve stabil \u00e7al\u0131\u015fma<\/li>    <li>Ambalaj hassasiyetini ve \u00fcr\u00fcn tutarl\u0131l\u0131\u011f\u0131n\u0131 art\u0131r\u0131r<\/li> <\/ul>    <p class=\"translation-block\"><strong>4. Esnek opsiyonel \u00f6zellikler<\/strong><\/p>    <p>Belirli \u00fcretim gereksinimlerine ba\u011fl\u0131 olarak, a\u015fa\u011f\u0131daki se\u00e7enekler mevcuttur:<\/p>    <ul class=\"wp-block-list\"> <li>Kodlama makinesi<\/li>    <li>Zincir torbalama cihaz\u0131<\/li>    <li>Kolay y\u0131rtma\u00e7l\u0131 tasar\u0131m<\/li>    <li>Yuvarlak k\u00f6\u015fe kesim<\/li>    <li>Hava tahliye veya gaz \u015fi\u015firme cihaz\u0131<\/li> <\/ul>   <div class=\"wp-block-image\"> <figure class=\"aligncenter size-full\"><img loading=\"lazy\" decoding=\"async\" width=\"720\" height=\"540\" src=\"https:\/\/gingermachines.com\/wp-content\/uploads\/2026\/03\/onion-powder-packaging-machine-1.webp\" alt=\"so\u011fan tozu paketleme makinesi\" class=\"wp-image-434\" title=\"\" srcset=\"https:\/\/gingermachines.com\/wp-content\/uploads\/2026\/03\/onion-powder-packaging-machine-1.webp 720w, https:\/\/gingermachines.com\/wp-content\/uploads\/2026\/03\/onion-powder-packaging-machine-1-300x225.webp 300w, https:\/\/gingermachines.com\/wp-content\/uploads\/2026\/03\/onion-powder-packaging-machine-1-16x12.webp 16w\" sizes=\"auto, (max-width: 720px) 100vw, 720px\" \/><figcaption class=\"wp-element-caption\">so\u011fan tozu paketleme makinesi<\/figcaption><\/figure> <\/div>   <h2 class=\"wp-block-heading\"><strong>So\u011fan tozu paketleme makineleri nerelerde kullan\u0131l\u0131r?<\/strong><\/h2>    <p>So\u011fan tozu paketleme makinemiz, un, s\u00fct tozu, karabiber, k\u0131rm\u0131z\u0131 biber, \u00e7ama\u015f\u0131r deterjan\u0131, kakao tozu, zencefil tozu, baharat tozu ve daha fazlas\u0131 gibi \u00e7e\u015fitli toz malzemeleri paketlemek i\u00e7in kullan\u0131labilir.<\/p>    <p>So\u011fan tozu paketleme makinemiz, un, s\u00fct tozu, karabiber, k\u0131rm\u0131z\u0131 biber, \u00e7ama\u015f\u0131r deterjan\u0131, kakao tozu, zencefil tozu, baharat kar\u0131\u015f\u0131mlar\u0131 ve daha fazlas\u0131 gibi \u00e7e\u015fitli toz malzemeleri paketlemek i\u00e7in uygundur.<\/p>   <div class=\"wp-block-image\"> <figure class=\"aligncenter size-full\"><img loading=\"lazy\" decoding=\"async\" width=\"720\" height=\"540\" src=\"https:\/\/gingermachines.com\/wp-content\/uploads\/2026\/03\/application-of-powder-packaging-machine.webp\" alt=\"Toz paketleme makinesinin uygulamas\u0131\" class=\"wp-image-435\" title=\"\" srcset=\"https:\/\/gingermachines.com\/wp-content\/uploads\/2026\/03\/application-of-powder-packaging-machine.webp 720w, https:\/\/gingermachines.com\/wp-content\/uploads\/2026\/03\/application-of-powder-packaging-machine-300x225.webp 300w, https:\/\/gingermachines.com\/wp-content\/uploads\/2026\/03\/application-of-powder-packaging-machine-16x12.webp 16w\" sizes=\"auto, (max-width: 720px) 100vw, 720px\" \/><figcaption class=\"wp-element-caption\">toz paketleme makinesinin uygulamas\u0131<\/figcaption><\/figure> <\/div>   <p>Bu toz doldurma makinesi, a\u015fa\u011f\u0131daki sekt\u00f6rlerde yayg\u0131n olarak kullan\u0131l\u0131r:<\/p>    <ul class=\"wp-block-list\"> <li>G\u0131da i\u015fleme sekt\u00f6r\u00fc<\/li>    <li>Baharat \u00fcretim sekt\u00f6r\u00fc<\/li>    <li>Kozmetik sanayi<\/li>    <li>Kimya sanayi<\/li> <\/ul>    <h2 class=\"wp-block-heading\"><strong>So\u011fan tozu doldurma makinesinin parametreleri<\/strong><\/h2>    <p>\u0130ki model sunuyoruz: TZ-320 ve TZ-450. A\u015fa\u011f\u0131da detayl\u0131 \u00f6zellikler ve teknik bilgiler yer almaktad\u0131r.<\/p>    <figure class=\"wp-block-table\"><table class=\"has-fixed-layout\"><thead><tr><th>Model<\/th><th>TZ-320<\/th><th>TZ-450<\/th><\/tr><\/thead><tbody><tr><td>Paketleme stili<\/td><td>Arka m\u00fch\u00fcrleme \/ 3 tarafl\u0131 m\u00fch\u00fcrleme \/ 4 tarafl\u0131 m\u00fch\u00fcrleme<\/td><td>Arka m\u00fch\u00fcrleme \/ 3 tarafl\u0131 m\u00fch\u00fcrleme \/ 4 tarafl\u0131 m\u00fch\u00fcrleme<\/td><\/tr><tr><td>Paketleme h\u0131z\u0131<\/td><td>20\u201380torba\/dakika<\/td><td>20\u201380torba\/dakika<\/td><\/tr><tr><td>G\u00fc\u00e7<\/td><td>1.8kw<\/td><td>2.2kw<\/td><\/tr><tr><td>Paketleme a\u011f\u0131rl\u0131\u011f\u0131<\/td><td>0\u2013200g<\/td><td>\u2264600g<\/td><\/tr><tr><td>Torba geni\u015fli\u011fi<\/td><td>20\u2013150mm<\/td><td>20\u2013200mm<\/td><\/tr><tr><td>Torba uzunlu\u011fu<\/td><td>30\u2013180mm<\/td><td>30\u2013180mm<\/td><\/tr><tr><td>Malzeme<\/td><td>304 paslanmaz \u00e7elik<\/td><td>304 paslanmaz \u00e7elik<\/td><\/tr><tr><td>Makine boyutu<\/td><td>650\u00d71050\u00d71950mm<\/td><td>750\u00d7750\u00d72100mm<\/td><\/tr><tr><td>Makine a\u011f\u0131rl\u0131\u011f\u0131<\/td><td>250kg<\/td><td>420kg<\/td><\/tr><\/tbody><\/table><figcaption class=\"wp-element-caption\">so\u011fan tozu paketleme makinesinin parametreleri<\/figcaption><\/figure>    <h2 class=\"wp-block-heading\"><strong>So\u011fan tozu paketleme makinesinin yap\u0131s\u0131<\/strong><\/h2>    <p>Bu so\u011fan tozu paketleme makinesi, iyi tasarlanm\u0131\u015f yap\u0131sal bir tasar\u0131ma sahiptir. Ba\u015fl\u0131ca olarak paketleme filmi tutucu, hazne, dokunmatik ekran, g\u00fc\u00e7 anahtar\u0131, torba \u015fekillendirici, otomatik kesme vb. i\u00e7erir.<\/p>    <p>Ayr\u0131ca, bu toz paketleyicinin g\u00f6vdesi 304 paslanmaz \u00e7elikten yap\u0131lm\u0131\u015ft\u0131r, bu sadece temiz ve hijyenik de\u011fil, ayn\u0131 zamanda uzun \u00f6m\u00fcrl\u00fcd\u00fcr. Yap\u0131 diyagram\u0131 a\u015fa\u011f\u0131da g\u00f6sterilmi\u015ftir:<\/p>    <figure class=\"wp-block-gallery has-nested-images columns-default is-cropped wp-block-gallery-2 is-layout-flex wp-block-gallery-is-layout-flex\"> <figure class=\"wp-block-image size-large\"><img loading=\"lazy\" decoding=\"async\" width=\"540\" height=\"720\" data-id=\"436\" src=\"https:\/\/gingermachines.com\/wp-content\/uploads\/2026\/03\/onion-powder-filling-and-packaging-machine.webp\" alt=\"onion powder filling and packaging machine\" class=\"wp-image-436\" title=\"\" srcset=\"https:\/\/gingermachines.com\/wp-content\/uploads\/2026\/03\/onion-powder-filling-and-packaging-machine.webp 540w, https:\/\/gingermachines.com\/wp-content\/uploads\/2026\/03\/onion-powder-filling-and-packaging-machine-225x300.webp 225w, https:\/\/gingermachines.com\/wp-content\/uploads\/2026\/03\/onion-powder-filling-and-packaging-machine-9x12.webp 9w\" sizes=\"auto, (max-width: 540px) 100vw, 540px\" \/><figcaption class=\"wp-element-caption\">So\u011fan Tozu Doldurma ve Paketleme Makinesi<\/figcaption><\/figure>    <figure class=\"wp-block-image size-large\"><img loading=\"lazy\" decoding=\"async\" width=\"540\" height=\"720\" data-id=\"437\" src=\"https:\/\/gingermachines.com\/wp-content\/uploads\/2026\/03\/structure-of-onion-filling-machine.webp\" alt=\"so\u011fan doldurma makinesinin yap\u0131s\u0131\" class=\"wp-image-437\" title=\"\" srcset=\"https:\/\/gingermachines.com\/wp-content\/uploads\/2026\/03\/structure-of-onion-filling-machine.webp 540w, https:\/\/gingermachines.com\/wp-content\/uploads\/2026\/03\/structure-of-onion-filling-machine-225x300.webp 225w, https:\/\/gingermachines.com\/wp-content\/uploads\/2026\/03\/structure-of-onion-filling-machine-9x12.webp 9w\" sizes=\"auto, (max-width: 540px) 100vw, 540px\" \/><figcaption class=\"wp-element-caption\">So\u011fan Doldurma Makinesinin Yap\u0131s\u0131<\/figcaption><\/figure> <\/figure>    <h2 class=\"wp-block-heading\"><strong>Daha fazla t\u00fcrde toz paketleme makineleri mevcuttur<\/strong><\/h2>    <p>So\u011fan tozu paketleme makinelerine ek olarak, \u00e7e\u015fitli \u00fcretim ihtiya\u00e7lar\u0131n\u0131 kar\u015f\u0131lamak i\u00e7in geni\u015f bir toz paketleme ekipman\u0131 yelpazesi sunuyoruz, bunlar aras\u0131nda:<\/p>    <ol class=\"wp-block-list\"> <li>D\u00fcz itme toz paketleme makinesi<\/li>    <li>Do\u011frudan itme toz paketleme makinesi<\/li>    <li>Yar\u0131 Otomatik Toz Doldurma Makinesi<\/li>    <li>Kantitatif toz doldurma makinesi<\/li> <\/ol>    <figure class=\"wp-block-gallery has-nested-images columns-default is-cropped wp-block-gallery-3 is-layout-flex wp-block-gallery-is-layout-flex\"> <figure class=\"wp-block-image size-large\"><img loading=\"lazy\" decoding=\"async\" width=\"720\" height=\"540\" data-id=\"443\" src=\"https:\/\/gingermachines.com\/wp-content\/uploads\/2026\/03\/flat-push-powder-packaging-machine.webp\" alt=\"flat push powder packaging machine\" class=\"wp-image-443\" title=\"\" srcset=\"https:\/\/gingermachines.com\/wp-content\/uploads\/2026\/03\/flat-push-powder-packaging-machine.webp 720w, https:\/\/gingermachines.com\/wp-content\/uploads\/2026\/03\/flat-push-powder-packaging-machine-300x225.webp 300w, https:\/\/gingermachines.com\/wp-content\/uploads\/2026\/03\/flat-push-powder-packaging-machine-16x12.webp 16w\" sizes=\"auto, (max-width: 720px) 100vw, 720px\" \/><figcaption class=\"wp-element-caption\">D\u00fcz \u0130tme Toz Paketleme Makinesi<\/figcaption><\/figure>    <figure class=\"wp-block-image size-large\"><img loading=\"lazy\" decoding=\"async\" width=\"720\" height=\"540\" data-id=\"442\" src=\"https:\/\/gingermachines.com\/wp-content\/uploads\/2026\/03\/direct-push-powder-packer-machine.webp\" alt=\"direct push powder packer machine\" class=\"wp-image-442\" title=\"\" srcset=\"https:\/\/gingermachines.com\/wp-content\/uploads\/2026\/03\/direct-push-powder-packer-machine.webp 720w, https:\/\/gingermachines.com\/wp-content\/uploads\/2026\/03\/direct-push-powder-packer-machine-300x225.webp 300w, https:\/\/gingermachines.com\/wp-content\/uploads\/2026\/03\/direct-push-powder-packer-machine-16x12.webp 16w\" sizes=\"auto, (max-width: 720px) 100vw, 720px\" \/><figcaption class=\"wp-element-caption\">Do\u011frudan \u0130tme Toz Paketleme Makinesi<\/figcaption><\/figure> <\/figure>    <figure class=\"wp-block-gallery has-nested-images columns-default is-cropped wp-block-gallery-4 is-layout-flex wp-block-gallery-is-layout-flex\"> <figure class=\"wp-block-image size-large\"><img loading=\"lazy\" decoding=\"async\" width=\"720\" height=\"540\" data-id=\"445\" src=\"https:\/\/gingermachines.com\/wp-content\/uploads\/2026\/03\/semi-automatic-powder-filling-machine.webp\" alt=\"semi-automatic powder filling machine\" class=\"wp-image-445\" title=\"\" srcset=\"https:\/\/gingermachines.com\/wp-content\/uploads\/2026\/03\/semi-automatic-powder-filling-machine.webp 720w, https:\/\/gingermachines.com\/wp-content\/uploads\/2026\/03\/semi-automatic-powder-filling-machine-300x225.webp 300w, https:\/\/gingermachines.com\/wp-content\/uploads\/2026\/03\/semi-automatic-powder-filling-machine-16x12.webp 16w\" sizes=\"auto, (max-width: 720px) 100vw, 720px\" \/><figcaption class=\"wp-element-caption\">Yar\u0131 Otomatik Toz Doldurma Makinesi<\/figcaption><\/figure>    <figure class=\"wp-block-image size-large\"><img loading=\"lazy\" decoding=\"async\" width=\"720\" height=\"540\" data-id=\"444\" src=\"https:\/\/gingermachines.com\/wp-content\/uploads\/2026\/03\/quantitative-powder-filling-machine.webp\" alt=\"quantitative powder filling machine\" class=\"wp-image-444\" title=\"\" srcset=\"https:\/\/gingermachines.com\/wp-content\/uploads\/2026\/03\/quantitative-powder-filling-machine.webp 720w, https:\/\/gingermachines.com\/wp-content\/uploads\/2026\/03\/quantitative-powder-filling-machine-300x225.webp 300w, https:\/\/gingermachines.com\/wp-content\/uploads\/2026\/03\/quantitative-powder-filling-machine-16x12.webp 16w\" sizes=\"auto, (max-width: 720px) 100vw, 720px\" \/><figcaption class=\"wp-element-caption\">Kantitatif Toz Doldurma Makinesi<\/figcaption><\/figure> <\/figure>    <h2 class=\"wp-block-heading\"><strong>So\u011fan doldurma ve paketleme makinesinin fiyat\u0131<\/strong><\/h2>    <p>Bir so\u011fan tozu paketleme makinesinin fiyat\u0131, ekipman modeli, otomasyon derecesi, gereken \u00e7\u0131kt\u0131 ve \u00f6zel yap\u0131land\u0131rma \u00f6zellikleri gibi fakt\u00f6rlere ba\u011fl\u0131 olarak de\u011fi\u015fir. Genel olarak, piyasadaki toz paketleme ekipmanlar\u0131 geni\u015f bir fiyat aral\u0131\u011f\u0131nda yer almaktad\u0131r; bu nedenle, se\u00e7im yaparken, ger\u00e7ek \u00fcretim ihtiya\u00e7lar\u0131n\u0131zla uyumlu olmas\u0131 \u00f6nemlidir.<\/p>    <figure class=\"wp-block-gallery has-nested-images columns-default is-cropped wp-block-gallery-5 is-layout-flex wp-block-gallery-is-layout-flex\"> <figure class=\"wp-block-image size-large\"><img loading=\"lazy\" decoding=\"async\" width=\"540\" height=\"720\" data-id=\"438\" src=\"https:\/\/gingermachines.com\/wp-content\/uploads\/2026\/03\/onion-powder-filling-equipment.webp\" alt=\"so\u011fan tozu doldurma ekipman\u0131\" class=\"wp-image-438\" title=\"\" srcset=\"https:\/\/gingermachines.com\/wp-content\/uploads\/2026\/03\/onion-powder-filling-equipment.webp 540w, https:\/\/gingermachines.com\/wp-content\/uploads\/2026\/03\/onion-powder-filling-equipment-225x300.webp 225w, https:\/\/gingermachines.com\/wp-content\/uploads\/2026\/03\/onion-powder-filling-equipment-9x12.webp 9w\" sizes=\"auto, (max-width: 540px) 100vw, 540px\" \/><figcaption class=\"wp-element-caption\">So\u011fan Tozu Doldurma Ekipman\u0131<\/figcaption><\/figure>    <figure class=\"wp-block-image size-large\"><img loading=\"lazy\" decoding=\"async\" width=\"540\" height=\"720\" data-id=\"439\" src=\"https:\/\/gingermachines.com\/wp-content\/uploads\/2026\/03\/onion-powder-packaging-equipment.webp\" alt=\"so\u011fan tozu paketleme ekipman\u0131\" class=\"wp-image-439\" title=\"\" srcset=\"https:\/\/gingermachines.com\/wp-content\/uploads\/2026\/03\/onion-powder-packaging-equipment.webp 540w, https:\/\/gingermachines.com\/wp-content\/uploads\/2026\/03\/onion-powder-packaging-equipment-225x300.webp 225w, https:\/\/gingermachines.com\/wp-content\/uploads\/2026\/03\/onion-powder-packaging-equipment-9x12.webp 9w\" sizes=\"auto, (max-width: 540px) 100vw, 540px\" \/><figcaption class=\"wp-element-caption\">So\u011fan Tozu Paketleme Ekipman\u0131<\/figcaption><\/figure>    <figure class=\"wp-block-image size-large\"><img loading=\"lazy\" decoding=\"async\" width=\"540\" height=\"720\" data-id=\"440\" src=\"https:\/\/gingermachines.com\/wp-content\/uploads\/2026\/03\/onion-powder-packing-machine.webp\" alt=\"onion powder packing machine\" class=\"wp-image-440\" title=\"\" srcset=\"https:\/\/gingermachines.com\/wp-content\/uploads\/2026\/03\/onion-powder-packing-machine.webp 540w, https:\/\/gingermachines.com\/wp-content\/uploads\/2026\/03\/onion-powder-packing-machine-225x300.webp 225w, https:\/\/gingermachines.com\/wp-content\/uploads\/2026\/03\/onion-powder-packing-machine-9x12.webp 9w\" sizes=\"auto, (max-width: 540px) 100vw, 540px\" \/><figcaption class=\"wp-element-caption\">So\u011fan Tozu Paketleme Makinesi<\/figcaption><\/figure> <\/figure>    <h2 class=\"wp-block-heading\"><strong>Bug\u00fcn bizimle ileti\u015fime ge\u00e7in!<\/strong><\/h2>    <p class=\"translation-block\">Sadece profesyonel so\u011fan tozu paketleme makineleri sa\u011flamakla kalm\u0131yor, ayn\u0131 zamanda <a href=\"https:\/\/gingermachines.com\/tr\/product\/automatic-onion-peeling-machine\/\">so\u011fan soyma makinesi<\/a> ve <a href=\"https:\/\/gingermachines.com\/tr\/product\/onion-powder-making-machine\/\">so\u011fan tozu \u00f6\u011f\u00fctme makinesi<\/a> gibi di\u011fer so\u011fan i\u015fleme ekipmanlar\u0131 da sunuyoruz. Herhangi bir ihtiyac\u0131n\u0131z varsa, l\u00fctfen bizimle ileti\u015fime ge\u00e7mekten \u00e7ekinmeyin, size \u00f6zel \u00e7\u00f6z\u00fcmler ve en g\u00fcncel fiyat teklifleri sunal\u0131m!<\/p>","protected":false},"excerpt":{"rendered":"<p>Taizy onion powder packaging machine can be used to package onion powder, ginger powder, pepper, chili powder, flour, laundry detergent, and other similar products. It features a packaging speed of 20\u201380 bags per minute and a packaging weight range of 0\u2013600g.<\/p>","protected":false},"author":1,"featured_media":441,"parent":0,"template":"","tags":[9],"product-type":[6],"class_list":["post-432","product","type-product","status-publish","has-post-thumbnail","hentry","tag-onion","product-type-products"],"_links":{"self":[{"href":"https:\/\/gingermachines.com\/tr\/wp-json\/wp\/v2\/product\/432","targetHints":{"allow":["GET"]}}],"collection":[{"href":"https:\/\/gingermachines.com\/tr\/wp-json\/wp\/v2\/product"}],"about":[{"href":"https:\/\/gingermachines.com\/tr\/wp-json\/wp\/v2\/types\/product"}],"author":[{"embeddable":true,"href":"https:\/\/gingermachines.com\/tr\/wp-json\/wp\/v2\/users\/1"}],"wp:featuredmedia":[{"embeddable":true,"href":"https:\/\/gingermachines.com\/tr\/wp-json\/wp\/v2\/media\/441"}],"wp:attachment":[{"href":"https:\/\/gingermachines.com\/tr\/wp-json\/wp\/v2\/media?parent=432"}],"wp:term":[{"taxonomy":"post_tag","embeddable":true,"href":"https:\/\/gingermachines.com\/tr\/wp-json\/wp\/v2\/tags?post=432"},{"taxonomy":"product-type","embeddable":true,"href":"https:\/\/gingermachines.com\/tr\/wp-json\/wp\/v2\/product-type?post=432"}],"curies":[{"name":"wp","href":"https:\/\/api.w.org\/{rel}","templated":true}]}}