{"id":414,"date":"2026-03-18T16:48:58","date_gmt":"2026-03-18T08:48:58","guid":{"rendered":"https:\/\/gingermachines.com\/?post_type=product&#038;p=414"},"modified":"2026-03-18T16:51:32","modified_gmt":"2026-03-18T08:51:32","slug":"onion-powder-making-machine","status":"publish","type":"product","link":"https:\/\/gingermachines.com\/tr\/product\/onion-powder-making-machine\/","title":{"rendered":"So\u011fan tozu yapma makinesi"},"content":{"rendered":"<p class=\"translation-block\"><strong>so\u011fan tozu yapma makinesi<\/strong> y\u00fcksek verimli, kuru so\u011fan\u0131 ince toz haline getirmek \u00fczere tasarlanm\u0131\u015f bir makinedir. Biten \u00fcr\u00fcn\u00fcn inceli\u011fi s\u00fcrekli olarak 20 ile 120 elek aras\u0131nda de\u011fi\u015fir. Ayr\u0131ca, m\u0131s\u0131r, bu\u011fday, baharatlar, kahve \u00e7ekirdekleri, ac\u0131 biber, zencefil ve beyaz \u015feker gibi \u00e7e\u015fitli di\u011fer malzemeleri de i\u015fleyebilir.<\/p>    <p>Saatte 1.500 kg kapasiteye ula\u015fabilen \u00e7e\u015fitli model so\u011fan tozu \u00f6\u011f\u00fctme makineleri sunuyoruz, farkl\u0131 \u00f6l\u00e7eklerdeki operasyonlar\u0131n \u00fcretim gereksinimlerini kar\u015f\u0131layabilir. Bu makineyle ilgileniyorsan\u0131z, l\u00fctfen bizimle ileti\u015fime ge\u00e7mekten \u00e7ekinmeyin!<\/p>    <h2 class=\"wp-block-heading\"><strong>Taizy so\u011fan tozu de\u011firmenini \u00f6ne \u00e7\u0131karan \u00f6zellikler nelerdir?<\/strong><\/h2>    <p class=\"translation-block\"><strong>1. Geni\u015f uygulama alan\u0131<\/strong><\/p>    <p>So\u011fan tozu yapma makinemiz sadece so\u011fan tozu i\u015flemekle kalmaz, ayn\u0131 zamanda kuru malzemelerin geni\u015f yelpazesini de i\u015fleyebilir, bunlar aras\u0131nda:<\/p>    <ul class=\"wp-block-list\"> <li>Taneler: M\u0131s\u0131r, bu\u011fday<\/li>    <li>Baharatlar: Ac\u0131 biber, zencefil, baharatlar<\/li>    <li>Di\u011ferleri: Kahve \u00e7ekirde\u011fi, \u015feker<\/li> <\/ul>    <p>Bu, \u00e7ok ama\u00e7l\u0131 fonksiyonellik sa\u011flar, b\u00f6ylece ekipman kullan\u0131m verimlili\u011fi artar.<\/p>    <p class=\"translation-block\"><strong>2. Y\u00fcksek \u00e7\u0131kt\u0131 tasar\u0131m\u0131, \u00e7e\u015fitli \u00fcretim \u00f6l\u00e7eklerine uyum sa\u011flar<\/strong><\/p>    <p>Taizy so\u011fan tozu \u00f6\u011f\u00fctme makinesi, 10 kg\/h ile 1.500 kg\/h aras\u0131nda geni\u015f \u00fcretim kapasitesi aral\u0131\u011f\u0131 sunar, k\u00fc\u00e7\u00fck \u00f6l\u00e7ekli i\u015fleme tesisleri ve b\u00fcy\u00fck \u00f6l\u00e7ekli s\u00fcrekli \u00fcretim ihtiya\u00e7lar\u0131na uygundur.<\/p>    <p class=\"translation-block\"><strong>3. Ayarlanabilir toz inceli\u011fi, stabil kalite<\/strong><\/p>    <p>Biten \u00fcr\u00fcn\u00fcn inceli\u011fi 20 ile 120 elek aras\u0131nda ayarlanabilir. Bu, farkl\u0131 \u00fcr\u00fcnlerin \u00f6zel gereksinimlerine g\u00f6re ayarlanabilir, b\u00f6ylece uniform ve ince toz dokusu sa\u011flan\u0131r ve \u00fcr\u00fcn kalitesi art\u0131r\u0131l\u0131r.<\/p>    <p class=\"translation-block\"><strong>4. G\u0131da s\u0131n\u0131f\u0131 paslanmaz \u00e7elik malzeme, g\u00fcvenli ve dayan\u0131kl\u0131d\u0131r.<\/strong><\/p>    <p>Bu so\u011fan tozu de\u011firmen makinesi tamamen SUS 304 paslanmaz \u00e7elikten yap\u0131lm\u0131\u015ft\u0131r ve a\u015fa\u011f\u0131daki \u00f6zelliklere sahiptir:<\/p>    <ul class=\"wp-block-list\"> <li>\u0130\u015flenmekte olan malzemelerle kimyasal reaksiyona girmez, b\u00f6ylece g\u0131da g\u00fcvenli\u011fi standartlar\u0131na uygundur.<\/li>    <li>Korozyona kar\u015f\u0131 g\u00fc\u00e7l\u00fcd\u00fcr.<\/li>    <li>Sa\u011flam yap\u0131s\u0131, uzun hizmet \u00f6mr\u00fc sa\u011flar.<\/li> <\/ul>    <figure class=\"wp-block-gallery has-nested-images columns-default is-cropped wp-block-gallery-2 is-layout-flex wp-block-gallery-is-layout-flex\"> <figure class=\"wp-block-image size-large\"><img loading=\"lazy\" decoding=\"async\" width=\"540\" height=\"720\" data-id=\"415\" src=\"https:\/\/gingermachines.com\/wp-content\/uploads\/2026\/03\/onion-powder-grinder-machine.webp\" alt=\"onion powder grinder machine\" class=\"wp-image-415\" title=\"\" srcset=\"https:\/\/gingermachines.com\/wp-content\/uploads\/2026\/03\/onion-powder-grinder-machine.webp 540w, https:\/\/gingermachines.com\/wp-content\/uploads\/2026\/03\/onion-powder-grinder-machine-225x300.webp 225w, https:\/\/gingermachines.com\/wp-content\/uploads\/2026\/03\/onion-powder-grinder-machine-9x12.webp 9w\" sizes=\"auto, (max-width: 540px) 100vw, 540px\" \/><figcaption class=\"wp-element-caption\">So\u011fan Tozu \u00d6\u011f\u00fct\u00fcc\u00fc<\/figcaption><\/figure>    <figure class=\"wp-block-image size-large\"><img loading=\"lazy\" decoding=\"async\" width=\"540\" height=\"720\" data-id=\"416\" src=\"https:\/\/gingermachines.com\/wp-content\/uploads\/2026\/03\/onion-powder-milling-machine.webp\" alt=\"so\u011fan tozu de\u011firmeni\" class=\"wp-image-416\" title=\"\" srcset=\"https:\/\/gingermachines.com\/wp-content\/uploads\/2026\/03\/onion-powder-milling-machine.webp 540w, https:\/\/gingermachines.com\/wp-content\/uploads\/2026\/03\/onion-powder-milling-machine-225x300.webp 225w, https:\/\/gingermachines.com\/wp-content\/uploads\/2026\/03\/onion-powder-milling-machine-9x12.webp 9w\" sizes=\"auto, (max-width: 540px) 100vw, 540px\" \/><figcaption class=\"wp-element-caption\">So\u011fan Tozu \u00d6\u011f\u00fctme Makinesi<\/figcaption><\/figure>    <figure class=\"wp-block-image size-large\"><img loading=\"lazy\" decoding=\"async\" width=\"540\" height=\"720\" data-id=\"417\" src=\"https:\/\/gingermachines.com\/wp-content\/uploads\/2026\/03\/stainless-steel-onion-powder-grinding-machine.webp\" alt=\"stainless steel onion powder grinding machine\" class=\"wp-image-417\" title=\"\" srcset=\"https:\/\/gingermachines.com\/wp-content\/uploads\/2026\/03\/stainless-steel-onion-powder-grinding-machine.webp 540w, https:\/\/gingermachines.com\/wp-content\/uploads\/2026\/03\/stainless-steel-onion-powder-grinding-machine-225x300.webp 225w, https:\/\/gingermachines.com\/wp-content\/uploads\/2026\/03\/stainless-steel-onion-powder-grinding-machine-9x12.webp 9w\" sizes=\"auto, (max-width: 540px) 100vw, 540px\" \/><figcaption class=\"wp-element-caption\">Paslanmaz \u00c7elik So\u011fan Tozu \u00d6\u011f\u00fctme Makinesi<\/figcaption><\/figure> <\/figure>    <h2 class=\"wp-block-heading\"><strong>So\u011fan tozu yapma makinesi ne i\u015flemler yapabilir?<\/strong><\/h2>    <p>Paslanmaz \u00e7elik so\u011fan tozu \u00f6\u011f\u00fctme makinemiz, so\u011fan, zencefil, ac\u0131 biber, tah\u0131l, m\u0131s\u0131r, fasulye, \u015feker, tuz, baharatlar, kakao \u00e7ekirde\u011fi ve daha fazlas\u0131n\u0131 i\u015fleyebilir. Bu so\u011fan tozu \u00f6\u011f\u00fctme makinesi genellikle \u015fu ortamlarda kullan\u0131l\u0131r:<\/p>    <ul class=\"wp-block-list\"> <li>Baharat i\u015fleme tesisleri<\/li>    <li>G\u0131da i\u015fleme i\u015fletmeleri<\/li>    <li>Tar\u0131m \u00fcr\u00fcnleri derin i\u015fleme projeleri<\/li>    <li>Baharat ve ot tozu \u00fcretimi<\/li> <\/ul>    <figure class=\"wp-block-gallery has-nested-images columns-default is-cropped wp-block-gallery-3 is-layout-flex wp-block-gallery-is-layout-flex\"> <figure class=\"wp-block-image size-large\"><img loading=\"lazy\" decoding=\"async\" width=\"720\" height=\"540\" data-id=\"426\" src=\"https:\/\/gingermachines.com\/wp-content\/uploads\/2026\/03\/application-of-dried-onion-grinder.webp\" alt=\"application of dried onion grinder\" class=\"wp-image-426\" title=\"\" srcset=\"https:\/\/gingermachines.com\/wp-content\/uploads\/2026\/03\/application-of-dried-onion-grinder.webp 720w, https:\/\/gingermachines.com\/wp-content\/uploads\/2026\/03\/application-of-dried-onion-grinder-300x225.webp 300w, https:\/\/gingermachines.com\/wp-content\/uploads\/2026\/03\/application-of-dried-onion-grinder-16x12.webp 16w\" sizes=\"auto, (max-width: 720px) 100vw, 720px\" \/><figcaption class=\"wp-element-caption\">Kuru so\u011fan de\u011firmeninin uygulamas\u0131<\/figcaption><\/figure>    <figure class=\"wp-block-image size-large\"><img loading=\"lazy\" decoding=\"async\" width=\"720\" height=\"540\" data-id=\"427\" src=\"https:\/\/gingermachines.com\/wp-content\/uploads\/2026\/03\/application-of-dried-onion-grinding-machine.webp\" alt=\"application of dried onion grinding machine\" class=\"wp-image-427\" title=\"\" srcset=\"https:\/\/gingermachines.com\/wp-content\/uploads\/2026\/03\/application-of-dried-onion-grinding-machine.webp 720w, https:\/\/gingermachines.com\/wp-content\/uploads\/2026\/03\/application-of-dried-onion-grinding-machine-300x225.webp 300w, https:\/\/gingermachines.com\/wp-content\/uploads\/2026\/03\/application-of-dried-onion-grinding-machine-16x12.webp 16w\" sizes=\"auto, (max-width: 720px) 100vw, 720px\" \/><figcaption class=\"wp-element-caption\">Kuru so\u011fan \u00f6\u011f\u00fctme makinesinin uygulamas\u0131<\/figcaption><\/figure> <\/figure>    <h2 class=\"wp-block-heading\"><strong>So\u011fan tozu \u00f6\u011f\u00fct\u00fcc\u00fc yap\u0131sal bile\u015fenleri<\/strong><\/h2>    <p>Bu paslanmaz \u00e7elik so\u011fan tozu yapma makinesi, basit ama iyi tasarlanm\u0131\u015f genel tasar\u0131m\u0131 ve kolay kullan\u0131m\u0131 ile \u00f6ne \u00e7\u0131kar. Ana bile\u015fenleri \u015funlard\u0131r:<\/p>    <ul class=\"wp-block-list\"> <li>Besleme giri\u015fi: Malzemelerin uniform \u015fekilde beslenmesini sa\u011flar, b\u00f6ylece i\u015fleme verimlili\u011fi artar.<\/li>    <li>Speed \u200b\u200bcontrol mechanism: Allows for the adjustment of the equipment&#8217;s operating speed.<\/li>    <li>\u00d6\u011f\u00fctme odas\u0131: Malzemelerin y\u00fcksek h\u0131zl\u0131 k\u0131r\u0131lmas\u0131 i\u00e7in ana \u00e7al\u0131\u015fma alan\u0131d\u0131r.<\/li>    <li>S\u0131kma somunlar\u0131: Kritik bile\u015fenleri g\u00fcvence alt\u0131na al\u0131r, ekipman\u0131n stabil \u00e7al\u0131\u015fmas\u0131n\u0131 sa\u011flar.<\/li>    <li>G\u00fc\u00e7 anahtar\u0131: Makinenin ba\u015flatma ve durdurmas\u0131n\u0131 kontrol eder, g\u00fcvenli ve kullan\u0131\u015fl\u0131d\u0131r.<\/li>    <li>Bo\u015faltma \u00e7\u0131k\u0131\u015f\u0131: Biten tozun h\u0131zl\u0131 bo\u015falt\u0131lmas\u0131n\u0131 sa\u011flar.<\/li> <\/ul>    <p>Kompakt yap\u0131s\u0131, basit kullan\u0131m\u0131 ve bak\u0131m kolayl\u0131\u011f\u0131 ile bu makine s\u00fcrekli \u00fcretim ortamlar\u0131 i\u00e7in idealdir.<\/p>   <div class=\"wp-block-image\"> <figure class=\"aligncenter size-full\"><img loading=\"lazy\" decoding=\"async\" width=\"720\" height=\"540\" src=\"https:\/\/gingermachines.com\/wp-content\/uploads\/2026\/03\/structure-of-dried-onion-grinding-machine.webp\" alt=\"Kuru so\u011fan \u00f6\u011f\u00fctme makinesinin yap\u0131s\u0131\" class=\"wp-image-418\" title=\"\" srcset=\"https:\/\/gingermachines.com\/wp-content\/uploads\/2026\/03\/structure-of-dried-onion-grinding-machine.webp 720w, https:\/\/gingermachines.com\/wp-content\/uploads\/2026\/03\/structure-of-dried-onion-grinding-machine-300x225.webp 300w, https:\/\/gingermachines.com\/wp-content\/uploads\/2026\/03\/structure-of-dried-onion-grinding-machine-16x12.webp 16w\" sizes=\"auto, (max-width: 720px) 100vw, 720px\" \/><figcaption class=\"wp-element-caption\">Kuru so\u011fan \u00f6\u011f\u00fctme makinesinin yap\u0131s\u0131<\/figcaption><\/figure> <\/div>   <h2 class=\"wp-block-heading\"><strong>So\u011fan tozu yapma makinesinin teknik parametreleri<\/strong><\/h2>    <p>Belirli bir ekipman modelini se\u00e7meden \u00f6nce, \u00e7\u0131kt\u0131, g\u00fc\u00e7 t\u00fcketimi ve bitmi\u015f \u00fcr\u00fcn inceli\u011fi a\u00e7\u0131s\u0131ndan \u00e7e\u015fitli modeller aras\u0131ndaki farklar\u0131 anlamak \u00f6nemlidir. A\u015fa\u011f\u0131da detayl\u0131 bilgiler yer almaktad\u0131r:<\/p>    <figure class=\"wp-block-table\"><table class=\"has-fixed-layout\"><thead><tr><th>Model<\/th><th>15B<\/th><th>20B<\/th><th>30B<\/th><th>40B<\/th><th>50B<\/th><\/tr><\/thead><tbody><tr><td>Malzeme<\/td><td>SUS 304<\/td><td>SUS 304<\/td><td>SUS 304<\/td><td>SUS 304<\/td><td>SUS 304<\/td><\/tr><tr><td>G\u00fc\u00e7<\/td><td>2.2kw<\/td><td>4kw<\/td><td>7.5kw<\/td><td>11kw<\/td><td>18.5kw<\/td><\/tr><tr><td>Devir h\u0131z\u0131<\/td><td>6000r\/d<\/td><td>4500r\/d<\/td><td>3800r\/d<\/td><td>3400r\/d<\/td><td>3200r\/d<\/td><\/tr><tr><td>Malzeme boyutu<\/td><td>&lt;8mm<\/td><td>&lt;8mm<\/td><td>&lt;10mm<\/td><td>&lt;12mm<\/td><td>&lt;14mm<\/td><\/tr><tr><td>Kapasite<\/td><td>10-60kg\/s<\/td><td>60-150kg\/s<\/td><td>100-300kg\/s<\/td><td>160-800kg\/s<\/td><td>500-1500kg\/s<\/td><\/tr><tr><td>\u0130ncelik<\/td><td>20-120elek<\/td><td>20-120elek<\/td><td>20-120elek<\/td><td>20-120elek<\/td><td>20-120elek<\/td><\/tr><tr><td>A\u011f\u0131rl\u0131k<\/td><td>150kg<\/td><td>280kg<\/td><td>340kg<\/td><td>450kg<\/td><td>530kg<\/td><\/tr><\/tbody><\/table><figcaption class=\"wp-element-caption\">so\u011fan tozu \u00f6\u011f\u00fctme makinesi parametreleri<\/figcaption><\/figure>    <h2 class=\"wp-block-heading\"><strong>So\u011fan \u00f6\u011f\u00fctme makinesi maliyeti nedir?<\/strong><\/h2>    <p>Bir so\u011fan tozu yapma makinesinin genel fiyat aral\u0131\u011f\u0131 genellikle 2.000$ ile 10.000$ aras\u0131nda de\u011fi\u015fir; belirli fiyat, ekipman modeli, \u00fcretim kapasitesi ve konfig\u00fcrasyona ba\u011fl\u0131d\u0131r. Fiyat\u0131 etkileyen temel fakt\u00f6rler \u015funlard\u0131r:<\/p>    <ul class=\"wp-block-list\"> <li><strong>\u00dcretim kapasitesi<\/strong>: Daha y\u00fcksek \u00e7\u0131kt\u0131 kapasitesi, daha y\u00fcksek ekipman fiyat\u0131 ile sonu\u00e7lan\u0131r.<\/li>    <li><strong>Motor g\u00fcc\u00fc<\/strong>: Daha y\u00fcksek motor g\u00fcc\u00fc, maliyetleri art\u0131r\u0131r.<\/li>    <li><strong>Malzeme standartlar\u0131<\/strong>: G\u0131da s\u0131n\u0131f\u0131 paslanmaz \u00e7elikten yap\u0131lm\u0131\u015f ekipman, standart malzemelerden daha pahal\u0131d\u0131r.<\/li>    <li><strong>\u0130ncelik gereksinimleri<\/strong>: Y\u00fcksek hassasiyetli elekler ve ayar sistemleri toplam maliyeti art\u0131r\u0131r.<\/li> <\/ul>    <figure class=\"wp-block-gallery has-nested-images columns-default is-cropped wp-block-gallery-4 is-layout-flex wp-block-gallery-is-layout-flex\"> <figure class=\"wp-block-image size-large\"><img loading=\"lazy\" decoding=\"async\" width=\"720\" height=\"540\" data-id=\"419\" src=\"https:\/\/gingermachines.com\/wp-content\/uploads\/2026\/03\/onion-powder-grinder.webp\" alt=\"So\u011fan tozu de\u011firmeni\" class=\"wp-image-419\" title=\"\" srcset=\"https:\/\/gingermachines.com\/wp-content\/uploads\/2026\/03\/onion-powder-grinder.webp 720w, https:\/\/gingermachines.com\/wp-content\/uploads\/2026\/03\/onion-powder-grinder-300x225.webp 300w, https:\/\/gingermachines.com\/wp-content\/uploads\/2026\/03\/onion-powder-grinder-16x12.webp 16w\" sizes=\"auto, (max-width: 720px) 100vw, 720px\" \/><figcaption class=\"wp-element-caption\">So\u011fan Tozu \u00d6\u011f\u00fct\u00fcc\u00fc<\/figcaption><\/figure>    <figure class=\"wp-block-image size-large\"><img loading=\"lazy\" decoding=\"async\" width=\"720\" height=\"540\" data-id=\"420\" src=\"https:\/\/gingermachines.com\/wp-content\/uploads\/2026\/03\/onion-powder-grinding-equipment.webp\" alt=\"So\u011fan tozu de\u011firmeni\" class=\"wp-image-420\" title=\"\" srcset=\"https:\/\/gingermachines.com\/wp-content\/uploads\/2026\/03\/onion-powder-grinding-equipment.webp 720w, https:\/\/gingermachines.com\/wp-content\/uploads\/2026\/03\/onion-powder-grinding-equipment-300x225.webp 300w, https:\/\/gingermachines.com\/wp-content\/uploads\/2026\/03\/onion-powder-grinding-equipment-16x12.webp 16w\" sizes=\"auto, (max-width: 720px) 100vw, 720px\" \/><figcaption class=\"wp-element-caption\">So\u011fan Tozu \u00d6\u011f\u00fctme Ekipman\u0131<\/figcaption><\/figure> <\/figure>    <h2 class=\"wp-block-heading\"><strong>So\u011fan tozu \u00f6\u011f\u00fctme makinesi nas\u0131l se\u00e7ilir?<\/strong><\/h2>    <p>Bir so\u011fan tozu yapma makinesi se\u00e7erken a\u015fa\u011f\u0131daki fakt\u00f6rlere dayanman\u0131z \u00f6nerilir:<\/p>    <ul class=\"wp-block-list\"> <li>Gerekli saatlik \u00e7\u0131kt\u0131<\/li>    <li>Hammadde tipi ve boyutu<\/li>    <li>Biten \u00fcr\u00fcn\u00fcn gereken inceli\u011fi<\/li>    <li>Site ve g\u00fc\u00e7 kayna\u011f\u0131 ko\u015fullar\u0131<\/li> <\/ul>    <p>Uygun ekipman modelini se\u00e7mek, \u00fcretim verimlili\u011fini art\u0131rmaya ve i\u015fletme maliyetlerini azaltmaya yard\u0131mc\u0131 olur.<\/p>   <div class=\"wp-block-image\"> <figure class=\"aligncenter size-full\"><img loading=\"lazy\" decoding=\"async\" width=\"720\" height=\"540\" src=\"https:\/\/gingermachines.com\/wp-content\/uploads\/2026\/03\/onion-powder-making-machine.webp\" alt=\"so\u011fan tozu yapma makinesi\" class=\"wp-image-421\" title=\"\" srcset=\"https:\/\/gingermachines.com\/wp-content\/uploads\/2026\/03\/onion-powder-making-machine.webp 720w, https:\/\/gingermachines.com\/wp-content\/uploads\/2026\/03\/onion-powder-making-machine-300x225.webp 300w, https:\/\/gingermachines.com\/wp-content\/uploads\/2026\/03\/onion-powder-making-machine-16x12.webp 16w\" sizes=\"auto, (max-width: 720px) 100vw, 720px\" \/><figcaption class=\"wp-element-caption\">so\u011fan tozu yapma makinesi<\/figcaption><\/figure> <\/div>   <h2 class=\"wp-block-heading\"><strong>Hemen teklif almak i\u00e7in bizimle ileti\u015fime ge\u00e7in!<\/strong><\/h2>    <p class=\"translation-block\">So\u011fan tozu yapma makinesi, so\u011fan\u0131n derin i\u015flenmesi i\u00e7in temel bir ekipmand\u0131r. Ayr\u0131ca, tam bir so\u011fan i\u015fleme seti de sunuyoruz, bunlar aras\u0131nda <a href=\"https:\/\/gingermachines.com\/tr\/product\/automatic-onion-peeling-machine\/\">so\u011fan soyucu<\/a>, <a href=\"https:\/\/gingermachines.com\/tr\/product\/onion-cutting-machine\/\">so\u011fan kesme makinesi<\/a> ve <a href=\"https:\/\/gingermachines.com\/tr\/product\/onion-drying-machine\/\">so\u011fan kurutucu<\/a> bulunur, b\u00f6ylece hammaddeden nihai so\u011fan tozuna kadar tam bir \u00fcretim s\u00fcreci sa\u011flar.<\/p>    <p>Detayl\u0131 fiyat teklifi almak isterseniz, l\u00fctfen bizimle ileti\u015fime ge\u00e7mekten \u00e7ekinmeyin. Ekipman konfig\u00fcrasyonu konusunda uzman tavsiyeleri sa\u011flayaca\u011f\u0131z.<\/p>","protected":false},"excerpt":{"rendered":"<p>This article primarily introduces our onion powder making machine. Our onion grinder is constructed from stainless steel. It is suitable for processing onions, ginger, chili peppers, grains, and similar products. Its processing capacity ranges from 10 to 1,500 kilograms per hour, producing a finished product with a fineness ranging from 20 to 120 mesh.<\/p>","protected":false},"author":1,"featured_media":425,"parent":0,"template":"","tags":[9],"product-type":[6],"class_list":["post-414","product","type-product","status-publish","has-post-thumbnail","hentry","tag-onion","product-type-products"],"_links":{"self":[{"href":"https:\/\/gingermachines.com\/tr\/wp-json\/wp\/v2\/product\/414","targetHints":{"allow":["GET"]}}],"collection":[{"href":"https:\/\/gingermachines.com\/tr\/wp-json\/wp\/v2\/product"}],"about":[{"href":"https:\/\/gingermachines.com\/tr\/wp-json\/wp\/v2\/types\/product"}],"author":[{"embeddable":true,"href":"https:\/\/gingermachines.com\/tr\/wp-json\/wp\/v2\/users\/1"}],"wp:featuredmedia":[{"embeddable":true,"href":"https:\/\/gingermachines.com\/tr\/wp-json\/wp\/v2\/media\/425"}],"wp:attachment":[{"href":"https:\/\/gingermachines.com\/tr\/wp-json\/wp\/v2\/media?parent=414"}],"wp:term":[{"taxonomy":"post_tag","embeddable":true,"href":"https:\/\/gingermachines.com\/tr\/wp-json\/wp\/v2\/tags?post=414"},{"taxonomy":"product-type","embeddable":true,"href":"https:\/\/gingermachines.com\/tr\/wp-json\/wp\/v2\/product-type?post=414"}],"curies":[{"name":"wp","href":"https:\/\/api.w.org\/{rel}","templated":true}]}}