{"id":387,"date":"2026-03-11T14:34:05","date_gmt":"2026-03-11T06:34:05","guid":{"rendered":"https:\/\/gingermachines.com\/?post_type=product&#038;p=387"},"modified":"2026-03-11T14:37:16","modified_gmt":"2026-03-11T06:37:16","slug":"onion-drying-machine","status":"publish","type":"product","link":"https:\/\/gingermachines.com\/tr\/product\/onion-drying-machine\/","title":{"rendered":"So\u011fan Kurutma Makinesi"},"content":{"rendered":"<p class=\"translation-block\">So\u011fan kurutma makinesi, elektrikle \u0131s\u0131t\u0131lan s\u0131cak hava sirk\u00fclasyon teknolojisini kullanan bir cihazd\u0131r. Kurutma kapasitesi yakla\u015f\u0131k 100\u2013600 kg\/parti. So\u011fan kurutucumuz, so\u011fanlar, mantarlar, biberler, \u00c7in t\u0131bbi bitkileri, sosisler, k\u00fc\u00e7\u00fck karidesler, kuru kay\u0131s\u0131lar ve kuru erikler dahil olmak \u00fczere \u00e7e\u015fitli malzemeler i\u00e7in uygundur.<\/p>    <p>Taizy so\u011fan kurutma makinesi, dola\u015f\u0131m fan\u0131 ve egzoz fan\u0131 ile donat\u0131lm\u0131\u015ft\u0131r, s\u00fcrekli s\u0131cak hava sirk\u00fclasyonu ile e\u015fit kurutma sa\u011flar. Ayr\u0131ca, s\u0131cakl\u0131k, nem ve kurutma s\u00fcresi kontrol paneli arac\u0131l\u0131\u011f\u0131yla ayarlanabilir. Kurutma ekipman\u0131 ar\u0131yorsan\u0131z, l\u00fctfen bizimle ileti\u015fime ge\u00e7in!<\/p>    <h2 class=\"wp-block-heading\"><strong>so\u011fan kurutma makinesinin \u00f6zellikleri<\/strong><\/h2>    <p class=\"translation-block\">1. <strong>S\u0131cak hava sirk\u00fclasyon sistemi<\/strong><\/p>    <p>Ekipman, kurutma odas\u0131nda s\u0131cak havay\u0131 s\u00fcrekli dola\u015ft\u0131rmak i\u00e7in bir dola\u015f\u0131m fan\u0131 ile donat\u0131lm\u0131\u015ft\u0131r, bu da her tepsinin e\u015fit \u0131s\u0131nmas\u0131n\u0131 sa\u011flar.<\/p>    <p class=\"translation-block\">2. <strong>Ak\u0131ll\u0131 kontrol sistemi<\/strong><\/p>    <p>Kontrol kabini, kullan\u0131c\u0131lar\u0131n ayarlamas\u0131na olanak tan\u0131yan dijital bir kontrol paneli ile donat\u0131lm\u0131\u015ft\u0131r:<\/p>    <ul class=\"wp-block-list\"> <li>S\u0131cakl\u0131k<\/li>    <li>Nem<\/li>    <li>Kurutma s\u00fcresi<\/li>    <li>Zaman aral\u0131\u011f\u0131<\/li> <\/ul>    <p class=\"translation-block\">3. <strong>Yal\u0131t\u0131m yap\u0131 tasar\u0131m\u0131<\/strong><\/p>    <p>Kurutma odas\u0131, 7.5 cm kal\u0131nl\u0131\u011f\u0131nda ta\u015f y\u00fcn\u00fc yal\u0131t\u0131m paneli ile in\u015fa edilmi\u015ftir, m\u00fckemmel yal\u0131t\u0131m performans\u0131 sa\u011flar ve \u0131s\u0131 kayb\u0131n\u0131 etkili bir \u015fekilde azalt\u0131r.<\/p>    <p class=\"translation-block\">4. <strong>\u00d6zelle\u015ftirilebilir tepsi malzemesi<\/strong><\/p>    <p>Standart tepsi, galvanizli bir tepsidir, ancak iste\u011fe ba\u011fl\u0131 \u00f6zel se\u00e7enekler mevcuttur:<\/p>    <ul class=\"wp-block-list\"> <li>Paslanmaz \u00e7elik tepsiler<\/li>    <li>Plastik tepsiler<\/li> <\/ul>    <p class=\"translation-block\">5. <strong>Elektrikli \u0131s\u0131tma yap\u0131s\u0131<\/strong><\/p>    <p>So\u011fan kurutma makinesi elektrikli \u0131s\u0131tma kullan\u0131r; \u0131s\u0131tma eleman\u0131, dola\u015f\u0131m fan\u0131n\u0131n \u00fcst\u00fcne yerle\u015ftirilmi\u015ftir, b\u00f6ylece s\u0131cak hava kurutma alan\u0131na h\u0131zla yay\u0131labilir.<\/p>    <figure class=\"wp-block-gallery has-nested-images columns-default is-cropped wp-block-gallery-2 is-layout-flex wp-block-gallery-is-layout-flex\"> <figure class=\"wp-block-image size-large\"><img loading=\"lazy\" decoding=\"async\" width=\"720\" height=\"540\" data-id=\"391\" src=\"https:\/\/gingermachines.com\/wp-content\/uploads\/2026\/03\/onion-slice-drying-machine.webp\" alt=\"Paslanmaz \u00c7elik Sebze ve So\u011fan Kurutucu Makinesinin Tepsisi\" class=\"wp-image-391\" title=\"\" srcset=\"https:\/\/gingermachines.com\/wp-content\/uploads\/2026\/03\/onion-slice-drying-machine.webp 720w, https:\/\/gingermachines.com\/wp-content\/uploads\/2026\/03\/onion-slice-drying-machine-300x225.webp 300w, https:\/\/gingermachines.com\/wp-content\/uploads\/2026\/03\/onion-slice-drying-machine-16x12.webp 16w\" sizes=\"auto, (max-width: 720px) 100vw, 720px\" \/><figcaption class=\"wp-element-caption\">So\u011fan Kurutma Makinesi<\/figcaption><\/figure>    <figure class=\"wp-block-image size-large\"><img loading=\"lazy\" decoding=\"async\" width=\"720\" height=\"540\" data-id=\"390\" src=\"https:\/\/gingermachines.com\/wp-content\/uploads\/2026\/03\/circulating-fan.webp\" alt=\"circulating fan of onion dryer\" class=\"wp-image-390\" title=\"\" srcset=\"https:\/\/gingermachines.com\/wp-content\/uploads\/2026\/03\/circulating-fan.webp 720w, https:\/\/gingermachines.com\/wp-content\/uploads\/2026\/03\/circulating-fan-300x225.webp 300w, https:\/\/gingermachines.com\/wp-content\/uploads\/2026\/03\/circulating-fan-16x12.webp 16w\" sizes=\"auto, (max-width: 720px) 100vw, 720px\" \/><figcaption class=\"wp-element-caption\">So\u011fan Kurutucunun Dola\u015f\u0131m Fan\u0131<\/figcaption><\/figure>    <figure class=\"wp-block-image size-large\"><img loading=\"lazy\" decoding=\"async\" width=\"720\" height=\"540\" data-id=\"389\" src=\"https:\/\/gingermachines.com\/wp-content\/uploads\/2026\/03\/operation-screen-of-electric-heating-dryer.webp\" alt=\"operation screen of electric heating dryer\" class=\"wp-image-389\" title=\"\" srcset=\"https:\/\/gingermachines.com\/wp-content\/uploads\/2026\/03\/operation-screen-of-electric-heating-dryer.webp 720w, https:\/\/gingermachines.com\/wp-content\/uploads\/2026\/03\/operation-screen-of-electric-heating-dryer-300x225.webp 300w, https:\/\/gingermachines.com\/wp-content\/uploads\/2026\/03\/operation-screen-of-electric-heating-dryer-16x12.webp 16w\" sizes=\"auto, (max-width: 720px) 100vw, 720px\" \/><figcaption class=\"wp-element-caption\">Elektrikli Is\u0131tmal\u0131 Kurutucunun \u0130\u015flem Ekran\u0131<\/figcaption><\/figure> <\/figure>    <figure class=\"wp-block-gallery has-nested-images columns-default is-cropped wp-block-gallery-3 is-layout-flex wp-block-gallery-is-layout-flex\"> <figure class=\"wp-block-image size-large\"><img loading=\"lazy\" decoding=\"async\" width=\"720\" height=\"540\" data-id=\"394\" src=\"https:\/\/gingermachines.com\/wp-content\/uploads\/2026\/03\/galvanized-tray-of-onion-slice-dryer.webp\" alt=\"So\u011fanlar i\u00e7in Kurutucu Makinesinin Plastik Tepsisi\" class=\"wp-image-394\" title=\"\" srcset=\"https:\/\/gingermachines.com\/wp-content\/uploads\/2026\/03\/galvanized-tray-of-onion-slice-dryer.webp 720w, https:\/\/gingermachines.com\/wp-content\/uploads\/2026\/03\/galvanized-tray-of-onion-slice-dryer-300x225.webp 300w, https:\/\/gingermachines.com\/wp-content\/uploads\/2026\/03\/galvanized-tray-of-onion-slice-dryer-16x12.webp 16w\" sizes=\"auto, (max-width: 720px) 100vw, 720px\" \/><figcaption class=\"wp-element-caption\">so\u011fan dilim kurutucunun galvanizli tepsileri<\/figcaption><\/figure>    <figure class=\"wp-block-image size-large\"><img loading=\"lazy\" decoding=\"async\" width=\"720\" height=\"540\" data-id=\"393\" src=\"https:\/\/gingermachines.com\/wp-content\/uploads\/2026\/03\/stainless-steel-tray-of-vegetable-onion-drying-machine.webp\" alt=\"Galvanizli So\u011fan Dilimi Kurutucu Tepsisi\" class=\"wp-image-393\" title=\"\" srcset=\"https:\/\/gingermachines.com\/wp-content\/uploads\/2026\/03\/stainless-steel-tray-of-vegetable-onion-drying-machine.webp 720w, https:\/\/gingermachines.com\/wp-content\/uploads\/2026\/03\/stainless-steel-tray-of-vegetable-onion-drying-machine-300x225.webp 300w, https:\/\/gingermachines.com\/wp-content\/uploads\/2026\/03\/stainless-steel-tray-of-vegetable-onion-drying-machine-16x12.webp 16w\" sizes=\"auto, (max-width: 720px) 100vw, 720px\" \/><figcaption class=\"wp-element-caption\">Sebze So\u011fan Kurutma Makinesinin Paslanmaz \u00c7elik Tepsileri<\/figcaption><\/figure>    <figure class=\"wp-block-image size-large\"><img loading=\"lazy\" decoding=\"async\" width=\"720\" height=\"540\" data-id=\"392\" src=\"https:\/\/gingermachines.com\/wp-content\/uploads\/2026\/03\/plastic-tray-of-dryer-machine-for-onions.webp\" alt=\"So\u011fan Kurutucu D\u00f6ner Fan\u0131\" class=\"wp-image-392\" title=\"\" srcset=\"https:\/\/gingermachines.com\/wp-content\/uploads\/2026\/03\/plastic-tray-of-dryer-machine-for-onions.webp 720w, https:\/\/gingermachines.com\/wp-content\/uploads\/2026\/03\/plastic-tray-of-dryer-machine-for-onions-300x225.webp 300w, https:\/\/gingermachines.com\/wp-content\/uploads\/2026\/03\/plastic-tray-of-dryer-machine-for-onions-16x12.webp 16w\" sizes=\"auto, (max-width: 720px) 100vw, 720px\" \/><figcaption class=\"wp-element-caption\">So\u011fanlar i\u00e7in Kurutucu Makinenin Plastik Tepsileri<\/figcaption><\/figure> <\/figure>    <h2 class=\"wp-block-heading\"><strong>So\u011fan dilim kurutucu nas\u0131l \u00e7al\u0131\u015f\u0131r?<\/strong><\/h2>    <p>Taizy so\u011fan kurutma makinesi, malzemelerin stabil s\u0131cakl\u0131k ko\u015fullar\u0131 alt\u0131nda verimli bir \u015fekilde kurutulmas\u0131n\u0131 sa\u011flamak i\u00e7in s\u00fcrekli \u0131s\u0131tma, sirk\u00fclasyon ve nem alma s\u00fcrecini kullan\u0131r.<\/p>    <ol class=\"wp-block-list\"> <li><strong>Elektrikli \u0131s\u0131tma s\u0131cak hava \u00fcretir<\/strong>: Elektrikli \u0131s\u0131tma, kurutma odas\u0131n\u0131n i\u00e7indeki s\u0131cakl\u0131\u011f\u0131 h\u0131zla art\u0131r\u0131r.<\/li>    <li><strong>Dola\u015f\u0131m fan\u0131 havay\u0131 e\u015fit \u015fekilde da\u011f\u0131t\u0131r<\/strong>: Dola\u015f\u0131m fan\u0131, hava kanallar\u0131 arac\u0131l\u0131\u011f\u0131yla havadan \u0131s\u0131y\u0131 da\u011f\u0131tarak kurutma odas\u0131nda e\u015fit \u0131s\u0131 da\u011f\u0131l\u0131m\u0131n\u0131 sa\u011flar.<\/li>    <li><strong>S\u0131cak hava, malzeme tepsilerine y\u00f6nlendirilir<\/strong>: S\u0131cak hava, tepsilerdeki malzemelere s\u00fcrekli \u00fcflenir, bu da nemin h\u0131zl\u0131 bir \u015fekilde buharla\u015fmas\u0131n\u0131 sa\u011flar ve e\u015fit kurutma elde eder.<\/li>    <li><strong>Nem alma sistemi nemi giderir<\/strong>: Nem alma fan\u0131, kurutma s\u00fcrecinde olu\u015fan nemi gidererek kuru bir ortam sa\u011flar.<\/li> <\/ol>    <figure class=\"wp-block-gallery has-nested-images columns-default is-cropped wp-block-gallery-4 is-layout-flex wp-block-gallery-is-layout-flex\"> <figure class=\"wp-block-image size-large\"><img loading=\"lazy\" decoding=\"async\" width=\"540\" height=\"720\" data-id=\"397\" src=\"https:\/\/gingermachines.com\/wp-content\/uploads\/2026\/03\/vegetable-drying-machine.webp\" alt=\"sebze kurutma makinesi\" class=\"wp-image-397\" title=\"\" srcset=\"https:\/\/gingermachines.com\/wp-content\/uploads\/2026\/03\/vegetable-drying-machine.webp 540w, https:\/\/gingermachines.com\/wp-content\/uploads\/2026\/03\/vegetable-drying-machine-225x300.webp 225w, https:\/\/gingermachines.com\/wp-content\/uploads\/2026\/03\/vegetable-drying-machine-9x12.webp 9w\" sizes=\"auto, (max-width: 540px) 100vw, 540px\" \/><figcaption class=\"wp-element-caption\">Sebze Kurutma Makinesi<\/figcaption><\/figure>    <figure class=\"wp-block-image size-large\"><img loading=\"lazy\" decoding=\"async\" width=\"540\" height=\"720\" data-id=\"396\" src=\"https:\/\/gingermachines.com\/wp-content\/uploads\/2026\/03\/onion-drying-equipment.webp\" alt=\"onion drying equipment\" class=\"wp-image-396\" title=\"\" srcset=\"https:\/\/gingermachines.com\/wp-content\/uploads\/2026\/03\/onion-drying-equipment.webp 540w, https:\/\/gingermachines.com\/wp-content\/uploads\/2026\/03\/onion-drying-equipment-225x300.webp 225w, https:\/\/gingermachines.com\/wp-content\/uploads\/2026\/03\/onion-drying-equipment-9x12.webp 9w\" sizes=\"auto, (max-width: 540px) 100vw, 540px\" \/><figcaption class=\"wp-element-caption\">So\u011fan Kurutma Ekipman\u0131<\/figcaption><\/figure>    <figure class=\"wp-block-image size-large\"><img loading=\"lazy\" decoding=\"async\" width=\"540\" height=\"720\" data-id=\"395\" src=\"https:\/\/gingermachines.com\/wp-content\/uploads\/2026\/03\/onion-dryer-machine.webp\" alt=\"So\u011fan Kurutma Makinesi\" class=\"wp-image-395\" title=\"\" srcset=\"https:\/\/gingermachines.com\/wp-content\/uploads\/2026\/03\/onion-dryer-machine.webp 540w, https:\/\/gingermachines.com\/wp-content\/uploads\/2026\/03\/onion-dryer-machine-225x300.webp 225w, https:\/\/gingermachines.com\/wp-content\/uploads\/2026\/03\/onion-dryer-machine-9x12.webp 9w\" sizes=\"auto, (max-width: 540px) 100vw, 540px\" \/><figcaption class=\"wp-element-caption\">So\u011fan Kurutma Makinesi<\/figcaption><\/figure> <\/figure>    <h2 class=\"wp-block-heading\"><strong>So\u011fan kurutma makinesinin uygulamalar\u0131 nelerdir?<\/strong><\/h2>    <p>So\u011fan kurutma makinesi geni\u015f bir uygulama yelpazesine sahiptir ve \u00e7e\u015fitli g\u0131da ve tar\u0131m \u00fcr\u00fcnlerini kurutmak i\u00e7in kullan\u0131labilir.<\/p>    <ul class=\"wp-block-list\"> <li><strong>Et \u00fcr\u00fcn\u00fc<\/strong>: Tuzlu domuz eti, sosisler, domuz jerky<\/li>    <li><strong>Sulu \u00fcr\u00fcn<\/strong>: K\u00fc\u00e7\u00fck bal\u0131k, k\u00fc\u00e7\u00fck karides<\/li>    <li><strong>Tar\u0131m \u00fcr\u00fcn\u00fc<\/strong>: So\u011fanlar, biberler, mantarlar, kuru sebzeler<\/li>    <li><strong>Kuru meyve<\/strong>: Kuru kay\u0131s\u0131, kuru erik, kuru mango, \u015fekerli meyveler<\/li>    <li><strong>Geleneksel \u00c7in t\u0131bbi malzemesi:<\/strong> \u00c7e\u015fitli k\u00f6k ve yaprak t\u0131bbi malzemeler<\/li> <\/ul>    <p>So\u011fan kurutma makinesi, malzemelerin rengini, lezzetini ve besin de\u011ferini daha iyi koruyabilen sabit s\u0131cakl\u0131k s\u0131cak hava kurutma y\u00f6ntemini kullan\u0131r.<\/p>   <div class=\"wp-block-image\"> <figure class=\"aligncenter size-full\"><img loading=\"lazy\" decoding=\"async\" width=\"720\" height=\"540\" src=\"https:\/\/gingermachines.com\/wp-content\/uploads\/2026\/03\/application-of-onion-dryer.webp\" alt=\"so\u011fan kurutucu uygulamas\u0131\" class=\"wp-image-398\" title=\"\" srcset=\"https:\/\/gingermachines.com\/wp-content\/uploads\/2026\/03\/application-of-onion-dryer.webp 720w, https:\/\/gingermachines.com\/wp-content\/uploads\/2026\/03\/application-of-onion-dryer-300x225.webp 300w, https:\/\/gingermachines.com\/wp-content\/uploads\/2026\/03\/application-of-onion-dryer-16x12.webp 16w\" sizes=\"auto, (max-width: 720px) 100vw, 720px\" \/><figcaption class=\"wp-element-caption\">so\u011fan kurutucu uygulamas\u0131<\/figcaption><\/figure> <\/div>   <h2 class=\"wp-block-heading\"><strong>So\u011fan kurutma makinesi teknik parametreleri<\/strong><\/h2>    <p>\u00c7e\u015fitli so\u011fan kurutma makinesi modelleri sunuyoruz. A\u015fa\u011f\u0131da referans\u0131n\u0131z i\u00e7in detayl\u0131 spesifikasyonlar\u0131 bulunmaktad\u0131r:<\/p>    <figure class=\"wp-block-table\"><table><thead><tr><th>Model<\/th><th>Tepsi katman say\u0131s\u0131<\/th><th>Tepsi katman say\u0131s\u0131<\/th><th>Genel boyut (mm)<\/th><th>Tepsi boyutu (mm)<\/th><th>G\u00fc\u00e7(kw)<\/th><th>Dola\u015f\u0131m fanlar\u0131(kw)<\/th><th>Egzoz fanlar\u0131(kw)<\/th><th>Malzeme<\/th><\/tr><\/thead><tbody><tr><td>TZ-20<\/td><td>20<\/td><td>Yakla\u015f\u0131k 100kg<\/td><td>1100\u00d71100\u00d72200<\/td><td>800\u00d7600<\/td><td>6<\/td><td>2\u00d70.37<\/td><td>1\u00d70.18<\/td><td>Ta\u015f y\u00fcn\u00fc<\/td><\/tr><tr><td>TZ-40<\/td><td>40<\/td><td>Yakla\u015f\u0131k 200kg<\/td><td>2200\u00d71100\u00d72200<\/td><td>800\u00d71000<\/td><td>13.5<\/td><td>2\u00d70.37<\/td><td>1\u00d70.18<\/td><td>Ta\u015f y\u00fcn\u00fc<\/td><\/tr><tr><td>TZ-80<\/td><td>80<\/td><td>Yakla\u015f\u0131k 400kg<\/td><td>2000\u00d71800\u00d72200<\/td><td>800\u00d7600<\/td><td>27<\/td><td>4\u00d70.37<\/td><td>2\u00d70.18k<\/td><td>Ta\u015f y\u00fcn\u00fc<\/td><\/tr><tr><td>TZ-120<\/td><td>120<\/td><td>Yakla\u015f\u0131k 600kg<\/td><td>2600\u00d71800\u00d72200<\/td><td>800\u00d7600<\/td><td>36<\/td><td>4\u00d70.37<\/td><td>2\u00d70.37<\/td><td>Ta\u015f y\u00fcn\u00fc<\/td><\/tr><\/tbody><\/table><figcaption class=\"wp-element-caption\">so\u011fan kurutma ekipman\u0131n\u0131n parametreleri<\/figcaption><\/figure>    <h2 class=\"wp-block-heading\"><strong>Sat\u0131l\u0131k di\u011fer so\u011fan kurutucular<\/strong><\/h2>    <p>Elektrikli \u0131s\u0131tmal\u0131 so\u011fan kurutma makinesinin yan\u0131 s\u0131ra, b\u00fcy\u00fck \u00f6l\u00e7ekli \u00fcretim ihtiya\u00e7lar\u0131na uygun \u00e7e\u015fitli y\u00fcksek kapasiteli kurutma ekipmanlar\u0131 da sunuyoruz. Bu kurutma \u00fcniteleri, m\u00fc\u015fteri ihtiya\u00e7lar\u0131na g\u00f6re farkl\u0131 \u0131s\u0131 kaynaklar\u0131 ile donat\u0131labilir, \u00f6rne\u011fin:<\/p>    <ul class=\"wp-block-list\"> <li>Biyok\u00fctle pelet<\/li>    <li>Dizel<\/li>    <li>Do\u011fal gaz<\/li>    <li>S\u0131v\u0131la\u015ft\u0131r\u0131lm\u0131\u015f petrol gaz\u0131<\/li>    <li>Hava kaynakl\u0131 \u0131s\u0131 pompas\u0131<\/li> <\/ul>    <p>Elektrikli \u0131s\u0131tmal\u0131 so\u011fan kurutucuyla kar\u015f\u0131la\u015ft\u0131r\u0131ld\u0131\u011f\u0131nda, bu \u00fcniteler genellikle daha b\u00fcy\u00fck ve daha y\u00fcksek tek seferlik i\u015fleme kapasitesine sahiptir. Daha fazla bilgi almak isterseniz, l\u00fctfen bizimle ileti\u015fime ge\u00e7in!<\/p>    <figure class=\"wp-block-gallery has-nested-images columns-default is-cropped wp-block-gallery-5 is-layout-flex wp-block-gallery-is-layout-flex\"> <figure class=\"wp-block-image size-large\"><img loading=\"lazy\" decoding=\"async\" width=\"720\" height=\"540\" data-id=\"399\" src=\"https:\/\/gingermachines.com\/wp-content\/uploads\/2026\/03\/large-onion-dryer-machine.webp\" alt=\"large onion dryer machine\" class=\"wp-image-399\" title=\"\" srcset=\"https:\/\/gingermachines.com\/wp-content\/uploads\/2026\/03\/large-onion-dryer-machine.webp 720w, https:\/\/gingermachines.com\/wp-content\/uploads\/2026\/03\/large-onion-dryer-machine-300x225.webp 300w, https:\/\/gingermachines.com\/wp-content\/uploads\/2026\/03\/large-onion-dryer-machine-16x12.webp 16w\" sizes=\"auto, (max-width: 720px) 100vw, 720px\" \/><figcaption class=\"wp-element-caption\">B\u00fcy\u00fck So\u011fan Kurutma Makinesi<\/figcaption><\/figure>    <figure class=\"wp-block-image size-large\"><img loading=\"lazy\" decoding=\"async\" width=\"720\" height=\"540\" data-id=\"400\" src=\"https:\/\/gingermachines.com\/wp-content\/uploads\/2026\/03\/large-onion-dryer.webp\" alt=\"large onion dryer\" class=\"wp-image-400\" title=\"\" srcset=\"https:\/\/gingermachines.com\/wp-content\/uploads\/2026\/03\/large-onion-dryer.webp 720w, https:\/\/gingermachines.com\/wp-content\/uploads\/2026\/03\/large-onion-dryer-300x225.webp 300w, https:\/\/gingermachines.com\/wp-content\/uploads\/2026\/03\/large-onion-dryer-16x12.webp 16w\" sizes=\"auto, (max-width: 720px) 100vw, 720px\" \/><figcaption class=\"wp-element-caption\">B\u00fcy\u00fck So\u011fan Kurutma Makinesi<\/figcaption><\/figure> <\/figure>    <h2 class=\"wp-block-heading\"><strong>so\u011fan kurutma makinesi fiyat\u0131<\/strong><\/h2>    <p>Bir so\u011fan kurutucunun fiyat\u0131, ekipman modeli, g\u00fc\u00e7 konfig\u00fcrasyonu, tepsi say\u0131s\u0131, malzeme se\u00e7imi ve kurutma kapasitesi gibi fakt\u00f6rlere ba\u011fl\u0131 olarak de\u011fi\u015fir. Farkl\u0131 m\u00fc\u015fterilerin farkl\u0131 i\u015fleme ihtiya\u00e7lar\u0131 vard\u0131r, bu da fiyat\u0131 etkiler.<\/p>    <p>Genellikle, k\u00fc\u00e7\u00fck elektrikli \u0131s\u0131tmal\u0131 so\u011fan dilim kurutma makineleri, k\u00fc\u00e7\u00fck ve orta \u00f6l\u00e7ekli i\u015fleme i\u00e7in uygundur. Daha b\u00fcy\u00fck bir kapasite veya farkl\u0131 bir \u0131s\u0131 kayna\u011f\u0131na sahip bir kurutma ekipman\u0131 gerekiyorsa, \u00f6zelle\u015ftirilmi\u015f \u00e7\u00f6z\u00fcmler de sa\u011flayabiliriz.<\/p>   <div class=\"wp-block-image\"> <figure class=\"aligncenter size-full\"><img loading=\"lazy\" decoding=\"async\" width=\"720\" height=\"540\" src=\"https:\/\/gingermachines.com\/wp-content\/uploads\/2026\/03\/vegetable-dryer.webp\" alt=\"sebze kurutucu\" class=\"wp-image-401\" title=\"\" srcset=\"https:\/\/gingermachines.com\/wp-content\/uploads\/2026\/03\/vegetable-dryer.webp 720w, https:\/\/gingermachines.com\/wp-content\/uploads\/2026\/03\/vegetable-dryer-300x225.webp 300w, https:\/\/gingermachines.com\/wp-content\/uploads\/2026\/03\/vegetable-dryer-16x12.webp 16w\" sizes=\"auto, (max-width: 720px) 100vw, 720px\" \/><figcaption class=\"wp-element-caption\">sebze kurutucu<\/figcaption><\/figure> <\/div>   <h2 class=\"wp-block-heading\"><strong>Neden Taizy'i tedarik\u00e7i olarak se\u00e7melisiniz?<\/strong><\/h2>    <p>Yaln\u0131zca y\u00fcksek kaliteli so\u011fan kurutma makineleri sa\u011flamakla kalm\u0131yor, ayn\u0131 zamanda tam so\u011fan i\u015fleme ekipman\u0131 \u00e7\u00f6z\u00fcmleri de sunuyoruz. So\u011fan kurutucular\u0131n yan\u0131 s\u0131ra, ayr\u0131ca \u00e7e\u015fitli di\u011fer ekipmanlar da sa\u011fl\u0131yoruz:<\/p>    <ul class=\"wp-block-list\"> <li><a href=\"https:\/\/gingermachines.com\/tr\/product\/automatic-onion-peeling-machine\/\">So\u011fan soyma makinesi<\/a><\/li>    <li><a href=\"https:\/\/gingermachines.com\/tr\/product\/onion-root-cutting-machine\/\">So\u011fan k\u00f6k\u00fc kesme makinesi<\/a><\/li>    <li><a href=\"https:\/\/gingermachines.com\/tr\/product\/onion-cutting-machine\/\">So\u011fan do\u011frama makinesi<\/a><\/li> <\/ul>    <p>M\u00fc\u015fterilere y\u0131kama, soyma, kesme ve kurutma i\u015flemlerini entegre bir \u015fekilde ger\u00e7ekle\u015ftirmelerine yard\u0131mc\u0131 olabiliriz, bu da \u00fcretim verimlili\u011fini \u00f6nemli \u00f6l\u00e7\u00fcde art\u0131r\u0131r ve i\u015f g\u00fcc\u00fc maliyetlerini azalt\u0131r.<\/p>    <p>Ayr\u0131ca, Taizy olgun \u00fcretim deneyimine ve kapsaml\u0131 bir sat\u0131\u015f sonras\u0131 hizmet sistemine sahiptir. Ekipman\u0131m\u0131z bir\u00e7ok \u00fclke ve b\u00f6lgeye ihra\u00e7 edilmi\u015ftir.<\/p>    <h2 class=\"wp-block-heading\"><strong>Bug\u00fcn sorgunuzu ba\u015flat\u0131n!<\/strong><\/h2>    <p>So\u011fan kurutma makinesi hakk\u0131nda detayl\u0131 spesifikasyonlar, konfig\u00fcrasyonlar veya fiyat bilgisi i\u00e7in l\u00fctfen bizimle ileti\u015fime ge\u00e7in. \u0130\u015fleme malzemelerinize ve \u00fcretim ihtiya\u00e7lar\u0131n\u0131za g\u00f6re uygun ekipman modelleri \u00f6nerebilir ve en son fiyat tekliflerini sa\u011flayabiliriz!<\/p>","protected":false},"excerpt":{"rendered":"<p>This article introduces the structural features, working principle, and application range of the onion drying machine. This equipment uses electrically heated hot air circulating drying technology, with a capacity of approximately 100-600kg\/batch. It is suitable for onions, mushrooms, peppers, Chinese medicinal herbs, cured meat, sausages, small fish, small shrimp, dried vegetables, and preserved fruits, among others.<\/p>","protected":false},"author":1,"featured_media":388,"parent":0,"template":"","tags":[9],"product-type":[6],"class_list":["post-387","product","type-product","status-publish","has-post-thumbnail","hentry","tag-onion","product-type-products"],"_links":{"self":[{"href":"https:\/\/gingermachines.com\/tr\/wp-json\/wp\/v2\/product\/387","targetHints":{"allow":["GET"]}}],"collection":[{"href":"https:\/\/gingermachines.com\/tr\/wp-json\/wp\/v2\/product"}],"about":[{"href":"https:\/\/gingermachines.com\/tr\/wp-json\/wp\/v2\/types\/product"}],"author":[{"embeddable":true,"href":"https:\/\/gingermachines.com\/tr\/wp-json\/wp\/v2\/users\/1"}],"wp:featuredmedia":[{"embeddable":true,"href":"https:\/\/gingermachines.com\/tr\/wp-json\/wp\/v2\/media\/388"}],"wp:attachment":[{"href":"https:\/\/gingermachines.com\/tr\/wp-json\/wp\/v2\/media?parent=387"}],"wp:term":[{"taxonomy":"post_tag","embeddable":true,"href":"https:\/\/gingermachines.com\/tr\/wp-json\/wp\/v2\/tags?post=387"},{"taxonomy":"product-type","embeddable":true,"href":"https:\/\/gingermachines.com\/tr\/wp-json\/wp\/v2\/product-type?post=387"}],"curies":[{"name":"wp","href":"https:\/\/api.w.org\/{rel}","templated":true}]}}