{"id":37,"date":"2022-09-07T01:59:01","date_gmt":"2022-09-06T17:59:01","guid":{"rendered":"https:\/\/gingermachines.com\/?post_type=product&#038;p=37"},"modified":"2023-08-18T10:55:57","modified_gmt":"2023-08-18T02:55:57","slug":"ginger-grinding-machine","status":"publish","type":"product","link":"https:\/\/gingermachines.com\/tr\/product\/ginger-grinding-machine\/","title":{"rendered":"Zencefil \u00d6\u011f\u00fct\u00fcc\u00fc Makinesi"},"content":{"rendered":"<p class=\"translation-block\">Zencefil \u00f6\u011f\u00fctme makinesi , genellikle zencefil \u00f6\u011f\u00fct\u00fcc\u00fc olarak k\u0131salt\u0131l\u0131r, kuru zencefili ince toza \u00f6\u011f\u00fctmek i\u00e7in g\u00fc\u00e7l\u00fc bir ara\u00e7t\u0131r. Ayr\u0131ca, sar\u0131msak, so\u011fan, patates, muz, et, tah\u0131llar, baharatlar, biber, sebze, tah\u0131l, pirin\u00e7, t\u0131bbi bitkiler vb. i\u015flemek i\u00e7in de kullan\u0131l\u0131r. Otomatik zencefil \u00f6\u011f\u00fct\u00fcc\u00fc makinelerinin kapasitesi 10kg\/h ile 500kg\/h aras\u0131nda de\u011fi\u015fir. \u00c7e\u015fitli modeller mevcuttur. Ayr\u0131ca, \u00f6zel gereksinimlerinize uygun OEM\/ODM hizmeti sunma kapasitemiz y\u00fcksektir. <\/p>    <p>T\u00fcm makine, dayan\u0131kl\u0131 ve g\u0131da s\u0131n\u0131f\u0131 304 paslanmaz \u00e7elik g\u00f6vde yap\u0131s\u0131 kullan\u0131r. TAIZY fabrikas\u0131ndan sat\u0131lan zencefil \u00f6\u011f\u00fctme makinesi, y\u00fcksek otomasyon seviyesi, basit yap\u0131 ve k\u00fc\u00e7\u00fck boyut \u00f6zelliklerine sahiptir. G\u00fcvenilir bir sebze \u00f6\u011f\u00fct\u00fcc\u00fc makinesi ar\u0131yorsan\u0131z, bizimle ileti\u015fime ge\u00e7in ve zencefil i\u015finizi en k\u0131sa s\u00fcrede ba\u015flat\u0131n.<\/p>    <h2 class=\"wp-block-heading\" id=\"h-features\">Zencefil \u00f6\u011f\u00fctme makinesinin \u00f6zellikleri<\/h2>    <ol class=\"wp-block-list\" type=\"1\"> <li>Zencefil k\u0131rma makinesi, basit yap\u0131s\u0131 ve makul tasar\u0131m\u0131yla kolayca kullan\u0131labilir ve bak\u0131m yap\u0131labilir.<\/li>    <li>Geni\u015f uygulama alan\u0131. Bu ticari zencefil kar\u0131\u015ft\u0131r\u0131c\u0131 de\u011firmen, sebze i\u015fleme end\u00fcstrisi, ila\u00e7 fabrikas\u0131 ve baharat \u00fcretim tesislerinde yayg\u0131n olarak kullan\u0131l\u0131r.<\/li>    <li>Enerji tasarrufu ve y\u00fcksek verimlilik. Y\u00fcksek \u00e7\u0131k\u0131\u015f, enerji tasarrufu ve y\u00fcksek verim sa\u011flar.<\/li>    <li>Elektrikli zencefil \u00f6\u011f\u00fctme makinesi d\u00fc\u015f\u00fck g\u00fcr\u00fclt\u00fc ve stabil performans sa\u011flar.<\/li>    <li>OEM\/ODM hizmeti, \u00f6zel talebinizi kar\u015f\u0131lamak i\u00e7in mevcuttur.<\/li> <\/ol>    <figure class=\"wp-block-image size-full\"><img loading=\"lazy\" decoding=\"async\" width=\"720\" height=\"540\" src=\"https:\/\/gingermachines.com\/wp-content\/uploads\/2022\/09\/ginger-grinding-machine-structure.jpg\" alt=\"zencefil \u00f6\u011f\u00fctme makinesi yap\u0131s\u0131\" class=\"wp-image-84\" title=\"\" srcset=\"https:\/\/gingermachines.com\/wp-content\/uploads\/2022\/09\/ginger-grinding-machine-structure.jpg 720w, https:\/\/gingermachines.com\/wp-content\/uploads\/2022\/09\/ginger-grinding-machine-structure-300x225.jpg 300w\" sizes=\"auto, (max-width: 720px) 100vw, 720px\" \/><figcaption class=\"wp-element-caption\">Zencefil \u00d6\u011f\u00fctme Makinesi Yap\u0131s\u0131<\/figcaption><\/figure>    <h2 class=\"wp-block-heading\" id=\"h-applications\">Zencefil \u00f6\u011f\u00fct\u00fcc\u00fc makinesinin uygulamalar\u0131<\/h2>    <ul class=\"wp-block-list\" type=\"1\"> <li><strong>G\u0131da i\u015fleme end\u00fcstrisinde<\/strong><\/li> <\/ul>    <p>Otomatik zencefil \u00f6\u011f\u00fctme makinesi, kuru g\u0131da i\u015fleme i\u00e7in idealdir; zencefil, sar\u0131msak, biber, baharatlar, tah\u0131llar, pirin\u00e7, \u015feker, soya fasulyesi vb. i\u015fleyebilir.<\/p>    <ul class=\"wp-block-list\"> <li><strong>End\u00fcstri alan\u0131nda<\/strong><\/li> <\/ul>    <p>Baz\u0131 end\u00fcstriyel at\u0131klar \u00f6\u011f\u00fct\u00fcld\u00fckten sonra geri d\u00f6n\u00fc\u015ft\u00fcr\u00fclebilir, l\u00fctfen \u00f6zel hammaddeleri \u00f6\u011f\u00fctmeden \u00f6nce bizimle ileti\u015fime ge\u00e7in.<\/p>    <ul class=\"wp-block-list\"> <li><strong>\u0130la\u00e7 sanayinde<\/strong><\/li> <\/ul>    <p>Bu \u00f6\u011f\u00fctme makinesi, ila\u00e7 haplar\u0131, bitkiler vb. \u00f6\u011f\u00fctmek i\u00e7in de kullan\u0131labilir. T\u00fcm kuru t\u0131bbi malzemeleri i\u015fleyebilir.<\/p>    <figure class=\"wp-block-image size-full\"><img loading=\"lazy\" decoding=\"async\" width=\"720\" height=\"540\" src=\"https:\/\/gingermachines.com\/wp-content\/uploads\/2022\/09\/ginger-grinder-machine.jpg\" alt=\"zencefil \u00f6\u011f\u00fct\u00fcc\u00fc makinesi\" class=\"wp-image-82\" title=\"\" srcset=\"https:\/\/gingermachines.com\/wp-content\/uploads\/2022\/09\/ginger-grinder-machine.jpg 720w, https:\/\/gingermachines.com\/wp-content\/uploads\/2022\/09\/ginger-grinder-machine-300x225.jpg 300w\" sizes=\"auto, (max-width: 720px) 100vw, 720px\" \/><figcaption class=\"wp-element-caption\">Zencefil \u00d6\u011f\u00fct\u00fcc\u00fc Makinesi<\/figcaption><\/figure>    <h2 class=\"wp-block-heading\" id=\"h-parameters\">TAIZY zencefil \u00f6\u011f\u00fctme makinesi teknik verileri<\/h2>    <figure class=\"wp-block-table\"><table><tbody><tr><td>Model<\/td><td>180<\/td><td>250<\/td><td>320<\/td><td>350<\/td><\/tr><tr><td>Malzemeler<\/td><td>304 <a href=\"https:\/\/en.wikipedia.org\/wiki\/Stainless_steel\" target=\"_blank\" rel=\"noopener\">Paslanmaz \u00c7elik<\/a><\/td><td>304 Paslanmaz \u00c7elik<\/td><td>304 Paslanmaz \u00c7elik<\/td><td>304 Paslanmaz \u00c7elik<\/td><\/tr><tr><td>Gerilim<\/td><td>220\/380<\/td><td>380<\/td><td>380<\/td><td>380<\/td><\/tr><tr><td>Motor(KW)<\/td><td>2.2<\/td><td>5.5<\/td><td>7.5<\/td><td>11<\/td><\/tr><tr><td>H\u0131z<\/td><td>4200<\/td><td>4200<\/td><td>4200<\/td><td>4200<\/td><\/tr><tr><td>A\u011f<\/td><td>10-120<\/td><td>10-120<\/td><td>10-120<\/td><td>10-120<\/td><\/tr><tr><td>Kapasite(kg\/s)<\/td><td>10-120<\/td><td>30-200<\/td><td>50-300<\/td><td>70-500<\/td><\/tr><tr><td>Boyut (mm)<\/td><td>480X520X1040<\/td><td>750X600 X1260<\/td><td>780 X700 X1350<\/td><td>800 X900 X1550<\/td><\/tr><tr><td>A\u011f\u0131rl\u0131k(kg)<\/td><td>75<\/td><td>180<\/td><td>260<\/td><td>320<\/td><\/tr><\/tbody><\/table><\/figure>    <h2 class=\"wp-block-heading\" id=\"h-contact-us-to-start-your-ginger-business\">\u0130\u015finizi ba\u015flatmak i\u00e7in bizimle ileti\u015fime ge\u00e7in<\/h2>    <p>Bu zencefil \u00f6\u011f\u00fctme makinesi, k\u00fc\u00e7\u00fck boyutu, iyi performans\u0131 ve uygun fiyat\u0131 sayesinde ev kullan\u0131m\u0131 ve end\u00fcstriyel uygulamalar i\u00e7in uygundur. \u00dcretim verimlili\u011finizi b\u00fcy\u00fck \u00f6l\u00e7\u00fcde art\u0131rabilir. Ayr\u0131ca, zencefil \u00f6\u011f\u00fct\u00fcc\u00fc tek ba\u015f\u0131na kullan\u0131larak \u00f6\u011f\u00fctme amac\u0131yla kullan\u0131labilir ve t\u00fcm zencefil tozu i\u015fleme hatt\u0131n\u0131n \u00f6nemli bir par\u00e7as\u0131 olabilir. &nbsp;<\/p>    <p class=\"translation-block\">Profesyonel zencefil i\u015fleme makinesi \u00fcreticisi olarak, <a href=\"https:\/\/gingermachines.com\/tr\/\">TAIZY fabrikas\u0131<\/a>, <a href=\"https:\/\/gingermachines.com\/tr\/product\/ginger-washing-machine\/\">zencefil y\u0131kama makinesi<\/a>, zencefil soyma makinesi ve <a href=\"https:\/\/gingermachines.com\/tr\/product\/ginger-drying-machine\/\">zencefil kurutma makinesi<\/a> dahil olmak \u00fczere tam bir zencefil makinesi yelpazesi sunar. T\u00fcm makineler uluslararas\u0131 standartlar ve tasar\u0131m kullan\u0131r. Ayr\u0131ca, ihtiya\u00e7lar\u0131n\u0131za uygun g\u00fc\u00e7l\u00fc \u00f6zel hizmetler sunuyoruz. Daha fazla faydal\u0131 bilgi i\u00e7in bizimle ileti\u015fime ge\u00e7mekten \u00e7ekinmeyin.<\/p>","protected":false},"excerpt":{"rendered":"<p>Ginger grinding machine, often shortened to ginger grinder, is a powerful tool for grinding dry ginger into fine powder. Besides, it has a wide range of applications, also used for processing garlic, onion, potato, banana, meat, cereals, spices, chili, vegetable, grain, rice, medicinal herbs, etc. The capacity of the automatic ginger grinder machine ranges from [&hellip;]<\/p>\n","protected":false},"author":1,"featured_media":78,"parent":0,"template":"","tags":[8],"product-type":[6],"class_list":["post-37","product","type-product","status-publish","has-post-thumbnail","hentry","tag-ginger-processing-machine","product-type-products"],"_links":{"self":[{"href":"https:\/\/gingermachines.com\/tr\/wp-json\/wp\/v2\/product\/37","targetHints":{"allow":["GET"]}}],"collection":[{"href":"https:\/\/gingermachines.com\/tr\/wp-json\/wp\/v2\/product"}],"about":[{"href":"https:\/\/gingermachines.com\/tr\/wp-json\/wp\/v2\/types\/product"}],"author":[{"embeddable":true,"href":"https:\/\/gingermachines.com\/tr\/wp-json\/wp\/v2\/users\/1"}],"wp:featuredmedia":[{"embeddable":true,"href":"https:\/\/gingermachines.com\/tr\/wp-json\/wp\/v2\/media\/78"}],"wp:attachment":[{"href":"https:\/\/gingermachines.com\/tr\/wp-json\/wp\/v2\/media?parent=37"}],"wp:term":[{"taxonomy":"post_tag","embeddable":true,"href":"https:\/\/gingermachines.com\/tr\/wp-json\/wp\/v2\/tags?post=37"},{"taxonomy":"product-type","embeddable":true,"href":"https:\/\/gingermachines.com\/tr\/wp-json\/wp\/v2\/product-type?post=37"}],"curies":[{"name":"wp","href":"https:\/\/api.w.org\/{rel}","templated":true}]}}