{"id":35,"date":"2022-09-07T01:56:08","date_gmt":"2022-09-06T17:56:08","guid":{"rendered":"https:\/\/gingermachines.com\/?post_type=product&#038;p=35"},"modified":"2023-03-07T15:53:46","modified_gmt":"2023-03-07T07:53:46","slug":"ginger-slicing-machine","status":"publish","type":"product","link":"https:\/\/gingermachines.com\/tr\/product\/ginger-slicing-machine\/","title":{"rendered":"Zencefil Dilimleme Makinesi"},"content":{"rendered":"<p class=\"translation-block\"><strong>Zencefil dilimleme makinesi<\/strong>, zencefili dilimlere ay\u0131rmak i\u00e7in kullan\u0131l\u0131r. Ayr\u0131ca zencefil dilimleyici olarak da bilinir ve sebze do\u011frama makinesi t\u00fcr\u00fcd\u00fcr. Bitmi\u015f \u00fcr\u00fcn boyutu 1mm'den 3mm'ye kadar de\u011fi\u015fir. Makinenin kesim kapasitesi saatte 150kg'dan 250kg'a kadard\u0131r. Zencefil do\u011frama makinesi, zencefil, havu\u00e7, muz, salatal\u0131k, patates, taro, bambu filizi vb. i\u015flemek i\u00e7in uygundur. <\/p>    <p class=\"translation-block\">Zencefil dilimleme makinesi , zencefili dilimlere ay\u0131rmak i\u00e7in kullan\u0131l\u0131r. Ayr\u0131ca zencefil dilimleyici olarak da bilinir ve sebze do\u011frama makinesi t\u00fcr\u00fcd\u00fcr. Bitmi\u015f \u00fcr\u00fcn boyutu 1mm'den 3mm'ye kadar de\u011fi\u015fir. Makinenin kesim kapasitesi saatte 150kg'dan 250kg'a kadard\u0131r. Zencefil do\u011frama makinesi, zencefil, havu\u00e7, muz, salatal\u0131k, patates, taro, bambu filizi vb. i\u015flemek i\u00e7in uygundur.<\/p>    <figure class=\"wp-block-image size-full\"><img loading=\"lazy\" decoding=\"async\" width=\"720\" height=\"540\" src=\"https:\/\/gingermachines.com\/wp-content\/uploads\/2022\/09\/ginger-slicer.jpg\" alt=\"zencefil dilimleyici\" class=\"wp-image-66\" title=\"\" srcset=\"https:\/\/gingermachines.com\/wp-content\/uploads\/2022\/09\/ginger-slicer.jpg 720w, https:\/\/gingermachines.com\/wp-content\/uploads\/2022\/09\/ginger-slicer-300x225.jpg 300w\" sizes=\"auto, (max-width: 720px) 100vw, 720px\" \/><figcaption class=\"wp-element-caption\">Zencefil Dilimleyici<\/figcaption><\/figure>    <h2 class=\"wp-block-heading\" id=\"h-features\">Zencefil dilimleme makinesi \u00f6zellikleri<\/h2>    <ol class=\"wp-block-list\" type=\"1\"> <li>Y\u00fcksek kaliteli 304 paslanmaz \u00e7elik yap\u0131 ve \u00e7er\u00e7eve<\/li>    <li>Zencefil dilimlerinin kal\u0131nl\u0131\u011f\u0131 ayarlanabilir, 1mm ile 3mm aras\u0131nda<\/li>    <li>Zencefil dilimleme makinesi, saatte 150kg ile 250kg aras\u0131nda zencefil i\u015fleyebilir.<\/li>    <li>Basit yap\u0131s\u0131 ve makul tasar\u0131m\u0131yla, kullan\u0131m\u0131 \u00e7ok kolayd\u0131r.<\/li>    <li>G\u00fc\u00e7l\u00fc \u00f6zelle\u015ftirme hizmeti sunuyoruz, \u00f6zel talebinize uyacak \u015fekilde.<\/li> <\/ol>    <h2 class=\"wp-block-heading\" id=\"h-parameters\">TAIZY zencefil dilimleme makinesi parametreleri<\/h2>    <figure class=\"wp-block-table\"><table><tbody><tr><td>Kesim kapasitesi:<\/td><td>K\u0131rma \u015fekli:<\/td><\/tr><tr><td>K\u0131rma \u015fekli:<\/td><td>Dikkatli kesim telinden, ince kesimden<\/td><\/tr><tr><td>Boyutlar:<\/td><td>1 ~ 3 mm<\/td><\/tr><tr><td>Mekanik g\u00fc\u00e7:<\/td><td>1\/2 HP tek faz 220 V<\/td><\/tr><tr><td>Makine \u00f6zellikleri:<\/td><td>uzunluk 54 cm x geni\u015flik 40 cm x y\u00fckseklik 56 cm<\/td><\/tr><tr><td>Makine a\u011f\u0131rl\u0131\u011f\u0131:<\/td><td>yakla\u015f\u0131k 41 kg<\/td><\/tr><\/tbody><\/table><\/figure>    <h2 class=\"wp-block-heading\" id=\"h-things-need-to-know-before-running-a-ginger-slicing-machine\">Zencefil dilimleme makinesini \u00e7al\u0131\u015ft\u0131rmadan \u00f6nce bilinmesi gerekenler<\/h2>    <ol class=\"wp-block-list\" type=\"1\"> <li>Ekipman\u0131 yatay bir y\u00fczeye kurmadan \u00f6nce, makinenin d\u00fczg\u00fcn ve g\u00fcvenilir \u015fekilde yerle\u015ftirildi\u011finden emin olun; fi\u015fin iyi temas etti\u011finden, gev\u015fek veya su lekesi olmad\u0131\u011f\u0131ndan emin olun.<\/li>    <li>D\u00f6ner silindiri veya konvey\u00f6r band\u0131nda yabanc\u0131 cisimleri kontrol edin, yabanc\u0131 cisimler temizlenmelidir, b\u00f6ylece aletlere zarar gelmez.<\/li>    <li>Operasyon, ayarlama i\u015flemi, sebze t\u00fcr\u00fcne g\u00f6re kesme y\u00f6ntemini se\u00e7meyi gerektirir; sert sebzeler i\u00e7in meyve ve patates santrif\u00fcj dilimleyici, yumu\u015fak yaprakl\u0131 sebzeler veya iyi film i\u015fleme bloklar\u0131 i\u00e7in dikey b\u0131\u00e7ak b\u00f6l\u00fcm\u00fc, farkl\u0131 boyutlara kesilebilir; D \u015feklinde, elmas \u015feklinde vb.<\/li>    <li>Dikey b\u0131\u00e7ak tak\u0131ld\u0131ktan sonra, \u00f6nce eksantrik d\u00f6n\u00fc\u015f\u00fc ve b\u0131\u00e7ak \u00e7er\u00e7evesini \u00f6l\u00fc noktaya ayarlay\u0131n, ard\u0131ndan b\u0131\u00e7ak \u00e7er\u00e7evesini 1-2mm kald\u0131r\u0131n, b\u00f6ylece dikey b\u0131\u00e7ak ve bant temas eder, b\u0131\u00e7ak \u00e7er\u00e7evesini s\u0131k\u0131ca \u00e7ekin ve dikey b\u0131\u00e7a\u011f\u0131n somununu sabitleyin. Tur lifting y\u00fcksekli\u011fi k\u00fc\u00e7\u00fckse, hatta bir do\u011fray\u0131c\u0131 olabilir; tur lifting y\u00fcksekli\u011fi \u00e7ok b\u00fcy\u00fckse, k\u00f6t\u00fc konvey\u00f6r band\u0131n\u0131 kesebilir.\u00a0\u00a0\u00a0\u00a0<\/li> <\/ol>    <figure class=\"wp-block-image size-full\"><img loading=\"lazy\" decoding=\"async\" width=\"720\" height=\"540\" src=\"https:\/\/gingermachines.com\/wp-content\/uploads\/2022\/09\/ginger-slicing-equipment.jpg\" alt=\"zencefil dilimleme ekipman\u0131\" class=\"wp-image-67\" title=\"\" srcset=\"https:\/\/gingermachines.com\/wp-content\/uploads\/2022\/09\/ginger-slicing-equipment.jpg 720w, https:\/\/gingermachines.com\/wp-content\/uploads\/2022\/09\/ginger-slicing-equipment-300x225.jpg 300w\" sizes=\"auto, (max-width: 720px) 100vw, 720px\" \/><figcaption class=\"wp-element-caption\">Zencefil Dilimleme Ekipman\u0131<\/figcaption><\/figure>    <h2 class=\"wp-block-heading\" id=\"h-how-to-maintain-the-ginger-slicer-machine\">Zencefil dilimleme makinesinin bak\u0131m\u0131 nas\u0131l yap\u0131l\u0131r?<\/h2>    <p>1. G\u0131da ile temas eden ara\u00e7 veya aksesuarlar temizlenirken, kullan\u0131c\u0131lar \u00f6nce kuru bir bezle kurulamald\u0131r.<\/p>    <p>2. Aletin \u015faft\u0131, yenilebilir ya\u011f ile ya\u011flanmal\u0131d\u0131r.<\/p>    <p>3. Alet pasland\u0131\u011f\u0131nda, \u00e7\u0131kar\u0131l\u0131p ta\u015flama ta\u015f\u0131yla parlat\u0131labilir.<\/p>    <p>4. Kullan\u0131c\u0131lar, makinenin \u015fanz\u0131man\u0131n\u0131 alt\u0131 ayda bir yeniden doldurmal\u0131 ve makinenin yataklar\u0131n\u0131, zincirlerini, di\u015flilerini ve di\u011fer iletim par\u00e7alar\u0131n\u0131 \u00e7eyrek y\u0131lda bir ya\u011flamal\u0131d\u0131r.&nbsp;&nbsp;&nbsp;&nbsp;<\/p>","protected":false},"excerpt":{"rendered":"<p>Ginger slicing machine is used for cutting ginger into slices. It is also known as a ginger slicer, and it is a kind of vegetable cutter machine. The size of the finished product ranges from 1mm ~ to 3mm. And the cutting capacity of the machine is from 150kg\/h to 250kg\/h. The ginger chopping machine [&hellip;]<\/p>\n","protected":false},"author":1,"featured_media":64,"parent":0,"template":"","tags":[8],"product-type":[6],"class_list":["post-35","product","type-product","status-publish","has-post-thumbnail","hentry","tag-ginger-processing-machine","product-type-products"],"_links":{"self":[{"href":"https:\/\/gingermachines.com\/tr\/wp-json\/wp\/v2\/product\/35","targetHints":{"allow":["GET"]}}],"collection":[{"href":"https:\/\/gingermachines.com\/tr\/wp-json\/wp\/v2\/product"}],"about":[{"href":"https:\/\/gingermachines.com\/tr\/wp-json\/wp\/v2\/types\/product"}],"author":[{"embeddable":true,"href":"https:\/\/gingermachines.com\/tr\/wp-json\/wp\/v2\/users\/1"}],"wp:featuredmedia":[{"embeddable":true,"href":"https:\/\/gingermachines.com\/tr\/wp-json\/wp\/v2\/media\/64"}],"wp:attachment":[{"href":"https:\/\/gingermachines.com\/tr\/wp-json\/wp\/v2\/media?parent=35"}],"wp:term":[{"taxonomy":"post_tag","embeddable":true,"href":"https:\/\/gingermachines.com\/tr\/wp-json\/wp\/v2\/tags?post=35"},{"taxonomy":"product-type","embeddable":true,"href":"https:\/\/gingermachines.com\/tr\/wp-json\/wp\/v2\/product-type?post=35"}],"curies":[{"name":"wp","href":"https:\/\/api.w.org\/{rel}","templated":true}]}}