{"id":345,"date":"2026-02-11T15:01:00","date_gmt":"2026-02-11T07:01:00","guid":{"rendered":"https:\/\/gingermachines.com\/?post_type=product&#038;p=345"},"modified":"2026-02-11T17:14:22","modified_gmt":"2026-02-11T09:14:22","slug":"onion-cutting-machine","status":"publish","type":"product","link":"https:\/\/gingermachines.com\/tr\/product\/onion-cutting-machine\/","title":{"rendered":"So\u011fan do\u011frama makinesi"},"content":{"rendered":"<p class=\"translation-block\"><strong>So\u011fan kesme makinesi<\/strong> \u00e7ok fonksiyonlu sebze kesme cihaz\u0131d\u0131r, so\u011fan, salatal\u0131k, patates ve zencefil gibi \u00e7e\u015fitli sebzeleri i\u015fleyebilir. Dicing (6, 8, 10, 15, 20, 25, 30mm), dilimleme (3, 4, 6, 9mm) ve par\u00e7alara ay\u0131rma (2, 3, 4, 5, 6, 7, 8mm) gibi \u00e7e\u015fitli kesim efektleri elde edebilir.<\/p>    <p>Taizy so\u011fan do\u011fray\u0131c\u0131, sebze i\u015fleme verimini \u00f6nemli \u00f6l\u00e7\u00fcde art\u0131rabilir (300-600kg\/s). \u0130\u015f\u00e7ilik maliyetlerini b\u00fcy\u00fck \u00f6l\u00e7\u00fcde azaltabilir ve uniform kesim sa\u011flar. Herhangi bir ihtiyac\u0131n\u0131z varsa bizimle ileti\u015fime ge\u00e7mekten \u00e7ekinmeyin!<\/p>    <figure class=\"wp-block-embed is-type-video is-provider-youtube wp-block-embed-youtube wp-embed-aspect-16-9 wp-has-aspect-ratio\"><div class=\"wp-block-embed__wrapper\"> <iframe loading=\"lazy\" title=\"So\u011fan do\u011fray\u0131c\u0131 | \u00c7ok fonksiyonlu so\u011fan kesme makinesi, so\u011fan, patates, zencefil i\u015fleme\" width=\"500\" height=\"281\" src=\"https:\/\/www.youtube.com\/embed\/JZqYAyCf92k?feature=oembed\" frameborder=\"0\" allow=\"accelerometer; autoplay; clipboard-write; encrypted-media; gyroscope; picture-in-picture; web-share\" referrerpolicy=\"strict-origin-when-cross-origin\" allowfullscreen><\/iframe> <\/div><figcaption class=\"wp-element-caption\">So\u011fan kesme makinesinin \u00e7al\u0131\u015fma videosu<\/figcaption><\/figure>    <h2 class=\"wp-block-heading\"><strong>So\u011fan do\u011fray\u0131c\u0131 makinesinin \u00f6zellikleri<\/strong><\/h2>    <ul class=\"wp-block-list\"> <li><strong>Esnek kullan\u0131m<\/strong>: Farkl\u0131 \u015fekil ve boyutlar, b\u0131\u00e7aklar de\u011fi\u015ftirilerek i\u015flenebilir.<\/li>    <li><strong>Geni\u015f uygulama<\/strong>: Bu so\u011fan kesme makinesi, so\u011fan, salatal\u0131k, patates, zencefil ve di\u011fer g\u0131dalar\u0131 i\u015flemek i\u00e7in kullan\u0131labilir.<\/li>    <li><strong>E\u015fit kesim<\/strong>: Sebzeler e\u015fit boyutta kesilir, \u00fcr\u00fcn kalitesini art\u0131r\u0131r.<\/li>    <li><strong>Y\u00fcksek verimlilik<\/strong>: \u00c7ok fonksiyonlu sebze do\u011fray\u0131c\u0131m\u0131z saatte 600kg verimle \u00e7al\u0131\u015fabilir.<\/li>    <li><strong>G\u0131da g\u00fcvenli\u011fi uyumu<\/strong>: Bu so\u011fan do\u011fray\u0131c\u0131 makinesi paslanmaz \u00e7elikten yap\u0131lm\u0131\u015ft\u0131r, g\u00fcvenli, hijyenik ve temizli\u011fi kolayd\u0131r.<\/li> <\/ul>   <div class=\"wp-block-image\"> <figure class=\"aligncenter size-full\"><img loading=\"lazy\" decoding=\"async\" width=\"720\" height=\"540\" src=\"https:\/\/gingermachines.com\/wp-content\/uploads\/2026\/02\/green-onion-cutter.webp\" alt=\"ye\u015fil so\u011fan do\u011fray\u0131c\u0131\" class=\"wp-image-346\" title=\"\" srcset=\"https:\/\/gingermachines.com\/wp-content\/uploads\/2026\/02\/green-onion-cutter.webp 720w, https:\/\/gingermachines.com\/wp-content\/uploads\/2026\/02\/green-onion-cutter-300x225.webp 300w, https:\/\/gingermachines.com\/wp-content\/uploads\/2026\/02\/green-onion-cutter-16x12.webp 16w\" sizes=\"auto, (max-width: 720px) 100vw, 720px\" \/><figcaption class=\"wp-element-caption\">ye\u015fil so\u011fan do\u011fray\u0131c\u0131<\/figcaption><\/figure> <\/div>   <h2 class=\"wp-block-heading\"><strong>So\u011fan do\u011fray\u0131c\u0131 kullan\u0131m alanlar\u0131 nelerdir?<\/strong><\/h2>    <p class=\"translation-block\"><strong>\u0130\u015flenebilir ham maddeler<\/strong><\/p>    <p>So\u011fan do\u011fray\u0131c\u0131 makinemiz sadece so\u011fan de\u011fil, ayn\u0131 zamanda patl\u0131can, salatal\u0131k, kabak, patates, tatl\u0131 patates, zencefil, havu\u00e7 ve baharatl\u0131 radisleri de i\u015fleyebilir.<\/p>   <div class=\"wp-block-image\"> <figure class=\"aligncenter size-full\"><img loading=\"lazy\" decoding=\"async\" width=\"720\" height=\"540\" src=\"https:\/\/gingermachines.com\/wp-content\/uploads\/2026\/02\/application-of-onion-cutting-equipment.webp\" alt=\"So\u011fan do\u011frama ekipmanlar\u0131n\u0131n uygulamas\u0131\" class=\"wp-image-347\" title=\"\" srcset=\"https:\/\/gingermachines.com\/wp-content\/uploads\/2026\/02\/application-of-onion-cutting-equipment.webp 720w, https:\/\/gingermachines.com\/wp-content\/uploads\/2026\/02\/application-of-onion-cutting-equipment-300x225.webp 300w, https:\/\/gingermachines.com\/wp-content\/uploads\/2026\/02\/application-of-onion-cutting-equipment-16x12.webp 16w\" sizes=\"auto, (max-width: 720px) 100vw, 720px\" \/><figcaption class=\"wp-element-caption\">So\u011fan do\u011frama ekipmanlar\u0131n\u0131n uygulamas\u0131<\/figcaption><\/figure> <\/div>   <p class=\"translation-block\"><strong>Tamamlanm\u0131\u015f \u00fcr\u00fcn<\/strong><\/p>    <p>Taizy \u00e7ok fonksiyonlu so\u011fan do\u011fray\u0131c\u0131, so\u011fan, patates ve zencefili farkl\u0131 boyutlarda \u015feritler, dilimler ve k\u00fcpler halinde i\u015fleyebilir. B\u0131\u00e7aklar\u0131 de\u011fi\u015ftirerek \u00fcr\u00fcn \u015fekli de\u011fi\u015ftirilebilir.<\/p>    <figure class=\"wp-block-gallery has-nested-images columns-default is-cropped wp-block-gallery-2 is-layout-flex wp-block-gallery-is-layout-flex\"> <figure class=\"wp-block-image size-large\"><img loading=\"lazy\" decoding=\"async\" width=\"720\" height=\"540\" data-id=\"349\" src=\"https:\/\/gingermachines.com\/wp-content\/uploads\/2026\/02\/onion-strips-slicing-by-onion-cutter.webp\" alt=\"Sebzeleri \u015feritler halinde kesmek i\u00e7in b\u0131\u00e7ak\" class=\"wp-image-349\" title=\"\" srcset=\"https:\/\/gingermachines.com\/wp-content\/uploads\/2026\/02\/onion-strips-slicing-by-onion-cutter.webp 720w, https:\/\/gingermachines.com\/wp-content\/uploads\/2026\/02\/onion-strips-slicing-by-onion-cutter-300x225.webp 300w, https:\/\/gingermachines.com\/wp-content\/uploads\/2026\/02\/onion-strips-slicing-by-onion-cutter-16x12.webp 16w\" sizes=\"auto, (max-width: 720px) 100vw, 720px\" \/><figcaption class=\"wp-element-caption\">So\u011fan \u015eeritleri, So\u011fan Do\u011fray\u0131c\u0131 ile Dilimleniyor<\/figcaption><\/figure>    <figure class=\"wp-block-image size-large\"><img loading=\"lazy\" decoding=\"async\" width=\"720\" height=\"540\" data-id=\"350\" src=\"https:\/\/gingermachines.com\/wp-content\/uploads\/2026\/02\/onion-cubes-diced-by-an-onion-dicing-machine.webp\" alt=\"So\u011fan k\u00fcp\u00fc do\u011fray\u0131c\u0131 b\u0131\u00e7a\u011f\u0131\" class=\"wp-image-350\" title=\"\" srcset=\"https:\/\/gingermachines.com\/wp-content\/uploads\/2026\/02\/onion-cubes-diced-by-an-onion-dicing-machine.webp 720w, https:\/\/gingermachines.com\/wp-content\/uploads\/2026\/02\/onion-cubes-diced-by-an-onion-dicing-machine-300x225.webp 300w, https:\/\/gingermachines.com\/wp-content\/uploads\/2026\/02\/onion-cubes-diced-by-an-onion-dicing-machine-16x12.webp 16w\" sizes=\"auto, (max-width: 720px) 100vw, 720px\" \/><figcaption class=\"wp-element-caption\">So\u011fan K\u00fcpleri, So\u011fan Do\u011fray\u0131c\u0131 ile Diced<\/figcaption><\/figure>    <figure class=\"wp-block-image size-large\"><img loading=\"lazy\" decoding=\"async\" width=\"720\" height=\"540\" data-id=\"348\" src=\"https:\/\/gingermachines.com\/wp-content\/uploads\/2026\/02\/multifunctional-onion-cutter-for-potato-chip-processing.webp\" alt=\"Patates cipsi i\u015fleme i\u00e7in \u00e7ok fonksiyonlu so\u011fan do\u011fray\u0131c\u0131\" class=\"wp-image-348\" title=\"\" srcset=\"https:\/\/gingermachines.com\/wp-content\/uploads\/2026\/02\/multifunctional-onion-cutter-for-potato-chip-processing.webp 720w, https:\/\/gingermachines.com\/wp-content\/uploads\/2026\/02\/multifunctional-onion-cutter-for-potato-chip-processing-300x225.webp 300w, https:\/\/gingermachines.com\/wp-content\/uploads\/2026\/02\/multifunctional-onion-cutter-for-potato-chip-processing-16x12.webp 16w\" sizes=\"auto, (max-width: 720px) 100vw, 720px\" \/><figcaption class=\"wp-element-caption\">\u00c7ok fonksiyonlu Patates Cipsi \u0130\u015fleme \u0130\u00e7in So\u011fan Do\u011fray\u0131c\u0131<\/figcaption><\/figure> <\/figure>    <figure class=\"wp-block-gallery has-nested-images columns-default is-cropped wp-block-gallery-3 is-layout-flex wp-block-gallery-is-layout-flex\"> <figure class=\"wp-block-image size-large\"><img loading=\"lazy\" decoding=\"async\" width=\"720\" height=\"540\" data-id=\"351\" src=\"https:\/\/gingermachines.com\/wp-content\/uploads\/2026\/02\/blade-for-cutting-vegetables-into-strips.webp\" alt=\"blade for cutting vegetables into strips\" class=\"wp-image-351\" title=\"\" srcset=\"https:\/\/gingermachines.com\/wp-content\/uploads\/2026\/02\/blade-for-cutting-vegetables-into-strips.webp 720w, https:\/\/gingermachines.com\/wp-content\/uploads\/2026\/02\/blade-for-cutting-vegetables-into-strips-300x225.webp 300w, https:\/\/gingermachines.com\/wp-content\/uploads\/2026\/02\/blade-for-cutting-vegetables-into-strips-16x12.webp 16w\" sizes=\"auto, (max-width: 720px) 100vw, 720px\" \/><figcaption class=\"wp-element-caption\">Sebzeleri \u015feritler halinde kesmek i\u00e7in b\u0131\u00e7ak<\/figcaption><\/figure>    <figure class=\"wp-block-image size-large\"><img loading=\"lazy\" decoding=\"async\" width=\"720\" height=\"540\" data-id=\"353\" src=\"https:\/\/gingermachines.com\/wp-content\/uploads\/2026\/02\/onion-dicing-blade.webp\" alt=\"onion dicing blade\" class=\"wp-image-353\" title=\"\" srcset=\"https:\/\/gingermachines.com\/wp-content\/uploads\/2026\/02\/onion-dicing-blade.webp 720w, https:\/\/gingermachines.com\/wp-content\/uploads\/2026\/02\/onion-dicing-blade-300x225.webp 300w, https:\/\/gingermachines.com\/wp-content\/uploads\/2026\/02\/onion-dicing-blade-16x12.webp 16w\" sizes=\"auto, (max-width: 720px) 100vw, 720px\" \/><figcaption class=\"wp-element-caption\">So\u011fan Diced Blade<\/figcaption><\/figure>    <figure class=\"wp-block-image size-large\"><img loading=\"lazy\" decoding=\"async\" width=\"720\" height=\"540\" data-id=\"352\" src=\"https:\/\/gingermachines.com\/wp-content\/uploads\/2026\/02\/blade-for-slicing-vegetables.webp\" alt=\"blade for slicing vegetables\" class=\"wp-image-352\" title=\"\" srcset=\"https:\/\/gingermachines.com\/wp-content\/uploads\/2026\/02\/blade-for-slicing-vegetables.webp 720w, https:\/\/gingermachines.com\/wp-content\/uploads\/2026\/02\/blade-for-slicing-vegetables-300x225.webp 300w, https:\/\/gingermachines.com\/wp-content\/uploads\/2026\/02\/blade-for-slicing-vegetables-16x12.webp 16w\" sizes=\"auto, (max-width: 720px) 100vw, 720px\" \/><figcaption class=\"wp-element-caption\">Sebzeleri dilimlemek i\u00e7in b\u0131\u00e7ak<\/figcaption><\/figure> <\/figure>    <p class=\"translation-block\"><strong>Uygulama senaryolar\u0131<\/strong><\/p>    <p>\u00c7ok fonksiyonlu so\u011fan do\u011fray\u0131c\u0131m\u0131z \u015fu alanlarda yayg\u0131n olarak kullan\u0131l\u0131r:<\/p>    <ul class=\"wp-block-list\"> <li>Zorunlu restoran mutfaklar\u0131<\/li>    <li>Merkezi mutfaklar<\/li>    <li>Sebze \u00f6n i\u015fleme tesisleri<\/li>    <li>Dondurulmu\u015f sebze i\u015fleme tesisleri<\/li>    <li>Okul ve kurumsal kantinler<\/li>    <li>Sebze da\u011f\u0131t\u0131m merkezleri<\/li>    <li>At\u0131\u015ft\u0131rmal\u0131k g\u0131da i\u015fleme i\u015fletmeleri<\/li> <\/ul>    <p>Whether it&#8217;s a small kitchen or a large food processing plant, you can choose the appropriate model according to your production needs.<\/p>    <h2 class=\"wp-block-heading\"><strong>So\u011fan kesme makinesi parametreleri<\/strong><\/h2>    <figure class=\"wp-block-table\"><table class=\"has-fixed-layout\"><tbody><tr><td>Model<\/td><td>TZ-600<\/td><\/tr><tr><td>Kapasite<\/td><td>300-600kg\/s<\/td><\/tr><tr><td>Gerilim<\/td><td>220V\/50Hz<\/td><\/tr><tr><td>G\u00fc\u00e7<\/td><td>0.75kw<\/td><\/tr><tr><td>Makine malzemesi<\/td><td>304 paslanmaz \u00e7elik<\/td><\/tr><\/tbody><\/table><figcaption class=\"wp-element-caption\">So\u011fan kesme makinesinin \u00f6zellikleri<\/figcaption><\/figure>    <h2 class=\"wp-block-heading\"><strong>So\u011fan do\u011fray\u0131c\u0131 makinesi fiyat\u0131<\/strong><\/h2>    <p>Bir so\u011fan kesme makinesinin fiyat\u0131 sabit de\u011fildir ve birka\u00e7 fakt\u00f6rden etkilenir:<\/p>    <ul class=\"wp-block-list\"> <li>B\u0131\u00e7ak tipi ve say\u0131s\u0131 fiyat\u0131 etkiler.<\/li>    <li>Makinede kullan\u0131lan malzemeler maliyeti etkiler.<\/li>    <li>\u00d6zelle\u015ftirilmi\u015f voltaj veya \u00f6zel konfig\u00fcrasyonlar fiyat\u0131 etkiler.<\/li>    <li>Nakliye ve sat\u0131\u015f sonras\u0131 hizmet gereksinimleri toplam fiyat\u0131 da etkiler.<\/li> <\/ul>    <p>Farkl\u0131 m\u00fc\u015fterilerin farkl\u0131 \u00fcretim \u00f6l\u00e7ekleri ve ihtiya\u00e7lar\u0131 vard\u0131r, ekipman fiyatlar\u0131 de\u011fi\u015fkenlik g\u00f6sterebilir. M\u00fc\u015fteriler kendi \u00fcretim ihtiya\u00e7lar\u0131na uygun bir so\u011fan dilimleyici se\u00e7melidir.<\/p>    <figure class=\"wp-block-gallery has-nested-images columns-default is-cropped wp-block-gallery-4 is-layout-flex wp-block-gallery-is-layout-flex\"> <figure class=\"wp-block-image size-large\"><img loading=\"lazy\" decoding=\"async\" width=\"540\" height=\"720\" data-id=\"354\" src=\"https:\/\/gingermachines.com\/wp-content\/uploads\/2026\/02\/onion-cutting-equipment.webp\" alt=\"onion cutting equipment\" class=\"wp-image-354\" title=\"\" srcset=\"https:\/\/gingermachines.com\/wp-content\/uploads\/2026\/02\/onion-cutting-equipment.webp 540w, https:\/\/gingermachines.com\/wp-content\/uploads\/2026\/02\/onion-cutting-equipment-225x300.webp 225w, https:\/\/gingermachines.com\/wp-content\/uploads\/2026\/02\/onion-cutting-equipment-9x12.webp 9w\" sizes=\"auto, (max-width: 540px) 100vw, 540px\" \/><figcaption class=\"wp-element-caption\">So\u011fan Do\u011frama Ekipmanlar\u0131<\/figcaption><\/figure>    <figure class=\"wp-block-image size-large\"><img loading=\"lazy\" decoding=\"async\" width=\"540\" height=\"720\" data-id=\"355\" src=\"https:\/\/gingermachines.com\/wp-content\/uploads\/2026\/02\/onion-cutting-machine.webp\" alt=\"So\u011fan do\u011fray\u0131c\u0131 ile so\u011fan k\u00fcpleri dilimleniyor\" class=\"wp-image-355\" title=\"\" srcset=\"https:\/\/gingermachines.com\/wp-content\/uploads\/2026\/02\/onion-cutting-machine.webp 540w, https:\/\/gingermachines.com\/wp-content\/uploads\/2026\/02\/onion-cutting-machine-225x300.webp 225w, https:\/\/gingermachines.com\/wp-content\/uploads\/2026\/02\/onion-cutting-machine-9x12.webp 9w\" sizes=\"auto, (max-width: 540px) 100vw, 540px\" \/><figcaption class=\"wp-element-caption\">So\u011fan Do\u011frama Makinesi<\/figcaption><\/figure>    <figure class=\"wp-block-image size-large\"><img loading=\"lazy\" decoding=\"async\" width=\"540\" height=\"720\" data-id=\"356\" src=\"https:\/\/gingermachines.com\/wp-content\/uploads\/2026\/02\/machine-for-cutting-onion.webp\" alt=\"machine for cutting onion\" class=\"wp-image-356\" title=\"\" srcset=\"https:\/\/gingermachines.com\/wp-content\/uploads\/2026\/02\/machine-for-cutting-onion.webp 540w, https:\/\/gingermachines.com\/wp-content\/uploads\/2026\/02\/machine-for-cutting-onion-225x300.webp 225w, https:\/\/gingermachines.com\/wp-content\/uploads\/2026\/02\/machine-for-cutting-onion-9x12.webp 9w\" sizes=\"auto, (max-width: 540px) 100vw, 540px\" \/><figcaption class=\"wp-element-caption\">So\u011fan Kesme Makinesi<\/figcaption><\/figure> <\/figure>    <h2 class=\"wp-block-heading\"><strong>So\u011fan do\u011fray\u0131c\u0131 makinesi SSS<\/strong><\/h2>   <div id=\"rank-math-faq\" class=\"rank-math-block\"> <div class=\"rank-math-list\"> <div id=\"faq-question-1770777506447\" class=\"rank-math-list-item\"> <h3 class=\"rank-math-question\">Bu makine sadece so\u011fan kesmek i\u00e7in mi iyi?<\/h3> <div class=\"rank-math-answer\">  <p>Bu so\u011fan do\u011fray\u0131c\u0131, patates, salatal\u0131k, zencefil, havu\u00e7 ve tatl\u0131 patates gibi \u00e7e\u015fitli sebzeleri i\u015fleyebilir, \u00e7ok ama\u00e7l\u0131 bir makinedir.<\/p>  <\/div> <\/div> <div id=\"faq-question-1770777551054\" class=\"rank-math-list-item\"> <h3 class=\"rank-math-question\">Hangi \u015fekillere kesilebilir?<\/h3> <div class=\"rank-math-answer\">  <p>D\u00fcz (d\u00fcz dilimler ve dalgal\u0131 dilimler), \u015ferit halinde kesme, k\u00fcp yapma.<\/p>  <\/div> <\/div> <div id=\"faq-question-1770777596943\" class=\"rank-math-list-item\"> <h3 class=\"rank-math-question\">Kesim boyutlar\u0131 ayarlanabilir mi?<\/h3> <div class=\"rank-math-answer\">  <p>Evet. Kesim boyutunu farkl\u0131 b\u0131\u00e7ak boyutlar\u0131na de\u011fi\u015ftirerek ayarlayabilirsiniz.<\/p>  <\/div> <\/div> <div id=\"faq-question-1770777656678\" class=\"rank-math-list-item\"> <h3 class=\"rank-math-question\">What is the machine&#8217;s output?<\/h3> <div class=\"rank-math-answer\">  <p>300-600kg\/s.<\/p>  <\/div> <\/div> <div id=\"faq-question-1770777679479\" class=\"rank-math-list-item\"> <h3 class=\"rank-math-question\">Makine g\u0131da g\u00fcvenli\u011fi standartlar\u0131na uygun mu?<\/h3> <div class=\"rank-math-answer\">  <p>G\u0131da g\u00fcvenli\u011fi standartlar\u0131na uygundur. So\u011fan do\u011fray\u0131c\u0131 makinemiz 304 paslanmaz \u00e7elikten yap\u0131lm\u0131\u015ft\u0131r.<\/p>  <\/div> <\/div> <div id=\"faq-question-1770777760718\" class=\"rank-math-list-item\"> <h3 class=\"rank-math-question\">\u00d6zelle\u015ftirilmi\u015f voltaj deste\u011fi var m\u0131?<\/h3> <div class=\"rank-math-answer\">  <p>Desteklenir. Farkl\u0131 \u00fclkeler ve b\u00f6lgeler i\u00e7in \u00f6zelle\u015ftirilmi\u015f voltajlar mevcuttur.<\/p>  <\/div> <\/div> <\/div> <\/div>   <h2 class=\"wp-block-heading\"><strong>\u0130lgili so\u011fan do\u011fray\u0131c\u0131 \u00fcretim hatt\u0131<\/strong><\/h2>    <p>So\u011fan do\u011fray\u0131c\u0131 makinesinin yan\u0131 s\u0131ra, m\u00fc\u015fterilere tam bir so\u011fan tozu \u00fcretim hatt\u0131 da sa\u011flayabiliriz. So\u011fan i\u015fleme hatt\u0131 \u015fu ekipmanlar\u0131 i\u00e7erir:<\/p>    <ul class=\"wp-block-list\"> <li><a href=\"https:\/\/gingermachines.com\/tr\/product\/automatic-onion-peeling-machine\/\">So\u011fan soyma makinesi<\/a>: D\u0131\u015f kabu\u011fu \u00e7\u0131kar\u0131r, manuel i\u015flemi azalt\u0131r.<\/li>    <li><a href=\"https:\/\/gingermachines.com\/tr\/product\/onion-root-cutting-machine\/\">So\u011fan k\u00f6k\u00fc kesme makinesi<\/a>: So\u011fanlar\u0131 daha kolay kurutmak i\u00e7in dilimleyin.<\/li>    <li>So\u011fan kurutma makinesi: So\u011fan dilimlerini kurutmak ve kurutmak i\u00e7in.<\/li>    <li>So\u011fan \u00f6\u011f\u00fctme makinesi: Kurutulmu\u015f so\u011fanlar\u0131 ince toz haline getirir.<\/li>    <li>So\u011fan tozu paketleme makinesi: Bitmi\u015f \u00fcr\u00fcn\u00fc otomatik olarak tartar ve paketler.<\/li> <\/ul>    <p>Bu t\u00fcm so\u011fan tozu \u00fcretim hatt\u0131 y\u00fcksek otomasyon seviyesine sahiptir, basit ve net bir s\u00fcre\u00e7le, baharat fabrikalar\u0131, g\u0131da i\u015fleme tesisleri ve tar\u0131m \u00fcr\u00fcnleri i\u015fleme i\u015fletmeleri i\u00e7in uygundur.<\/p>    <figure class=\"wp-block-gallery has-nested-images columns-default is-cropped wp-block-gallery-5 is-layout-flex wp-block-gallery-is-layout-flex\"> <figure class=\"wp-block-image size-large\"><img loading=\"lazy\" decoding=\"async\" width=\"720\" height=\"540\" data-id=\"297\" src=\"https:\/\/gingermachines.com\/wp-content\/uploads\/2025\/12\/onion-root-cutting-equipment.webp\" alt=\"so\u011fan k\u00f6k kesme ekipman\u0131\" class=\"wp-image-297\" title=\"\" srcset=\"https:\/\/gingermachines.com\/wp-content\/uploads\/2025\/12\/onion-root-cutting-equipment.webp 720w, https:\/\/gingermachines.com\/wp-content\/uploads\/2025\/12\/onion-root-cutting-equipment-300x225.webp 300w, https:\/\/gingermachines.com\/wp-content\/uploads\/2025\/12\/onion-root-cutting-equipment-16x12.webp 16w\" sizes=\"auto, (max-width: 720px) 100vw, 720px\" \/><figcaption class=\"wp-element-caption\">So\u011fan K\u00f6k\u00fc Kesme Ekipman\u0131<\/figcaption><\/figure>    <figure class=\"wp-block-image size-large\"><img loading=\"lazy\" decoding=\"async\" width=\"720\" height=\"540\" data-id=\"291\" src=\"https:\/\/gingermachines.com\/wp-content\/uploads\/2025\/12\/onion-peeling-machine.webp\" alt=\"so\u011fan kabuk soyucu makinesi\" class=\"wp-image-291\" title=\"\" srcset=\"https:\/\/gingermachines.com\/wp-content\/uploads\/2025\/12\/onion-peeling-machine.webp 720w, https:\/\/gingermachines.com\/wp-content\/uploads\/2025\/12\/onion-peeling-machine-300x225.webp 300w, https:\/\/gingermachines.com\/wp-content\/uploads\/2025\/12\/onion-peeling-machine-16x12.webp 16w\" sizes=\"auto, (max-width: 720px) 100vw, 720px\" \/><figcaption class=\"wp-element-caption\">So\u011fan Kabu\u011fu Soyma Makinesi<\/figcaption><\/figure>    <figure class=\"wp-block-image size-large\"><img loading=\"lazy\" decoding=\"async\" width=\"720\" height=\"540\" data-id=\"361\" src=\"https:\/\/gingermachines.com\/wp-content\/uploads\/2026\/02\/multifunctional-onion-cutter.webp\" alt=\"\u00e7ok fonksiyonlu so\u011fan do\u011fray\u0131c\u0131\" class=\"wp-image-361\" title=\"\" srcset=\"https:\/\/gingermachines.com\/wp-content\/uploads\/2026\/02\/multifunctional-onion-cutter.webp 720w, https:\/\/gingermachines.com\/wp-content\/uploads\/2026\/02\/multifunctional-onion-cutter-300x225.webp 300w, https:\/\/gingermachines.com\/wp-content\/uploads\/2026\/02\/multifunctional-onion-cutter-16x12.webp 16w\" sizes=\"auto, (max-width: 720px) 100vw, 720px\" \/><figcaption class=\"wp-element-caption\">\u00c7ok fonksiyonlu So\u011fan Do\u011fray\u0131c\u0131<\/figcaption><\/figure> <\/figure>    <figure class=\"wp-block-gallery has-nested-images columns-default is-cropped wp-block-gallery-6 is-layout-flex wp-block-gallery-is-layout-flex\"> <figure class=\"wp-block-image size-large\"><img loading=\"lazy\" decoding=\"async\" width=\"720\" height=\"540\" data-id=\"358\" src=\"https:\/\/gingermachines.com\/wp-content\/uploads\/2026\/02\/onion-drying-machine.webp\" alt=\"Paslanmaz \u00c7elik Sebze ve So\u011fan Kurutucu Makinesinin Tepsisi\" class=\"wp-image-358\" title=\"\" srcset=\"https:\/\/gingermachines.com\/wp-content\/uploads\/2026\/02\/onion-drying-machine.webp 720w, https:\/\/gingermachines.com\/wp-content\/uploads\/2026\/02\/onion-drying-machine-300x225.webp 300w, https:\/\/gingermachines.com\/wp-content\/uploads\/2026\/02\/onion-drying-machine-16x12.webp 16w\" sizes=\"auto, (max-width: 720px) 100vw, 720px\" \/><figcaption class=\"wp-element-caption\">So\u011fan Kurutma Makinesi<\/figcaption><\/figure>    <figure class=\"wp-block-image size-large\"><img loading=\"lazy\" decoding=\"async\" width=\"720\" height=\"540\" data-id=\"359\" src=\"https:\/\/gingermachines.com\/wp-content\/uploads\/2026\/02\/onion-grinding-machine.webp\" alt=\"onion grinding machine\" class=\"wp-image-359\" title=\"\" srcset=\"https:\/\/gingermachines.com\/wp-content\/uploads\/2026\/02\/onion-grinding-machine.webp 720w, https:\/\/gingermachines.com\/wp-content\/uploads\/2026\/02\/onion-grinding-machine-300x225.webp 300w, https:\/\/gingermachines.com\/wp-content\/uploads\/2026\/02\/onion-grinding-machine-16x12.webp 16w\" sizes=\"auto, (max-width: 720px) 100vw, 720px\" \/><figcaption class=\"wp-element-caption\">So\u011fan \u00d6\u011f\u00fct\u00fcc\u00fc Makinesi<\/figcaption><\/figure>    <figure class=\"wp-block-image size-large\"><img loading=\"lazy\" decoding=\"async\" width=\"720\" height=\"540\" data-id=\"360\" src=\"https:\/\/gingermachines.com\/wp-content\/uploads\/2026\/02\/onion-powder-packing-machine.webp\" alt=\"onion powder packing machine\" class=\"wp-image-360\" title=\"\" srcset=\"https:\/\/gingermachines.com\/wp-content\/uploads\/2026\/02\/onion-powder-packing-machine.webp 720w, https:\/\/gingermachines.com\/wp-content\/uploads\/2026\/02\/onion-powder-packing-machine-300x225.webp 300w, https:\/\/gingermachines.com\/wp-content\/uploads\/2026\/02\/onion-powder-packing-machine-16x12.webp 16w\" sizes=\"auto, (max-width: 720px) 100vw, 720px\" \/><figcaption class=\"wp-element-caption\">So\u011fan Tozu Paketleme Makinesi<\/figcaption><\/figure> <\/figure>    <h2 class=\"wp-block-heading\"><strong>Daha fazla bilgi i\u00e7in bizimle ileti\u015fime ge\u00e7in!<\/strong><\/h2>    <p>E\u011fer so\u011fan kesme makinesi veya di\u011fer so\u011fan i\u015fleme ekipmanlar\u0131 ar\u0131yorsan\u0131z, bizimle ileti\u015fime ge\u00e7mekten \u00e7ekinmeyin. Taizy'yi se\u00e7mek size \u015funlar\u0131 sa\u011flar:<\/p>    <ul class=\"wp-block-list\"> <li>Ekipman se\u00e7imi rehberi<\/li>    <li>\u00d6zelle\u015ftirilmi\u015f \u00fcretim \u00e7\u00f6z\u00fcmleri<\/li>    <li>Teknik ve operasyonel rehberlik<\/li>    <li>Uzun vadeli sat\u0131\u015f sonras\u0131 hizmet<\/li> <\/ul>    <p>Don&#8217;t hesitate, contact us now to help upgrade your production!<\/p>","protected":false},"excerpt":{"rendered":"<p>This article mainly introduces the onion cutting machine. The onion cutter is multifunctional and efficient, with a production capacity of 200-1000 kg\/h. It can be used for onions, potatoes, cucumbers, and ginger, and supports dicing, slicing, and wavy cutting.<\/p>","protected":false},"author":1,"featured_media":357,"parent":0,"template":"","tags":[9],"product-type":[6],"class_list":["post-345","product","type-product","status-publish","has-post-thumbnail","hentry","tag-onion","product-type-products"],"_links":{"self":[{"href":"https:\/\/gingermachines.com\/tr\/wp-json\/wp\/v2\/product\/345","targetHints":{"allow":["GET"]}}],"collection":[{"href":"https:\/\/gingermachines.com\/tr\/wp-json\/wp\/v2\/product"}],"about":[{"href":"https:\/\/gingermachines.com\/tr\/wp-json\/wp\/v2\/types\/product"}],"author":[{"embeddable":true,"href":"https:\/\/gingermachines.com\/tr\/wp-json\/wp\/v2\/users\/1"}],"wp:featuredmedia":[{"embeddable":true,"href":"https:\/\/gingermachines.com\/tr\/wp-json\/wp\/v2\/media\/357"}],"wp:attachment":[{"href":"https:\/\/gingermachines.com\/tr\/wp-json\/wp\/v2\/media?parent=345"}],"wp:term":[{"taxonomy":"post_tag","embeddable":true,"href":"https:\/\/gingermachines.com\/tr\/wp-json\/wp\/v2\/tags?post=345"},{"taxonomy":"product-type","embeddable":true,"href":"https:\/\/gingermachines.com\/tr\/wp-json\/wp\/v2\/product-type?post=345"}],"curies":[{"name":"wp","href":"https:\/\/api.w.org\/{rel}","templated":true}]}}