{"id":33,"date":"2022-09-07T01:52:50","date_gmt":"2022-09-06T17:52:50","guid":{"rendered":"https:\/\/gingermachines.com\/?post_type=product&#038;p=33"},"modified":"2023-03-07T15:57:20","modified_gmt":"2023-03-07T07:57:20","slug":"ginger-washing-machine","status":"publish","type":"product","link":"https:\/\/gingermachines.com\/tr\/product\/ginger-washing-machine\/","title":{"rendered":"Zencefil Y\u0131kama Makinesi"},"content":{"rendered":"<p class=\"translation-block\"><strong>Zencefil y\u0131kama makinesi<\/strong> f\u0131r\u00e7a tipi temizlik makinesidir. Bu makine \u00fcst\u00fcn verimlilik, y\u00fcksek otomasyon ve enerji tasarrufu \u00f6zelliklerine sahiptir. Zencefil, patates, tatl\u0131 patates, havu\u00e7, yam, parsnip, pancar, \u015falgam, horseradish, taro, elma, lotus k\u00f6k\u00fc vb. y\u0131kama ve temizleme i\u00e7in son derece idealdir. Sebze i\u015fleme tesisleri, meyve i\u015fleme tesisleri, restoranlar, okullar, oteller vb. yayg\u0131n olarak kullan\u0131l\u0131r. Zencefil y\u0131kama makinesi, tam otomatik y\u0131kama ve soyma fonksiyonlar\u0131na sahiptir. Kapasitesi saatte 700 kg'dan 3000 kg'a kadar de\u011fi\u015fir. <\/p>    <p>T\u00fcm makineler, g\u0131da s\u0131n\u0131f\u0131 ve dayan\u0131kl\u0131 paslanmaz \u00e7elik malzeme kullan\u0131r. Kaliteli bir zencefil y\u0131kama makinesi mi ar\u0131yorsunuz? Bize ula\u015f\u0131n ve zencefil i\u015finizi ba\u015flat\u0131n.<\/p>    <figure class=\"wp-block-image size-full\"><img loading=\"lazy\" decoding=\"async\" width=\"720\" height=\"540\" src=\"https:\/\/gingermachines.com\/wp-content\/uploads\/2022\/09\/brush-type-vegetable-washing-machine.jpg\" alt=\"f\u0131r\u00e7a tipi sebze y\u0131kama makinesi\" class=\"wp-image-72\" title=\"\" srcset=\"https:\/\/gingermachines.com\/wp-content\/uploads\/2022\/09\/brush-type-vegetable-washing-machine.jpg 720w, https:\/\/gingermachines.com\/wp-content\/uploads\/2022\/09\/brush-type-vegetable-washing-machine-300x225.jpg 300w\" sizes=\"auto, (max-width: 720px) 100vw, 720px\" \/><figcaption class=\"wp-element-caption\">F\u0131r\u00e7a Tipi Sebze Y\u0131kama Makinesi<\/figcaption><\/figure>    <h2 class=\"wp-block-heading\" id=\"h-features\">Zencefil y\u0131kama makinesinin \u00f6zellikleri <\/h2>    <ol class=\"wp-block-list\" type=\"1\"> <li>Geni\u015f uygulamalar. Zencefil temizleme makinesi, zencefil, patates, yam, havu\u00e7, beyaz turp, kudzu vb. \u00e7e\u015fitli k\u00f6k sebzelerin i\u015flenmesinde yayg\u0131n olarak kullan\u0131l\u0131r.<\/li>    <li>T\u00fcm makineler, g\u0131da malzemesi malzemeden yap\u0131lm\u0131\u015f paslanmaz \u00e7elik g\u00f6vde yap\u0131s\u0131 kullan\u0131r.<\/li>    <li>S\u0131vanan su, fan \u015feklinde, geni\u015f alan ve y\u00fcksek bas\u0131n\u00e7l\u0131d\u0131r, etkili ve h\u0131zl\u0131d\u0131r.<\/li>    <li>Naylon f\u0131r\u00e7a. F\u0131r\u00e7a malzemesi \u00f6zel bir i\u015flemle muamele edilmi\u015ftir, iyi a\u015f\u0131nma direncine sahiptir.<\/li>    <li>\u0130\u00e7ten tahrik par\u00e7as\u0131. Di\u015fli, motor ve zincir, makineyi tahrik eder; zencefil y\u0131kama makinesi kompakt yap\u0131ya ve makul tasar\u0131ma sahiptir.<\/li>    <li>Su ve tortu toplama tepsisi. At\u0131k su ve tortu ak\u0131\u015f\u0131n\u0131 bir \u00e7\u0131k\u0131\u015ftan toplayabilir, b\u00f6ylece zemine ak\u0131\u015f\u0131 engeller.<\/li>    <li>OEM\/ODM hizmeti mevcuttur. \u00d6zel gereksinimlerinizi kar\u015f\u0131lamak i\u00e7in g\u00fc\u00e7l\u00fc \u00f6zelle\u015ftirme hizmeti sunuyoruz.<\/li> <\/ol>    <figure class=\"wp-block-image size-full\"><img loading=\"lazy\" decoding=\"async\" width=\"720\" height=\"540\" src=\"https:\/\/gingermachines.com\/wp-content\/uploads\/2022\/09\/ginger-washer-machine-structure.jpg\" alt=\"zencefil y\u0131kama makinesi yap\u0131s\u0131\" class=\"wp-image-74\" title=\"\" srcset=\"https:\/\/gingermachines.com\/wp-content\/uploads\/2022\/09\/ginger-washer-machine-structure.jpg 720w, https:\/\/gingermachines.com\/wp-content\/uploads\/2022\/09\/ginger-washer-machine-structure-300x225.jpg 300w\" sizes=\"auto, (max-width: 720px) 100vw, 720px\" \/><figcaption class=\"wp-element-caption\">Zencefil Y\u0131kama Makinesi Yap\u0131s\u0131<\/figcaption><\/figure>    <h2 class=\"wp-block-heading\" id=\"h-parameters\">TAIZY zencefil temizleme y\u0131kama makinesi parametreleri<\/h2>    <figure class=\"wp-block-table\"><table><tbody><tr><td>Model<\/td><td>Boyut(mm)<\/td><td>A\u011f\u0131rl\u0131k(kg)<\/td><td>G\u00fc\u00e7(kW)<\/td><td>Kapasite(kg\/s)<\/td><\/tr><tr><td>CY800<\/td><td>1580*850*800<\/td><td>180<\/td><td>1.1<\/td><td>700kg\/s<\/td><\/tr><tr><td>CY1000<\/td><td>1780*850*800<\/td><td>220<\/td><td>1.5<\/td><td>1000kg\/s<\/td><\/tr><tr><td>CY1200<\/td><td>1980*850*800<\/td><td>240<\/td><td>1.5<\/td><td>1200kg\/s<\/td><\/tr><tr><td>CY1500<\/td><td>2280*850*800<\/td><td>260<\/td><td>2.2<\/td><td>1500kg\/s<\/td><\/tr><tr><td>CY1800<\/td><td>2580*850*800<\/td><td>280<\/td><td>2.2<\/td><td>1800kg\/s<\/td><\/tr><tr><td>CY2000<\/td><td>2780*850*800<\/td><td>320<\/td><td>3<\/td><td>2000kg\/s<\/td><\/tr><tr><td>CY2600<\/td><td>3400*850*800<\/td><td>600<\/td><td>4<\/td><td>3000kg\/s<\/td><\/tr><\/tbody><\/table><\/figure>    <h2 class=\"wp-block-heading\" id=\"h-working-principle-of-the-ginger-washing-machine\">Zencefil y\u0131kama makinesinin \u00e7al\u0131\u015fma prensibi<\/h2>    <p>Zencefil y\u0131kama makinesi, f\u0131r\u00e7a s\u00fcrt\u00fcnme prensibini benimser ve yuvarlak ve oval meyve ve sebzelerin temizlenmesi ve soyulmas\u0131nda yayg\u0131n olarak kullan\u0131l\u0131r. Zencefil, havu\u00e7, tatl\u0131 patates ve patates gibi \u00fcr\u00fcnleri y\u0131kayabilir veya f\u0131r\u00e7a silindiri de\u011fi\u015ftirerek soyabilir. \u00dcr\u00fcnlerin \u00f6zelliklerine g\u00f6re, sert veya yumu\u015fak f\u0131r\u00e7alarla donat\u0131labilir, b\u00f6ylece \u00fcr\u00fcnlere zarar verilmez. F\u0131r\u00e7an\u0131n d\u00f6nmesiyle, temizlik ve soyma, f\u0131r\u00e7a ile \u00fcr\u00fcn aras\u0131ndaki s\u00fcrt\u00fcnme yoluyla sa\u011flan\u0131r. <\/p>    <p>Bu makine tek ba\u015f\u0131na temizleme yapabilir veya ayn\u0131 anda temizleme ve soyma i\u015flemi yapabilir. Ekipman estetik g\u00f6r\u00fcn\u00fcme, kolay kullan\u0131ma, b\u00fcy\u00fck temizlik ve soyma hacmine, y\u00fcksek verimlili\u011fe, d\u00fc\u015f\u00fck enerji t\u00fcketimine sahiptir ve s\u00fcrekli \u00e7al\u0131\u015fabilir. \u00d6zel i\u015flem sonras\u0131 f\u0131r\u00e7a silindiri malzemesi dayan\u0131kl\u0131d\u0131r ve ekipman y\u00fcksek kaliteli paslanmaz \u00e7elikten yap\u0131lm\u0131\u015ft\u0131r.<\/p>    <h2 class=\"wp-block-heading\" id=\"h-structure-details-of-the-ginger-processing-cleaning-machine\">Zencefil i\u015fleme temizlik makinesinin yap\u0131 detaylar\u0131<\/h2>    <ol class=\"wp-block-list\" type=\"1\"> <li>Makine g\u00f6vdesi. Bu makine, uzun hizmet \u00f6mr\u00fc ve kolay temizli\u011fi olan paslanmaz \u00e7elik malzeme kullan\u0131r.<\/li>    <li>F\u0131r\u00e7a silindiri. F\u0131r\u00e7a silindiri, naylon iplikten yap\u0131lm\u0131\u015ft\u0131r, \u00e7ok sa\u011flam ve g\u00fc\u00e7l\u00fcd\u00fcr.<\/li>    <li>\u015eampuan p\u00fcsk\u00fcrt\u00fcc\u00fc. Makine, otomatik p\u00fcsk\u00fcrtme temizleme sistemini kullan\u0131r, su borusuna ba\u011flanabilir ve derin temizlik sa\u011flar.<\/li>    <li>\u00c7\u0131k\u0131\u015f. Otomatik d\u00f6nerli bo\u015faltma kullan\u0131r, bu da \u00e7aba ve zaman\u0131 tasarruf eder.<\/li> <\/ol>    <div class=\"wp-block-columns is-layout-flex wp-container-core-columns-is-layout-9d6595d7 wp-block-columns-is-layout-flex\"> <div class=\"wp-block-column is-layout-flow wp-block-column-is-layout-flow\"> <figure class=\"wp-block-gallery has-nested-images columns-default is-cropped wp-block-gallery-2 is-layout-flex wp-block-gallery-is-layout-flex\"> <figure class=\"wp-block-image size-full\"><img loading=\"lazy\" decoding=\"async\" width=\"800\" height=\"730\" data-id=\"75\" src=\"https:\/\/gingermachines.com\/wp-content\/uploads\/2022\/09\/ginger-washing-machine-factory.jpg\" alt=\"zencefil y\u0131kama makinesi fabrikas\u0131\" class=\"wp-image-75\" title=\"\" srcset=\"https:\/\/gingermachines.com\/wp-content\/uploads\/2022\/09\/ginger-washing-machine-factory.jpg 800w, https:\/\/gingermachines.com\/wp-content\/uploads\/2022\/09\/ginger-washing-machine-factory-300x274.jpg 300w, https:\/\/gingermachines.com\/wp-content\/uploads\/2022\/09\/ginger-washing-machine-factory-768x701.jpg 768w\" sizes=\"auto, (max-width: 800px) 100vw, 800px\" \/><figcaption class=\"wp-element-caption\">Zencefil Y\u0131kama Makinesi Fabrikas\u0131<\/figcaption><\/figure> <\/figure> <\/div>    <div class=\"wp-block-column is-layout-flow wp-block-column-is-layout-flow\"> <figure class=\"wp-block-gallery has-nested-images columns-default is-cropped wp-block-gallery-3 is-layout-flex wp-block-gallery-is-layout-flex\"> <figure class=\"wp-block-image size-full\"><img loading=\"lazy\" decoding=\"async\" width=\"800\" height=\"730\" data-id=\"76\" src=\"https:\/\/gingermachines.com\/wp-content\/uploads\/2022\/09\/ginger-washer-details.jpg\" alt=\"zencefil y\u0131kama detaylar\u0131\" class=\"wp-image-76\" title=\"\" srcset=\"https:\/\/gingermachines.com\/wp-content\/uploads\/2022\/09\/ginger-washer-details.jpg 800w, https:\/\/gingermachines.com\/wp-content\/uploads\/2022\/09\/ginger-washer-details-300x274.jpg 300w, https:\/\/gingermachines.com\/wp-content\/uploads\/2022\/09\/ginger-washer-details-768x701.jpg 768w\" sizes=\"auto, (max-width: 800px) 100vw, 800px\" \/><figcaption class=\"wp-element-caption\">Zencefil Y\u0131kama Makinesi Detaylar\u0131<\/figcaption><\/figure> <\/figure> <\/div> <\/div>    <h2 class=\"wp-block-heading\">Zencefil y\u0131kama makinesi \u00fcreticileri <\/h2>    <p>Kaliteli bir zencefil y\u0131kama makinesi almadan \u00f6nce, kaliteli bir zencefil y\u0131kama \u00fcreticisi bulmak \u00e7ok \u00f6nemlidir. Aksi takdirde, ileti\u015fim, bak\u0131m ve makine de\u011fi\u015fimi i\u00e7in \u00e7ok daha fazla zaman harcars\u0131n\u0131z. TAIZY zencefil y\u0131kama makinesi, f\u0131r\u00e7a tipi sebze temizleme ve y\u0131kama makinesidir. \u00dcst\u00fcn kalite, iyi performans ve uygun fiyat sunar. <\/p>    <p class=\"translation-block\">Zencefil y\u0131kama makinesi d\u0131\u015f\u0131nda, ayr\u0131ca <a href=\"https:\/\/gingermachines.com\/tr\/product\/ginger-slicing-machine\/\">zencefil dilimleme makinesi<\/a>, zencefil kurutma makinesi, <a href=\"https:\/\/gingermachines.com\/tr\/product\/ginger-grinding-machine\/\">zencefil \u00f6\u011f\u00fctme makinesi<\/a> ve <a href=\"https:\/\/gingermachines.com\/tr\/product\/ginger-powder-processing-line\/\">zencefil tozu yapma makinesi<\/a> de sa\u011fl\u0131yoruz. G\u00fcvenilir bir zencefil makinesi mi ar\u0131yorsunuz? Taleplerinizi b\u0131rak\u0131n, size en k\u0131sa s\u00fcrede geri d\u00f6n\u00fc\u015f yapaca\u011f\u0131z. <\/p>","protected":false},"excerpt":{"rendered":"<p>Ginger washing machine is a brush-type cleaning machine. This machine has the features of super efficiency, high automation, and energy saving. It is extremely ideal for washing and cleaning ginger, potatoes, sweet potato, carrots, yam, parsnip, beet, rutabaga, horseradish, taro, apple, lotus root, etc. And widely used in vegetable processing plants, fruit processing plants, restaurants, [&hellip;]<\/p>\n","protected":false},"author":1,"featured_media":70,"parent":0,"template":"","tags":[8],"product-type":[6],"class_list":["post-33","product","type-product","status-publish","has-post-thumbnail","hentry","tag-ginger-processing-machine","product-type-products"],"_links":{"self":[{"href":"https:\/\/gingermachines.com\/tr\/wp-json\/wp\/v2\/product\/33","targetHints":{"allow":["GET"]}}],"collection":[{"href":"https:\/\/gingermachines.com\/tr\/wp-json\/wp\/v2\/product"}],"about":[{"href":"https:\/\/gingermachines.com\/tr\/wp-json\/wp\/v2\/types\/product"}],"author":[{"embeddable":true,"href":"https:\/\/gingermachines.com\/tr\/wp-json\/wp\/v2\/users\/1"}],"wp:featuredmedia":[{"embeddable":true,"href":"https:\/\/gingermachines.com\/tr\/wp-json\/wp\/v2\/media\/70"}],"wp:attachment":[{"href":"https:\/\/gingermachines.com\/tr\/wp-json\/wp\/v2\/media?parent=33"}],"wp:term":[{"taxonomy":"post_tag","embeddable":true,"href":"https:\/\/gingermachines.com\/tr\/wp-json\/wp\/v2\/tags?post=33"},{"taxonomy":"product-type","embeddable":true,"href":"https:\/\/gingermachines.com\/tr\/wp-json\/wp\/v2\/product-type?post=33"}],"curies":[{"name":"wp","href":"https:\/\/api.w.org\/{rel}","templated":true}]}}