{"id":296,"date":"2025-12-17T13:33:47","date_gmt":"2025-12-17T05:33:47","guid":{"rendered":"https:\/\/gingermachines.com\/?post_type=product&#038;p=296"},"modified":"2025-12-17T14:08:31","modified_gmt":"2025-12-17T06:08:31","slug":"onion-root-cutting-machine","status":"publish","type":"product","link":"https:\/\/gingermachines.com\/tr\/product\/onion-root-cutting-machine\/","title":{"rendered":"So\u011fan k\u00f6k\u00fc kesme makinesi"},"content":{"rendered":"<p class=\"translation-block\">Taizy <strong>so\u011fan k\u00f6k kesme makinesi<\/strong>, so\u011fanlar\u0131n k\u00f6k ve kuyruklar\u0131n\u0131 \u00e7\u0131karmak i\u00e7in \u00f6zel olarak tasarlanm\u0131\u015ft\u0131r. 5 cm veya daha b\u00fcy\u00fck \u00e7apl\u0131 so\u011fanlar\u0131 kesebilir. Makine, temiz ve hassas kesimler sa\u011flar, y\u00fcksek verimlilik ve b\u00fcy\u00fck \u00e7\u0131kt\u0131 sunar, saatte 500 kg'a kadar i\u015fleme kapasitesine sahiptir.<\/p>    <p class=\"wp-embed-aspect-16-9 wp-has-aspect-ratio\">So\u011fan k\u00f6k sap\u0131 kesme makinemiz, sonraki i\u015flemler i\u00e7in uygun bir \u015fekilde so\u011fan soyma makinesi ile birlikte kullan\u0131lmaktad\u0131r. Daha fazla bilgi i\u00e7in l\u00fctfen bizimle ileti\u015fime ge\u00e7in!<\/p>    <figure class=\"wp-block-embed is-type-video is-provider-youtube wp-block-embed-youtube wp-embed-aspect-16-9 wp-has-aspect-ratio\"><div class=\"wp-block-embed__wrapper\"> <iframe loading=\"lazy\" title=\"Otomatik so\u011fan k\u00f6k kesme makinesi | So\u011fan k\u00f6k sap\u0131 \u00e7\u0131karma makinesi nas\u0131l \u00e7al\u0131\u015f\u0131r?\" width=\"500\" height=\"281\" src=\"https:\/\/www.youtube.com\/embed\/gZsAYGyDQGk?feature=oembed\" frameborder=\"0\" allow=\"accelerometer; autoplay; clipboard-write; encrypted-media; gyroscope; picture-in-picture; web-share\" referrerpolicy=\"strict-origin-when-cross-origin\" allowfullscreen><\/iframe> <\/div><figcaption class=\"wp-element-caption\">so\u011fan k\u00f6k kesme ekipman\u0131n\u0131n \u00e7al\u0131\u015fma videosu<\/figcaption><\/figure>    <h2 class=\"wp-block-heading\"><strong>So\u011fan k\u00f6k sap\u0131 kesme makinesinin \u00f6zellikleri<\/strong><\/h2>    <ul class=\"wp-block-list\"> <li>So\u011fan k\u00f6k kesme makinemiz \u015funlardan yap\u0131lm\u0131\u015ft\u0131r <strong>paslanmaz \u00e7elik<\/strong>, korozyona dayan\u0131kl\u0131 ve dayan\u0131kl\u0131d\u0131r.<\/li>    <li>So\u011fan k\u00f6k kesme makinesi <strong>kullan\u0131m\u0131 kolay<\/strong>. Birka\u00e7 d\u00fc\u011fmeye basarak kolayca \u00e7al\u0131\u015ft\u0131r\u0131labilir.<\/li>    <li>Taizy so\u011fan k\u00f6k sap\u0131 kesme makinesi <strong>son derece verimli<\/strong>, \u00fcretim kapasitesi saatte 500 kg'a kadar.<\/li>    <li>D\u00fcz kesim y\u00fczeylerine sahip so\u011fanlar \u00fcretir ve bir <strong>d\u00fc\u015f\u00fck hasar oran\u0131<\/strong>.<\/li>    <li>So\u011fan k\u00f6k kesme makinesi, \u015funlarda kullan\u0131labilir <strong>so\u011fan soyma makinesi ile birlikte<\/strong> bir so\u011fan soyma ve k\u00f6k kesme \u00fcretim hatt\u0131 olu\u015fturmak i\u00e7in.<\/li> <\/ul>   <div class=\"wp-block-image\"> <figure class=\"aligncenter size-full\"><img loading=\"lazy\" decoding=\"async\" width=\"720\" height=\"540\" src=\"https:\/\/gingermachines.com\/wp-content\/uploads\/2025\/12\/onion-root-cutting-equipment.webp\" alt=\"so\u011fan k\u00f6k kesme ekipman\u0131\" class=\"wp-image-297\" title=\"\" srcset=\"https:\/\/gingermachines.com\/wp-content\/uploads\/2025\/12\/onion-root-cutting-equipment.webp 720w, https:\/\/gingermachines.com\/wp-content\/uploads\/2025\/12\/onion-root-cutting-equipment-300x225.webp 300w, https:\/\/gingermachines.com\/wp-content\/uploads\/2025\/12\/onion-root-cutting-equipment-16x12.webp 16w\" sizes=\"auto, (max-width: 720px) 100vw, 720px\" \/><figcaption class=\"wp-element-caption\">so\u011fan k\u00f6k kesme ekipman\u0131<\/figcaption><\/figure> <\/div>   <h2 class=\"wp-block-heading\"><strong>So\u011fan k\u00f6k kesme makinesi i\u00e7in uygun ham maddeler<\/strong><\/h2>    <p>Bu so\u011fan k\u00f6k kesme makinesi, sar\u0131 so\u011fanlar, k\u0131rm\u0131z\u0131 so\u011fanlar ve beyaz so\u011fanlar dahil olmak \u00fczere farkl\u0131 so\u011fan \u00e7e\u015fitleri i\u00e7in uygundur. So\u011fan sap\u0131 kesicimiz, \u00e7ap\u0131 &gt;=5 cm olan so\u011fanlar i\u00e7in uygundur. Daha k\u00fc\u00e7\u00fck \u00e7apl\u0131 so\u011fanlar i\u00e7in \u00f6zelle\u015ftirme gereklidir.<\/p>    <figure class=\"wp-block-gallery has-nested-images columns-default is-cropped wp-block-gallery-2 is-layout-flex wp-block-gallery-is-layout-flex\"> <figure class=\"wp-block-image size-large\"><img loading=\"lazy\" decoding=\"async\" width=\"720\" height=\"540\" data-id=\"298\" src=\"https:\/\/gingermachines.com\/wp-content\/uploads\/2025\/12\/application-of-onion-root-cutter-machine.webp\" alt=\"application of onion root cutter machine\" class=\"wp-image-298\" title=\"\" srcset=\"https:\/\/gingermachines.com\/wp-content\/uploads\/2025\/12\/application-of-onion-root-cutter-machine.webp 720w, https:\/\/gingermachines.com\/wp-content\/uploads\/2025\/12\/application-of-onion-root-cutter-machine-300x225.webp 300w, https:\/\/gingermachines.com\/wp-content\/uploads\/2025\/12\/application-of-onion-root-cutter-machine-16x12.webp 16w\" sizes=\"auto, (max-width: 720px) 100vw, 720px\" \/><figcaption class=\"wp-element-caption\">So\u011fan K\u00f6k Kesme Makinesi Uygulamas\u0131<\/figcaption><\/figure>    <figure class=\"wp-block-image size-large\"><img loading=\"lazy\" decoding=\"async\" width=\"720\" height=\"540\" data-id=\"300\" src=\"https:\/\/gingermachines.com\/wp-content\/uploads\/2025\/12\/application-of-onion-root-stem-cutting-machine.webp\" alt=\"application of onion root stem cutting machine\" class=\"wp-image-300\" title=\"\" srcset=\"https:\/\/gingermachines.com\/wp-content\/uploads\/2025\/12\/application-of-onion-root-stem-cutting-machine.webp 720w, https:\/\/gingermachines.com\/wp-content\/uploads\/2025\/12\/application-of-onion-root-stem-cutting-machine-300x225.webp 300w, https:\/\/gingermachines.com\/wp-content\/uploads\/2025\/12\/application-of-onion-root-stem-cutting-machine-16x12.webp 16w\" sizes=\"auto, (max-width: 720px) 100vw, 720px\" \/><figcaption class=\"wp-element-caption\">So\u011fan K\u00f6k Sap\u0131 Kesme Makinesi Uygulamas\u0131<\/figcaption><\/figure>    <figure class=\"wp-block-image size-large\"><img loading=\"lazy\" decoding=\"async\" width=\"720\" height=\"540\" data-id=\"299\" src=\"https:\/\/gingermachines.com\/wp-content\/uploads\/2025\/12\/application-of-onion-root-cutter.webp\" alt=\"application of onion root cutter\" class=\"wp-image-299\" title=\"\" srcset=\"https:\/\/gingermachines.com\/wp-content\/uploads\/2025\/12\/application-of-onion-root-cutter.webp 720w, https:\/\/gingermachines.com\/wp-content\/uploads\/2025\/12\/application-of-onion-root-cutter-300x225.webp 300w, https:\/\/gingermachines.com\/wp-content\/uploads\/2025\/12\/application-of-onion-root-cutter-16x12.webp 16w\" sizes=\"auto, (max-width: 720px) 100vw, 720px\" \/><figcaption class=\"wp-element-caption\">So\u011fan K\u00f6k Kesme Makinesi Uygulamas\u0131<\/figcaption><\/figure> <\/figure>    <h2 class=\"wp-block-heading\"><strong>So\u011fan k\u00f6k kesme makinesinin spesifikasyonlar\u0131<\/strong><\/h2>    <p>M\u00fc\u015fterilerin so\u011fan k\u00f6k kesme ekipman\u0131n\u0131n spesifikasyonlar\u0131n\u0131 h\u0131zl\u0131 bir \u015fekilde anlamalar\u0131na yard\u0131mc\u0131 olmak i\u00e7in, makinenin temel teknik parametreleri a\u015fa\u011f\u0131da \u00f6zetlenmi\u015ftir:<\/p>    <figure class=\"wp-block-table\"><table class=\"has-fixed-layout\"><tbody><tr><td>G\u00fc\u00e7<\/td><td>380v\/1.5kw<\/td><\/tr><tr><td>Makine boyutu<\/td><td>280*81*150cm<\/td><\/tr><tr><td>Makine a\u011f\u0131rl\u0131\u011f\u0131<\/td><td>30kg<\/td><\/tr><tr><td>Kapasite<\/td><td>500kg\/h<\/td><\/tr><\/tbody><\/table><figcaption class=\"wp-element-caption\">so\u011fan ba\u015f\u0131 ve kuyru\u011fu kesici makinesinin parametreleri<\/figcaption><\/figure>    <h2 class=\"wp-block-heading\"><strong>So\u011fan k\u00f6k sap\u0131 kesme makinesi nas\u0131l \u00e7al\u0131\u015f\u0131r?<\/strong><\/h2>    <ol class=\"wp-block-list\"> <li>S\u00fcrecin ba\u015flang\u0131c\u0131nda, i\u015f\u00e7iler so\u011fanlar\u0131 konvey\u00f6r band\u0131ndaki kelep\u00e7e aparatlar\u0131na yerle\u015ftirir. Aparatlar, so\u011fanlar\u0131 otomatik olarak s\u0131k\u0131\u015ft\u0131rarak ta\u015f\u0131nma s\u0131ras\u0131nda sabit tutar.<\/li>    <li>So\u011fanlar daha sonra kesim alan\u0131na ta\u015f\u0131n\u0131r. Bu alanda, iki set y\u00fcksek h\u0131zl\u0131 d\u00f6nen b\u0131\u00e7ak senkronize bir \u015fekilde \u00e7al\u0131\u015farak her so\u011fan\u0131n k\u00f6k ve sap\u0131n\u0131 otomatik olarak keser.<\/li>    <li>Kesildikten sonra, so\u011fanlar konvey\u00f6r band\u0131nda ileri do\u011fru hareket etmeye devam eder ve otomatik olarak \u00e7\u0131k\u0131\u015ftan bo\u015falt\u0131l\u0131r.<\/li> <\/ol>    <figure class=\"wp-block-gallery has-nested-images columns-default is-cropped wp-block-gallery-3 is-layout-flex wp-block-gallery-is-layout-flex\"> <figure class=\"wp-block-image size-large\"><img loading=\"lazy\" decoding=\"async\" width=\"720\" height=\"540\" data-id=\"301\" src=\"https:\/\/gingermachines.com\/wp-content\/uploads\/2025\/12\/onion-head-and-tail-cutter.webp\" alt=\"onion head and tail cutter\" class=\"wp-image-301\" title=\"\" srcset=\"https:\/\/gingermachines.com\/wp-content\/uploads\/2025\/12\/onion-head-and-tail-cutter.webp 720w, https:\/\/gingermachines.com\/wp-content\/uploads\/2025\/12\/onion-head-and-tail-cutter-300x225.webp 300w, https:\/\/gingermachines.com\/wp-content\/uploads\/2025\/12\/onion-head-and-tail-cutter-16x12.webp 16w\" sizes=\"auto, (max-width: 720px) 100vw, 720px\" \/><figcaption class=\"wp-element-caption\">So\u011fan Ba\u015f ve Kuyruk Kesici<\/figcaption><\/figure>    <figure class=\"wp-block-image size-large\"><img loading=\"lazy\" decoding=\"async\" width=\"720\" height=\"540\" data-id=\"302\" src=\"https:\/\/gingermachines.com\/wp-content\/uploads\/2025\/12\/onion-root-stem-cuuting-machine.webp\" alt=\"onion root stem cuuting machine\" class=\"wp-image-302\" title=\"\" srcset=\"https:\/\/gingermachines.com\/wp-content\/uploads\/2025\/12\/onion-root-stem-cuuting-machine.webp 720w, https:\/\/gingermachines.com\/wp-content\/uploads\/2025\/12\/onion-root-stem-cuuting-machine-300x225.webp 300w, https:\/\/gingermachines.com\/wp-content\/uploads\/2025\/12\/onion-root-stem-cuuting-machine-16x12.webp 16w\" sizes=\"auto, (max-width: 720px) 100vw, 720px\" \/><figcaption class=\"wp-element-caption\">So\u011fan K\u00f6k Sap\u0131 Kesme Makinesi<\/figcaption><\/figure> <\/figure>    <h2 class=\"wp-block-heading\"><strong>So\u011fan k\u00f6k kesici ve soyucu hatt\u0131<\/strong><\/h2>    <p class=\"translation-block\">So\u011fan k\u00f6k kesme makinesi, bir asans\u00f6r ve bir <a href=\"https:\/\/gingermachines.com\/tr\/product\/automatic-onion-peeling-machine\/\">so\u011fan soyma makinesi<\/a> ile birlikte kullan\u0131larak tam bir so\u011fan soyma \u00fcretim hatt\u0131 olu\u015fturulabilir. S\u00fcre\u00e7 \u015fu \u015fekildedir:<\/p>    <ol class=\"wp-block-list\"> <li>So\u011fanlar \u00f6nce so\u011fan k\u00f6k sap\u0131 kesme makinesi ile i\u015flenir.<\/li>    <li>Kesildikten sonra, so\u011fanlar konvey\u00f6r arac\u0131l\u0131\u011f\u0131yla so\u011fan soyma makinesine ta\u015f\u0131n\u0131r.<\/li>    <li>So\u011fan soyma makinesi daha sonra so\u011fanlar\u0131 soyar.<\/li> <\/ol>    <p>T\u00fcm hat, k\u00f6k kesme ve soyma s\u00fcre\u00e7leri aras\u0131nda sorunsuz bir ge\u00e7i\u015f sa\u011flamak i\u00e7in otomatik ta\u015f\u0131may\u0131 i\u00e7erir, bu da \u00fcretim verimlili\u011fini art\u0131r\u0131r ve manuel i\u015f g\u00fcc\u00fcn\u00fc azalt\u0131r.<\/p>    <figure class=\"wp-block-gallery has-nested-images columns-default is-cropped wp-block-gallery-4 is-layout-flex wp-block-gallery-is-layout-flex\"> <figure class=\"wp-block-image size-large\"><img loading=\"lazy\" decoding=\"async\" width=\"720\" height=\"540\" data-id=\"305\" src=\"https:\/\/gingermachines.com\/wp-content\/uploads\/2025\/12\/onion-peeling-line-2.webp\" alt=\"so\u011fan soyma hatt\u0131\" class=\"wp-image-305\" title=\"\" srcset=\"https:\/\/gingermachines.com\/wp-content\/uploads\/2025\/12\/onion-peeling-line-2.webp 720w, https:\/\/gingermachines.com\/wp-content\/uploads\/2025\/12\/onion-peeling-line-2-300x225.webp 300w, https:\/\/gingermachines.com\/wp-content\/uploads\/2025\/12\/onion-peeling-line-2-16x12.webp 16w\" sizes=\"auto, (max-width: 720px) 100vw, 720px\" \/><figcaption class=\"wp-element-caption\">So\u011fan Soyma Hatt\u0131<\/figcaption><\/figure>    <figure class=\"wp-block-image size-large\"><img loading=\"lazy\" decoding=\"async\" width=\"720\" height=\"540\" data-id=\"303\" src=\"https:\/\/gingermachines.com\/wp-content\/uploads\/2025\/12\/onion-root-cutting-machine.webp\" alt=\"onion root cutting machine\" class=\"wp-image-303\" title=\"\" srcset=\"https:\/\/gingermachines.com\/wp-content\/uploads\/2025\/12\/onion-root-cutting-machine.webp 720w, https:\/\/gingermachines.com\/wp-content\/uploads\/2025\/12\/onion-root-cutting-machine-300x225.webp 300w, https:\/\/gingermachines.com\/wp-content\/uploads\/2025\/12\/onion-root-cutting-machine-16x12.webp 16w\" sizes=\"auto, (max-width: 720px) 100vw, 720px\" \/><figcaption class=\"wp-element-caption\">So\u011fan K\u00f6k Kesme Makinesi<\/figcaption><\/figure>    <figure class=\"wp-block-image size-large\"><img loading=\"lazy\" decoding=\"async\" width=\"720\" height=\"540\" data-id=\"304\" src=\"https:\/\/gingermachines.com\/wp-content\/uploads\/2025\/12\/onion-peeling-machine-1.webp\" alt=\"so\u011fan soyma makinesi\" class=\"wp-image-304\" title=\"\" srcset=\"https:\/\/gingermachines.com\/wp-content\/uploads\/2025\/12\/onion-peeling-machine-1.webp 720w, https:\/\/gingermachines.com\/wp-content\/uploads\/2025\/12\/onion-peeling-machine-1-300x225.webp 300w, https:\/\/gingermachines.com\/wp-content\/uploads\/2025\/12\/onion-peeling-machine-1-16x12.webp 16w\" sizes=\"auto, (max-width: 720px) 100vw, 720px\" \/><figcaption class=\"wp-element-caption\">So\u011fan Soyma Makinesi<\/figcaption><\/figure> <\/figure>    <h2 class=\"wp-block-heading\"><strong>Neden Taizy'i tedarik\u00e7i olarak se\u00e7melisiniz?<\/strong><\/h2>    <p>Taizy so\u011fan k\u00f6k kesme makinesi se\u00e7imi, g\u0131da i\u015fleme ekipmanlar\u0131 end\u00fcstrisindeki geni\u015f deneyimimiz ve istikrarl\u0131 \u00fcretim yeteneklerimizden kaynaklanmaktad\u0131r. T\u00fcm ekipmanlar\u0131m\u0131z, optimal performans\u0131 sa\u011flamak i\u00e7in titiz testlerden ge\u00e7mektedir.<\/p>    <p>Ayr\u0131ca, Taizy, m\u00fc\u015fteri \u00fcretim gereksinimlerine, voltaj ko\u015fullar\u0131na ve i\u015fleme prosed\u00fcrlerine dayal\u0131 \u00f6zelle\u015ftirilmi\u015f hizmetler sunmaktad\u0131r. M\u00fc\u015fterilerimizin \u00fcretim verimlili\u011fini art\u0131rmalar\u0131na yard\u0131mc\u0131 olmak i\u00e7in teknik destek de dahil olmak \u00fczere kapsaml\u0131 sat\u0131\u015f sonras\u0131 hizmet sa\u011fl\u0131yoruz.<\/p>    <h2 class=\"wp-block-heading\"><strong>Daha fazla bilgi i\u00e7in bizimle ileti\u015fime ge\u00e7in!<\/strong><\/h2>    <p>So\u011fan k\u00f6k kesme makinesi, bir so\u011fan i\u015fleme \u00fcretim hatt\u0131ndaki ana ekipmanlardan biridir. Y\u00fcksek kaliteli bir makine se\u00e7mek, \u00fcretim verimlili\u011fini art\u0131rmak ve uzun vadeli k\u00e2rl\u0131l\u0131\u011f\u0131 sa\u011flamak i\u00e7in gereklidir.<\/p>    <p>E\u011fer bir so\u011fan k\u00f6k kesme makinesi ar\u0131yorsan\u0131z, l\u00fctfen bizimle ileti\u015fime ge\u00e7in! Size en y\u00fcksek kaliteli ekipman\u0131 ve en iyi hizmeti sunaca\u011f\u0131z!<\/p>","protected":false},"excerpt":{"rendered":"<p>This article mainly introduces the onion root cutting machine, including its functions, parameters, and working principle. Our onion root cutter machine can remove both the root and tail of the onion simultaneously, with a cutting speed of up to 500 kg\/hour.<\/p>","protected":false},"author":1,"featured_media":306,"parent":0,"template":"","tags":[9],"product-type":[6],"class_list":["post-296","product","type-product","status-publish","has-post-thumbnail","hentry","tag-onion","product-type-products"],"_links":{"self":[{"href":"https:\/\/gingermachines.com\/tr\/wp-json\/wp\/v2\/product\/296","targetHints":{"allow":["GET"]}}],"collection":[{"href":"https:\/\/gingermachines.com\/tr\/wp-json\/wp\/v2\/product"}],"about":[{"href":"https:\/\/gingermachines.com\/tr\/wp-json\/wp\/v2\/types\/product"}],"author":[{"embeddable":true,"href":"https:\/\/gingermachines.com\/tr\/wp-json\/wp\/v2\/users\/1"}],"wp:featuredmedia":[{"embeddable":true,"href":"https:\/\/gingermachines.com\/tr\/wp-json\/wp\/v2\/media\/306"}],"wp:attachment":[{"href":"https:\/\/gingermachines.com\/tr\/wp-json\/wp\/v2\/media?parent=296"}],"wp:term":[{"taxonomy":"post_tag","embeddable":true,"href":"https:\/\/gingermachines.com\/tr\/wp-json\/wp\/v2\/tags?post=296"},{"taxonomy":"product-type","embeddable":true,"href":"https:\/\/gingermachines.com\/tr\/wp-json\/wp\/v2\/product-type?post=296"}],"curies":[{"name":"wp","href":"https:\/\/api.w.org\/{rel}","templated":true}]}}