{"id":274,"date":"2025-12-03T17:43:08","date_gmt":"2025-12-03T09:43:08","guid":{"rendered":"https:\/\/gingermachines.com\/?post_type=product&#038;p=274"},"modified":"2025-12-04T16:12:44","modified_gmt":"2025-12-04T08:12:44","slug":"automatic-onion-peeling-machine","status":"publish","type":"product","link":"https:\/\/gingermachines.com\/tr\/product\/automatic-onion-peeling-machine\/","title":{"rendered":"So\u011fan soyma makinesi"},"content":{"rendered":"<p class=\"translation-block\"><strong>So\u011fan soyma makinesi<\/strong>, so\u011fanlar\u0131n d\u0131\u015f kabu\u011funu h\u0131zla \u00e7\u0131karan ve g\u0131da i\u015fleme tesisleri, tar\u0131m \u00fcr\u00fcnleri i\u015fleme merkezleri ve restoran mutfaklar\u0131nda yayg\u0131n olarak kullan\u0131lan bir cihazd\u0131r.<\/p>    <p>Taizy so\u011fan kabuk \u00e7\u0131karma makinesi \u00f6zellikleri temiz soyma, so\u011fanlara az zarar verme ve y\u00fcksek verimlilik sa\u011flar, i\u015flem kapasitesi saatte 100-3000 kg'dir. Ayr\u0131ca, so\u011fan soyma makinesi ar\u0131yorsan\u0131z, l\u00fctfen bizimle hemen ileti\u015fime ge\u00e7in detayl\u0131 bilgi ve en iyi fiyat i\u00e7in.<\/p>    <figure class=\"wp-block-embed is-type-video is-provider-youtube wp-block-embed-youtube wp-embed-aspect-16-9 wp-has-aspect-ratio\"><div class=\"wp-block-embed__wrapper\"> <iframe loading=\"lazy\" title=\"Otomatik so\u011fan soyma makinesi | So\u011fan kabu\u011fu soyma makinesi, so\u011fandan kabuk \u00e7\u0131karmak i\u00e7in\" width=\"500\" height=\"281\" src=\"https:\/\/www.youtube.com\/embed\/2vCHvmrZiwo?feature=oembed\" frameborder=\"0\" allow=\"accelerometer; autoplay; clipboard-write; encrypted-media; gyroscope; picture-in-picture; web-share\" referrerpolicy=\"strict-origin-when-cross-origin\" allowfullscreen><\/iframe> <\/div><figcaption class=\"wp-element-caption\">so\u011fan kabu\u011fu \u00e7\u0131kar\u0131c\u0131 \u00e7al\u0131\u015fma videosu<\/figcaption><\/figure>    <h2 class=\"wp-block-heading\"><strong>So\u011fan soyma makinesi \u00f6zellikleri<\/strong><\/h2>    <ul class=\"wp-block-list\"> <li><strong>Y\u00fcksek verimli i\u015fleme<\/strong>: Saatte 3000kg so\u011fan i\u015fleyebilen, b\u00fcy\u00fck \u00f6l\u00e7ekli \u00fcretim i\u00e7in uygundur.<\/li>    <li><strong>Temiz soyma<\/strong>: Taizy so\u011fan soyma ekipman\u0131, m\u00fckemmel soyma sonu\u00e7lar\u0131 i\u00e7in pn\u00f6matik soyma teknolojisi kullan\u0131r.<\/li>    <li><strong>Y\u00fcksek uyarlanabilirlik<\/strong>: Taizy so\u011fan soyma makinesi, farkl\u0131 boyut ve \u00e7e\u015fitlerdeki so\u011fanlar\u0131 karma\u015f\u0131k ayarlamalara gerek kalmadan i\u015fleyebilir.<\/li>    <li><strong>D\u00fc\u015f\u00fck zarar oran\u0131<\/strong>: Soyma i\u015flemi naziktir, so\u011fanlar\u0131n y\u00fcksek b\u00fct\u00fcnl\u00fc\u011f\u00fcn\u00fc korur, g\u00f6r\u00fcn\u00fcm ve tazeliklerini muhafaza eder.<\/li>    <li><strong>\u0130\u015f\u00e7ilikten tasarruf<\/strong>: Bu so\u011fan kabuk soyma makinesi kullan\u0131m\u0131 kolayd\u0131r, sadece bir veya iki ki\u015fi gerektirir, b\u00f6ylece i\u015f\u00e7ilik maliyetlerini \u00f6nemli \u00f6l\u00e7\u00fcde azalt\u0131r.<\/li>    <li><strong>Temizli\u011fi kolay<\/strong>: T\u00fcm makine paslanmaz \u00e7elikten yap\u0131lm\u0131\u015ft\u0131r, g\u0131da hijyen gereksinimlerini kar\u015f\u0131lar ve temizli\u011fi kolayd\u0131r.<\/li> <\/ul>   <div class=\"wp-block-image\"> <figure class=\"aligncenter size-full\"><img loading=\"lazy\" decoding=\"async\" width=\"720\" height=\"540\" src=\"https:\/\/gingermachines.com\/wp-content\/uploads\/2025\/12\/onion-skin-peeling-machine.webp\" alt=\"so\u011fan kabuk soyma makinesi\" class=\"wp-image-279\" title=\"\" srcset=\"https:\/\/gingermachines.com\/wp-content\/uploads\/2025\/12\/onion-skin-peeling-machine.webp 720w, https:\/\/gingermachines.com\/wp-content\/uploads\/2025\/12\/onion-skin-peeling-machine-300x225.webp 300w, https:\/\/gingermachines.com\/wp-content\/uploads\/2025\/12\/onion-skin-peeling-machine-16x12.webp 16w\" sizes=\"auto, (max-width: 720px) 100vw, 720px\" \/><figcaption class=\"wp-element-caption\">so\u011fan kabuk soyma makinesi<\/figcaption><\/figure> <\/div>   <h2 class=\"wp-block-heading\"><strong>So\u011fan soyma makinesi uygulama senaryolar\u0131<\/strong><\/h2>    <p>So\u011fan soyma makinesi, y\u00fcksek verimlilik ve m\u00fckemmel soyma sonu\u00e7lar\u0131 sayesinde \u00e7e\u015fitli g\u0131da i\u015fleme i\u015fletmeleri i\u00e7in ideal ekipman haline gelmi\u015ftir. Bu ekipman, bir\u00e7ok sekt\u00f6rde yayg\u0131n kullan\u0131m alan\u0131 bulmu\u015ftur:<\/p>    <ul class=\"wp-block-list\"> <li>B\u00fcy\u00fck g\u0131da i\u015fleme tesisleri<\/li>    <li>Baharat i\u015fleme i\u015fletmeleri<\/li>    <li>Dondurulmu\u015f sebze tedarik\u00e7ileri<\/li>    <li>S\u00fcpermarket da\u011f\u0131t\u0131m merkezleri<\/li>    <li>Merkezi mutfaklar<\/li> <\/ul>    <figure class=\"wp-block-gallery has-nested-images columns-default is-cropped wp-block-gallery-2 is-layout-flex wp-block-gallery-is-layout-flex\"> <figure class=\"wp-block-image size-large\"><img loading=\"lazy\" decoding=\"async\" width=\"720\" height=\"540\" data-id=\"280\" src=\"https:\/\/gingermachines.com\/wp-content\/uploads\/2025\/12\/\u56fe\u72473-tuya_\u7ed3\u679c.webp\" alt=\"\u0130\u015flem \u00f6ncesi so\u011fanlar\" class=\"wp-image-280\" title=\"\" srcset=\"https:\/\/gingermachines.com\/wp-content\/uploads\/2025\/12\/\u56fe\u72473-tuya_\u7ed3\u679c.webp 720w, https:\/\/gingermachines.com\/wp-content\/uploads\/2025\/12\/\u56fe\u72473-tuya_\u7ed3\u679c-300x225.webp 300w, https:\/\/gingermachines.com\/wp-content\/uploads\/2025\/12\/\u56fe\u72473-tuya_\u7ed3\u679c-16x12.webp 16w\" sizes=\"auto, (max-width: 720px) 100vw, 720px\" \/><figcaption class=\"wp-element-caption\">\u0130\u015flem \u00f6ncesi so\u011fanlar<\/figcaption><\/figure>    <figure class=\"wp-block-image size-large\"><img loading=\"lazy\" decoding=\"async\" width=\"720\" height=\"540\" data-id=\"281\" src=\"https:\/\/gingermachines.com\/wp-content\/uploads\/2025\/12\/\u56fe\u72474-tuya_\u7ed3\u679c.webp\" alt=\"bitmi\u015f \u00fcr\u00fcn: so\u011fan kabuk soyma makinesi\" class=\"wp-image-281\" title=\"\" srcset=\"https:\/\/gingermachines.com\/wp-content\/uploads\/2025\/12\/\u56fe\u72474-tuya_\u7ed3\u679c.webp 720w, https:\/\/gingermachines.com\/wp-content\/uploads\/2025\/12\/\u56fe\u72474-tuya_\u7ed3\u679c-300x225.webp 300w, https:\/\/gingermachines.com\/wp-content\/uploads\/2025\/12\/\u56fe\u72474-tuya_\u7ed3\u679c-16x12.webp 16w\" sizes=\"auto, (max-width: 720px) 100vw, 720px\" \/><figcaption class=\"wp-element-caption\">Bitmi\u015f \u00dcr\u00fcn: So\u011fan Kabuk Soyma Makinesi<\/figcaption><\/figure> <\/figure>    <h2 class=\"wp-block-heading\"><strong>Sat\u0131\u015fta iki tip so\u011fan kabuk \u00e7\u0131kar\u0131c\u0131 makinesi<\/strong><\/h2>    <p>Farkl\u0131 boyut ve \u00f6zelliklerdeki so\u011fanlar\u0131n i\u015flenme ihtiya\u00e7lar\u0131n\u0131 kar\u015f\u0131lamak i\u00e7in iki tip so\u011fan soyma makinesi sunuyoruz: <\/p>    <ol class=\"wp-block-list\"> <li><strong>Zincir tipi so\u011fan kabuk soyma makinesi<\/strong>: B\u00fcy\u00fck so\u011fanlar ve b\u00fcy\u00fck \u00f6l\u00e7ekli i\u015fletmeler i\u00e7in uygundur, stabil, verimli ve s\u00fcrekli soyma i\u015flemleri sa\u011flar.<\/li>    <li><strong>Varil tipi so\u011fan soyma makinesi<\/strong>: Varil tipi so\u011fan soyma makinesi kompakt ve kullan\u0131m\u0131 kolayd\u0131r, k\u00fc\u00e7\u00fck so\u011fanlar\u0131n i\u015flenmesine uygundur. K\u00fc\u00e7\u00fck i\u015fleme alanlar\u0131 veya k\u00fc\u00e7\u00fck so\u011fan i\u015fleme i\u00e7in uygundur.<\/li> <\/ol>    <figure class=\"wp-block-gallery has-nested-images columns-default is-cropped wp-block-gallery-3 is-layout-flex wp-block-gallery-is-layout-flex\"> <figure class=\"wp-block-image size-large\"><img loading=\"lazy\" decoding=\"async\" width=\"540\" height=\"720\" data-id=\"278\" src=\"https:\/\/gingermachines.com\/wp-content\/uploads\/2025\/12\/onion-skin-removing-machine.webp\" alt=\"onion skin removing machine\" class=\"wp-image-278\" title=\"\" srcset=\"https:\/\/gingermachines.com\/wp-content\/uploads\/2025\/12\/onion-skin-removing-machine.webp 540w, https:\/\/gingermachines.com\/wp-content\/uploads\/2025\/12\/onion-skin-removing-machine-225x300.webp 225w, https:\/\/gingermachines.com\/wp-content\/uploads\/2025\/12\/onion-skin-removing-machine-9x12.webp 9w\" sizes=\"auto, (max-width: 540px) 100vw, 540px\" \/><figcaption class=\"wp-element-caption\">So\u011fan Kabuk \u00c7\u0131karma Makinesi<\/figcaption><\/figure>    <figure class=\"wp-block-image size-large\"><img loading=\"lazy\" decoding=\"async\" width=\"540\" height=\"720\" data-id=\"282\" src=\"https:\/\/gingermachines.com\/wp-content\/uploads\/2025\/12\/onion-peeling-equipment.webp\" alt=\"onion peeling equipment\" class=\"wp-image-282\" title=\"\" srcset=\"https:\/\/gingermachines.com\/wp-content\/uploads\/2025\/12\/onion-peeling-equipment.webp 540w, https:\/\/gingermachines.com\/wp-content\/uploads\/2025\/12\/onion-peeling-equipment-225x300.webp 225w, https:\/\/gingermachines.com\/wp-content\/uploads\/2025\/12\/onion-peeling-equipment-9x12.webp 9w\" sizes=\"auto, (max-width: 540px) 100vw, 540px\" \/><figcaption class=\"wp-element-caption\">So\u011fan Kabuk Soyma Ekipman\u0131<\/figcaption><\/figure> <\/figure>    <figure class=\"wp-block-gallery has-nested-images columns-default is-cropped wp-block-gallery-4 is-layout-flex wp-block-gallery-is-layout-flex\"> <figure class=\"wp-block-image size-large\"><img loading=\"lazy\" decoding=\"async\" width=\"540\" height=\"720\" data-id=\"283\" src=\"https:\/\/gingermachines.com\/wp-content\/uploads\/2025\/12\/onion-peeler-machine.webp\" alt=\"onion peeler machine\" class=\"wp-image-283\" title=\"\" srcset=\"https:\/\/gingermachines.com\/wp-content\/uploads\/2025\/12\/onion-peeler-machine.webp 540w, https:\/\/gingermachines.com\/wp-content\/uploads\/2025\/12\/onion-peeler-machine-225x300.webp 225w, https:\/\/gingermachines.com\/wp-content\/uploads\/2025\/12\/onion-peeler-machine-9x12.webp 9w\" sizes=\"auto, (max-width: 540px) 100vw, 540px\" \/><figcaption class=\"wp-element-caption\">So\u011fan Soyma Makinesi<\/figcaption><\/figure>    <figure class=\"wp-block-image size-large\"><img loading=\"lazy\" decoding=\"async\" width=\"540\" height=\"720\" data-id=\"284\" src=\"https:\/\/gingermachines.com\/wp-content\/uploads\/2025\/12\/samll-onion-peeler.webp\" alt=\"small onion peeler\" class=\"wp-image-284\" title=\"\" srcset=\"https:\/\/gingermachines.com\/wp-content\/uploads\/2025\/12\/samll-onion-peeler.webp 540w, https:\/\/gingermachines.com\/wp-content\/uploads\/2025\/12\/samll-onion-peeler-225x300.webp 225w, https:\/\/gingermachines.com\/wp-content\/uploads\/2025\/12\/samll-onion-peeler-9x12.webp 9w\" sizes=\"auto, (max-width: 540px) 100vw, 540px\" \/><figcaption class=\"wp-element-caption\">K\u00fc\u00e7\u00fck So\u011fan Soyucu<\/figcaption><\/figure> <\/figure>    <h2 class=\"wp-block-heading\"><strong>So\u011fan kabuk \u00e7\u0131karma makinesi parametreleri<\/strong><\/h2>    <p>En \u00e7ok satan so\u011fan soyma makinemizin temel teknik \u00f6zellikleri a\u015fa\u011f\u0131da verilmi\u015ftir. Farkl\u0131 modelleri kar\u015f\u0131la\u015ft\u0131rmak, ihtiya\u00e7lar\u0131n\u0131za uygun makineyi h\u0131zl\u0131ca bulman\u0131za yard\u0131mc\u0131 olur.<\/p>    <p class=\"translation-block\"><strong>Zincir tipi ve varil tipi so\u011fan kabuk \u00e7\u0131karma \u00f6zellikleri:<\/strong><\/p>    <figure class=\"wp-block-table\"><table class=\"has-fixed-layout\"><tbody><tr><td>Model<\/td><td>TZ-1500<\/td><td>TZ-3000<\/td><\/tr><tr><td>G\u00fc\u00e7<\/td><td>15000w<\/td><td>3000w<\/td><\/tr><tr><td>\u00c7\u0131k\u0131\u015f<\/td><td>1000-1500kg\/h<\/td><td>2000-3000kg\/h<\/td><\/tr><tr><td>A\u011f\u0131rl\u0131k<\/td><td>280kg<\/td><td>450kg<\/td><\/tr><tr><td>Boyut<\/td><td>200*82*140cm<\/td><td>240*100*175cm<\/td><\/tr><\/tbody><\/table><figcaption class=\"wp-element-caption\">Zincir tipi so\u011fan soyma ekipman\u0131n\u0131n parametreleri<\/figcaption><\/figure>    <p class=\"translation-block\"><strong>Varil tipi so\u011fan soyma makinesi teknik verileri<\/strong><\/p>    <figure class=\"wp-block-table\"><table class=\"has-fixed-layout\"><tbody><tr><td>Model<\/td><td>TZ-150<\/td><td>TZ-500<\/td><\/tr><tr><td>G\u00fc\u00e7<\/td><td>110-220v\/0.2kw<\/td><td>110-220v\/0.2kw<\/td><\/tr><tr><td>\u00c7\u0131k\u0131\u015f<\/td><td>100-150kg\/h<\/td><td>300-500kg<\/td><\/tr><tr><td>A\u011f\u0131rl\u0131k<\/td><td>80kg<\/td><td>150kg<\/td><\/tr><tr><td>Boyut<\/td><td>620*630*900mm<\/td><td>1000*680*1400mm<\/td><\/tr><\/tbody><\/table><figcaption class=\"wp-element-caption\">Varil tipi so\u011fan kabuk \u00e7\u0131karma makinesinin parametreleri<\/figcaption><\/figure>    <h2 class=\"wp-block-heading\"><strong>So\u011fan kabuk soyma prensibi<\/strong><\/h2>    <p>So\u011fan soyma makinesi \u00f6ncelikle pn\u00f6matik soyma prensibi kullan\u0131r, y\u00fcksek h\u0131zl\u0131 s\u0131k\u0131\u015ft\u0131r\u0131lm\u0131\u015f hava ile d\u0131\u015f kabu\u011fu ay\u0131r\u0131r. \u0130\u015flem s\u0131ras\u0131nda, so\u011fan do\u011frudan b\u0131\u00e7aklarla temas etmez, b\u00f6ylece so\u011fan b\u00fct\u00fcn kal\u0131r.<\/p>    <figure class=\"wp-block-gallery has-nested-images columns-default is-cropped wp-block-gallery-5 is-layout-flex wp-block-gallery-is-layout-flex\"> <figure class=\"wp-block-image size-large\"><img loading=\"lazy\" decoding=\"async\" width=\"540\" height=\"720\" data-id=\"285\" src=\"https:\/\/gingermachines.com\/wp-content\/uploads\/2025\/12\/barrel-style-onion-peeler-machine.webp\" alt=\"barrel-style onion peeler machine\" class=\"wp-image-285\" title=\"\" srcset=\"https:\/\/gingermachines.com\/wp-content\/uploads\/2025\/12\/barrel-style-onion-peeler-machine.webp 540w, https:\/\/gingermachines.com\/wp-content\/uploads\/2025\/12\/barrel-style-onion-peeler-machine-225x300.webp 225w, https:\/\/gingermachines.com\/wp-content\/uploads\/2025\/12\/barrel-style-onion-peeler-machine-9x12.webp 9w\" sizes=\"auto, (max-width: 540px) 100vw, 540px\" \/><figcaption class=\"wp-element-caption\">Varil Tipi So\u011fan Soyma Makinesi<\/figcaption><\/figure>    <figure class=\"wp-block-image size-large\"><img loading=\"lazy\" decoding=\"async\" width=\"720\" height=\"540\" data-id=\"286\" src=\"https:\/\/gingermachines.com\/wp-content\/uploads\/2025\/12\/chain-onion-peeling-machine.webp\" alt=\"zincirli so\u011fan soyma makinesi\" class=\"wp-image-286\" title=\"\" srcset=\"https:\/\/gingermachines.com\/wp-content\/uploads\/2025\/12\/chain-onion-peeling-machine.webp 720w, https:\/\/gingermachines.com\/wp-content\/uploads\/2025\/12\/chain-onion-peeling-machine-300x225.webp 300w, https:\/\/gingermachines.com\/wp-content\/uploads\/2025\/12\/chain-onion-peeling-machine-16x12.webp 16w\" sizes=\"auto, (max-width: 720px) 100vw, 720px\" \/><figcaption class=\"wp-element-caption\">Zincir tipi so\u011fan soyma makinesi<\/figcaption><\/figure> <\/figure>    <h2 class=\"wp-block-heading\"><strong>So\u011fan soyma \u00fcretim hatt\u0131<\/strong><\/h2>    <p>So\u011fan soyma hatt\u0131, so\u011fan k\u00f6k kesici, asans\u00f6r ve zincirli so\u011fan soyma makinesi i\u00e7erir, s\u00fcrekli ve standartla\u015ft\u0131r\u0131lm\u0131\u015f bir i\u015fleme ak\u0131\u015f\u0131 olu\u015fturur.<\/p>    <ol class=\"wp-block-list\"> <li><strong>So\u011fan K\u00f6k Kesici<\/strong>: Alt\u0131n\u0131 tam olarak kesmek i\u00e7in fonksiyonu vard\u0131r.<\/li>    <li><strong>Asans\u00f6r<\/strong>: Asans\u00f6r, k\u00f6k kesimi yap\u0131lm\u0131\u015f so\u011fanlar\u0131 soyma b\u00f6l\u00fcm\u00fcne e\u015fit \u015fekilde ta\u015f\u0131r, otomatik besleme sa\u011flar ve manuel i\u015flemi azalt\u0131r.<\/li>    <li><strong>Zincirli so\u011fan soyma ekipman\u0131<\/strong>: Y\u00fcksek h\u0131zl\u0131 s\u0131k\u0131\u015ft\u0131r\u0131lm\u0131\u015f hava ak\u0131m\u0131 kullanarak so\u011fan kabu\u011funu ay\u0131r\u0131r, h\u0131zl\u0131 ve b\u00fcy\u00fck hacimli soyma sa\u011flar.<\/li> <\/ol>    <figure class=\"wp-block-gallery has-nested-images columns-default is-cropped wp-block-gallery-6 is-layout-flex wp-block-gallery-is-layout-flex\"> <figure class=\"wp-block-image size-large\"><img loading=\"lazy\" decoding=\"async\" width=\"720\" height=\"540\" data-id=\"287\" src=\"https:\/\/gingermachines.com\/wp-content\/uploads\/2025\/12\/onion-root-cutter-mahcine.webp\" alt=\"onion root cutter machine\" class=\"wp-image-287\" title=\"\" srcset=\"https:\/\/gingermachines.com\/wp-content\/uploads\/2025\/12\/onion-root-cutter-mahcine.webp 720w, https:\/\/gingermachines.com\/wp-content\/uploads\/2025\/12\/onion-root-cutter-mahcine-300x225.webp 300w, https:\/\/gingermachines.com\/wp-content\/uploads\/2025\/12\/onion-root-cutter-mahcine-16x12.webp 16w\" sizes=\"auto, (max-width: 720px) 100vw, 720px\" \/><figcaption class=\"wp-element-caption\">K\u00f6k Kesici So\u011fan Makinesi<\/figcaption><\/figure>    <figure class=\"wp-block-image size-large\"><img loading=\"lazy\" decoding=\"async\" width=\"720\" height=\"540\" data-id=\"288\" src=\"https:\/\/gingermachines.com\/wp-content\/uploads\/2025\/12\/onion-elevator.webp\" alt=\"onion elevator\" class=\"wp-image-288\" title=\"\" srcset=\"https:\/\/gingermachines.com\/wp-content\/uploads\/2025\/12\/onion-elevator.webp 720w, https:\/\/gingermachines.com\/wp-content\/uploads\/2025\/12\/onion-elevator-300x225.webp 300w, https:\/\/gingermachines.com\/wp-content\/uploads\/2025\/12\/onion-elevator-16x12.webp 16w\" sizes=\"auto, (max-width: 720px) 100vw, 720px\" \/><figcaption class=\"wp-element-caption\">So\u011fan Asans\u00f6r\u00fc<\/figcaption><\/figure>    <figure class=\"wp-block-image size-full\"><img loading=\"lazy\" decoding=\"async\" width=\"720\" height=\"540\" data-id=\"290\" src=\"https:\/\/gingermachines.com\/wp-content\/uploads\/2025\/12\/onion-peeling-line-1.webp\" alt=\"so\u011fan soyma hatt\u0131\" class=\"wp-image-290\" title=\"\" srcset=\"https:\/\/gingermachines.com\/wp-content\/uploads\/2025\/12\/onion-peeling-line-1.webp 720w, https:\/\/gingermachines.com\/wp-content\/uploads\/2025\/12\/onion-peeling-line-1-300x225.webp 300w, https:\/\/gingermachines.com\/wp-content\/uploads\/2025\/12\/onion-peeling-line-1-16x12.webp 16w\" sizes=\"auto, (max-width: 720px) 100vw, 720px\" \/><figcaption class=\"wp-element-caption\">So\u011fan Soyma Hatt\u0131<\/figcaption><\/figure> <\/figure>    <h2 class=\"wp-block-heading\"><strong>So\u011fan soyucu fiyat\u0131n\u0131 etkileyen fakt\u00f6rler<\/strong><\/h2>    <p>So\u011fan soyma makinesinin fiyat\u0131n\u0131 etkileyen ana fakt\u00f6rler aras\u0131nda ekipman tipi, i\u015flem kapasitesi, yap\u0131land\u0131rma seviyesi ve kullan\u0131lan malzemeler bulunur.<\/p>    <p>Ayr\u0131ca, asans\u00f6r veya k\u00f6k kesici makinenin eklenmesi toplam maliyeti do\u011frudan etkiler. Genel olarak, daha y\u00fcksek \u00e7\u0131kt\u0131 ve daha geli\u015fmi\u015f yap\u0131land\u0131rma daha y\u00fcksek fiyatla sonu\u00e7lan\u0131r. Kullan\u0131c\u0131lar, i\u015flem \u00f6l\u00e7eklerine g\u00f6re uygun modeli se\u00e7ebilirler.<\/p>   <div class=\"wp-block-image\"> <figure class=\"aligncenter size-full\"><img loading=\"lazy\" decoding=\"async\" width=\"720\" height=\"540\" src=\"https:\/\/gingermachines.com\/wp-content\/uploads\/2025\/12\/onion-skin-peeling-machine-1.webp\" alt=\"so\u011fan kabuk soyma makinesi\" class=\"wp-image-289\" title=\"\" srcset=\"https:\/\/gingermachines.com\/wp-content\/uploads\/2025\/12\/onion-skin-peeling-machine-1.webp 720w, https:\/\/gingermachines.com\/wp-content\/uploads\/2025\/12\/onion-skin-peeling-machine-1-300x225.webp 300w, https:\/\/gingermachines.com\/wp-content\/uploads\/2025\/12\/onion-skin-peeling-machine-1-16x12.webp 16w\" sizes=\"auto, (max-width: 720px) 100vw, 720px\" \/><figcaption class=\"wp-element-caption\">so\u011fan kabuk soyma makinesi<\/figcaption><\/figure> <\/div>   <h2 class=\"wp-block-heading\"><strong>Neden Taizy\u2019yi tedarik\u00e7iniz olarak se\u00e7melisiniz?<\/strong><\/h2>    <ul class=\"wp-block-list\"> <li>Bir dizi destek sunuyoruz, <strong>\u00f6zelle\u015ftirilmi\u015f hizmetler<\/strong>, \u00f6rne\u011fin, m\u00fc\u015fterilerimizin \u00fclkelerinin voltaj standartlar\u0131na g\u00f6re \u00f6zel tasarlanm\u0131\u015f makineler ve \u00fcretim ihtiya\u00e7lar\u0131na ve saha d\u00fczenine g\u00f6re ki\u015fiselle\u015ftirilmi\u015f \u00e7\u00f6z\u00fcmler.<\/li>    <li>Taizy\u2019nin \u00fcr\u00fcn yelpazesi kapsaml\u0131d\u0131r, sadece so\u011fan soyucu de\u011fil, ayn\u0131 zamanda <a href=\"https:\/\/gingermachines.com\/tr\/product\/ginger-washing-machine\/\">zencefil dilimleme makinesi<\/a>, <a href=\"https:\/\/gingermachines.com\/tr\/product\/ginger-drying-machine\/\">zencefil kurutucu<\/a>, <a href=\"https:\/\/gingermachines.com\/tr\/product\/ginger-grinding-machine\/\">zencefil de\u011firmeni<\/a>, <a href=\"https:\/\/gingermachines.com\/tr\/products\/ginger-processing-line\/\">zencefil toz \u00fcretim hatt\u0131<\/a>, ve di\u011fer g\u0131da i\u015fleme ekipmanlar\u0131.<\/li>    <li>Ak\u0131c\u0131 \u00fcretim sa\u011flamak i\u00e7in, detayl\u0131 kullan\u0131c\u0131 k\u0131lavuzlar\u0131, kurulum ve devreye alma rehberleri ve kullan\u0131m videolar\u0131 sunuyoruz, b\u00f6ylece ekipman kolayca \u00f6\u011frenilir ve kullan\u0131l\u0131r, sat\u0131n alma sonras\u0131 m\u00fc\u015fterilerimize g\u00fcven sa\u011flar.<\/li>    <li>Taizy, so\u011fan soyma makinesini kendisi \u00fcretir ve satar, bu da sadece y\u00fcksek kalite de\u011fil, ayn\u0131 zamanda rekabet\u00e7i fiyatlar sa\u011flar.<\/li> <\/ul>   <div class=\"wp-block-image\"> <figure class=\"aligncenter size-full\"><img loading=\"lazy\" decoding=\"async\" width=\"720\" height=\"540\" src=\"https:\/\/gingermachines.com\/wp-content\/uploads\/2025\/12\/onion-peeling-machine.webp\" alt=\"so\u011fan soyma makinesi\" class=\"wp-image-291\" title=\"\" srcset=\"https:\/\/gingermachines.com\/wp-content\/uploads\/2025\/12\/onion-peeling-machine.webp 720w, https:\/\/gingermachines.com\/wp-content\/uploads\/2025\/12\/onion-peeling-machine-300x225.webp 300w, https:\/\/gingermachines.com\/wp-content\/uploads\/2025\/12\/onion-peeling-machine-16x12.webp 16w\" sizes=\"auto, (max-width: 720px) 100vw, 720px\" \/><figcaption class=\"wp-element-caption\">so\u011fan soyma makinesi<\/figcaption><\/figure> <\/div>   <h2 class=\"wp-block-heading\"><strong>En iyi fiyat teklifi almak i\u00e7in hemen ileti\u015fime ge\u00e7in\uff01<\/strong><\/h2>    <p>So\u011fan soyma makinesi, g\u0131da i\u015fleme sekt\u00f6r\u00fcnde vazge\u00e7ilmez anahtar makinedir. Stabil ve g\u00fcvenilir bir so\u011fan kabuk soyma makinesi se\u00e7mek, i\u015fletmenizin \u00fcretim verimlili\u011fini art\u0131racakt\u0131r.<\/p>    <p>Profesyonel so\u011fan i\u015fleme ekipman\u0131 ar\u0131yorsan\u0131z, hemen bizimle ileti\u015fime ge\u00e7in. Taizy size kapsaml\u0131 \u00e7\u00f6z\u00fcmler ve tam teknik destek sa\u011flayacak, \u00fcretiminizi daha verimli hale getirecek!<\/p>","protected":false},"excerpt":{"rendered":"<p>The onion peeling machine utilizes pneumatic principles to achieve fast and clean onion peeling, effectively improving processing efficiency. Taizy onion peeler has a processing capacity ranging from 150-3000 kg\/hour, suitable for various production scales from small processing plants to large food factories.<\/p>","protected":false},"author":1,"featured_media":276,"parent":0,"template":"","tags":[9],"product-type":[6],"class_list":["post-274","product","type-product","status-publish","has-post-thumbnail","hentry","tag-onion","product-type-products"],"_links":{"self":[{"href":"https:\/\/gingermachines.com\/tr\/wp-json\/wp\/v2\/product\/274","targetHints":{"allow":["GET"]}}],"collection":[{"href":"https:\/\/gingermachines.com\/tr\/wp-json\/wp\/v2\/product"}],"about":[{"href":"https:\/\/gingermachines.com\/tr\/wp-json\/wp\/v2\/types\/product"}],"author":[{"embeddable":true,"href":"https:\/\/gingermachines.com\/tr\/wp-json\/wp\/v2\/users\/1"}],"wp:featuredmedia":[{"embeddable":true,"href":"https:\/\/gingermachines.com\/tr\/wp-json\/wp\/v2\/media\/276"}],"wp:attachment":[{"href":"https:\/\/gingermachines.com\/tr\/wp-json\/wp\/v2\/media?parent=274"}],"wp:term":[{"taxonomy":"post_tag","embeddable":true,"href":"https:\/\/gingermachines.com\/tr\/wp-json\/wp\/v2\/tags?post=274"},{"taxonomy":"product-type","embeddable":true,"href":"https:\/\/gingermachines.com\/tr\/wp-json\/wp\/v2\/product-type?post=274"}],"curies":[{"name":"wp","href":"https:\/\/api.w.org\/{rel}","templated":true}]}}