{"id":180,"date":"2023-07-10T15:12:35","date_gmt":"2023-07-10T07:12:35","guid":{"rendered":"https:\/\/gingermachines.com\/?post_type=product&#038;p=180"},"modified":"2024-06-17T11:01:26","modified_gmt":"2024-06-17T03:01:26","slug":"ginger-juicer-machine","status":"publish","type":"product","link":"https:\/\/gingermachines.com\/tr\/product\/ginger-juicer-machine\/","title":{"rendered":"Zencefil S\u0131kma Makinesi ile Zencefil Ekstraksiyonu"},"content":{"rendered":"<p>Taizy zencefil s\u0131kma makinesi, zencefil k\u00f6klerinden suyu \u00e7\u0131karmak i\u00e7in \u00f6zel olarak tasarlanm\u0131\u015f bir cihazd\u0131r. Maksimum suyu verimli ve etkili bir \u015fekilde \u00e7\u0131kar\u0131rken, lifli posadan ve di\u011fer kat\u0131 maddelerden ay\u0131rmak \u00fczere tasarlanm\u0131\u015ft\u0131r. Zencefil s\u0131kma makinelerimiz \u00e7e\u015fitli tiplerde ve boyutlarda olup, k\u00fc\u00e7\u00fck \u00f6l\u00e7ekli end\u00fcstriyel modellere kadar uzan\u0131r. <\/p>    <figure class=\"wp-block-embed is-type-video is-provider-youtube wp-block-embed-youtube wp-embed-aspect-16-9 wp-has-aspect-ratio\"><div class=\"wp-block-embed__wrapper\"> <iframe loading=\"lazy\" title=\"Zencefil, Salatal\u0131k ve Limonlar\u0131 Nas\u0131l \u0130\u015fleriz\" width=\"500\" height=\"281\" src=\"https:\/\/www.youtube.com\/embed\/6Gfv6T5fSGQ?feature=oembed\" frameborder=\"0\" allow=\"accelerometer; autoplay; clipboard-write; encrypted-media; gyroscope; picture-in-picture; web-share\" referrerpolicy=\"strict-origin-when-cross-origin\" allowfullscreen><\/iframe> <\/div><figcaption class=\"wp-element-caption\">En iyi zencefil s\u0131kma makinesi<\/figcaption><\/figure>    <p>Bu makineyi sadece zencefil suyu s\u0131kmak i\u00e7in de\u011fil, ayn\u0131 zamanda di\u011fer meyve ve sebze sular\u0131 s\u0131kmak i\u00e7in de kullanabilirsiniz.<\/p>    <h2 class=\"wp-block-heading\">Zencefil Suyu \u00c7\u0131karma Makinesi \u00d6ne \u00c7\u0131kan \u00d6zellikleri<\/h2>    <ol class=\"wp-block-list\"> <li>Bu makine sadece s\u0131kma i\u015flevine sahip de\u011fil, ayn\u0131 zamanda \u00f6\u011f\u00fctme de yapabilir.<\/li>    <li>Zencefil \u00e7\u0131karma i\u00e7in zencefil suyu makinesi sadece 304 paslanmaz \u00e7elikten yap\u0131lm\u0131\u015ft\u0131r, sa\u011flam, dayan\u0131kl\u0131 ve temizlemesi kolayd\u0131r.<\/li>    <li>Saatte 5000 kilogram ham madde i\u015fleyebilir. K\u00fc\u00e7\u00fck ve b\u00fcy\u00fck zencefil i\u015fleme tesisleri ve g\u0131da i\u015fleme tesisleri i\u00e7in uygundur.<\/li>    <li>Makine ayr\u0131ca di\u011fer meyve ve sebze sular\u0131n\u0131 \u00e7\u0131karmak i\u00e7in de kullan\u0131labilir.<\/li> <\/ol>   <div class=\"wp-block-image\"> <figure class=\"aligncenter size-full\"><img loading=\"lazy\" decoding=\"async\" width=\"525\" height=\"540\" src=\"https:\/\/gingermachines.com\/wp-content\/uploads\/2023\/07\/ginger-juicer-machine.webp\" alt=\"zencefil s\u0131kma makinesi\" class=\"wp-image-185\" title=\"\" srcset=\"https:\/\/gingermachines.com\/wp-content\/uploads\/2023\/07\/ginger-juicer-machine.webp 525w, https:\/\/gingermachines.com\/wp-content\/uploads\/2023\/07\/ginger-juicer-machine-292x300.webp 292w\" sizes=\"auto, (max-width: 525px) 100vw, 525px\" \/><figcaption class=\"wp-element-caption\">zencefil s\u0131kma makinesi<\/figcaption><\/figure> <\/div>   <h2 class=\"wp-block-heading\">Zencefil S\u0131kma Makinesi Nas\u0131l \u00c7al\u0131\u015f\u0131r?<\/h2>    <p>Zencefil s\u0131k\u0131c\u0131, motoru y\u00fcksek h\u0131zda d\u00f6nd\u00fcrmek i\u00e7in \u00e7al\u0131\u015ft\u0131r\u0131r. Zencefil, giri\u015f portundan makineye girerken, kaz\u0131y\u0131c\u0131 onu e\u015fit \u015fekilde kaz\u0131y\u0131c\u0131ya ve ekrana bo\u015falt\u0131r. Kaz\u0131y\u0131c\u0131n\u0131n d\u00f6ner hareketi ve k\u0131lavuzun a\u00e7\u0131s\u0131 sayesinde, malzeme silindirin boyunca \u00e7\u0131k\u0131\u015f ucuna do\u011fru hareket eder.<\/p>    <p class=\"translation-block\">Malzeme hareketi s\u0131ras\u0131nda spiral benzeri bir y\u00f6r\u00fcnge olu\u015fturur. Ayn\u0131 zamanda, y\u00fcksek h\u0131zda d\u00f6nen <a href=\"https:\/\/en.wikipedia.org\/wiki\/Centrifugal_force\" target=\"_blank\" rel=\"noopener\">merkezka\u00e7 kuvveti<\/a>, suyun elek ve \u00e7\u0131k\u0131\u015ftan akmas\u0131n\u0131 sa\u011flar, at\u0131k ise at\u0131k bo\u015faltma yoluyla bo\u015falt\u0131l\u0131r. Bu sayede otomatik ay\u0131rma etkisi sa\u011flan\u0131r.<\/p>    <p>Bu zencefil suyu yapma makinesi, meyve suyu yap\u0131m, g\u0131da i\u015fleme ve i\u00e7ecek end\u00fcstrilerinde b\u00fcy\u00fck miktarda meyve veya sebze i\u015flemek i\u00e7in yayg\u0131n olarak kullan\u0131l\u0131r, taze ve lezzetli meyve ve sebze sular\u0131 sa\u011flar.<\/p>   <div class=\"wp-block-image\"> <figure class=\"aligncenter size-full\"><img loading=\"lazy\" decoding=\"async\" width=\"720\" height=\"540\" src=\"https:\/\/gingermachines.com\/wp-content\/uploads\/2023\/07\/ginger-juice-making-machine.webp\" alt=\"zencefil suyu yapma makinesi\" class=\"wp-image-183\" title=\"\" srcset=\"https:\/\/gingermachines.com\/wp-content\/uploads\/2023\/07\/ginger-juice-making-machine.webp 720w, https:\/\/gingermachines.com\/wp-content\/uploads\/2023\/07\/ginger-juice-making-machine-300x225.webp 300w\" sizes=\"auto, (max-width: 720px) 100vw, 720px\" \/><figcaption class=\"wp-element-caption\">zencefil suyu yapma makinesi<\/figcaption><\/figure> <\/div>   <h2 class=\"wp-block-heading\">Do\u011fru Zencefil Suyu Yapma Makinesi Nas\u0131l Se\u00e7ilir?<\/h2>    <p>Bir zencefil s\u0131kma makinesi se\u00e7erken, s\u0131kma kapasitesi, temizlik kolayl\u0131\u011f\u0131, dayan\u0131kl\u0131l\u0131k ve genel performans gibi fakt\u00f6rleri g\u00f6z \u00f6n\u00fcnde bulundurun. Taizy Zencefil Makinesi, ihtiya\u00e7lar\u0131n\u0131za uygun bilin\u00e7li kararlar vermenize yard\u0131mc\u0131 olacak kapsaml\u0131 rehberlik ve destek sunar.<\/p>    <h2 class=\"wp-block-heading\">Mevcut Zencefil Suyu \u00c7\u0131karma Makinesi T\u00fcrleri<\/h2>    <p>Elektrikli zencefil suyu \u00e7\u0131karma makinesi: Daha b\u00fcy\u00fck \u00f6l\u00e7ekli operasyonlar i\u00e7in tasarlanm\u0131\u015f olan elektrikli zencefil suyu \u00e7\u0131karma makineleri, minimal \u00e7abayla verimli s\u0131kma sa\u011flar. Bu makineler, me\u015frubat barlar\u0131, restoranlar ve kafeler gibi ticari kurulu\u015flar i\u00e7in uygundur.<\/p>    <p>End\u00fcstriyel zencefil suyu \u00e7\u0131karma makinesi: A\u011f\u0131r hizmet tipi s\u0131kma i\u00e7in tasarlanm\u0131\u015f olan bu makineler, b\u00fcy\u00fck miktarda zencefil i\u015fleyebilir. G\u0131da i\u015fleme end\u00fcstrilerinde ve meyve suyu \u00fcretim tesislerinde yayg\u0131n olarak kullan\u0131l\u0131r.<\/p>   <div class=\"wp-block-image\"> <figure class=\"aligncenter size-full\"><img loading=\"lazy\" decoding=\"async\" width=\"720\" height=\"540\" src=\"https:\/\/gingermachines.com\/wp-content\/uploads\/2023\/07\/industrial-ginger-juicer-machine.webp\" alt=\"end\u00fcstriyel zencefil s\u0131kma makinesi\" class=\"wp-image-186\" title=\"\" srcset=\"https:\/\/gingermachines.com\/wp-content\/uploads\/2023\/07\/industrial-ginger-juicer-machine.webp 720w, https:\/\/gingermachines.com\/wp-content\/uploads\/2023\/07\/industrial-ginger-juicer-machine-300x225.webp 300w\" sizes=\"auto, (max-width: 720px) 100vw, 720px\" \/><figcaption class=\"wp-element-caption\">end\u00fcstriyel zencefil s\u0131kma makinesi<\/figcaption><\/figure> <\/div>   <h2 class=\"wp-block-heading\">Neden Taizy Zencefil Makinesi'ni Se\u00e7melisiniz?<\/h2>    <p>Taizy Zencefil Makinesi, y\u00fcksek kaliteli zencefil makineleri \u00fcretiminde uzmanla\u015fm\u0131\u015f tan\u0131nm\u0131\u015f bir \u015firkettir. Y\u00fcksek kaliteli zencefil s\u0131kma makinelerine olan talebi anlar ve \u00e7e\u015fitli ihtiya\u00e7lara uygun geni\u015f bir se\u00e7enek yelpazesi sunar. <\/p>    <p class=\"translation-block\">Uzmanl\u0131\u011f\u0131m\u0131z ve m\u00fckemmeliyete olan ba\u011fl\u0131l\u0131\u011f\u0131m\u0131zla, Taizy Zencefil Makinesi, \u00fcst\u00fcn performans, dayan\u0131kl\u0131l\u0131k ve kullan\u0131m kolayl\u0131\u011f\u0131 sunan zencefil s\u0131kma makineleri \u00fcretmektedir. \u015eirketimizde ayr\u0131ca <a href=\"https:\/\/gingermachines.com\/tr\/product\/ginger-powder-processing-line\/\">zencefil tozu \u00fcretim hatt\u0131<\/a>, <a href=\"https:\/\/gingermachines.com\/tr\/product\/ginger-grinding-machine\/\">zencefil \u00f6\u011f\u00fctme makinesi<\/a>, <a href=\"https:\/\/gingermachines.com\/tr\/product\/ginger-slicing-machine\/\">zencefil dilimleme makinesi<\/a> ve <a href=\"https:\/\/gingermachines.com\/tr\/product\/ginger-washing-machine\/\">zencefil y\u0131kama makinesi<\/a> de bulunmaktad\u0131r.<\/p>   <div class=\"wp-block-image\"> <figure class=\"aligncenter size-full\"><img loading=\"lazy\" decoding=\"async\" width=\"720\" height=\"540\" src=\"https:\/\/gingermachines.com\/wp-content\/uploads\/2022\/09\/ginger-powder-processing-machine-line.jpg\" alt=\"zencefil tozu i\u015fleme hatt\u0131\" class=\"wp-image-97\" title=\"\" srcset=\"https:\/\/gingermachines.com\/wp-content\/uploads\/2022\/09\/ginger-powder-processing-machine-line.jpg 720w, https:\/\/gingermachines.com\/wp-content\/uploads\/2022\/09\/ginger-powder-processing-machine-line-300x225.jpg 300w\" sizes=\"auto, (max-width: 720px) 100vw, 720px\" \/><figcaption class=\"wp-element-caption\">zencefil tozu i\u015fleme hatt\u0131<\/figcaption><\/figure> <\/div>   <h2 class=\"wp-block-heading\">Zencefil Suyunun Sa\u011fl\u0131k Faydalar\u0131<\/h2>    <ul class=\"wp-block-list\"> <li>Ba\u011f\u0131\u015f\u0131kl\u0131\u011f\u0131 G\u00fc\u00e7lendirir: Zencefil, antioksidanlar ve ba\u011f\u0131\u015f\u0131kl\u0131k g\u00fc\u00e7lendirici \u00f6zellikler i\u00e7erir, b\u00f6ylece v\u00fccut savunma mekanizman\u0131z\u0131 g\u00fc\u00e7lendirir.<\/li>    <li>Sindirim Yard\u0131mc\u0131s\u0131: Zencefil suyu, sindirimi kolayla\u015ft\u0131r\u0131r, gastrointestinal rahats\u0131zl\u0131klar\u0131 hafifletir ve mide bulant\u0131s\u0131n\u0131 azalt\u0131r.<\/li>    <li>Anti-inflamatuar \u00d6zellikler: Zencefil suyundaki anti-inflamatuar bile\u015fikler, iltihab\u0131 azaltmaya ve a\u011fr\u0131y\u0131 hafifletmeye yard\u0131mc\u0131 olabilir.<\/li>    <li>Kilo Kontrol\u00fc: D\u00fczenli zencefil suyu t\u00fcketimi, metabolizmay\u0131 art\u0131rarak ve i\u015ftah\u0131 azaltarak kilo vermeye katk\u0131da bulunabilir.<\/li>    <li>Kalp Sa\u011fl\u0131\u011f\u0131: Zencefil suyu, kolesterol seviyelerini d\u00fc\u015f\u00fcrerek ve kalp hastal\u0131\u011f\u0131 riskini azaltarak kardiyovask\u00fcler sa\u011fl\u0131\u011f\u0131 destekler.<\/li> <\/ul>   <div class=\"wp-block-image\"> <figure class=\"aligncenter size-full\"><img loading=\"lazy\" decoding=\"async\" width=\"720\" height=\"540\" src=\"https:\/\/gingermachines.com\/wp-content\/uploads\/2023\/07\/ginger-juice.webp\" alt=\"zencefil suyu\" class=\"wp-image-184\" title=\"\" srcset=\"https:\/\/gingermachines.com\/wp-content\/uploads\/2023\/07\/ginger-juice.webp 720w, https:\/\/gingermachines.com\/wp-content\/uploads\/2023\/07\/ginger-juice-300x225.webp 300w\" sizes=\"auto, (max-width: 720px) 100vw, 720px\" \/><figcaption class=\"wp-element-caption\">zencefil suyu<\/figcaption><\/figure> <\/div>   <h2 class=\"wp-block-heading\">Bug\u00fcn Taizy Zencefil Makinesi ile ileti\u015fime ge\u00e7in<\/h2>    <p>E\u011fer g\u00fcvenilir bir zencefil s\u0131kma makinesi istiyorsan\u0131z, Taizy Zencefil Makine'ye bak\u0131n. Kalite ve m\u00fc\u015fteri memnuniyetine olan ba\u011fl\u0131l\u0131\u011f\u0131m\u0131zla, sizin s\u0131kma ihtiya\u00e7lar\u0131n\u0131za uygun en iyi zencefil suyu yapma makinelerini sa\u011flamaya kararl\u0131y\u0131z. Bug\u00fcn Taizy Zencefil Makine ile ileti\u015fime ge\u00e7in ve zencefil s\u0131kma makineleri yelpazesini ke\u015ffedin, eviniz veya i\u015finiz i\u00e7in m\u00fckemmel \u00e7\u00f6z\u00fcm\u00fc bulun.<\/p>    <p>Zencefil s\u0131k\u0131c\u0131lar, mutfak ve ticari kurulu\u015flara de\u011ferli bir katk\u0131 sa\u011flam\u0131\u015f, bireylerin zencefilin faydalar\u0131n\u0131 pratik ve ferahlat\u0131c\u0131 bir \u015fekilde deneyimlemesine olanak tan\u0131maktad\u0131r. G\u00fcvenilir bir \u00fcretici olan Taizy Zencefil Makinesi, \u00e7e\u015fitli ihtiya\u00e7lara uygun \u00e7e\u015fitli zencefil s\u0131kma makineleri sunar. <\/p>    <p>Sa\u011fl\u0131k bilincine sahip bireyler veya g\u0131da sekt\u00f6r\u00fcnde i\u015fletme sahibi olun, Taizy Zencefil Makinesi, her yudumdan tazelik ve sa\u011fl\u0131k \u00e7\u0131karacak m\u00fckemmel zencefil s\u0131kma makinesine sahiptir.<\/p>","protected":false},"excerpt":{"rendered":"<p>Zencefil s\u0131kma makinesi, zencefil k\u00f6klerinden suyu \u00e7\u0131karmak i\u00e7in \u00f6zel olarak tasarlanm\u0131\u015f bir cihazd\u0131r. Sat\u0131l\u0131k k\u00fc\u00e7\u00fck\/end\u00fcstriyel s\u0131kma makinesi.<\/p>","protected":false},"author":1,"featured_media":187,"parent":0,"template":"","tags":[],"product-type":[6],"class_list":["post-180","product","type-product","status-publish","has-post-thumbnail","hentry","product-type-products"],"_links":{"self":[{"href":"https:\/\/gingermachines.com\/tr\/wp-json\/wp\/v2\/product\/180","targetHints":{"allow":["GET"]}}],"collection":[{"href":"https:\/\/gingermachines.com\/tr\/wp-json\/wp\/v2\/product"}],"about":[{"href":"https:\/\/gingermachines.com\/tr\/wp-json\/wp\/v2\/types\/product"}],"author":[{"embeddable":true,"href":"https:\/\/gingermachines.com\/tr\/wp-json\/wp\/v2\/users\/1"}],"wp:featuredmedia":[{"embeddable":true,"href":"https:\/\/gingermachines.com\/tr\/wp-json\/wp\/v2\/media\/187"}],"wp:attachment":[{"href":"https:\/\/gingermachines.com\/tr\/wp-json\/wp\/v2\/media?parent=180"}],"wp:term":[{"taxonomy":"post_tag","embeddable":true,"href":"https:\/\/gingermachines.com\/tr\/wp-json\/wp\/v2\/tags?post=180"},{"taxonomy":"product-type","embeddable":true,"href":"https:\/\/gingermachines.com\/tr\/wp-json\/wp\/v2\/product-type?post=180"}],"curies":[{"name":"wp","href":"https:\/\/api.w.org\/{rel}","templated":true}]}}