{"id":140,"date":"2023-03-29T16:25:11","date_gmt":"2023-03-29T08:25:11","guid":{"rendered":"https:\/\/gingermachines.com\/?post_type=product&#038;p=140"},"modified":"2024-06-26T14:46:28","modified_gmt":"2024-06-26T06:46:28","slug":"ginger-powder-packaging-machine","status":"publish","type":"product","link":"https:\/\/gingermachines.com\/tr\/product\/ginger-powder-packaging-machine\/","title":{"rendered":"Zencefil Toz Paketleme Makinesi"},"content":{"rendered":"<p class=\"translation-block\"><strong>Taizy zencefil tozu paketleme makinesi<\/strong>, zencefil tozu paketlemesi i\u00e7in tasarlanm\u0131\u015f otomatik bir ara\u00e7t\u0131r. Dolum, m\u00fch\u00fcrleme ve kodlama i\u015flemlerinde hassasiyet ve do\u011fruluk sa\u011flar, zencefil \u00fcretim sekt\u00f6r\u00fcndeki \u00fcreticiler i\u00e7in h\u0131zl\u0131, verimli ve maliyet etkin bir \u00e7\u00f6z\u00fcmd\u00fcr.<\/p>    <p class=\"translation-block\">Size uygun bir zencefil tozu paketleme makinesi i\u00e7in tam otomatik veya yar\u0131 otomatik olan\u0131 se\u00e7ebilirsiniz. Hangi makineyi se\u00e7meniz gerekti\u011fi, kapasite, paketleme h\u0131z\u0131, b\u00fct\u00e7e, \u00e7al\u0131\u015fma alan\u0131 gibi fakt\u00f6rlere ba\u011fl\u0131d\u0131r. T\u00fcm makinelerimiz dayan\u0131kl\u0131 malzemeler ve geli\u015fmi\u015f teknoloji kullan\u0131larak tasarlanm\u0131\u015ft\u0131r, iyi performans ve uzun hizmet \u00f6mr\u00fc sa\u011flar. Zencefil tozu paketleme makinesi ar\u0131yorsan\u0131z, en iyi fiyat i\u00e7in bizimle ileti\u015fime ge\u00e7mek iyi bir fikirdir.<\/p>   <div class=\"wp-block-image\"> <figure class=\"aligncenter size-full\"><img loading=\"lazy\" decoding=\"async\" width=\"720\" height=\"540\" src=\"https:\/\/gingermachines.com\/wp-content\/uploads\/2023\/03\/powder-packing-equipment.webp\" alt=\"toz paketleme ekipman\u0131\" class=\"wp-image-239\" title=\"\" srcset=\"https:\/\/gingermachines.com\/wp-content\/uploads\/2023\/03\/powder-packing-equipment.webp 720w, https:\/\/gingermachines.com\/wp-content\/uploads\/2023\/03\/powder-packing-equipment-300x225.webp 300w, https:\/\/gingermachines.com\/wp-content\/uploads\/2023\/03\/powder-packing-equipment-16x12.webp 16w\" sizes=\"auto, (max-width: 720px) 100vw, 720px\" \/><figcaption class=\"wp-element-caption\">toz paketleme ekipman\u0131 ile asans\u00f6r<\/figcaption><\/figure> <\/div>   <h2 class=\"wp-block-heading\">Zencefil tozu paketleme makinesi \u00f6zellikleri<\/h2>    <ul class=\"wp-block-list\"> <li><strong>Kapasite ve H\u0131z:<\/strong> Zencefil tozu paketleme makineleri y\u00fcksek \u00fcretim kapasitesine sahiptir, dakikada 20 ile 80 torba aras\u0131nda de\u011fi\u015fir.<\/li>    <li><strong>Hassasiyet ve Do\u011fruluk:<\/strong> Geli\u015fmi\u015f sens\u00f6rler hassas \u00f6l\u00e7\u00fcmler ve do\u011fru dolum sa\u011flar, paketleme s\u00fcrecinde hatalar\u0131 ve tutars\u0131zl\u0131klar\u0131 azalt\u0131r.<\/li>    <li><strong>Kullan\u0131c\u0131 Dostu: <\/strong>Zencefil tozu paketleme ekipman\u0131 kullan\u0131m\u0131 kolayd\u0131r, baz\u0131 modeller dokunmatik ekranlar ile paketleme s\u00fcrecini daha da basitle\u015ftirir.<\/li>    <li><strong>\u00c7ok Y\u00f6nl\u00fcl\u00fck:<\/strong> Makineler \u00e7e\u015fitli paketleme malzemeleriyle \u00e7al\u0131\u015f\u0131r, paketleme s\u00fcrecine esneklik katar. <\/li>    <li><strong>Maliyet Etkin:<\/strong> Paketleme s\u00fcrecini otomatikle\u015ftirerek, zencefil tozu paketleme makineleri i\u015f\u00e7ilik ve malzeme maliyetlerini azalt\u0131r, \u00fcreticilerin karl\u0131l\u0131\u011f\u0131n\u0131 art\u0131r\u0131r. <\/li>    <li><strong>\u00d6zelle\u015ftirilebilir: The<\/strong> Makineler, belirli paketleme gereksinimlerini kar\u015f\u0131lamak \u00fczere \u00f6zelle\u015ftirilebilir, \u00fcreticilerin m\u00fc\u015fterilerinin tercihlerine uygun benzersiz \u00fcr\u00fcn sunumu yapmas\u0131n\u0131 sa\u011flar. <\/li> <\/ul>    <figure class=\"wp-block-image size-full\"><img loading=\"lazy\" decoding=\"async\" width=\"720\" height=\"540\" src=\"https:\/\/gingermachines.com\/wp-content\/uploads\/2023\/03\/automatic-powder-packing-machine-factory.jpg\" alt=\"otomatik toz paketleme makinesi fabrikas\u0131\" class=\"wp-image-154\" title=\"\" srcset=\"https:\/\/gingermachines.com\/wp-content\/uploads\/2023\/03\/automatic-powder-packing-machine-factory.jpg 720w, https:\/\/gingermachines.com\/wp-content\/uploads\/2023\/03\/automatic-powder-packing-machine-factory-300x225.jpg 300w\" sizes=\"auto, (max-width: 720px) 100vw, 720px\" \/><figcaption class=\"wp-element-caption\">Otomatik Toz Paketleme Makinesi Fabrikas\u0131<\/figcaption><\/figure>    <h2 class=\"wp-block-heading\">Zencefil tozu doldurma makinesi t\u00fcrleri<\/h2>    <p>Firmam\u0131zda, sat\u0131lan iki yayg\u0131n zencefil tozu doldurma makinesi bulunmaktad\u0131r. Biri tam otomatik, di\u011feri yar\u0131 otomatik. \u0130htiyac\u0131n\u0131za ve b\u00fct\u00e7enize uygun olan\u0131 se\u00e7ebilirsiniz. Ayr\u0131ca, bu makine hakk\u0131nda sorular\u0131n\u0131z varsa, her zaman sa\u011f alt k\u00f6\u015fedeki a\u00e7\u0131l\u0131r pencereden bizimle ileti\u015fime ge\u00e7ebilirsiniz.<\/p>    <h2 class=\"wp-block-heading\">Tip1: Tam otomatik zencefil tozu paketleme makinesi<\/h2>    <p>Tam otomatik zencefil tozu paketleme makinesi, zencefil tozu paketleme s\u00fcrecini kolayla\u015ft\u0131rmak i\u00e7in tasarlanm\u0131\u015f geli\u015fmi\u015f bir paketleme \u00e7\u00f6z\u00fcm\u00fcd\u00fcr. Bu makine, \u00f6l\u00e7\u00fcm, doldurma, m\u00fch\u00fcrleme ve etiketleme dahil t\u00fcm paketleme fonksiyonlar\u0131n\u0131 otomatik olarak ger\u00e7ekle\u015ftirir. \u0130nsan m\u00fcdahalesi en aza indirilmi\u015f olup, i\u015f\u00e7ilik maliyetlerini azalt\u0131r ve verimlili\u011fi art\u0131r\u0131r. <\/p>    <p>Sat\u0131\u015fta olan bu zencefil tozu paketleme makinesi, y\u00fcksek \u00fcretim kapasitesiyle k\u00fc\u00e7\u00fck dikey tip dolum ve m\u00fch\u00fcrleme makinesi (VFFS). Dakikada 80 torbaya kadar y\u00fcksek performans ve uygun fiyat \u00f6zelliklerine sahiptir. K\u00fc\u00e7\u00fck veya orta \u00f6l\u00e7ekli \u00fcretim ihtiya\u00e7lar\u0131 i\u00e7in olduk\u00e7a uygundur.<\/p>    <figure class=\"wp-block-image size-full\"><img loading=\"lazy\" decoding=\"async\" width=\"720\" height=\"540\" src=\"https:\/\/gingermachines.com\/wp-content\/uploads\/2023\/03\/small-ginger-powder-packaging-machine-1.jpg\" alt=\"k\u00fc\u00e7\u00fck zencefil tozu paketleme makinesi\" class=\"wp-image-146\" title=\"\" srcset=\"https:\/\/gingermachines.com\/wp-content\/uploads\/2023\/03\/small-ginger-powder-packaging-machine-1.jpg 720w, https:\/\/gingermachines.com\/wp-content\/uploads\/2023\/03\/small-ginger-powder-packaging-machine-1-300x225.jpg 300w\" sizes=\"auto, (max-width: 720px) 100vw, 720px\" \/><figcaption class=\"wp-element-caption\">K\u00fc\u00e7\u00fck Zencefil Tozu Paketleme Makinesi<\/figcaption><\/figure>    <h2 class=\"wp-block-heading\">Otomatik zencefil tozu paketleme makinesi parametreleri <\/h2>    <figure class=\"wp-block-table\"><table><tbody><tr><td>Model<\/td><td>TZ-320<\/td><td>TZ-450<\/td><td>TZ-420<\/td><td>TZ-520<\/td><td>TZ-720<\/td><\/tr><tr><td>Ambalaj \u00e7anta t\u00fcrleri<\/td><td>Arka m\u00fch\u00fcr\/ 3 taraf m\u00fch\u00fcr\/ 4 taraf m\u00fch\u00fcr<\/td><td>Arka m\u00fch\u00fcr\/ 3 taraf m\u00fch\u00fcr\/ 4 taraf m\u00fch\u00fcr<\/td><td>Arka m\u00fch\u00fcr<\/td><td>Arka m\u00fch\u00fcr<\/td><td>Arka m\u00fch\u00fcr<\/td><\/tr><tr><td>Paketleme h\u0131z\u0131<\/td><td>20-80torba\/dakika<\/td><td>20-80torba\/dakika<\/td><td>5-30torba\/dakika<\/td><td>5-50torba\/dakika<\/td><td>5-50torba\/dakika<\/td><\/tr><tr><td>G\u00fc\u00e7 t\u00fcketimi<\/td><td>1.8kw<\/td><td>2.2kw<\/td><td>220V, 2.2KW<\/td><td>220VAC\/50Hz<\/td><td>220VAC\/50Hz,5KW<\/td><\/tr><tr><td>Boyut<\/td><td>(L)650*(G)1050*(Y)1950mm<\/td><td>(L)650*(G)1050*(Y)2150mm<\/td><td>(L)1320*(G)950*(Y)1760mm<\/td><td>(L)1150*(G)1795*(Y)2050mm<\/td><td>(L)1780*(G)1350*(Y)2350mm<\/td><\/tr><tr><td>Torba uzunlu\u011fu<\/td><td>30-180mm<\/td><td>30-300mm<\/td><td>80-300mm<\/td><td>80-400mm<\/td><td>100-400mm<\/td><\/tr><tr><td>Torba geni\u015fli\u011fi<\/td><td>20-150mm<\/td><td>20-210mm<\/td><td>80-200mm<\/td><td>80-250mm<\/td><td>180-350mm<\/td><\/tr><tr><td>Hava t\u00fcketimi<\/td><td>\/<\/td><td>\/<\/td><td>0.65Mpa<\/td><td>0.65Mpa<\/td><td>0.65Mpa<\/td><\/tr><tr><td>Gaz t\u00fcketimi<\/td><td>\/<\/td><td>\/<\/td><td>0.4m<sup>3<\/sup>\/dakika<\/td><td>0.4m<sup>3<\/sup>\/dakika<\/td><td>0.4m<sup>3<\/sup>\/dakika<\/td><\/tr><\/tbody><\/table><figcaption class=\"wp-element-caption\">parametre tablosu<\/figcaption><\/figure>    <p>Tam otomatik zencefil tozu doldurma makinesi, arka m\u00fch\u00fcr, \u00fc\u00e7 taraf m\u00fch\u00fcrleme, d\u00f6rt taraf m\u00fch\u00fcrleme ve di\u011fer paketleme y\u00f6ntemlerini m\u00fc\u015fterilere sunar. Dakikada paketleme h\u0131z\u0131 80 pakete kadar \u00e7\u0131kabilir. Otomatik zencefil tozu doldurma makineleri hakk\u0131nda daha fazla bilgi almak ister misiniz? Her zaman bizimle ileti\u015fime ge\u00e7ebilirsiniz.<\/p>   <div class=\"wp-block-image\"> <figure class=\"aligncenter size-full\"><img loading=\"lazy\" decoding=\"async\" width=\"720\" height=\"540\" src=\"https:\/\/gingermachines.com\/wp-content\/uploads\/2023\/03\/powder-packaging-equipment.webp\" alt=\"otomatik toz paketleme ekipman\u0131\" class=\"wp-image-238\" title=\"\" srcset=\"https:\/\/gingermachines.com\/wp-content\/uploads\/2023\/03\/powder-packaging-equipment.webp 720w, https:\/\/gingermachines.com\/wp-content\/uploads\/2023\/03\/powder-packaging-equipment-300x225.webp 300w, https:\/\/gingermachines.com\/wp-content\/uploads\/2023\/03\/powder-packaging-equipment-16x12.webp 16w\" sizes=\"auto, (max-width: 720px) 100vw, 720px\" \/><figcaption class=\"wp-element-caption\">otomatik toz paketleme ekipman\u0131<\/figcaption><\/figure> <\/div>   <h2 class=\"wp-block-heading\">Tip 2: Yar\u0131 otomatik zencefil tozu doldurma makinesi <\/h2>    <p>Yar\u0131 otomatik zencefil tozu doldurma makinesi, otomasyonun verimlili\u011fi ile insan girdisinin esnekli\u011fini birle\u015ftiren \u00e7ok y\u00f6nl\u00fc bir paketleme \u00e7\u00f6z\u00fcm\u00fcd\u00fcr. Bu makine, torbalar\u0131 otomatik \u00f6l\u00e7er, doldurur ve m\u00fch\u00fcrler, ancak operat\u00f6r\u00fcn konvey\u00f6r band\u0131na torbalar\u0131 yerle\u015ftirmesi ve \u00e7\u0131karmas\u0131 gerekir. Paketleme 1 kg ile 10 kg aras\u0131nda de\u011fi\u015fir. <\/p>    <p>Yar\u0131 otomatik zencefil tozu paketleme makinesi kullan\u0131m\u0131 kolayd\u0131r ve farkl\u0131 ambalaj malzemelerine uyarlanabilir, bu da onu g\u0131da sekt\u00f6r\u00fcnde \u00fcreticiler i\u00e7in maliyet etkin ve \u00e7ok y\u00f6nl\u00fc bir se\u00e7enek haline getirir. Bu makine, b\u00fcy\u00fck \u00fcretim ihtiya\u00e7lar\u0131 i\u00e7in idealdir.<\/p>    <figure class=\"wp-block-image size-full\"><img loading=\"lazy\" decoding=\"async\" width=\"720\" height=\"540\" src=\"https:\/\/gingermachines.com\/wp-content\/uploads\/2023\/03\/ginger-powder-filling-machine.jpg\" alt=\"zencefil tozu doldurma makinesi\" class=\"wp-image-148\" title=\"\" srcset=\"https:\/\/gingermachines.com\/wp-content\/uploads\/2023\/03\/ginger-powder-filling-machine.jpg 720w, https:\/\/gingermachines.com\/wp-content\/uploads\/2023\/03\/ginger-powder-filling-machine-300x225.jpg 300w\" sizes=\"auto, (max-width: 720px) 100vw, 720px\" \/><figcaption class=\"wp-element-caption\">Zencefil Tozu Doldurma Makinesi<\/figcaption><\/figure>    <h2 class=\"wp-block-heading\">Yar\u0131 otomatik zencefil tozu paketleme makinesi parametreleri <\/h2>    <figure class=\"wp-block-table\"><table><tbody><tr><td>G\u00fc\u00e7<\/td><td>AC380V  900W<\/td><\/tr><tr><td>Paketleme \u00f6zellikleri<\/td><td>1-10kg<\/td><\/tr><tr><td>Paketleme do\u011frulu\u011fu<\/td><td>\u00b11%<\/td><\/tr><tr><td>Paketleme h\u0131z\u0131<\/td><td>500-1500torba\/h (paketleme boyutlar\u0131na ve \u00fcr\u00fcnlere g\u00f6re)<\/td><\/tr><tr><td>Boyut<\/td><td>1000*850*1850mm<\/td><\/tr><tr><td>A\u011f\u0131rl\u0131k<\/td><td>280kg<\/td><\/tr><\/tbody><\/table><figcaption class=\"wp-element-caption\">Yar\u0131 otomatik zencefil tozu paketleme ekipman\u0131<\/figcaption><\/figure>    <p>Farkl\u0131 malzemelere ba\u011fl\u0131 olarak, bu yar\u0131 otomatik paketleme makinesi saatte 500-1500 torba paketleyebilir. Bu yar\u0131 otomatik toz paketleme makinesi hakk\u0131nda daha fazla bilgi almak i\u00e7in l\u00fctfen sa\u011f alt k\u00f6\u015fedeki a\u00e7\u0131l\u0131r pencereden bizimle ileti\u015fime ge\u00e7in.<\/p>    <h2 class=\"wp-block-heading\">Do\u011fru Zencefil Tozu Paketleme Makinesi Se\u00e7erken Dikkate Al\u0131nacak Fakt\u00f6rler<\/h2>    <h3 class=\"wp-block-heading\">\u00dcretim Kapasitesi<\/h3>    <p>Zencefil tozu paketleme makinesi se\u00e7erken, \u00fcretim kapasitenizi dikkate almak \u00f6nemlidir. \u0130htiyac\u0131n\u0131zdan daha y\u00fcksek bir \u00fcretim kapasitesine sahip bir makine se\u00e7mek gereksiz maliyetlere yol a\u00e7abilir. \u00d6te yandan, d\u00fc\u015f\u00fck \u00fcretim kapasitesine sahip bir makine se\u00e7mek talebi kar\u015f\u0131laman\u0131z\u0131 k\u0131s\u0131tlayabilir.<\/p>    <h3 class=\"wp-block-heading\">B\u00fct\u00e7e<\/h3>    <p>Zencefil tozu paketleme makinesi sat\u0131n alma maliyeti \u00f6nemli bir fakt\u00f6rd\u00fcr. B\u00fct\u00e7enize uygun ve ihtiya\u00e7lar\u0131n\u0131z\u0131 kar\u015f\u0131layan bir makine se\u00e7mek gerekir.<\/p>    <h3 class=\"wp-block-heading\">Ambalaj Malzemeleri<\/h3>    <p>Farkl\u0131 zencefil tozu paketleme makineleri, belirli ambalaj malzemeleriyle \u00e7al\u0131\u015facak \u015fekilde tasarlanm\u0131\u015ft\u0131r. Tercih etti\u011finiz ambalaj malzemesiyle uyumlu bir makine se\u00e7mek, \u00fcretim gecikmelerini veya sorunlar\u0131n\u0131 \u00f6nlemek i\u00e7in \u00f6nemlidir.<\/p>    <h2 class=\"wp-block-heading\">Zencefil tozu paketleme makinesinin fiyat\u0131 nedir?<\/h2>    <p>Zencefil tozu paketleme makinesinin fiyat\u0131, makinenin tipi, \u00f6zellikleri, \u00fcretim kapasitesi ve markas\u0131na g\u00f6re de\u011fi\u015fir. \u00d6rne\u011fin, otomatik toz paketleme makinesi maliyeti, yar\u0131 otomatik toz paketleme makinesinden olduk\u00e7a farkl\u0131d\u0131r. \u00c7\u00fcnk\u00fc farkl\u0131 yap\u0131lar, par\u00e7alar, bile\u015fenler ve \u00f6zellikler kullan\u0131rlar.<\/p>    <p>Ayr\u0131ca, farkl\u0131 m\u00fc\u015fteriler i\u00e7in ayn\u0131 tip makinenin maliyeti de de\u011fi\u015febilir, \u00e7\u00fcnk\u00fc g\u00fc\u00e7, yap\u0131land\u0131rma ve malzemeler farkl\u0131l\u0131k g\u00f6sterebilir. Bu nedenle, \u00f6nce paketleme gereksinimlerinizi bize bildirin, size detayl\u0131 ve do\u011fru bir makine fiyat listesi sunal\u0131m. \u015eimdi bizimle ileti\u015fime ge\u00e7in ve zencefil paketleme i\u015finizi ba\u015flat\u0131n.<\/p>    <div class=\"wp-block-columns is-layout-flex wp-container-core-columns-is-layout-9d6595d7 wp-block-columns-is-layout-flex\"> <div class=\"wp-block-column is-layout-flow wp-block-column-is-layout-flow\"> <figure class=\"wp-block-image size-full\"><img loading=\"lazy\" decoding=\"async\" width=\"750\" height=\"500\" src=\"https:\/\/gingermachines.com\/wp-content\/uploads\/2023\/03\/customers-visit-our-company.webp\" alt=\"m\u00fc\u015fteriler firmam\u0131z\u0131 ziyaret ediyor\" class=\"wp-image-151\" title=\"\" srcset=\"https:\/\/gingermachines.com\/wp-content\/uploads\/2023\/03\/customers-visit-our-company.webp 750w, https:\/\/gingermachines.com\/wp-content\/uploads\/2023\/03\/customers-visit-our-company-300x200.webp 300w\" sizes=\"auto, (max-width: 750px) 100vw, 750px\" \/><figcaption class=\"wp-element-caption\">M\u00fc\u015fterilerimiz Firmam\u0131z\u0131 Ziyaret Ediyor<\/figcaption><\/figure> <\/div>    <div class=\"wp-block-column is-layout-flow wp-block-column-is-layout-flow\"> <figure class=\"wp-block-image size-full\"><img loading=\"lazy\" decoding=\"async\" width=\"750\" height=\"500\" src=\"https:\/\/gingermachines.com\/wp-content\/uploads\/2023\/03\/our-customers-around-the-world.webp\" alt=\"d\u00fcnyadaki m\u00fc\u015fterilerimiz\" class=\"wp-image-152\" title=\"\" srcset=\"https:\/\/gingermachines.com\/wp-content\/uploads\/2023\/03\/our-customers-around-the-world.webp 750w, https:\/\/gingermachines.com\/wp-content\/uploads\/2023\/03\/our-customers-around-the-world-300x200.webp 300w\" sizes=\"auto, (max-width: 750px) 100vw, 750px\" \/><figcaption class=\"wp-element-caption\">D\u00fcnyadaki M\u00fc\u015fterilerimiz<\/figcaption><\/figure> <\/div> <\/div>    <h2 class=\"wp-block-heading\">Bug\u00fcn bizimle ileti\u015fime ge\u00e7in, en iyi fiyat\u0131 al\u0131n!<\/h2>    <div class=\"wp-block-columns is-layout-flex wp-container-core-columns-is-layout-9d6595d7 wp-block-columns-is-layout-flex\"> <div class=\"wp-block-column is-layout-flow wp-block-column-is-layout-flow\"> <figure class=\"wp-block-image size-full\"><img loading=\"lazy\" decoding=\"async\" width=\"540\" height=\"720\" src=\"https:\/\/gingermachines.com\/wp-content\/uploads\/2023\/03\/packing-picture-of-ginger-powder-packing-equipment.webp\" alt=\"zencefil tozu paketleme ekipmanlar\u0131n\u0131n paketleme resmi\" class=\"wp-image-240\" title=\"\" srcset=\"https:\/\/gingermachines.com\/wp-content\/uploads\/2023\/03\/packing-picture-of-ginger-powder-packing-equipment.webp 540w, https:\/\/gingermachines.com\/wp-content\/uploads\/2023\/03\/packing-picture-of-ginger-powder-packing-equipment-225x300.webp 225w, https:\/\/gingermachines.com\/wp-content\/uploads\/2023\/03\/packing-picture-of-ginger-powder-packing-equipment-9x12.webp 9w\" sizes=\"auto, (max-width: 540px) 100vw, 540px\" \/><figcaption class=\"wp-element-caption\">Zencefil Tozu Paketleme Ekipmanlar\u0131n\u0131n Paketleme Resmi<\/figcaption><\/figure> <\/div>    <div class=\"wp-block-column is-vertically-aligned-center is-layout-flow wp-block-column-is-layout-flow\"> <p>Zencefil tozu paketleme makinesi yat\u0131r\u0131m\u0131, modern \u00fcreticilerin operasyonlar\u0131n\u0131 optimize etmek, \u00fcr\u00fcn kalitesini art\u0131rmak ve maliyetleri azaltmak i\u00e7in ak\u0131ll\u0131ca bir ad\u0131md\u0131r. Geli\u015fmi\u015f otomasyon \u00f6zellikleri, h\u0131z, hassasiyet ve kullan\u0131c\u0131 dostu aray\u00fczleri ile bu yenilik\u00e7i \u00e7\u00f6z\u00fcm, i\u015finizi bir \u00fcst seviyeye ta\u015f\u0131yabilir.<\/p>    <p class=\"translation-block\">Taizy Makine, kapsaml\u0131 bir <a href=\"https:\/\/gingermachines.com\/tr\/\">zencefil i\u015fleme makinesi \u00fcreticisidir<\/a>. \u00dcr\u00fcnlerimiz aras\u0131nda <a href=\"https:\/\/gingermachines.com\/tr\/product\/ginger-washing-machine\/\">zencefil y\u0131kama makineleri<\/a>, zencefil dilimleme makineleri, zencefil kurutma makineleri, <a href=\"https:\/\/gingermachines.com\/tr\/product\/ginger-grinding-machine\/\">zencefil \u00f6\u011f\u00fctme makineleri<\/a> ve zencefil paketleme makineleri bulunmaktad\u0131r. Zencefil i\u015fiyle ilgileniyorsan\u0131z, \u015fimdi harekete ge\u00e7in ve artan verimlilik, \u00fcretkenlik ve karl\u0131l\u0131\u011f\u0131n tad\u0131n\u0131 \u00e7\u0131kar\u0131n!<\/p> <\/div> <\/div>","protected":false},"excerpt":{"rendered":"<p>Taizy zencefil tozu paketleme makinesi, zencefil tozu paketlemesi i\u00e7in tasarlanm\u0131\u015ft\u0131r. Dolum, m\u00fch\u00fcrleme ve kodlama i\u015flemlerinde hassasiyet ve do\u011fruluk sa\u011flar.<\/p>","protected":false},"author":1,"featured_media":146,"parent":0,"template":"","tags":[8],"product-type":[6],"class_list":["post-140","product","type-product","status-publish","has-post-thumbnail","hentry","tag-ginger-processing-machine","product-type-products"],"_links":{"self":[{"href":"https:\/\/gingermachines.com\/tr\/wp-json\/wp\/v2\/product\/140","targetHints":{"allow":["GET"]}}],"collection":[{"href":"https:\/\/gingermachines.com\/tr\/wp-json\/wp\/v2\/product"}],"about":[{"href":"https:\/\/gingermachines.com\/tr\/wp-json\/wp\/v2\/types\/product"}],"author":[{"embeddable":true,"href":"https:\/\/gingermachines.com\/tr\/wp-json\/wp\/v2\/users\/1"}],"wp:featuredmedia":[{"embeddable":true,"href":"https:\/\/gingermachines.com\/tr\/wp-json\/wp\/v2\/media\/146"}],"wp:attachment":[{"href":"https:\/\/gingermachines.com\/tr\/wp-json\/wp\/v2\/media?parent=140"}],"wp:term":[{"taxonomy":"post_tag","embeddable":true,"href":"https:\/\/gingermachines.com\/tr\/wp-json\/wp\/v2\/tags?post=140"},{"taxonomy":"product-type","embeddable":true,"href":"https:\/\/gingermachines.com\/tr\/wp-json\/wp\/v2\/product-type?post=140"}],"curies":[{"name":"wp","href":"https:\/\/api.w.org\/{rel}","templated":true}]}}