{"id":19,"date":"2022-09-06T09:00:40","date_gmt":"2022-09-06T09:00:40","guid":{"rendered":"https:\/\/gingermachines.com\/?page_id=19"},"modified":"2025-11-05T15:13:47","modified_gmt":"2025-11-05T07:13:47","slug":"contact-us","status":"publish","type":"page","link":"https:\/\/gingermachines.com\/tr\/contact-us\/","title":{"rendered":"\u0130leti\u015fim"},"content":{"rendered":"<h2 class=\"wp-block-heading\" id=\"h-are-you-looking-for-reliable-affordable-ginger-processing-machines\">G\u00fcvenilir ve uygun fiyatl\u0131 zencefil i\u015fleme makineleri mi ar\u0131yorsunuz?  <\/h2>    <p>Taizy G\u0131da Makinalar\u0131 Ltd. \u015eti. 10 y\u0131l\u0131 a\u015fk\u0131n s\u00fcredir \u00e7e\u015fitli g\u0131da i\u015fleme makinelerinin tasar\u0131m\u0131, ara\u015ft\u0131rmas\u0131, \u00fcretimi ve pazarlamas\u0131yla ilgilenmektedir. Zencefil i\u015fleme makinesi, \u00f6ne \u00e7\u0131kan \u00fcr\u00fcnlerimizden biridir. T\u00fcm makinelerimiz uluslararas\u0131 standartlara uygun olarak tasarlanm\u0131\u015f ve \u00fcretilmi\u015ftir. Ayr\u0131ca, makinelerimizin iyi performans g\u00f6stermesini ve h\u0131zl\u0131 teslimat\u0131n\u0131 sa\u011flamak i\u00e7in y\u00fcksek nitelikli personelimiz bulunmaktad\u0131r. Ve zencefil i\u015fleme makinesi fiyat\u0131m\u0131z kesinlikle uygun ve makuld\u00fcr. \u0130\u015finizi ba\u015flatmak i\u00e7in bizimle ileti\u015fime ge\u00e7mekten \u00e7ekinmeyin. <\/p>    <div class=\"wp-block-columns is-layout-flex wp-container-core-columns-is-layout-9d6595d7 wp-block-columns-is-layout-flex\"> <div class=\"wp-block-column is-layout-flow wp-block-column-is-layout-flow\"> <div class=\"wp-block-columns is-layout-flex wp-container-core-columns-is-layout-9d6595d7 wp-block-columns-is-layout-flex\"> <div class=\"wp-block-column is-layout-flow wp-block-column-is-layout-flow\"> <figure class=\"wp-block-image size-large\"><img decoding=\"async\" src=\"https:\/\/charcoalplant.com\/wp-content\/uploads\/2022\/03\/smartphone.png\" alt=\"\" title=\"\"><\/figure>    <p>+86 13838515872<\/p> <\/div>    <div class=\"wp-block-column is-layout-flow wp-block-column-is-layout-flow\"> <figure class=\"wp-block-image size-large\"><img decoding=\"async\" src=\"https:\/\/charcoalplant.com\/wp-content\/uploads\/2022\/03\/email.png\" alt=\"\" title=\"\"><\/figure>    <p>info@gingermachines.com<\/p> <\/div> <\/div> <\/div>    <div class=\"wp-block-column is-layout-flow wp-block-column-is-layout-flow\"> <div class=\"wp-block-columns is-layout-flex wp-container-core-columns-is-layout-9d6595d7 wp-block-columns-is-layout-flex\"> <div class=\"wp-block-column is-layout-flow wp-block-column-is-layout-flow\"> <figure class=\"wp-block-image size-large\"><img decoding=\"async\" src=\"https:\/\/charcoalplant.com\/wp-content\/uploads\/2022\/03\/whatsapp.png\" alt=\"\" title=\"\"><\/figure>    <p>+86 13838515872<\/p> <\/div>    <div class=\"wp-block-column is-layout-flow wp-block-column-is-layout-flow\"> <figure class=\"wp-block-image size-large\"><img decoding=\"async\" src=\"https:\/\/charcoalplant.com\/wp-content\/uploads\/2022\/03\/address.png\" alt=\"\" title=\"\"><\/figure>    <p>Hanghai Yolu Do\u011fu, Zhengzhou Ekonomik ve Teknolojik Geli\u015fim B\u00f6lgesi, Zhengzhou \u015eehri, Henan, \u00c7in<\/p> <\/div> <\/div> <\/div> <\/div>","protected":false},"excerpt":{"rendered":"<p>Are you looking for reliable &amp; affordable ginger processing machines? Taizy Food Machinery Co., Ltd has specialized in the design, research, manufacturing, and marketing of various food processing machines for over 10 years. Ginger processing machine is one of our featured products. All our machines are designed and produced according to international standards. Besides, we [&hellip;]<\/p>\n","protected":false},"author":1,"featured_media":0,"parent":0,"menu_order":0,"comment_status":"closed","ping_status":"closed","template":"","meta":{"footnotes":""},"class_list":["post-19","page","type-page","status-publish","hentry"],"_links":{"self":[{"href":"https:\/\/gingermachines.com\/tr\/wp-json\/wp\/v2\/pages\/19","targetHints":{"allow":["GET"]}}],"collection":[{"href":"https:\/\/gingermachines.com\/tr\/wp-json\/wp\/v2\/pages"}],"about":[{"href":"https:\/\/gingermachines.com\/tr\/wp-json\/wp\/v2\/types\/page"}],"author":[{"embeddable":true,"href":"https:\/\/gingermachines.com\/tr\/wp-json\/wp\/v2\/users\/1"}],"replies":[{"embeddable":true,"href":"https:\/\/gingermachines.com\/tr\/wp-json\/wp\/v2\/comments?post=19"}],"version-history":[{"count":0,"href":"https:\/\/gingermachines.com\/tr\/wp-json\/wp\/v2\/pages\/19\/revisions"}],"wp:attachment":[{"href":"https:\/\/gingermachines.com\/tr\/wp-json\/wp\/v2\/media?parent=19"}],"curies":[{"name":"wp","href":"https:\/\/api.w.org\/{rel}","templated":true}]}}