{"id":15,"date":"2022-09-06T08:59:53","date_gmt":"2022-09-06T08:59:53","guid":{"rendered":"https:\/\/gingermachines.com\/?page_id=15"},"modified":"2022-09-07T07:04:14","modified_gmt":"2022-09-07T07:04:14","slug":"about-us","status":"publish","type":"page","link":"https:\/\/gingermachines.com\/tr\/about-us\/","title":{"rendered":"Hakk\u0131m\u0131zda"},"content":{"rendered":"<p>Taizy Machinery Co., Ltd, zencefil i\u015fleme makineleri tedarik\u00e7isidir. Ba\u015flang\u0131\u00e7ta, \u015firketin kurucusu \u2013 Hanny, zencefili manuel olarak i\u015flemenin zor oldu\u011funu fark etti. Ve o bir m\u00fchendisti. Bu nedenle, zencefil makinelerinin ara\u015ft\u0131rma ve geli\u015ftirmesine kendini adad\u0131 ve ortaklar\u0131yla birlikte \u00e7al\u0131\u015ft\u0131. \u00dc\u00e7 ay sonra, geli\u015ftirilmi\u015f zencefil y\u0131kama ve soyma makinesi ba\u015far\u0131yla \u00fcretildi. Di\u011fer tedarik\u00e7ilerden al\u0131nan makinelerle kar\u015f\u0131la\u015ft\u0131r\u0131ld\u0131\u011f\u0131nda, Taizy zencefil y\u0131kama ve soyma makinesi daha enerji tasarruflu ve daha uygun fiyatl\u0131d\u0131r. Ve sonra di\u011fer zencefil i\u015fleme makineleri icat edildi. Sonunda, Hanny bu harika makineleri t\u00fcm d\u00fcnyadaki insanlara tan\u0131tmaya istekliydi. <\/p>    <p>\u00dcr\u00fcnlerimiz, zencefil y\u0131kama makinesi, zencefil y\u0131kama ve soyma makinesi, zencefil kurutma makinesi, zencefil \u00f6\u011f\u00fctme makinesi, zencefil tozu yapma makinesi ve tam bir zencefil tozu i\u015fleme hatt\u0131n\u0131 i\u00e7eren zencefil i\u015fleme makinelerinin tam bir yelpazesini kapsamaktad\u0131r. T\u00fcm makinelerimiz, uluslararas\u0131 standartlara uygun olarak tasarlanm\u0131\u015f ve \u00fcretilmi\u015ftir. G\u00fcn\u00fcm\u00fczde, Taizy \u00fcr\u00fcnleri Brezilya, Kolombiya, Peru, Endonezya, Malezya, Singapur, Filipinler, Kore, Hollanda, Kazakistan, Rusya, Suudi Arabistan, \u0130srail, Avustralya, Amerika Birle\u015fik Devletleri, \u015eili, Meksika, Gana, Nijerya ve di\u011fer bir\u00e7ok \u00fclke ve b\u00f6lgeye ba\u015far\u0131yla ihra\u00e7 edilmi\u015ftir. <\/p>    <h2 class=\"wp-block-heading\" id=\"h-certificates\">Sertifikalar<\/h2>    <figure class=\"wp-block-image size-large\"><img decoding=\"async\" src=\"https:\/\/cnricemill.com\/wp-content\/uploads\/2022\/08\/certificate-1024x323-1.jpg\" alt=\"\" title=\"\"><\/figure>","protected":false},"excerpt":{"rendered":"<p>Taizy Machinery Co., Ltd is a comprehensive ginger processing machinery supplier. At begin, the founder of the company &#8211; Hanny, found that it is difficult for us to process ginger manually. And he is an engineer. Therefore, he began to devote himself to the research and development of ginger machines with his partners. And three [&hellip;]<\/p>\n","protected":false},"author":1,"featured_media":0,"parent":0,"menu_order":0,"comment_status":"closed","ping_status":"closed","template":"","meta":{"footnotes":""},"class_list":["post-15","page","type-page","status-publish","hentry"],"_links":{"self":[{"href":"https:\/\/gingermachines.com\/tr\/wp-json\/wp\/v2\/pages\/15","targetHints":{"allow":["GET"]}}],"collection":[{"href":"https:\/\/gingermachines.com\/tr\/wp-json\/wp\/v2\/pages"}],"about":[{"href":"https:\/\/gingermachines.com\/tr\/wp-json\/wp\/v2\/types\/page"}],"author":[{"embeddable":true,"href":"https:\/\/gingermachines.com\/tr\/wp-json\/wp\/v2\/users\/1"}],"replies":[{"embeddable":true,"href":"https:\/\/gingermachines.com\/tr\/wp-json\/wp\/v2\/comments?post=15"}],"version-history":[{"count":0,"href":"https:\/\/gingermachines.com\/tr\/wp-json\/wp\/v2\/pages\/15\/revisions"}],"wp:attachment":[{"href":"https:\/\/gingermachines.com\/tr\/wp-json\/wp\/v2\/media?parent=15"}],"curies":[{"name":"wp","href":"https:\/\/api.w.org\/{rel}","templated":true}]}}