{"id":57,"date":"2022-09-09T03:09:50","date_gmt":"2022-09-08T19:09:50","guid":{"rendered":"https:\/\/gingermachines.com\/?post_type=product&#038;p=57"},"modified":"2024-06-17T14:39:26","modified_gmt":"2024-06-17T06:39:26","slug":"ginger-drying-machine","status":"publish","type":"product","link":"https:\/\/gingermachines.com\/sw\/product\/ginger-drying-machine\/","title":{"rendered":"Ginger Drying Machine"},"content":{"rendered":"<p class=\"translation-block\">Taizy <strong>Ingef\u00e4ra torkmaskin<\/strong> \u00e4r en typ av gr\u00f6nsaks- och frukt torkare. Den anv\u00e4nds i stor utstr\u00e4ckning f\u00f6r att avvattna alla typer av frukter och gr\u00f6nsaker, s\u00e5som ingef\u00e4ra, vitl\u00f6k, svamp, citron, kiwi, ananas, etc. Den <strong>elektriska ingef\u00e4ra torkaren<\/strong> har funktioner som ingen f\u00f6rorening, enkel drift och energibesparing. <\/p>    <p>Torkad ingef\u00e4ra \u00e4r l\u00e4tt att samla och kan kraftigt f\u00f6rl\u00e4nga lagringstiden. Dessutom f\u00f6r\u00e4ndras inte det n\u00e4ringsm\u00e4ssiga v\u00e4rdet av den torkade ingef\u00e4ran, och smaken kan bli b\u00e4ttre. Dessutom \u00e4r torkad ingef\u00e4ra den oers\u00e4ttliga r\u00e5varan f\u00f6r ingef\u00e4ra pulver.<\/p>   <div class=\"wp-block-image\"> <figure class=\"aligncenter size-full\"><img loading=\"lazy\" decoding=\"async\" width=\"720\" height=\"540\" src=\"https:\/\/gingermachines.com\/wp-content\/uploads\/2022\/09\/ginger-dryer-machine.webp\" alt=\"ingef\u00e4ra torkmaskin\" class=\"wp-image-246\" title=\"\" srcset=\"https:\/\/gingermachines.com\/wp-content\/uploads\/2022\/09\/ginger-dryer-machine.webp 720w, https:\/\/gingermachines.com\/wp-content\/uploads\/2022\/09\/ginger-dryer-machine-300x225.webp 300w, https:\/\/gingermachines.com\/wp-content\/uploads\/2022\/09\/ginger-dryer-machine-16x12.webp 16w\" sizes=\"auto, (max-width: 720px) 100vw, 720px\" \/><figcaption class=\"wp-element-caption\">ingef\u00e4ra torkmaskin<\/figcaption><\/figure> <\/div>   <p>D\u00e4rf\u00f6r \u00e4r ingef\u00e4ra avvattningsmaskinen en viktig del av hela ingef\u00e4ra pulverproduktionslinjen. Som en omfattande tillverkare av ingef\u00e4ra bearbetningsmaskiner erbjuder TAIZY-f\u00f6retaget ett komplett utbud av ingef\u00e4ra maskiner f\u00f6r den globala marknaden. Alla maskiner har bra prestanda och det b\u00e4sta priset.<\/p>    <h2 class=\"wp-block-heading\">Funktioner av ingef\u00e4ra torkmaskin <\/h2>    <ol class=\"wp-block-list\" style=\"list-style-type:1\"> <li>Den elektriska apparaten har funktioner f\u00f6r att st\u00e4lla in temperatur, timer, konstant temperaturkontroll, \u00f6vertemperaturalarm, st\u00e4lla in avfuktningstid, etc. En valfri peksk\u00e4rm finns tillg\u00e4nglig.<\/li>    <li>Hela l\u00e5dan av film torkare antar en helt sluten struktur, och den interna varma luften \u00e5tervinns f\u00f6r att spara energi och effektivitet.<\/li>    <li>V\u00e4rmek\u00e4llan f\u00f6r ingef\u00e4ra torkning kan vara elektricitet (380V\/50Hz), \u00e5nga (0.2~0.8MPa), en varm luftugn (tr\u00e4\/kola\/olja\/gas), etc.<\/li>    <li>Inbyggd h\u00f6gtemperaturbest\u00e4ndig l\u00e5ngaxel fl\u00e4kt, tvingad varm luftcirkulation, vilket kraftigt minskar v\u00e4rmef\u00f6rlusten i cirkulationsprocessen.<\/li>    <li>Ingef\u00e4ra torksk\u00e5pet \u00e4r utrustat med en justerbar luftf\u00f6rdelningsplatta, som kan justera gapstorleken upp och ner f\u00f6r att kontrollera luftfl\u00f6det och g\u00f6ra temperaturen inuti l\u00e5dan mer enhetlig.<\/li>    <li>Isoleringslagertjocklek 80~200mm, anv\u00e4nder h\u00f6gdensitets stenull eller ultrafin aluminosilikatfiberull f\u00f6r att ytterligare minska v\u00e4rmef\u00f6rlusten.<\/li> <\/ol>    <figure class=\"wp-block-image size-full\"><img loading=\"lazy\" decoding=\"async\" width=\"720\" height=\"540\" src=\"https:\/\/gingermachines.com\/wp-content\/uploads\/2022\/09\/ginger-dryer-machine.jpg\" alt=\"ingef\u00e4ra torkmaskin\" class=\"wp-image-89\" title=\"\" srcset=\"https:\/\/gingermachines.com\/wp-content\/uploads\/2022\/09\/ginger-dryer-machine.jpg 720w, https:\/\/gingermachines.com\/wp-content\/uploads\/2022\/09\/ginger-dryer-machine-300x225.jpg 300w\" sizes=\"auto, (max-width: 720px) 100vw, 720px\" \/><figcaption class=\"wp-element-caption\">Ingef\u00e4ra Torkmaskin<\/figcaption><\/figure>    <h2 class=\"wp-block-heading\">Parametrar f\u00f6r TAIZY ingef\u00e4ra torkmaskin <\/h2>    <figure class=\"wp-block-table\"><table><tbody><tr><td>Modeli<\/td><td>Storlek (L*B*H) (mm)<\/td><td>Torkvagn nummer<\/td><td>Kapacitet (kg\/ g\u00e5nger)<\/td><\/tr><tr><td>SL-2<\/td><td>4000*1 600*25000<\/td><td>2<\/td><td>600<\/td><\/tr><tr><td>SL-4<\/td><td>6000*1 600*2500<\/td><td>4<\/td><td>1200<\/td><\/tr><tr><td>SL-6<\/td><td>7200*2300*2500<\/td><td>6<\/td><td>1800<\/td><\/tr><tr><td>SL-8<\/td><td>8800*2300*2500<\/td><td>8<\/td><td>2400<\/td><\/tr><tr><td>SL-10<\/td><td>10000*2300*2500<\/td><td>10<\/td><td>3000<\/td><\/tr><tr><td>SL-12<\/td><td>10500*3300*2500<\/td><td>12<\/td><td>3600<\/td><\/tr><tr><td>SL-14<\/td><td>11000*3300*2500<\/td><td>14<\/td><td>4200<\/td><\/tr><tr><td>SL-16<\/td><td>11500*3300*2500<\/td><td>16<\/td><td>4800<\/td><\/tr><tr><td>SL-18<\/td><td>12500*3300*2500<\/td><td>18<\/td><td>5400<\/td><\/tr><tr><td>SL-20<\/td><td>13500*3300*2500<\/td><td>20<\/td><td>6000<\/td><\/tr><tr><td>SL-22<\/td><td>14500*3300*2500<\/td><td>22<\/td><td>6600<\/td><\/tr><tr><td>SL-24<\/td><td>15500*3300*2800<\/td><td>24<\/td><td>7200<\/td><\/tr><\/tbody><\/table><figcaption class=\"wp-element-caption\">modeller av torkmaskin f\u00f6r ingef\u00e4ra<\/figcaption><\/figure>    <p>Som du kan se fr\u00e5n diagrammet har vi mer \u00e4n tio modeller av ingef\u00e4ra avvattningsmaskiner till salu. Utmatningen \u00e4r i ordning fr\u00e5n liten till stor. D\u00e4rf\u00f6r kan denna maskin m\u00f6ta olika typer av torkningsbehov.<\/p>    <figure class=\"wp-block-image size-full\"><img loading=\"lazy\" decoding=\"async\" width=\"720\" height=\"540\" src=\"https:\/\/gingermachines.com\/wp-content\/uploads\/2022\/09\/large-scale-ginger-dryer.webp\" alt=\"storskalig ingef\u00e4ra torkare\" class=\"wp-image-244\" title=\"\" srcset=\"https:\/\/gingermachines.com\/wp-content\/uploads\/2022\/09\/large-scale-ginger-dryer.webp 720w, https:\/\/gingermachines.com\/wp-content\/uploads\/2022\/09\/large-scale-ginger-dryer-300x225.webp 300w, https:\/\/gingermachines.com\/wp-content\/uploads\/2022\/09\/large-scale-ginger-dryer-16x12.webp 16w\" sizes=\"auto, (max-width: 720px) 100vw, 720px\" \/><figcaption class=\"wp-element-caption\">Storskalig Ingef\u00e4ra Torkare<\/figcaption><\/figure>    <h2 class=\"wp-block-heading\">Brett spektrum av till\u00e4mpningar av ingef\u00e4ra torkutrustning<\/h2>    <p>Denna ingef\u00e4ra torkmaskin har ett brett spektrum av till\u00e4mpningar. Den \u00e4r l\u00e4mplig f\u00f6r att torka olika gr\u00f6nsaker och frukter.<\/p>    <p class=\"translation-block\"><strong>Gr\u00f6nsaker:<\/strong> ingef\u00e4ra, gurkskivor, bittergurkskivor, vit svamp, svart svamp, r\u00f6d paprika, aubergine, kidneyb\u00f6nor, b\u00f6nor, linser, torkade fruktskivor, peppar, svamp, etc.<\/p>    <p class=\"translation-block\"><strong>Frukt:<\/strong> mango, \u00e4pplen, mandlar, dadlar, drakfrukt, jordgubbar, hawthorn skivor, k\u00f6rsb\u00e4r, kiwifrukter, pumpor, bananer, <a href=\"http:\/\/longan\">longan<\/a>s, persikor, kakifrukter, etc. \u00a0<\/p>    <figure class=\"wp-block-image size-full\"><img loading=\"lazy\" decoding=\"async\" width=\"720\" height=\"540\" src=\"https:\/\/gingermachines.com\/wp-content\/uploads\/2022\/09\/widely-application.webp\" alt=\"bred anv\u00e4ndning\" class=\"wp-image-245\" title=\"\" srcset=\"https:\/\/gingermachines.com\/wp-content\/uploads\/2022\/09\/widely-application.webp 720w, https:\/\/gingermachines.com\/wp-content\/uploads\/2022\/09\/widely-application-300x225.webp 300w, https:\/\/gingermachines.com\/wp-content\/uploads\/2022\/09\/widely-application-16x12.webp 16w\" sizes=\"auto, (max-width: 720px) 100vw, 720px\" \/><figcaption class=\"wp-element-caption\">Bred anv\u00e4ndning<\/figcaption><\/figure>    <h2 class=\"wp-block-heading\">Strukturdetaljer f\u00f6r denna ingef\u00e4ra torkmaskin<\/h2>    <p>Denna ingef\u00e4ra torkmaskin har en enkel struktur och rimlig design, den \u00e4r l\u00e4tt att anv\u00e4nda. Den best\u00e5r huvudsakligen av en vagn, cirkulationsfl\u00e4kt, luftenergi v\u00e4rme, smart kontrollpanel, l\u00e5da, induktionsfl\u00e4kt, rostfri st\u00e5lbricka, elektriska komponenter och avgasfl\u00e4kt. Alla maskiner anv\u00e4nder rostfri st\u00e5lstruktur, h\u00e5llbar och livsmedelsklassad. Dessutom har maskinen antagit avancerad teknik och m\u00e4rkesdelar. Dessutom har vi extremt skicklig personal f\u00f6r att s\u00e4kerst\u00e4lla h\u00f6g kvalitet och bra prestanda.<\/p>    <figure class=\"wp-block-image size-full\"><img loading=\"lazy\" decoding=\"async\" width=\"720\" height=\"540\" src=\"https:\/\/gingermachines.com\/wp-content\/uploads\/2022\/09\/vegetable-drying-machine.jpg\" alt=\"Mashine ya kukausha mboga\" class=\"wp-image-87\" title=\"\" srcset=\"https:\/\/gingermachines.com\/wp-content\/uploads\/2022\/09\/vegetable-drying-machine.jpg 720w, https:\/\/gingermachines.com\/wp-content\/uploads\/2022\/09\/vegetable-drying-machine-300x225.jpg 300w\" sizes=\"auto, (max-width: 720px) 100vw, 720px\" \/><figcaption class=\"wp-element-caption\">Gr\u00f6nsaks- och Frukt Torkmaskin<\/figcaption><\/figure>    <h2 class=\"wp-block-heading\">Kontakta oss f\u00f6r att f\u00e5 det b\u00e4sta priset<\/h2>    <p class=\"translation-block\">Ingef\u00e4ra torkmaskin \u00e4r en av v\u00e5ra mycket popul\u00e4ra produkter. Dessutom finns det m\u00e5nga andra <a href=\"https:\/\/gingermachines.com\/sw\/products\/products\/\">ingef\u00e4ra maskiner<\/a> tillg\u00e4ngliga fr\u00e5n Taizy fabriken, s\u00e5som <a href=\"https:\/\/gingermachines.com\/sw\/product\/ginger-washing-machine\/\">ingef\u00e4ra tv\u00e4ttmaskin<\/a>, ingef\u00e4ra skalningsmaskin, <a href=\"https:\/\/gingermachines.com\/sw\/product\/ginger-grinding-machine\/\">ingef\u00e4ra malningsmaskin<\/a>, och <a href=\"https:\/\/gingermachines.com\/sw\/product\/ginger-powder-processing-line\/\">ingef\u00e4ra pulver tillverkningsmaskin<\/a>. All v\u00e5r utrustning har bra pris och stabil prestanda. V\u00e4lkommen att kontakta oss f\u00f6r mer anv\u00e4ndbar information.<\/p>    <figure class=\"wp-block-image size-full\"><img loading=\"lazy\" decoding=\"async\" width=\"720\" height=\"540\" src=\"https:\/\/gingermachines.com\/wp-content\/uploads\/2022\/09\/customer-feedback.jpg\" alt=\"maoni ya mteja\" class=\"wp-image-91\" title=\"\" srcset=\"https:\/\/gingermachines.com\/wp-content\/uploads\/2022\/09\/customer-feedback.jpg 720w, https:\/\/gingermachines.com\/wp-content\/uploads\/2022\/09\/customer-feedback-300x225.jpg 300w\" sizes=\"auto, (max-width: 720px) 100vw, 720px\" \/><figcaption class=\"wp-element-caption\">Kundfeedback<\/figcaption><\/figure>","protected":false},"excerpt":{"rendered":"<p>Ingef\u00e4ra torkmaskin \u00e4r en typ av gr\u00f6nsaks- och frukt torkare. Den anv\u00e4nds i stor utstr\u00e4ckning f\u00f6r att avvattna ingef\u00e4ra, vitl\u00f6k, svamp, citron, kiwi, ananas, etc.<\/p>","protected":false},"author":1,"featured_media":81,"parent":0,"template":"","tags":[8],"product-type":[6],"class_list":["post-57","product","type-product","status-publish","has-post-thumbnail","hentry","tag-ginger-processing-machine","product-type-products"],"_links":{"self":[{"href":"https:\/\/gingermachines.com\/sw\/wp-json\/wp\/v2\/product\/57","targetHints":{"allow":["GET"]}}],"collection":[{"href":"https:\/\/gingermachines.com\/sw\/wp-json\/wp\/v2\/product"}],"about":[{"href":"https:\/\/gingermachines.com\/sw\/wp-json\/wp\/v2\/types\/product"}],"author":[{"embeddable":true,"href":"https:\/\/gingermachines.com\/sw\/wp-json\/wp\/v2\/users\/1"}],"wp:featuredmedia":[{"embeddable":true,"href":"https:\/\/gingermachines.com\/sw\/wp-json\/wp\/v2\/media\/81"}],"wp:attachment":[{"href":"https:\/\/gingermachines.com\/sw\/wp-json\/wp\/v2\/media?parent=57"}],"wp:term":[{"taxonomy":"post_tag","embeddable":true,"href":"https:\/\/gingermachines.com\/sw\/wp-json\/wp\/v2\/tags?post=57"},{"taxonomy":"product-type","embeddable":true,"href":"https:\/\/gingermachines.com\/sw\/wp-json\/wp\/v2\/product-type?post=57"}],"curies":[{"name":"wp","href":"https:\/\/api.w.org\/{rel}","templated":true}]}}