{"id":19,"date":"2022-09-06T09:00:40","date_gmt":"2022-09-06T09:00:40","guid":{"rendered":"https:\/\/gingermachines.com\/?page_id=19"},"modified":"2025-11-05T15:13:47","modified_gmt":"2025-11-05T07:13:47","slug":"contact-us","status":"publish","type":"page","link":"https:\/\/gingermachines.com\/sw\/contact-us\/","title":{"rendered":"Kontakta oss"},"content":{"rendered":"<h2 class=\"wp-block-heading\" id=\"h-are-you-looking-for-reliable-affordable-ginger-processing-machines\">Letar du efter p\u00e5litliga &amp; prisv\u00e4rda maskiner f\u00f6r bearbetning av ingef\u00e4ra?  <\/h2>    <p>Taizy Food Machinery Co., Ltd har varit specialiserat p\u00e5 design, forskning, tillverkning och marknadsf\u00f6ring av olika livsmedelsbearbetningsmaskiner i \u00f6ver 10 \u00e5r. Ginger bearbetningsmaskin \u00e4r en av v\u00e5ra utvalda produkter. Alla v\u00e5ra maskiner \u00e4r utformade och producerade enligt internationella standarder. Dessutom har vi mycket kompetent personal f\u00f6r att s\u00e4kerst\u00e4lla god prestanda och snabb leverans av v\u00e5ra maskiner. Och priset p\u00e5 v\u00e5r ingef\u00e4ra bearbetningsmaskin \u00e4r helt \u00f6verkomligt och rimligt. V\u00e4lkommen att kontakta oss f\u00f6r att starta ditt f\u00f6retag. <\/p>    <div class=\"wp-block-columns is-layout-flex wp-container-core-columns-is-layout-9d6595d7 wp-block-columns-is-layout-flex\"> <div class=\"wp-block-column is-layout-flow wp-block-column-is-layout-flow\"> <div class=\"wp-block-columns is-layout-flex wp-container-core-columns-is-layout-9d6595d7 wp-block-columns-is-layout-flex\"> <div class=\"wp-block-column is-layout-flow wp-block-column-is-layout-flow\"> <figure class=\"wp-block-image size-large\"><img decoding=\"async\" src=\"https:\/\/charcoalplant.com\/wp-content\/uploads\/2022\/03\/smartphone.png\" alt=\"\" title=\"\"><\/figure>    <p>+86 13838515872<\/p> <\/div>    <div class=\"wp-block-column is-layout-flow wp-block-column-is-layout-flow\"> <figure class=\"wp-block-image size-large\"><img decoding=\"async\" src=\"https:\/\/charcoalplant.com\/wp-content\/uploads\/2022\/03\/email.png\" alt=\"\" title=\"\"><\/figure>    <p>info@gingermachines.com<\/p> <\/div> <\/div> <\/div>    <div class=\"wp-block-column is-layout-flow wp-block-column-is-layout-flow\"> <div class=\"wp-block-columns is-layout-flex wp-container-core-columns-is-layout-9d6595d7 wp-block-columns-is-layout-flex\"> <div class=\"wp-block-column is-layout-flow wp-block-column-is-layout-flow\"> <figure class=\"wp-block-image size-large\"><img decoding=\"async\" src=\"https:\/\/charcoalplant.com\/wp-content\/uploads\/2022\/03\/whatsapp.png\" alt=\"\" title=\"\"><\/figure>    <p>+86 13838515872<\/p> <\/div>    <div class=\"wp-block-column is-layout-flow wp-block-column-is-layout-flow\"> <figure class=\"wp-block-image size-large\"><img decoding=\"async\" src=\"https:\/\/charcoalplant.com\/wp-content\/uploads\/2022\/03\/address.png\" alt=\"\" title=\"\"><\/figure>    <p>Hanghai Road East, Zhengzhou Economic och Technological Development Zone, Zhengzhou stad, Henan, Kina<\/p> <\/div> <\/div> <\/div> <\/div>","protected":false},"excerpt":{"rendered":"<p>Are you looking for reliable &amp; affordable ginger processing machines? Taizy Food Machinery Co., Ltd has specialized in the design, research, manufacturing, and marketing of various food processing machines for over 10 years. Ginger processing machine is one of our featured products. All our machines are designed and produced according to international standards. Besides, we [&hellip;]<\/p>\n","protected":false},"author":1,"featured_media":0,"parent":0,"menu_order":0,"comment_status":"closed","ping_status":"closed","template":"","meta":{"footnotes":""},"class_list":["post-19","page","type-page","status-publish","hentry"],"_links":{"self":[{"href":"https:\/\/gingermachines.com\/sw\/wp-json\/wp\/v2\/pages\/19","targetHints":{"allow":["GET"]}}],"collection":[{"href":"https:\/\/gingermachines.com\/sw\/wp-json\/wp\/v2\/pages"}],"about":[{"href":"https:\/\/gingermachines.com\/sw\/wp-json\/wp\/v2\/types\/page"}],"author":[{"embeddable":true,"href":"https:\/\/gingermachines.com\/sw\/wp-json\/wp\/v2\/users\/1"}],"replies":[{"embeddable":true,"href":"https:\/\/gingermachines.com\/sw\/wp-json\/wp\/v2\/comments?post=19"}],"version-history":[{"count":0,"href":"https:\/\/gingermachines.com\/sw\/wp-json\/wp\/v2\/pages\/19\/revisions"}],"wp:attachment":[{"href":"https:\/\/gingermachines.com\/sw\/wp-json\/wp\/v2\/media?parent=19"}],"curies":[{"name":"wp","href":"https:\/\/api.w.org\/{rel}","templated":true}]}}