{"id":57,"date":"2022-09-09T03:09:50","date_gmt":"2022-09-08T19:09:50","guid":{"rendered":"https:\/\/gingermachines.com\/?post_type=product&#038;p=57"},"modified":"2024-06-17T14:39:26","modified_gmt":"2024-06-17T06:39:26","slug":"ginger-drying-machine","status":"publish","type":"product","link":"https:\/\/gingermachines.com\/pt\/product\/ginger-drying-machine\/","title":{"rendered":"M\u00e1quina de secagem de gengibre"},"content":{"rendered":"<p class=\"translation-block\">A <strong>m\u00e1quina de secagem de gengibre<\/strong> Taizy \u00e9 um tipo de secador de vegetais e frutas. \u00c9 amplamente utilizada para desidratar todos os tipos de frutas e vegetais, como gengibre, alho, fungos, lim\u00e3o, kiwi, anan\u00e1s, etc. O <strong>secador el\u00e9trico de gengibre<\/strong> tem as caracter\u00edsticas de polui\u00e7\u00e3o zero, opera\u00e7\u00e3o f\u00e1cil e economia de energia. <\/p>    <p>O gengibre seco \u00e9 f\u00e1cil de coletar e pode prolongar bastante o tempo de armazenamento. E o valor nutricional do gengibre seco n\u00e3o muda e o sabor poderia ser melhor. Al\u00e9m disso, o gengibre seco \u00e9 a mat\u00e9ria-prima insubstitu\u00edvel do gengibre em p\u00f3.<\/p>   <div class=\"wp-block-image\"> <figure class=\"aligncenter size-full\"><img loading=\"lazy\" decoding=\"async\" width=\"720\" height=\"540\" src=\"https:\/\/gingermachines.com\/wp-content\/uploads\/2022\/09\/ginger-dryer-machine.webp\" alt=\"m\u00e1quina de secar gengibre\" class=\"wp-image-246\" title=\"\" srcset=\"https:\/\/gingermachines.com\/wp-content\/uploads\/2022\/09\/ginger-dryer-machine.webp 720w, https:\/\/gingermachines.com\/wp-content\/uploads\/2022\/09\/ginger-dryer-machine-300x225.webp 300w, https:\/\/gingermachines.com\/wp-content\/uploads\/2022\/09\/ginger-dryer-machine-16x12.webp 16w\" sizes=\"auto, (max-width: 720px) 100vw, 720px\" \/><figcaption class=\"wp-element-caption\">m\u00e1quina de secar gengibre<\/figcaption><\/figure> <\/div>   <p>Portanto, a m\u00e1quina de desidrata\u00e7\u00e3o de gengibre \u00e9 uma parte importante de toda a linha de produ\u00e7\u00e3o de gengibre em p\u00f3. Como fabricante abrangente de m\u00e1quinas para processamento de gengibre, a empresa TAIZY fornece uma linha completa de m\u00e1quinas para processamento de gengibre para o mercado global. Todas as m\u00e1quinas desfrutam de um bom desempenho e do melhor pre\u00e7o.<\/p>    <h2 class=\"wp-block-heading\">Caracter\u00edsticas da m\u00e1quina de secar gengibre <\/h2>    <ol class=\"wp-block-list\" style=\"list-style-type:1\"> <li>O aparelho el\u00e9trico tem as fun\u00e7\u00f5es de ajuste de temperatura, cronometragem do temporizador, controle constante de temperatura, alarme de superaquecimento, ajuste do tempo de desumidifica\u00e7\u00e3o, etc. Uma tela sens\u00edvel ao toque opcional est\u00e1 dispon\u00edvel.<\/li>    <li>Toda a caixa do secador de filme adota uma estrutura totalmente fechada e o ar quente interno \u00e9 reciclado para economizar energia e efici\u00eancia.<\/li>    <li>A fonte de calor para a secagem do gengibre pode ser eletricidade (380V\/50Hz), vapor (0,2~0,8MPa), um forno de ar quente (madeira\/carv\u00e3o\/\u00f3leo\/g\u00e1s), etc.<\/li>    <li>Ventilador de eixo longo resistente a altas temperaturas integrado, circula\u00e7\u00e3o for\u00e7ada de ar quente, reduzindo significativamente a perda de calor no processo de circula\u00e7\u00e3o.<\/li>    <li>O gabinete do secador de gengibre \u00e9 equipado com uma placa de distribui\u00e7\u00e3o de ar ajust\u00e1vel, que pode ajustar o tamanho do v\u00e3o para cima e para baixo para controlar o fluxo de ar e tornar a temperatura dentro da caixa mais uniforme.<\/li>    <li>Espessura da camada de isolamento de 80 ~ 200 mm, usando l\u00e3 de rocha de alta densidade ou l\u00e3 de fibra de aluminossilicato ultrafina para reduzir ainda mais a perda de calor.<\/li> <\/ol>    <figure class=\"wp-block-image size-full\"><img loading=\"lazy\" decoding=\"async\" width=\"720\" height=\"540\" src=\"https:\/\/gingermachines.com\/wp-content\/uploads\/2022\/09\/ginger-dryer-machine.jpg\" alt=\"m\u00e1quina de secar gengibre\" class=\"wp-image-89\" title=\"\" srcset=\"https:\/\/gingermachines.com\/wp-content\/uploads\/2022\/09\/ginger-dryer-machine.jpg 720w, https:\/\/gingermachines.com\/wp-content\/uploads\/2022\/09\/ginger-dryer-machine-300x225.jpg 300w\" sizes=\"auto, (max-width: 720px) 100vw, 720px\" \/><figcaption class=\"wp-element-caption\">M\u00e1quina de secar gengibre<\/figcaption><\/figure>    <h2 class=\"wp-block-heading\">Par\u00e2metros da m\u00e1quina secadora de gengibre TAIZY <\/h2>    <figure class=\"wp-block-table\"><table><tbody><tr><td>Modelo<\/td><td>Tamanho (C*L*A) (mm)<\/td><td>N\u00famero do carro de secagem<\/td><td>Capacidade (kg\/vezes)<\/td><\/tr><tr><td>SL-2<\/td><td>4000*1 600*25000<\/td><td>2<\/td><td>600<\/td><\/tr><tr><td>SL-4<\/td><td>6000*1 600*2500<\/td><td>4<\/td><td>1200<\/td><\/tr><tr><td>SL-6<\/td><td>7200*2300*2500<\/td><td>6<\/td><td>1800<\/td><\/tr><tr><td>SL-8<\/td><td>8800*2300*2500<\/td><td>8<\/td><td>2400<\/td><\/tr><tr><td>SL-10<\/td><td>10000*2300*2500<\/td><td>10<\/td><td>3000<\/td><\/tr><tr><td>SL-12<\/td><td>10500*3300*2500<\/td><td>12<\/td><td>3600<\/td><\/tr><tr><td>SL-14<\/td><td>11000*3300*2500<\/td><td>14<\/td><td>4200<\/td><\/tr><tr><td>SL-16<\/td><td>11500*3300*2500<\/td><td>16<\/td><td>4800<\/td><\/tr><tr><td>SL-18<\/td><td>12500*3300*2500<\/td><td>18<\/td><td>5400<\/td><\/tr><tr><td>SL-20<\/td><td>13500*3300*2500<\/td><td>20<\/td><td>6000<\/td><\/tr><tr><td>SL-22<\/td><td>14500*3300*2500<\/td><td>22<\/td><td>6600<\/td><\/tr><tr><td>SL-24<\/td><td>15500*3300*2800<\/td><td>24<\/td><td>7200<\/td><\/tr><\/tbody><\/table><figcaption class=\"wp-element-caption\">modelos de m\u00e1quina de secar para gengibre<\/figcaption><\/figure>    <p>Como voc\u00ea pode ver no gr\u00e1fico, temos mais de dez modelos de m\u00e1quinas de desidrata\u00e7\u00e3o de gengibre \u00e0 venda. A produ\u00e7\u00e3o est\u00e1 em ordem de pequeno a grande. Portanto, esta m\u00e1quina pode atender a diferentes tipos de necessidades de secagem.<\/p>    <figure class=\"wp-block-image size-full\"><img loading=\"lazy\" decoding=\"async\" width=\"720\" height=\"540\" src=\"https:\/\/gingermachines.com\/wp-content\/uploads\/2022\/09\/large-scale-ginger-dryer.webp\" alt=\"secador de gengibre em grande escala\" class=\"wp-image-244\" title=\"\" srcset=\"https:\/\/gingermachines.com\/wp-content\/uploads\/2022\/09\/large-scale-ginger-dryer.webp 720w, https:\/\/gingermachines.com\/wp-content\/uploads\/2022\/09\/large-scale-ginger-dryer-300x225.webp 300w, https:\/\/gingermachines.com\/wp-content\/uploads\/2022\/09\/large-scale-ginger-dryer-16x12.webp 16w\" sizes=\"auto, (max-width: 720px) 100vw, 720px\" \/><figcaption class=\"wp-element-caption\">Secador de gengibre em grande escala<\/figcaption><\/figure>    <h2 class=\"wp-block-heading\">Ampla gama de aplica\u00e7\u00f5es de equipamentos secadores de gengibre<\/h2>    <p>Esta m\u00e1quina de secar gengibre tem uma ampla gama de aplica\u00e7\u00f5es. \u00c9 adequado para secar v\u00e1rios vegetais e frutas.<\/p>    <p class=\"translation-block\"><strong>Vegetais:<\/strong> gengibre, rodelas de pepino, rodelas de pepino amargo, fungos brancos, fungos pretos, pimenta vermelha, beringela, feij\u00e3o verde, feij\u00e3o, lentilhas, rodelas de fruta seca, pimenta, cogumelo, etc.<\/p>    <p class=\"translation-block\"><strong>Fruta:<\/strong> mangas, ma\u00e7\u00e3s, am\u00eandoas, t\u00e2maras, pitaya, morangos, rodelas de espinheiro, cerejas, kiwis, ab\u00f3boras, bananas, <a href=\"http:\/\/longan\">longans<\/a>, p\u00eassegos, diospiros, etc. \u00a0<\/p>    <figure class=\"wp-block-image size-full\"><img loading=\"lazy\" decoding=\"async\" width=\"720\" height=\"540\" src=\"https:\/\/gingermachines.com\/wp-content\/uploads\/2022\/09\/widely-application.webp\" alt=\"amplamente aplica\u00e7\u00e3o\" class=\"wp-image-245\" title=\"\" srcset=\"https:\/\/gingermachines.com\/wp-content\/uploads\/2022\/09\/widely-application.webp 720w, https:\/\/gingermachines.com\/wp-content\/uploads\/2022\/09\/widely-application-300x225.webp 300w, https:\/\/gingermachines.com\/wp-content\/uploads\/2022\/09\/widely-application-16x12.webp 16w\" sizes=\"auto, (max-width: 720px) 100vw, 720px\" \/><figcaption class=\"wp-element-caption\">Ampla aplica\u00e7\u00e3o<\/figcaption><\/figure>    <h2 class=\"wp-block-heading\">Detalhes da estrutura desta m\u00e1quina de secar gengibre<\/h2>    <p>Esta m\u00e1quina de secar gengibre tem uma estrutura simples e design razo\u00e1vel, \u00e9 f\u00e1cil de operar. E consiste principalmente em um carrinho, ventilador de circula\u00e7\u00e3o, calor de energia do ar, painel de controle inteligente, caixa, ventilador de tiragem induzida, bandeja de a\u00e7o inoxid\u00e1vel, componentes el\u00e9tricos e exaustor. Todas as m\u00e1quinas utilizam estrutura de a\u00e7o inoxid\u00e1vel, dur\u00e1vel e de qualidade alimentar. Al\u00e9m disso, a m\u00e1quina adotou tecnologia avan\u00e7ada e pe\u00e7as de marca. Al\u00e9m disso, contamos com pessoal extremamente qualificado para garantir alta qualidade e bom desempenho.<\/p>    <figure class=\"wp-block-image size-full\"><img loading=\"lazy\" decoding=\"async\" width=\"720\" height=\"540\" src=\"https:\/\/gingermachines.com\/wp-content\/uploads\/2022\/09\/vegetable-drying-machine.jpg\" alt=\"m\u00e1quina de secar vegetais\" class=\"wp-image-87\" title=\"\" srcset=\"https:\/\/gingermachines.com\/wp-content\/uploads\/2022\/09\/vegetable-drying-machine.jpg 720w, https:\/\/gingermachines.com\/wp-content\/uploads\/2022\/09\/vegetable-drying-machine-300x225.jpg 300w\" sizes=\"auto, (max-width: 720px) 100vw, 720px\" \/><figcaption class=\"wp-element-caption\">M\u00e1quina de secagem de vegetais e frutas<\/figcaption><\/figure>    <h2 class=\"wp-block-heading\">Entre em contato conosco para obter o melhor pre\u00e7o<\/h2>    <p class=\"translation-block\">A m\u00e1quina de secagem de gengibre \u00e9 um dos nossos produtos mais populares. Al\u00e9m disso, existem muitas outras <a href=\"https:\/\/gingermachines.com\/pt\/products\/products\/\">m\u00e1quinas de gengibre<\/a> dispon\u00edveis na f\u00e1brica Taizy, como m\u00e1quina de lavar gengibre, m\u00e1quina de descascar gengibre, <a href=\"https:\/\/gingermachines.com\/pt\/product\/ginger-grinding-machine\/\">m\u00e1quina de moer gengibre<\/a> e <a href=\"https:\/\/gingermachines.com\/pt\/product\/ginger-powder-processing-line\/\">m\u00e1quina de fazer p\u00f3 de gengibre<\/a>. Todo o nosso equipamento goza de bom pre\u00e7o e desempenho est\u00e1vel. Bem-vindo a entrar em contato connosco para mais informa\u00e7\u00f5es \u00fateis.<\/p>    <figure class=\"wp-block-image size-full\"><img loading=\"lazy\" decoding=\"async\" width=\"720\" height=\"540\" src=\"https:\/\/gingermachines.com\/wp-content\/uploads\/2022\/09\/customer-feedback.jpg\" alt=\"feedback do cliente\" class=\"wp-image-91\" title=\"\" srcset=\"https:\/\/gingermachines.com\/wp-content\/uploads\/2022\/09\/customer-feedback.jpg 720w, https:\/\/gingermachines.com\/wp-content\/uploads\/2022\/09\/customer-feedback-300x225.jpg 300w\" sizes=\"auto, (max-width: 720px) 100vw, 720px\" \/><figcaption class=\"wp-element-caption\">Feedback do cliente<\/figcaption><\/figure>","protected":false},"excerpt":{"rendered":"<p>A m\u00e1quina de secar gengibre \u00e9 uma esp\u00e9cie de secador de vegetais e frutas. \u00c9 amplamente utilizado para desidratar gengibre, alho, fungo, lim\u00e3o, kiwi, abacaxi, etc.<\/p>","protected":false},"author":1,"featured_media":81,"parent":0,"template":"","tags":[8],"product-type":[6],"class_list":["post-57","product","type-product","status-publish","has-post-thumbnail","hentry","tag-ginger-processing-machine","product-type-products"],"_links":{"self":[{"href":"https:\/\/gingermachines.com\/pt\/wp-json\/wp\/v2\/product\/57","targetHints":{"allow":["GET"]}}],"collection":[{"href":"https:\/\/gingermachines.com\/pt\/wp-json\/wp\/v2\/product"}],"about":[{"href":"https:\/\/gingermachines.com\/pt\/wp-json\/wp\/v2\/types\/product"}],"author":[{"embeddable":true,"href":"https:\/\/gingermachines.com\/pt\/wp-json\/wp\/v2\/users\/1"}],"wp:featuredmedia":[{"embeddable":true,"href":"https:\/\/gingermachines.com\/pt\/wp-json\/wp\/v2\/media\/81"}],"wp:attachment":[{"href":"https:\/\/gingermachines.com\/pt\/wp-json\/wp\/v2\/media?parent=57"}],"wp:term":[{"taxonomy":"post_tag","embeddable":true,"href":"https:\/\/gingermachines.com\/pt\/wp-json\/wp\/v2\/tags?post=57"},{"taxonomy":"product-type","embeddable":true,"href":"https:\/\/gingermachines.com\/pt\/wp-json\/wp\/v2\/product-type?post=57"}],"curies":[{"name":"wp","href":"https:\/\/api.w.org\/{rel}","templated":true}]}}