{"id":54,"date":"2022-09-08T03:31:51","date_gmt":"2022-09-07T19:31:51","guid":{"rendered":"https:\/\/gingermachines.com\/?post_type=product&#038;p=54"},"modified":"2024-06-26T15:01:19","modified_gmt":"2024-06-26T07:01:19","slug":"ginger-powder-processing-line","status":"publish","type":"product","link":"https:\/\/gingermachines.com\/pt\/product\/ginger-powder-processing-line\/","title":{"rendered":"Linha de processamento de gengibre em p\u00f3"},"content":{"rendered":"<p class=\"translation-block\">A<strong> linha de processamento de p\u00f3 de gengibre<\/strong> combina v\u00e1rias m\u00e1quinas de gengibre que processam gengibre original em excelente p\u00f3 de gengibre. Ela cont\u00e9m uma m\u00e1quina de lavar gengibre, m\u00e1quina de descascar gengibre, cortadora de gengibre, m\u00e1quina de secar gengibre, moedor de gengibre e m\u00e1quina de embalagem de p\u00f3 de gengibre. O p\u00f3 de gengibre \u00e9 popular em muitas \u00e1reas e tem enormes benef\u00edcios para a sa\u00fade humana. Portanto, o neg\u00f3cio de gengibre \u00e9 uma boa escolha com um pequeno investimento e um grande retorno.<\/p>    <figure class=\"wp-block-embed is-type-video is-provider-youtube wp-block-embed-youtube wp-embed-aspect-16-9 wp-has-aspect-ratio\"><div class=\"wp-block-embed__wrapper\"> <iframe loading=\"lazy\" title=\"V\u00eddeo 3D da produ\u00e7\u00e3o de gengibre em p\u00f3 | Processo de produ\u00e7\u00e3o de gengibre\" width=\"500\" height=\"281\" src=\"https:\/\/www.youtube.com\/embed\/xzqc88xIw-4?feature=oembed\" frameborder=\"0\" allow=\"accelerometer; autoplay; clipboard-write; encrypted-media; gyroscope; picture-in-picture; web-share\" referrerpolicy=\"strict-origin-when-cross-origin\" allowfullscreen><\/iframe> <\/div><figcaption class=\"wp-element-caption\">processo de fabrica\u00e7\u00e3o de p\u00f3 de gengibre<\/figcaption><\/figure>    <p>As m\u00e1quinas de gengibre TAIZY desfrutam de uma estrutura simples, estrutura de a\u00e7o inoxid\u00e1vel e pe\u00e7as de qualidade. Al\u00e9m disso, oferecemos poderosos servi\u00e7os personalizados para atender \u00e0s necessidades de diferentes f\u00e1bricas de processamento de alimentos, restaurantes, hot\u00e9is, etc. Se voc\u00ea deseja iniciar seu neg\u00f3cio de gengibre, entre em contato conosco para obter mais informa\u00e7\u00f5es \u00fateis para beneficiar seu projeto.<\/p>    <figure class=\"wp-block-image size-full\"><img loading=\"lazy\" decoding=\"async\" width=\"1024\" height=\"512\" src=\"https:\/\/gingermachines.com\/wp-content\/uploads\/2022\/09\/automatic-ginger-powder-production-line.jpg\" alt=\"linha de produ\u00e7\u00e3o autom\u00e1tica de gengibre em p\u00f3\" class=\"wp-image-95\" title=\"\" srcset=\"https:\/\/gingermachines.com\/wp-content\/uploads\/2022\/09\/automatic-ginger-powder-production-line.jpg 1024w, https:\/\/gingermachines.com\/wp-content\/uploads\/2022\/09\/automatic-ginger-powder-production-line-300x150.jpg 300w, https:\/\/gingermachines.com\/wp-content\/uploads\/2022\/09\/automatic-ginger-powder-production-line-768x384.jpg 768w\" sizes=\"auto, (max-width: 1024px) 100vw, 1024px\" \/><figcaption class=\"wp-element-caption\">Linha de produ\u00e7\u00e3o autom\u00e1tica de gengibre em p\u00f3<\/figcaption><\/figure>    <h2 class=\"wp-block-heading\">Benef\u00edcios da linha de produ\u00e7\u00e3o de gengibre em p\u00f3<\/h2>    <ol class=\"wp-block-list\" style=\"list-style-type:1\"> <li>Linha de processamento de p\u00f3 de gengibre dosagem \u00fanica de fatia de gengibre, menos capital, o equipamento em si tem bom desempenho de isolamento e baixo consumo de energia.<\/li>    <li>Estrutura compacta, f\u00e1cil de operar, confi\u00e1vel no uso, f\u00e1cil de desmontar e instalar. Instala\u00e7\u00e3o simples, desde que haja abrigo do vento e da chuva pode ser instalado e utilizado.<\/li>    <li>Limpo, potente, grande volume de ar, ar quente, secagem r\u00e1pida, simulando o princ\u00edpio da secagem natural ao ar, fatias de gengibre\/gengibre em p\u00f3, cor natural, sabor natural para manter o bom.<\/li>    <li>Todas as m\u00e1quinas de processamento de gengibre em p\u00f3 s\u00e3o feitas de materiais de qualidade alimentar com estruturas est\u00e1veis.<\/li>    <li>Alta efici\u00eancia. A efici\u00eancia de secagem das fatias de gengibre \u00e9 v\u00e1rias vezes maior do que a de v\u00e1rios fornos com bomba de calor com fonte de calor e energia a\u00e9rea. Reduz muito o tempo de secagem das fatias de gengibre e reduz o capital do equipamento e os custos de m\u00e3o de obra.<\/li>    <li>A m\u00e1quina de processamento de gengibre em p\u00f3 tem uma variedade de sa\u00eddas para escolher, com m\u00e1quinas semiautom\u00e1ticas e totalmente autom\u00e1ticas. A produ\u00e7\u00e3o b\u00e1sica desta linha de produ\u00e7\u00e3o de gengibre em p\u00f3 \u00e9 de 500kg\/h-1t\/h. Claro, podemos personalizar a produ\u00e7\u00e3o desta linha de processamento de acordo com os requisitos de produ\u00e7\u00e3o de nossos clientes.<\/li> <\/ol>    <h2 class=\"wp-block-heading\">Dados t\u00e9cnicos da linha de processamento de p\u00f3 de gengibre TAIZY<\/h2>    <figure class=\"wp-block-table\"><table><tbody><tr><td>Nome da maquina<\/td><td>Poder<\/td><td>Tens\u00e3o<\/td><td>Dimens\u00e3o<\/td><\/tr><tr><td>M\u00e1quina de descascar gengibre<\/td><td>1,5 kW<\/td><td>380V50Hz<\/td><td>1580*850*800mm<\/td><\/tr><tr><td>M\u00e1quina de fatiar gengibre<\/td><td>1,1 kW<\/td><td>380V50Hz<\/td><td>690*560*880mm<\/td><\/tr><tr><td>M\u00e1quina de secagem de gengibre<\/td><td>12,45 kW<\/td><td>380V50Hz<\/td><td>1500*1200*2200mm<\/td><\/tr><tr><td>M\u00e1quina de moer gengibre em p\u00f3<\/td><td>7,5 kW<\/td><td>380V50Hz<\/td><td>700*600*1450mm<\/td><\/tr><tr><td>M\u00e1quina de embalagem de energia de gengibre<\/td><td>1 kW<\/td><td>380V50Hz<\/td><td>1000*900*1850mm<\/td><\/tr><\/tbody><\/table><figcaption class=\"wp-element-caption\">m\u00e1quina de fazer p\u00f3 de gengibre<\/figcaption><\/figure>    <p>Estes s\u00e3o os par\u00e2metros das m\u00e1quinas individuais inclu\u00eddas no equipamento de fabrica\u00e7\u00e3o de p\u00f3 de gengibre. Voc\u00ea pode ter uma ideia clara sobre as dimens\u00f5es de cada m\u00e1quina. Isso pode ser f\u00e1cil para voc\u00ea determinar o tamanho de uma planta de processamento de gengibre.<\/p>    <h2 class=\"wp-block-heading\">Fluxograma da linha de fabrica\u00e7\u00e3o de p\u00f3 de gengibre<\/h2>    <p>A linha de processamento de gengibre em p\u00f3 cont\u00e9m v\u00e1rias m\u00e1quinas de gengibre, que podem transformar o gengibre original em excelente p\u00f3 de gengibre. O processo de produ\u00e7\u00e3o de p\u00f3 de gengibre Taizy inclui:<\/p>    <p class=\"translation-block\"><strong>Limpeza de gengibre \u2192 descascamento de gengibre \u2192 corte de gengibre \u2192 secagem de fatias de gengibre \u2192 moagem de fatias de gengibre secas \u2192 embalagem de p\u00f3 de gengibre.<\/strong><\/p>    <figure class=\"wp-block-image size-full\"><img loading=\"lazy\" decoding=\"async\" width=\"720\" height=\"540\" src=\"https:\/\/gingermachines.com\/wp-content\/uploads\/2022\/09\/ginger-powder-production-line-flow-chart.jpg\" alt=\"fluxograma da linha de produ\u00e7\u00e3o de p\u00f3 de gengibre\" class=\"wp-image-98\" title=\"\" srcset=\"https:\/\/gingermachines.com\/wp-content\/uploads\/2022\/09\/ginger-powder-production-line-flow-chart.jpg 720w, https:\/\/gingermachines.com\/wp-content\/uploads\/2022\/09\/ginger-powder-production-line-flow-chart-300x225.jpg 300w\" sizes=\"auto, (max-width: 720px) 100vw, 720px\" \/><figcaption class=\"wp-element-caption\">Fluxograma da linha de produ\u00e7\u00e3o de gengibre em p\u00f3<\/figcaption><\/figure>    <h2 class=\"wp-block-heading\">Detalhes da m\u00e1quina da linha de produ\u00e7\u00e3o de gengibre em p\u00f3<\/h2>    <p>A linha de produ\u00e7\u00e3o de gengibre em p\u00f3 \u00e9 uma planta integrada de diversas m\u00e1quinas. Ent\u00e3o, quais m\u00e1quinas s\u00e3o usadas na linha de produ\u00e7\u00e3o de gengibre em p\u00f3? Os detalhes s\u00e3o os seguintes:<\/p>    <div class=\"wp-block-columns has-black-color has-white-background-color has-text-color has-background is-layout-flex wp-container-core-columns-is-layout-9d6595d7 wp-block-columns-is-layout-flex\"> <div class=\"wp-block-column is-vertically-aligned-center is-layout-flow wp-block-column-is-layout-flow\"> <p class=\"translation-block\"><strong><a href=\"https:\/\/gingermachines.com\/pt\/product\/ginger-washing-machine\/\">M\u00e1quina de lavar e descascar gengibre<\/a>:<\/strong> A m\u00e1quina comercial de limpeza e descascamento de gengibre \u00e9 um tipo de m\u00e1quina de lavar com escova. A m\u00e1quina realiza principalmente a fun\u00e7\u00e3o de lavar e descascar atrav\u00e9s do atrito entre a escova e o gengibre. Ao descascar, a m\u00e1quina tamb\u00e9m est\u00e1 conectada a um tubo de \u00e1gua para pulverizar \u00e1gua. Portanto, ap\u00f3s o descascamento, a casca do gengibre pode ser limpa com um spray de \u00e1gua em alta press\u00e3o.<\/p> <\/div>    <div class=\"wp-block-column is-layout-flow wp-block-column-is-layout-flow\"> <figure class=\"wp-block-image size-full\"><img loading=\"lazy\" decoding=\"async\" width=\"720\" height=\"540\" src=\"https:\/\/gingermachines.com\/wp-content\/uploads\/2022\/09\/ginger-washing-machine.jpg\" alt=\"m\u00e1quina de lavar gengibre\" class=\"wp-image-70\" title=\"\" srcset=\"https:\/\/gingermachines.com\/wp-content\/uploads\/2022\/09\/ginger-washing-machine.jpg 720w, https:\/\/gingermachines.com\/wp-content\/uploads\/2022\/09\/ginger-washing-machine-300x225.jpg 300w\" sizes=\"auto, (max-width: 720px) 100vw, 720px\" \/><figcaption class=\"wp-element-caption\">M\u00e1quina de lavar gengibre<\/figcaption><\/figure> <\/div> <\/div>    <div class=\"wp-block-columns has-white-background-color has-background is-layout-flex wp-container-core-columns-is-layout-9d6595d7 wp-block-columns-is-layout-flex\"> <div class=\"wp-block-column is-layout-flow wp-block-column-is-layout-flow\"> <figure class=\"wp-block-image size-full\"><img loading=\"lazy\" decoding=\"async\" width=\"720\" height=\"540\" src=\"https:\/\/gingermachines.com\/wp-content\/uploads\/2022\/09\/ginger-slicing-machine.jpg\" alt=\"m\u00e1quina de fatiar gengibre\" class=\"wp-image-64\" title=\"\" srcset=\"https:\/\/gingermachines.com\/wp-content\/uploads\/2022\/09\/ginger-slicing-machine.jpg 720w, https:\/\/gingermachines.com\/wp-content\/uploads\/2022\/09\/ginger-slicing-machine-300x225.jpg 300w\" sizes=\"auto, (max-width: 720px) 100vw, 720px\" \/><figcaption class=\"wp-element-caption\">M\u00e1quina de fatiar gengibre<\/figcaption><\/figure> <\/div>    <div class=\"wp-block-column is-vertically-aligned-center is-layout-flow wp-block-column-is-layout-flow\"> <p class=\"translation-block\"><strong><a href=\"https:\/\/gingermachines.com\/pt\/product\/ginger-slicing-machine\/\">M\u00e1quina de cortar gengibre:<\/a><\/strong> O gengibre lavado e descascado \u00e9 rapidamente cortado com uma cortadora de gengibre profissional. A espessura das fatias \u00e9 de cerca de 3 mm para alcan\u00e7ar o efeito ideal de secagem. A secagem ao ar \u00e9 necess\u00e1ria ap\u00f3s o corte para remover rapidamente o excesso de \u00e1gua da superf\u00edcie das fatias de gengibre.<\/p> <\/div> <\/div>    <div class=\"wp-block-columns has-white-background-color has-background is-layout-flex wp-container-core-columns-is-layout-9d6595d7 wp-block-columns-is-layout-flex\"> <div class=\"wp-block-column is-vertically-aligned-center is-layout-flow wp-block-column-is-layout-flow\"> <p class=\"translation-block\"><strong><a href=\"https:\/\/gingermachines.com\/pt\/product\/ginger-drying-machine\/\">M\u00e1quina de secar gengibre<\/a>:<\/strong> O secador \u00e9 principalmente aplic\u00e1vel \u00e0 desidrata\u00e7\u00e3o de fatias de gengibre. O secador de fatias de gengibre n\u00e3o \u00e9 apenas adequado para a linha de produ\u00e7\u00e3o de p\u00f3 de gengibre, mas tamb\u00e9m amplamente utilizado para secar frutas, vegetais, ervas medicinais e outros produtos. E a m\u00e1quina \u00e9 muito inteligente, ela utiliza um painel de controle inteligente para controlar todo o processo de secagem. O secador de fatias de gengibre pode adotar v\u00e1rios m\u00e9todos de aquecimento, como eletricidade e vapor. E existem muitos modelos, que podem atender \u00e0s necessidades de clientes com diferentes especifica\u00e7\u00f5es.<\/p> <\/div>    <div class=\"wp-block-column is-layout-flow wp-block-column-is-layout-flow\"> <figure class=\"wp-block-image size-full\"><img loading=\"lazy\" decoding=\"async\" width=\"720\" height=\"540\" src=\"https:\/\/gingermachines.com\/wp-content\/uploads\/2022\/09\/ginger-slice-drying-machine.jpg\" alt=\"m\u00e1quina de secar fatias de gengibre\" class=\"wp-image-81\" title=\"\" srcset=\"https:\/\/gingermachines.com\/wp-content\/uploads\/2022\/09\/ginger-slice-drying-machine.jpg 720w, https:\/\/gingermachines.com\/wp-content\/uploads\/2022\/09\/ginger-slice-drying-machine-300x225.jpg 300w\" sizes=\"auto, (max-width: 720px) 100vw, 720px\" \/><figcaption class=\"wp-element-caption\">M\u00e1quina de secar fatias de gengibre<\/figcaption><\/figure> <\/div> <\/div>    <div class=\"wp-block-columns has-white-background-color has-background is-layout-flex wp-container-core-columns-is-layout-9d6595d7 wp-block-columns-is-layout-flex\"> <div class=\"wp-block-column is-layout-flow wp-block-column-is-layout-flow\"> <figure class=\"wp-block-image size-full\"><img loading=\"lazy\" decoding=\"async\" width=\"720\" height=\"540\" src=\"https:\/\/gingermachines.com\/wp-content\/uploads\/2022\/09\/ginger-grinding-machine.jpg\" alt=\"m\u00e1quina de moer gengibre\" class=\"wp-image-78\" title=\"\" srcset=\"https:\/\/gingermachines.com\/wp-content\/uploads\/2022\/09\/ginger-grinding-machine.jpg 720w, https:\/\/gingermachines.com\/wp-content\/uploads\/2022\/09\/ginger-grinding-machine-300x225.jpg 300w\" sizes=\"auto, (max-width: 720px) 100vw, 720px\" \/><figcaption class=\"wp-element-caption\">M\u00e1quina de moer gengibre<\/figcaption><\/figure> <\/div>    <div class=\"wp-block-column is-vertically-aligned-center is-layout-flow wp-block-column-is-layout-flow\"> <p class=\"translation-block\"><strong><a href=\"https:\/\/gingermachines.com\/pt\/product\/ginger-grinding-machine\/\">M\u00e1quina de moer gengibre<\/a>:<\/strong> As fatias de gengibre secas entram na c\u00e2mara de britagem atrav\u00e9s do dispositivo de transporte para serem trituradas e pulverizadas. Diferentes telas de malha podem ser configuradas de acordo com os requisitos do cliente para a finura do p\u00f3 de gengibre.<\/p> <\/div> <\/div>    <div class=\"wp-block-columns has-white-background-color has-background is-layout-flex wp-container-core-columns-is-layout-9d6595d7 wp-block-columns-is-layout-flex\"> <div class=\"wp-block-column is-vertically-aligned-center is-layout-flow wp-block-column-is-layout-flow\"> <p class=\"translation-block\"><strong><a href=\"https:\/\/tianhuipackingmachine.com\/powder-packing-machine\/\" target=\"_blank\" rel=\"noopener\">M\u00e1quina de embalagem de p\u00f3 de gengibre<\/a>:<\/strong> Ap\u00f3s o gengibre ser mo\u00eddo em p\u00f3, diferentes m\u00e1quinas de embalagem de p\u00f3 de gengibre s\u00e3o configuradas pelos clientes de acordo com a forma de embalagem do p\u00f3 de gengibre para atender \u00e0s diversas necessidades dos clientes. &nbsp;<\/p> <\/div>    <div class=\"wp-block-column is-layout-flow wp-block-column-is-layout-flow\"> <figure class=\"wp-block-image size-full\"><img loading=\"lazy\" decoding=\"async\" width=\"720\" height=\"540\" src=\"https:\/\/gingermachines.com\/wp-content\/uploads\/2022\/09\/small-automatic-powder-packing-machine.jpg\" alt=\"pequena m\u00e1quina autom\u00e1tica de embalagem de p\u00f3\" class=\"wp-image-118\" title=\"\" srcset=\"https:\/\/gingermachines.com\/wp-content\/uploads\/2022\/09\/small-automatic-powder-packing-machine.jpg 720w, https:\/\/gingermachines.com\/wp-content\/uploads\/2022\/09\/small-automatic-powder-packing-machine-300x225.jpg 300w\" sizes=\"auto, (max-width: 720px) 100vw, 720px\" \/><figcaption class=\"wp-element-caption\">Pequena m\u00e1quina autom\u00e1tica de embalagem de p\u00f3<\/figcaption><\/figure> <\/div> <\/div>    <h2 class=\"wp-block-heading\">Contate-nos<\/h2>    <p>Como fabricante profissional de linha de produ\u00e7\u00e3o de p\u00f3 de gengibre, podemos personalizar a m\u00e1quina para atender \u00e0s suas necessidades. Quer se trate de uma linha de produ\u00e7\u00e3o semiautom\u00e1tica ou de uma linha de produ\u00e7\u00e3o totalmente autom\u00e1tica, podemos fornecer todos eles. O que voc\u00ea est\u00e1 esperando, corra e entre em contato conosco.<\/p>","protected":false},"excerpt":{"rendered":"<p>A linha de processamento de gengibre em p\u00f3 combina v\u00e1rias m\u00e1quinas de gengibre que processam o gengibre original em excelente p\u00f3 de gengibre. Contate-nos para obter o melhor pre\u00e7o. <\/p>","protected":false},"author":1,"featured_media":97,"parent":0,"template":"","tags":[8],"product-type":[7],"class_list":["post-54","product","type-product","status-publish","has-post-thumbnail","hentry","tag-ginger-processing-machine","product-type-ginger-processing-line"],"_links":{"self":[{"href":"https:\/\/gingermachines.com\/pt\/wp-json\/wp\/v2\/product\/54","targetHints":{"allow":["GET"]}}],"collection":[{"href":"https:\/\/gingermachines.com\/pt\/wp-json\/wp\/v2\/product"}],"about":[{"href":"https:\/\/gingermachines.com\/pt\/wp-json\/wp\/v2\/types\/product"}],"author":[{"embeddable":true,"href":"https:\/\/gingermachines.com\/pt\/wp-json\/wp\/v2\/users\/1"}],"wp:featuredmedia":[{"embeddable":true,"href":"https:\/\/gingermachines.com\/pt\/wp-json\/wp\/v2\/media\/97"}],"wp:attachment":[{"href":"https:\/\/gingermachines.com\/pt\/wp-json\/wp\/v2\/media?parent=54"}],"wp:term":[{"taxonomy":"post_tag","embeddable":true,"href":"https:\/\/gingermachines.com\/pt\/wp-json\/wp\/v2\/tags?post=54"},{"taxonomy":"product-type","embeddable":true,"href":"https:\/\/gingermachines.com\/pt\/wp-json\/wp\/v2\/product-type?post=54"}],"curies":[{"name":"wp","href":"https:\/\/api.w.org\/{rel}","templated":true}]}}