{"id":466,"date":"2026-04-28T13:38:00","date_gmt":"2026-04-28T05:38:00","guid":{"rendered":"https:\/\/gingermachines.com\/?post_type=product&#038;p=466"},"modified":"2026-04-28T13:38:00","modified_gmt":"2026-04-28T05:38:00","slug":"garlic-root-and-stem-cutting-machine","status":"publish","type":"product","link":"https:\/\/gingermachines.com\/pt\/product\/garlic-root-and-stem-cutting-machine\/","title":{"rendered":"M\u00e1quina de corte de raiz e haste de alho"},"content":{"rendered":"<p class=\"translation-block\">Taizy <strong>m\u00e1quina de corte de raiz e haste de alho<\/strong> \u00e9 especialmente projetada para aparar alho fresco; pode cortar r\u00e1pida e precisamente as ra\u00edzes e o pesco\u00e7o do bulbo de alho, garantindo que o bulbo permane\u00e7a intacto e com uma apar\u00eancia limpa e uniforme.<\/p>    <p>Com mecanismo de alimenta\u00e7\u00e3o manual combinado com um conjunto de l\u00e2minas rotativas de alta velocidade, a m\u00e1quina possui uma capacidade de processamento de 8.000 a 10.000 cabe\u00e7as de alho por hora. Equilibra eficazmente alta efici\u00eancia operacional com precis\u00e3o de processamento. Esta m\u00e1quina de corte de raiz e haste de alho \u00e9 ideal para opera\u00e7\u00f5es de processamento de alho de pequena a m\u00e9dia escala.<\/p>    <h2 class=\"wp-block-heading\"><strong>Por que escolher esta cortadora de raiz e haste de alho?<\/strong><\/h2>    <ul class=\"wp-block-list\"> <li><strong>Alta efici\u00eancia<\/strong>: Esta m\u00e1quina de corte de haste de alho aumenta significativamente a velocidade de processamento atrav\u00e9s de corte mec\u00e2nico est\u00e1vel. Durante a opera\u00e7\u00e3o cont\u00ednua, pode reduzir substancialmente o ciclo de processamento total.<\/li>    <li><strong>Corte preciso<\/strong>: O disco de corte rotativo funciona em conjunto com uma l\u00e2mina fixa para fornecer cortes limpos e n\u00edtidos, permitindo controle flex\u00edvel sobre o comprimento desejado do restante do caule.<\/li>    <li><strong>Eficiente em energia<\/strong>: A m\u00e1quina de corte de raiz de alho requer apenas 160w de pot\u00eancia para operar; em compara\u00e7\u00e3o com m\u00e1quinas maiores, consome significativamente menos eletricidade, reduzindo efetivamente os custos de produ\u00e7\u00e3o a longo prazo.<\/li>    <li><strong>Estrutura compacta<\/strong>: A m\u00e1quina de corte de raiz e haste de alho Taizy possui uma pegada compacta e \u00e9 f\u00e1cil de transportar. \u00c9 adequada para uso n\u00e3o s\u00f3 em ambientes de oficina, mas tamb\u00e9m pode ser facilmente movida diretamente para o campo para processamento no local.<\/li>    <li><strong>Longa vida \u00fatil<\/strong>: O corpo da nossa m\u00e1quina de corte de haste de alho \u00e9 feito de a\u00e7o inox SUS304, oferecendo excelente resist\u00eancia \u00e0 corros\u00e3o e facilidade de limpeza. Al\u00e9m disso, est\u00e1 equipada com prote\u00e7\u00f5es de seguran\u00e7a para garantir uma opera\u00e7\u00e3o segura.<\/li> <\/ul>    <figure class=\"wp-block-gallery has-nested-images columns-default is-cropped wp-block-gallery-2 is-layout-flex wp-block-gallery-is-layout-flex\"> <figure class=\"wp-block-image size-large\"><img loading=\"lazy\" decoding=\"async\" width=\"720\" height=\"540\" data-id=\"469\" src=\"https:\/\/gingermachines.com\/wp-content\/uploads\/2026\/04\/garlic-root-and-stem-cutting-machine.webp\" alt=\"M\u00e1quina de corte de raiz de alho\" class=\"wp-image-469\" title=\"\" srcset=\"https:\/\/gingermachines.com\/wp-content\/uploads\/2026\/04\/garlic-root-and-stem-cutting-machine.webp 720w, https:\/\/gingermachines.com\/wp-content\/uploads\/2026\/04\/garlic-root-and-stem-cutting-machine-300x225.webp 300w, https:\/\/gingermachines.com\/wp-content\/uploads\/2026\/04\/garlic-root-and-stem-cutting-machine-16x12.webp 16w\" sizes=\"auto, (max-width: 720px) 100vw, 720px\" \/><figcaption class=\"wp-element-caption\">M\u00e1quina de corte de raiz e haste de alho<\/figcaption><\/figure>    <figure class=\"wp-block-image size-large\"><img loading=\"lazy\" decoding=\"async\" width=\"720\" height=\"540\" data-id=\"470\" src=\"https:\/\/gingermachines.com\/wp-content\/uploads\/2026\/04\/garlic-root-cutting-equipment.webp\" alt=\"M\u00e1quina de corte de haste de alho\" class=\"wp-image-470\" title=\"\" srcset=\"https:\/\/gingermachines.com\/wp-content\/uploads\/2026\/04\/garlic-root-cutting-equipment.webp 720w, https:\/\/gingermachines.com\/wp-content\/uploads\/2026\/04\/garlic-root-cutting-equipment-300x225.webp 300w, https:\/\/gingermachines.com\/wp-content\/uploads\/2026\/04\/garlic-root-cutting-equipment-16x12.webp 16w\" sizes=\"auto, (max-width: 720px) 100vw, 720px\" \/><figcaption class=\"wp-element-caption\">Equipamento de corte de raiz de alho<\/figcaption><\/figure> <\/figure>    <h2 class=\"wp-block-heading\"><strong>Componentes estruturais da cortadora de raiz e haste de alho<\/strong><\/h2>    <ul class=\"wp-block-list\"> <li>Estrutura e carca\u00e7a: suporta toda a unidade; resistente \u00e0 corros\u00e3o e dur\u00e1vel.<\/li>    <li>Sistema de alimenta\u00e7\u00e3o: alimenta\u00e7\u00e3o manual; opera\u00e7\u00e3o flex\u00edvel.<\/li>    <li>Mecanismo de corte: sistema de disco cortador central; garante cortes precisos.<\/li>    <li>Sistema de descarga: separa automaticamente os bulbos de alho do material de descarte.<\/li>    <li>Sistema de energia: motor de 0,5kW fornece energia est\u00e1vel.<\/li>    <li>Sistema de controlo e seguran\u00e7a: controles simples de interruptor; seguro e fi\u00e1vel.<\/li> <\/ul>   <div class=\"wp-block-image\"> <figure class=\"aligncenter size-full\"><img loading=\"lazy\" decoding=\"async\" width=\"720\" height=\"540\" src=\"https:\/\/gingermachines.com\/wp-content\/uploads\/2026\/04\/garlic-stem-cutting-machine.webp\" alt=\"m\u00e1quina de corte de haste de alho\" class=\"wp-image-471\" title=\"\" srcset=\"https:\/\/gingermachines.com\/wp-content\/uploads\/2026\/04\/garlic-stem-cutting-machine.webp 720w, https:\/\/gingermachines.com\/wp-content\/uploads\/2026\/04\/garlic-stem-cutting-machine-300x225.webp 300w, https:\/\/gingermachines.com\/wp-content\/uploads\/2026\/04\/garlic-stem-cutting-machine-16x12.webp 16w\" sizes=\"auto, (max-width: 720px) 100vw, 720px\" \/><figcaption class=\"wp-element-caption\">m\u00e1quina de corte de haste de alho<\/figcaption><\/figure> <\/div>   <h2 class=\"wp-block-heading\"><strong>Como funciona a m\u00e1quina de corte de raiz e haste de alho?<\/strong><\/h2>    <p>O princ\u00edpio de funcionamento deste equipamento de corte de haste de alho \u00e9 simples:<\/p>    <p>Os bulbos de alho individuais s\u00e3o alimentados um a um na rampa de alimenta\u00e7\u00e3o em forma de U. \u00c0 medida que s\u00e3o conduzidos para a zona de corte, um disco de l\u00e2mina de alta velocidade corta instantaneamente as ra\u00edzes dos caules.<\/p>    <p>Os bulbos de alho processados e o material de descarte s\u00e3o automaticamente separados e descarregados, permitindo uma opera\u00e7\u00e3o cont\u00ednua e altamente eficiente. Os operadores podem controlar de forma flex\u00edvel o comprimento desejado do restante do caule.<\/p>    <figure class=\"wp-block-gallery has-nested-images columns-default is-cropped wp-block-gallery-3 is-layout-flex wp-block-gallery-is-layout-flex\"> <figure class=\"wp-block-image size-large\"><img loading=\"lazy\" decoding=\"async\" width=\"720\" height=\"540\" data-id=\"473\" src=\"https:\/\/gingermachines.com\/wp-content\/uploads\/2026\/04\/garlic-before-processing.webp\" alt=\"Pacote da m\u00e1quina de corte de haste de alho\" class=\"wp-image-473\" title=\"\" srcset=\"https:\/\/gingermachines.com\/wp-content\/uploads\/2026\/04\/garlic-before-processing.webp 720w, https:\/\/gingermachines.com\/wp-content\/uploads\/2026\/04\/garlic-before-processing-300x225.webp 300w, https:\/\/gingermachines.com\/wp-content\/uploads\/2026\/04\/garlic-before-processing-16x12.webp 16w\" sizes=\"auto, (max-width: 720px) 100vw, 720px\" \/><figcaption class=\"wp-element-caption\">Alho antes do processamento<\/figcaption><\/figure>    <figure class=\"wp-block-image size-large\"><img loading=\"lazy\" decoding=\"async\" width=\"720\" height=\"540\" data-id=\"472\" src=\"https:\/\/gingermachines.com\/wp-content\/uploads\/2026\/04\/processed-garlic.webp\" alt=\"processed garlic\" class=\"wp-image-472\" title=\"\" srcset=\"https:\/\/gingermachines.com\/wp-content\/uploads\/2026\/04\/processed-garlic.webp 720w, https:\/\/gingermachines.com\/wp-content\/uploads\/2026\/04\/processed-garlic-300x225.webp 300w, https:\/\/gingermachines.com\/wp-content\/uploads\/2026\/04\/processed-garlic-16x12.webp 16w\" sizes=\"auto, (max-width: 720px) 100vw, 720px\" \/><figcaption class=\"wp-element-caption\">Alho processado<\/figcaption><\/figure> <\/figure>    <h2 class=\"wp-block-heading\"><strong>Especifica\u00e7\u00f5es detalhadas da cortadora de raiz e haste de alho<\/strong><\/h2>    <p>Para ajud\u00e1-lo a compreender rapidamente as especifica\u00e7\u00f5es da m\u00e1quina de corte de raiz e haste de alho, os principais detalhes t\u00e9cnicos do RYL-1000 est\u00e3o listados abaixo.<\/p>    <figure class=\"wp-block-table\"><table class=\"has-fixed-layout\"><thead><tr><th>Item<\/th><th>Especifica\u00e7\u00e3o<\/th><\/tr><\/thead><tbody><tr><td>Modelo<\/td><td>RYL-1000<\/td><\/tr><tr><td>Nome do produto<\/td><td>M\u00e1quina de corte de raiz e haste de alho<\/td><\/tr><tr><td>Capacidade<\/td><td>8000\u201310000 pe\u00e7as\/h<\/td><\/tr><tr><td>Tens\u00e3o<\/td><td>48V \/ 220V<\/td><\/tr><tr><td>Poder<\/td><td>160W<\/td><\/tr><tr><td>Velocidade de rota\u00e7\u00e3o<\/td><td>200 r\/min<\/td><\/tr><tr><td>Tamanho da m\u00e1quina<\/td><td>41 \u00d7 67,5 \u00d7 41   39cm (com suporte)<\/td><\/tr><tr><td>Tamanho da embalagem<\/td><td>75 \u00d7 47 \u00d7 60cm<\/td><\/tr><\/tbody><\/table><figcaption class=\"wp-element-caption\">par\u00e2metros da m\u00e1quina de corte de raiz de alho<\/figcaption><\/figure>    <h2 class=\"wp-block-heading\"><strong>Personaliza\u00e7\u00e3o e suporte de servi\u00e7o para cortador de raiz de alho<\/strong><\/h2>    <p>Oferecemos solu\u00e7\u00f5es de personaliza\u00e7\u00e3o flex\u00edveis, incluindo:<\/p>    <ul class=\"wp-block-list\"> <li>Configura\u00e7\u00f5es de voltagem e motor (48V\/220V)<\/li>    <li>Otimiza\u00e7\u00e3o da cor exterior e da estrutura<\/li>    <li>Solu\u00e7\u00f5es exclusivas para pedidos em grande quantidade<\/li>    <li>Suporte para embalagem de exporta\u00e7\u00e3o e log\u00edstica<\/li> <\/ul>   <div class=\"wp-block-image\"> <figure class=\"aligncenter size-full\"><img loading=\"lazy\" decoding=\"async\" width=\"720\" height=\"540\" src=\"https:\/\/gingermachines.com\/wp-content\/uploads\/2026\/04\/garlic-root-cutting-machine.webp\" alt=\"m\u00e1quina de corte de raiz de alho\" class=\"wp-image-474\" title=\"\" srcset=\"https:\/\/gingermachines.com\/wp-content\/uploads\/2026\/04\/garlic-root-cutting-machine.webp 720w, https:\/\/gingermachines.com\/wp-content\/uploads\/2026\/04\/garlic-root-cutting-machine-300x225.webp 300w, https:\/\/gingermachines.com\/wp-content\/uploads\/2026\/04\/garlic-root-cutting-machine-16x12.webp 16w\" sizes=\"auto, (max-width: 720px) 100vw, 720px\" \/><figcaption class=\"wp-element-caption\">m\u00e1quina de corte de raiz de alho<\/figcaption><\/figure> <\/div>   <h2 class=\"wp-block-heading\"><strong>Caso de sucesso: Feedback de fazenda na Nig\u00e9ria<\/strong><\/h2>    <p>Anteriormente export\u00e1mos a nossa m\u00e1quina de corte de raiz e haste de alho RYL-1000 para uma grande instala\u00e7\u00e3o de cultivo de alho na Nig\u00e9ria. O cliente enfrentava um desafio devido \u00e0 falta de uma fonte de energia est\u00e1vel nos seus campos; a nossa vers\u00e3o alimentada por bateria de 48V resolveu eficazmente este problema:<\/p>    <ul class=\"wp-block-list\"> <li>Permitiu o processamento direto no campo, eliminando a necessidade de transportar a produ\u00e7\u00e3o para uma f\u00e1brica.<\/li>    <li>Capacidade di\u00e1ria de processamento aumentada para 2\u20133 vezes o n\u00edvel anterior.<\/li>    <li>Os custos de m\u00e3o-de-obra foram significativamente reduzidos.<\/li>    <li>A uniformidade dos bulbos de alho melhorou, resultando em pre\u00e7os de venda mais altos no mercado.<\/li> <\/ul>    <p>O cliente relatou que a m\u00e1quina de corte de raiz e haste de alho \u00e9 est\u00e1vel, dur\u00e1vel e altamente eficiente. Em resumo, o cliente ficou extremamente satisfeito tanto com o nosso equipamento quanto com os nossos servi\u00e7os.<\/p>    <figure class=\"wp-block-gallery has-nested-images columns-default is-cropped wp-block-gallery-4 is-layout-flex wp-block-gallery-is-layout-flex\"> <figure class=\"wp-block-image size-large\"><img loading=\"lazy\" decoding=\"async\" width=\"720\" height=\"540\" data-id=\"475\" src=\"https:\/\/gingermachines.com\/wp-content\/uploads\/2026\/04\/garlic-stem-cutter-machine.webp\" alt=\"A m\u00e1quina de corte de raiz e haste de alho remove as hastes de alho de forma eficiente, processando 8.000\u201310.000 cabe\u00e7as\/h. Tem uma estrutura compacta e \u00e9 f\u00e1cil de operar.\" class=\"wp-image-475\" title=\"\" srcset=\"https:\/\/gingermachines.com\/wp-content\/uploads\/2026\/04\/garlic-stem-cutter-machine.webp 720w, https:\/\/gingermachines.com\/wp-content\/uploads\/2026\/04\/garlic-stem-cutter-machine-300x225.webp 300w, https:\/\/gingermachines.com\/wp-content\/uploads\/2026\/04\/garlic-stem-cutter-machine-16x12.webp 16w\" sizes=\"auto, (max-width: 720px) 100vw, 720px\" \/><figcaption class=\"wp-element-caption\">M\u00e1quina de corte de haste de alho<\/figcaption><\/figure>    <figure class=\"wp-block-image size-large\"><img loading=\"lazy\" decoding=\"async\" width=\"720\" height=\"540\" data-id=\"476\" src=\"https:\/\/gingermachines.com\/wp-content\/uploads\/2026\/04\/garlic-stem-cutter-machine-package.webp\" alt=\"8000-10000 cabe\u00e7as de alho\/h m\u00e1quina de corte de raiz e haste de alho\" class=\"wp-image-476\" title=\"\" srcset=\"https:\/\/gingermachines.com\/wp-content\/uploads\/2026\/04\/garlic-stem-cutter-machine-package.webp 720w, https:\/\/gingermachines.com\/wp-content\/uploads\/2026\/04\/garlic-stem-cutter-machine-package-300x225.webp 300w, https:\/\/gingermachines.com\/wp-content\/uploads\/2026\/04\/garlic-stem-cutter-machine-package-16x12.webp 16w\" sizes=\"auto, (max-width: 720px) 100vw, 720px\" \/><figcaption class=\"wp-element-caption\">Pacote da m\u00e1quina de corte de haste de alho<\/figcaption><\/figure> <\/figure>    <h2 class=\"wp-block-heading\"><strong>Contacte-nos para uma cota\u00e7\u00e3o gratuita!<\/strong><\/h2>    <p class=\"translation-block\">Al\u00e9m de m\u00e1quinas de corte de raiz e haste de alho, tamb\u00e9m oferecemos equipamentos de processamento para outras culturas de raiz e tub\u00e9rculos \u2014 como <a href=\"https:\/\/gingermachines.com\/pt\/product\/onion-root-cutting-machine\/\">m\u00e1quina de corte de raiz de cebola<\/a>s e <a href=\"https:\/\/gingermachines.com\/pt\/product\/automatic-onion-peeling-machine\/\">m\u00e1quina de descascamento de cebola<\/a>s.<\/p>    <p>Se estiver interessado neste tipo de equipamento, n\u00e3o hesite em contactar-nos para mais detalhes!<\/p>","protected":false},"excerpt":{"rendered":"<p>The RYL-1000 garlic root and stem cutting machine is a highly efficient device designed for removing the roots and stems of garlic bulbs, capable of processing 8,000 to 10,000 bulbs per hour. It supports dual-voltage operation (48V and 220V), combining energy efficiency with high production capacity.<\/p>","protected":false},"author":1,"featured_media":468,"parent":0,"template":"","tags":[13],"product-type":[6],"class_list":["post-466","product","type-product","status-publish","has-post-thumbnail","hentry","tag-garlic","product-type-products"],"_links":{"self":[{"href":"https:\/\/gingermachines.com\/pt\/wp-json\/wp\/v2\/product\/466","targetHints":{"allow":["GET"]}}],"collection":[{"href":"https:\/\/gingermachines.com\/pt\/wp-json\/wp\/v2\/product"}],"about":[{"href":"https:\/\/gingermachines.com\/pt\/wp-json\/wp\/v2\/types\/product"}],"author":[{"embeddable":true,"href":"https:\/\/gingermachines.com\/pt\/wp-json\/wp\/v2\/users\/1"}],"wp:featuredmedia":[{"embeddable":true,"href":"https:\/\/gingermachines.com\/pt\/wp-json\/wp\/v2\/media\/468"}],"wp:attachment":[{"href":"https:\/\/gingermachines.com\/pt\/wp-json\/wp\/v2\/media?parent=466"}],"wp:term":[{"taxonomy":"post_tag","embeddable":true,"href":"https:\/\/gingermachines.com\/pt\/wp-json\/wp\/v2\/tags?post=466"},{"taxonomy":"product-type","embeddable":true,"href":"https:\/\/gingermachines.com\/pt\/wp-json\/wp\/v2\/product-type?post=466"}],"curies":[{"name":"wp","href":"https:\/\/api.w.org\/{rel}","templated":true}]}}