{"id":432,"date":"2026-03-20T14:45:22","date_gmt":"2026-03-20T06:45:22","guid":{"rendered":"https:\/\/gingermachines.com\/?post_type=product&#038;p=432"},"modified":"2026-03-20T15:01:39","modified_gmt":"2026-03-20T07:01:39","slug":"onion-powder-packaging-machine","status":"publish","type":"product","link":"https:\/\/gingermachines.com\/pt\/product\/onion-powder-packaging-machine\/","title":{"rendered":"M\u00e1quina de embalagem de p\u00f3 de cebola"},"content":{"rendered":"<p class=\"translation-block\">Taizy <strong>m\u00e1quina de embalagem de p\u00f3 de cebola<\/strong> \u00e9 especificamente desenhada para uma grande variedade de materiais em p\u00f3. Integra pesagem autom\u00e1tica, forma\u00e7\u00e3o de saco, selagem e corte numa \u00fanica unidade. \u00c9 adequada para embalar produtos como p\u00f3 de cebola, farinha, p\u00f3 de soja, pasta de s\u00e9samo, p\u00f3 de leite de soja e v\u00e1rios p\u00f3s temperados.<\/p>    <p>A nossa m\u00e1quina de enchimento de p\u00f3 de cebola combina alta efici\u00eancia com precis\u00e3o excecional, atingindo velocidades de embalagem de 20-80 sacos\/min com uma faixa de embalagem de 0 a 600g. Este equipamento suporta v\u00e1rios estilos de selagem\u2014including selagens traseiras, de tr\u00eas lados e de quatro lados. \u00c9 capaz de atender a uma vasta gama de requisitos de embalagem.<\/p>    <figure class=\"wp-block-embed is-type-video is-provider-youtube wp-block-embed-youtube wp-embed-aspect-16-9 wp-has-aspect-ratio\"><div class=\"wp-block-embed__wrapper\"> <iframe loading=\"lazy\" title=\"M\u00e1quina autom\u00e1tica de embalagem de p\u00f3 de cebola | M\u00e1quina de enchimento e embalagem de p\u00f3 para ind\u00fastria alimentar\" width=\"500\" height=\"281\" src=\"https:\/\/www.youtube.com\/embed\/kAALPzVGfJ4?feature=oembed\" frameborder=\"0\" allow=\"accelerometer; autoplay; clipboard-write; encrypted-media; gyroscope; picture-in-picture; web-share\" referrerpolicy=\"strict-origin-when-cross-origin\" allowfullscreen><\/iframe> <\/div><figcaption class=\"wp-element-caption\">V\u00eddeo de trabalho da m\u00e1quina de enchimento de p\u00f3 de cebola<\/figcaption><\/figure>    <h2 class=\"wp-block-heading\"><strong>Vantagens principais da m\u00e1quina de embalagem de p\u00f3 de cebola<\/strong><\/h2>    <p class=\"translation-block\"><strong>1. Constru\u00e7\u00e3o em a\u00e7o inoxid\u00e1vel<\/strong><\/p>    <p>Toda a m\u00e1quina \u00e9 constru\u00edda em a\u00e7o inoxid\u00e1vel 304, oferecendo excelente resist\u00eancia \u00e0 corros\u00e3o e facilidade de limpeza; cumpre os padr\u00f5es de higiene na ind\u00fastria de processamento de alimentos e \u00e9 adequada para uso em uma ampla gama de ambientes de produ\u00e7\u00e3o.<\/p>    <p class=\"translation-block\"><strong>2. Sistema de controlo inteligente<\/strong><\/p>    <p>A nossa m\u00e1quina de embalagem de p\u00f3 de cebola apresenta um sistema avan\u00e7ado de controlo por microcomputador e est\u00e1 equipada com uma tela LCD de 5 polegadas:<\/p>    <ul class=\"wp-block-list\"> <li>A interface de opera\u00e7\u00e3o \u00e9 intuitiva e f\u00e1cil de usar<\/li>    <li>A configura\u00e7\u00e3o de par\u00e2metros \u00e9 conveniente e f\u00e1cil<\/li>    <li>O estado de funcionamento \u00e9 claramente vis\u00edvel de relance<\/li>    <li>Reduz significativamente a complexidade operacional<\/li> <\/ul>    <p class=\"translation-block\"><strong>3. Sistema de rastreamento eletro-\u00f3tico de alta precis\u00e3o<\/strong><\/p>    <p>Esta m\u00e1quina de embalagem de p\u00f3 de cebola est\u00e1 equipada com um sistema de dete\u00e7\u00e3o fotoel\u00e9ctrica autom\u00e1tica, permitindo:<\/p>    <ul class=\"wp-block-list\"> <li>Posicionamento preciso<\/li>    <li>Selagem autom\u00e1tica e corte<\/li>    <li>Opera\u00e7\u00e3o cont\u00ednua e est\u00e1vel<\/li>    <li>Aumentar a precis\u00e3o de embalagem e a consist\u00eancia do produto<\/li> <\/ul>    <p class=\"translation-block\"><strong>4. Recursos opcionais flex\u00edveis<\/strong><\/p>    <p>Dependendo dos requisitos espec\u00edficos de produ\u00e7\u00e3o, est\u00e3o dispon\u00edveis as seguintes op\u00e7\u00f5es:<\/p>    <ul class=\"wp-block-list\"> <li>M\u00e1quina de codifica\u00e7\u00e3o<\/li>    <li>Dispositivo de embalagem em corrente<\/li>    <li>Design de entalhe de rasgo f\u00e1cil de rasgar<\/li>    <li>Corte com canto arredondado<\/li>    <li>Dispositivo de escape de ar ou de infla\u00e7\u00e3o de g\u00e1s<\/li> <\/ul>   <div class=\"wp-block-image\"> <figure class=\"aligncenter size-full\"><img loading=\"lazy\" decoding=\"async\" width=\"720\" height=\"540\" src=\"https:\/\/gingermachines.com\/wp-content\/uploads\/2026\/03\/onion-powder-packaging-machine-1.webp\" alt=\"M\u00e1quina de embalagem de p\u00f3 de cebola\" class=\"wp-image-434\" title=\"\" srcset=\"https:\/\/gingermachines.com\/wp-content\/uploads\/2026\/03\/onion-powder-packaging-machine-1.webp 720w, https:\/\/gingermachines.com\/wp-content\/uploads\/2026\/03\/onion-powder-packaging-machine-1-300x225.webp 300w, https:\/\/gingermachines.com\/wp-content\/uploads\/2026\/03\/onion-powder-packaging-machine-1-16x12.webp 16w\" sizes=\"auto, (max-width: 720px) 100vw, 720px\" \/><figcaption class=\"wp-element-caption\">M\u00e1quina de embalagem de p\u00f3 de cebola<\/figcaption><\/figure> <\/div>   <h2 class=\"wp-block-heading\"><strong>Onde s\u00e3o usadas as m\u00e1quinas de embalagem de p\u00f3 de cebola?<\/strong><\/h2>    <p>A nossa m\u00e1quina de embalagem de p\u00f3 de cebola pode ser usada para embalar uma vasta gama de ingredientes em p\u00f3, como farinha, p\u00f3 de leite, pimenta, piment\u00e3o, detergente, cacau, p\u00f3 de gengibre, p\u00f3 de tempero, e mais.<\/p>    <p>A nossa m\u00e1quina de embalagem de p\u00f3 de cebola \u00e9 adequada para embalar uma grande variedade de ingredientes em p\u00f3, como farinha, p\u00f3 de leite, pimenta, piment\u00e3o, detergente, cacau, p\u00f3 de gengibre, misturas de temperos, e mais.<\/p>   <div class=\"wp-block-image\"> <figure class=\"aligncenter size-full\"><img loading=\"lazy\" decoding=\"async\" width=\"720\" height=\"540\" src=\"https:\/\/gingermachines.com\/wp-content\/uploads\/2026\/03\/application-of-powder-packaging-machine.webp\" alt=\"Aplica\u00e7\u00e3o da m\u00e1quina de embalagem de p\u00f3\" class=\"wp-image-435\" title=\"\" srcset=\"https:\/\/gingermachines.com\/wp-content\/uploads\/2026\/03\/application-of-powder-packaging-machine.webp 720w, https:\/\/gingermachines.com\/wp-content\/uploads\/2026\/03\/application-of-powder-packaging-machine-300x225.webp 300w, https:\/\/gingermachines.com\/wp-content\/uploads\/2026\/03\/application-of-powder-packaging-machine-16x12.webp 16w\" sizes=\"auto, (max-width: 720px) 100vw, 720px\" \/><figcaption class=\"wp-element-caption\">Aplica\u00e7\u00e3o da m\u00e1quina de embalagem de p\u00f3<\/figcaption><\/figure> <\/div>   <p>Esta m\u00e1quina de enchimento de p\u00f3 \u00e9 comumente utilizada nos seguintes setores:<\/p>    <ul class=\"wp-block-list\"> <li>Ind\u00fastria de processamento de alimentos<\/li>    <li>Ind\u00fastria de produ\u00e7\u00e3o de temperos<\/li>    <li>Ind\u00fastria de produtos qu\u00edmicos di\u00e1rios<\/li>    <li>Ind\u00fastria qu\u00edmica<\/li> <\/ul>    <h2 class=\"wp-block-heading\"><strong>Par\u00e2metros da m\u00e1quina de enchimento de p\u00f3 de cebola<\/strong><\/h2>    <p>Oferecemos dois modelos dispon\u00edveis: o TZ-320 e o TZ-450. As especifica\u00e7\u00f5es detalhadas e caracter\u00edsticas est\u00e3o listadas abaixo para sua refer\u00eancia.<\/p>    <figure class=\"wp-block-table\"><table class=\"has-fixed-layout\"><thead><tr><th>Modelo<\/th><th>TZ-320<\/th><th>TZ-450<\/th><\/tr><\/thead><tbody><tr><td>Estilo de embalagem<\/td><td>Selagem traseira \/ de 3 lados \/ de 4 lados<\/td><td>Selagem traseira \/ de 3 lados \/ de 4 lados<\/td><\/tr><tr><td>Velocidade de embalagem<\/td><td>20\u201380 sacos\/min<\/td><td>20\u201380 sacos\/min<\/td><\/tr><tr><td>Poder<\/td><td>1,8 kW<\/td><td>2,2 kW<\/td><\/tr><tr><td>Peso de embalagem<\/td><td>0\u2013200g<\/td><td>\u2264600g<\/td><\/tr><tr><td>Largura da bolsa<\/td><td>20\u2013150mm<\/td><td>20\u2013200mm<\/td><\/tr><tr><td>Comprimento do saco<\/td><td>30\u2013180mm<\/td><td>30\u2013180mm<\/td><\/tr><tr><td>Material<\/td><td>a\u00e7o inoxid\u00e1vel 304<\/td><td>a\u00e7o inoxid\u00e1vel 304<\/td><\/tr><tr><td>Tamanho da m\u00e1quina<\/td><td>650\u00d71050\u00d71950mm<\/td><td>750\u00d7750\u00d72100mm<\/td><\/tr><tr><td>Peso da m\u00e1quina<\/td><td>250kg<\/td><td>420kg<\/td><\/tr><\/tbody><\/table><figcaption class=\"wp-element-caption\">Par\u00e2metros da m\u00e1quina de embalagem de p\u00f3 de cebola<\/figcaption><\/figure>    <h2 class=\"wp-block-heading\"><strong>Estrutura da m\u00e1quina de embalagem de p\u00f3 de cebola<\/strong><\/h2>    <p>Esta m\u00e1quina de embalagem de p\u00f3 de cebola apresenta um design estrutural bem elaborado. Consiste principalmente em suporte de filme de embalagem, funil, ecr\u00e3 t\u00e1til, interruptor de energia, formador de saco, corte autom\u00e1tico, etc.<\/p>    <p>Al\u00e9m disso, a casca desta empacotadora de p\u00f3 \u00e9 feita de a\u00e7o inoxid\u00e1vel 304, que n\u00e3o s\u00f3 \u00e9 limpo e sanit\u00e1rio, mas tamb\u00e9m tem uma longa vida \u00fatil. O seu diagrama estrutural \u00e9 mostrado abaixo:<\/p>    <figure class=\"wp-block-gallery has-nested-images columns-default is-cropped wp-block-gallery-2 is-layout-flex wp-block-gallery-is-layout-flex\"> <figure class=\"wp-block-image size-large\"><img loading=\"lazy\" decoding=\"async\" width=\"540\" height=\"720\" data-id=\"436\" src=\"https:\/\/gingermachines.com\/wp-content\/uploads\/2026\/03\/onion-powder-filling-and-packaging-machine.webp\" alt=\"onion powder filling and packaging machine\" class=\"wp-image-436\" title=\"\" srcset=\"https:\/\/gingermachines.com\/wp-content\/uploads\/2026\/03\/onion-powder-filling-and-packaging-machine.webp 540w, https:\/\/gingermachines.com\/wp-content\/uploads\/2026\/03\/onion-powder-filling-and-packaging-machine-225x300.webp 225w, https:\/\/gingermachines.com\/wp-content\/uploads\/2026\/03\/onion-powder-filling-and-packaging-machine-9x12.webp 9w\" sizes=\"auto, (max-width: 540px) 100vw, 540px\" \/><figcaption class=\"wp-element-caption\">M\u00e1quina de enchimento e embalagem de p\u00f3 de cebola<\/figcaption><\/figure>    <figure class=\"wp-block-image size-large\"><img loading=\"lazy\" decoding=\"async\" width=\"540\" height=\"720\" data-id=\"437\" src=\"https:\/\/gingermachines.com\/wp-content\/uploads\/2026\/03\/structure-of-onion-filling-machine.webp\" alt=\"Estrutura da m\u00e1quina de enchimento de cebola\" class=\"wp-image-437\" title=\"\" srcset=\"https:\/\/gingermachines.com\/wp-content\/uploads\/2026\/03\/structure-of-onion-filling-machine.webp 540w, https:\/\/gingermachines.com\/wp-content\/uploads\/2026\/03\/structure-of-onion-filling-machine-225x300.webp 225w, https:\/\/gingermachines.com\/wp-content\/uploads\/2026\/03\/structure-of-onion-filling-machine-9x12.webp 9w\" sizes=\"auto, (max-width: 540px) 100vw, 540px\" \/><figcaption class=\"wp-element-caption\">Estrutura da m\u00e1quina de enchimento de cebola<\/figcaption><\/figure> <\/figure>    <h2 class=\"wp-block-heading\"><strong>Mais tipos de m\u00e1quinas de embalagem de p\u00f3 dispon\u00edveis<\/strong><\/h2>    <p>Al\u00e9m das m\u00e1quinas de embalagem de p\u00f3 de cebola, oferecemos uma vasta gama de equipamentos de embalagem de p\u00f3 para atender \u00e0s diversas necessidades de produ\u00e7\u00e3o, incluindo:<\/p>    <ol class=\"wp-block-list\"> <li>M\u00e1quina de embalagem de p\u00f3 de push plano<\/li>    <li>M\u00e1quina de embalagem de p\u00f3 de push direto<\/li>    <li>M\u00e1quina semi-autom\u00e1tica de enchimento de p\u00f3<\/li>    <li>M\u00e1quina de enchimento de p\u00f3 quantitativo<\/li> <\/ol>    <figure class=\"wp-block-gallery has-nested-images columns-default is-cropped wp-block-gallery-3 is-layout-flex wp-block-gallery-is-layout-flex\"> <figure class=\"wp-block-image size-large\"><img loading=\"lazy\" decoding=\"async\" width=\"720\" height=\"540\" data-id=\"443\" src=\"https:\/\/gingermachines.com\/wp-content\/uploads\/2026\/03\/flat-push-powder-packaging-machine.webp\" alt=\"flat push powder packaging machine\" class=\"wp-image-443\" title=\"\" srcset=\"https:\/\/gingermachines.com\/wp-content\/uploads\/2026\/03\/flat-push-powder-packaging-machine.webp 720w, https:\/\/gingermachines.com\/wp-content\/uploads\/2026\/03\/flat-push-powder-packaging-machine-300x225.webp 300w, https:\/\/gingermachines.com\/wp-content\/uploads\/2026\/03\/flat-push-powder-packaging-machine-16x12.webp 16w\" sizes=\"auto, (max-width: 720px) 100vw, 720px\" \/><figcaption class=\"wp-element-caption\">M\u00e1quina de embalagem de p\u00f3 de push plano<\/figcaption><\/figure>    <figure class=\"wp-block-image size-large\"><img loading=\"lazy\" decoding=\"async\" width=\"720\" height=\"540\" data-id=\"442\" src=\"https:\/\/gingermachines.com\/wp-content\/uploads\/2026\/03\/direct-push-powder-packer-machine.webp\" alt=\"direct push powder packer machine\" class=\"wp-image-442\" title=\"\" srcset=\"https:\/\/gingermachines.com\/wp-content\/uploads\/2026\/03\/direct-push-powder-packer-machine.webp 720w, https:\/\/gingermachines.com\/wp-content\/uploads\/2026\/03\/direct-push-powder-packer-machine-300x225.webp 300w, https:\/\/gingermachines.com\/wp-content\/uploads\/2026\/03\/direct-push-powder-packer-machine-16x12.webp 16w\" sizes=\"auto, (max-width: 720px) 100vw, 720px\" \/><figcaption class=\"wp-element-caption\">M\u00e1quina de empacotamento de p\u00f3 de push direto<\/figcaption><\/figure> <\/figure>    <figure class=\"wp-block-gallery has-nested-images columns-default is-cropped wp-block-gallery-4 is-layout-flex wp-block-gallery-is-layout-flex\"> <figure class=\"wp-block-image size-large\"><img loading=\"lazy\" decoding=\"async\" width=\"720\" height=\"540\" data-id=\"445\" src=\"https:\/\/gingermachines.com\/wp-content\/uploads\/2026\/03\/semi-automatic-powder-filling-machine.webp\" alt=\"semi-automatic powder filling machine\" class=\"wp-image-445\" title=\"\" srcset=\"https:\/\/gingermachines.com\/wp-content\/uploads\/2026\/03\/semi-automatic-powder-filling-machine.webp 720w, https:\/\/gingermachines.com\/wp-content\/uploads\/2026\/03\/semi-automatic-powder-filling-machine-300x225.webp 300w, https:\/\/gingermachines.com\/wp-content\/uploads\/2026\/03\/semi-automatic-powder-filling-machine-16x12.webp 16w\" sizes=\"auto, (max-width: 720px) 100vw, 720px\" \/><figcaption class=\"wp-element-caption\">M\u00e1quina semi-autom\u00e1tica de enchimento de p\u00f3<\/figcaption><\/figure>    <figure class=\"wp-block-image size-large\"><img loading=\"lazy\" decoding=\"async\" width=\"720\" height=\"540\" data-id=\"444\" src=\"https:\/\/gingermachines.com\/wp-content\/uploads\/2026\/03\/quantitative-powder-filling-machine.webp\" alt=\"quantitative powder filling machine\" class=\"wp-image-444\" title=\"\" srcset=\"https:\/\/gingermachines.com\/wp-content\/uploads\/2026\/03\/quantitative-powder-filling-machine.webp 720w, https:\/\/gingermachines.com\/wp-content\/uploads\/2026\/03\/quantitative-powder-filling-machine-300x225.webp 300w, https:\/\/gingermachines.com\/wp-content\/uploads\/2026\/03\/quantitative-powder-filling-machine-16x12.webp 16w\" sizes=\"auto, (max-width: 720px) 100vw, 720px\" \/><figcaption class=\"wp-element-caption\">M\u00e1quina de enchimento de p\u00f3 quantitativo<\/figcaption><\/figure> <\/figure>    <h2 class=\"wp-block-heading\"><strong>Pre\u00e7o da m\u00e1quina de enchimento e embalagem de cebola<\/strong><\/h2>    <p>O pre\u00e7o de uma m\u00e1quina de embalagem de p\u00f3 de cebola varia dependendo de fatores como o modelo do equipamento, grau de automa\u00e7\u00e3o, produ\u00e7\u00e3o requerida e caracter\u00edsticas espec\u00edficas de configura\u00e7\u00e3o. Geralmente, o equipamento de embalagem de p\u00f3 no mercado apresenta uma ampla faixa de pre\u00e7os; portanto, ao fazer uma escolha, \u00e9 essencial alinhar a op\u00e7\u00e3o com as suas necessidades reais de produ\u00e7\u00e3o.<\/p>    <figure class=\"wp-block-gallery has-nested-images columns-default is-cropped wp-block-gallery-5 is-layout-flex wp-block-gallery-is-layout-flex\"> <figure class=\"wp-block-image size-large\"><img loading=\"lazy\" decoding=\"async\" width=\"540\" height=\"720\" data-id=\"438\" src=\"https:\/\/gingermachines.com\/wp-content\/uploads\/2026\/03\/onion-powder-filling-equipment.webp\" alt=\"Equipamento de enchimento de p\u00f3 de cebola\" class=\"wp-image-438\" title=\"\" srcset=\"https:\/\/gingermachines.com\/wp-content\/uploads\/2026\/03\/onion-powder-filling-equipment.webp 540w, https:\/\/gingermachines.com\/wp-content\/uploads\/2026\/03\/onion-powder-filling-equipment-225x300.webp 225w, https:\/\/gingermachines.com\/wp-content\/uploads\/2026\/03\/onion-powder-filling-equipment-9x12.webp 9w\" sizes=\"auto, (max-width: 540px) 100vw, 540px\" \/><figcaption class=\"wp-element-caption\">Equipamento de enchimento de p\u00f3 de cebola<\/figcaption><\/figure>    <figure class=\"wp-block-image size-large\"><img loading=\"lazy\" decoding=\"async\" width=\"540\" height=\"720\" data-id=\"439\" src=\"https:\/\/gingermachines.com\/wp-content\/uploads\/2026\/03\/onion-powder-packaging-equipment.webp\" alt=\"equipamento de embalagem de p\u00f3 de cebola\" class=\"wp-image-439\" title=\"\" srcset=\"https:\/\/gingermachines.com\/wp-content\/uploads\/2026\/03\/onion-powder-packaging-equipment.webp 540w, https:\/\/gingermachines.com\/wp-content\/uploads\/2026\/03\/onion-powder-packaging-equipment-225x300.webp 225w, https:\/\/gingermachines.com\/wp-content\/uploads\/2026\/03\/onion-powder-packaging-equipment-9x12.webp 9w\" sizes=\"auto, (max-width: 540px) 100vw, 540px\" \/><figcaption class=\"wp-element-caption\">Equipamento de embalagem de p\u00f3 de cebola<\/figcaption><\/figure>    <figure class=\"wp-block-image size-large\"><img loading=\"lazy\" decoding=\"async\" width=\"540\" height=\"720\" data-id=\"440\" src=\"https:\/\/gingermachines.com\/wp-content\/uploads\/2026\/03\/onion-powder-packing-machine.webp\" alt=\"onion powder packing machine\" class=\"wp-image-440\" title=\"\" srcset=\"https:\/\/gingermachines.com\/wp-content\/uploads\/2026\/03\/onion-powder-packing-machine.webp 540w, https:\/\/gingermachines.com\/wp-content\/uploads\/2026\/03\/onion-powder-packing-machine-225x300.webp 225w, https:\/\/gingermachines.com\/wp-content\/uploads\/2026\/03\/onion-powder-packing-machine-9x12.webp 9w\" sizes=\"auto, (max-width: 540px) 100vw, 540px\" \/><figcaption class=\"wp-element-caption\">M\u00e1quina de embalagem de p\u00f3 de cebola<\/figcaption><\/figure> <\/figure>    <h2 class=\"wp-block-heading\"><strong>Entre em contacto connosco hoje!<\/strong><\/h2>    <p class=\"translation-block\">N\u00e3o s\u00f3 fornecemos m\u00e1quinas profissionais de embalagem de p\u00f3 de cebola, mas tamb\u00e9m oferecemos outros equipamentos de processamento de cebola, como <a href=\"https:\/\/gingermachines.com\/pt\/product\/automatic-onion-peeling-machine\/\">m\u00e1quina de descascamento de cebola<\/a> e <a href=\"https:\/\/gingermachines.com\/pt\/product\/onion-powder-making-machine\/\">m\u00e1quina de moagem de p\u00f3 de cebola<\/a>. Se tiver alguma necessidade, n\u00e3o hesite em contactar-nos a qualquer momento para receber uma solu\u00e7\u00e3o personalizada e a \u00faltima cota\u00e7\u00e3o!<\/p>","protected":false},"excerpt":{"rendered":"<p>Taizy onion powder packaging machine can be used to package onion powder, ginger powder, pepper, chili powder, flour, laundry detergent, and other similar products. It features a packaging speed of 20\u201380 bags per minute and a packaging weight range of 0\u2013600g.<\/p>","protected":false},"author":1,"featured_media":441,"parent":0,"template":"","tags":[9],"product-type":[6],"class_list":["post-432","product","type-product","status-publish","has-post-thumbnail","hentry","tag-onion","product-type-products"],"_links":{"self":[{"href":"https:\/\/gingermachines.com\/pt\/wp-json\/wp\/v2\/product\/432","targetHints":{"allow":["GET"]}}],"collection":[{"href":"https:\/\/gingermachines.com\/pt\/wp-json\/wp\/v2\/product"}],"about":[{"href":"https:\/\/gingermachines.com\/pt\/wp-json\/wp\/v2\/types\/product"}],"author":[{"embeddable":true,"href":"https:\/\/gingermachines.com\/pt\/wp-json\/wp\/v2\/users\/1"}],"wp:featuredmedia":[{"embeddable":true,"href":"https:\/\/gingermachines.com\/pt\/wp-json\/wp\/v2\/media\/441"}],"wp:attachment":[{"href":"https:\/\/gingermachines.com\/pt\/wp-json\/wp\/v2\/media?parent=432"}],"wp:term":[{"taxonomy":"post_tag","embeddable":true,"href":"https:\/\/gingermachines.com\/pt\/wp-json\/wp\/v2\/tags?post=432"},{"taxonomy":"product-type","embeddable":true,"href":"https:\/\/gingermachines.com\/pt\/wp-json\/wp\/v2\/product-type?post=432"}],"curies":[{"name":"wp","href":"https:\/\/api.w.org\/{rel}","templated":true}]}}