{"id":414,"date":"2026-03-18T16:48:58","date_gmt":"2026-03-18T08:48:58","guid":{"rendered":"https:\/\/gingermachines.com\/?post_type=product&#038;p=414"},"modified":"2026-03-18T16:51:32","modified_gmt":"2026-03-18T08:51:32","slug":"onion-powder-making-machine","status":"publish","type":"product","link":"https:\/\/gingermachines.com\/pt\/product\/onion-powder-making-machine\/","title":{"rendered":"M\u00e1quina de fazer p\u00f3 de cebola"},"content":{"rendered":"<p class=\"translation-block\">A <strong>m\u00e1quina de fazer p\u00f3 de cebola<\/strong> \u00e9 uma m\u00e1quina altamente eficiente, projetada especificamente para moer cebolas secas em p\u00f3 fino. A finura do produto final varia consistentemente entre 20 e 120 malhas. Pode tamb\u00e9m processar uma ampla variedade de outros materiais, incluindo milho, trigo, especiarias, gr\u00e3os, feij\u00e3o, a\u00e7\u00facar, sal, cacau, entre outros.<\/p>    <p>Oferecemos uma variedade de modelos de m\u00e1quinas de moagem de p\u00f3 de cebola com capacidades de at\u00e9 1.500 kg por hora, capazes de atender \u00e0s necessidades de produ\u00e7\u00e3o de opera\u00e7\u00f5es de v\u00e1rias escalas. Se estiver interessado nesta m\u00e1quina, n\u00e3o hesite em nos contactar para mais detalhes!<\/p>    <h2 class=\"wp-block-heading\"><strong>O que faz a m\u00e1quina de moagem de p\u00f3 de cebola Taizy se destacar?<\/strong><\/h2>    <p class=\"translation-block\"><strong>1. Ampla gama de aplica\u00e7\u00f5es<\/strong><\/p>    <p>Nossa m\u00e1quina de fazer p\u00f3 de cebola \u00e9 adequada n\u00e3o apenas para processar p\u00f3 de cebola, mas tamb\u00e9m pode lidar com uma grande variedade de materiais secos, incluindo:<\/p>    <ul class=\"wp-block-list\"> <li>Gr\u00e3os: milho, trigo<\/li>    <li>Tempero: Pimenta, gengibre, especiarias<\/li>    <li>Outros: Gr\u00e3os de caf\u00e9, a\u00e7\u00facar<\/li> <\/ul>    <p>Isso permite funcionalidade multifuncional, aumentando a efici\u00eancia de utiliza\u00e7\u00e3o do equipamento.<\/p>    <p class=\"translation-block\"><strong>2. Design de alta produ\u00e7\u00e3o, adapt\u00e1vel a v\u00e1rias escalas de produ\u00e7\u00e3o<\/strong><\/p>    <p>A m\u00e1quina de moagem de p\u00f3 de cebola Taizy oferece uma ampla faixa de capacidade de produ\u00e7\u00e3o, selecion\u00e1vel de 10 kg\/h a 1.500 kg\/h, tornando-a adequada tanto para pequenas plantas de processamento quanto para requisitos de produ\u00e7\u00e3o cont\u00ednua em grande escala.<\/p>    <p class=\"translation-block\"><strong>3. Fineness do p\u00f3 ajust\u00e1vel, qualidade est\u00e1vel<\/strong><\/p>    <p>A faixa de finura do produto final \u00e9 de 20 a 120 malhas. Pode ser ajustada de acordo com os requisitos espec\u00edficos de diferentes produtos, garantindo uma textura de p\u00f3 uniforme e fina, al\u00e9m de melhorar a qualidade geral do produto.<\/p>    <p class=\"translation-block\"><strong>4. Material de a\u00e7o inoxid\u00e1vel de grau alimentar, seguro e dur\u00e1vel<\/strong><\/p>    <p>Esta m\u00e1quina de moagem de p\u00f3 de cebola \u00e9 totalmente constru\u00edda em a\u00e7o inox SUS 304 e apresenta as seguintes caracter\u00edsticas:<\/p>    <ul class=\"wp-block-list\"> <li>N\u00e3o reage quimicamente com os materiais processados, atendendo \u00e0s normas de seguran\u00e7a alimentar.<\/li>    <li>Possui forte resist\u00eancia \u00e0 corros\u00e3o.<\/li>    <li>Possui uma estrutura robusta, garantindo uma longa vida \u00fatil.<\/li> <\/ul>    <figure class=\"wp-block-gallery has-nested-images columns-default is-cropped wp-block-gallery-2 is-layout-flex wp-block-gallery-is-layout-flex\"> <figure class=\"wp-block-image size-large\"><img loading=\"lazy\" decoding=\"async\" width=\"540\" height=\"720\" data-id=\"415\" src=\"https:\/\/gingermachines.com\/wp-content\/uploads\/2026\/03\/onion-powder-grinder-machine.webp\" alt=\"onion powder grinder machine\" class=\"wp-image-415\" title=\"\" srcset=\"https:\/\/gingermachines.com\/wp-content\/uploads\/2026\/03\/onion-powder-grinder-machine.webp 540w, https:\/\/gingermachines.com\/wp-content\/uploads\/2026\/03\/onion-powder-grinder-machine-225x300.webp 225w, https:\/\/gingermachines.com\/wp-content\/uploads\/2026\/03\/onion-powder-grinder-machine-9x12.webp 9w\" sizes=\"auto, (max-width: 540px) 100vw, 540px\" \/><figcaption class=\"wp-element-caption\">Moedor de p\u00f3 de cebola<\/figcaption><\/figure>    <figure class=\"wp-block-image size-large\"><img loading=\"lazy\" decoding=\"async\" width=\"540\" height=\"720\" data-id=\"416\" src=\"https:\/\/gingermachines.com\/wp-content\/uploads\/2026\/03\/onion-powder-milling-machine.webp\" alt=\"m\u00e1quina de moagem de p\u00f3 de cebola\" class=\"wp-image-416\" title=\"\" srcset=\"https:\/\/gingermachines.com\/wp-content\/uploads\/2026\/03\/onion-powder-milling-machine.webp 540w, https:\/\/gingermachines.com\/wp-content\/uploads\/2026\/03\/onion-powder-milling-machine-225x300.webp 225w, https:\/\/gingermachines.com\/wp-content\/uploads\/2026\/03\/onion-powder-milling-machine-9x12.webp 9w\" sizes=\"auto, (max-width: 540px) 100vw, 540px\" \/><figcaption class=\"wp-element-caption\">Moedor de p\u00f3 de cebola<\/figcaption><\/figure>    <figure class=\"wp-block-image size-large\"><img loading=\"lazy\" decoding=\"async\" width=\"540\" height=\"720\" data-id=\"417\" src=\"https:\/\/gingermachines.com\/wp-content\/uploads\/2026\/03\/stainless-steel-onion-powder-grinding-machine.webp\" alt=\"stainless steel onion powder grinding machine\" class=\"wp-image-417\" title=\"\" srcset=\"https:\/\/gingermachines.com\/wp-content\/uploads\/2026\/03\/stainless-steel-onion-powder-grinding-machine.webp 540w, https:\/\/gingermachines.com\/wp-content\/uploads\/2026\/03\/stainless-steel-onion-powder-grinding-machine-225x300.webp 225w, https:\/\/gingermachines.com\/wp-content\/uploads\/2026\/03\/stainless-steel-onion-powder-grinding-machine-9x12.webp 9w\" sizes=\"auto, (max-width: 540px) 100vw, 540px\" \/><figcaption class=\"wp-element-caption\">M\u00e1quina de moagem de p\u00f3 de cebola em a\u00e7o inoxid\u00e1vel<\/figcaption><\/figure> <\/figure>    <h2 class=\"wp-block-heading\"><strong>O que a m\u00e1quina de fazer p\u00f3 de cebola pode processar?<\/strong><\/h2>    <p>Nossa m\u00e1quina de moagem de p\u00f3 de cebola em a\u00e7o inox \u00e9 capaz de processar uma grande variedade de materiais, incluindo cebolas, gengibre, pimentas chili, gr\u00e3os, milho, feij\u00e3o, a\u00e7\u00facar, sal, especiarias, cacau, entre outros. Esta m\u00e1quina de moagem de p\u00f3 de cebola \u00e9 comumente usada nas seguintes configura\u00e7\u00f5es:<\/p>    <ul class=\"wp-block-list\"> <li>F\u00e1bricas de processamento de temperos<\/li>    <li>Empresas de processamento de alimentos<\/li>    <li>Projetos de processamento profundo de produtos agr\u00edcolas<\/li>    <li>Produ\u00e7\u00e3o de p\u00f3 de especiarias e ervas<\/li> <\/ul>    <figure class=\"wp-block-gallery has-nested-images columns-default is-cropped wp-block-gallery-3 is-layout-flex wp-block-gallery-is-layout-flex\"> <figure class=\"wp-block-image size-large\"><img loading=\"lazy\" decoding=\"async\" width=\"720\" height=\"540\" data-id=\"426\" src=\"https:\/\/gingermachines.com\/wp-content\/uploads\/2026\/03\/application-of-dried-onion-grinder.webp\" alt=\"application of dried onion grinder\" class=\"wp-image-426\" title=\"\" srcset=\"https:\/\/gingermachines.com\/wp-content\/uploads\/2026\/03\/application-of-dried-onion-grinder.webp 720w, https:\/\/gingermachines.com\/wp-content\/uploads\/2026\/03\/application-of-dried-onion-grinder-300x225.webp 300w, https:\/\/gingermachines.com\/wp-content\/uploads\/2026\/03\/application-of-dried-onion-grinder-16x12.webp 16w\" sizes=\"auto, (max-width: 720px) 100vw, 720px\" \/><figcaption class=\"wp-element-caption\">Aplica\u00e7\u00e3o do moedor de cebola seca<\/figcaption><\/figure>    <figure class=\"wp-block-image size-large\"><img loading=\"lazy\" decoding=\"async\" width=\"720\" height=\"540\" data-id=\"427\" src=\"https:\/\/gingermachines.com\/wp-content\/uploads\/2026\/03\/application-of-dried-onion-grinding-machine.webp\" alt=\"application of dried onion grinding machine\" class=\"wp-image-427\" title=\"\" srcset=\"https:\/\/gingermachines.com\/wp-content\/uploads\/2026\/03\/application-of-dried-onion-grinding-machine.webp 720w, https:\/\/gingermachines.com\/wp-content\/uploads\/2026\/03\/application-of-dried-onion-grinding-machine-300x225.webp 300w, https:\/\/gingermachines.com\/wp-content\/uploads\/2026\/03\/application-of-dried-onion-grinding-machine-16x12.webp 16w\" sizes=\"auto, (max-width: 720px) 100vw, 720px\" \/><figcaption class=\"wp-element-caption\">Aplica\u00e7\u00e3o do moedor de cebola seca<\/figcaption><\/figure> <\/figure>    <h2 class=\"wp-block-heading\"><strong>Componentes estruturais do moedor de p\u00f3 de cebola<\/strong><\/h2>    <p>Esta m\u00e1quina de fazer p\u00f3 de cebola em a\u00e7o inoxid\u00e1vel apresenta um design simples, bem elaborado, e oferece opera\u00e7\u00e3o direta. Seus componentes principais incluem:<\/p>    <ul class=\"wp-block-list\"> <li>Entrada de alimenta\u00e7\u00e3o: Projetada para alimenta\u00e7\u00e3o uniforme dos materiais, aumentando a efici\u00eancia do processamento.<\/li>    <li>Speed \u200b\u200bcontrol mechanism: Allows for the adjustment of the equipment&#8217;s operating speed.<\/li>    <li>C\u00e2mara de tritura\u00e7\u00e3o: A \u00e1rea principal de trabalho respons\u00e1vel pela tritura\u00e7\u00e3o de alta velocidade dos materiais.<\/li>    <li>Porcas de fixa\u00e7\u00e3o: Garantem a fixa\u00e7\u00e3o de componentes cr\u00edticos, assegurando a opera\u00e7\u00e3o est\u00e1vel do equipamento.<\/li>    <li>Interruptor de energia: Controla o ligar e desligar do equipamento, oferecendo opera\u00e7\u00e3o segura e conveniente.<\/li>    <li>Sa\u00edda de descarte: Facilita a descarga r\u00e1pida do p\u00f3 final.<\/li> <\/ul>    <p>Com sua estrutura compacta, opera\u00e7\u00e3o simples e facilidade de manuten\u00e7\u00e3o, este equipamento \u00e9 ideal para ambientes de produ\u00e7\u00e3o cont\u00ednua.<\/p>   <div class=\"wp-block-image\"> <figure class=\"aligncenter size-full\"><img loading=\"lazy\" decoding=\"async\" width=\"720\" height=\"540\" src=\"https:\/\/gingermachines.com\/wp-content\/uploads\/2026\/03\/structure-of-dried-onion-grinding-machine.webp\" alt=\"estrutura do moedor de cebola seca\" class=\"wp-image-418\" title=\"\" srcset=\"https:\/\/gingermachines.com\/wp-content\/uploads\/2026\/03\/structure-of-dried-onion-grinding-machine.webp 720w, https:\/\/gingermachines.com\/wp-content\/uploads\/2026\/03\/structure-of-dried-onion-grinding-machine-300x225.webp 300w, https:\/\/gingermachines.com\/wp-content\/uploads\/2026\/03\/structure-of-dried-onion-grinding-machine-16x12.webp 16w\" sizes=\"auto, (max-width: 720px) 100vw, 720px\" \/><figcaption class=\"wp-element-caption\">estrutura do moedor de cebola seca<\/figcaption><\/figure> <\/div>   <h2 class=\"wp-block-heading\"><strong>Par\u00e2metros t\u00e9cnicos da m\u00e1quina de fazer p\u00f3 de cebola<\/strong><\/h2>    <p>Antes de selecionar um modelo espec\u00edfico de equipamento, \u00e9 essencial entender as diferen\u00e7as entre os v\u00e1rios modelos em termos de produ\u00e7\u00e3o, consumo de energia e finura do produto final. Informa\u00e7\u00f5es detalhadas abaixo para sua refer\u00eancia:<\/p>    <figure class=\"wp-block-table\"><table class=\"has-fixed-layout\"><thead><tr><th>Modelo<\/th><th>15B<\/th><th>20B<\/th><th>30B<\/th><th>40B<\/th><th>50B<\/th><\/tr><\/thead><tbody><tr><td>Material<\/td><td>SUS 304<\/td><td>SUS 304<\/td><td>SUS 304<\/td><td>SUS 304<\/td><td>SUS 304<\/td><\/tr><tr><td>Poder<\/td><td>2,2 kW<\/td><td>4kw<\/td><td>7,5 kW<\/td><td>11kw<\/td><td>18,5kw<\/td><\/tr><tr><td>Velocidade de rota\u00e7\u00e3o<\/td><td>6000r\/m<\/td><td>4500r\/m<\/td><td>3800r\/m<\/td><td>3400r\/m<\/td><td>3200r\/m<\/td><\/tr><tr><td>Tamanho do material<\/td><td>&lt;8mm<\/td><td>&lt;8mm<\/td><td>&lt;10mm<\/td><td>&lt;12mm<\/td><td>&lt;14mm<\/td><\/tr><tr><td>Capacidade<\/td><td>10-60kg\/h<\/td><td>60-150kg\/h<\/td><td>100-300kg\/h<\/td><td>160-800kg\/h<\/td><td>500-1500kg\/h<\/td><\/tr><tr><td>Fineness<\/td><td>20-120malha<\/td><td>20-120malha<\/td><td>20-120malha<\/td><td>20-120malha<\/td><td>20-120malha<\/td><\/tr><tr><td>Peso<\/td><td>150kg<\/td><td>280kg<\/td><td>340kg<\/td><td>450kg<\/td><td>530kg<\/td><\/tr><\/tbody><\/table><figcaption class=\"wp-element-caption\">par\u00e2metros da m\u00e1quina de moagem de p\u00f3 de cebola<\/figcaption><\/figure>    <h2 class=\"wp-block-heading\"><strong>Quanto custa uma m\u00e1quina de moagem de cebola?<\/strong><\/h2>    <p>A faixa de pre\u00e7o geral para uma m\u00e1quina de fazer p\u00f3 de cebola geralmente varia entre $2.000 e $10.000; o pre\u00e7o espec\u00edfico depende do modelo do equipamento, capacidade de produ\u00e7\u00e3o e configura\u00e7\u00e3o. Os principais fatores que influenciam o pre\u00e7o incluem:<\/p>    <ul class=\"wp-block-list\"> <li><strong>Capacidade de produ\u00e7\u00e3o<\/strong>: Maior capacidade de produ\u00e7\u00e3o resulta em pre\u00e7o mais alto do equipamento.<\/li>    <li><strong>Pot\u00eancia do motor<\/strong>: Maior pot\u00eancia do motor leva a custos mais altos.<\/li>    <li><strong>Normas de material<\/strong>: Equipamento constru\u00eddo em a\u00e7o inoxid\u00e1vel de grau alimentar \u00e9 mais caro do que aquele feito com materiais padr\u00e3o.<\/li>    <li><strong>Requisitos de finura de moagem<\/strong>: Malhas de alta precis\u00e3o e sistemas de ajuste aumentam o custo total.<\/li> <\/ul>    <figure class=\"wp-block-gallery has-nested-images columns-default is-cropped wp-block-gallery-4 is-layout-flex wp-block-gallery-is-layout-flex\"> <figure class=\"wp-block-image size-large\"><img loading=\"lazy\" decoding=\"async\" width=\"720\" height=\"540\" data-id=\"419\" src=\"https:\/\/gingermachines.com\/wp-content\/uploads\/2026\/03\/onion-powder-grinder.webp\" alt=\"moedor de p\u00f3 de cebola\" class=\"wp-image-419\" title=\"\" srcset=\"https:\/\/gingermachines.com\/wp-content\/uploads\/2026\/03\/onion-powder-grinder.webp 720w, https:\/\/gingermachines.com\/wp-content\/uploads\/2026\/03\/onion-powder-grinder-300x225.webp 300w, https:\/\/gingermachines.com\/wp-content\/uploads\/2026\/03\/onion-powder-grinder-16x12.webp 16w\" sizes=\"auto, (max-width: 720px) 100vw, 720px\" \/><figcaption class=\"wp-element-caption\">Moedor de p\u00f3 de cebola<\/figcaption><\/figure>    <figure class=\"wp-block-image size-large\"><img loading=\"lazy\" decoding=\"async\" width=\"720\" height=\"540\" data-id=\"420\" src=\"https:\/\/gingermachines.com\/wp-content\/uploads\/2026\/03\/onion-powder-grinding-equipment.webp\" alt=\"equipamento de moagem de p\u00f3 de cebola\" class=\"wp-image-420\" title=\"\" srcset=\"https:\/\/gingermachines.com\/wp-content\/uploads\/2026\/03\/onion-powder-grinding-equipment.webp 720w, https:\/\/gingermachines.com\/wp-content\/uploads\/2026\/03\/onion-powder-grinding-equipment-300x225.webp 300w, https:\/\/gingermachines.com\/wp-content\/uploads\/2026\/03\/onion-powder-grinding-equipment-16x12.webp 16w\" sizes=\"auto, (max-width: 720px) 100vw, 720px\" \/><figcaption class=\"wp-element-caption\">Equipamento de moagem de p\u00f3 de cebola<\/figcaption><\/figure> <\/figure>    <h2 class=\"wp-block-heading\"><strong>Como escolher a m\u00e1quina de moagem de p\u00f3 de cebola?<\/strong><\/h2>    <p>Ao escolher uma m\u00e1quina de fazer p\u00f3 de cebola, recomenda-se basear sua escolha nos seguintes fatores:<\/p>    <ul class=\"wp-block-list\"> <li>Capacidade de produ\u00e7\u00e3o por hora requerida<\/li>    <li>Tipo e tamanho das mat\u00e9rias-primas<\/li>    <li>Fineness requerida do produto final<\/li>    <li>Condi\u00e7\u00f5es do local e fornecimento de energia<\/li> <\/ul>    <p>Selecionar o modelo de equipamento adequado ajuda a aumentar a efici\u00eancia de produ\u00e7\u00e3o e reduzir custos operacionais.<\/p>   <div class=\"wp-block-image\"> <figure class=\"aligncenter size-full\"><img loading=\"lazy\" decoding=\"async\" width=\"720\" height=\"540\" src=\"https:\/\/gingermachines.com\/wp-content\/uploads\/2026\/03\/onion-powder-making-machine.webp\" alt=\"m\u00e1quina de fazer p\u00f3 de cebola\" class=\"wp-image-421\" title=\"\" srcset=\"https:\/\/gingermachines.com\/wp-content\/uploads\/2026\/03\/onion-powder-making-machine.webp 720w, https:\/\/gingermachines.com\/wp-content\/uploads\/2026\/03\/onion-powder-making-machine-300x225.webp 300w, https:\/\/gingermachines.com\/wp-content\/uploads\/2026\/03\/onion-powder-making-machine-16x12.webp 16w\" sizes=\"auto, (max-width: 720px) 100vw, 720px\" \/><figcaption class=\"wp-element-caption\">m\u00e1quina de fazer p\u00f3 de cebola<\/figcaption><\/figure> <\/div>   <h2 class=\"wp-block-heading\"><strong>Entre em contato conosco para obter um or\u00e7amento agora!<\/strong><\/h2>    <p class=\"translation-block\">A m\u00e1quina de fazer p\u00f3 de cebola \u00e9 uma pe\u00e7a fundamental para o processamento profundo de cebolas. Tamb\u00e9m oferecemos um conjunto completo de equipamentos de processamento de cebola, incluindo <a href=\"https:\/\/gingermachines.com\/pt\/product\/automatic-onion-peeling-machine\/\">descascador de cebola<\/a>, <a href=\"https:\/\/gingermachines.com\/pt\/product\/onion-cutting-machine\/\">cortador de cebola<\/a>, e <a href=\"https:\/\/gingermachines.com\/pt\/product\/onion-drying-machine\/\">secador de cebola<\/a>, permitindo um processo de produ\u00e7\u00e3o completo desde as mat\u00e9rias-primas at\u00e9 o p\u00f3 final.<\/p>    <p>Se desejar receber uma cota\u00e7\u00e3o detalhada, sinta-se \u00e0 vontade para nos contactar a qualquer momento. Forneceremos recomenda\u00e7\u00f5es especializadas sobre a configura\u00e7\u00e3o do equipamento, adaptadas \u00e0s suas necessidades espec\u00edficas.<\/p>","protected":false},"excerpt":{"rendered":"<p>This article primarily introduces our onion powder making machine. Our onion grinder is constructed from stainless steel. It is suitable for processing onions, ginger, chili peppers, grains, and similar products. Its processing capacity ranges from 10 to 1,500 kilograms per hour, producing a finished product with a fineness ranging from 20 to 120 mesh.<\/p>","protected":false},"author":1,"featured_media":425,"parent":0,"template":"","tags":[9],"product-type":[6],"class_list":["post-414","product","type-product","status-publish","has-post-thumbnail","hentry","tag-onion","product-type-products"],"_links":{"self":[{"href":"https:\/\/gingermachines.com\/pt\/wp-json\/wp\/v2\/product\/414","targetHints":{"allow":["GET"]}}],"collection":[{"href":"https:\/\/gingermachines.com\/pt\/wp-json\/wp\/v2\/product"}],"about":[{"href":"https:\/\/gingermachines.com\/pt\/wp-json\/wp\/v2\/types\/product"}],"author":[{"embeddable":true,"href":"https:\/\/gingermachines.com\/pt\/wp-json\/wp\/v2\/users\/1"}],"wp:featuredmedia":[{"embeddable":true,"href":"https:\/\/gingermachines.com\/pt\/wp-json\/wp\/v2\/media\/425"}],"wp:attachment":[{"href":"https:\/\/gingermachines.com\/pt\/wp-json\/wp\/v2\/media?parent=414"}],"wp:term":[{"taxonomy":"post_tag","embeddable":true,"href":"https:\/\/gingermachines.com\/pt\/wp-json\/wp\/v2\/tags?post=414"},{"taxonomy":"product-type","embeddable":true,"href":"https:\/\/gingermachines.com\/pt\/wp-json\/wp\/v2\/product-type?post=414"}],"curies":[{"name":"wp","href":"https:\/\/api.w.org\/{rel}","templated":true}]}}