{"id":387,"date":"2026-03-11T14:34:05","date_gmt":"2026-03-11T06:34:05","guid":{"rendered":"https:\/\/gingermachines.com\/?post_type=product&#038;p=387"},"modified":"2026-03-11T14:37:16","modified_gmt":"2026-03-11T06:37:16","slug":"onion-drying-machine","status":"publish","type":"product","link":"https:\/\/gingermachines.com\/pt\/product\/onion-drying-machine\/","title":{"rendered":"M\u00e1quina de secar cebolas"},"content":{"rendered":"<p class=\"translation-block\">A m\u00e1quina de secar cebolas  \u00e9 um dispositivo que utiliza tecnologia de circula\u00e7\u00e3o de ar quente aquecido eletricamente. Sua capacidade de secagem \u00e9 aproximadamente 100\u2013600 kg por lote. Nossa m\u00e1quina de secar cebolas \u00e9 adequada para uma variedade de materiais incluindo cebolas, cogumelos, pimentas, ervas medicinais chinesas, salsichas, camar\u00f5es pequenos, damascos secos e ameixas secas.<\/p>    <p>A m\u00e1quina de secar cebolas Taizy est\u00e1 equipada com ventilador de circula\u00e7\u00e3o e exaustor, alcan\u00e7ando uma secagem uniforme atrav\u00e9s da circula\u00e7\u00e3o cont\u00ednua de ar quente. Al\u00e9m disso, temperatura, humidade e tempo de secagem podem ser configurados via painel de controlo. Se procura equipamento de secagem, n\u00e3o hesite em contactar-nos!<\/p>    <h2 class=\"wp-block-heading\"><strong>Caracter\u00edsticas da m\u00e1quina de secar cebolas<\/strong><\/h2>    <p class=\"translation-block\">1. <strong>Sistema de circula\u00e7\u00e3o de ar quente<\/strong><\/p>    <p>O equipamento est\u00e1 equipado com um ventilador de circula\u00e7\u00e3o para circular continuamente ar quente dentro da c\u00e2mara de secagem, garantindo o aquecimento uniforme de cada bandeja.<\/p>    <p class=\"translation-block\">2. <strong>Sistema de controlo inteligente<\/strong><\/p>    <p>O arm\u00e1rio de controle possui um painel de controle digital, permitindo aos usu\u00e1rios configurar:<\/p>    <ul class=\"wp-block-list\"> <li>Temperatura<\/li>    <li>Humidade<\/li>    <li>Tempo de secagem<\/li>    <li>Intervalo de tempo<\/li> <\/ul>    <p class=\"translation-block\">3. <strong>Design de estrutura de isolamento<\/strong><\/p>    <p>A c\u00e2mara de secagem \u00e9 constru\u00edda com uma placa de isolamento de l\u00e3 de rocha de 7,5cm de espessura, proporcionando excelente desempenho de isolamento e reduzindo efetivamente a perda de calor.<\/p>    <p class=\"translation-block\">4. <strong>Material da bandeja personaliz\u00e1vel<\/strong><\/p>    <p>A bandeja padr\u00e3o \u00e9 de galvanizado, mas op\u00e7\u00f5es personalizadas est\u00e3o dispon\u00edveis mediante solicita\u00e7\u00e3o:<\/p>    <ul class=\"wp-block-list\"> <li>Bandejas de a\u00e7o inoxid\u00e1vel<\/li>    <li>Bandejas de pl\u00e1stico<\/li> <\/ul>    <p class=\"translation-block\">5. <strong>Estrutura de aquecimento el\u00e9trico<\/strong><\/p>    <p>A m\u00e1quina de secar cebolas usa aquecimento el\u00e9trico; o elemento de aquecimento \u00e9 instalado acima do ventilador de circula\u00e7\u00e3o, permitindo que o ar quente se difunda rapidamente no espa\u00e7o de secagem.<\/p>    <figure class=\"wp-block-gallery has-nested-images columns-default is-cropped wp-block-gallery-2 is-layout-flex wp-block-gallery-is-layout-flex\"> <figure class=\"wp-block-image size-large\"><img loading=\"lazy\" decoding=\"async\" width=\"720\" height=\"540\" data-id=\"391\" src=\"https:\/\/gingermachines.com\/wp-content\/uploads\/2026\/03\/onion-slice-drying-machine.webp\" alt=\"bandeja de a\u00e7o inoxid\u00e1vel da m\u00e1quina de secar cebola e vegetais\" class=\"wp-image-391\" title=\"\" srcset=\"https:\/\/gingermachines.com\/wp-content\/uploads\/2026\/03\/onion-slice-drying-machine.webp 720w, https:\/\/gingermachines.com\/wp-content\/uploads\/2026\/03\/onion-slice-drying-machine-300x225.webp 300w, https:\/\/gingermachines.com\/wp-content\/uploads\/2026\/03\/onion-slice-drying-machine-16x12.webp 16w\" sizes=\"auto, (max-width: 720px) 100vw, 720px\" \/><figcaption class=\"wp-element-caption\">M\u00e1quina de secar cebola<\/figcaption><\/figure>    <figure class=\"wp-block-image size-large\"><img loading=\"lazy\" decoding=\"async\" width=\"720\" height=\"540\" data-id=\"390\" src=\"https:\/\/gingermachines.com\/wp-content\/uploads\/2026\/03\/circulating-fan.webp\" alt=\"circulating fan of onion dryer\" class=\"wp-image-390\" title=\"\" srcset=\"https:\/\/gingermachines.com\/wp-content\/uploads\/2026\/03\/circulating-fan.webp 720w, https:\/\/gingermachines.com\/wp-content\/uploads\/2026\/03\/circulating-fan-300x225.webp 300w, https:\/\/gingermachines.com\/wp-content\/uploads\/2026\/03\/circulating-fan-16x12.webp 16w\" sizes=\"auto, (max-width: 720px) 100vw, 720px\" \/><figcaption class=\"wp-element-caption\">Ventilador de circula\u00e7\u00e3o da m\u00e1quina de secar cebolas<\/figcaption><\/figure>    <figure class=\"wp-block-image size-large\"><img loading=\"lazy\" decoding=\"async\" width=\"720\" height=\"540\" data-id=\"389\" src=\"https:\/\/gingermachines.com\/wp-content\/uploads\/2026\/03\/operation-screen-of-electric-heating-dryer.webp\" alt=\"operation screen of electric heating dryer\" class=\"wp-image-389\" title=\"\" srcset=\"https:\/\/gingermachines.com\/wp-content\/uploads\/2026\/03\/operation-screen-of-electric-heating-dryer.webp 720w, https:\/\/gingermachines.com\/wp-content\/uploads\/2026\/03\/operation-screen-of-electric-heating-dryer-300x225.webp 300w, https:\/\/gingermachines.com\/wp-content\/uploads\/2026\/03\/operation-screen-of-electric-heating-dryer-16x12.webp 16w\" sizes=\"auto, (max-width: 720px) 100vw, 720px\" \/><figcaption class=\"wp-element-caption\">Tela de opera\u00e7\u00e3o da m\u00e1quina de aquecimento el\u00e9trico<\/figcaption><\/figure> <\/figure>    <figure class=\"wp-block-gallery has-nested-images columns-default is-cropped wp-block-gallery-3 is-layout-flex wp-block-gallery-is-layout-flex\"> <figure class=\"wp-block-image size-large\"><img loading=\"lazy\" decoding=\"async\" width=\"720\" height=\"540\" data-id=\"394\" src=\"https:\/\/gingermachines.com\/wp-content\/uploads\/2026\/03\/galvanized-tray-of-onion-slice-dryer.webp\" alt=\"bandeja de pl\u00e1stico da m\u00e1quina de secar cebolas\" class=\"wp-image-394\" title=\"\" srcset=\"https:\/\/gingermachines.com\/wp-content\/uploads\/2026\/03\/galvanized-tray-of-onion-slice-dryer.webp 720w, https:\/\/gingermachines.com\/wp-content\/uploads\/2026\/03\/galvanized-tray-of-onion-slice-dryer-300x225.webp 300w, https:\/\/gingermachines.com\/wp-content\/uploads\/2026\/03\/galvanized-tray-of-onion-slice-dryer-16x12.webp 16w\" sizes=\"auto, (max-width: 720px) 100vw, 720px\" \/><figcaption class=\"wp-element-caption\">Bandejas galvanizadas da m\u00e1quina de fatias de cebola<\/figcaption><\/figure>    <figure class=\"wp-block-image size-large\"><img loading=\"lazy\" decoding=\"async\" width=\"720\" height=\"540\" data-id=\"393\" src=\"https:\/\/gingermachines.com\/wp-content\/uploads\/2026\/03\/stainless-steel-tray-of-vegetable-onion-drying-machine.webp\" alt=\"bandeja galvanizada da m\u00e1quina de fatias de cebola\" class=\"wp-image-393\" title=\"\" srcset=\"https:\/\/gingermachines.com\/wp-content\/uploads\/2026\/03\/stainless-steel-tray-of-vegetable-onion-drying-machine.webp 720w, https:\/\/gingermachines.com\/wp-content\/uploads\/2026\/03\/stainless-steel-tray-of-vegetable-onion-drying-machine-300x225.webp 300w, https:\/\/gingermachines.com\/wp-content\/uploads\/2026\/03\/stainless-steel-tray-of-vegetable-onion-drying-machine-16x12.webp 16w\" sizes=\"auto, (max-width: 720px) 100vw, 720px\" \/><figcaption class=\"wp-element-caption\">Bandejas de a\u00e7o inoxid\u00e1vel da m\u00e1quina de secar cebola e vegetais<\/figcaption><\/figure>    <figure class=\"wp-block-image size-large\"><img loading=\"lazy\" decoding=\"async\" width=\"720\" height=\"540\" data-id=\"392\" src=\"https:\/\/gingermachines.com\/wp-content\/uploads\/2026\/03\/plastic-tray-of-dryer-machine-for-onions.webp\" alt=\"Ventilador de circula\u00e7\u00e3o da m\u00e1quina de secar cebolas\" class=\"wp-image-392\" title=\"\" srcset=\"https:\/\/gingermachines.com\/wp-content\/uploads\/2026\/03\/plastic-tray-of-dryer-machine-for-onions.webp 720w, https:\/\/gingermachines.com\/wp-content\/uploads\/2026\/03\/plastic-tray-of-dryer-machine-for-onions-300x225.webp 300w, https:\/\/gingermachines.com\/wp-content\/uploads\/2026\/03\/plastic-tray-of-dryer-machine-for-onions-16x12.webp 16w\" sizes=\"auto, (max-width: 720px) 100vw, 720px\" \/><figcaption class=\"wp-element-caption\">Bandejas de pl\u00e1stico da m\u00e1quina de secar cebolas<\/figcaption><\/figure> <\/figure>    <h2 class=\"wp-block-heading\"><strong>Como funciona a m\u00e1quina de fatias de cebola?<\/strong><\/h2>    <p>A m\u00e1quina de secar cebolas Taizy utiliza um processo cont\u00ednuo de aquecimento, circula\u00e7\u00e3o e desumidifica\u00e7\u00e3o para garantir uma secagem eficiente dos materiais sob condi\u00e7\u00f5es de temperatura est\u00e1veis.<\/p>    <ol class=\"wp-block-list\"> <li><strong>Aquecimento el\u00e9trico gera ar quente<\/strong>: Aquecimento el\u00e9trico aumenta rapidamente a temperatura dentro da c\u00e2mara de secagem.<\/li>    <li><strong>Ventilador de circula\u00e7\u00e3o distribui o ar de forma uniforme<\/strong>: O ventilador de circula\u00e7\u00e3o dissipa o calor do ar atrav\u00e9s de dutos de ar, garantindo uma distribui\u00e7\u00e3o uniforme do calor por toda a c\u00e2mara de secagem.<\/li>    <li><strong>Ar quente \u00e9 direcionado para as bandejas de material<\/strong>: Ar quente \u00e9 continuamente soprado sobre os materiais nas bandejas, causando r\u00e1pida evapora\u00e7\u00e3o da umidade e alcan\u00e7ando uma secagem uniforme.<\/li>    <li><strong>Sistema de desumidifica\u00e7\u00e3o remove a umidade<\/strong>: O ventilador de desumidifica\u00e7\u00e3o remove a umidade gerada durante o processo de secagem, mantendo um ambiente seco.<\/li> <\/ol>    <figure class=\"wp-block-gallery has-nested-images columns-default is-cropped wp-block-gallery-4 is-layout-flex wp-block-gallery-is-layout-flex\"> <figure class=\"wp-block-image size-large\"><img loading=\"lazy\" decoding=\"async\" width=\"540\" height=\"720\" data-id=\"397\" src=\"https:\/\/gingermachines.com\/wp-content\/uploads\/2026\/03\/vegetable-drying-machine.webp\" alt=\"m\u00e1quina de secar vegetais\" class=\"wp-image-397\" title=\"\" srcset=\"https:\/\/gingermachines.com\/wp-content\/uploads\/2026\/03\/vegetable-drying-machine.webp 540w, https:\/\/gingermachines.com\/wp-content\/uploads\/2026\/03\/vegetable-drying-machine-225x300.webp 225w, https:\/\/gingermachines.com\/wp-content\/uploads\/2026\/03\/vegetable-drying-machine-9x12.webp 9w\" sizes=\"auto, (max-width: 540px) 100vw, 540px\" \/><figcaption class=\"wp-element-caption\">M\u00e1quina de secar vegetais<\/figcaption><\/figure>    <figure class=\"wp-block-image size-large\"><img loading=\"lazy\" decoding=\"async\" width=\"540\" height=\"720\" data-id=\"396\" src=\"https:\/\/gingermachines.com\/wp-content\/uploads\/2026\/03\/onion-drying-equipment.webp\" alt=\"onion drying equipment\" class=\"wp-image-396\" title=\"\" srcset=\"https:\/\/gingermachines.com\/wp-content\/uploads\/2026\/03\/onion-drying-equipment.webp 540w, https:\/\/gingermachines.com\/wp-content\/uploads\/2026\/03\/onion-drying-equipment-225x300.webp 225w, https:\/\/gingermachines.com\/wp-content\/uploads\/2026\/03\/onion-drying-equipment-9x12.webp 9w\" sizes=\"auto, (max-width: 540px) 100vw, 540px\" \/><figcaption class=\"wp-element-caption\">Equipamento de secagem de cebolas<\/figcaption><\/figure>    <figure class=\"wp-block-image size-large\"><img loading=\"lazy\" decoding=\"async\" width=\"540\" height=\"720\" data-id=\"395\" src=\"https:\/\/gingermachines.com\/wp-content\/uploads\/2026\/03\/onion-dryer-machine.webp\" alt=\"M\u00e1quina de secar cebolas\" class=\"wp-image-395\" title=\"\" srcset=\"https:\/\/gingermachines.com\/wp-content\/uploads\/2026\/03\/onion-dryer-machine.webp 540w, https:\/\/gingermachines.com\/wp-content\/uploads\/2026\/03\/onion-dryer-machine-225x300.webp 225w, https:\/\/gingermachines.com\/wp-content\/uploads\/2026\/03\/onion-dryer-machine-9x12.webp 9w\" sizes=\"auto, (max-width: 540px) 100vw, 540px\" \/><figcaption class=\"wp-element-caption\">M\u00e1quina de secar cebolas<\/figcaption><\/figure> <\/figure>    <h2 class=\"wp-block-heading\"><strong>Quais s\u00e3o as aplica\u00e7\u00f5es da m\u00e1quina de secar cebolas?<\/strong><\/h2>    <p>A m\u00e1quina de secar cebolas tem uma vasta gama de aplica\u00e7\u00f5es e pode ser usada para secar diversos alimentos e produtos agr\u00edcolas.<\/p>    <ul class=\"wp-block-list\"> <li><strong>Produto de carne<\/strong>: Porco curado, salsichas, carne de porco seca<\/li>    <li><strong>Produto aqu\u00e1tico<\/strong>: Peixe pequeno, camar\u00e3o pequeno<\/li>    <li><strong>Produto agr\u00edcola<\/strong>: Cebolas, piment\u00f5es, cogumelos, vegetais secos<\/li>    <li><strong>Frutas secas<\/strong>: Damascos secos, ameixas secas, mangas secas, frutas cristalizadas<\/li>    <li><strong>Material medicinal tradicional chin\u00eas:<\/strong> Diversos materiais medicinais de raiz e folha<\/li> <\/ul>    <p>A m\u00e1quina de secar cebolas usa um m\u00e9todo de secagem por ar quente de temperatura constante, que pode preservar melhor a cor, o sabor e os nutrientes dos materiais.<\/p>   <div class=\"wp-block-image\"> <figure class=\"aligncenter size-full\"><img loading=\"lazy\" decoding=\"async\" width=\"720\" height=\"540\" src=\"https:\/\/gingermachines.com\/wp-content\/uploads\/2026\/03\/application-of-onion-dryer.webp\" alt=\"Aplica\u00e7\u00e3o da m\u00e1quina de secar cebolas\" class=\"wp-image-398\" title=\"\" srcset=\"https:\/\/gingermachines.com\/wp-content\/uploads\/2026\/03\/application-of-onion-dryer.webp 720w, https:\/\/gingermachines.com\/wp-content\/uploads\/2026\/03\/application-of-onion-dryer-300x225.webp 300w, https:\/\/gingermachines.com\/wp-content\/uploads\/2026\/03\/application-of-onion-dryer-16x12.webp 16w\" sizes=\"auto, (max-width: 720px) 100vw, 720px\" \/><figcaption class=\"wp-element-caption\">Aplica\u00e7\u00e3o da m\u00e1quina de secar cebolas<\/figcaption><\/figure> <\/div>   <h2 class=\"wp-block-heading\"><strong>Par\u00e2metros t\u00e9cnicos da m\u00e1quina de secar cebolas<\/strong><\/h2>    <p>Oferecemos v\u00e1rios modelos de m\u00e1quinas de secar cebolas. Abaixo est\u00e3o suas especifica\u00e7\u00f5es detalhadas para sua refer\u00eancia:<\/p>    <figure class=\"wp-block-table\"><table><thead><tr><th>Modelo<\/th><th>N\u00famero de camadas de bandeja<\/th><th>Capacidade (por lote)<\/th><th>Tamanho total (mm)<\/th><th>Tamanho da bandeja (mm)<\/th><th>Pot\u00eancia (kw)<\/th><th>Ventiladores de circula\u00e7\u00e3o (kw)<\/th><th>Exaustores (kw)<\/th><th>Material<\/th><\/tr><\/thead><tbody><tr><td>TZ-20<\/td><td>20<\/td><td>Aproximadamente 100kg<\/td><td>1100\u00d71100\u00d72200<\/td><td>800\u00d7600<\/td><td>6<\/td><td>2\u00d70.37<\/td><td>1\u00d70.18<\/td><td>L\u00e3 de rocha<\/td><\/tr><tr><td>TZ-40<\/td><td>40<\/td><td>Aproximadamente 200kg<\/td><td>2200\u00d71100\u00d72200<\/td><td>800\u00d71000<\/td><td>13.5<\/td><td>2\u00d70.37<\/td><td>1\u00d70.18<\/td><td>L\u00e3 de rocha<\/td><\/tr><tr><td>TZ-80<\/td><td>80<\/td><td>Aproximadamente 400kg<\/td><td>2000\u00d71800\u00d72200<\/td><td>800\u00d7600<\/td><td>27<\/td><td>4\u00d70.37<\/td><td>2\u00d70.18k<\/td><td>L\u00e3 de rocha<\/td><\/tr><tr><td>TZ-120<\/td><td>120<\/td><td>Aproximadamente 600kg<\/td><td>2600\u00d71800\u00d72200<\/td><td>800\u00d7600<\/td><td>36<\/td><td>4\u00d70.37<\/td><td>2\u00d70.37<\/td><td>L\u00e3 de rocha<\/td><\/tr><\/tbody><\/table><figcaption class=\"wp-element-caption\">Par\u00e2metros do equipamento de secagem de cebolas<\/figcaption><\/figure>    <h2 class=\"wp-block-heading\"><strong>Outros tipos de secadores de cebolas \u00e0 venda<\/strong><\/h2>    <p>Al\u00e9m da m\u00e1quina de secar cebolas com aquecimento el\u00e9trico, tamb\u00e9m oferecemos uma variedade de equipamentos de secagem de alta capacidade adequados para necessidades de produ\u00e7\u00e3o em grande escala. Essas unidades de secagem podem ser equipadas com diferentes fontes de calor de acordo com as necessidades do cliente, como:<\/p>    <ul class=\"wp-block-list\"> <li>Pellet de biomassa<\/li>    <li>Gas\u00f3leo<\/li>    <li>G\u00e1s natural<\/li>    <li>G\u00e1s de petr\u00f3leo liquefeito<\/li>    <li>Bomba de calor de fonte de ar<\/li> <\/ul>    <p>Em compara\u00e7\u00e3o com o secador de cebolas aquecido eletricamente, estas unidades s\u00e3o tipicamente maiores e possuem uma maior capacidade de processamento por lote. Se desejar saber mais, sinta-se \u00e0 vontade para nos contactar!<\/p>    <figure class=\"wp-block-gallery has-nested-images columns-default is-cropped wp-block-gallery-5 is-layout-flex wp-block-gallery-is-layout-flex\"> <figure class=\"wp-block-image size-large\"><img loading=\"lazy\" decoding=\"async\" width=\"720\" height=\"540\" data-id=\"399\" src=\"https:\/\/gingermachines.com\/wp-content\/uploads\/2026\/03\/large-onion-dryer-machine.webp\" alt=\"large onion dryer machine\" class=\"wp-image-399\" title=\"\" srcset=\"https:\/\/gingermachines.com\/wp-content\/uploads\/2026\/03\/large-onion-dryer-machine.webp 720w, https:\/\/gingermachines.com\/wp-content\/uploads\/2026\/03\/large-onion-dryer-machine-300x225.webp 300w, https:\/\/gingermachines.com\/wp-content\/uploads\/2026\/03\/large-onion-dryer-machine-16x12.webp 16w\" sizes=\"auto, (max-width: 720px) 100vw, 720px\" \/><figcaption class=\"wp-element-caption\">Grande m\u00e1quina de secar cebolas<\/figcaption><\/figure>    <figure class=\"wp-block-image size-large\"><img loading=\"lazy\" decoding=\"async\" width=\"720\" height=\"540\" data-id=\"400\" src=\"https:\/\/gingermachines.com\/wp-content\/uploads\/2026\/03\/large-onion-dryer.webp\" alt=\"large onion dryer\" class=\"wp-image-400\" title=\"\" srcset=\"https:\/\/gingermachines.com\/wp-content\/uploads\/2026\/03\/large-onion-dryer.webp 720w, https:\/\/gingermachines.com\/wp-content\/uploads\/2026\/03\/large-onion-dryer-300x225.webp 300w, https:\/\/gingermachines.com\/wp-content\/uploads\/2026\/03\/large-onion-dryer-16x12.webp 16w\" sizes=\"auto, (max-width: 720px) 100vw, 720px\" \/><figcaption class=\"wp-element-caption\">Grande m\u00e1quina de secar cebolas<\/figcaption><\/figure> <\/figure>    <h2 class=\"wp-block-heading\"><strong>Pre\u00e7o da m\u00e1quina de secar cebolas<\/strong><\/h2>    <p>O pre\u00e7o de um secador de cebolas varia dependendo de fatores como o modelo do equipamento, configura\u00e7\u00e3o de pot\u00eancia, n\u00famero de bandejas, sele\u00e7\u00e3o de materiais e capacidade de secagem. Diferentes clientes t\u00eam necessidades de processamento distintas, o que tamb\u00e9m afetar\u00e1 o pre\u00e7o.<\/p>    <p>Geralmente, pequenas m\u00e1quinas de secar cebolas em fatias com aquecimento el\u00e9trico s\u00e3o adequadas para processamento de pequena a m\u00e9dia escala. Se for necess\u00e1ria uma capacidade maior ou um equipamento de secagem com uma fonte de calor diferente, tamb\u00e9m podemos fornecer solu\u00e7\u00f5es personalizadas.<\/p>   <div class=\"wp-block-image\"> <figure class=\"aligncenter size-full\"><img loading=\"lazy\" decoding=\"async\" width=\"720\" height=\"540\" src=\"https:\/\/gingermachines.com\/wp-content\/uploads\/2026\/03\/vegetable-dryer.webp\" alt=\"secador de vegetais\" class=\"wp-image-401\" title=\"\" srcset=\"https:\/\/gingermachines.com\/wp-content\/uploads\/2026\/03\/vegetable-dryer.webp 720w, https:\/\/gingermachines.com\/wp-content\/uploads\/2026\/03\/vegetable-dryer-300x225.webp 300w, https:\/\/gingermachines.com\/wp-content\/uploads\/2026\/03\/vegetable-dryer-16x12.webp 16w\" sizes=\"auto, (max-width: 720px) 100vw, 720px\" \/><figcaption class=\"wp-element-caption\">secador de vegetais<\/figcaption><\/figure> <\/div>   <h2 class=\"wp-block-heading\"><strong>Por que escolher a Taizy como seu fornecedor?<\/strong><\/h2>    <p>N\u00e3o s\u00f3 fornecemos m\u00e1quinas de secar cebolas de alta qualidade, mas tamb\u00e9m oferecemos solu\u00e7\u00f5es completas de equipamentos de processamento de cebolas. Al\u00e9m das secadoras de cebolas, tamb\u00e9m fornecemos uma variedade de outros equipamentos:<\/p>    <ul class=\"wp-block-list\"> <li><a href=\"https:\/\/gingermachines.com\/pt\/product\/automatic-onion-peeling-machine\/\">M\u00e1quina de descascamento de cebolas<\/a><\/li>    <li><a href=\"https:\/\/gingermachines.com\/pt\/product\/onion-root-cutting-machine\/\">M\u00e1quina de corte de raiz de cebola<\/a><\/li>    <li><a href=\"https:\/\/gingermachines.com\/pt\/product\/onion-cutting-machine\/\">M\u00e1quina de cortar cebolas<\/a><\/li> <\/ul>    <p>Podemos ajudar os clientes a alcan\u00e7ar um processamento integrado desde a lavagem, descascamento, corte at\u00e9 a secagem, melhorando significativamente a efici\u00eancia de produ\u00e7\u00e3o e reduzindo custos de m\u00e3o-de-obra.<\/p>    <p>Al\u00e9m disso, a Taizy possui experi\u00eancia de produ\u00e7\u00e3o madura e um sistema abrangente de p\u00f3s-venda. Nosso equipamento foi exportado para muitos pa\u00edses e regi\u00f5es.<\/p>    <h2 class=\"wp-block-heading\"><strong>Inicie sua consulta hoje!<\/strong><\/h2>    <p>Para especifica\u00e7\u00f5es detalhadas, configura\u00e7\u00f5es ou informa\u00e7\u00f5es de pre\u00e7os sobre a m\u00e1quina de secar cebolas, entre em contacto connosco. Podemos recomendar modelos de equipamento adequados e fornecer as \u00faltimas cota\u00e7\u00f5es com base nos seus materiais de processamento e necessidades de produ\u00e7\u00e3o!<\/p>","protected":false},"excerpt":{"rendered":"<p>This article introduces the structural features, working principle, and application range of the onion drying machine. This equipment uses electrically heated hot air circulating drying technology, with a capacity of approximately 100-600kg\/batch. It is suitable for onions, mushrooms, peppers, Chinese medicinal herbs, cured meat, sausages, small fish, small shrimp, dried vegetables, and preserved fruits, among others.<\/p>","protected":false},"author":1,"featured_media":388,"parent":0,"template":"","tags":[9],"product-type":[6],"class_list":["post-387","product","type-product","status-publish","has-post-thumbnail","hentry","tag-onion","product-type-products"],"_links":{"self":[{"href":"https:\/\/gingermachines.com\/pt\/wp-json\/wp\/v2\/product\/387","targetHints":{"allow":["GET"]}}],"collection":[{"href":"https:\/\/gingermachines.com\/pt\/wp-json\/wp\/v2\/product"}],"about":[{"href":"https:\/\/gingermachines.com\/pt\/wp-json\/wp\/v2\/types\/product"}],"author":[{"embeddable":true,"href":"https:\/\/gingermachines.com\/pt\/wp-json\/wp\/v2\/users\/1"}],"wp:featuredmedia":[{"embeddable":true,"href":"https:\/\/gingermachines.com\/pt\/wp-json\/wp\/v2\/media\/388"}],"wp:attachment":[{"href":"https:\/\/gingermachines.com\/pt\/wp-json\/wp\/v2\/media?parent=387"}],"wp:term":[{"taxonomy":"post_tag","embeddable":true,"href":"https:\/\/gingermachines.com\/pt\/wp-json\/wp\/v2\/tags?post=387"},{"taxonomy":"product-type","embeddable":true,"href":"https:\/\/gingermachines.com\/pt\/wp-json\/wp\/v2\/product-type?post=387"}],"curies":[{"name":"wp","href":"https:\/\/api.w.org\/{rel}","templated":true}]}}