{"id":37,"date":"2022-09-07T01:59:01","date_gmt":"2022-09-06T17:59:01","guid":{"rendered":"https:\/\/gingermachines.com\/?post_type=product&#038;p=37"},"modified":"2023-08-18T10:55:57","modified_gmt":"2023-08-18T02:55:57","slug":"ginger-grinding-machine","status":"publish","type":"product","link":"https:\/\/gingermachines.com\/pt\/product\/ginger-grinding-machine\/","title":{"rendered":"M\u00e1quina de moer gengibre"},"content":{"rendered":"<p class=\"translation-block\"><strong>M\u00e1quina de moagem de gengibre<\/strong>, frequentemente abreviada como moedor de gengibre, \u00e9 uma ferramenta poderosa para <a href=\"https:\/\/gingermachines.com\/pt\/Info\/how-to-grind-ginger-into-powder\/\">moer gengibre seco em p\u00f3 fino<\/a>. Al\u00e9m disso, tem uma vasta gama de aplica\u00e7\u00f5es, sendo tamb\u00e9m utilizada para processar alho, cebola, batata, banana, carne, cereais, especiarias, malagueta, vegetais, gr\u00e3os, arroz, ervas medicinais, etc. A capacidade da m\u00e1quina autom\u00e1tica de moagem de gengibre varia de 10kg\/h a 500kg\/h. Existem v\u00e1rios modelos dispon\u00edveis \u00e0 sua escolha. Al\u00e9m disso, temos uma capacidade altamente forte para fornecer servi\u00e7o OEM\/ODM para atender aos seus requisitos espec\u00edficos. <\/p>    <p>Toda a m\u00e1quina usa uma estrutura de corpo em a\u00e7o inoxid\u00e1vel 304, que \u00e9 dur\u00e1vel e de qualidade alimentar. E a retificadora de gengibre \u00e0 venda na f\u00e1brica TAIZY possui caracter\u00edsticas de alto n\u00edvel de automa\u00e7\u00e3o, estrutura simples e tamanho pequeno. Se voc\u00ea est\u00e1 procurando uma m\u00e1quina trituradora de vegetais confi\u00e1vel, entre em contato conosco para iniciar seu neg\u00f3cio de gengibre o mais r\u00e1pido poss\u00edvel.<\/p>    <h2 class=\"wp-block-heading\" id=\"h-features\">Caracter\u00edsticas da m\u00e1quina de moer gengibre<\/h2>    <ol class=\"wp-block-list\" type=\"1\"> <li>A m\u00e1quina trituradora de gengibre possui estrutura simples e design razo\u00e1vel, \u00e9 f\u00e1cil de operar e manter.<\/li>    <li>Ampla gama de aplica\u00e7\u00f5es. Este moedor comercial de gengibre \u00e9 amplamente utilizado na ind\u00fastria de processamento de vegetais, f\u00e1bricas farmac\u00eauticas e f\u00e1bricas de produ\u00e7\u00e3o de especiarias.<\/li>    <li>Economia de energia e alta efici\u00eancia. Possui alto rendimento, economia de energia e alta efici\u00eancia.<\/li>    <li>A retificadora el\u00e9trica de gengibre tem baixo ru\u00eddo e desempenho est\u00e1vel.<\/li>    <li>O servi\u00e7o OEM\/ODM est\u00e1 dispon\u00edvel para atender sua demanda espec\u00edfica.<\/li> <\/ol>    <figure class=\"wp-block-image size-full\"><img loading=\"lazy\" decoding=\"async\" width=\"720\" height=\"540\" src=\"https:\/\/gingermachines.com\/wp-content\/uploads\/2022\/09\/ginger-grinding-machine-structure.jpg\" alt=\"estrutura da m\u00e1quina de moer gengibre\" class=\"wp-image-84\" title=\"\" srcset=\"https:\/\/gingermachines.com\/wp-content\/uploads\/2022\/09\/ginger-grinding-machine-structure.jpg 720w, https:\/\/gingermachines.com\/wp-content\/uploads\/2022\/09\/ginger-grinding-machine-structure-300x225.jpg 300w\" sizes=\"auto, (max-width: 720px) 100vw, 720px\" \/><figcaption class=\"wp-element-caption\">Estrutura da m\u00e1quina de moagem de gengibre<\/figcaption><\/figure>    <h2 class=\"wp-block-heading\" id=\"h-applications\">Aplica\u00e7\u00f5es da m\u00e1quina moedora de gengibre<\/h2>    <ul class=\"wp-block-list\" type=\"1\"> <li><strong>Na ind\u00fastria de processamento de alimentos<\/strong><\/li> <\/ul>    <p>A m\u00e1quina autom\u00e1tica de moagem de gengibre \u00e9 ideal para processar alimentos secos como gengibre, alho, pimenta, especiarias, gr\u00e3os, arroz, a\u00e7\u00facar, soja, etc.<\/p>    <ul class=\"wp-block-list\"> <li><strong>No campo industrial<\/strong><\/li> <\/ul>    <p>Alguns res\u00edduos industriais s\u00e3o recicl\u00e1veis \u200b\u200bap\u00f3s a moagem, entre em contato conosco antes de moer mat\u00e9rias-primas especiais.<\/p>    <ul class=\"wp-block-list\"> <li><strong>Em planta farmac\u00eautica<\/strong><\/li> <\/ul>    <p>Esta m\u00e1quina de moer tamb\u00e9m pode ser usada para moer comprimidos medicinais, ervas, etc. Ela pode processar todos os materiais medicinais secos.<\/p>    <figure class=\"wp-block-image size-full\"><img loading=\"lazy\" decoding=\"async\" width=\"720\" height=\"540\" src=\"https:\/\/gingermachines.com\/wp-content\/uploads\/2022\/09\/ginger-grinder-machine.jpg\" alt=\"m\u00e1quina moedora de gengibre\" class=\"wp-image-82\" title=\"\" srcset=\"https:\/\/gingermachines.com\/wp-content\/uploads\/2022\/09\/ginger-grinder-machine.jpg 720w, https:\/\/gingermachines.com\/wp-content\/uploads\/2022\/09\/ginger-grinder-machine-300x225.jpg 300w\" sizes=\"auto, (max-width: 720px) 100vw, 720px\" \/><figcaption class=\"wp-element-caption\">M\u00e1quina moedora de gengibre<\/figcaption><\/figure>    <h2 class=\"wp-block-heading\" id=\"h-parameters\">Dados t\u00e9cnicos da m\u00e1quina de moer gengibre TAIZY<\/h2>    <figure class=\"wp-block-table\"><table><tbody><tr><td>Modelo<\/td><td>180<\/td><td>250<\/td><td>320<\/td><td>350<\/td><\/tr><tr><td>Materiais<\/td><td>304 <a href=\"https:\/\/en.wikipedia.org\/wiki\/Stainless_steel\" target=\"_blank\" rel=\"noopener\">A\u00e7o inoxid\u00e1vel<\/a><\/td><td>A\u00e7o Inoxid\u00e1vel 304<\/td><td>A\u00e7o Inoxid\u00e1vel 304<\/td><td>A\u00e7o Inoxid\u00e1vel 304<\/td><\/tr><tr><td>Tens\u00e3o<\/td><td>220\/380<\/td><td>380<\/td><td>380<\/td><td>380<\/td><\/tr><tr><td>Motor(KW)<\/td><td>2.2<\/td><td>5.5<\/td><td>7.5<\/td><td>11<\/td><\/tr><tr><td>Velocidade<\/td><td>4200<\/td><td>4200<\/td><td>4200<\/td><td>4200<\/td><\/tr><tr><td>Malha<\/td><td>10-120<\/td><td>10-120<\/td><td>10-120<\/td><td>10-120<\/td><\/tr><tr><td>Capacidade (kg\/h)<\/td><td>10-120<\/td><td>30-200<\/td><td>50-300<\/td><td>70-500<\/td><\/tr><tr><td>Dimens\u00e3o (mm)<\/td><td>480X520X1040<\/td><td>750X600X1260<\/td><td>780X700X1350<\/td><td>800X900X1550<\/td><\/tr><tr><td>Peso (kg)<\/td><td>75<\/td><td>180<\/td><td>260<\/td><td>320<\/td><\/tr><\/tbody><\/table><\/figure>    <h2 class=\"wp-block-heading\" id=\"h-contact-us-to-start-your-ginger-business\">Contate-nos para iniciar seu neg\u00f3cio de gengibre<\/h2>    <p>Esta retificadora de gengibre \u00e9 adequada para uso dom\u00e9stico e aplica\u00e7\u00e3o industrial porque possui tamanho pequeno, bom desempenho e pre\u00e7o acess\u00edvel. Pode melhorar muito a efici\u00eancia da sua produ\u00e7\u00e3o. Al\u00e9m disso, o moedor de gengibre pode ser usado sozinho para atingir o objetivo de moagem e tamb\u00e9m pode ser uma parte importante de toda a linha de processamento de gengibre em p\u00f3. &nbsp;<\/p>    <p class=\"translation-block\">Como fabricante profissional de m\u00e1quinas de processamento de gengibre, a <a href=\"https:\/\/gingermachines.com\/pt\/\">f\u00e1brica TAIZY<\/a> fornece uma gama completa de m\u00e1quinas de gengibre, incluindo <a href=\"https:\/\/gingermachines.com\/pt\/product\/ginger-washing-machine\/\">m\u00e1quina de lavagem de gengibre<\/a>, m\u00e1quina de descascar gengibre e <a href=\"https:\/\/gingermachines.com\/pt\/product\/ginger-drying-machine\/\">m\u00e1quina de secagem de gengibre<\/a>. Todas as m\u00e1quinas utilizam padr\u00f5es e design internacionais. E fornecemos servi\u00e7os personalizados poderosos para atender \u00e0s suas necessidades. Bem-vindo a entrar em contato conosco para obter mais informa\u00e7\u00f5es \u00fateis.<\/p>","protected":false},"excerpt":{"rendered":"<p>Ginger grinding machine, often shortened to ginger grinder, is a powerful tool for grinding dry ginger into fine powder. Besides, it has a wide range of applications, also used for processing garlic, onion, potato, banana, meat, cereals, spices, chili, vegetable, grain, rice, medicinal herbs, etc. The capacity of the automatic ginger grinder machine ranges from [&hellip;]<\/p>\n","protected":false},"author":1,"featured_media":78,"parent":0,"template":"","tags":[8],"product-type":[6],"class_list":["post-37","product","type-product","status-publish","has-post-thumbnail","hentry","tag-ginger-processing-machine","product-type-products"],"_links":{"self":[{"href":"https:\/\/gingermachines.com\/pt\/wp-json\/wp\/v2\/product\/37","targetHints":{"allow":["GET"]}}],"collection":[{"href":"https:\/\/gingermachines.com\/pt\/wp-json\/wp\/v2\/product"}],"about":[{"href":"https:\/\/gingermachines.com\/pt\/wp-json\/wp\/v2\/types\/product"}],"author":[{"embeddable":true,"href":"https:\/\/gingermachines.com\/pt\/wp-json\/wp\/v2\/users\/1"}],"wp:featuredmedia":[{"embeddable":true,"href":"https:\/\/gingermachines.com\/pt\/wp-json\/wp\/v2\/media\/78"}],"wp:attachment":[{"href":"https:\/\/gingermachines.com\/pt\/wp-json\/wp\/v2\/media?parent=37"}],"wp:term":[{"taxonomy":"post_tag","embeddable":true,"href":"https:\/\/gingermachines.com\/pt\/wp-json\/wp\/v2\/tags?post=37"},{"taxonomy":"product-type","embeddable":true,"href":"https:\/\/gingermachines.com\/pt\/wp-json\/wp\/v2\/product-type?post=37"}],"curies":[{"name":"wp","href":"https:\/\/api.w.org\/{rel}","templated":true}]}}