{"id":35,"date":"2022-09-07T01:56:08","date_gmt":"2022-09-06T17:56:08","guid":{"rendered":"https:\/\/gingermachines.com\/?post_type=product&#038;p=35"},"modified":"2023-03-07T15:53:46","modified_gmt":"2023-03-07T07:53:46","slug":"ginger-slicing-machine","status":"publish","type":"product","link":"https:\/\/gingermachines.com\/pt\/product\/ginger-slicing-machine\/","title":{"rendered":"M\u00e1quina de fatiar gengibre"},"content":{"rendered":"<p class=\"translation-block\">A <strong>m\u00e1quina de fatiar gengibre<\/strong> \u00e9 usada para cortar gengibre em fatias. Tamb\u00e9m \u00e9 conhecida como fatiadora de gengibre e \u00e9 um tipo de m\u00e1quina de corte de vegetais. O tamanho do produto acabado varia de 1mm a 3mm. E a capacidade de corte da m\u00e1quina \u00e9 de 150kg\/h a 250kg\/h. A m\u00e1quina de picar gengibre \u00e9 adequada para processar gengibre, cenouras, banana, pepino, batatas, taro, rebentos de bambu, etc. <\/p>    <p class=\"translation-block\">A <strong>m\u00e1quina fatiadora de gengibre<\/strong> \u00e9 uma m\u00e1quina de processamento de gengibre muito importante e uma parte significativa de uma <a href=\"https:\/\/gingermachines.com\/pt\/product\/ginger-powder-processing-line\/\">linha de produ\u00e7\u00e3o de p\u00f3 de gengibre<\/a> completa. A m\u00e1quina inteira adota uma estrutura de corpo em a\u00e7o inoxid\u00e1vel, que possui caracter\u00edsticas de qualidade alimentar e durabilidade. A m\u00e1quina de fatiar gengibre \u00e9 amplamente utilizada em v\u00e1rias ind\u00fastrias de processamento de alimentos.<\/p>    <figure class=\"wp-block-image size-full\"><img loading=\"lazy\" decoding=\"async\" width=\"720\" height=\"540\" src=\"https:\/\/gingermachines.com\/wp-content\/uploads\/2022\/09\/ginger-slicer.jpg\" alt=\"fatiador de gengibre\" class=\"wp-image-66\" title=\"\" srcset=\"https:\/\/gingermachines.com\/wp-content\/uploads\/2022\/09\/ginger-slicer.jpg 720w, https:\/\/gingermachines.com\/wp-content\/uploads\/2022\/09\/ginger-slicer-300x225.jpg 300w\" sizes=\"auto, (max-width: 720px) 100vw, 720px\" \/><figcaption class=\"wp-element-caption\">Fatiador de Gengibre<\/figcaption><\/figure>    <h2 class=\"wp-block-heading\" id=\"h-features\">Caracter\u00edsticas da m\u00e1quina cortadora gingle<\/h2>    <ol class=\"wp-block-list\" type=\"1\"> <li>Estrutura e estrutura em a\u00e7o inoxid\u00e1vel 304 de alta qualidade<\/li>    <li>A espessura das fatias de gengibre pode ser ajust\u00e1vel, de 1mm a 3mm<\/li>    <li>A m\u00e1quina de fatiar gengibre pode processar gengibres de 150 kg a 250 kg por hora<\/li>    <li>Possui estrutura simples e design razo\u00e1vel, muito f\u00e1cil de operar<\/li>    <li>Apoiamos um forte servi\u00e7o de personaliza\u00e7\u00e3o para atender \u00e0 sua demanda especial<\/li> <\/ol>    <h2 class=\"wp-block-heading\" id=\"h-parameters\">Par\u00e2metros da m\u00e1quina de fatiar gengibre TAIZY<\/h2>    <figure class=\"wp-block-table\"><table><tbody><tr><td>Capacidade de corte:<\/td><td>150 ~ 250 kg por hora<\/td><\/tr><tr><td>Formul\u00e1rio cortado:<\/td><td>de fio cuidadosamente cortado, se\u00e7\u00e3o fina<\/td><\/tr><tr><td>Dimens\u00f5es:<\/td><td>1 ~ 3mm<\/td><\/tr><tr><td>Poder mec\u00e2nico:<\/td><td>1\/2 HP monof\u00e1sico 220 v<\/td><\/tr><tr><td>A especifica\u00e7\u00e3o da m\u00e1quina:<\/td><td>comprimento 54 cm x 40 cm de largura x 56 cm de altura<\/td><\/tr><tr><td>O peso da m\u00e1quina:<\/td><td>cerca de 41kg<\/td><\/tr><\/tbody><\/table><\/figure>    <h2 class=\"wp-block-heading\" id=\"h-things-need-to-know-before-running-a-ginger-slicing-machine\">Coisas que voc\u00ea precisa saber antes de operar uma m\u00e1quina de fatiar gengibre<\/h2>    <ol class=\"wp-block-list\" type=\"1\"> <li>Antes de operar o equipamento em uma superf\u00edcie horizontal, certifique-se de que a m\u00e1quina esteja posicionada de maneira suave e confi\u00e1vel; certifique-se de que o plugue do equipamento esteja em bom contato, sem marcas d\u2019\u00e1gua soltas.<\/li>    <li>Tais objetos estranhos para verificar o cilindro rotativo ou a correia transportadora, como objetos estranhos, devem ser limpos para evitar danos \u00e0s ferramentas.<\/li>    <li>A opera\u00e7\u00e3o, o processamento de ajuste precisa escolher o m\u00e9todo de corte de acordo com as esp\u00e9cies vegetais, fatiador centr\u00edfugo de mel\u00e3o e batata para vegetais duros, a parte da l\u00e2mina vertical pode ser vegetais com folhas macias ou um bom bloco de processamento de filme cortado em tamanhos diferentes, em forma de D, diamante- moldado, etc.;<\/li>    <li>Depois que a faca vertical for instalada, primeiro ajuste a rota\u00e7\u00e3o exc\u00eantrica e a arma\u00e7\u00e3o da faca para o ponto morto ap\u00f3s a pr\u00f3xima linha, em seguida, fa\u00e7a a arma\u00e7\u00e3o da faca levantada 1-2 mm, de modo que a faca vertical e a correia entrem em contato, puxe a arma\u00e7\u00e3o da faca firmemente para fixar a porca na faca vertical na estrutura da faca. Se a altura de levantamento da torre for pequena, pode at\u00e9 haver um picador; se a altura de levantamento da torre for muito grande, pode cortar a correia transportadora defeituosa.\u00a0\u00a0\u00a0\u00a0<\/li> <\/ol>    <figure class=\"wp-block-image size-full\"><img loading=\"lazy\" decoding=\"async\" width=\"720\" height=\"540\" src=\"https:\/\/gingermachines.com\/wp-content\/uploads\/2022\/09\/ginger-slicing-equipment.jpg\" alt=\"equipamento para fatiar gengibre\" class=\"wp-image-67\" title=\"\" srcset=\"https:\/\/gingermachines.com\/wp-content\/uploads\/2022\/09\/ginger-slicing-equipment.jpg 720w, https:\/\/gingermachines.com\/wp-content\/uploads\/2022\/09\/ginger-slicing-equipment-300x225.jpg 300w\" sizes=\"auto, (max-width: 720px) 100vw, 720px\" \/><figcaption class=\"wp-element-caption\">Equipamento para fatiar gengibre<\/figcaption><\/figure>    <h2 class=\"wp-block-heading\" id=\"h-how-to-maintain-the-ginger-slicer-machine\">Como fazer a manuten\u00e7\u00e3o da m\u00e1quina cortadora de gengibre?<\/h2>    <p>1. Ao limpar ferramentas ou acess\u00f3rios que entrem em contato com alimentos, os usu\u00e1rios devem primeiro sec\u00e1-los com um pano seco.<\/p>    <p>2. O eixo da ferramenta precisa ser lubrificado com \u00f3leo comest\u00edvel.<\/p>    <p>3. Quando a ferramenta estiver enferrujada, ela pode ser removida e polida com pedra de \u00f3leo.<\/p>    <p>4. Os usu\u00e1rios devem prestar aten\u00e7\u00e3o ao reabastecimento da caixa de c\u00e2mbio a cada seis meses e \u00e0 lubrifica\u00e7\u00e3o dos rolamentos, correntes, engrenagens e outras pe\u00e7as de transmiss\u00e3o da m\u00e1quina uma vez por trimestre.&nbsp;&nbsp;&nbsp;&nbsp;<\/p>","protected":false},"excerpt":{"rendered":"<p>Ginger slicing machine is used for cutting ginger into slices. It is also known as a ginger slicer, and it is a kind of vegetable cutter machine. The size of the finished product ranges from 1mm ~ to 3mm. And the cutting capacity of the machine is from 150kg\/h to 250kg\/h. The ginger chopping machine [&hellip;]<\/p>\n","protected":false},"author":1,"featured_media":64,"parent":0,"template":"","tags":[8],"product-type":[6],"class_list":["post-35","product","type-product","status-publish","has-post-thumbnail","hentry","tag-ginger-processing-machine","product-type-products"],"_links":{"self":[{"href":"https:\/\/gingermachines.com\/pt\/wp-json\/wp\/v2\/product\/35","targetHints":{"allow":["GET"]}}],"collection":[{"href":"https:\/\/gingermachines.com\/pt\/wp-json\/wp\/v2\/product"}],"about":[{"href":"https:\/\/gingermachines.com\/pt\/wp-json\/wp\/v2\/types\/product"}],"author":[{"embeddable":true,"href":"https:\/\/gingermachines.com\/pt\/wp-json\/wp\/v2\/users\/1"}],"wp:featuredmedia":[{"embeddable":true,"href":"https:\/\/gingermachines.com\/pt\/wp-json\/wp\/v2\/media\/64"}],"wp:attachment":[{"href":"https:\/\/gingermachines.com\/pt\/wp-json\/wp\/v2\/media?parent=35"}],"wp:term":[{"taxonomy":"post_tag","embeddable":true,"href":"https:\/\/gingermachines.com\/pt\/wp-json\/wp\/v2\/tags?post=35"},{"taxonomy":"product-type","embeddable":true,"href":"https:\/\/gingermachines.com\/pt\/wp-json\/wp\/v2\/product-type?post=35"}],"curies":[{"name":"wp","href":"https:\/\/api.w.org\/{rel}","templated":true}]}}