{"id":345,"date":"2026-02-11T15:01:00","date_gmt":"2026-02-11T07:01:00","guid":{"rendered":"https:\/\/gingermachines.com\/?post_type=product&#038;p=345"},"modified":"2026-02-11T17:14:22","modified_gmt":"2026-02-11T09:14:22","slug":"onion-cutting-machine","status":"publish","type":"product","link":"https:\/\/gingermachines.com\/pt\/product\/onion-cutting-machine\/","title":{"rendered":"M\u00e1quina de cortar cebolas"},"content":{"rendered":"<p class=\"translation-block\">A <strong>m\u00e1quina de corte de cebola<\/strong> \u00e9 um dispositivo de corte de vegetais multifuncional que pode processar v\u00e1rios vegetais, como cebolas, pepinos, batatas e gengibre. Pode alcan\u00e7ar v\u00e1rios efeitos de corte, incluindo cubar (6, 8, 10, 15, 20, 25, 30mm), fatiar (3, 4, 6, 9mm) e cortar em peda\u00e7os (2, 3, 4, 5, 6, 7, 8mm).<\/p>    <p>A m\u00e1quina de corte de cebola Taizy pode melhorar significativamente a efici\u00eancia do processamento de vegetais (300-600kg\/h). Pode reduzir bastante os custos laborais e garantir tamanhos de corte uniformes. Contacte-nos sem compromisso para qualquer necessidade!<\/p>    <figure class=\"wp-block-embed is-type-video is-provider-youtube wp-block-embed-youtube wp-embed-aspect-16-9 wp-has-aspect-ratio\"><div class=\"wp-block-embed__wrapper\"> <iframe loading=\"lazy\" title=\"M\u00e1quina de corte de cebola | M\u00e1quina de corte de cebola multifuncional para processamento de cebola, batata, gengibre\" width=\"500\" height=\"281\" src=\"https:\/\/www.youtube.com\/embed\/JZqYAyCf92k?feature=oembed\" frameborder=\"0\" allow=\"accelerometer; autoplay; clipboard-write; encrypted-media; gyroscope; picture-in-picture; web-share\" referrerpolicy=\"strict-origin-when-cross-origin\" allowfullscreen><\/iframe> <\/div><figcaption class=\"wp-element-caption\">V\u00eddeo de trabalho da m\u00e1quina de corte de cebola<\/figcaption><\/figure>    <h2 class=\"wp-block-heading\"><strong>Caracter\u00edsticas da cortadora de cebola<\/strong><\/h2>    <ul class=\"wp-block-list\"> <li><strong>Uso flex\u00edvel<\/strong>: Diferentes formas e tamanhos podem ser processados trocando as l\u00e2minas.<\/li>    <li><strong>Ampla aplica\u00e7\u00e3o<\/strong>: Esta m\u00e1quina de corte de cebola pode ser usada para processar cebolas, pepinos, batatas, gengibre e outros alimentos.<\/li>    <li><strong>Corte uniforme<\/strong>: Os vegetais s\u00e3o cortados de forma uniforme, melhorando a qualidade do produto.<\/li>    <li><strong>Alta efici\u00eancia<\/strong>: Nossa cortadora de vegetais multifuncional pode atingir uma efici\u00eancia de 600kg\/h.<\/li>    <li><strong>Conformidade com a seguran\u00e7a alimentar<\/strong>: Esta m\u00e1quina de corte de cebola \u00e9 feita de a\u00e7o inoxid\u00e1vel, tornando-a segura, higi\u00eanica e f\u00e1cil de limpar.<\/li> <\/ul>   <div class=\"wp-block-image\"> <figure class=\"aligncenter size-full\"><img loading=\"lazy\" decoding=\"async\" width=\"720\" height=\"540\" src=\"https:\/\/gingermachines.com\/wp-content\/uploads\/2026\/02\/green-onion-cutter.webp\" alt=\"Cortador de cebola verde\" class=\"wp-image-346\" title=\"\" srcset=\"https:\/\/gingermachines.com\/wp-content\/uploads\/2026\/02\/green-onion-cutter.webp 720w, https:\/\/gingermachines.com\/wp-content\/uploads\/2026\/02\/green-onion-cutter-300x225.webp 300w, https:\/\/gingermachines.com\/wp-content\/uploads\/2026\/02\/green-onion-cutter-16x12.webp 16w\" sizes=\"auto, (max-width: 720px) 100vw, 720px\" \/><figcaption class=\"wp-element-caption\">Cortador de cebola verde<\/figcaption><\/figure> <\/div>   <h2 class=\"wp-block-heading\"><strong>Quais s\u00e3o os cen\u00e1rios de aplica\u00e7\u00e3o para a cortadora de cebola?<\/strong><\/h2>    <p class=\"translation-block\"><strong>Mat\u00e9rias-primas process\u00e1veis<\/strong><\/p>    <p>Nossa m\u00e1quina de corte de cebola pode ser usada n\u00e3o s\u00f3 para processar cebolas, mas tamb\u00e9m para processar berinjelas, pepinos, abobrinhas, batatas, batatas-doces, gengibre, cenouras e rabanetes picantes.<\/p>   <div class=\"wp-block-image\"> <figure class=\"aligncenter size-full\"><img loading=\"lazy\" decoding=\"async\" width=\"720\" height=\"540\" src=\"https:\/\/gingermachines.com\/wp-content\/uploads\/2026\/02\/application-of-onion-cutting-equipment.webp\" alt=\"Aplica\u00e7\u00e3o do equipamento de corte de cebola\" class=\"wp-image-347\" title=\"\" srcset=\"https:\/\/gingermachines.com\/wp-content\/uploads\/2026\/02\/application-of-onion-cutting-equipment.webp 720w, https:\/\/gingermachines.com\/wp-content\/uploads\/2026\/02\/application-of-onion-cutting-equipment-300x225.webp 300w, https:\/\/gingermachines.com\/wp-content\/uploads\/2026\/02\/application-of-onion-cutting-equipment-16x12.webp 16w\" sizes=\"auto, (max-width: 720px) 100vw, 720px\" \/><figcaption class=\"wp-element-caption\">Aplica\u00e7\u00e3o do equipamento de corte de cebola<\/figcaption><\/figure> <\/div>   <p class=\"translation-block\"><strong>Produto acabado<\/strong><\/p>    <p>A cortadora de cebola multifuncional Taizy pode processar cebolas, batatas e gengibre em tiras, fatias e cubos de tamanhos diferentes. Basta trocar as l\u00e2minas para alterar a forma do produto final.<\/p>    <figure class=\"wp-block-gallery has-nested-images columns-default is-cropped wp-block-gallery-2 is-layout-flex wp-block-gallery-is-layout-flex\"> <figure class=\"wp-block-image size-large\"><img loading=\"lazy\" decoding=\"async\" width=\"720\" height=\"540\" data-id=\"349\" src=\"https:\/\/gingermachines.com\/wp-content\/uploads\/2026\/02\/onion-strips-slicing-by-onion-cutter.webp\" alt=\"Cubos de cebola cortados por uma m\u00e1quina de cortar cebola\" class=\"wp-image-349\" title=\"\" srcset=\"https:\/\/gingermachines.com\/wp-content\/uploads\/2026\/02\/onion-strips-slicing-by-onion-cutter.webp 720w, https:\/\/gingermachines.com\/wp-content\/uploads\/2026\/02\/onion-strips-slicing-by-onion-cutter-300x225.webp 300w, https:\/\/gingermachines.com\/wp-content\/uploads\/2026\/02\/onion-strips-slicing-by-onion-cutter-16x12.webp 16w\" sizes=\"auto, (max-width: 720px) 100vw, 720px\" \/><figcaption class=\"wp-element-caption\">Fatiamento de tiras de cebola por cortador de cebola<\/figcaption><\/figure>    <figure class=\"wp-block-image size-large\"><img loading=\"lazy\" decoding=\"async\" width=\"720\" height=\"540\" data-id=\"350\" src=\"https:\/\/gingermachines.com\/wp-content\/uploads\/2026\/02\/onion-cubes-diced-by-an-onion-dicing-machine.webp\" alt=\"Cortador de cebola verde\" class=\"wp-image-350\" title=\"\" srcset=\"https:\/\/gingermachines.com\/wp-content\/uploads\/2026\/02\/onion-cubes-diced-by-an-onion-dicing-machine.webp 720w, https:\/\/gingermachines.com\/wp-content\/uploads\/2026\/02\/onion-cubes-diced-by-an-onion-dicing-machine-300x225.webp 300w, https:\/\/gingermachines.com\/wp-content\/uploads\/2026\/02\/onion-cubes-diced-by-an-onion-dicing-machine-16x12.webp 16w\" sizes=\"auto, (max-width: 720px) 100vw, 720px\" \/><figcaption class=\"wp-element-caption\">Cubos de cebola picados por m\u00e1quina de cubar cebola<\/figcaption><\/figure>    <figure class=\"wp-block-image size-large\"><img loading=\"lazy\" decoding=\"async\" width=\"720\" height=\"540\" data-id=\"348\" src=\"https:\/\/gingermachines.com\/wp-content\/uploads\/2026\/02\/multifunctional-onion-cutter-for-potato-chip-processing.webp\" alt=\"Tiras de cebola fatiadas por cortador de cebola\" class=\"wp-image-348\" title=\"\" srcset=\"https:\/\/gingermachines.com\/wp-content\/uploads\/2026\/02\/multifunctional-onion-cutter-for-potato-chip-processing.webp 720w, https:\/\/gingermachines.com\/wp-content\/uploads\/2026\/02\/multifunctional-onion-cutter-for-potato-chip-processing-300x225.webp 300w, https:\/\/gingermachines.com\/wp-content\/uploads\/2026\/02\/multifunctional-onion-cutter-for-potato-chip-processing-16x12.webp 16w\" sizes=\"auto, (max-width: 720px) 100vw, 720px\" \/><figcaption class=\"wp-element-caption\">Cortadora de cebola multifuncional para processamento de batatas fritas<\/figcaption><\/figure> <\/figure>    <figure class=\"wp-block-gallery has-nested-images columns-default is-cropped wp-block-gallery-3 is-layout-flex wp-block-gallery-is-layout-flex\"> <figure class=\"wp-block-image size-large\"><img loading=\"lazy\" decoding=\"async\" width=\"720\" height=\"540\" data-id=\"351\" src=\"https:\/\/gingermachines.com\/wp-content\/uploads\/2026\/02\/blade-for-cutting-vegetables-into-strips.webp\" alt=\"blade for cutting vegetables into strips\" class=\"wp-image-351\" title=\"\" srcset=\"https:\/\/gingermachines.com\/wp-content\/uploads\/2026\/02\/blade-for-cutting-vegetables-into-strips.webp 720w, https:\/\/gingermachines.com\/wp-content\/uploads\/2026\/02\/blade-for-cutting-vegetables-into-strips-300x225.webp 300w, https:\/\/gingermachines.com\/wp-content\/uploads\/2026\/02\/blade-for-cutting-vegetables-into-strips-16x12.webp 16w\" sizes=\"auto, (max-width: 720px) 100vw, 720px\" \/><figcaption class=\"wp-element-caption\">L\u00e2mina para cortar vegetais em tiras<\/figcaption><\/figure>    <figure class=\"wp-block-image size-large\"><img loading=\"lazy\" decoding=\"async\" width=\"720\" height=\"540\" data-id=\"353\" src=\"https:\/\/gingermachines.com\/wp-content\/uploads\/2026\/02\/onion-dicing-blade.webp\" alt=\"onion dicing blade\" class=\"wp-image-353\" title=\"\" srcset=\"https:\/\/gingermachines.com\/wp-content\/uploads\/2026\/02\/onion-dicing-blade.webp 720w, https:\/\/gingermachines.com\/wp-content\/uploads\/2026\/02\/onion-dicing-blade-300x225.webp 300w, https:\/\/gingermachines.com\/wp-content\/uploads\/2026\/02\/onion-dicing-blade-16x12.webp 16w\" sizes=\"auto, (max-width: 720px) 100vw, 720px\" \/><figcaption class=\"wp-element-caption\">L\u00e2mina de cubar cebola<\/figcaption><\/figure>    <figure class=\"wp-block-image size-large\"><img loading=\"lazy\" decoding=\"async\" width=\"720\" height=\"540\" data-id=\"352\" src=\"https:\/\/gingermachines.com\/wp-content\/uploads\/2026\/02\/blade-for-slicing-vegetables.webp\" alt=\"blade for slicing vegetables\" class=\"wp-image-352\" title=\"\" srcset=\"https:\/\/gingermachines.com\/wp-content\/uploads\/2026\/02\/blade-for-slicing-vegetables.webp 720w, https:\/\/gingermachines.com\/wp-content\/uploads\/2026\/02\/blade-for-slicing-vegetables-300x225.webp 300w, https:\/\/gingermachines.com\/wp-content\/uploads\/2026\/02\/blade-for-slicing-vegetables-16x12.webp 16w\" sizes=\"auto, (max-width: 720px) 100vw, 720px\" \/><figcaption class=\"wp-element-caption\">L\u00e2mina para fatiar vegetais<\/figcaption><\/figure> <\/figure>    <p class=\"translation-block\"><strong>Cen\u00e1rios de aplica\u00e7\u00e3o<\/strong><\/p>    <p>Nossa cortadora de cebola multifuncional \u00e9 amplamente utilizada em:<\/p>    <ul class=\"wp-block-list\"> <li>Cozinhas de restaurantes em cadeia<\/li>    <li>Cozinhas centrais<\/li>    <li>Plantas de pr\u00e9-processamento de vegetais<\/li>    <li>Plantas de processamento de vegetais congelados<\/li>    <li>Cantinas escolares e corporativas<\/li>    <li>Centros de distribui\u00e7\u00e3o de vegetais<\/li>    <li>Empresas de processamento de snacks<\/li> <\/ul>    <p>Whether it&#8217;s a small kitchen or a large food processing plant, you can choose the appropriate model according to your production needs.<\/p>    <h2 class=\"wp-block-heading\"><strong>Par\u00e2metros da m\u00e1quina de corte de cebola<\/strong><\/h2>    <figure class=\"wp-block-table\"><table class=\"has-fixed-layout\"><tbody><tr><td>Modelo<\/td><td>TZ-600<\/td><\/tr><tr><td>Capacidade<\/td><td>300-600kg\/h<\/td><\/tr><tr><td>Tens\u00e3o<\/td><td>220V\/50HZ<\/td><\/tr><tr><td>Poder<\/td><td>0,75kw<\/td><\/tr><tr><td>Material da m\u00e1quina<\/td><td>a\u00e7o inoxid\u00e1vel 304<\/td><\/tr><\/tbody><\/table><figcaption class=\"wp-element-caption\">Especifica\u00e7\u00f5es da m\u00e1quina de corte de cebola<\/figcaption><\/figure>    <h2 class=\"wp-block-heading\"><strong>Pre\u00e7o da m\u00e1quina de corte de cebola<\/strong><\/h2>    <p>O pre\u00e7o de uma m\u00e1quina de corte de cebola n\u00e3o \u00e9 fixo e \u00e9 influenciado por v\u00e1rios fatores:<\/p>    <ul class=\"wp-block-list\"> <li>Tipo e quantidade de l\u00e2mina afetam o pre\u00e7o.<\/li>    <li>Os materiais utilizados na m\u00e1quina afetam o custo.<\/li>    <li>Tens\u00e3o personalizada ou configura\u00e7\u00f5es especiais afetam o pre\u00e7o.<\/li>    <li>Requisitos de transporte e servi\u00e7o p\u00f3s-venda tamb\u00e9m afetam o pre\u00e7o total.<\/li> <\/ul>    <p>Diferentes clientes t\u00eam escalas e necessidades de produ\u00e7\u00e3o diferentes, os pre\u00e7os dos equipamentos variar\u00e3o. Os clientes devem escolher uma fatiadora de cebola adequada \u00e0s suas necessidades de produ\u00e7\u00e3o.<\/p>    <figure class=\"wp-block-gallery has-nested-images columns-default is-cropped wp-block-gallery-4 is-layout-flex wp-block-gallery-is-layout-flex\"> <figure class=\"wp-block-image size-large\"><img loading=\"lazy\" decoding=\"async\" width=\"540\" height=\"720\" data-id=\"354\" src=\"https:\/\/gingermachines.com\/wp-content\/uploads\/2026\/02\/onion-cutting-equipment.webp\" alt=\"onion cutting equipment\" class=\"wp-image-354\" title=\"\" srcset=\"https:\/\/gingermachines.com\/wp-content\/uploads\/2026\/02\/onion-cutting-equipment.webp 540w, https:\/\/gingermachines.com\/wp-content\/uploads\/2026\/02\/onion-cutting-equipment-225x300.webp 225w, https:\/\/gingermachines.com\/wp-content\/uploads\/2026\/02\/onion-cutting-equipment-9x12.webp 9w\" sizes=\"auto, (max-width: 540px) 100vw, 540px\" \/><figcaption class=\"wp-element-caption\">Equipamento para Corte de Cebola<\/figcaption><\/figure>    <figure class=\"wp-block-image size-large\"><img loading=\"lazy\" decoding=\"async\" width=\"540\" height=\"720\" data-id=\"355\" src=\"https:\/\/gingermachines.com\/wp-content\/uploads\/2026\/02\/onion-cutting-machine.webp\" alt=\"m\u00e1quina de cortar cebola\" class=\"wp-image-355\" title=\"\" srcset=\"https:\/\/gingermachines.com\/wp-content\/uploads\/2026\/02\/onion-cutting-machine.webp 540w, https:\/\/gingermachines.com\/wp-content\/uploads\/2026\/02\/onion-cutting-machine-225x300.webp 225w, https:\/\/gingermachines.com\/wp-content\/uploads\/2026\/02\/onion-cutting-machine-9x12.webp 9w\" sizes=\"auto, (max-width: 540px) 100vw, 540px\" \/><figcaption class=\"wp-element-caption\">M\u00e1quina de corte de cebola<\/figcaption><\/figure>    <figure class=\"wp-block-image size-large\"><img loading=\"lazy\" decoding=\"async\" width=\"540\" height=\"720\" data-id=\"356\" src=\"https:\/\/gingermachines.com\/wp-content\/uploads\/2026\/02\/machine-for-cutting-onion.webp\" alt=\"machine for cutting onion\" class=\"wp-image-356\" title=\"\" srcset=\"https:\/\/gingermachines.com\/wp-content\/uploads\/2026\/02\/machine-for-cutting-onion.webp 540w, https:\/\/gingermachines.com\/wp-content\/uploads\/2026\/02\/machine-for-cutting-onion-225x300.webp 225w, https:\/\/gingermachines.com\/wp-content\/uploads\/2026\/02\/machine-for-cutting-onion-9x12.webp 9w\" sizes=\"auto, (max-width: 540px) 100vw, 540px\" \/><figcaption class=\"wp-element-caption\">M\u00e1quina para cortar cebola<\/figcaption><\/figure> <\/figure>    <h2 class=\"wp-block-heading\"><strong>Perguntas frequentes sobre m\u00e1quina de corte de cebola<\/strong><\/h2>   <div id=\"rank-math-faq\" class=\"rank-math-block\"> <div class=\"rank-math-list\"> <div id=\"faq-question-1770777506447\" class=\"rank-math-list-item\"> <h3 class=\"rank-math-question\">Esta m\u00e1quina \u00e9 boa apenas para cortar cebolas?<\/h3> <div class=\"rank-math-answer\">  <p>Esta cortadora de cebola \u00e9 adequada para uma variedade de vegetais, como batatas, pepinos, gengibre, cenouras e batatas-doces, tornando-se uma m\u00e1quina multifuncional.<\/p>  <\/div> <\/div> <div id=\"faq-question-1770777551054\" class=\"rank-math-list-item\"> <h3 class=\"rank-math-question\">Que formas pode cortar?<\/h3> <div class=\"rank-math-answer\">  <p>Fatiar (fatias planas e onduladas), cortar em tiras, picar.<\/p>  <\/div> <\/div> <div id=\"faq-question-1770777596943\" class=\"rank-math-list-item\"> <h3 class=\"rank-math-question\">Os tamanhos de corte podem ser ajustados?<\/h3> <div class=\"rank-math-answer\">  <p>Sim. Pode ajustar o tamanho do corte trocando por uma l\u00e2mina de tamanho diferente.<\/p>  <\/div> <\/div> <div id=\"faq-question-1770777656678\" class=\"rank-math-list-item\"> <h3 class=\"rank-math-question\">What is the machine&#8217;s output?<\/h3> <div class=\"rank-math-answer\">  <p>De 300 a 600kg\/h.<\/p>  <\/div> <\/div> <div id=\"faq-question-1770777679479\" class=\"rank-math-list-item\"> <h3 class=\"rank-math-question\">A m\u00e1quina atende aos padr\u00f5es de seguran\u00e7a alimentar?<\/h3> <div class=\"rank-math-answer\">  <p>Atende aos padr\u00f5es de seguran\u00e7a alimentar. Nossa m\u00e1quina de corte de cebola \u00e9 feita de a\u00e7o inoxid\u00e1vel 304.<\/p>  <\/div> <\/div> <div id=\"faq-question-1770777760718\" class=\"rank-math-list-item\"> <h3 class=\"rank-math-question\">Suporta voltagem personalizada?<\/h3> <div class=\"rank-math-answer\">  <p>Suportado. Tens\u00f5es personalizadas dispon\u00edveis para diferentes pa\u00edses e regi\u00f5es.<\/p>  <\/div> <\/div> <\/div> <\/div>   <h2 class=\"wp-block-heading\"><strong>Linha de produ\u00e7\u00e3o relacionada com cortador de cebola<\/strong><\/h2>    <p>Al\u00e9m de vender a m\u00e1quina de corte de cebola, tamb\u00e9m podemos fornecer uma linha completa de produ\u00e7\u00e3o de p\u00f3 de cebola. A linha de processamento de cebola inclui os seguintes equipamentos:<\/p>    <ul class=\"wp-block-list\"> <li><a href=\"https:\/\/gingermachines.com\/pt\/product\/automatic-onion-peeling-machine\/\">M\u00e1quina de descascamento de cebolas<\/a>: Remove a pele exterior, reduzindo o processamento manual.<\/li>    <li><a href=\"https:\/\/gingermachines.com\/pt\/product\/onion-root-cutting-machine\/\">M\u00e1quina de corte de raiz de cebola<\/a>: Fatie cebolas para facilitar a secagem.<\/li>    <li>M\u00e1quina de secar cebola: desidrata e seca fatias de cebola.<\/li>    <li>M\u00e1quina de moagem de cebola: processa cebolas secas em p\u00f3 fino.<\/li>    <li>M\u00e1quina de embalagem de p\u00f3 de cebola: pesa e embala automaticamente o produto acabado.<\/li> <\/ul>    <p>Toda esta linha de produ\u00e7\u00e3o de p\u00f3 de cebola \u00e9 altamente automatizada, com um processo simples e claro, adequada para f\u00e1bricas de condimentos, plantas de processamento de alimentos e empresas de processamento de produtos agr\u00edcolas.<\/p>    <figure class=\"wp-block-gallery has-nested-images columns-default is-cropped wp-block-gallery-5 is-layout-flex wp-block-gallery-is-layout-flex\"> <figure class=\"wp-block-image size-large\"><img loading=\"lazy\" decoding=\"async\" width=\"720\" height=\"540\" data-id=\"297\" src=\"https:\/\/gingermachines.com\/wp-content\/uploads\/2025\/12\/onion-root-cutting-equipment.webp\" alt=\"equipamento de corte do caule da cebola\" class=\"wp-image-297\" title=\"\" srcset=\"https:\/\/gingermachines.com\/wp-content\/uploads\/2025\/12\/onion-root-cutting-equipment.webp 720w, https:\/\/gingermachines.com\/wp-content\/uploads\/2025\/12\/onion-root-cutting-equipment-300x225.webp 300w, https:\/\/gingermachines.com\/wp-content\/uploads\/2025\/12\/onion-root-cutting-equipment-16x12.webp 16w\" sizes=\"auto, (max-width: 720px) 100vw, 720px\" \/><figcaption class=\"wp-element-caption\">Equipamento de corte de raiz de cebola<\/figcaption><\/figure>    <figure class=\"wp-block-image size-large\"><img loading=\"lazy\" decoding=\"async\" width=\"720\" height=\"540\" data-id=\"291\" src=\"https:\/\/gingermachines.com\/wp-content\/uploads\/2025\/12\/onion-peeling-machine.webp\" alt=\"m\u00e1quina de descascador de cebolas\" class=\"wp-image-291\" title=\"\" srcset=\"https:\/\/gingermachines.com\/wp-content\/uploads\/2025\/12\/onion-peeling-machine.webp 720w, https:\/\/gingermachines.com\/wp-content\/uploads\/2025\/12\/onion-peeling-machine-300x225.webp 300w, https:\/\/gingermachines.com\/wp-content\/uploads\/2025\/12\/onion-peeling-machine-16x12.webp 16w\" sizes=\"auto, (max-width: 720px) 100vw, 720px\" \/><figcaption class=\"wp-element-caption\">M\u00e1quina de remo\u00e7\u00e3o de pele de cebola<\/figcaption><\/figure>    <figure class=\"wp-block-image size-large\"><img loading=\"lazy\" decoding=\"async\" width=\"720\" height=\"540\" data-id=\"361\" src=\"https:\/\/gingermachines.com\/wp-content\/uploads\/2026\/02\/multifunctional-onion-cutter.webp\" alt=\"m\u00e1quina multifuncional de cortar cebolas\" class=\"wp-image-361\" title=\"\" srcset=\"https:\/\/gingermachines.com\/wp-content\/uploads\/2026\/02\/multifunctional-onion-cutter.webp 720w, https:\/\/gingermachines.com\/wp-content\/uploads\/2026\/02\/multifunctional-onion-cutter-300x225.webp 300w, https:\/\/gingermachines.com\/wp-content\/uploads\/2026\/02\/multifunctional-onion-cutter-16x12.webp 16w\" sizes=\"auto, (max-width: 720px) 100vw, 720px\" \/><figcaption class=\"wp-element-caption\">Cortadora de cebola multifuncional<\/figcaption><\/figure> <\/figure>    <figure class=\"wp-block-gallery has-nested-images columns-default is-cropped wp-block-gallery-6 is-layout-flex wp-block-gallery-is-layout-flex\"> <figure class=\"wp-block-image size-large\"><img loading=\"lazy\" decoding=\"async\" width=\"720\" height=\"540\" data-id=\"358\" src=\"https:\/\/gingermachines.com\/wp-content\/uploads\/2026\/02\/onion-drying-machine.webp\" alt=\"bandeja de a\u00e7o inoxid\u00e1vel da m\u00e1quina de secar cebola e vegetais\" class=\"wp-image-358\" title=\"\" srcset=\"https:\/\/gingermachines.com\/wp-content\/uploads\/2026\/02\/onion-drying-machine.webp 720w, https:\/\/gingermachines.com\/wp-content\/uploads\/2026\/02\/onion-drying-machine-300x225.webp 300w, https:\/\/gingermachines.com\/wp-content\/uploads\/2026\/02\/onion-drying-machine-16x12.webp 16w\" sizes=\"auto, (max-width: 720px) 100vw, 720px\" \/><figcaption class=\"wp-element-caption\">M\u00e1quina de secar cebola<\/figcaption><\/figure>    <figure class=\"wp-block-image size-large\"><img loading=\"lazy\" decoding=\"async\" width=\"720\" height=\"540\" data-id=\"359\" src=\"https:\/\/gingermachines.com\/wp-content\/uploads\/2026\/02\/onion-grinding-machine.webp\" alt=\"onion grinding machine\" class=\"wp-image-359\" title=\"\" srcset=\"https:\/\/gingermachines.com\/wp-content\/uploads\/2026\/02\/onion-grinding-machine.webp 720w, https:\/\/gingermachines.com\/wp-content\/uploads\/2026\/02\/onion-grinding-machine-300x225.webp 300w, https:\/\/gingermachines.com\/wp-content\/uploads\/2026\/02\/onion-grinding-machine-16x12.webp 16w\" sizes=\"auto, (max-width: 720px) 100vw, 720px\" \/><figcaption class=\"wp-element-caption\">M\u00e1quina de moagem de cebola<\/figcaption><\/figure>    <figure class=\"wp-block-image size-large\"><img loading=\"lazy\" decoding=\"async\" width=\"720\" height=\"540\" data-id=\"360\" src=\"https:\/\/gingermachines.com\/wp-content\/uploads\/2026\/02\/onion-powder-packing-machine.webp\" alt=\"onion powder packing machine\" class=\"wp-image-360\" title=\"\" srcset=\"https:\/\/gingermachines.com\/wp-content\/uploads\/2026\/02\/onion-powder-packing-machine.webp 720w, https:\/\/gingermachines.com\/wp-content\/uploads\/2026\/02\/onion-powder-packing-machine-300x225.webp 300w, https:\/\/gingermachines.com\/wp-content\/uploads\/2026\/02\/onion-powder-packing-machine-16x12.webp 16w\" sizes=\"auto, (max-width: 720px) 100vw, 720px\" \/><figcaption class=\"wp-element-caption\">M\u00e1quina de embalagem de p\u00f3 de cebola<\/figcaption><\/figure> <\/figure>    <h2 class=\"wp-block-heading\"><strong>Contacte-nos para mais informa\u00e7\u00f5es!<\/strong><\/h2>    <p>Se procura a m\u00e1quina de corte de cebola ou outros equipamentos de processamento de cebola, n\u00e3o hesite em contactar-nos. Escolher a Taizy significa que receber\u00e1:<\/p>    <ul class=\"wp-block-list\"> <li>Orienta\u00e7\u00e3o para sele\u00e7\u00e3o de equipamento<\/li>    <li>Solu\u00e7\u00f5es de produ\u00e7\u00e3o personalizadas<\/li>    <li>Orienta\u00e7\u00e3o t\u00e9cnica e operacional<\/li>    <li>Servi\u00e7o p\u00f3s-venda a longo prazo<\/li> <\/ul>    <p>Don&#8217;t hesitate, contact us now to help upgrade your production!<\/p>","protected":false},"excerpt":{"rendered":"<p>This article mainly introduces the onion cutting machine. The onion cutter is multifunctional and efficient, with a production capacity of 200-1000 kg\/h. It can be used for onions, potatoes, cucumbers, and ginger, and supports dicing, slicing, and wavy cutting.<\/p>","protected":false},"author":1,"featured_media":357,"parent":0,"template":"","tags":[9],"product-type":[6],"class_list":["post-345","product","type-product","status-publish","has-post-thumbnail","hentry","tag-onion","product-type-products"],"_links":{"self":[{"href":"https:\/\/gingermachines.com\/pt\/wp-json\/wp\/v2\/product\/345","targetHints":{"allow":["GET"]}}],"collection":[{"href":"https:\/\/gingermachines.com\/pt\/wp-json\/wp\/v2\/product"}],"about":[{"href":"https:\/\/gingermachines.com\/pt\/wp-json\/wp\/v2\/types\/product"}],"author":[{"embeddable":true,"href":"https:\/\/gingermachines.com\/pt\/wp-json\/wp\/v2\/users\/1"}],"wp:featuredmedia":[{"embeddable":true,"href":"https:\/\/gingermachines.com\/pt\/wp-json\/wp\/v2\/media\/357"}],"wp:attachment":[{"href":"https:\/\/gingermachines.com\/pt\/wp-json\/wp\/v2\/media?parent=345"}],"wp:term":[{"taxonomy":"post_tag","embeddable":true,"href":"https:\/\/gingermachines.com\/pt\/wp-json\/wp\/v2\/tags?post=345"},{"taxonomy":"product-type","embeddable":true,"href":"https:\/\/gingermachines.com\/pt\/wp-json\/wp\/v2\/product-type?post=345"}],"curies":[{"name":"wp","href":"https:\/\/api.w.org\/{rel}","templated":true}]}}