{"id":33,"date":"2022-09-07T01:52:50","date_gmt":"2022-09-06T17:52:50","guid":{"rendered":"https:\/\/gingermachines.com\/?post_type=product&#038;p=33"},"modified":"2023-03-07T15:57:20","modified_gmt":"2023-03-07T07:57:20","slug":"ginger-washing-machine","status":"publish","type":"product","link":"https:\/\/gingermachines.com\/pt\/product\/ginger-washing-machine\/","title":{"rendered":"M\u00e1quina de lavar gengibre"},"content":{"rendered":"<p class=\"translation-block\"><strong>A m\u00e1quina de lavar gengibre<\/strong> \u00e9 uma m\u00e1quina de limpeza do tipo escova. Esta m\u00e1quina possui as caracter\u00edsticas de super efici\u00eancia, alta automa\u00e7\u00e3o e economia de energia. \u00c9 extremamente ideal para lavar e limpar gengibre, batatas, batata-doce, cenouras, inhame, pastinaca, beterraba, nabo sueco, raiz-forte, taro, ma\u00e7\u00e3, raiz de l\u00f3tus, etc. E amplamente utilizada em f\u00e1bricas de processamento de vegetais, f\u00e1bricas de processamento de frutas, restaurantes, escolas, hot\u00e9is, etc. A m\u00e1quina de lavar gengibre tem as fun\u00e7\u00f5es de lavagem, limpeza e descascamento totalmente autom\u00e1ticas. Sua capacidade varia de 700kg\/h a 3000kg\/h. <\/p>    <p>Todas as m\u00e1quinas adotam material de a\u00e7o inoxid\u00e1vel, que \u00e9 de qualidade alimentar e dur\u00e1vel. Voc\u00ea est\u00e1 procurando uma m\u00e1quina de lavar gengibre de qualidade? Contate-nos para iniciar seu neg\u00f3cio de gengibre.<\/p>    <figure class=\"wp-block-image size-full\"><img loading=\"lazy\" decoding=\"async\" width=\"720\" height=\"540\" src=\"https:\/\/gingermachines.com\/wp-content\/uploads\/2022\/09\/brush-type-vegetable-washing-machine.jpg\" alt=\"m\u00e1quina de lavar vegetais tipo escova\" class=\"wp-image-72\" title=\"\" srcset=\"https:\/\/gingermachines.com\/wp-content\/uploads\/2022\/09\/brush-type-vegetable-washing-machine.jpg 720w, https:\/\/gingermachines.com\/wp-content\/uploads\/2022\/09\/brush-type-vegetable-washing-machine-300x225.jpg 300w\" sizes=\"auto, (max-width: 720px) 100vw, 720px\" \/><figcaption class=\"wp-element-caption\">M\u00e1quina de lavar vegetais tipo escova<\/figcaption><\/figure>    <h2 class=\"wp-block-heading\" id=\"h-features\">Caracter\u00edsticas da m\u00e1quina de lavar roupa de gengibre <\/h2>    <ol class=\"wp-block-list\" type=\"1\"> <li>Amplas aplica\u00e7\u00f5es. A m\u00e1quina de limpeza de gengibre \u00e9 amplamente utilizada para processar v\u00e1rios vegetais de raiz, como gengibre, batata, inhame, cenoura, rabanete branco, kudzu, etc.<\/li>    <li>Todas as m\u00e1quinas usam estrutura corporal de a\u00e7o inoxid\u00e1vel, material alimentar.<\/li>    <li>A \u00e1gua pulverizada tem formato de leque, grande \u00e1rea e alta press\u00e3o, o que \u00e9 eficaz e r\u00e1pido.<\/li>    <li>Escova de n\u00e1ilon. O material da escova \u00e9 tratado com um processo especial, que apresenta boa resist\u00eancia ao desgaste.<\/li>    <li>Parte interna acionada. Engrenagem, motor e corrente para acionar a m\u00e1quina, a m\u00e1quina lavadora de gengibre tem uma estrutura compacta e design razo\u00e1vel.<\/li>    <li>Bandeja coletora de \u00e1gua e res\u00edduos. Ele pode coletar as \u00e1guas residuais e o fluxo de res\u00edduos de uma sa\u00edda e, em seguida, impedir o fluxo para todos os lugares do ch\u00e3o.<\/li>    <li>O servi\u00e7o OEM\/ODM est\u00e1 dispon\u00edvel. Oferecemos um forte servi\u00e7o de personaliza\u00e7\u00e3o para atender a qualquer uma de suas necessidades especiais.<\/li> <\/ol>    <figure class=\"wp-block-image size-full\"><img loading=\"lazy\" decoding=\"async\" width=\"720\" height=\"540\" src=\"https:\/\/gingermachines.com\/wp-content\/uploads\/2022\/09\/ginger-washer-machine-structure.jpg\" alt=\"estrutura da m\u00e1quina de lavar gengibre\" class=\"wp-image-74\" title=\"\" srcset=\"https:\/\/gingermachines.com\/wp-content\/uploads\/2022\/09\/ginger-washer-machine-structure.jpg 720w, https:\/\/gingermachines.com\/wp-content\/uploads\/2022\/09\/ginger-washer-machine-structure-300x225.jpg 300w\" sizes=\"auto, (max-width: 720px) 100vw, 720px\" \/><figcaption class=\"wp-element-caption\">Estrutura da m\u00e1quina lavadora de gengibre<\/figcaption><\/figure>    <h2 class=\"wp-block-heading\" id=\"h-parameters\">Par\u00e2metros da m\u00e1quina de lavar para limpeza de gengibre TAIZY<\/h2>    <figure class=\"wp-block-table\"><table><tbody><tr><td>Modelo<\/td><td>Tamanho (mm)<\/td><td>Peso (kg)<\/td><td>Pot\u00eancia (kW)<\/td><td>Capacidade (kg\/h)<\/td><\/tr><tr><td>CY800<\/td><td>1580*850*800<\/td><td>180<\/td><td>1.1<\/td><td>700kg\/hora<\/td><\/tr><tr><td>CY1000<\/td><td>1780*850*800<\/td><td>220<\/td><td>1.5<\/td><td>1000kg\/hora<\/td><\/tr><tr><td>CY1200<\/td><td>1980*850*800<\/td><td>240<\/td><td>1.5<\/td><td>1200kg\/hora<\/td><\/tr><tr><td>CY1500<\/td><td>2280*850*800<\/td><td>260<\/td><td>2.2<\/td><td>1500kg\/hora<\/td><\/tr><tr><td>CY1800<\/td><td>2580*850*800<\/td><td>280<\/td><td>2.2<\/td><td>1800kg\/hora<\/td><\/tr><tr><td>Ano 2000<\/td><td>2780*850*800<\/td><td>320<\/td><td>3<\/td><td>2.000 kg\/h<\/td><\/tr><tr><td>CY2600<\/td><td>3400*850*800<\/td><td>600<\/td><td>4<\/td><td>3.000 kg\/hora<\/td><\/tr><\/tbody><\/table><\/figure>    <h2 class=\"wp-block-heading\" id=\"h-working-principle-of-the-ginger-washing-machine\">Princ\u00edpio de funcionamento da m\u00e1quina de lavar roupa de gengibre<\/h2>    <p>A m\u00e1quina de limpeza lavadora de gengibre adota o princ\u00edpio de fric\u00e7\u00e3o com escova e \u00e9 amplamente utilizada para limpar e descascar frutas e vegetais redondos e ovais. Como gengibre, cenoura, batata doce e batata. A m\u00e1quina pode ser lavada ou descascada trocando os rolos da escova. De acordo com as caracter\u00edsticas dos produtos, a lavadora de escovas pode ser equipada com escovas duras ou macias para evitar danos aos produtos. Com o enrolamento da escova, o efeito de limpeza e decapagem \u00e9 conseguido atrav\u00e9s do atrito entre a escova e o produto. <\/p>    <p>Esta m\u00e1quina pode limpar sozinha ou limpar e descascar ao mesmo tempo. O equipamento possui bela apar\u00eancia, f\u00e1cil opera\u00e7\u00e3o, grande volume de limpeza e descascamento, alta efici\u00eancia, baixo consumo de energia e pode funcionar continuamente. O material do rolo de escova ap\u00f3s processamento especial \u00e9 dur\u00e1vel e o equipamento \u00e9 feito de a\u00e7o inoxid\u00e1vel de alta qualidade.<\/p>    <h2 class=\"wp-block-heading\" id=\"h-structure-details-of-the-ginger-processing-cleaning-machine\">Detalhes da estrutura da m\u00e1quina de limpeza para processamento de gengibre<\/h2>    <ol class=\"wp-block-list\" type=\"1\"> <li>Corpo da m\u00e1quina. Esta m\u00e1quina adota material de a\u00e7o inoxid\u00e1vel, que tem uma longa vida \u00fatil e \u00e9 muito f\u00e1cil de limpar.<\/li>    <li>Rolo de escova. O rolo da escova \u00e9 enrolado em corda de n\u00e1ilon, \u00e9 muito resistente e forte.<\/li>    <li>Bocal de chuveiro. A m\u00e1quina usa um sistema autom\u00e1tico de limpeza por spray, pode conectar o tubo de \u00e1gua e realizar uma limpeza profunda.<\/li>    <li>Tomada. Utiliza descarga de rota\u00e7\u00e3o autom\u00e1tica, o que economiza esfor\u00e7o e tempo.<\/li> <\/ol>    <div class=\"wp-block-columns is-layout-flex wp-container-core-columns-is-layout-9d6595d7 wp-block-columns-is-layout-flex\"> <div class=\"wp-block-column is-layout-flow wp-block-column-is-layout-flow\"> <figure class=\"wp-block-gallery has-nested-images columns-default is-cropped wp-block-gallery-2 is-layout-flex wp-block-gallery-is-layout-flex\"> <figure class=\"wp-block-image size-full\"><img loading=\"lazy\" decoding=\"async\" width=\"800\" height=\"730\" data-id=\"75\" src=\"https:\/\/gingermachines.com\/wp-content\/uploads\/2022\/09\/ginger-washing-machine-factory.jpg\" alt=\"f\u00e1brica de m\u00e1quinas de lavar roupa de gengibre\" class=\"wp-image-75\" title=\"\" srcset=\"https:\/\/gingermachines.com\/wp-content\/uploads\/2022\/09\/ginger-washing-machine-factory.jpg 800w, https:\/\/gingermachines.com\/wp-content\/uploads\/2022\/09\/ginger-washing-machine-factory-300x274.jpg 300w, https:\/\/gingermachines.com\/wp-content\/uploads\/2022\/09\/ginger-washing-machine-factory-768x701.jpg 768w\" sizes=\"auto, (max-width: 800px) 100vw, 800px\" \/><figcaption class=\"wp-element-caption\">F\u00e1brica de m\u00e1quinas de lavar gengibre<\/figcaption><\/figure> <\/figure> <\/div>    <div class=\"wp-block-column is-layout-flow wp-block-column-is-layout-flow\"> <figure class=\"wp-block-gallery has-nested-images columns-default is-cropped wp-block-gallery-3 is-layout-flex wp-block-gallery-is-layout-flex\"> <figure class=\"wp-block-image size-full\"><img loading=\"lazy\" decoding=\"async\" width=\"800\" height=\"730\" data-id=\"76\" src=\"https:\/\/gingermachines.com\/wp-content\/uploads\/2022\/09\/ginger-washer-details.jpg\" alt=\"detalhes da arruela de gengibre\" class=\"wp-image-76\" title=\"\" srcset=\"https:\/\/gingermachines.com\/wp-content\/uploads\/2022\/09\/ginger-washer-details.jpg 800w, https:\/\/gingermachines.com\/wp-content\/uploads\/2022\/09\/ginger-washer-details-300x274.jpg 300w, https:\/\/gingermachines.com\/wp-content\/uploads\/2022\/09\/ginger-washer-details-768x701.jpg 768w\" sizes=\"auto, (max-width: 800px) 100vw, 800px\" \/><figcaption class=\"wp-element-caption\">Detalhes da lavadora de gengibre<\/figcaption><\/figure> <\/figure> <\/div> <\/div>    <h2 class=\"wp-block-heading\">Fabricantes de m\u00e1quinas de lavar roupa de gengibre <\/h2>    <p>Antes de comprar uma m\u00e1quina lavadora de gengibre de qualidade, \u00e9 muito importante encontrar um fabricante de lavadoras de gengibre de qualidade. Caso contr\u00e1rio, voc\u00ea gastar\u00e1 muito mais tempo em comunica\u00e7\u00e3o, manuten\u00e7\u00e3o e substitui\u00e7\u00e3o de m\u00e1quinas. A m\u00e1quina de lavar gengibre TAIZY \u00e9 uma m\u00e1quina de lavar e limpar vegetais do tipo escova. Possui qualidade superior, bom desempenho e pre\u00e7o acess\u00edvel. <\/p>    <p class=\"translation-block\">Al\u00e9m da lavadora de gengibre, tamb\u00e9m fornecemos <a href=\"https:\/\/gingermachines.com\/pt\/product\/ginger-slicing-machine\/\">m\u00e1quina de fatiar gengibre<\/a>, m\u00e1quina de secar gengibre, <a href=\"https:\/\/gingermachines.com\/pt\/product\/ginger-grinding-machine\/\">m\u00e1quina de moer gengibre<\/a> e <a href=\"https:\/\/gingermachines.com\/pt\/product\/ginger-powder-processing-line\/\">m\u00e1quina de fazer p\u00f3 de gengibre<\/a>. Voc\u00ea est\u00e1 procurando uma m\u00e1quina de gengibre confi\u00e1vel? Deixe seus requisitos e entraremos em contato o mais breve poss\u00edvel. <\/p>","protected":false},"excerpt":{"rendered":"<p>Ginger washing machine is a brush-type cleaning machine. This machine has the features of super efficiency, high automation, and energy saving. It is extremely ideal for washing and cleaning ginger, potatoes, sweet potato, carrots, yam, parsnip, beet, rutabaga, horseradish, taro, apple, lotus root, etc. And widely used in vegetable processing plants, fruit processing plants, restaurants, [&hellip;]<\/p>\n","protected":false},"author":1,"featured_media":70,"parent":0,"template":"","tags":[8],"product-type":[6],"class_list":["post-33","product","type-product","status-publish","has-post-thumbnail","hentry","tag-ginger-processing-machine","product-type-products"],"_links":{"self":[{"href":"https:\/\/gingermachines.com\/pt\/wp-json\/wp\/v2\/product\/33","targetHints":{"allow":["GET"]}}],"collection":[{"href":"https:\/\/gingermachines.com\/pt\/wp-json\/wp\/v2\/product"}],"about":[{"href":"https:\/\/gingermachines.com\/pt\/wp-json\/wp\/v2\/types\/product"}],"author":[{"embeddable":true,"href":"https:\/\/gingermachines.com\/pt\/wp-json\/wp\/v2\/users\/1"}],"wp:featuredmedia":[{"embeddable":true,"href":"https:\/\/gingermachines.com\/pt\/wp-json\/wp\/v2\/media\/70"}],"wp:attachment":[{"href":"https:\/\/gingermachines.com\/pt\/wp-json\/wp\/v2\/media?parent=33"}],"wp:term":[{"taxonomy":"post_tag","embeddable":true,"href":"https:\/\/gingermachines.com\/pt\/wp-json\/wp\/v2\/tags?post=33"},{"taxonomy":"product-type","embeddable":true,"href":"https:\/\/gingermachines.com\/pt\/wp-json\/wp\/v2\/product-type?post=33"}],"curies":[{"name":"wp","href":"https:\/\/api.w.org\/{rel}","templated":true}]}}