{"id":296,"date":"2025-12-17T13:33:47","date_gmt":"2025-12-17T05:33:47","guid":{"rendered":"https:\/\/gingermachines.com\/?post_type=product&#038;p=296"},"modified":"2025-12-17T14:08:31","modified_gmt":"2025-12-17T06:08:31","slug":"onion-root-cutting-machine","status":"publish","type":"product","link":"https:\/\/gingermachines.com\/pt\/product\/onion-root-cutting-machine\/","title":{"rendered":"M\u00e1quina de corte de raiz de cebola"},"content":{"rendered":"<p class=\"translation-block\">Taizy <strong>m\u00e1quina de corte do caule da cebola<\/strong> \u00e9 especificamente desenhada para remover as ra\u00edzes e caules das cebolas. Pode cortar cebolas com um di\u00e2metro de 5 cm ou mais. A m\u00e1quina fornece cortes limpos e precisos, possui alta efici\u00eancia e grande capacidade de produ\u00e7\u00e3o, com uma capacidade de processamento de at\u00e9 500 kg\/h.<\/p>    <p class=\"wp-embed-aspect-16-9 wp-has-aspect-ratio\">A nossa m\u00e1quina de corte do caule da cebola \u00e9 tipicamente usada em conjunto com a m\u00e1quina de descascamento de cebolas para um processamento subsequente conveniente. Para mais informa\u00e7\u00f5es, n\u00e3o hesite em contactar-nos!<\/p>    <figure class=\"wp-block-embed is-type-video is-provider-youtube wp-block-embed-youtube wp-embed-aspect-16-9 wp-has-aspect-ratio\"><div class=\"wp-block-embed__wrapper\"> <iframe loading=\"lazy\" title=\"M\u00e1quina autom\u00e1tica de corte do caule da cebola | Como funciona a m\u00e1quina de remo\u00e7\u00e3o do caule da cebola?\" width=\"500\" height=\"281\" src=\"https:\/\/www.youtube.com\/embed\/gZsAYGyDQGk?feature=oembed\" frameborder=\"0\" allow=\"accelerometer; autoplay; clipboard-write; encrypted-media; gyroscope; picture-in-picture; web-share\" referrerpolicy=\"strict-origin-when-cross-origin\" allowfullscreen><\/iframe> <\/div><figcaption class=\"wp-element-caption\">v\u00eddeo de trabalho do equipamento de corte do caule da cebola<\/figcaption><\/figure>    <h2 class=\"wp-block-heading\"><strong>Caracter\u00edsticas da m\u00e1quina de corte do caule da cebola<\/strong><\/h2>    <ul class=\"wp-block-list\"> <li>A nossa m\u00e1quina de corte do caule da cebola \u00e9 feita de <strong>a\u00e7o inoxid\u00e1vel<\/strong>, tornando-se resistente \u00e0 corros\u00e3o e dur\u00e1vel.<\/li>    <li>A m\u00e1quina de corte do caule da cebola \u00e9 <strong>f\u00e1cil de operar<\/strong>. Pode ser facilmente operada simplesmente pressionando alguns bot\u00f5es.<\/li>    <li>A m\u00e1quina de corte do caule da cebola Taizy \u00e9 <strong>altamente eficiente<\/strong>, com uma capacidade de produ\u00e7\u00e3o de at\u00e9 500 kg\/h.<\/li>    <li>Produz cebolas com superf\u00edcies de corte suaves e uma <strong>baixa taxa de danos<\/strong>.<\/li>    <li>A m\u00e1quina de corte do caule da cebola pode ser usada em <strong>em conjunto com a m\u00e1quina de descascamento de cebolas<\/strong> para formar uma linha de produ\u00e7\u00e3o de descascamento e corte de ra\u00edzes de cebola.<\/li> <\/ul>   <div class=\"wp-block-image\"> <figure class=\"aligncenter size-full\"><img loading=\"lazy\" decoding=\"async\" width=\"720\" height=\"540\" src=\"https:\/\/gingermachines.com\/wp-content\/uploads\/2025\/12\/onion-root-cutting-equipment.webp\" alt=\"equipamento de corte do caule da cebola\" class=\"wp-image-297\" title=\"\" srcset=\"https:\/\/gingermachines.com\/wp-content\/uploads\/2025\/12\/onion-root-cutting-equipment.webp 720w, https:\/\/gingermachines.com\/wp-content\/uploads\/2025\/12\/onion-root-cutting-equipment-300x225.webp 300w, https:\/\/gingermachines.com\/wp-content\/uploads\/2025\/12\/onion-root-cutting-equipment-16x12.webp 16w\" sizes=\"auto, (max-width: 720px) 100vw, 720px\" \/><figcaption class=\"wp-element-caption\">equipamento de corte do caule da cebola<\/figcaption><\/figure> <\/div>   <h2 class=\"wp-block-heading\"><strong>Mat\u00e9rias-primas aplic\u00e1veis da m\u00e1quina de corte do caule da cebola<\/strong><\/h2>    <p>Esta m\u00e1quina de corte do caule da cebola \u00e9 principalmente adequada para diferentes variedades de cebolas, incluindo cebolas amarelas, vermelhas e brancas. Nosso cortador de caule \u00e9 adequado para cebolas com di\u00e2metro \u22655 cm. Para cebolas de di\u00e2metros menores, \u00e9 necess\u00e1ria personaliza\u00e7\u00e3o.<\/p>    <figure class=\"wp-block-gallery has-nested-images columns-default is-cropped wp-block-gallery-2 is-layout-flex wp-block-gallery-is-layout-flex\"> <figure class=\"wp-block-image size-large\"><img loading=\"lazy\" decoding=\"async\" width=\"720\" height=\"540\" data-id=\"298\" src=\"https:\/\/gingermachines.com\/wp-content\/uploads\/2025\/12\/application-of-onion-root-cutter-machine.webp\" alt=\"application of onion root cutter machine\" class=\"wp-image-298\" title=\"\" srcset=\"https:\/\/gingermachines.com\/wp-content\/uploads\/2025\/12\/application-of-onion-root-cutter-machine.webp 720w, https:\/\/gingermachines.com\/wp-content\/uploads\/2025\/12\/application-of-onion-root-cutter-machine-300x225.webp 300w, https:\/\/gingermachines.com\/wp-content\/uploads\/2025\/12\/application-of-onion-root-cutter-machine-16x12.webp 16w\" sizes=\"auto, (max-width: 720px) 100vw, 720px\" \/><figcaption class=\"wp-element-caption\">Aplica\u00e7\u00e3o da m\u00e1quina de corte do caule da cebola<\/figcaption><\/figure>    <figure class=\"wp-block-image size-large\"><img loading=\"lazy\" decoding=\"async\" width=\"720\" height=\"540\" data-id=\"300\" src=\"https:\/\/gingermachines.com\/wp-content\/uploads\/2025\/12\/application-of-onion-root-stem-cutting-machine.webp\" alt=\"application of onion root stem cutting machine\" class=\"wp-image-300\" title=\"\" srcset=\"https:\/\/gingermachines.com\/wp-content\/uploads\/2025\/12\/application-of-onion-root-stem-cutting-machine.webp 720w, https:\/\/gingermachines.com\/wp-content\/uploads\/2025\/12\/application-of-onion-root-stem-cutting-machine-300x225.webp 300w, https:\/\/gingermachines.com\/wp-content\/uploads\/2025\/12\/application-of-onion-root-stem-cutting-machine-16x12.webp 16w\" sizes=\"auto, (max-width: 720px) 100vw, 720px\" \/><figcaption class=\"wp-element-caption\">Aplica\u00e7\u00e3o da m\u00e1quina de corte do caule da cebola<\/figcaption><\/figure>    <figure class=\"wp-block-image size-large\"><img loading=\"lazy\" decoding=\"async\" width=\"720\" height=\"540\" data-id=\"299\" src=\"https:\/\/gingermachines.com\/wp-content\/uploads\/2025\/12\/application-of-onion-root-cutter.webp\" alt=\"application of onion root cutter\" class=\"wp-image-299\" title=\"\" srcset=\"https:\/\/gingermachines.com\/wp-content\/uploads\/2025\/12\/application-of-onion-root-cutter.webp 720w, https:\/\/gingermachines.com\/wp-content\/uploads\/2025\/12\/application-of-onion-root-cutter-300x225.webp 300w, https:\/\/gingermachines.com\/wp-content\/uploads\/2025\/12\/application-of-onion-root-cutter-16x12.webp 16w\" sizes=\"auto, (max-width: 720px) 100vw, 720px\" \/><figcaption class=\"wp-element-caption\">Aplica\u00e7\u00e3o do cortador de caule de cebola<\/figcaption><\/figure> <\/figure>    <h2 class=\"wp-block-heading\"><strong>Especifica\u00e7\u00f5es da m\u00e1quina de corte do caule da cebola<\/strong><\/h2>    <p>Para ajudar os clientes a compreender rapidamente as especifica\u00e7\u00f5es do equipamento de corte do caule da cebola, os principais par\u00e2metros t\u00e9cnicos da m\u00e1quina s\u00e3o resumidos abaixo:<\/p>    <figure class=\"wp-block-table\"><table class=\"has-fixed-layout\"><tbody><tr><td>Poder<\/td><td>380v\/1.5kw<\/td><\/tr><tr><td>Tamanho da m\u00e1quina<\/td><td>280*81*150cm<\/td><\/tr><tr><td>Peso da m\u00e1quina<\/td><td>30kg<\/td><\/tr><tr><td>Capacidade<\/td><td>500kg\/h<\/td><\/tr><\/tbody><\/table><figcaption class=\"wp-element-caption\">par\u00e2metros da m\u00e1quina de corte de cabe\u00e7a e cauda de cebola<\/figcaption><\/figure>    <h2 class=\"wp-block-heading\"><strong>Como funciona a m\u00e1quina de corte do caule da cebola?<\/strong><\/h2>    <ol class=\"wp-block-list\"> <li>No in\u00edcio do processo, os trabalhadores colocam as cebolas em dispositivos de fixa\u00e7\u00e3o na correia transportadora. Os dispositivos fixam automaticamente as cebolas, mantendo-as est\u00e1veis durante o transporte.<\/li>    <li>As cebolas s\u00e3o ent\u00e3o transportadas para a \u00e1rea de corte. Nesta \u00e1rea, dois conjuntos de l\u00e2minas de alta velocidade girat\u00f3rias trabalham sincronizadamente para cortar automaticamente a raiz e o caule de cada cebola.<\/li>    <li>Ap\u00f3s o corte, as cebolas continuam a mover-se para a frente na correia transportadora e s\u00e3o automaticamente descarregadas pela sa\u00edda.<\/li> <\/ol>    <figure class=\"wp-block-gallery has-nested-images columns-default is-cropped wp-block-gallery-3 is-layout-flex wp-block-gallery-is-layout-flex\"> <figure class=\"wp-block-image size-large\"><img loading=\"lazy\" decoding=\"async\" width=\"720\" height=\"540\" data-id=\"301\" src=\"https:\/\/gingermachines.com\/wp-content\/uploads\/2025\/12\/onion-head-and-tail-cutter.webp\" alt=\"onion head and tail cutter\" class=\"wp-image-301\" title=\"\" srcset=\"https:\/\/gingermachines.com\/wp-content\/uploads\/2025\/12\/onion-head-and-tail-cutter.webp 720w, https:\/\/gingermachines.com\/wp-content\/uploads\/2025\/12\/onion-head-and-tail-cutter-300x225.webp 300w, https:\/\/gingermachines.com\/wp-content\/uploads\/2025\/12\/onion-head-and-tail-cutter-16x12.webp 16w\" sizes=\"auto, (max-width: 720px) 100vw, 720px\" \/><figcaption class=\"wp-element-caption\">Cortador de cabe\u00e7a e cauda de cebola<\/figcaption><\/figure>    <figure class=\"wp-block-image size-large\"><img loading=\"lazy\" decoding=\"async\" width=\"720\" height=\"540\" data-id=\"302\" src=\"https:\/\/gingermachines.com\/wp-content\/uploads\/2025\/12\/onion-root-stem-cuuting-machine.webp\" alt=\"onion root stem cuuting machine\" class=\"wp-image-302\" title=\"\" srcset=\"https:\/\/gingermachines.com\/wp-content\/uploads\/2025\/12\/onion-root-stem-cuuting-machine.webp 720w, https:\/\/gingermachines.com\/wp-content\/uploads\/2025\/12\/onion-root-stem-cuuting-machine-300x225.webp 300w, https:\/\/gingermachines.com\/wp-content\/uploads\/2025\/12\/onion-root-stem-cuuting-machine-16x12.webp 16w\" sizes=\"auto, (max-width: 720px) 100vw, 720px\" \/><figcaption class=\"wp-element-caption\">M\u00e1quina de corte do caule da cebola<\/figcaption><\/figure> <\/figure>    <h2 class=\"wp-block-heading\"><strong>Linha de corte do caule e descascamento de cebolas<\/strong><\/h2>    <p class=\"translation-block\">A m\u00e1quina de corte do caule da cebola pode ser usada em conjunto com um elevador e uma <a href=\"https:\/\/gingermachines.com\/pt\/product\/automatic-onion-peeling-machine\/\">m\u00e1quina de descascamento de cebolas<\/a> para formar uma linha de produ\u00e7\u00e3o completa de descascamento de cebolas. O processo \u00e9 o seguinte:<\/p>    <ol class=\"wp-block-list\"> <li>A cebola \u00e9 primeiramente processada pela m\u00e1quina de corte do caule da cebola.<\/li>    <li>As cebolas, ap\u00f3s serem cortadas, s\u00e3o transportadas at\u00e9 \u00e0 m\u00e1quina de descascamento de cebolas atrav\u00e9s de uma correia transportadora.<\/li>    <li>A m\u00e1quina de descascamento de cebolas ent\u00e3o descasca as cebolas.<\/li> <\/ol>    <p>Toda a linha apresenta transporte automatizado, garantindo uma transi\u00e7\u00e3o suave entre os processos de corte e descascamento, melhorando a efici\u00eancia de produ\u00e7\u00e3o e reduzindo o trabalho manual.<\/p>    <figure class=\"wp-block-gallery has-nested-images columns-default is-cropped wp-block-gallery-4 is-layout-flex wp-block-gallery-is-layout-flex\"> <figure class=\"wp-block-image size-large\"><img loading=\"lazy\" decoding=\"async\" width=\"720\" height=\"540\" data-id=\"305\" src=\"https:\/\/gingermachines.com\/wp-content\/uploads\/2025\/12\/onion-peeling-line-2.webp\" alt=\"linha de descascamento de cebolas\" class=\"wp-image-305\" title=\"\" srcset=\"https:\/\/gingermachines.com\/wp-content\/uploads\/2025\/12\/onion-peeling-line-2.webp 720w, https:\/\/gingermachines.com\/wp-content\/uploads\/2025\/12\/onion-peeling-line-2-300x225.webp 300w, https:\/\/gingermachines.com\/wp-content\/uploads\/2025\/12\/onion-peeling-line-2-16x12.webp 16w\" sizes=\"auto, (max-width: 720px) 100vw, 720px\" \/><figcaption class=\"wp-element-caption\">Linha de descascamento de cebolas<\/figcaption><\/figure>    <figure class=\"wp-block-image size-large\"><img loading=\"lazy\" decoding=\"async\" width=\"720\" height=\"540\" data-id=\"303\" src=\"https:\/\/gingermachines.com\/wp-content\/uploads\/2025\/12\/onion-root-cutting-machine.webp\" alt=\"onion root cutting machine\" class=\"wp-image-303\" title=\"\" srcset=\"https:\/\/gingermachines.com\/wp-content\/uploads\/2025\/12\/onion-root-cutting-machine.webp 720w, https:\/\/gingermachines.com\/wp-content\/uploads\/2025\/12\/onion-root-cutting-machine-300x225.webp 300w, https:\/\/gingermachines.com\/wp-content\/uploads\/2025\/12\/onion-root-cutting-machine-16x12.webp 16w\" sizes=\"auto, (max-width: 720px) 100vw, 720px\" \/><figcaption class=\"wp-element-caption\">M\u00e1quina de corte do caule da cebola<\/figcaption><\/figure>    <figure class=\"wp-block-image size-large\"><img loading=\"lazy\" decoding=\"async\" width=\"720\" height=\"540\" data-id=\"304\" src=\"https:\/\/gingermachines.com\/wp-content\/uploads\/2025\/12\/onion-peeling-machine-1.webp\" alt=\"m\u00e1quina de descascamento de cebolas\" class=\"wp-image-304\" title=\"\" srcset=\"https:\/\/gingermachines.com\/wp-content\/uploads\/2025\/12\/onion-peeling-machine-1.webp 720w, https:\/\/gingermachines.com\/wp-content\/uploads\/2025\/12\/onion-peeling-machine-1-300x225.webp 300w, https:\/\/gingermachines.com\/wp-content\/uploads\/2025\/12\/onion-peeling-machine-1-16x12.webp 16w\" sizes=\"auto, (max-width: 720px) 100vw, 720px\" \/><figcaption class=\"wp-element-caption\">M\u00e1quina de descascamento de cebolas<\/figcaption><\/figure> <\/figure>    <h2 class=\"wp-block-heading\"><strong>Por que escolher a Taizy como seu fornecedor?<\/strong><\/h2>    <p>A escolha da m\u00e1quina de corte do caule da cebola Taizy decorre da nossa vasta experi\u00eancia e capacidades de fabrica\u00e7\u00e3o est\u00e1veis na ind\u00fastria de equipamentos de processamento de alimentos. Todos os nossos equipamentos passam por testes rigorosos para garantir desempenho \u00f3timo.<\/p>    <p>Al\u00e9m disso, a Taizy oferece servi\u00e7os personalizados com base nos requisitos de produ\u00e7\u00e3o do cliente, condi\u00e7\u00f5es de voltagem e procedimentos de processamento. Tamb\u00e9m fornecemos um servi\u00e7o p\u00f3s-venda completo, incluindo suporte t\u00e9cnico, para ajudar nossos clientes a melhorar a efici\u00eancia de produ\u00e7\u00e3o.<\/p>    <h2 class=\"wp-block-heading\"><strong>Contacte-nos para mais informa\u00e7\u00f5es!<\/strong><\/h2>    <p>A m\u00e1quina de corte do caule da cebola \u00e9 uma das pe\u00e7as principais do equipamento numa linha de processamento de cebolas. Escolher uma m\u00e1quina de alta qualidade \u00e9 essencial para melhorar a efici\u00eancia de produ\u00e7\u00e3o e garantir a rentabilidade a longo prazo.<\/p>    <p>Se procura uma m\u00e1quina de corte do caule da cebola, n\u00e3o hesite em contactar-nos! Forneceremos equipamentos da mais alta qualidade e o melhor servi\u00e7o!<\/p>","protected":false},"excerpt":{"rendered":"<p>This article mainly introduces the onion root cutting machine, including its functions, parameters, and working principle. Our onion root cutter machine can remove both the root and tail of the onion simultaneously, with a cutting speed of up to 500 kg\/hour.<\/p>","protected":false},"author":1,"featured_media":306,"parent":0,"template":"","tags":[9],"product-type":[6],"class_list":["post-296","product","type-product","status-publish","has-post-thumbnail","hentry","tag-onion","product-type-products"],"_links":{"self":[{"href":"https:\/\/gingermachines.com\/pt\/wp-json\/wp\/v2\/product\/296","targetHints":{"allow":["GET"]}}],"collection":[{"href":"https:\/\/gingermachines.com\/pt\/wp-json\/wp\/v2\/product"}],"about":[{"href":"https:\/\/gingermachines.com\/pt\/wp-json\/wp\/v2\/types\/product"}],"author":[{"embeddable":true,"href":"https:\/\/gingermachines.com\/pt\/wp-json\/wp\/v2\/users\/1"}],"wp:featuredmedia":[{"embeddable":true,"href":"https:\/\/gingermachines.com\/pt\/wp-json\/wp\/v2\/media\/306"}],"wp:attachment":[{"href":"https:\/\/gingermachines.com\/pt\/wp-json\/wp\/v2\/media?parent=296"}],"wp:term":[{"taxonomy":"post_tag","embeddable":true,"href":"https:\/\/gingermachines.com\/pt\/wp-json\/wp\/v2\/tags?post=296"},{"taxonomy":"product-type","embeddable":true,"href":"https:\/\/gingermachines.com\/pt\/wp-json\/wp\/v2\/product-type?post=296"}],"curies":[{"name":"wp","href":"https:\/\/api.w.org\/{rel}","templated":true}]}}