{"id":274,"date":"2025-12-03T17:43:08","date_gmt":"2025-12-03T09:43:08","guid":{"rendered":"https:\/\/gingermachines.com\/?post_type=product&#038;p=274"},"modified":"2025-12-04T16:12:44","modified_gmt":"2025-12-04T08:12:44","slug":"automatic-onion-peeling-machine","status":"publish","type":"product","link":"https:\/\/gingermachines.com\/pt\/product\/automatic-onion-peeling-machine\/","title":{"rendered":"M\u00e1quina de descascamento de cebolas"},"content":{"rendered":"<p class=\"translation-block\">A <strong>m\u00e1quina de descascamento de cebolas<\/strong> \u00e9 um dispositivo que remove rapidamente a pele externa das cebolas e \u00e9 amplamente utilizado em f\u00e1bricas de processamento de alimentos, centros de processamento de produtos agr\u00edcolas e cozinhas de restaurantes.<\/p>    <p>As caracter\u00edsticas da m\u00e1quina de remo\u00e7\u00e3o de pele de cebola Taizy incluem descascamento limpo, dano m\u00ednimo \u00e0s cebolas e alta efici\u00eancia, com capacidade de processamento de 100-3000 kg\/h. Se tamb\u00e9m estiver procurando uma m\u00e1quina de descascamento de cebolas, entre em contato conosco imediatamente para informa\u00e7\u00f5es detalhadas e a melhor cota\u00e7\u00e3o.<\/p>    <figure class=\"wp-block-embed is-type-video is-provider-youtube wp-block-embed-youtube wp-embed-aspect-16-9 wp-has-aspect-ratio\"><div class=\"wp-block-embed__wrapper\"> <iframe loading=\"lazy\" title=\"M\u00e1quina autom\u00e1tica de descascamento de cebolas | M\u00e1quina descascadora de pele de cebola para remover a pele das cebolas\" width=\"500\" height=\"281\" src=\"https:\/\/www.youtube.com\/embed\/2vCHvmrZiwo?feature=oembed\" frameborder=\"0\" allow=\"accelerometer; autoplay; clipboard-write; encrypted-media; gyroscope; picture-in-picture; web-share\" referrerpolicy=\"strict-origin-when-cross-origin\" allowfullscreen><\/iframe> <\/div><figcaption class=\"wp-element-caption\">v\u00eddeo de trabalho do removedor de pele de cebola<\/figcaption><\/figure>    <h2 class=\"wp-block-heading\"><strong>Caracter\u00edsticas da m\u00e1quina de descascamento de cebolas<\/strong><\/h2>    <ul class=\"wp-block-list\"> <li><strong>Processamento de alta efici\u00eancia<\/strong>: Nossa m\u00e1quina de descascamento de cebolas pode processar at\u00e9 3000kg de cebolas por hora, adequada para produ\u00e7\u00e3o em grande escala.<\/li>    <li><strong>Descascamento limpo<\/strong>: Os equipamentos de descascamento de cebolas Taizy usam tecnologia de descascamento pneum\u00e1tico para resultados excelentes.<\/li>    <li><strong>Alta adaptabilidade<\/strong>: A m\u00e1quina de descascamento de cebolas pode lidar com cebolas de diferentes tamanhos e variedades sem ajustes complicados.<\/li>    <li><strong>Baixa taxa de dano<\/strong>: O processo de descascamento \u00e9 suave, deixando as cebolas com alta integridade, preservando sua apar\u00eancia e frescura.<\/li>    <li><strong>Economia de trabalho<\/strong>: Esta m\u00e1quina de descascamento de pele de cebola \u00e9 f\u00e1cil de operar, requer apenas uma ou duas pessoas, reduzindo significativamente os custos de m\u00e3o de obra.<\/li>    <li><strong>F\u00e1cil de limpar<\/strong>: A m\u00e1quina inteira \u00e9 feita de a\u00e7o inoxid\u00e1vel, atendendo aos requisitos de higiene alimentar, e \u00e9 f\u00e1cil de limpar.<\/li> <\/ul>   <div class=\"wp-block-image\"> <figure class=\"aligncenter size-full\"><img loading=\"lazy\" decoding=\"async\" width=\"720\" height=\"540\" src=\"https:\/\/gingermachines.com\/wp-content\/uploads\/2025\/12\/onion-skin-peeling-machine.webp\" alt=\"m\u00e1quina de descascamento de pele de cebola\" class=\"wp-image-279\" title=\"\" srcset=\"https:\/\/gingermachines.com\/wp-content\/uploads\/2025\/12\/onion-skin-peeling-machine.webp 720w, https:\/\/gingermachines.com\/wp-content\/uploads\/2025\/12\/onion-skin-peeling-machine-300x225.webp 300w, https:\/\/gingermachines.com\/wp-content\/uploads\/2025\/12\/onion-skin-peeling-machine-16x12.webp 16w\" sizes=\"auto, (max-width: 720px) 100vw, 720px\" \/><figcaption class=\"wp-element-caption\">m\u00e1quina de descascamento de pele de cebola<\/figcaption><\/figure> <\/div>   <h2 class=\"wp-block-heading\"><strong>Cen\u00e1rios de aplica\u00e7\u00e3o da m\u00e1quina de descascamento de cebolas<\/strong><\/h2>    <p>A m\u00e1quina de descascamento de cebolas tornou-se o equipamento ideal para v\u00e1rias empresas de processamento de alimentos devido \u00e0 sua alta efici\u00eancia e excelentes resultados de descascamento. Este equipamento tem ampla aplica\u00e7\u00e3o em diversos setores:<\/p>    <ul class=\"wp-block-list\"> <li>Grandes f\u00e1bricas de processamento de alimentos<\/li>    <li>Empresas de processamento de temperos<\/li>    <li>Fornecedores de vegetais congelados<\/li>    <li>Centros de distribui\u00e7\u00e3o de supermercados<\/li>    <li>Cozinhas centrais<\/li> <\/ul>    <figure class=\"wp-block-gallery has-nested-images columns-default is-cropped wp-block-gallery-2 is-layout-flex wp-block-gallery-is-layout-flex\"> <figure class=\"wp-block-image size-large\"><img loading=\"lazy\" decoding=\"async\" width=\"720\" height=\"540\" data-id=\"280\" src=\"https:\/\/gingermachines.com\/wp-content\/uploads\/2025\/12\/\u56fe\u72473-tuya_\u7ed3\u679c.webp\" alt=\"Cebolas antes do processamento\" class=\"wp-image-280\" title=\"\" srcset=\"https:\/\/gingermachines.com\/wp-content\/uploads\/2025\/12\/\u56fe\u72473-tuya_\u7ed3\u679c.webp 720w, https:\/\/gingermachines.com\/wp-content\/uploads\/2025\/12\/\u56fe\u72473-tuya_\u7ed3\u679c-300x225.webp 300w, https:\/\/gingermachines.com\/wp-content\/uploads\/2025\/12\/\u56fe\u72473-tuya_\u7ed3\u679c-16x12.webp 16w\" sizes=\"auto, (max-width: 720px) 100vw, 720px\" \/><figcaption class=\"wp-element-caption\">Cebolas antes do processamento<\/figcaption><\/figure>    <figure class=\"wp-block-image size-large\"><img loading=\"lazy\" decoding=\"async\" width=\"720\" height=\"540\" data-id=\"281\" src=\"https:\/\/gingermachines.com\/wp-content\/uploads\/2025\/12\/\u56fe\u72474-tuya_\u7ed3\u679c.webp\" alt=\"produto acabado da m\u00e1quina de descascamento de pele de cebola\" class=\"wp-image-281\" title=\"\" srcset=\"https:\/\/gingermachines.com\/wp-content\/uploads\/2025\/12\/\u56fe\u72474-tuya_\u7ed3\u679c.webp 720w, https:\/\/gingermachines.com\/wp-content\/uploads\/2025\/12\/\u56fe\u72474-tuya_\u7ed3\u679c-300x225.webp 300w, https:\/\/gingermachines.com\/wp-content\/uploads\/2025\/12\/\u56fe\u72474-tuya_\u7ed3\u679c-16x12.webp 16w\" sizes=\"auto, (max-width: 720px) 100vw, 720px\" \/><figcaption class=\"wp-element-caption\">Produto acabado da descascadora de pele de cebola<\/figcaption><\/figure> <\/figure>    <h2 class=\"wp-block-heading\"><strong>Dois tipos de m\u00e1quinas de remo\u00e7\u00e3o de pele de cebola \u00e0 venda<\/strong><\/h2>    <p>Para atender \u00e0s necessidades de processamento de cebolas de diferentes tamanhos e especifica\u00e7\u00f5es, oferecemos dois tipos de m\u00e1quinas de descascamento de cebolas: <\/p>    <ol class=\"wp-block-list\"> <li><strong>M\u00e1quina de descascamento de pele de cebola do tipo corrente<\/strong>: \u00c9 adequado para cebolas grandes e empresas de processamento em grande escala, permitindo opera\u00e7\u00f5es de descascamento est\u00e1veis, eficientes e cont\u00ednuas.<\/li>    <li><strong>M\u00e1quina de descascamento de cebolas do tipo barril<\/strong>: O descascador de cebolas do tipo barril \u00e9 compacto e f\u00e1cil de operar, adequado para processar cebolas menores. \u00c9 ideal para pequenos locais de processamento ou pequenas unidades de processamento de cebolas.<\/li> <\/ol>    <figure class=\"wp-block-gallery has-nested-images columns-default is-cropped wp-block-gallery-3 is-layout-flex wp-block-gallery-is-layout-flex\"> <figure class=\"wp-block-image size-large\"><img loading=\"lazy\" decoding=\"async\" width=\"540\" height=\"720\" data-id=\"278\" src=\"https:\/\/gingermachines.com\/wp-content\/uploads\/2025\/12\/onion-skin-removing-machine.webp\" alt=\"onion skin removing machine\" class=\"wp-image-278\" title=\"\" srcset=\"https:\/\/gingermachines.com\/wp-content\/uploads\/2025\/12\/onion-skin-removing-machine.webp 540w, https:\/\/gingermachines.com\/wp-content\/uploads\/2025\/12\/onion-skin-removing-machine-225x300.webp 225w, https:\/\/gingermachines.com\/wp-content\/uploads\/2025\/12\/onion-skin-removing-machine-9x12.webp 9w\" sizes=\"auto, (max-width: 540px) 100vw, 540px\" \/><figcaption class=\"wp-element-caption\">M\u00e1quina de remo\u00e7\u00e3o de pele de cebola<\/figcaption><\/figure>    <figure class=\"wp-block-image size-large\"><img loading=\"lazy\" decoding=\"async\" width=\"540\" height=\"720\" data-id=\"282\" src=\"https:\/\/gingermachines.com\/wp-content\/uploads\/2025\/12\/onion-peeling-equipment.webp\" alt=\"onion peeling equipment\" class=\"wp-image-282\" title=\"\" srcset=\"https:\/\/gingermachines.com\/wp-content\/uploads\/2025\/12\/onion-peeling-equipment.webp 540w, https:\/\/gingermachines.com\/wp-content\/uploads\/2025\/12\/onion-peeling-equipment-225x300.webp 225w, https:\/\/gingermachines.com\/wp-content\/uploads\/2025\/12\/onion-peeling-equipment-9x12.webp 9w\" sizes=\"auto, (max-width: 540px) 100vw, 540px\" \/><figcaption class=\"wp-element-caption\">Equipamento de descascamento de pele de cebola<\/figcaption><\/figure> <\/figure>    <figure class=\"wp-block-gallery has-nested-images columns-default is-cropped wp-block-gallery-4 is-layout-flex wp-block-gallery-is-layout-flex\"> <figure class=\"wp-block-image size-large\"><img loading=\"lazy\" decoding=\"async\" width=\"540\" height=\"720\" data-id=\"283\" src=\"https:\/\/gingermachines.com\/wp-content\/uploads\/2025\/12\/onion-peeler-machine.webp\" alt=\"onion peeler machine\" class=\"wp-image-283\" title=\"\" srcset=\"https:\/\/gingermachines.com\/wp-content\/uploads\/2025\/12\/onion-peeler-machine.webp 540w, https:\/\/gingermachines.com\/wp-content\/uploads\/2025\/12\/onion-peeler-machine-225x300.webp 225w, https:\/\/gingermachines.com\/wp-content\/uploads\/2025\/12\/onion-peeler-machine-9x12.webp 9w\" sizes=\"auto, (max-width: 540px) 100vw, 540px\" \/><figcaption class=\"wp-element-caption\">M\u00e1quina de descascamento de cebolas<\/figcaption><\/figure>    <figure class=\"wp-block-image size-large\"><img loading=\"lazy\" decoding=\"async\" width=\"540\" height=\"720\" data-id=\"284\" src=\"https:\/\/gingermachines.com\/wp-content\/uploads\/2025\/12\/samll-onion-peeler.webp\" alt=\"small onion peeler\" class=\"wp-image-284\" title=\"\" srcset=\"https:\/\/gingermachines.com\/wp-content\/uploads\/2025\/12\/samll-onion-peeler.webp 540w, https:\/\/gingermachines.com\/wp-content\/uploads\/2025\/12\/samll-onion-peeler-225x300.webp 225w, https:\/\/gingermachines.com\/wp-content\/uploads\/2025\/12\/samll-onion-peeler-9x12.webp 9w\" sizes=\"auto, (max-width: 540px) 100vw, 540px\" \/><figcaption class=\"wp-element-caption\">Pequena descascadora de cebolas<\/figcaption><\/figure> <\/figure>    <h2 class=\"wp-block-heading\"><strong>Par\u00e2metros da m\u00e1quina de remo\u00e7\u00e3o de pele de cebola<\/strong><\/h2>    <p>A seguir, as principais especifica\u00e7\u00f5es t\u00e9cnicas da nossa m\u00e1quina de descascamento de cebolas mais vendida. Comparar diferentes modelos ajudar\u00e1 voc\u00ea a encontrar rapidamente a m\u00e1quina que atende \u00e0s suas necessidades de produ\u00e7\u00e3o.<\/p>    <p class=\"translation-block\"><strong>Especifica\u00e7\u00f5es t\u00e9cnicas da m\u00e1quina de remo\u00e7\u00e3o de pele de cebola do tipo corrente:<\/strong><\/p>    <figure class=\"wp-block-table\"><table class=\"has-fixed-layout\"><tbody><tr><td>Modelo<\/td><td>TZ-1500<\/td><td>TZ-3000<\/td><\/tr><tr><td>Poder<\/td><td>15000w<\/td><td>3000w<\/td><\/tr><tr><td>Capacidade de produ\u00e7\u00e3o<\/td><td>1000-1500kg\/h<\/td><td>2000-3000kg\/h<\/td><\/tr><tr><td>Peso<\/td><td>280kg<\/td><td>450kg<\/td><\/tr><tr><td>Tamanho<\/td><td>200*82*140cm<\/td><td>240*100*175cm<\/td><\/tr><\/tbody><\/table><figcaption class=\"wp-element-caption\">par\u00e2metros do equipamento de descascamento de cebolas do tipo corrente<\/figcaption><\/figure>    <p class=\"translation-block\"><strong>Dados t\u00e9cnicos da m\u00e1quina de descascamento de cebolas do tipo barril<\/strong><\/p>    <figure class=\"wp-block-table\"><table class=\"has-fixed-layout\"><tbody><tr><td>Modelo<\/td><td>TZ-150<\/td><td>TZ-500<\/td><\/tr><tr><td>Poder<\/td><td>110-220v\/0.2kw<\/td><td>110-220v\/0.2kw<\/td><\/tr><tr><td>Capacidade de produ\u00e7\u00e3o<\/td><td>100-150kg\/h<\/td><td>300-500kg<\/td><\/tr><tr><td>Peso<\/td><td>80kg<\/td><td>150kg<\/td><\/tr><tr><td>Tamanho<\/td><td>620*630*900mm<\/td><td>1000*680*1400mm<\/td><\/tr><\/tbody><\/table><figcaption class=\"wp-element-caption\">Par\u00e2metros da m\u00e1quina de remo\u00e7\u00e3o de pele de cebola do tipo barril<\/figcaption><\/figure>    <h2 class=\"wp-block-heading\"><strong>Princ\u00edpio de funcionamento do descascador de pele de cebola<\/strong><\/h2>    <p>: A m\u00e1quina de descascamento de cebolas emprega principalmente um princ\u00edpio pneum\u00e1tico, usando ar comprimido de alta velocidade para separar a pele externa. Durante o processamento, a cebola n\u00e3o entra em contato direto com as l\u00e2minas, garantindo que a cebola permane\u00e7a intacta.<\/p>    <figure class=\"wp-block-gallery has-nested-images columns-default is-cropped wp-block-gallery-5 is-layout-flex wp-block-gallery-is-layout-flex\"> <figure class=\"wp-block-image size-large\"><img loading=\"lazy\" decoding=\"async\" width=\"540\" height=\"720\" data-id=\"285\" src=\"https:\/\/gingermachines.com\/wp-content\/uploads\/2025\/12\/barrel-style-onion-peeler-machine.webp\" alt=\"barrel-style onion peeler machine\" class=\"wp-image-285\" title=\"\" srcset=\"https:\/\/gingermachines.com\/wp-content\/uploads\/2025\/12\/barrel-style-onion-peeler-machine.webp 540w, https:\/\/gingermachines.com\/wp-content\/uploads\/2025\/12\/barrel-style-onion-peeler-machine-225x300.webp 225w, https:\/\/gingermachines.com\/wp-content\/uploads\/2025\/12\/barrel-style-onion-peeler-machine-9x12.webp 9w\" sizes=\"auto, (max-width: 540px) 100vw, 540px\" \/><figcaption class=\"wp-element-caption\">M\u00e1quina de descascamento de cebolas do tipo barril<\/figcaption><\/figure>    <figure class=\"wp-block-image size-large\"><img loading=\"lazy\" decoding=\"async\" width=\"720\" height=\"540\" data-id=\"286\" src=\"https:\/\/gingermachines.com\/wp-content\/uploads\/2025\/12\/chain-onion-peeling-machine.webp\" alt=\"m\u00e1quina de descascamento de cebola em corrente\" class=\"wp-image-286\" title=\"\" srcset=\"https:\/\/gingermachines.com\/wp-content\/uploads\/2025\/12\/chain-onion-peeling-machine.webp 720w, https:\/\/gingermachines.com\/wp-content\/uploads\/2025\/12\/chain-onion-peeling-machine-300x225.webp 300w, https:\/\/gingermachines.com\/wp-content\/uploads\/2025\/12\/chain-onion-peeling-machine-16x12.webp 16w\" sizes=\"auto, (max-width: 720px) 100vw, 720px\" \/><figcaption class=\"wp-element-caption\">M\u00e1quina de descascamento de cebolas do tipo corrente<\/figcaption><\/figure> <\/figure>    <h2 class=\"wp-block-heading\"><strong>Linha de produ\u00e7\u00e3o de descascamento de cebolas<\/strong><\/h2>    <p>A linha de descascamento de cebolas consiste em cortador de raiz, elevador e m\u00e1quina de descascamento de cebolas do tipo corrente, formando um fluxo de processamento cont\u00ednuo e padronizado.<\/p>    <ol class=\"wp-block-list\"> <li><strong>Corte de raiz de cebola<\/strong>: Sua fun\u00e7\u00e3o \u00e9 cortar precisamente a parte inferior da cebola.<\/li>    <li><strong>Elevador<\/strong>: O elevador transporta de forma uniforme as cebolas com raiz cortada para a se\u00e7\u00e3o de descascamento, realizando alimenta\u00e7\u00e3o automatizada e reduzindo manipula\u00e7\u00e3o manual.<\/li>    <li><strong>Equipamento de descascamento de cebolas do tipo corrente<\/strong>: Ela usa fluxo de ar comprimido de alta velocidade para separar a pele da cebola, permitindo um descascamento r\u00e1pido e em grande volume.<\/li> <\/ol>    <figure class=\"wp-block-gallery has-nested-images columns-default is-cropped wp-block-gallery-6 is-layout-flex wp-block-gallery-is-layout-flex\"> <figure class=\"wp-block-image size-large\"><img loading=\"lazy\" decoding=\"async\" width=\"720\" height=\"540\" data-id=\"287\" src=\"https:\/\/gingermachines.com\/wp-content\/uploads\/2025\/12\/onion-root-cutter-mahcine.webp\" alt=\"onion root cutter machine\" class=\"wp-image-287\" title=\"\" srcset=\"https:\/\/gingermachines.com\/wp-content\/uploads\/2025\/12\/onion-root-cutter-mahcine.webp 720w, https:\/\/gingermachines.com\/wp-content\/uploads\/2025\/12\/onion-root-cutter-mahcine-300x225.webp 300w, https:\/\/gingermachines.com\/wp-content\/uploads\/2025\/12\/onion-root-cutter-mahcine-16x12.webp 16w\" sizes=\"auto, (max-width: 720px) 100vw, 720px\" \/><figcaption class=\"wp-element-caption\">M\u00e1quina de corte de raiz de cebola<\/figcaption><\/figure>    <figure class=\"wp-block-image size-large\"><img loading=\"lazy\" decoding=\"async\" width=\"720\" height=\"540\" data-id=\"288\" src=\"https:\/\/gingermachines.com\/wp-content\/uploads\/2025\/12\/onion-elevator.webp\" alt=\"onion elevator\" class=\"wp-image-288\" title=\"\" srcset=\"https:\/\/gingermachines.com\/wp-content\/uploads\/2025\/12\/onion-elevator.webp 720w, https:\/\/gingermachines.com\/wp-content\/uploads\/2025\/12\/onion-elevator-300x225.webp 300w, https:\/\/gingermachines.com\/wp-content\/uploads\/2025\/12\/onion-elevator-16x12.webp 16w\" sizes=\"auto, (max-width: 720px) 100vw, 720px\" \/><figcaption class=\"wp-element-caption\">Elevador de cebolas<\/figcaption><\/figure>    <figure class=\"wp-block-image size-full\"><img loading=\"lazy\" decoding=\"async\" width=\"720\" height=\"540\" data-id=\"290\" src=\"https:\/\/gingermachines.com\/wp-content\/uploads\/2025\/12\/onion-peeling-line-1.webp\" alt=\"linha de descascamento de cebolas\" class=\"wp-image-290\" title=\"\" srcset=\"https:\/\/gingermachines.com\/wp-content\/uploads\/2025\/12\/onion-peeling-line-1.webp 720w, https:\/\/gingermachines.com\/wp-content\/uploads\/2025\/12\/onion-peeling-line-1-300x225.webp 300w, https:\/\/gingermachines.com\/wp-content\/uploads\/2025\/12\/onion-peeling-line-1-16x12.webp 16w\" sizes=\"auto, (max-width: 720px) 100vw, 720px\" \/><figcaption class=\"wp-element-caption\">Linha de descascamento de cebolas<\/figcaption><\/figure> <\/figure>    <h2 class=\"wp-block-heading\"><strong>Fatores que afetam o pre\u00e7o da descascadora de cebolas<\/strong><\/h2>    <p>Os principais fatores que influenciam o pre\u00e7o da m\u00e1quina de descascamento de cebolas incluem o tipo de equipamento, capacidade de processamento, n\u00edvel de configura\u00e7\u00e3o e materiais utilizados.<\/p>    <p>Al\u00e9m disso, a adi\u00e7\u00e3o de elevador ou m\u00e1quina de corte de raiz afetar\u00e1 diretamente o custo total. Geralmente, maior produ\u00e7\u00e3o e configura\u00e7\u00e3o mais avan\u00e7ada resultam em um pre\u00e7o mais alto. Os usu\u00e1rios podem escolher o modelo adequado com base na sua escala de processamento.<\/p>   <div class=\"wp-block-image\"> <figure class=\"aligncenter size-full\"><img loading=\"lazy\" decoding=\"async\" width=\"720\" height=\"540\" src=\"https:\/\/gingermachines.com\/wp-content\/uploads\/2025\/12\/onion-skin-peeling-machine-1.webp\" alt=\"m\u00e1quina de descascamento de pele de cebola\" class=\"wp-image-289\" title=\"\" srcset=\"https:\/\/gingermachines.com\/wp-content\/uploads\/2025\/12\/onion-skin-peeling-machine-1.webp 720w, https:\/\/gingermachines.com\/wp-content\/uploads\/2025\/12\/onion-skin-peeling-machine-1-300x225.webp 300w, https:\/\/gingermachines.com\/wp-content\/uploads\/2025\/12\/onion-skin-peeling-machine-1-16x12.webp 16w\" sizes=\"auto, (max-width: 720px) 100vw, 720px\" \/><figcaption class=\"wp-element-caption\">m\u00e1quina de descascamento de pele de cebola<\/figcaption><\/figure> <\/div>   <h2 class=\"wp-block-heading\"><strong>Por que escolher a Taizy como seu fornecedor?<\/strong><\/h2>    <ul class=\"wp-block-list\"> <li>Apoiamos uma variedade de <strong>Servi\u00e7os personalizados<\/strong>, como m\u00e1quinas personalizadas com base nos padr\u00f5es de voltagem dos pa\u00edses de nossos clientes, e solu\u00e7\u00f5es personalizadas adaptadas \u00e0s necessidades de produ\u00e7\u00e3o e layout do local.<\/li>    <li>A linha de produtos da Taizy \u00e9 abrangente, incluindo n\u00e3o s\u00f3 descascador de cebolas, mas tamb\u00e9m <a href=\"https:\/\/gingermachines.com\/pt\/product\/ginger-washing-machine\/\">m\u00e1quina de fatiar gengibre<\/a>, <a href=\"https:\/\/gingermachines.com\/pt\/product\/ginger-drying-machine\/\">secador de gengibre<\/a>, <a href=\"https:\/\/gingermachines.com\/pt\/product\/ginger-grinding-machine\/\">moedor de gengibre<\/a>, <a href=\"https:\/\/gingermachines.com\/pt\/products\/ginger-processing-line\/\">linha de produ\u00e7\u00e3o de gengibre em p\u00f3<\/a>, e outros equipamentos de processamento de alimentos.<\/li>    <li>Para garantir uma produ\u00e7\u00e3o suave para nossos clientes, fornecemos manuais detalhados, guias de instala\u00e7\u00e3o e comissionamento, e v\u00eddeos de opera\u00e7\u00e3o, garantindo que o equipamento seja f\u00e1cil de aprender e usar, proporcionando tranquilidade ap\u00f3s a compra.<\/li>    <li>A Taizy fabrica e vende a m\u00e1quina de descascamento de cebolas, garantindo n\u00e3o s\u00f3 alta qualidade, mas tamb\u00e9m pre\u00e7os competitivos.<\/li> <\/ul>   <div class=\"wp-block-image\"> <figure class=\"aligncenter size-full\"><img loading=\"lazy\" decoding=\"async\" width=\"720\" height=\"540\" src=\"https:\/\/gingermachines.com\/wp-content\/uploads\/2025\/12\/onion-peeling-machine.webp\" alt=\"m\u00e1quina de descascamento de cebolas\" class=\"wp-image-291\" title=\"\" srcset=\"https:\/\/gingermachines.com\/wp-content\/uploads\/2025\/12\/onion-peeling-machine.webp 720w, https:\/\/gingermachines.com\/wp-content\/uploads\/2025\/12\/onion-peeling-machine-300x225.webp 300w, https:\/\/gingermachines.com\/wp-content\/uploads\/2025\/12\/onion-peeling-machine-16x12.webp 16w\" sizes=\"auto, (max-width: 720px) 100vw, 720px\" \/><figcaption class=\"wp-element-caption\">m\u00e1quina de descascamento de cebolas<\/figcaption><\/figure> <\/div>   <h2 class=\"wp-block-heading\"><strong>Entre em contato agora para a melhor cota\u00e7\u00e3o!<\/strong><\/h2>    <p>A m\u00e1quina de descascamento de cebolas \u00e9 uma m\u00e1quina indispens\u00e1vel na ind\u00fastria de processamento de alimentos. Escolher uma m\u00e1quina de descascamento de pele de cebola est\u00e1vel e confi\u00e1vel trar\u00e1 maior efici\u00eancia de produ\u00e7\u00e3o ao seu neg\u00f3cio.<\/p>    <p>Se voc\u00ea procura equipamentos profissionais de processamento de cebolas, entre em contato conosco imediatamente. A Taizy fornecer\u00e1 solu\u00e7\u00f5es completas e suporte t\u00e9cnico total para tornar sua produ\u00e7\u00e3o mais eficiente!<\/p>","protected":false},"excerpt":{"rendered":"<p>The onion peeling machine utilizes pneumatic principles to achieve fast and clean onion peeling, effectively improving processing efficiency. Taizy onion peeler has a processing capacity ranging from 150-3000 kg\/hour, suitable for various production scales from small processing plants to large food factories.<\/p>","protected":false},"author":1,"featured_media":276,"parent":0,"template":"","tags":[9],"product-type":[6],"class_list":["post-274","product","type-product","status-publish","has-post-thumbnail","hentry","tag-onion","product-type-products"],"_links":{"self":[{"href":"https:\/\/gingermachines.com\/pt\/wp-json\/wp\/v2\/product\/274","targetHints":{"allow":["GET"]}}],"collection":[{"href":"https:\/\/gingermachines.com\/pt\/wp-json\/wp\/v2\/product"}],"about":[{"href":"https:\/\/gingermachines.com\/pt\/wp-json\/wp\/v2\/types\/product"}],"author":[{"embeddable":true,"href":"https:\/\/gingermachines.com\/pt\/wp-json\/wp\/v2\/users\/1"}],"wp:featuredmedia":[{"embeddable":true,"href":"https:\/\/gingermachines.com\/pt\/wp-json\/wp\/v2\/media\/276"}],"wp:attachment":[{"href":"https:\/\/gingermachines.com\/pt\/wp-json\/wp\/v2\/media?parent=274"}],"wp:term":[{"taxonomy":"post_tag","embeddable":true,"href":"https:\/\/gingermachines.com\/pt\/wp-json\/wp\/v2\/tags?post=274"},{"taxonomy":"product-type","embeddable":true,"href":"https:\/\/gingermachines.com\/pt\/wp-json\/wp\/v2\/product-type?post=274"}],"curies":[{"name":"wp","href":"https:\/\/api.w.org\/{rel}","templated":true}]}}