{"id":180,"date":"2023-07-10T15:12:35","date_gmt":"2023-07-10T07:12:35","guid":{"rendered":"https:\/\/gingermachines.com\/?post_type=product&#038;p=180"},"modified":"2024-06-17T11:01:26","modified_gmt":"2024-06-17T03:01:26","slug":"ginger-juicer-machine","status":"publish","type":"product","link":"https:\/\/gingermachines.com\/pt\/product\/ginger-juicer-machine\/","title":{"rendered":"M\u00e1quina espremedora de gengibre para extra\u00e7\u00e3o de gengibre"},"content":{"rendered":"<p>A m\u00e1quina espremedora de gengibre Taizy \u00e9 um aparelho especializado projetado especificamente para extrair suco de ra\u00edzes de gengibre. Ele \u00e9 projetado para extrair de forma eficiente e eficaz a quantidade m\u00e1xima de suco, separando-o da polpa fibrosa e de outros s\u00f3lidos. Nossas m\u00e1quinas espremedoras de gengibre v\u00eam em v\u00e1rios tipos e tamanhos, desde modelos de pequena escala at\u00e9 modelos industriais. <\/p>    <figure class=\"wp-block-embed is-type-video is-provider-youtube wp-block-embed-youtube wp-embed-aspect-16-9 wp-has-aspect-ratio\"><div class=\"wp-block-embed__wrapper\"> <iframe loading=\"lazy\" title=\"Como nossa m\u00e1quina espremedora multifuncional lida com gengibre, pepino e lim\u00e3o\" width=\"500\" height=\"281\" src=\"https:\/\/www.youtube.com\/embed\/6Gfv6T5fSGQ?feature=oembed\" frameborder=\"0\" allow=\"accelerometer; autoplay; clipboard-write; encrypted-media; gyroscope; picture-in-picture; web-share\" referrerpolicy=\"strict-origin-when-cross-origin\" allowfullscreen><\/iframe> <\/div><figcaption class=\"wp-element-caption\">melhor m\u00e1quina para fazer suco de gengibre<\/figcaption><\/figure>    <p>Voc\u00ea n\u00e3o s\u00f3 pode usar esta m\u00e1quina para espremer suco de gengibre, mas tamb\u00e9m pode usar esta m\u00e1quina para espremer outros sucos de frutas e vegetais.<\/p>    <h2 class=\"wp-block-heading\">Destaques do Extrator de Suco de Gengibre<\/h2>    <ol class=\"wp-block-list\"> <li>Esta m\u00e1quina n\u00e3o tem apenas a fun\u00e7\u00e3o de fazer suco, mas tamb\u00e9m de pulverizar.<\/li>    <li>A m\u00e1quina de suco de gengibre para extra\u00e7\u00e3o de gengibre \u00e9 feita apenas de a\u00e7o inoxid\u00e1vel 304, que \u00e9 resistente, dur\u00e1vel e f\u00e1cil de limpar.<\/li>    <li>Ele pode processar at\u00e9 5.000 kg de mat\u00e9ria-prima por hora. Adequado para pequenas e grandes f\u00e1bricas de processamento de gengibre e f\u00e1bricas de processamento de alimentos.<\/li>    <li>A m\u00e1quina tamb\u00e9m pode ser usada para extrair outros sucos de frutas e vegetais.<\/li> <\/ol>   <div class=\"wp-block-image\"> <figure class=\"aligncenter size-full\"><img loading=\"lazy\" decoding=\"async\" width=\"525\" height=\"540\" src=\"https:\/\/gingermachines.com\/wp-content\/uploads\/2023\/07\/ginger-juicer-machine.webp\" alt=\"m\u00e1quina de espremedor de gengibre\" class=\"wp-image-185\" title=\"\" srcset=\"https:\/\/gingermachines.com\/wp-content\/uploads\/2023\/07\/ginger-juicer-machine.webp 525w, https:\/\/gingermachines.com\/wp-content\/uploads\/2023\/07\/ginger-juicer-machine-292x300.webp 292w\" sizes=\"auto, (max-width: 525px) 100vw, 525px\" \/><figcaption class=\"wp-element-caption\">m\u00e1quina de espremedor de gengibre<\/figcaption><\/figure> <\/div>   <h2 class=\"wp-block-heading\">Como funciona a m\u00e1quina espremedora de gengibre?<\/h2>    <p>O espremedor de gengibre funciona acionando o motor para fazer o raspador girar em alta velocidade. Quando o gengibre entra no espremedor pela porta de entrada, o raspador o descarrega uniformemente no raspador e na tela. Devido \u00e0 a\u00e7\u00e3o rotativa do raspador e ao \u00e2ngulo da guia, o material se mover\u00e1 ao longo do cilindro em dire\u00e7\u00e3o \u00e0 extremidade de sa\u00edda.<\/p>    <p class=\"translation-block\">O material formar\u00e1 uma trajet\u00f3ria semelhante a uma espiral durante o movimento. Ao mesmo tempo, a <a href=\"https:\/\/en.wikipedia.org\/wiki\/Centrifugal_force\" target=\"_blank\" rel=\"noopener\">for\u00e7a centr\u00edfuga<\/a> da rota\u00e7\u00e3o de alta velocidade faz com que o sumo flua atrav\u00e9s da peneira e da sa\u00edda, enquanto o baga\u00e7o \u00e9 descarregado da descarga de baga\u00e7o. Desta forma, obt\u00e9m-se o efeito de separa\u00e7\u00e3o autom\u00e1tica.<\/p>    <p>Esta m\u00e1quina para fazer suco de gengibre \u00e9 amplamente utilizada nas ind\u00fastrias de fabrica\u00e7\u00e3o de sucos, processamento de alimentos e bebidas para processar grandes quantidades de frutas ou vegetais de forma r\u00e1pida e eficiente, fornecendo sucos de frutas e vegetais frescos e saborosos.<\/p>   <div class=\"wp-block-image\"> <figure class=\"aligncenter size-full\"><img loading=\"lazy\" decoding=\"async\" width=\"720\" height=\"540\" src=\"https:\/\/gingermachines.com\/wp-content\/uploads\/2023\/07\/ginger-juice-making-machine.webp\" alt=\"m\u00e1quina de fazer suco de gengibre\" class=\"wp-image-183\" title=\"\" srcset=\"https:\/\/gingermachines.com\/wp-content\/uploads\/2023\/07\/ginger-juice-making-machine.webp 720w, https:\/\/gingermachines.com\/wp-content\/uploads\/2023\/07\/ginger-juice-making-machine-300x225.webp 300w\" sizes=\"auto, (max-width: 720px) 100vw, 720px\" \/><figcaption class=\"wp-element-caption\">m\u00e1quina de fazer suco de gengibre<\/figcaption><\/figure> <\/div>   <h2 class=\"wp-block-heading\">Como escolher a m\u00e1quina certa para fazer suco de gengibre?<\/h2>    <p>Ao selecionar uma m\u00e1quina espremedora de gengibre, considere fatores como capacidade de suco, facilidade de limpeza, durabilidade e desempenho geral. A Taizy Ginger Machinery oferece orienta\u00e7\u00e3o e suporte abrangentes para ajud\u00e1-lo a tomar uma decis\u00e3o informada com base em seus requisitos espec\u00edficos.<\/p>    <h2 class=\"wp-block-heading\">Tipos de m\u00e1quinas extratoras de suco de gengibre dispon\u00edveis<\/h2>    <p>M\u00e1quina extratora el\u00e9trica de suco de gengibre: Projetadas para opera\u00e7\u00f5es em larga escala, as m\u00e1quinas extratoras el\u00e9tricas de suco de gengibre fornecem suco eficiente com esfor\u00e7o m\u00ednimo. Essas m\u00e1quinas s\u00e3o adequadas para estabelecimentos comerciais como sucos, restaurantes e caf\u00e9s.<\/p>    <p>M\u00e1quina extratora de suco de gengibre industrial: Constru\u00eddas para sucos pesados, essas m\u00e1quinas s\u00e3o projetadas para lidar com grandes volumes de gengibre. Eles s\u00e3o amplamente utilizados em ind\u00fastrias de processamento de alimentos e f\u00e1bricas de produ\u00e7\u00e3o de sucos.<\/p>   <div class=\"wp-block-image\"> <figure class=\"aligncenter size-full\"><img loading=\"lazy\" decoding=\"async\" width=\"720\" height=\"540\" src=\"https:\/\/gingermachines.com\/wp-content\/uploads\/2023\/07\/industrial-ginger-juicer-machine.webp\" alt=\"m\u00e1quina industrial de espremedor de gengibre\" class=\"wp-image-186\" title=\"\" srcset=\"https:\/\/gingermachines.com\/wp-content\/uploads\/2023\/07\/industrial-ginger-juicer-machine.webp 720w, https:\/\/gingermachines.com\/wp-content\/uploads\/2023\/07\/industrial-ginger-juicer-machine-300x225.webp 300w\" sizes=\"auto, (max-width: 720px) 100vw, 720px\" \/><figcaption class=\"wp-element-caption\">m\u00e1quina industrial de espremedor de gengibre<\/figcaption><\/figure> <\/div>   <h2 class=\"wp-block-heading\">Por que escolher m\u00e1quinas Taizy Ginger?<\/h2>    <p>A Taizy Ginger Machinery \u00e9 uma empresa renomada especializada na produ\u00e7\u00e3o e fabrica\u00e7\u00e3o de m\u00e1quinas de gengibre. Compreendemos a demanda por m\u00e1quinas espremedoras de gengibre de alta qualidade e oferecemos uma ampla gama de op\u00e7\u00f5es para atender a diversas necessidades. <\/p>    <p class=\"translation-block\">Com a nossa experi\u00eancia e compromisso com a excel\u00eancia, a Taizy Ginger Machinery garante que as suas m\u00e1quinas de sumo de gengibre s\u00e3o constru\u00eddas para oferecer um desempenho excecional, durabilidade e facilidade de utiliza\u00e7\u00e3o. Na nossa empresa, temos tamb\u00e9m uma <a href=\"https:\/\/gingermachines.com\/pt\/product\/ginger-powder-processing-line\/\">linha de produ\u00e7\u00e3o de p\u00f3 de gengibre<\/a>, <a href=\"https:\/\/gingermachines.com\/pt\/product\/ginger-grinding-machine\/\">m\u00e1quina de moagem de gengibre<\/a>, <a href=\"https:\/\/gingermachines.com\/pt\/product\/ginger-slicing-machine\/\">m\u00e1quina de fatiar gengibre<\/a> e <a href=\"https:\/\/gingermachines.com\/pt\/product\/ginger-washing-machine\/\">m\u00e1quina de lavar gengibre<\/a>.<\/p>   <div class=\"wp-block-image\"> <figure class=\"aligncenter size-full\"><img loading=\"lazy\" decoding=\"async\" width=\"720\" height=\"540\" src=\"https:\/\/gingermachines.com\/wp-content\/uploads\/2022\/09\/ginger-powder-processing-machine-line.jpg\" alt=\"linha de processamento de p\u00f3 de gengibre\" class=\"wp-image-97\" title=\"\" srcset=\"https:\/\/gingermachines.com\/wp-content\/uploads\/2022\/09\/ginger-powder-processing-machine-line.jpg 720w, https:\/\/gingermachines.com\/wp-content\/uploads\/2022\/09\/ginger-powder-processing-machine-line-300x225.jpg 300w\" sizes=\"auto, (max-width: 720px) 100vw, 720px\" \/><figcaption class=\"wp-element-caption\">linha de processamento de p\u00f3 de gengibre<\/figcaption><\/figure> <\/div>   <h2 class=\"wp-block-heading\">Benef\u00edcios para a sa\u00fade do suco de gengibre<\/h2>    <ul class=\"wp-block-list\"> <li>Aumenta a imunidade: O gengibre cont\u00e9m antioxidantes e propriedades de refor\u00e7o imunol\u00f3gico que podem fortalecer o mecanismo de defesa do seu corpo.<\/li>    <li>Ajuda Digestiva: O suco de gengibre ajuda na digest\u00e3o, alivia o desconforto gastrointestinal e reduz as n\u00e1useas.<\/li>    <li>Propriedades antiinflamat\u00f3rias: Os compostos antiinflamat\u00f3rios do suco de gengibre podem ajudar a reduzir a inflama\u00e7\u00e3o e aliviar a dor.<\/li>    <li>Controle de peso: O consumo regular de suco de gengibre pode contribuir para a perda de peso, aumentando o metabolismo e reduzindo o apetite.<\/li>    <li>Sa\u00fade do Cora\u00e7\u00e3o: O suco de gengibre promove a sa\u00fade cardiovascular, diminuindo os n\u00edveis de colesterol e reduzindo o risco de doen\u00e7as card\u00edacas.<\/li> <\/ul>   <div class=\"wp-block-image\"> <figure class=\"aligncenter size-full\"><img loading=\"lazy\" decoding=\"async\" width=\"720\" height=\"540\" src=\"https:\/\/gingermachines.com\/wp-content\/uploads\/2023\/07\/ginger-juice.webp\" alt=\"suco de gengibre\" class=\"wp-image-184\" title=\"\" srcset=\"https:\/\/gingermachines.com\/wp-content\/uploads\/2023\/07\/ginger-juice.webp 720w, https:\/\/gingermachines.com\/wp-content\/uploads\/2023\/07\/ginger-juice-300x225.webp 300w\" sizes=\"auto, (max-width: 720px) 100vw, 720px\" \/><figcaption class=\"wp-element-caption\">suco de gengibre<\/figcaption><\/figure> <\/div>   <h2 class=\"wp-block-heading\">Entre em contato com a Taizy Ginger Machinery hoje mesmo<\/h2>    <p>Se voc\u00ea precisar de uma m\u00e1quina espremedora de gengibre confi\u00e1vel, n\u00e3o procure mais, Taizy Ginger Machinery. Com nossa dedica\u00e7\u00e3o \u00e0 qualidade e satisfa\u00e7\u00e3o do cliente, temos o compromisso de fornecer m\u00e1quinas de primeira linha para fazer suco de gengibre que atendam \u00e0s suas necessidades de sucos. Contate a Taizy Ginger Machinery hoje para explorar sua linha de m\u00e1quinas espremedoras de gengibre e descobrir a solu\u00e7\u00e3o perfeita para sua casa ou empresa.<\/p>    <p>Os espremedores de gengibre tornaram-se uma adi\u00e7\u00e3o valiosa \u00e0 cozinha e aos estabelecimentos comerciais, permitindo que as pessoas desfrutem das del\u00edcias do gengibre de forma conveniente e refrescante. Taizy Ginger Machinery, um fabricante confi\u00e1vel, oferece uma sele\u00e7\u00e3o diversificada de m\u00e1quinas espremedoras de gengibre para atender a diversas necessidades. <\/p>    <p>Quer voc\u00ea seja um indiv\u00edduo preocupado com a sa\u00fade ou propriet\u00e1rio de uma empresa na ind\u00fastria aliment\u00edcia, a Taizy Ginger Machinery tem a m\u00e1quina espremedora de gengibre perfeita para extrair frescor e sa\u00fade de cada gole.<\/p>","protected":false},"excerpt":{"rendered":"<p>A m\u00e1quina espremedora de gengibre \u00e9 um aparelho especializado projetado especificamente para extrair suco de ra\u00edzes de gengibre. Vendo m\u00e1quina espremedora pequena\/industrial.<\/p>","protected":false},"author":1,"featured_media":187,"parent":0,"template":"","tags":[],"product-type":[6],"class_list":["post-180","product","type-product","status-publish","has-post-thumbnail","hentry","product-type-products"],"_links":{"self":[{"href":"https:\/\/gingermachines.com\/pt\/wp-json\/wp\/v2\/product\/180","targetHints":{"allow":["GET"]}}],"collection":[{"href":"https:\/\/gingermachines.com\/pt\/wp-json\/wp\/v2\/product"}],"about":[{"href":"https:\/\/gingermachines.com\/pt\/wp-json\/wp\/v2\/types\/product"}],"author":[{"embeddable":true,"href":"https:\/\/gingermachines.com\/pt\/wp-json\/wp\/v2\/users\/1"}],"wp:featuredmedia":[{"embeddable":true,"href":"https:\/\/gingermachines.com\/pt\/wp-json\/wp\/v2\/media\/187"}],"wp:attachment":[{"href":"https:\/\/gingermachines.com\/pt\/wp-json\/wp\/v2\/media?parent=180"}],"wp:term":[{"taxonomy":"post_tag","embeddable":true,"href":"https:\/\/gingermachines.com\/pt\/wp-json\/wp\/v2\/tags?post=180"},{"taxonomy":"product-type","embeddable":true,"href":"https:\/\/gingermachines.com\/pt\/wp-json\/wp\/v2\/product-type?post=180"}],"curies":[{"name":"wp","href":"https:\/\/api.w.org\/{rel}","templated":true}]}}