{"id":140,"date":"2023-03-29T16:25:11","date_gmt":"2023-03-29T08:25:11","guid":{"rendered":"https:\/\/gingermachines.com\/?post_type=product&#038;p=140"},"modified":"2024-06-26T14:46:28","modified_gmt":"2024-06-26T06:46:28","slug":"ginger-powder-packaging-machine","status":"publish","type":"product","link":"https:\/\/gingermachines.com\/pt\/product\/ginger-powder-packaging-machine\/","title":{"rendered":"M\u00e1quina de embalagem de gengibre em p\u00f3"},"content":{"rendered":"<p class=\"translation-block\"><strong>Taizy ginger powder packaging machine<\/strong> is an automated tool designed for the packaging of ginger powder. It ensures precision and accuracy in filling, sealing, and coding bags, making it a fast, efficient, and cost-effective solution for manufacturers in the ginger production industry.<\/p>    <p class=\"translation-block\">We provide a fully <strong>automatic ginger powder packing machine<\/strong> and a semi-automatic ginger powder packing machine for your business. Which one to choose should depend on your specific demands, such as capacities, packaging speed, budgets, working space, etc. And all our machines adopt durable materials and advanced technology to ensure good performance and long service life. If you are looking for a ginger powder packaging machine, quite a good idea to contact us for the best price.<\/p>   <div class=\"wp-block-image\"> <figure class=\"aligncenter size-full\"><img loading=\"lazy\" decoding=\"async\" width=\"720\" height=\"540\" src=\"https:\/\/gingermachines.com\/wp-content\/uploads\/2023\/03\/powder-packing-equipment.webp\" alt=\"equipamento de embalagem de p\u00f3\" class=\"wp-image-239\" title=\"\" srcset=\"https:\/\/gingermachines.com\/wp-content\/uploads\/2023\/03\/powder-packing-equipment.webp 720w, https:\/\/gingermachines.com\/wp-content\/uploads\/2023\/03\/powder-packing-equipment-300x225.webp 300w, https:\/\/gingermachines.com\/wp-content\/uploads\/2023\/03\/powder-packing-equipment-16x12.webp 16w\" sizes=\"auto, (max-width: 720px) 100vw, 720px\" \/><figcaption class=\"wp-element-caption\">equipamento de embalagem de p\u00f3 com elevador<\/figcaption><\/figure> <\/div>   <h2 class=\"wp-block-heading\">Caracter\u00edsticas da m\u00e1quina de embalagem de gengibre em p\u00f3<\/h2>    <ul class=\"wp-block-list\"> <li><strong>Capacidade e velocidade:<\/strong> As m\u00e1quinas embaladoras de gengibre em p\u00f3 possuem alta capacidade de produ\u00e7\u00e3o, variando de 20 a 80 sacos por minuto.<\/li>    <li><strong>Precis\u00e3o e exatid\u00e3o:<\/strong> Sensores avan\u00e7ados garantem medi\u00e7\u00f5es precisas e enchimento preciso, reduzindo erros e inconsist\u00eancias no processo de embalagem.<\/li>    <li><strong>Facilidade de uso: <\/strong>O equipamento de embalagem de gengibre em p\u00f3 \u00e9 f\u00e1cil de operar, com alguns modelos apresentando telas sens\u00edveis ao toque que simplificam ainda mais o processo de embalagem.<\/li>    <li><strong>Versatilidade:<\/strong> As m\u00e1quinas trabalham com diversos tipos de materiais de embalagem, agregando flexibilidade ao processo de embalagem. <\/li>    <li><strong>Custo-beneficio:<\/strong> Ao automatizar o processo de embalagem, as m\u00e1quinas de embalagem de gengibre em p\u00f3 reduzem os custos de m\u00e3o de obra e de material, aumentando a lucratividade para os fabricantes. <\/li>    <li><strong>Personaliz\u00e1vel: O<\/strong> as m\u00e1quinas podem ser personalizadas para atender a requisitos espec\u00edficos de embalagem, permitindo que os fabricantes obtenham uma apresenta\u00e7\u00e3o de produto exclusiva que atenda \u00e0s prefer\u00eancias de seus clientes. <\/li> <\/ul>    <figure class=\"wp-block-image size-full\"><img loading=\"lazy\" decoding=\"async\" width=\"720\" height=\"540\" src=\"https:\/\/gingermachines.com\/wp-content\/uploads\/2023\/03\/automatic-powder-packing-machine-factory.jpg\" alt=\"f\u00e1brica autom\u00e1tica de m\u00e1quinas de embalagem de p\u00f3\" class=\"wp-image-154\" title=\"\" srcset=\"https:\/\/gingermachines.com\/wp-content\/uploads\/2023\/03\/automatic-powder-packing-machine-factory.jpg 720w, https:\/\/gingermachines.com\/wp-content\/uploads\/2023\/03\/automatic-powder-packing-machine-factory-300x225.jpg 300w\" sizes=\"auto, (max-width: 720px) 100vw, 720px\" \/><figcaption class=\"wp-element-caption\">F\u00e1brica autom\u00e1tica de m\u00e1quinas de embalagem de p\u00f3<\/figcaption><\/figure>    <h2 class=\"wp-block-heading\">Tipos de m\u00e1quina de envase de gengibre em p\u00f3<\/h2>    <p>Em nossa empresa, temos duas m\u00e1quinas de envase de gengibre em p\u00f3 comumente vendidas para venda. Um \u00e9 totalmente autom\u00e1tico e o outro \u00e9 semiautom\u00e1tico. Voc\u00ea pode escolher a m\u00e1quina que se adapta \u00e0s suas necessidades e or\u00e7amento. Entretanto, se tiver d\u00favidas sobre esta m\u00e1quina, pode sempre contactar-nos atrav\u00e9s da janela pop-up no canto inferior direito.<\/p>    <h2 class=\"wp-block-heading\">Type1: M\u00e1quina de embalagem de p\u00f3 de gengibre totalmente autom\u00e1tica<\/h2>    <p>A m\u00e1quina de embalagem de gengibre em p\u00f3 totalmente autom\u00e1tica \u00e9 uma solu\u00e7\u00e3o de embalagem avan\u00e7ada projetada para agilizar o processo de embalagem de gengibre em p\u00f3. Esta m\u00e1quina executa todas as fun\u00e7\u00f5es de embalagem automaticamente, incluindo medi\u00e7\u00e3o, enchimento, selagem e etiquetagem de sacos. Requer interven\u00e7\u00e3o humana m\u00ednima, reduzindo custos trabalhistas e aumentando a produtividade. <\/p>    <p>Esta m\u00e1quina de embalagem de p\u00f3 de gengibre para venda \u00e9 uma pequena m\u00e1quina de enchimento e selagem do tipo vertical (VFFS). Com alta capacidade de produ\u00e7\u00e3o de at\u00e9 80 sacas por minuto. Esta m\u00e1quina possui caracter\u00edsticas de alto desempenho e pre\u00e7o acess\u00edvel. \u00c9 bastante adequado para requisitos de produ\u00e7\u00e3o pequena ou m\u00e9dia.<\/p>    <figure class=\"wp-block-image size-full\"><img loading=\"lazy\" decoding=\"async\" width=\"720\" height=\"540\" src=\"https:\/\/gingermachines.com\/wp-content\/uploads\/2023\/03\/small-ginger-powder-packaging-machine-1.jpg\" alt=\"pequena m\u00e1quina de embalagem de p\u00f3 de gengibre\" class=\"wp-image-146\" title=\"\" srcset=\"https:\/\/gingermachines.com\/wp-content\/uploads\/2023\/03\/small-ginger-powder-packaging-machine-1.jpg 720w, https:\/\/gingermachines.com\/wp-content\/uploads\/2023\/03\/small-ginger-powder-packaging-machine-1-300x225.jpg 300w\" sizes=\"auto, (max-width: 720px) 100vw, 720px\" \/><figcaption class=\"wp-element-caption\">M\u00e1quina de embalagem pequena de gengibre em p\u00f3<\/figcaption><\/figure>    <h2 class=\"wp-block-heading\">Par\u00e2metros autom\u00e1ticos da m\u00e1quina de embalagem de gengibre em p\u00f3 <\/h2>    <figure class=\"wp-block-table\"><table><tbody><tr><td>Modelo<\/td><td>TZ-320<\/td><td>TZ-450<\/td><td>TZ-420<\/td><td>TZ-520<\/td><td>TZ-720<\/td><\/tr><tr><td>Tipos de sacos de embalagem<\/td><td>Veda\u00e7\u00e3o traseira\/veda\u00e7\u00e3o de 3 lados\/veda\u00e7\u00e3o de 4 lados<\/td><td>Veda\u00e7\u00e3o traseira\/veda\u00e7\u00e3o de 3 lados\/veda\u00e7\u00e3o de 4 lados<\/td><td>Selo traseiro<\/td><td>Selo traseiro<\/td><td>Selo traseiro<\/td><\/tr><tr><td>Velocidade de embalagem<\/td><td>20-80 sacos\/min<\/td><td>20-80 sacos\/min<\/td><td>5-30 sacos\/min<\/td><td>5-50 sacos\/min<\/td><td>5-50 sacos\/min<\/td><\/tr><tr><td>Consumo de energia<\/td><td>1,8 kW<\/td><td>2,2 kW<\/td><td>220V, 2,2KW<\/td><td>220 VCA\/50 Hz<\/td><td>220 VCA\/50 Hz, 5KW<\/td><\/tr><tr><td>Dimens\u00e3o<\/td><td>(C)650*(L)1050*(A)1950mm<\/td><td>(C)650*(L)1050*(A)2150mm<\/td><td>(C)1320*(L)950*(A)1760mm<\/td><td>(C)1150*(L)1795*(A)2050mm<\/td><td>(C)1780*(L)1350*(A)2350mm<\/td><\/tr><tr><td>Comprimento do saco<\/td><td>30-180 mm<\/td><td>30-300mm<\/td><td>80-300mm<\/td><td>80-400 mm<\/td><td>100-400mm<\/td><\/tr><tr><td>Largura da bolsa<\/td><td>20-150 mm<\/td><td>20-210mm<\/td><td>80-200mm<\/td><td>80-250 mm<\/td><td>180-350mm<\/td><\/tr><tr><td>Consumo de ar<\/td><td>\/<\/td><td>\/<\/td><td>0,65Mpa<\/td><td>0,65Mpa<\/td><td>0,65Mpa<\/td><\/tr><tr><td>Consumo de g\u00e1s<\/td><td>\/<\/td><td>\/<\/td><td>0,4m<sup>3<\/sup>\/min<\/td><td>0,4m<sup>3<\/sup>\/min<\/td><td>0,4m<sup>3<\/sup>\/min<\/td><\/tr><\/tbody><\/table><figcaption class=\"wp-element-caption\">tabela de par\u00e2metros<\/figcaption><\/figure>    <p>A m\u00e1quina autom\u00e1tica de envase de gengibre em p\u00f3 possui veda\u00e7\u00e3o traseira, veda\u00e7\u00e3o de tr\u00eas lados, veda\u00e7\u00e3o de quatro lados e outros m\u00e9todos de embalagem para os clientes escolherem. A velocidade de embalagem por minuto pode ser de at\u00e9 80 pacotes. Quer saber mais sobre as m\u00e1quinas autom\u00e1ticas de envase de gengibre em p\u00f3? Bem-vindo a entrar em contato conosco a qualquer momento.<\/p>   <div class=\"wp-block-image\"> <figure class=\"aligncenter size-full\"><img loading=\"lazy\" decoding=\"async\" width=\"720\" height=\"540\" src=\"https:\/\/gingermachines.com\/wp-content\/uploads\/2023\/03\/powder-packaging-equipment.webp\" alt=\"equipamento autom\u00e1tico de embalagem de p\u00f3\" class=\"wp-image-238\" title=\"\" srcset=\"https:\/\/gingermachines.com\/wp-content\/uploads\/2023\/03\/powder-packaging-equipment.webp 720w, https:\/\/gingermachines.com\/wp-content\/uploads\/2023\/03\/powder-packaging-equipment-300x225.webp 300w, https:\/\/gingermachines.com\/wp-content\/uploads\/2023\/03\/powder-packaging-equipment-16x12.webp 16w\" sizes=\"auto, (max-width: 720px) 100vw, 720px\" \/><figcaption class=\"wp-element-caption\">equipamento autom\u00e1tico de embalagem de p\u00f3<\/figcaption><\/figure> <\/div>   <h2 class=\"wp-block-heading\">Tipo 2: M\u00e1quina de enchimento semiautom\u00e1tica de gengibre em p\u00f3 <\/h2>    <p>A m\u00e1quina envasadora semiautom\u00e1tica de gengibre em p\u00f3 \u00e9 uma solu\u00e7\u00e3o de embalagem vers\u00e1til que combina a efici\u00eancia da automa\u00e7\u00e3o com a flexibilidade da interven\u00e7\u00e3o humana. Esta m\u00e1quina mede o enchimento e sela os sacos automaticamente, mas exige que um operador coloque e remova os sacos na correia transportadora. As embalagens variam de 1kg a 10kg. <\/p>    <p>A m\u00e1quina semiautom\u00e1tica de embalagem de gengibre em p\u00f3 \u00e9 f\u00e1cil de operar e pode ser personalizada para diferentes materiais de embalagem, tornando-a uma op\u00e7\u00e3o econ\u00f4mica e vers\u00e1til para fabricantes da ind\u00fastria aliment\u00edcia. Esta m\u00e1quina \u00e9 ideal para grandes necessidades de produ\u00e7\u00e3o.<\/p>    <figure class=\"wp-block-image size-full\"><img loading=\"lazy\" decoding=\"async\" width=\"720\" height=\"540\" src=\"https:\/\/gingermachines.com\/wp-content\/uploads\/2023\/03\/ginger-powder-filling-machine.jpg\" alt=\"m\u00e1quina de enchimento de p\u00f3 de gengibre\" class=\"wp-image-148\" title=\"\" srcset=\"https:\/\/gingermachines.com\/wp-content\/uploads\/2023\/03\/ginger-powder-filling-machine.jpg 720w, https:\/\/gingermachines.com\/wp-content\/uploads\/2023\/03\/ginger-powder-filling-machine-300x225.jpg 300w\" sizes=\"auto, (max-width: 720px) 100vw, 720px\" \/><figcaption class=\"wp-element-caption\">M\u00e1quina de enchimento de gengibre em p\u00f3<\/figcaption><\/figure>    <h2 class=\"wp-block-heading\">Par\u00e2metros semiautom\u00e1ticos da m\u00e1quina de embalagem de gengibre em p\u00f3 <\/h2>    <figure class=\"wp-block-table\"><table><tbody><tr><td>Poder<\/td><td>CA380V\u00a0900W<\/td><\/tr><tr><td>Especifica\u00e7\u00f5es de embalagem<\/td><td>1-10kg<\/td><\/tr><tr><td>Precis\u00e3o da embalagem<\/td><td>\u00b11%<\/td><\/tr><tr><td>Velocidade de embalagem<\/td><td>500-1500 sacos\/h (de acordo com o tamanho da embalagem e dos produtos)<\/td><\/tr><tr><td>Dimens\u00e3o<\/td><td>1000*850*1850mm<\/td><\/tr><tr><td>Peso<\/td><td>280kg<\/td><\/tr><\/tbody><\/table><figcaption class=\"wp-element-caption\">Equipamento semiautom\u00e1tico de embalagem de gengibre em p\u00f3<\/figcaption><\/figure>    <p>Dependendo dos diferentes materiais, esta m\u00e1quina embaladora semiautom\u00e1tica pode embalar de 500 a 1500 sacos\/h. Se voc\u00ea quiser saber mais sobre esta m\u00e1quina semiautom\u00e1tica de embalagem de p\u00f3, entre em contato conosco atrav\u00e9s da janela pop-up no canto inferior direito.<\/p>    <h2 class=\"wp-block-heading\">Fatores a serem considerados ao escolher a m\u00e1quina de embalagem certa de gengibre em p\u00f3<\/h2>    <h3 class=\"wp-block-heading\">Capacidade de produ\u00e7\u00e3o<\/h3>    <p>Ao escolher uma m\u00e1quina embaladora de gengibre em p\u00f3, \u00e9 fundamental considerar sua capacidade de produ\u00e7\u00e3o. Selecionar uma m\u00e1quina com capacidade de produ\u00e7\u00e3o superior \u00e0 necess\u00e1ria pode gerar gastos desnecess\u00e1rios. Por outro lado, escolher uma m\u00e1quina com baixa capacidade de produ\u00e7\u00e3o pode restringir a sua capacidade de atender \u00e0 demanda.<\/p>    <h3 class=\"wp-block-heading\">Or\u00e7amento<\/h3>    <p>O custo de aquisi\u00e7\u00e3o de uma m\u00e1quina embaladora de p\u00f3 de gengibre \u00e9 um fator importante a ser considerado. \u00c9 essencial selecionar uma m\u00e1quina que caiba no seu or\u00e7amento e ao mesmo tempo atenda \u00e0s suas necessidades de embalagem.<\/p>    <h3 class=\"wp-block-heading\">Materiais de embalagem<\/h3>    <p>Diferentes m\u00e1quinas de embalagem de gengibre em p\u00f3 s\u00e3o projetadas para trabalhar com materiais de embalagem espec\u00edficos. \u00c9 essencial escolher uma m\u00e1quina que seja compat\u00edvel com o material de embalagem de sua prefer\u00eancia para evitar atrasos ou problemas na produ\u00e7\u00e3o.<\/p>    <h2 class=\"wp-block-heading\">Qual \u00e9 o pre\u00e7o da m\u00e1quina embaladora de gengibre em p\u00f3?<\/h2>    <p>O pre\u00e7o de uma m\u00e1quina embaladora de gengibre em p\u00f3 varia de acordo com v\u00e1rios fatores, incluindo o tipo de m\u00e1quina, suas caracter\u00edsticas, capacidade de produ\u00e7\u00e3o e marca. Por exemplo, o custo da m\u00e1quina autom\u00e1tica de embalagem de p\u00f3 \u00e9 bastante diferente da m\u00e1quina semiautom\u00e1tica de embalagem de p\u00f3. Porque possuem estruturas, pe\u00e7as, componentes e especifica\u00e7\u00f5es diferentes.<\/p>    <p>Entretanto, o custo do mesmo tipo de m\u00e1quina para clientes diferentes tamb\u00e9m pode variar, porque a pot\u00eancia, as configura\u00e7\u00f5es e os materiais podem ser diferentes. Portanto, informe-nos primeiro seus requisitos de embalagem e poderemos fornecer uma lista de pre\u00e7os de m\u00e1quinas detalhada e precisa. Contate-nos agora para iniciar seu neg\u00f3cio de embalagens de gengibre.<\/p>    <div class=\"wp-block-columns is-layout-flex wp-container-core-columns-is-layout-9d6595d7 wp-block-columns-is-layout-flex\"> <div class=\"wp-block-column is-layout-flow wp-block-column-is-layout-flow\"> <figure class=\"wp-block-image size-full\"><img loading=\"lazy\" decoding=\"async\" width=\"750\" height=\"500\" src=\"https:\/\/gingermachines.com\/wp-content\/uploads\/2023\/03\/customers-visit-our-company.webp\" alt=\"clientes visitam nossa empresa\" class=\"wp-image-151\" title=\"\" srcset=\"https:\/\/gingermachines.com\/wp-content\/uploads\/2023\/03\/customers-visit-our-company.webp 750w, https:\/\/gingermachines.com\/wp-content\/uploads\/2023\/03\/customers-visit-our-company-300x200.webp 300w\" sizes=\"auto, (max-width: 750px) 100vw, 750px\" \/><figcaption class=\"wp-element-caption\">Os clientes visitam nossa empresa<\/figcaption><\/figure> <\/div>    <div class=\"wp-block-column is-layout-flow wp-block-column-is-layout-flow\"> <figure class=\"wp-block-image size-full\"><img loading=\"lazy\" decoding=\"async\" width=\"750\" height=\"500\" src=\"https:\/\/gingermachines.com\/wp-content\/uploads\/2023\/03\/our-customers-around-the-world.webp\" alt=\"nossos clientes em todo o mundo\" class=\"wp-image-152\" title=\"\" srcset=\"https:\/\/gingermachines.com\/wp-content\/uploads\/2023\/03\/our-customers-around-the-world.webp 750w, https:\/\/gingermachines.com\/wp-content\/uploads\/2023\/03\/our-customers-around-the-world-300x200.webp 300w\" sizes=\"auto, (max-width: 750px) 100vw, 750px\" \/><figcaption class=\"wp-element-caption\">Nossos clientes em todo o mundo<\/figcaption><\/figure> <\/div> <\/div>    <h2 class=\"wp-block-heading\">Contate-nos hoje para obter o melhor pre\u00e7o!<\/h2>    <div class=\"wp-block-columns is-layout-flex wp-container-core-columns-is-layout-9d6595d7 wp-block-columns-is-layout-flex\"> <div class=\"wp-block-column is-layout-flow wp-block-column-is-layout-flow\"> <figure class=\"wp-block-image size-full\"><img loading=\"lazy\" decoding=\"async\" width=\"540\" height=\"720\" src=\"https:\/\/gingermachines.com\/wp-content\/uploads\/2023\/03\/packing-picture-of-ginger-powder-packing-equipment.webp\" alt=\"imagem de embalagem de equipamento de embalagem de p\u00f3 de gengibre\" class=\"wp-image-240\" title=\"\" srcset=\"https:\/\/gingermachines.com\/wp-content\/uploads\/2023\/03\/packing-picture-of-ginger-powder-packing-equipment.webp 540w, https:\/\/gingermachines.com\/wp-content\/uploads\/2023\/03\/packing-picture-of-ginger-powder-packing-equipment-225x300.webp 225w, https:\/\/gingermachines.com\/wp-content\/uploads\/2023\/03\/packing-picture-of-ginger-powder-packing-equipment-9x12.webp 9w\" sizes=\"auto, (max-width: 540px) 100vw, 540px\" \/><figcaption class=\"wp-element-caption\">Imagem de embalagem do equipamento de embalagem de gengibre em p\u00f3<\/figcaption><\/figure> <\/div>    <div class=\"wp-block-column is-vertically-aligned-center is-layout-flow wp-block-column-is-layout-flow\"> <p>Investir em uma m\u00e1quina de embalagem de gengibre em p\u00f3 \u00e9 uma jogada inteligente para os fabricantes modernos que buscam otimizar suas opera\u00e7\u00f5es e melhorar a qualidade do produto, ao mesmo tempo que reduzem custos. Com seus recursos avan\u00e7ados de automa\u00e7\u00e3o, velocidade, precis\u00e3o e facilidade de uso, esta solu\u00e7\u00e3o inovadora pode levar seu neg\u00f3cio ao pr\u00f3ximo n\u00edvel.<\/p>    <p class=\"translation-block\">Taizy Machinery is a comprehensive <a href=\"https:\/\/gingermachines.com\/pt\/\">ginger processing machine manufacturer<\/a>. Our products cover <a href=\"https:\/\/gingermachines.com\/pt\/product\/ginger-washing-machine\/\">ginger washing machine<\/a>s, ginger slicing machines, ginger drying machines, <a href=\"https:\/\/gingermachines.com\/pt\/product\/ginger-grinding-machine\/\">ginger grinding machine<\/a>s, and ginger packaging machines. If you are interested in the ginger business, Take action now and enjoy increased efficiency, productivity, and profitability!<\/p> <\/div> <\/div>","protected":false},"excerpt":{"rendered":"<p>A m\u00e1quina de embalagem de gengibre em p\u00f3 Taizy foi projetada para embalar gengibre em p\u00f3. Garante precis\u00e3o e exatid\u00e3o no enchimento, veda\u00e7\u00e3o e codifica\u00e7\u00e3o de sacos<\/p>","protected":false},"author":1,"featured_media":146,"parent":0,"template":"","tags":[8],"product-type":[6],"class_list":["post-140","product","type-product","status-publish","has-post-thumbnail","hentry","tag-ginger-processing-machine","product-type-products"],"_links":{"self":[{"href":"https:\/\/gingermachines.com\/pt\/wp-json\/wp\/v2\/product\/140","targetHints":{"allow":["GET"]}}],"collection":[{"href":"https:\/\/gingermachines.com\/pt\/wp-json\/wp\/v2\/product"}],"about":[{"href":"https:\/\/gingermachines.com\/pt\/wp-json\/wp\/v2\/types\/product"}],"author":[{"embeddable":true,"href":"https:\/\/gingermachines.com\/pt\/wp-json\/wp\/v2\/users\/1"}],"wp:featuredmedia":[{"embeddable":true,"href":"https:\/\/gingermachines.com\/pt\/wp-json\/wp\/v2\/media\/146"}],"wp:attachment":[{"href":"https:\/\/gingermachines.com\/pt\/wp-json\/wp\/v2\/media?parent=140"}],"wp:term":[{"taxonomy":"post_tag","embeddable":true,"href":"https:\/\/gingermachines.com\/pt\/wp-json\/wp\/v2\/tags?post=140"},{"taxonomy":"product-type","embeddable":true,"href":"https:\/\/gingermachines.com\/pt\/wp-json\/wp\/v2\/product-type?post=140"}],"curies":[{"name":"wp","href":"https:\/\/api.w.org\/{rel}","templated":true}]}}