{"id":19,"date":"2022-09-06T09:00:40","date_gmt":"2022-09-06T09:00:40","guid":{"rendered":"https:\/\/gingermachines.com\/?page_id=19"},"modified":"2025-11-05T15:13:47","modified_gmt":"2025-11-05T07:13:47","slug":"contact-us","status":"publish","type":"page","link":"https:\/\/gingermachines.com\/pt\/contact-us\/","title":{"rendered":"Contate-nos"},"content":{"rendered":"<h2 class=\"wp-block-heading\" id=\"h-are-you-looking-for-reliable-affordable-ginger-processing-machines\">Voc\u00ea est\u00e1 procurando m\u00e1quinas de processamento de gengibre confi\u00e1veis \u200b\u200be acess\u00edveis?  <\/h2>    <p>Taizy Food Machinery Co., Ltd \u00e9 especializada em design, pesquisa, fabrica\u00e7\u00e3o e comercializa\u00e7\u00e3o de v\u00e1rias m\u00e1quinas de processamento de alimentos h\u00e1 mais de 10 anos. A m\u00e1quina de processamento de gengibre \u00e9 um dos nossos produtos em destaque. Todas as nossas m\u00e1quinas s\u00e3o projetadas e produzidas de acordo com padr\u00f5es internacionais. Al\u00e9m disso, contamos com pessoal altamente qualificado para garantir o bom desempenho e rapidez na entrega de nossas m\u00e1quinas. E o pre\u00e7o da nossa m\u00e1quina de processamento de gengibre \u00e9 absolutamente acess\u00edvel e razo\u00e1vel. Bem-vindo a entrar em contato conosco para iniciar seu neg\u00f3cio. <\/p>    <div class=\"wp-block-columns is-layout-flex wp-container-core-columns-is-layout-9d6595d7 wp-block-columns-is-layout-flex\"> <div class=\"wp-block-column is-layout-flow wp-block-column-is-layout-flow\"> <div class=\"wp-block-columns is-layout-flex wp-container-core-columns-is-layout-9d6595d7 wp-block-columns-is-layout-flex\"> <div class=\"wp-block-column is-layout-flow wp-block-column-is-layout-flow\"> <figure class=\"wp-block-image size-large\"><img decoding=\"async\" src=\"https:\/\/charcoalplant.com\/wp-content\/uploads\/2022\/03\/smartphone.png\" alt=\"\" title=\"\"><\/figure>    <p>+86 13838515872<\/p> <\/div>    <div class=\"wp-block-column is-layout-flow wp-block-column-is-layout-flow\"> <figure class=\"wp-block-image size-large\"><img decoding=\"async\" src=\"https:\/\/charcoalplant.com\/wp-content\/uploads\/2022\/03\/email.png\" alt=\"\" title=\"\"><\/figure>    <p>info@gingermachines.com<\/p> <\/div> <\/div> <\/div>    <div class=\"wp-block-column is-layout-flow wp-block-column-is-layout-flow\"> <div class=\"wp-block-columns is-layout-flex wp-container-core-columns-is-layout-9d6595d7 wp-block-columns-is-layout-flex\"> <div class=\"wp-block-column is-layout-flow wp-block-column-is-layout-flow\"> <figure class=\"wp-block-image size-large\"><img decoding=\"async\" src=\"https:\/\/charcoalplant.com\/wp-content\/uploads\/2022\/03\/whatsapp.png\" alt=\"\" title=\"\"><\/figure>    <p>+86 13838515872<\/p> <\/div>    <div class=\"wp-block-column is-layout-flow wp-block-column-is-layout-flow\"> <figure class=\"wp-block-image size-large\"><img decoding=\"async\" src=\"https:\/\/charcoalplant.com\/wp-content\/uploads\/2022\/03\/address.png\" alt=\"\" title=\"\"><\/figure>    <p>Hanghai Road East, Zona de Desenvolvimento Econ\u00f4mico e Tecnol\u00f3gico de Zhengzhou, cidade de Zhengzhou, Henan, China<\/p> <\/div> <\/div> <\/div> <\/div>","protected":false},"excerpt":{"rendered":"<p>Are you looking for reliable &amp; affordable ginger processing machines? Taizy Food Machinery Co., Ltd has specialized in the design, research, manufacturing, and marketing of various food processing machines for over 10 years. Ginger processing machine is one of our featured products. All our machines are designed and produced according to international standards. Besides, we [&hellip;]<\/p>\n","protected":false},"author":1,"featured_media":0,"parent":0,"menu_order":0,"comment_status":"closed","ping_status":"closed","template":"","meta":{"footnotes":""},"class_list":["post-19","page","type-page","status-publish","hentry"],"_links":{"self":[{"href":"https:\/\/gingermachines.com\/pt\/wp-json\/wp\/v2\/pages\/19","targetHints":{"allow":["GET"]}}],"collection":[{"href":"https:\/\/gingermachines.com\/pt\/wp-json\/wp\/v2\/pages"}],"about":[{"href":"https:\/\/gingermachines.com\/pt\/wp-json\/wp\/v2\/types\/page"}],"author":[{"embeddable":true,"href":"https:\/\/gingermachines.com\/pt\/wp-json\/wp\/v2\/users\/1"}],"replies":[{"embeddable":true,"href":"https:\/\/gingermachines.com\/pt\/wp-json\/wp\/v2\/comments?post=19"}],"version-history":[{"count":0,"href":"https:\/\/gingermachines.com\/pt\/wp-json\/wp\/v2\/pages\/19\/revisions"}],"wp:attachment":[{"href":"https:\/\/gingermachines.com\/pt\/wp-json\/wp\/v2\/media?parent=19"}],"curies":[{"name":"wp","href":"https:\/\/api.w.org\/{rel}","templated":true}]}}