{"id":15,"date":"2022-09-06T08:59:53","date_gmt":"2022-09-06T08:59:53","guid":{"rendered":"https:\/\/gingermachines.com\/?page_id=15"},"modified":"2022-09-07T07:04:14","modified_gmt":"2022-09-07T07:04:14","slug":"about-us","status":"publish","type":"page","link":"https:\/\/gingermachines.com\/pt\/about-us\/","title":{"rendered":"Sobre n\u00f3s"},"content":{"rendered":"<p>Taizy Machinery Co., Ltd \u00e9 um fornecedor abrangente de m\u00e1quinas para processamento de gengibre. No in\u00edcio, o fundador da empresa \u2013 Hanny, descobriu que \u00e9 dif\u00edcil para n\u00f3s processar o gengibre manualmente. E ele \u00e9 engenheiro. Por isso, passou a se dedicar \u00e0 pesquisa e desenvolvimento de m\u00e1quinas de gengibre junto com seus parceiros. E tr\u00eas meses depois, a m\u00e1quina aprimorada de lavar e descascar gengibre foi desenvolvida com sucesso. Em compara\u00e7\u00e3o com a m\u00e1quina de outros fornecedores, a m\u00e1quina de lavar e descascar gengibre Taizy economiza mais energia e \u00e9 mais acess\u00edvel. E ent\u00e3o outras m\u00e1quinas de processamento de gengibre foram inventadas. Finalmente, Hanny estava disposto a apresentar estas grandes m\u00e1quinas a pessoas de todo o mundo. <\/p>    <p>Nossos produtos cobrem uma gama completa de m\u00e1quinas de processamento de gengibre, incluindo m\u00e1quina de lavar gengibre, m\u00e1quina de lavar e descascar gengibre, m\u00e1quina de secar gengibre, m\u00e1quina de moer gengibre, m\u00e1quina de fazer gengibre em p\u00f3 e uma linha completa de processamento de gengibre em p\u00f3. Todas as nossas m\u00e1quinas s\u00e3o projetadas e fabricadas de acordo com padr\u00f5es internacionais. Hoje em dia, os produtos Taizy foram exportados com sucesso para mais de 80 pa\u00edses e regi\u00f5es, como Brasil, Col\u00f4mbia, Peru, Indon\u00e9sia, Mal\u00e1sia, Singapura, Filipinas, Coreia, Holanda, Cazaquist\u00e3o, R\u00fassia, Ar\u00e1bia Saudita, Israel, Austr\u00e1lia, Estados Unidos , Chile, M\u00e9xico, Gana, Nig\u00e9ria, etc. <\/p>    <h2 class=\"wp-block-heading\" id=\"h-certificates\">Certificados<\/h2>    <figure class=\"wp-block-image size-large\"><img decoding=\"async\" src=\"https:\/\/cnricemill.com\/wp-content\/uploads\/2022\/08\/certificate-1024x323-1.jpg\" alt=\"\" title=\"\"><\/figure>","protected":false},"excerpt":{"rendered":"<p>Taizy Machinery Co., Ltd is a comprehensive ginger processing machinery supplier. At begin, the founder of the company &#8211; Hanny, found that it is difficult for us to process ginger manually. And he is an engineer. Therefore, he began to devote himself to the research and development of ginger machines with his partners. And three [&hellip;]<\/p>\n","protected":false},"author":1,"featured_media":0,"parent":0,"menu_order":0,"comment_status":"closed","ping_status":"closed","template":"","meta":{"footnotes":""},"class_list":["post-15","page","type-page","status-publish","hentry"],"_links":{"self":[{"href":"https:\/\/gingermachines.com\/pt\/wp-json\/wp\/v2\/pages\/15","targetHints":{"allow":["GET"]}}],"collection":[{"href":"https:\/\/gingermachines.com\/pt\/wp-json\/wp\/v2\/pages"}],"about":[{"href":"https:\/\/gingermachines.com\/pt\/wp-json\/wp\/v2\/types\/page"}],"author":[{"embeddable":true,"href":"https:\/\/gingermachines.com\/pt\/wp-json\/wp\/v2\/users\/1"}],"replies":[{"embeddable":true,"href":"https:\/\/gingermachines.com\/pt\/wp-json\/wp\/v2\/comments?post=15"}],"version-history":[{"count":0,"href":"https:\/\/gingermachines.com\/pt\/wp-json\/wp\/v2\/pages\/15\/revisions"}],"wp:attachment":[{"href":"https:\/\/gingermachines.com\/pt\/wp-json\/wp\/v2\/media?parent=15"}],"curies":[{"name":"wp","href":"https:\/\/api.w.org\/{rel}","templated":true}]}}