{"id":57,"date":"2022-09-09T03:09:50","date_gmt":"2022-09-08T19:09:50","guid":{"rendered":"https:\/\/gingermachines.com\/?post_type=product&#038;p=57"},"modified":"2024-06-17T14:39:26","modified_gmt":"2024-06-17T06:39:26","slug":"ginger-drying-machine","status":"publish","type":"product","link":"https:\/\/gingermachines.com\/fr\/product\/ginger-drying-machine\/","title":{"rendered":"Machine de s\u00e9chage de gingembre"},"content":{"rendered":"<p class=\"translation-block\">La <strong>machine de s\u00e9chage de gingembre<\/strong> de Taizy est un type de d\u00e9shydrateur de l\u00e9gumes et de fruits. Elle est largement utilis\u00e9e pour d\u00e9shydrater toutes sortes de fruits et l\u00e9gumes, tels que le gingembre, l'ail, les champignons, le citron, le kiwi, l'ananas, etc. Le <strong>d\u00e9shydrateur \u00e9lectrique de gingembre<\/strong> pr\u00e9sente les caract\u00e9ristiques suivantes : pas de pollution, op\u00e9ration facile et \u00e9conomies d'\u00e9nergie. <\/p>    <p>Le gingembre s\u00e9ch\u00e9 est facile \u00e0 collecter et peut prolonger consid\u00e9rablement la dur\u00e9e de stockage. Et la valeur nutritionnelle du gingembre s\u00e9ch\u00e9 n\u2019est pas modifi\u00e9e et son go\u00fbt pourrait \u00eatre meilleur. Par ailleurs, le gingembre s\u00e9ch\u00e9 est la mati\u00e8re premi\u00e8re irrempla\u00e7able de la poudre de gingembre.<\/p>   <div class=\"wp-block-image\"> <figure class=\"aligncenter size-full\"><img loading=\"lazy\" decoding=\"async\" width=\"720\" height=\"540\" src=\"https:\/\/gingermachines.com\/wp-content\/uploads\/2022\/09\/ginger-dryer-machine.webp\" alt=\"machine \u00e0 s\u00e9cher le gingembre\" class=\"wp-image-246\" title=\"\" srcset=\"https:\/\/gingermachines.com\/wp-content\/uploads\/2022\/09\/ginger-dryer-machine.webp 720w, https:\/\/gingermachines.com\/wp-content\/uploads\/2022\/09\/ginger-dryer-machine-300x225.webp 300w, https:\/\/gingermachines.com\/wp-content\/uploads\/2022\/09\/ginger-dryer-machine-16x12.webp 16w\" sizes=\"auto, (max-width: 720px) 100vw, 720px\" \/><figcaption class=\"wp-element-caption\">machine \u00e0 s\u00e9cher le gingembre<\/figcaption><\/figure> <\/div>   <p>Par cons\u00e9quent, la machine de d\u00e9shydratation du gingembre est une partie importante de toute la cha\u00eene de production de poudre de gingembre. En tant que fabricant complet de machines de transformation du gingembre, la soci\u00e9t\u00e9 TAIZY propose une gamme compl\u00e8te de machines \u00e0 gingembre pour le march\u00e9 mondial. Toutes les machines b\u00e9n\u00e9ficient de bonnes performances et du meilleur prix.<\/p>    <h2 class=\"wp-block-heading\">Caract\u00e9ristiques de la machine \u00e0 s\u00e9cher le gingembre <\/h2>    <ol class=\"wp-block-list\" style=\"list-style-type:1\"> <li>L'appareil \u00e9lectrique a les fonctions de r\u00e9glage de la temp\u00e9rature, de minuterie, de contr\u00f4le constant de la temp\u00e9rature, d'alarme de surchauffe, de r\u00e9glage du temps de d\u00e9shumidification, etc. Un \u00e9cran tactile en option est disponible.<\/li>    <li>La bo\u00eete enti\u00e8re du s\u00e9choir \u00e0 film adopte une structure enti\u00e8rement ferm\u00e9e et l'air chaud interne est recycl\u00e9 pour \u00e9conomiser de l'\u00e9nergie et de l'efficacit\u00e9.<\/li>    <li>La source de chaleur pour le s\u00e9chage du gingembre peut \u00eatre l'\u00e9lectricit\u00e9 (380 V\/50 Hz), la vapeur (0,2 ~ 0,8 MPa), un four \u00e0 air chaud (bois\/charbon\/p\u00e9trole\/gaz), etc.<\/li>    <li>Ventilateur \u00e0 arbre long int\u00e9gr\u00e9 r\u00e9sistant aux hautes temp\u00e9ratures, circulation d'air chaud forc\u00e9, r\u00e9duisant consid\u00e9rablement la perte de chaleur dans le processus de circulation.<\/li>    <li>L'armoire du s\u00e9choir \u00e0 gingembre est \u00e9quip\u00e9e d'un panneau de distribution d'air r\u00e9glable, qui peut ajuster la taille de l'espace de haut en bas pour contr\u00f4ler le flux d'air et rendre la temp\u00e9rature \u00e0 l'int\u00e9rieur de la bo\u00eete plus uniforme.<\/li>    <li>\u00c9paisseur de la couche d'isolation 80 ~ 200 mm, utilisant de la laine de roche haute densit\u00e9 ou de la laine de fibres d'aluminosilicate ultra-fine pour r\u00e9duire davantage les pertes de chaleur.<\/li> <\/ol>    <figure class=\"wp-block-image size-full\"><img loading=\"lazy\" decoding=\"async\" width=\"720\" height=\"540\" src=\"https:\/\/gingermachines.com\/wp-content\/uploads\/2022\/09\/ginger-dryer-machine.jpg\" alt=\"machine \u00e0 s\u00e9cher le gingembre\" class=\"wp-image-89\" title=\"\" srcset=\"https:\/\/gingermachines.com\/wp-content\/uploads\/2022\/09\/ginger-dryer-machine.jpg 720w, https:\/\/gingermachines.com\/wp-content\/uploads\/2022\/09\/ginger-dryer-machine-300x225.jpg 300w\" sizes=\"auto, (max-width: 720px) 100vw, 720px\" \/><figcaption class=\"wp-element-caption\">Machine \u00e0 s\u00e9cher le gingembre<\/figcaption><\/figure>    <h2 class=\"wp-block-heading\">Param\u00e8tres de la machine \u00e0 s\u00e9cher le gingembre TAIZY <\/h2>    <figure class=\"wp-block-table\"><table><tbody><tr><td>Mod\u00e8le<\/td><td>Taille (L*W*H) (mm)<\/td><td>Num\u00e9ro de voiture de s\u00e9chage<\/td><td>Capacit\u00e9 (kg\/fois)<\/td><\/tr><tr><td>SL-2<\/td><td>4000*1 600*25000<\/td><td>2<\/td><td>600<\/td><\/tr><tr><td>SL-4<\/td><td>6000*1 600*2500<\/td><td>4<\/td><td>1200<\/td><\/tr><tr><td>SL-6<\/td><td>7200*2300*2500<\/td><td>6<\/td><td>1800<\/td><\/tr><tr><td>SL-8<\/td><td>8800*2300*2500<\/td><td>8<\/td><td>2400<\/td><\/tr><tr><td>SL-10<\/td><td>10000*2300*2500<\/td><td>10<\/td><td>3000<\/td><\/tr><tr><td>SL-12<\/td><td>10500*3300*2500<\/td><td>12<\/td><td>3600<\/td><\/tr><tr><td>SL-14<\/td><td>11000*3300*2500<\/td><td>14<\/td><td>4200<\/td><\/tr><tr><td>SL-16<\/td><td>11500*3300*2500<\/td><td>16<\/td><td>4800<\/td><\/tr><tr><td>SL-18<\/td><td>12500*3300*2500<\/td><td>18<\/td><td>5400<\/td><\/tr><tr><td>SL-20<\/td><td>13500*3300*2500<\/td><td>20<\/td><td>6000<\/td><\/tr><tr><td>SL-22<\/td><td>14500*3300*2500<\/td><td>22<\/td><td>6600<\/td><\/tr><tr><td>SL-24<\/td><td>15500*3300*2800<\/td><td>24<\/td><td>7200<\/td><\/tr><\/tbody><\/table><figcaption class=\"wp-element-caption\">mod\u00e8les de machine \u00e0 s\u00e9cher le gingembre<\/figcaption><\/figure>    <p>Comme vous pouvez le voir sur le tableau, nous avons plus de dix mod\u00e8les de machines de d\u00e9shydratation du gingembre \u00e0 vendre. Le r\u00e9sultat est class\u00e9 du petit au grand. Par cons\u00e9quent, cette machine peut r\u00e9pondre \u00e0 diff\u00e9rents types de besoins de s\u00e9chage.<\/p>    <figure class=\"wp-block-image size-full\"><img loading=\"lazy\" decoding=\"async\" width=\"720\" height=\"540\" src=\"https:\/\/gingermachines.com\/wp-content\/uploads\/2022\/09\/large-scale-ginger-dryer.webp\" alt=\"s\u00e9choir \u00e0 gingembre \u00e0 grande \u00e9chelle\" class=\"wp-image-244\" title=\"\" srcset=\"https:\/\/gingermachines.com\/wp-content\/uploads\/2022\/09\/large-scale-ginger-dryer.webp 720w, https:\/\/gingermachines.com\/wp-content\/uploads\/2022\/09\/large-scale-ginger-dryer-300x225.webp 300w, https:\/\/gingermachines.com\/wp-content\/uploads\/2022\/09\/large-scale-ginger-dryer-16x12.webp 16w\" sizes=\"auto, (max-width: 720px) 100vw, 720px\" \/><figcaption class=\"wp-element-caption\">S\u00e9choir \u00e0 gingembre \u00e0 grande \u00e9chelle<\/figcaption><\/figure>    <h2 class=\"wp-block-heading\">Large gamme d'applications de l'\u00e9quipement de s\u00e9chage du gingembre<\/h2>    <p>Cette machine \u00e0 s\u00e9cher le gingembre a une large gamme d'applications. Il convient au s\u00e9chage de divers l\u00e9gumes et fruits.<\/p>    <p class=\"translation-block\"><strong>L\u00e9gumes :<\/strong> gingembre, tranches de concombre, tranches de melon amer, champignon blanc, champignon noir, poivron rouge, aubergine, haricots rouges, haricots, lentilles, tranches de fruits secs, poivre, champignon, etc.<\/p>    <p class=\"translation-block\"><strong>Fruits :<\/strong> mangues, pommes, amandes, dattes, fruit du dragon, fraises, tranches d'aub\u00e9pine, cerises, kiwis, citrouilles, bananes, <a href=\"http:\/\/longan\">longans<\/a>, p\u00eaches, kakis, etc. \u00a0<\/p>    <figure class=\"wp-block-image size-full\"><img loading=\"lazy\" decoding=\"async\" width=\"720\" height=\"540\" src=\"https:\/\/gingermachines.com\/wp-content\/uploads\/2022\/09\/widely-application.webp\" alt=\"largement application\" class=\"wp-image-245\" title=\"\" srcset=\"https:\/\/gingermachines.com\/wp-content\/uploads\/2022\/09\/widely-application.webp 720w, https:\/\/gingermachines.com\/wp-content\/uploads\/2022\/09\/widely-application-300x225.webp 300w, https:\/\/gingermachines.com\/wp-content\/uploads\/2022\/09\/widely-application-16x12.webp 16w\" sizes=\"auto, (max-width: 720px) 100vw, 720px\" \/><figcaption class=\"wp-element-caption\">Largement appliqu\u00e9<\/figcaption><\/figure>    <h2 class=\"wp-block-heading\">D\u00e9tails de la structure de cette machine \u00e0 s\u00e9cher le gingembre<\/h2>    <p>Cette machine \u00e0 s\u00e9cher le gingembre a une structure simple et une conception raisonnable, elle est facile \u00e0 utiliser. Et il se compose principalement d'un chariot, d'un ventilateur de circulation, d'un chauffage \u00e0 l'air, d'un panneau de commande intelligent, d'un bo\u00eetier, d'un ventilateur \u00e0 tirage induit, d'un plateau en acier inoxydable, de composants \u00e9lectriques et d'un ventilateur d'extraction. Toutes les machines utilisent une structure en acier inoxydable, durable et de qualit\u00e9 alimentaire. En outre, la machine a adopt\u00e9 une technologie de pointe et des pi\u00e8ces de marque. De plus, nous disposons d\u2019un personnel extr\u00eamement qualifi\u00e9 pour garantir une haute qualit\u00e9 et de bonnes performances.<\/p>    <figure class=\"wp-block-image size-full\"><img loading=\"lazy\" decoding=\"async\" width=\"720\" height=\"540\" src=\"https:\/\/gingermachines.com\/wp-content\/uploads\/2022\/09\/vegetable-drying-machine.jpg\" alt=\"machine \u00e0 s\u00e9cher les l\u00e9gumes\" class=\"wp-image-87\" title=\"\" srcset=\"https:\/\/gingermachines.com\/wp-content\/uploads\/2022\/09\/vegetable-drying-machine.jpg 720w, https:\/\/gingermachines.com\/wp-content\/uploads\/2022\/09\/vegetable-drying-machine-300x225.jpg 300w\" sizes=\"auto, (max-width: 720px) 100vw, 720px\" \/><figcaption class=\"wp-element-caption\">Machine de s\u00e9chage de l\u00e9gumes et de fruits<\/figcaption><\/figure>    <h2 class=\"wp-block-heading\">Contactez-nous pour obtenir le meilleur prix<\/h2>    <p class=\"translation-block\">La machine de s\u00e9chage de gingembre est l'un de nos produits les plus populaires. De plus, il existe de nombreuses autres <a href=\"https:\/\/gingermachines.com\/fr\/products\/products\/\">machines \u00e0 gingembre<\/a> disponibles \u00e0 l'usine Taizy, telles que la <a href=\"https:\/\/gingermachines.com\/fr\/product\/ginger-washing-machine\/\">machine \u00e0 laver le gingembre<\/a>, la machine \u00e0 peler le gingembre, la <a href=\"https:\/\/gingermachines.com\/fr\/product\/ginger-grinding-machine\/\">machine \u00e0 broyer le gingembre<\/a>, et la <a href=\"https:\/\/gingermachines.com\/fr\/product\/ginger-powder-processing-line\/\">machine \u00e0 fabriquer de la poudre de gingembre<\/a>. Tout notre \u00e9quipement b\u00e9n\u00e9ficie d'un bon prix et d'une performance stable. N'h\u00e9sitez pas \u00e0 nous contacter pour plus d'informations utiles.<\/p>    <figure class=\"wp-block-image size-full\"><img loading=\"lazy\" decoding=\"async\" width=\"720\" height=\"540\" src=\"https:\/\/gingermachines.com\/wp-content\/uploads\/2022\/09\/customer-feedback.jpg\" alt=\"commentaires des clients\" class=\"wp-image-91\" title=\"\" srcset=\"https:\/\/gingermachines.com\/wp-content\/uploads\/2022\/09\/customer-feedback.jpg 720w, https:\/\/gingermachines.com\/wp-content\/uploads\/2022\/09\/customer-feedback-300x225.jpg 300w\" sizes=\"auto, (max-width: 720px) 100vw, 720px\" \/><figcaption class=\"wp-element-caption\">Commentaires des clients<\/figcaption><\/figure>","protected":false},"excerpt":{"rendered":"<p>La machine \u00e0 s\u00e9cher le gingembre est une sorte de s\u00e9choir \u00e0 l\u00e9gumes et \u00e0 fruits. Il est largement utilis\u00e9 pour d\u00e9shydrater le gingembre, l'ail, les champignons, le citron, le kiwi, l'ananas, etc.<\/p>","protected":false},"author":1,"featured_media":81,"parent":0,"template":"","tags":[8],"product-type":[6],"class_list":["post-57","product","type-product","status-publish","has-post-thumbnail","hentry","tag-ginger-processing-machine","product-type-products"],"_links":{"self":[{"href":"https:\/\/gingermachines.com\/fr\/wp-json\/wp\/v2\/product\/57","targetHints":{"allow":["GET"]}}],"collection":[{"href":"https:\/\/gingermachines.com\/fr\/wp-json\/wp\/v2\/product"}],"about":[{"href":"https:\/\/gingermachines.com\/fr\/wp-json\/wp\/v2\/types\/product"}],"author":[{"embeddable":true,"href":"https:\/\/gingermachines.com\/fr\/wp-json\/wp\/v2\/users\/1"}],"wp:featuredmedia":[{"embeddable":true,"href":"https:\/\/gingermachines.com\/fr\/wp-json\/wp\/v2\/media\/81"}],"wp:attachment":[{"href":"https:\/\/gingermachines.com\/fr\/wp-json\/wp\/v2\/media?parent=57"}],"wp:term":[{"taxonomy":"post_tag","embeddable":true,"href":"https:\/\/gingermachines.com\/fr\/wp-json\/wp\/v2\/tags?post=57"},{"taxonomy":"product-type","embeddable":true,"href":"https:\/\/gingermachines.com\/fr\/wp-json\/wp\/v2\/product-type?post=57"}],"curies":[{"name":"wp","href":"https:\/\/api.w.org\/{rel}","templated":true}]}}