{"id":54,"date":"2022-09-08T03:31:51","date_gmt":"2022-09-07T19:31:51","guid":{"rendered":"https:\/\/gingermachines.com\/?post_type=product&#038;p=54"},"modified":"2024-06-26T15:01:19","modified_gmt":"2024-06-26T07:01:19","slug":"ginger-powder-processing-line","status":"publish","type":"product","link":"https:\/\/gingermachines.com\/fr\/product\/ginger-powder-processing-line\/","title":{"rendered":"Ligne de traitement de poudre de gingembre"},"content":{"rendered":"<p class=\"translation-block\">La<strong> ligne de traitement de poudre de gingembre<\/strong> combine diverses machines \u00e0 gingembre qui transforment le gingembre original en une excellente poudre de gingembre. Elle comprend une machine \u00e0 laver le gingembre, une machine \u00e0 peler le gingembre, une trancheuse \u00e0 gingembre, une machine \u00e0 s\u00e9cher le gingembre, un broyeur de gingembre et une machine d'emballage de poudre de gingembre. La poudre de gingembre est populaire dans de nombreuses r\u00e9gions et pr\u00e9sente d'\u00e9normes avantages pour la sant\u00e9 humaine. Par cons\u00e9quent, l'activit\u00e9 du gingembre est un bon choix avec un petit investissement et un grand retour.<\/p>    <figure class=\"wp-block-embed is-type-video is-provider-youtube wp-block-embed-youtube wp-embed-aspect-16-9 wp-has-aspect-ratio\"><div class=\"wp-block-embed__wrapper\"> <iframe loading=\"lazy\" title=\"Vid\u00e9o 3D de la production de poudre de gingembre | Processus de fabrication de puissance au gingembre\" width=\"500\" height=\"281\" src=\"https:\/\/www.youtube.com\/embed\/xzqc88xIw-4?feature=oembed\" frameborder=\"0\" allow=\"accelerometer; autoplay; clipboard-write; encrypted-media; gyroscope; picture-in-picture; web-share\" referrerpolicy=\"strict-origin-when-cross-origin\" allowfullscreen><\/iframe> <\/div><figcaption class=\"wp-element-caption\">processus de fabrication de poudre de gingembre<\/figcaption><\/figure>    <p>Les machines \u00e0 gingembre TAIZY b\u00e9n\u00e9ficient d'une structure simple, d'un ch\u00e2ssis en acier inoxydable et de pi\u00e8ces de qualit\u00e9. En outre, nous proposons des services personnalis\u00e9s puissants pour r\u00e9pondre aux exigences des diff\u00e9rentes usines de transformation des aliments, restaurants, h\u00f4tels, etc. Si vous souhaitez d\u00e9marrer votre entreprise de gingembre, contactez-nous pour obtenir des informations plus utiles au profit de votre projet.<\/p>    <figure class=\"wp-block-image size-full\"><img loading=\"lazy\" decoding=\"async\" width=\"1024\" height=\"512\" src=\"https:\/\/gingermachines.com\/wp-content\/uploads\/2022\/09\/automatic-ginger-powder-production-line.jpg\" alt=\"ligne de production automatique de poudre de gingembre\" class=\"wp-image-95\" title=\"\" srcset=\"https:\/\/gingermachines.com\/wp-content\/uploads\/2022\/09\/automatic-ginger-powder-production-line.jpg 1024w, https:\/\/gingermachines.com\/wp-content\/uploads\/2022\/09\/automatic-ginger-powder-production-line-300x150.jpg 300w, https:\/\/gingermachines.com\/wp-content\/uploads\/2022\/09\/automatic-ginger-powder-production-line-768x384.jpg 768w\" sizes=\"auto, (max-width: 1024px) 100vw, 1024px\" \/><figcaption class=\"wp-element-caption\">Ligne de production automatique de poudre de gingembre<\/figcaption><\/figure>    <h2 class=\"wp-block-heading\">Avantages de la ligne de production de poudre de gingembre<\/h2>    <ol class=\"wp-block-list\" style=\"list-style-type:1\"> <li>Ligne de traitement de poudre de gingembre Dosage unique de tranches de gingembre, moins de capital, l'\u00e9quipement lui-m\u00eame a de bonnes performances d'isolation et une faible consommation d'\u00e9nergie.<\/li>    <li>Structure compacte, facile \u00e0 utiliser, fiable \u00e0 utiliser, facile \u00e0 d\u00e9monter et \u00e0 installer. Installation simple, tant qu'il y a un abri contre le vent et la pluie, il peut \u00eatre install\u00e9 et utilis\u00e9.<\/li>    <li>Propre, puissant, grand volume d'air, air chaud, s\u00e9chage rapide, simulant le principe du s\u00e9chage naturel \u00e0 l'air, tranches de gingembre\/poudre de gingembre couleur naturelle, saveur naturelle pour maintenir une bonne qualit\u00e9.<\/li>    <li>Toutes les machines de traitement de poudre de gingembre sont fabriqu\u00e9es \u00e0 partir de mat\u00e9riaux de qualit\u00e9 alimentaire avec des structures stables.<\/li>    <li>Haute efficacit\u00e9. L'efficacit\u00e9 de s\u00e9chage des tranches de gingembre est plusieurs fois sup\u00e9rieure \u00e0 celle de divers fours \u00e0 pompe \u00e0 chaleur et fours de cuisson \u00e0 air et \u00e0 \u00e9nergie thermique. Il r\u00e9duit consid\u00e9rablement le temps de s\u00e9chage des tranches de gingembre et r\u00e9duit les co\u00fbts d'\u00e9quipement et de main-d'\u0153uvre.<\/li>    <li>La machine de traitement de poudre de gingembre propose une vari\u00e9t\u00e9 de sorties, avec des machines semi-automatiques et enti\u00e8rement automatiques. Le rendement de base de cette ligne de production de poudre de gingembre est de 500 kg\/h-1 t\/h. Bien entendu, nous pouvons personnaliser le rendement de cette ligne de traitement en fonction des exigences de production de nos clients.<\/li> <\/ol>    <h2 class=\"wp-block-heading\">Donn\u00e9es techniques de la ligne de traitement de poudre de gingembre TAIZY<\/h2>    <figure class=\"wp-block-table\"><table><tbody><tr><td>Nom de la machine<\/td><td>Pouvoir<\/td><td>Tension<\/td><td>Dimension<\/td><\/tr><tr><td>Machine \u00e0 laver et \u00e0 \u00e9plucher le gingembre<\/td><td>1,5 kW<\/td><td>380V50Hz<\/td><td>1580*850*800mm<\/td><\/tr><tr><td>Machine \u00e0 trancher le gingembre<\/td><td>1,1 kW<\/td><td>380V50Hz<\/td><td>690*560*880mm<\/td><\/tr><tr><td>Machine de s\u00e9chage de gingembre<\/td><td>12,45 kW<\/td><td>380V50Hz<\/td><td>1500*1200*2200mm<\/td><\/tr><tr><td>Rectifieuse de poudre de gingembre<\/td><td>7,5 kW<\/td><td>380V50Hz<\/td><td>700*600*1450mm<\/td><\/tr><tr><td>Machine d'emballage de puissance de gingembre<\/td><td>1kw<\/td><td>380V50Hz<\/td><td>1000*900*1850mm<\/td><\/tr><\/tbody><\/table><figcaption class=\"wp-element-caption\">machine de fabrication de poudre de gingembre<\/figcaption><\/figure>    <p>Ce sont les param\u00e8tres des machines individuelles incluses dans l\u2019\u00e9quipement de fabrication de poudre de gingembre. Vous pouvez avoir une id\u00e9e claire des dimensions de chaque machine. Cela peut \u00eatre facile pour vous de d\u00e9terminer la taille de l\u2019usine de transformation du gingembre.<\/p>    <h2 class=\"wp-block-heading\">Organigramme de la ligne de fabrication de poudre de gingembre<\/h2>    <p>La ligne de traitement de poudre de gingembre contient diverses machines \u00e0 gingembre, qui peuvent transformer le gingembre original en une excellente poudre de gingembre. Le processus de production de poudre de gingembre Taizy comprend\u00a0:<\/p>    <p class=\"translation-block\"><strong>Nettoyage et lavage du gingembre \u2192 pelage du gingembre \u2192 d\u00e9coupe et tranchage du gingembre \u2192 s\u00e9chage des tranches de gingembre \u2192 broyage des tranches de gingembre s\u00e9ch\u00e9es \u2192 emballage de la poudre de gingembre.<\/strong><\/p>    <figure class=\"wp-block-image size-full\"><img loading=\"lazy\" decoding=\"async\" width=\"720\" height=\"540\" src=\"https:\/\/gingermachines.com\/wp-content\/uploads\/2022\/09\/ginger-powder-production-line-flow-chart.jpg\" alt=\"organigramme de la ligne de production de poudre de gingembre\" class=\"wp-image-98\" title=\"\" srcset=\"https:\/\/gingermachines.com\/wp-content\/uploads\/2022\/09\/ginger-powder-production-line-flow-chart.jpg 720w, https:\/\/gingermachines.com\/wp-content\/uploads\/2022\/09\/ginger-powder-production-line-flow-chart-300x225.jpg 300w\" sizes=\"auto, (max-width: 720px) 100vw, 720px\" \/><figcaption class=\"wp-element-caption\">Organigramme de la ligne de production de poudre de gingembre<\/figcaption><\/figure>    <h2 class=\"wp-block-heading\">D\u00e9tails de la machine de la ligne de production de poudre de gingembre<\/h2>    <p>La ligne de production de poudre de gingembre est une usine int\u00e9gr\u00e9e de plusieurs machines. Alors, quelles machines sont utilis\u00e9es dans la cha\u00eene de production de poudre de gingembre ? Les d\u00e9tails sont les suivants\u00a0:<\/p>    <div class=\"wp-block-columns has-black-color has-white-background-color has-text-color has-background is-layout-flex wp-container-core-columns-is-layout-9d6595d7 wp-block-columns-is-layout-flex\"> <div class=\"wp-block-column is-vertically-aligned-center is-layout-flow wp-block-column-is-layout-flow\"> <p class=\"translation-block\"><strong><a href=\"https:\/\/gingermachines.com\/fr\/product\/ginger-washing-machine\/\">Machine \u00e0 laver et peler le gingembre<\/a> :<\/strong> La machine commerciale de nettoyage et de pelage du gingembre est une sorte de machine \u00e0 laver de type brosse. La machine r\u00e9alise principalement la fonction de lavage et de pelage par friction entre la brosse et le gingembre. Lors du pelage, la machine est \u00e9galement connect\u00e9e \u00e0 un tuyau d'eau pour pulv\u00e9riser de l'eau. Par cons\u00e9quent, apr\u00e8s le pelage, la peau du gingembre peut \u00eatre nettoy\u00e9e avec un jet d'eau \u00e0 haute pression.<\/p> <\/div>    <div class=\"wp-block-column is-layout-flow wp-block-column-is-layout-flow\"> <figure class=\"wp-block-image size-full\"><img loading=\"lazy\" decoding=\"async\" width=\"720\" height=\"540\" src=\"https:\/\/gingermachines.com\/wp-content\/uploads\/2022\/09\/ginger-washing-machine.jpg\" alt=\"machine \u00e0 laver le gingembre\" class=\"wp-image-70\" title=\"\" srcset=\"https:\/\/gingermachines.com\/wp-content\/uploads\/2022\/09\/ginger-washing-machine.jpg 720w, https:\/\/gingermachines.com\/wp-content\/uploads\/2022\/09\/ginger-washing-machine-300x225.jpg 300w\" sizes=\"auto, (max-width: 720px) 100vw, 720px\" \/><figcaption class=\"wp-element-caption\">Machine \u00e0 laver au gingembre<\/figcaption><\/figure> <\/div> <\/div>    <div class=\"wp-block-columns has-white-background-color has-background is-layout-flex wp-container-core-columns-is-layout-9d6595d7 wp-block-columns-is-layout-flex\"> <div class=\"wp-block-column is-layout-flow wp-block-column-is-layout-flow\"> <figure class=\"wp-block-image size-full\"><img loading=\"lazy\" decoding=\"async\" width=\"720\" height=\"540\" src=\"https:\/\/gingermachines.com\/wp-content\/uploads\/2022\/09\/ginger-slicing-machine.jpg\" alt=\"machine \u00e0 trancher le gingembre\" class=\"wp-image-64\" title=\"\" srcset=\"https:\/\/gingermachines.com\/wp-content\/uploads\/2022\/09\/ginger-slicing-machine.jpg 720w, https:\/\/gingermachines.com\/wp-content\/uploads\/2022\/09\/ginger-slicing-machine-300x225.jpg 300w\" sizes=\"auto, (max-width: 720px) 100vw, 720px\" \/><figcaption class=\"wp-element-caption\">Machine \u00e0 trancher le gingembre<\/figcaption><\/figure> <\/div>    <div class=\"wp-block-column is-vertically-aligned-center is-layout-flow wp-block-column-is-layout-flow\"> <p class=\"translation-block\"><strong><a href=\"https:\/\/gingermachines.com\/fr\/product\/ginger-slicing-machine\/\">Trancheuse \u00e0 gingembre :<\/a><\/strong> Le gingembre lav\u00e9 et pel\u00e9 est rapidement tranch\u00e9 avec une trancheuse \u00e0 gingembre professionnelle. L'\u00e9paisseur des tranches est d'environ 3 mm pour obtenir un effet de s\u00e9chage id\u00e9al. Un s\u00e9chage \u00e0 l'air est n\u00e9cessaire apr\u00e8s le tranchage pour \u00e9liminer rapidement l'exc\u00e8s d'eau de la surface des tranches de gingembre.<\/p> <\/div> <\/div>    <div class=\"wp-block-columns has-white-background-color has-background is-layout-flex wp-container-core-columns-is-layout-9d6595d7 wp-block-columns-is-layout-flex\"> <div class=\"wp-block-column is-vertically-aligned-center is-layout-flow wp-block-column-is-layout-flow\"> <p class=\"translation-block\"><strong><a href=\"https:\/\/gingermachines.com\/fr\/product\/ginger-drying-machine\/\">Machine \u00e0 s\u00e9cher le gingembre<\/a> :<\/strong> Le s\u00e9choir est principalement applicable \u00e0 la d\u00e9shydratation des tranches de gingembre. Le s\u00e9choir \u00e0 tranches de gingembre convient non seulement \u00e0 la ligne de production de poudre de gingembre, mais est \u00e9galement largement utilis\u00e9 pour le s\u00e9chage des fruits, des l\u00e9gumes, des herbes m\u00e9dicinales et d'autres produits. Et la machine est tr\u00e8s intelligente, elle utilise un panneau de contr\u00f4le intelligent pour contr\u00f4ler l'ensemble du processus de s\u00e9chage. Le s\u00e9choir \u00e0 tranches de gingembre peut adopter diverses m\u00e9thodes de chauffage telles que l'\u00e9lectricit\u00e9 et la vapeur. Et il existe de nombreux mod\u00e8les, qui peuvent r\u00e9pondre aux besoins des clients de diff\u00e9rentes sp\u00e9cifications.<\/p> <\/div>    <div class=\"wp-block-column is-layout-flow wp-block-column-is-layout-flow\"> <figure class=\"wp-block-image size-full\"><img loading=\"lazy\" decoding=\"async\" width=\"720\" height=\"540\" src=\"https:\/\/gingermachines.com\/wp-content\/uploads\/2022\/09\/ginger-slice-drying-machine.jpg\" alt=\"machine de s\u00e9chage de tranches de gingembre\" class=\"wp-image-81\" title=\"\" srcset=\"https:\/\/gingermachines.com\/wp-content\/uploads\/2022\/09\/ginger-slice-drying-machine.jpg 720w, https:\/\/gingermachines.com\/wp-content\/uploads\/2022\/09\/ginger-slice-drying-machine-300x225.jpg 300w\" sizes=\"auto, (max-width: 720px) 100vw, 720px\" \/><figcaption class=\"wp-element-caption\">Machine de s\u00e9chage de tranches de gingembre<\/figcaption><\/figure> <\/div> <\/div>    <div class=\"wp-block-columns has-white-background-color has-background is-layout-flex wp-container-core-columns-is-layout-9d6595d7 wp-block-columns-is-layout-flex\"> <div class=\"wp-block-column is-layout-flow wp-block-column-is-layout-flow\"> <figure class=\"wp-block-image size-full\"><img loading=\"lazy\" decoding=\"async\" width=\"720\" height=\"540\" src=\"https:\/\/gingermachines.com\/wp-content\/uploads\/2022\/09\/ginger-grinding-machine.jpg\" alt=\"broyeur de gingembre\" class=\"wp-image-78\" title=\"\" srcset=\"https:\/\/gingermachines.com\/wp-content\/uploads\/2022\/09\/ginger-grinding-machine.jpg 720w, https:\/\/gingermachines.com\/wp-content\/uploads\/2022\/09\/ginger-grinding-machine-300x225.jpg 300w\" sizes=\"auto, (max-width: 720px) 100vw, 720px\" \/><figcaption class=\"wp-element-caption\">Machine \u00e0 broyer le gingembre<\/figcaption><\/figure> <\/div>    <div class=\"wp-block-column is-vertically-aligned-center is-layout-flow wp-block-column-is-layout-flow\"> <p class=\"translation-block\"><strong><a href=\"https:\/\/gingermachines.com\/fr\/product\/ginger-grinding-machine\/\">Broyeur de gingembre<\/a> :<\/strong> Les tranches de gingembre s\u00e9ch\u00e9es entrent dans la chambre de broyage par le dispositif de transport pour le broyage et la pulv\u00e9risation. Diff\u00e9rents tamis peuvent \u00eatre configur\u00e9s selon les exigences du client pour la finesse de la poudre de gingembre.<\/p> <\/div> <\/div>    <div class=\"wp-block-columns has-white-background-color has-background is-layout-flex wp-container-core-columns-is-layout-9d6595d7 wp-block-columns-is-layout-flex\"> <div class=\"wp-block-column is-vertically-aligned-center is-layout-flow wp-block-column-is-layout-flow\"> <p class=\"translation-block\"><strong><a href=\"https:\/\/tianhuipackingmachine.com\/powder-packing-machine\/\" target=\"_blank\" rel=\"noopener\">Machine d'emballage de poudre de gingembre<\/a> :<\/strong> Une fois la poudre de gingembre broy\u00e9e, diff\u00e9rentes machines d'emballage de poudre de gingembre sont configur\u00e9es par les clients en fonction de la forme d'emballage de la poudre de gingembre pour r\u00e9pondre aux divers besoins des clients. &nbsp;<\/p> <\/div>    <div class=\"wp-block-column is-layout-flow wp-block-column-is-layout-flow\"> <figure class=\"wp-block-image size-full\"><img loading=\"lazy\" decoding=\"async\" width=\"720\" height=\"540\" src=\"https:\/\/gingermachines.com\/wp-content\/uploads\/2022\/09\/small-automatic-powder-packing-machine.jpg\" alt=\"petite machine d&#039;emballage automatique de poudre\" class=\"wp-image-118\" title=\"\" srcset=\"https:\/\/gingermachines.com\/wp-content\/uploads\/2022\/09\/small-automatic-powder-packing-machine.jpg 720w, https:\/\/gingermachines.com\/wp-content\/uploads\/2022\/09\/small-automatic-powder-packing-machine-300x225.jpg 300w\" sizes=\"auto, (max-width: 720px) 100vw, 720px\" \/><figcaption class=\"wp-element-caption\">Petite machine d'emballage automatique de poudre<\/figcaption><\/figure> <\/div> <\/div>    <h2 class=\"wp-block-heading\">Contactez-nous<\/h2>    <p>En tant que fabricant professionnel de lignes de production de poudre de gingembre, nous pouvons personnaliser la machine pour r\u00e9pondre \u00e0 vos besoins. Qu'il s'agisse d'une ligne de production semi-automatique ou d'une ligne de production enti\u00e8rement automatique, nous pouvons toutes les fournir. Qu'attendez-vous, d\u00e9p\u00eachez-vous et contactez-nous.<\/p>","protected":false},"excerpt":{"rendered":"<p>La ligne de traitement de poudre de gingembre combine diverses machines \u00e0 gingembre qui transforment le gingembre original en une excellente poudre de gingembre. Contactez-nous pour le meilleur prix. <\/p>","protected":false},"author":1,"featured_media":97,"parent":0,"template":"","tags":[8],"product-type":[7],"class_list":["post-54","product","type-product","status-publish","has-post-thumbnail","hentry","tag-ginger-processing-machine","product-type-ginger-processing-line"],"_links":{"self":[{"href":"https:\/\/gingermachines.com\/fr\/wp-json\/wp\/v2\/product\/54","targetHints":{"allow":["GET"]}}],"collection":[{"href":"https:\/\/gingermachines.com\/fr\/wp-json\/wp\/v2\/product"}],"about":[{"href":"https:\/\/gingermachines.com\/fr\/wp-json\/wp\/v2\/types\/product"}],"author":[{"embeddable":true,"href":"https:\/\/gingermachines.com\/fr\/wp-json\/wp\/v2\/users\/1"}],"wp:featuredmedia":[{"embeddable":true,"href":"https:\/\/gingermachines.com\/fr\/wp-json\/wp\/v2\/media\/97"}],"wp:attachment":[{"href":"https:\/\/gingermachines.com\/fr\/wp-json\/wp\/v2\/media?parent=54"}],"wp:term":[{"taxonomy":"post_tag","embeddable":true,"href":"https:\/\/gingermachines.com\/fr\/wp-json\/wp\/v2\/tags?post=54"},{"taxonomy":"product-type","embeddable":true,"href":"https:\/\/gingermachines.com\/fr\/wp-json\/wp\/v2\/product-type?post=54"}],"curies":[{"name":"wp","href":"https:\/\/api.w.org\/{rel}","templated":true}]}}