{"id":466,"date":"2026-04-28T13:38:00","date_gmt":"2026-04-28T05:38:00","guid":{"rendered":"https:\/\/gingermachines.com\/?post_type=product&#038;p=466"},"modified":"2026-04-28T13:38:00","modified_gmt":"2026-04-28T05:38:00","slug":"garlic-root-and-stem-cutting-machine","status":"publish","type":"product","link":"https:\/\/gingermachines.com\/fr\/product\/garlic-root-and-stem-cutting-machine\/","title":{"rendered":"Machine de coupe de racine et de tige d'ail"},"content":{"rendered":"<p class=\"translation-block\">Taizy <strong>machine de coupe de racines et de tiges d'ail<\/strong> est sp\u00e9cialement con\u00e7ue pour tailler l'ail frais ; elle peut rapidement et pr\u00e9cis\u00e9ment couper \u00e0 la fois les moustaches de racine et le cou de la t\u00eate d'ail, en veillant \u00e0 ce que la t\u00eate reste intacte et conserve une apparence propre et uniforme.<\/p>    <p>Dot\u00e9e d'un m\u00e9canisme d'alimentation manuel associ\u00e9 \u00e0 un ensemble de coupe rotatif \u00e0 grande vitesse, la machine a une capacit\u00e9 de traitement de 8 000 \u00e0 10 000 gousses d'ail par heure. Elle \u00e9quilibre efficacement haute efficacit\u00e9 op\u00e9rationnelle et pr\u00e9cision de traitement. Cette machine de coupe de racines et de tiges d'ail est id\u00e9ale pour une utilisation dans des op\u00e9rations de traitement d'ail de petite \u00e0 moyenne \u00e9chelle.<\/p>    <h2 class=\"wp-block-heading\"><strong>Pourquoi choisir cette machine de coupe de racines et de tiges d'ail ?<\/strong><\/h2>    <ul class=\"wp-block-list\"> <li><strong>Haute efficacit\u00e9<\/strong>: Cette machine de coupe de tiges d'ail augmente consid\u00e9rablement la vitesse de traitement gr\u00e2ce \u00e0 une coupe m\u00e9canique stable. Lors d'une utilisation continue, elle peut r\u00e9duire consid\u00e9rablement la dur\u00e9e globale du cycle de traitement.<\/li>    <li><strong>Coupe pr\u00e9cise<\/strong>: Le disque de coupe rotatif fonctionne en tandem avec une lame fixe pour offrir des coupes nettes et pr\u00e9cises, permettant un contr\u00f4le flexible de la longueur souhait\u00e9e de la tige restante.<\/li>    <li><strong>Efficace en \u00e9nergie<\/strong>: La machine de coupe de racines d'ail ne n\u00e9cessite que 160 W de puissance ; compar\u00e9e \u00e0 des machines plus grandes, elle consomme beaucoup moins d'\u00e9lectricit\u00e9, r\u00e9duisant efficacement les co\u00fbts de production \u00e0 long terme.<\/li>    <li><strong>Structure compacte<\/strong>: La machine de coupe de racines et de tiges d'ail Taizy poss\u00e8de une empreinte compacte et est facile \u00e0 transporter. Elle convient non seulement pour une utilisation en atelier, mais peut \u00e9galement \u00eatre d\u00e9plac\u00e9e facilement sur le terrain pour un traitement sur site.<\/li>    <li><strong>Longue dur\u00e9e de vie<\/strong>: Le corps de notre machine de coupe de tiges d'ail est fabriqu\u00e9 en acier inoxydable SUS304, offrant une excellente r\u00e9sistance \u00e0 la corrosion et une facilit\u00e9 de nettoyage. De plus, elle est \u00e9quip\u00e9e de protections de s\u00e9curit\u00e9 pour assurer une op\u00e9ration s\u00fbre.<\/li> <\/ul>    <figure class=\"wp-block-gallery has-nested-images columns-default is-cropped wp-block-gallery-2 is-layout-flex wp-block-gallery-is-layout-flex\"> <figure class=\"wp-block-image size-large\"><img loading=\"lazy\" decoding=\"async\" width=\"720\" height=\"540\" data-id=\"469\" src=\"https:\/\/gingermachines.com\/wp-content\/uploads\/2026\/04\/garlic-root-and-stem-cutting-machine.webp\" alt=\"machine de coupe de racines et de tiges d&#039;ail\" class=\"wp-image-469\" title=\"\" srcset=\"https:\/\/gingermachines.com\/wp-content\/uploads\/2026\/04\/garlic-root-and-stem-cutting-machine.webp 720w, https:\/\/gingermachines.com\/wp-content\/uploads\/2026\/04\/garlic-root-and-stem-cutting-machine-300x225.webp 300w, https:\/\/gingermachines.com\/wp-content\/uploads\/2026\/04\/garlic-root-and-stem-cutting-machine-16x12.webp 16w\" sizes=\"auto, (max-width: 720px) 100vw, 720px\" \/><figcaption class=\"wp-element-caption\">Machine de coupe de racines et de tiges d'ail<\/figcaption><\/figure>    <figure class=\"wp-block-image size-large\"><img loading=\"lazy\" decoding=\"async\" width=\"720\" height=\"540\" data-id=\"470\" src=\"https:\/\/gingermachines.com\/wp-content\/uploads\/2026\/04\/garlic-root-cutting-equipment.webp\" alt=\"ail avant traitement\" class=\"wp-image-470\" title=\"\" srcset=\"https:\/\/gingermachines.com\/wp-content\/uploads\/2026\/04\/garlic-root-cutting-equipment.webp 720w, https:\/\/gingermachines.com\/wp-content\/uploads\/2026\/04\/garlic-root-cutting-equipment-300x225.webp 300w, https:\/\/gingermachines.com\/wp-content\/uploads\/2026\/04\/garlic-root-cutting-equipment-16x12.webp 16w\" sizes=\"auto, (max-width: 720px) 100vw, 720px\" \/><figcaption class=\"wp-element-caption\">\u00c9quipement de coupe de racines d'ail<\/figcaption><\/figure> <\/figure>    <h2 class=\"wp-block-heading\"><strong>Composants structurels de la machine de coupe de racines et de tiges d'ail<\/strong><\/h2>    <ul class=\"wp-block-list\"> <li>Cadre et bo\u00eetier : soutiennent l'ensemble de l'unit\u00e9 ; r\u00e9sistant \u00e0 la corrosion et durable.<\/li>    <li>Syst\u00e8me d'alimentation : alimentation manuelle ; op\u00e9ration flexible.<\/li>    <li>M\u00e9canisme de coupe : syst\u00e8me de disque de coupe central ; assure une coupe pr\u00e9cise.<\/li>    <li>Syst\u00e8me de d\u00e9charge : S\u00e9pare automatiquement les bulbes d'ail des d\u00e9chets.<\/li>    <li>Syst\u00e8me d'alimentation : un moteur de 0,5 kW fournit une alimentation stable.<\/li>    <li>Syst\u00e8me de contr\u00f4le et de s\u00e9curit\u00e9 : commandes simples par interrupteur ; s\u00fbr et fiable.<\/li> <\/ul>   <div class=\"wp-block-image\"> <figure class=\"aligncenter size-full\"><img loading=\"lazy\" decoding=\"async\" width=\"720\" height=\"540\" src=\"https:\/\/gingermachines.com\/wp-content\/uploads\/2026\/04\/garlic-stem-cutting-machine.webp\" alt=\"machine de coupe de tige d&#039;ail\" class=\"wp-image-471\" title=\"\" srcset=\"https:\/\/gingermachines.com\/wp-content\/uploads\/2026\/04\/garlic-stem-cutting-machine.webp 720w, https:\/\/gingermachines.com\/wp-content\/uploads\/2026\/04\/garlic-stem-cutting-machine-300x225.webp 300w, https:\/\/gingermachines.com\/wp-content\/uploads\/2026\/04\/garlic-stem-cutting-machine-16x12.webp 16w\" sizes=\"auto, (max-width: 720px) 100vw, 720px\" \/><figcaption class=\"wp-element-caption\">machine de coupe de tige d'ail<\/figcaption><\/figure> <\/div>   <h2 class=\"wp-block-heading\"><strong>Comment fonctionne la machine de coupe de racines et de tiges d'ail ?<\/strong><\/h2>    <p>Le principe de fonctionnement de cet \u00e9quipement de coupe de tiges d'ail est simple :<\/p>    <p>Les bulbes d'ail individuels sont introduits un par un dans une tr\u00e9mie d'alimentation en forme de U. Lorsqu'ils sont transport\u00e9s dans la zone de coupe, un disque de lame rotatif \u00e0 haute vitesse coupe instantan\u00e9ment les racines des tiges.<\/p>    <p>Les bulbes d'ail trait\u00e9s et les d\u00e9chets sont automatiquement s\u00e9par\u00e9s et d\u00e9charg\u00e9s, permettant une op\u00e9ration continue et tr\u00e8s efficace. Les op\u00e9rateurs peuvent contr\u00f4ler de mani\u00e8re flexible la longueur restante souhait\u00e9e de la tige.<\/p>    <figure class=\"wp-block-gallery has-nested-images columns-default is-cropped wp-block-gallery-3 is-layout-flex wp-block-gallery-is-layout-flex\"> <figure class=\"wp-block-image size-large\"><img loading=\"lazy\" decoding=\"async\" width=\"720\" height=\"540\" data-id=\"473\" src=\"https:\/\/gingermachines.com\/wp-content\/uploads\/2026\/04\/garlic-before-processing.webp\" alt=\"machine de coupe de tiges d&#039;ail\" class=\"wp-image-473\" title=\"\" srcset=\"https:\/\/gingermachines.com\/wp-content\/uploads\/2026\/04\/garlic-before-processing.webp 720w, https:\/\/gingermachines.com\/wp-content\/uploads\/2026\/04\/garlic-before-processing-300x225.webp 300w, https:\/\/gingermachines.com\/wp-content\/uploads\/2026\/04\/garlic-before-processing-16x12.webp 16w\" sizes=\"auto, (max-width: 720px) 100vw, 720px\" \/><figcaption class=\"wp-element-caption\">Ail avant traitement<\/figcaption><\/figure>    <figure class=\"wp-block-image size-large\"><img loading=\"lazy\" decoding=\"async\" width=\"720\" height=\"540\" data-id=\"472\" src=\"https:\/\/gingermachines.com\/wp-content\/uploads\/2026\/04\/processed-garlic.webp\" alt=\"processed garlic\" class=\"wp-image-472\" title=\"\" srcset=\"https:\/\/gingermachines.com\/wp-content\/uploads\/2026\/04\/processed-garlic.webp 720w, https:\/\/gingermachines.com\/wp-content\/uploads\/2026\/04\/processed-garlic-300x225.webp 300w, https:\/\/gingermachines.com\/wp-content\/uploads\/2026\/04\/processed-garlic-16x12.webp 16w\" sizes=\"auto, (max-width: 720px) 100vw, 720px\" \/><figcaption class=\"wp-element-caption\">Ail trait\u00e9<\/figcaption><\/figure> <\/figure>    <h2 class=\"wp-block-heading\"><strong>Sp\u00e9cifications d\u00e9taill\u00e9es du coupe- racines d'ail<\/strong><\/h2>    <p>Pour vous aider \u00e0 comprendre rapidement les sp\u00e9cifications de la machine de coupe de racines et de tiges d'ail, les d\u00e9tails techniques cl\u00e9s du RYL-1000 sont list\u00e9s ci-dessous.<\/p>    <figure class=\"wp-block-table\"><table class=\"has-fixed-layout\"><thead><tr><th>Article<\/th><th>Sp\u00e9cification<\/th><\/tr><\/thead><tbody><tr><td>Mod\u00e8le<\/td><td>RYL-1000<\/td><\/tr><tr><td>Nom du produit<\/td><td>Machine de coupe de racines et de tiges d'ail<\/td><\/tr><tr><td>Capacit\u00e9<\/td><td>8000\u201310000 pcs\/heure<\/td><\/tr><tr><td>Tension<\/td><td>48V \/ 220V<\/td><\/tr><tr><td>Pouvoir<\/td><td>160W<\/td><\/tr><tr><td>Vitesse de rotation<\/td><td>200 r\/min<\/td><\/tr><tr><td>Taille de la machine<\/td><td>41 \u00d7 67,5 \u00d7 41   39cm (avec support)<\/td><\/tr><tr><td>Taille de l'emballage<\/td><td>75 \u00d7 47 \u00d7 60cm<\/td><\/tr><\/tbody><\/table><figcaption class=\"wp-element-caption\">param\u00e8tres de la machine de coupe de racines d'ail<\/figcaption><\/figure>    <h2 class=\"wp-block-heading\"><strong>Personnalisation et support de service pour la coupe de racines d'ail<\/strong><\/h2>    <p>Nous proposons des solutions de personnalisation flexibles, notamment :<\/p>    <ul class=\"wp-block-list\"> <li>Configurations de tension et de moteur (48V\/220V)<\/li>    <li>Optimisation de la couleur ext\u00e9rieure et de la structure<\/li>    <li>Solutions exclusives pour commandes en gros<\/li>    <li>Support pour emballage et logistique \u00e0 l'exportation<\/li> <\/ul>   <div class=\"wp-block-image\"> <figure class=\"aligncenter size-full\"><img loading=\"lazy\" decoding=\"async\" width=\"720\" height=\"540\" src=\"https:\/\/gingermachines.com\/wp-content\/uploads\/2026\/04\/garlic-root-cutting-machine.webp\" alt=\"Machine de coupe de racines d&#039;ail\" class=\"wp-image-474\" title=\"\" srcset=\"https:\/\/gingermachines.com\/wp-content\/uploads\/2026\/04\/garlic-root-cutting-machine.webp 720w, https:\/\/gingermachines.com\/wp-content\/uploads\/2026\/04\/garlic-root-cutting-machine-300x225.webp 300w, https:\/\/gingermachines.com\/wp-content\/uploads\/2026\/04\/garlic-root-cutting-machine-16x12.webp 16w\" sizes=\"auto, (max-width: 720px) 100vw, 720px\" \/><figcaption class=\"wp-element-caption\">Machine de coupe de racines d'ail<\/figcaption><\/figure> <\/div>   <h2 class=\"wp-block-heading\"><strong>Cas de succ\u00e8s : Retour d'information de la ferme nig\u00e9riane<\/strong><\/h2>    <p>Nous avons pr\u00e9c\u00e9demment export\u00e9 notre machine de coupe de racines et de tiges d'ail RYL-1000 \u00e0 une grande installation de culture d'ail au Nigeria. Le client a rencontr\u00e9 un probl\u00e8me concernant l'absence d'une alimentation \u00e9lectrique stable dans leurs champs ; notre version aliment\u00e9e par batterie 48V a efficacement r\u00e9solu ce probl\u00e8me :<\/p>    <ul class=\"wp-block-list\"> <li>Elle a permis un traitement direct sur le terrain, \u00e9liminant le besoin de transporter la production vers une usine.<\/li>    <li>Capacit\u00e9 de traitement quotidienne augment\u00e9e de 2 \u00e0 3 fois son niveau pr\u00e9c\u00e9dent.<\/li>    <li>Les co\u00fbts de main-d'\u0153uvre ont \u00e9t\u00e9 consid\u00e9rablement r\u00e9duits.<\/li>    <li>L'uniformit\u00e9 des bulbes d'ail s'est am\u00e9lior\u00e9e, entra\u00eenant des prix de vente plus \u00e9lev\u00e9s sur le march\u00e9.<\/li> <\/ul>    <p>Le client a rapport\u00e9 que la machine de coupe de racines et de tiges d'ail est stable, durable et tr\u00e8s efficace. En r\u00e9sum\u00e9, le client \u00e9tait extr\u00eamement satisfait \u00e0 la fois de notre \u00e9quipement et de nos services.<\/p>    <figure class=\"wp-block-gallery has-nested-images columns-default is-cropped wp-block-gallery-4 is-layout-flex wp-block-gallery-is-layout-flex\"> <figure class=\"wp-block-image size-large\"><img loading=\"lazy\" decoding=\"async\" width=\"720\" height=\"540\" data-id=\"475\" src=\"https:\/\/gingermachines.com\/wp-content\/uploads\/2026\/04\/garlic-stem-cutter-machine.webp\" alt=\"emballage de la machine de coupe de tiges d&#039;ail\" class=\"wp-image-475\" title=\"\" srcset=\"https:\/\/gingermachines.com\/wp-content\/uploads\/2026\/04\/garlic-stem-cutter-machine.webp 720w, https:\/\/gingermachines.com\/wp-content\/uploads\/2026\/04\/garlic-stem-cutter-machine-300x225.webp 300w, https:\/\/gingermachines.com\/wp-content\/uploads\/2026\/04\/garlic-stem-cutter-machine-16x12.webp 16w\" sizes=\"auto, (max-width: 720px) 100vw, 720px\" \/><figcaption class=\"wp-element-caption\">Machine de coupe de tiges d'ail<\/figcaption><\/figure>    <figure class=\"wp-block-image size-large\"><img loading=\"lazy\" decoding=\"async\" width=\"720\" height=\"540\" data-id=\"476\" src=\"https:\/\/gingermachines.com\/wp-content\/uploads\/2026\/04\/garlic-stem-cutter-machine-package.webp\" alt=\"Machine de coupe de racines d&#039;ail\" class=\"wp-image-476\" title=\"\" srcset=\"https:\/\/gingermachines.com\/wp-content\/uploads\/2026\/04\/garlic-stem-cutter-machine-package.webp 720w, https:\/\/gingermachines.com\/wp-content\/uploads\/2026\/04\/garlic-stem-cutter-machine-package-300x225.webp 300w, https:\/\/gingermachines.com\/wp-content\/uploads\/2026\/04\/garlic-stem-cutter-machine-package-16x12.webp 16w\" sizes=\"auto, (max-width: 720px) 100vw, 720px\" \/><figcaption class=\"wp-element-caption\">Emballage de la machine de coupe de tiges d'ail<\/figcaption><\/figure> <\/figure>    <h2 class=\"wp-block-heading\"><strong>Contactez-nous pour un devis gratuit !<\/strong><\/h2>    <p class=\"translation-block\">En plus des machines de coupe de racines et de tiges d'ail, nous proposons \u00e9galement des \u00e9quipements de traitement pour d'autres cultures racines et tubercules \u2014 comme <a href=\"https:\/\/gingermachines.com\/fr\/product\/onion-root-cutting-machine\/\">machine de coupe de racines d'oignon<\/a> et <a href=\"https:\/\/gingermachines.com\/fr\/product\/automatic-onion-peeling-machine\/\">machine d'\u00e9pluchage d'oignon<\/a>.<\/p>    <p>Si vous recherchez ce type d'\u00e9quipement, n'h\u00e9sitez pas \u00e0 nous contacter pour plus de d\u00e9tails !<\/p>","protected":false},"excerpt":{"rendered":"<p>The RYL-1000 garlic root and stem cutting machine is a highly efficient device designed for removing the roots and stems of garlic bulbs, capable of processing 8,000 to 10,000 bulbs per hour. It supports dual-voltage operation (48V and 220V), combining energy efficiency with high production capacity.<\/p>","protected":false},"author":1,"featured_media":468,"parent":0,"template":"","tags":[13],"product-type":[6],"class_list":["post-466","product","type-product","status-publish","has-post-thumbnail","hentry","tag-garlic","product-type-products"],"_links":{"self":[{"href":"https:\/\/gingermachines.com\/fr\/wp-json\/wp\/v2\/product\/466","targetHints":{"allow":["GET"]}}],"collection":[{"href":"https:\/\/gingermachines.com\/fr\/wp-json\/wp\/v2\/product"}],"about":[{"href":"https:\/\/gingermachines.com\/fr\/wp-json\/wp\/v2\/types\/product"}],"author":[{"embeddable":true,"href":"https:\/\/gingermachines.com\/fr\/wp-json\/wp\/v2\/users\/1"}],"wp:featuredmedia":[{"embeddable":true,"href":"https:\/\/gingermachines.com\/fr\/wp-json\/wp\/v2\/media\/468"}],"wp:attachment":[{"href":"https:\/\/gingermachines.com\/fr\/wp-json\/wp\/v2\/media?parent=466"}],"wp:term":[{"taxonomy":"post_tag","embeddable":true,"href":"https:\/\/gingermachines.com\/fr\/wp-json\/wp\/v2\/tags?post=466"},{"taxonomy":"product-type","embeddable":true,"href":"https:\/\/gingermachines.com\/fr\/wp-json\/wp\/v2\/product-type?post=466"}],"curies":[{"name":"wp","href":"https:\/\/api.w.org\/{rel}","templated":true}]}}