{"id":432,"date":"2026-03-20T14:45:22","date_gmt":"2026-03-20T06:45:22","guid":{"rendered":"https:\/\/gingermachines.com\/?post_type=product&#038;p=432"},"modified":"2026-03-20T15:01:39","modified_gmt":"2026-03-20T07:01:39","slug":"onion-powder-packaging-machine","status":"publish","type":"product","link":"https:\/\/gingermachines.com\/fr\/product\/onion-powder-packaging-machine\/","title":{"rendered":"Machine d'emballage de poudre d'oignon"},"content":{"rendered":"<p class=\"translation-block\">Taizy <strong>machine d'emballage de poudre d'oignon<\/strong> est sp\u00e9cialement con\u00e7ue pour une grande vari\u00e9t\u00e9 de mat\u00e9riaux en poudre. Elle int\u00e8gre pes\u00e9e automatique, formation de sacs, scellage et coupe en une seule unit\u00e9. Elle convient pour emballer des produits tels que la poudre d'oignon, la farine, la poudre de soja, la p\u00e2te de s\u00e9same, la poudre de soja, et diverses poudres d'assaisonnement.<\/p>    <p>Notre machine de remplissage de poudre d'oignon combine efficacit\u00e9 \u00e9lev\u00e9e et pr\u00e9cision exceptionnelle, atteignant des vitesses d'emballage de 20-80 sacs\/min avec une plage d'emballage de 0 \u00e0 600g. Cet \u00e9quipement supporte divers styles de scellage \u2014 y compris les scellages arri\u00e8re, sur 3 c\u00f4t\u00e9s et sur 4 c\u00f4t\u00e9s. Il peut r\u00e9pondre \u00e0 une grande vari\u00e9t\u00e9 d'exigences d'emballage.<\/p>    <figure class=\"wp-block-embed is-type-video is-provider-youtube wp-block-embed-youtube wp-embed-aspect-16-9 wp-has-aspect-ratio\"><div class=\"wp-block-embed__wrapper\"> <iframe loading=\"lazy\" title=\"Machine automatique d&#039;emballage de poudre d&#039;oignon | Machine de remplissage et d&#039;emballage pour l&#039;industrie alimentaire\" width=\"500\" height=\"281\" src=\"https:\/\/www.youtube.com\/embed\/kAALPzVGfJ4?feature=oembed\" frameborder=\"0\" allow=\"accelerometer; autoplay; clipboard-write; encrypted-media; gyroscope; picture-in-picture; web-share\" referrerpolicy=\"strict-origin-when-cross-origin\" allowfullscreen><\/iframe> <\/div><figcaption class=\"wp-element-caption\">Vid\u00e9o de fonctionnement de la machine de remplissage de poudre d'oignon<\/figcaption><\/figure>    <h2 class=\"wp-block-heading\"><strong>Principaux avantages de la machine d'emballage de poudre d'oignon<\/strong><\/h2>    <p class=\"translation-block\"><strong>1. Construction en acier inoxydable<\/strong><\/p>    <p>L'ensemble de la machine est construit en acier inoxydable 304, offrant une excellente r\u00e9sistance \u00e0 la corrosion et une facilit\u00e9 de nettoyage ; elle respecte les normes d'hygi\u00e8ne pour la transformation alimentaire et convient \u00e0 une large gamme d'environnements de production.<\/p>    <p class=\"translation-block\"><strong>2. Syst\u00e8me de contr\u00f4le intelligent<\/strong><\/p>    <p>Notre machine d'emballage de poudre d'oignon est \u00e9quip\u00e9e d'un syst\u00e8me de contr\u00f4le microprocesseur avanc\u00e9 et d'un \u00e9cran LCD de 5 pouces :<\/p>    <ul class=\"wp-block-list\"> <li>L'interface de fonctionnement est intuitive et conviviale<\/li>    <li>La configuration des param\u00e8tres est pratique et sans effort<\/li>    <li>L'\u00e9tat de fonctionnement est clairement visible en un coup d'\u0153il<\/li>    <li>R\u00e9duit consid\u00e9rablement la complexit\u00e9 op\u00e9rationnelle<\/li> <\/ul>    <p class=\"translation-block\"><strong>3. Syst\u00e8me de suivi \u00e9lectro-optique de haute pr\u00e9cision<\/strong><\/p>    <p>Cette machine d'emballage de poudre d'oignon est \u00e9quip\u00e9e d'un syst\u00e8me de d\u00e9tection photo\u00e9lectrique automatique, permettant :<\/p>    <ul class=\"wp-block-list\"> <li>Positionnement pr\u00e9cis<\/li>    <li>Scellage et coupe automatiques<\/li>    <li>Fonctionnement continu et stable<\/li>    <li>Am\u00e9liorer la pr\u00e9cision de l'emballage et la coh\u00e9rence du produit<\/li> <\/ul>    <p class=\"translation-block\"><strong>4. Fonctionnalit\u00e9s optionnelles flexibles<\/strong><\/p>    <p>Selon les exigences sp\u00e9cifiques de production, les options suivantes sont disponibles :<\/p>    <ul class=\"wp-block-list\"> <li>Machine \u00e0 coder<\/li>    <li>Dispositif de cha\u00eene d'emballage<\/li>    <li>Conception de la encoche facile \u00e0 d\u00e9chirer<\/li>    <li>D\u00e9coupe des coins arrondis<\/li>    <li>Dispositif d'\u00e9chappement d'air ou d'inflation de gaz<\/li> <\/ul>   <div class=\"wp-block-image\"> <figure class=\"aligncenter size-full\"><img loading=\"lazy\" decoding=\"async\" width=\"720\" height=\"540\" src=\"https:\/\/gingermachines.com\/wp-content\/uploads\/2026\/03\/onion-powder-packaging-machine-1.webp\" alt=\"Machine d&#039;emballage de poudre d&#039;oignon\" class=\"wp-image-434\" title=\"\" srcset=\"https:\/\/gingermachines.com\/wp-content\/uploads\/2026\/03\/onion-powder-packaging-machine-1.webp 720w, https:\/\/gingermachines.com\/wp-content\/uploads\/2026\/03\/onion-powder-packaging-machine-1-300x225.webp 300w, https:\/\/gingermachines.com\/wp-content\/uploads\/2026\/03\/onion-powder-packaging-machine-1-16x12.webp 16w\" sizes=\"auto, (max-width: 720px) 100vw, 720px\" \/><figcaption class=\"wp-element-caption\">Machine d'emballage de poudre d'oignon<\/figcaption><\/figure> <\/div>   <h2 class=\"wp-block-heading\"><strong>O\u00f9 sont utilis\u00e9es les machines d'emballage de poudre d'oignon ?<\/strong><\/h2>    <p>Notre machine d'emballage de poudre d'oignon peut \u00eatre utilis\u00e9e pour emballer une grande vari\u00e9t\u00e9 d'ingr\u00e9dients en poudre, tels que la farine, la poudre de lait, le poivre, la poudre de chili, la lessive, la poudre de cacao, la poudre de gingembre, la poudre d'assaisonnement, et plus encore.<\/p>    <p>Notre machine d'emballage de poudre d'oignon est adapt\u00e9e pour emballer une grande vari\u00e9t\u00e9 d'ingr\u00e9dients en poudre, tels que la farine, la poudre de lait, le poivre, la poudre de chili, la lessive, la poudre de cacao, la poudre de gingembre, les m\u00e9langes d'assaisonnement, et plus encore.<\/p>   <div class=\"wp-block-image\"> <figure class=\"aligncenter size-full\"><img loading=\"lazy\" decoding=\"async\" width=\"720\" height=\"540\" src=\"https:\/\/gingermachines.com\/wp-content\/uploads\/2026\/03\/application-of-powder-packaging-machine.webp\" alt=\"application de la machine d&#039;emballage de poudre\" class=\"wp-image-435\" title=\"\" srcset=\"https:\/\/gingermachines.com\/wp-content\/uploads\/2026\/03\/application-of-powder-packaging-machine.webp 720w, https:\/\/gingermachines.com\/wp-content\/uploads\/2026\/03\/application-of-powder-packaging-machine-300x225.webp 300w, https:\/\/gingermachines.com\/wp-content\/uploads\/2026\/03\/application-of-powder-packaging-machine-16x12.webp 16w\" sizes=\"auto, (max-width: 720px) 100vw, 720px\" \/><figcaption class=\"wp-element-caption\">application de la machine d'emballage de poudre<\/figcaption><\/figure> <\/div>   <p>Cette machine de remplissage de poudre est couramment utilis\u00e9e dans les secteurs suivants :<\/p>    <ul class=\"wp-block-list\"> <li>Industrie de la transformation alimentaire<\/li>    <li>Industrie de la production d'assaisonnements<\/li>    <li>Industrie des produits chimiques m\u00e9nagers<\/li>    <li>Industrie chimique<\/li> <\/ul>    <h2 class=\"wp-block-heading\"><strong>Param\u00e8tres de la machine de remplissage de poudre d'oignon<\/strong><\/h2>    <p>Nous proposons deux mod\u00e8les disponibles : le TZ-320 et le TZ-450. Les sp\u00e9cifications d\u00e9taill\u00e9es et les caract\u00e9ristiques sont list\u00e9es ci-dessous pour votre r\u00e9f\u00e9rence.<\/p>    <figure class=\"wp-block-table\"><table class=\"has-fixed-layout\"><thead><tr><th>Mod\u00e8le<\/th><th>TZ-320<\/th><th>TZ-450<\/th><\/tr><\/thead><tbody><tr><td>Style d'emballage<\/td><td>Soudure arri\u00e8re \/ Soudure sur 3 c\u00f4t\u00e9s \/ Soudure sur 4 c\u00f4t\u00e9s<\/td><td>Soudure arri\u00e8re \/ Soudure sur 3 c\u00f4t\u00e9s \/ Soudure sur 4 c\u00f4t\u00e9s<\/td><\/tr><tr><td>Vitesse d'emballage<\/td><td>20\u201380 sacs\/min<\/td><td>20\u201380 sacs\/min<\/td><\/tr><tr><td>Pouvoir<\/td><td>1,8 kW<\/td><td>2,2 kW<\/td><\/tr><tr><td>Poids d'emballage<\/td><td>0\u2013200g<\/td><td>\u2264600g<\/td><\/tr><tr><td>Largeur du sac<\/td><td>20\u2013150mm<\/td><td>20\u2013200mm<\/td><\/tr><tr><td>Longueur de sac<\/td><td>30\u2013180mm<\/td><td>30\u2013180mm<\/td><\/tr><tr><td>Mat\u00e9riel<\/td><td>Acier inoxydable 304<\/td><td>Acier inoxydable 304<\/td><\/tr><tr><td>Taille de la machine<\/td><td>650\u00d71050\u00d71950mm<\/td><td>750\u00d7750\u00d72100mm<\/td><\/tr><tr><td>Poids de la machine<\/td><td>250kg<\/td><td>420kg<\/td><\/tr><\/tbody><\/table><figcaption class=\"wp-element-caption\">param\u00e8tres de la machine d'emballage de poudre d'oignon<\/figcaption><\/figure>    <h2 class=\"wp-block-heading\"><strong>Structure de la machine d'emballage de poudre d'oignon<\/strong><\/h2>    <p>Cette machine d'emballage de poudre d'oignon pr\u00e9sente une conception structurelle bien con\u00e7ue. Elle se compose principalement d'un support de film d'emballage, d'une tr\u00e9mie, d'un \u00e9cran tactile, d'un interrupteur d'alimentation, d'un formateur de sacs, d'une coupe automatique, etc.<\/p>    <p>De plus, le bo\u00eetier de ce remplisseur de poudre est en acier inoxydable 304, qui est non seulement propre et hygi\u00e9nique, mais aussi durable. Son sch\u00e9ma de structure est illustr\u00e9 ci-dessous :<\/p>    <figure class=\"wp-block-gallery has-nested-images columns-default is-cropped wp-block-gallery-2 is-layout-flex wp-block-gallery-is-layout-flex\"> <figure class=\"wp-block-image size-large\"><img loading=\"lazy\" decoding=\"async\" width=\"540\" height=\"720\" data-id=\"436\" src=\"https:\/\/gingermachines.com\/wp-content\/uploads\/2026\/03\/onion-powder-filling-and-packaging-machine.webp\" alt=\"onion powder filling and packaging machine\" class=\"wp-image-436\" title=\"\" srcset=\"https:\/\/gingermachines.com\/wp-content\/uploads\/2026\/03\/onion-powder-filling-and-packaging-machine.webp 540w, https:\/\/gingermachines.com\/wp-content\/uploads\/2026\/03\/onion-powder-filling-and-packaging-machine-225x300.webp 225w, https:\/\/gingermachines.com\/wp-content\/uploads\/2026\/03\/onion-powder-filling-and-packaging-machine-9x12.webp 9w\" sizes=\"auto, (max-width: 540px) 100vw, 540px\" \/><figcaption class=\"wp-element-caption\">Machine de remplissage et d'emballage de poudre d'oignon<\/figcaption><\/figure>    <figure class=\"wp-block-image size-large\"><img loading=\"lazy\" decoding=\"async\" width=\"540\" height=\"720\" data-id=\"437\" src=\"https:\/\/gingermachines.com\/wp-content\/uploads\/2026\/03\/structure-of-onion-filling-machine.webp\" alt=\"Structure de la machine de remplissage d&#039;oignons\" class=\"wp-image-437\" title=\"\" srcset=\"https:\/\/gingermachines.com\/wp-content\/uploads\/2026\/03\/structure-of-onion-filling-machine.webp 540w, https:\/\/gingermachines.com\/wp-content\/uploads\/2026\/03\/structure-of-onion-filling-machine-225x300.webp 225w, https:\/\/gingermachines.com\/wp-content\/uploads\/2026\/03\/structure-of-onion-filling-machine-9x12.webp 9w\" sizes=\"auto, (max-width: 540px) 100vw, 540px\" \/><figcaption class=\"wp-element-caption\">Structure de la machine de remplissage d'oignons<\/figcaption><\/figure> <\/figure>    <h2 class=\"wp-block-heading\"><strong>Plus de types de machines d'emballage de poudre disponibles<\/strong><\/h2>    <p>En plus des machines d'emballage de poudre d'oignon, nous proposons une large gamme d'\u00e9quipements d'emballage de poudre pour r\u00e9pondre \u00e0 divers besoins de production, notamment :<\/p>    <ol class=\"wp-block-list\"> <li>Machine d'emballage de poudre \u00e0 pouss\u00e9e plate<\/li>    <li>Machine d'emballage de poudre \u00e0 pouss\u00e9e directe<\/li>    <li>Machine semi-automatique de remplissage de poudre<\/li>    <li>Machine de remplissage de poudre quantitative<\/li> <\/ol>    <figure class=\"wp-block-gallery has-nested-images columns-default is-cropped wp-block-gallery-3 is-layout-flex wp-block-gallery-is-layout-flex\"> <figure class=\"wp-block-image size-large\"><img loading=\"lazy\" decoding=\"async\" width=\"720\" height=\"540\" data-id=\"443\" src=\"https:\/\/gingermachines.com\/wp-content\/uploads\/2026\/03\/flat-push-powder-packaging-machine.webp\" alt=\"flat push powder packaging machine\" class=\"wp-image-443\" title=\"\" srcset=\"https:\/\/gingermachines.com\/wp-content\/uploads\/2026\/03\/flat-push-powder-packaging-machine.webp 720w, https:\/\/gingermachines.com\/wp-content\/uploads\/2026\/03\/flat-push-powder-packaging-machine-300x225.webp 300w, https:\/\/gingermachines.com\/wp-content\/uploads\/2026\/03\/flat-push-powder-packaging-machine-16x12.webp 16w\" sizes=\"auto, (max-width: 720px) 100vw, 720px\" \/><figcaption class=\"wp-element-caption\">Machine d'emballage de poudre \u00e0 pouss\u00e9e plate<\/figcaption><\/figure>    <figure class=\"wp-block-image size-large\"><img loading=\"lazy\" decoding=\"async\" width=\"720\" height=\"540\" data-id=\"442\" src=\"https:\/\/gingermachines.com\/wp-content\/uploads\/2026\/03\/direct-push-powder-packer-machine.webp\" alt=\"direct push powder packer machine\" class=\"wp-image-442\" title=\"\" srcset=\"https:\/\/gingermachines.com\/wp-content\/uploads\/2026\/03\/direct-push-powder-packer-machine.webp 720w, https:\/\/gingermachines.com\/wp-content\/uploads\/2026\/03\/direct-push-powder-packer-machine-300x225.webp 300w, https:\/\/gingermachines.com\/wp-content\/uploads\/2026\/03\/direct-push-powder-packer-machine-16x12.webp 16w\" sizes=\"auto, (max-width: 720px) 100vw, 720px\" \/><figcaption class=\"wp-element-caption\">Machine d'emballage de poudre \u00e0 pouss\u00e9e directe<\/figcaption><\/figure> <\/figure>    <figure class=\"wp-block-gallery has-nested-images columns-default is-cropped wp-block-gallery-4 is-layout-flex wp-block-gallery-is-layout-flex\"> <figure class=\"wp-block-image size-large\"><img loading=\"lazy\" decoding=\"async\" width=\"720\" height=\"540\" data-id=\"445\" src=\"https:\/\/gingermachines.com\/wp-content\/uploads\/2026\/03\/semi-automatic-powder-filling-machine.webp\" alt=\"semi-automatic powder filling machine\" class=\"wp-image-445\" title=\"\" srcset=\"https:\/\/gingermachines.com\/wp-content\/uploads\/2026\/03\/semi-automatic-powder-filling-machine.webp 720w, https:\/\/gingermachines.com\/wp-content\/uploads\/2026\/03\/semi-automatic-powder-filling-machine-300x225.webp 300w, https:\/\/gingermachines.com\/wp-content\/uploads\/2026\/03\/semi-automatic-powder-filling-machine-16x12.webp 16w\" sizes=\"auto, (max-width: 720px) 100vw, 720px\" \/><figcaption class=\"wp-element-caption\">Machine semi-automatique de remplissage de poudre<\/figcaption><\/figure>    <figure class=\"wp-block-image size-large\"><img loading=\"lazy\" decoding=\"async\" width=\"720\" height=\"540\" data-id=\"444\" src=\"https:\/\/gingermachines.com\/wp-content\/uploads\/2026\/03\/quantitative-powder-filling-machine.webp\" alt=\"quantitative powder filling machine\" class=\"wp-image-444\" title=\"\" srcset=\"https:\/\/gingermachines.com\/wp-content\/uploads\/2026\/03\/quantitative-powder-filling-machine.webp 720w, https:\/\/gingermachines.com\/wp-content\/uploads\/2026\/03\/quantitative-powder-filling-machine-300x225.webp 300w, https:\/\/gingermachines.com\/wp-content\/uploads\/2026\/03\/quantitative-powder-filling-machine-16x12.webp 16w\" sizes=\"auto, (max-width: 720px) 100vw, 720px\" \/><figcaption class=\"wp-element-caption\">Machine de remplissage de poudre quantitative<\/figcaption><\/figure> <\/figure>    <h2 class=\"wp-block-heading\"><strong>Prix de la machine de remplissage et d'emballage d'oignons<\/strong><\/h2>    <p>Le prix d'une machine d'emballage de poudre d'oignon varie en fonction de facteurs tels que le mod\u00e8le de l'\u00e9quipement, le degr\u00e9 d'automatisation, la production requise, et les caract\u00e9ristiques de configuration sp\u00e9cifiques. En g\u00e9n\u00e9ral, les \u00e9quipements d'emballage de poudre sur le march\u00e9 couvrent une large gamme de prix ; il est donc essentiel de choisir en fonction de vos besoins de production r\u00e9els.<\/p>    <figure class=\"wp-block-gallery has-nested-images columns-default is-cropped wp-block-gallery-5 is-layout-flex wp-block-gallery-is-layout-flex\"> <figure class=\"wp-block-image size-large\"><img loading=\"lazy\" decoding=\"async\" width=\"540\" height=\"720\" data-id=\"438\" src=\"https:\/\/gingermachines.com\/wp-content\/uploads\/2026\/03\/onion-powder-filling-equipment.webp\" alt=\"\u00c9quipement de remplissage de poudre d&#039;oignon\" class=\"wp-image-438\" title=\"\" srcset=\"https:\/\/gingermachines.com\/wp-content\/uploads\/2026\/03\/onion-powder-filling-equipment.webp 540w, https:\/\/gingermachines.com\/wp-content\/uploads\/2026\/03\/onion-powder-filling-equipment-225x300.webp 225w, https:\/\/gingermachines.com\/wp-content\/uploads\/2026\/03\/onion-powder-filling-equipment-9x12.webp 9w\" sizes=\"auto, (max-width: 540px) 100vw, 540px\" \/><figcaption class=\"wp-element-caption\">\u00c9quipement de remplissage de poudre d'oignon<\/figcaption><\/figure>    <figure class=\"wp-block-image size-large\"><img loading=\"lazy\" decoding=\"async\" width=\"540\" height=\"720\" data-id=\"439\" src=\"https:\/\/gingermachines.com\/wp-content\/uploads\/2026\/03\/onion-powder-packaging-equipment.webp\" alt=\"Flux du processus de production de poudre\" class=\"wp-image-439\" title=\"\" srcset=\"https:\/\/gingermachines.com\/wp-content\/uploads\/2026\/03\/onion-powder-packaging-equipment.webp 540w, https:\/\/gingermachines.com\/wp-content\/uploads\/2026\/03\/onion-powder-packaging-equipment-225x300.webp 225w, https:\/\/gingermachines.com\/wp-content\/uploads\/2026\/03\/onion-powder-packaging-equipment-9x12.webp 9w\" sizes=\"auto, (max-width: 540px) 100vw, 540px\" \/><figcaption class=\"wp-element-caption\">\u00c9quipement d'emballage de poudre d'oignon<\/figcaption><\/figure>    <figure class=\"wp-block-image size-large\"><img loading=\"lazy\" decoding=\"async\" width=\"540\" height=\"720\" data-id=\"440\" src=\"https:\/\/gingermachines.com\/wp-content\/uploads\/2026\/03\/onion-powder-packing-machine.webp\" alt=\"onion powder packing machine\" class=\"wp-image-440\" title=\"\" srcset=\"https:\/\/gingermachines.com\/wp-content\/uploads\/2026\/03\/onion-powder-packing-machine.webp 540w, https:\/\/gingermachines.com\/wp-content\/uploads\/2026\/03\/onion-powder-packing-machine-225x300.webp 225w, https:\/\/gingermachines.com\/wp-content\/uploads\/2026\/03\/onion-powder-packing-machine-9x12.webp 9w\" sizes=\"auto, (max-width: 540px) 100vw, 540px\" \/><figcaption class=\"wp-element-caption\">Machine d'emballage de poudre d'oignon<\/figcaption><\/figure> <\/figure>    <h2 class=\"wp-block-heading\"><strong>Contactez-nous d\u00e8s aujourd'hui !<\/strong><\/h2>    <p class=\"translation-block\">Nous ne fournissons pas seulement des machines professionnelles d'emballage de poudre d'oignon, mais aussi d'autres \u00e9quipements de traitement d'oignons, tels que <a href=\"https:\/\/gingermachines.com\/fr\/product\/automatic-onion-peeling-machine\/\">machine \u00e0 \u00e9plucher les oignons<\/a> et <a href=\"https:\/\/gingermachines.com\/fr\/product\/onion-powder-making-machine\/\">machine \u00e0 moudre la poudre d'oignon<\/a>. Si vous avez des besoins, n'h\u00e9sitez pas \u00e0 nous contacter \u00e0 tout moment pour recevoir une solution personnalis\u00e9e et le dernier devis !<\/p>","protected":false},"excerpt":{"rendered":"<p>Taizy onion powder packaging machine can be used to package onion powder, ginger powder, pepper, chili powder, flour, laundry detergent, and other similar products. It features a packaging speed of 20\u201380 bags per minute and a packaging weight range of 0\u2013600g.<\/p>","protected":false},"author":1,"featured_media":441,"parent":0,"template":"","tags":[9],"product-type":[6],"class_list":["post-432","product","type-product","status-publish","has-post-thumbnail","hentry","tag-onion","product-type-products"],"_links":{"self":[{"href":"https:\/\/gingermachines.com\/fr\/wp-json\/wp\/v2\/product\/432","targetHints":{"allow":["GET"]}}],"collection":[{"href":"https:\/\/gingermachines.com\/fr\/wp-json\/wp\/v2\/product"}],"about":[{"href":"https:\/\/gingermachines.com\/fr\/wp-json\/wp\/v2\/types\/product"}],"author":[{"embeddable":true,"href":"https:\/\/gingermachines.com\/fr\/wp-json\/wp\/v2\/users\/1"}],"wp:featuredmedia":[{"embeddable":true,"href":"https:\/\/gingermachines.com\/fr\/wp-json\/wp\/v2\/media\/441"}],"wp:attachment":[{"href":"https:\/\/gingermachines.com\/fr\/wp-json\/wp\/v2\/media?parent=432"}],"wp:term":[{"taxonomy":"post_tag","embeddable":true,"href":"https:\/\/gingermachines.com\/fr\/wp-json\/wp\/v2\/tags?post=432"},{"taxonomy":"product-type","embeddable":true,"href":"https:\/\/gingermachines.com\/fr\/wp-json\/wp\/v2\/product-type?post=432"}],"curies":[{"name":"wp","href":"https:\/\/api.w.org\/{rel}","templated":true}]}}