{"id":414,"date":"2026-03-18T16:48:58","date_gmt":"2026-03-18T08:48:58","guid":{"rendered":"https:\/\/gingermachines.com\/?post_type=product&#038;p=414"},"modified":"2026-03-18T16:51:32","modified_gmt":"2026-03-18T08:51:32","slug":"onion-powder-making-machine","status":"publish","type":"product","link":"https:\/\/gingermachines.com\/fr\/product\/onion-powder-making-machine\/","title":{"rendered":"Machine \u00e0 faire de la poudre d'oignon"},"content":{"rendered":"<p class=\"translation-block\">La <strong>machine \u00e0 fabriquer de la poudre d'oignon<\/strong> est une machine tr\u00e8s efficace con\u00e7ue sp\u00e9cifiquement pour moudre les oignons s\u00e9ch\u00e9s en une poudre fine. La finesse du produit fini varie constamment entre 20 et 120 mesh. Elle peut \u00e9galement traiter une large gamme d'autres mat\u00e9riaux, notamment le ma\u00efs, le bl\u00e9, les \u00e9pices, les grains de caf\u00e9, les piments, le gingembre et le sucre blanc.<\/p>    <p>Nous proposons une gamme de mod\u00e8les de machines \u00e0 moudre la poudre d'oignon avec des capacit\u00e9s de production allant jusqu'\u00e0 1500 kg par heure, capables de r\u00e9pondre aux besoins de production de diverses \u00e9chelles. Si vous \u00eates int\u00e9ress\u00e9 par cette machine, n'h\u00e9sitez pas \u00e0 nous contacter pour plus de d\u00e9tails !<\/p>    <h2 class=\"wp-block-heading\"><strong>Qu'est-ce qui distingue le broyeur d'oignon Taizy ?<\/strong><\/h2>    <p class=\"translation-block\"><strong>1. Large gamme d'applications<\/strong><\/p>    <p>Notre machine \u00e0 fabriquer de la poudre d'oignon ne se limite pas \u00e0 la transformation en poudre d'oignon, elle peut \u00e9galement traiter une grande vari\u00e9t\u00e9 de mat\u00e9riaux secs, notamment :<\/p>    <ul class=\"wp-block-list\"> <li>C\u00e9r\u00e9ales : Ma\u00efs, bl\u00e9<\/li>    <li>Assaisonnements : Piment, gingembre, \u00e9pices<\/li>    <li>Autres : Grains de caf\u00e9, sucre<\/li> <\/ul>    <p>Cela permet une fonctionnalit\u00e9 polyvalente, am\u00e9liorant ainsi l'efficacit\u00e9 de l'utilisation de l'\u00e9quipement.<\/p>    <p class=\"translation-block\"><strong>2. Conception \u00e0 haute capacit\u00e9 de production, adaptable \u00e0 diverses \u00e9chelles de production<\/strong><\/p>    <p>La machine \u00e0 moudre la poudre d'oignon Taizy offre une large gamme de capacit\u00e9s de production, s\u00e9lectionnable de 10 kg\/h \u00e0 1 500 kg\/h, ce qui la rend adapt\u00e9e aussi bien aux petites unit\u00e9s de traitement qu'aux exigences de production continue \u00e0 grande \u00e9chelle.<\/p>    <p class=\"translation-block\"><strong>3. Fineness r\u00e9glable de la poudre, qualit\u00e9 stable<\/strong><\/p>    <p>La plage de finesse du produit fini est de 20 \u00e0 120 mesh. Elle peut \u00eatre ajust\u00e9e selon les exigences sp\u00e9cifiques de diff\u00e9rents produits, garantissant ainsi une texture de poudre uniforme et fine, et am\u00e9liorant la qualit\u00e9 globale du produit.<\/p>    <p class=\"translation-block\"><strong>4. Mat\u00e9riau en acier inoxydable de qualit\u00e9 alimentaire, s\u00fbr et durable<\/strong><\/p>    <p>Ce broyeur de poudre d'oignon est enti\u00e8rement construit en acier inoxydable SUS 304 et poss\u00e8de les caract\u00e9ristiques suivantes :<\/p>    <ul class=\"wp-block-list\"> <li>Il ne r\u00e9agit pas chimiquement avec les mat\u00e9riaux trait\u00e9s, respectant ainsi les normes de s\u00e9curit\u00e9 alimentaire.<\/li>    <li>Elle pr\u00e9sente une forte r\u00e9sistance \u00e0 la corrosion.<\/li>    <li>Elle poss\u00e8de une structure robuste, garantissant une longue dur\u00e9e de vie.<\/li> <\/ul>    <figure class=\"wp-block-gallery has-nested-images columns-default is-cropped wp-block-gallery-2 is-layout-flex wp-block-gallery-is-layout-flex\"> <figure class=\"wp-block-image size-large\"><img loading=\"lazy\" decoding=\"async\" width=\"540\" height=\"720\" data-id=\"415\" src=\"https:\/\/gingermachines.com\/wp-content\/uploads\/2026\/03\/onion-powder-grinder-machine.webp\" alt=\"onion powder grinder machine\" class=\"wp-image-415\" title=\"\" srcset=\"https:\/\/gingermachines.com\/wp-content\/uploads\/2026\/03\/onion-powder-grinder-machine.webp 540w, https:\/\/gingermachines.com\/wp-content\/uploads\/2026\/03\/onion-powder-grinder-machine-225x300.webp 225w, https:\/\/gingermachines.com\/wp-content\/uploads\/2026\/03\/onion-powder-grinder-machine-9x12.webp 9w\" sizes=\"auto, (max-width: 540px) 100vw, 540px\" \/><figcaption class=\"wp-element-caption\">Machine \u00e0 moudre la poudre d'oignon<\/figcaption><\/figure>    <figure class=\"wp-block-image size-large\"><img loading=\"lazy\" decoding=\"async\" width=\"540\" height=\"720\" data-id=\"416\" src=\"https:\/\/gingermachines.com\/wp-content\/uploads\/2026\/03\/onion-powder-milling-machine.webp\" alt=\"\u00c9quipement d&#039;emballage de poudre d&#039;oignon\" class=\"wp-image-416\" title=\"\" srcset=\"https:\/\/gingermachines.com\/wp-content\/uploads\/2026\/03\/onion-powder-milling-machine.webp 540w, https:\/\/gingermachines.com\/wp-content\/uploads\/2026\/03\/onion-powder-milling-machine-225x300.webp 225w, https:\/\/gingermachines.com\/wp-content\/uploads\/2026\/03\/onion-powder-milling-machine-9x12.webp 9w\" sizes=\"auto, (max-width: 540px) 100vw, 540px\" \/><figcaption class=\"wp-element-caption\">Machine de mouture de poudre d'oignon<\/figcaption><\/figure>    <figure class=\"wp-block-image size-large\"><img loading=\"lazy\" decoding=\"async\" width=\"540\" height=\"720\" data-id=\"417\" src=\"https:\/\/gingermachines.com\/wp-content\/uploads\/2026\/03\/stainless-steel-onion-powder-grinding-machine.webp\" alt=\"stainless steel onion powder grinding machine\" class=\"wp-image-417\" title=\"\" srcset=\"https:\/\/gingermachines.com\/wp-content\/uploads\/2026\/03\/stainless-steel-onion-powder-grinding-machine.webp 540w, https:\/\/gingermachines.com\/wp-content\/uploads\/2026\/03\/stainless-steel-onion-powder-grinding-machine-225x300.webp 225w, https:\/\/gingermachines.com\/wp-content\/uploads\/2026\/03\/stainless-steel-onion-powder-grinding-machine-9x12.webp 9w\" sizes=\"auto, (max-width: 540px) 100vw, 540px\" \/><figcaption class=\"wp-element-caption\">Machine \u00e0 moudre la poudre d'oignon en acier inoxydable<\/figcaption><\/figure> <\/figure>    <h2 class=\"wp-block-heading\"><strong>Que peut traiter la machine \u00e0 fabriquer de la poudre d'oignon ?<\/strong><\/h2>    <p>Notre machine \u00e0 moudre la poudre d'oignon en acier inoxydable peut traiter une grande vari\u00e9t\u00e9 de mat\u00e9riaux, y compris les oignons, le gingembre, les piments, les grains, le ma\u00efs, les haricots, le sucre, le sel, les \u00e9pices, les f\u00e8ves de cacao, et plus encore. Cette machine de mouture de poudre d'oignon est couramment utilis\u00e9e dans :<\/p>    <ul class=\"wp-block-list\"> <li>Usines de traitement des assaisonnements<\/li>    <li>Entreprises de transformation alimentaire<\/li>    <li>Projets de transformation en profondeur de produits agricoles<\/li>    <li>Production de poudre d'\u00e9pices et d'herbes<\/li> <\/ul>    <figure class=\"wp-block-gallery has-nested-images columns-default is-cropped wp-block-gallery-3 is-layout-flex wp-block-gallery-is-layout-flex\"> <figure class=\"wp-block-image size-large\"><img loading=\"lazy\" decoding=\"async\" width=\"720\" height=\"540\" data-id=\"426\" src=\"https:\/\/gingermachines.com\/wp-content\/uploads\/2026\/03\/application-of-dried-onion-grinder.webp\" alt=\"application of dried onion grinder\" class=\"wp-image-426\" title=\"\" srcset=\"https:\/\/gingermachines.com\/wp-content\/uploads\/2026\/03\/application-of-dried-onion-grinder.webp 720w, https:\/\/gingermachines.com\/wp-content\/uploads\/2026\/03\/application-of-dried-onion-grinder-300x225.webp 300w, https:\/\/gingermachines.com\/wp-content\/uploads\/2026\/03\/application-of-dried-onion-grinder-16x12.webp 16w\" sizes=\"auto, (max-width: 720px) 100vw, 720px\" \/><figcaption class=\"wp-element-caption\">Application du broyeur d'oignon s\u00e9ch\u00e9<\/figcaption><\/figure>    <figure class=\"wp-block-image size-large\"><img loading=\"lazy\" decoding=\"async\" width=\"720\" height=\"540\" data-id=\"427\" src=\"https:\/\/gingermachines.com\/wp-content\/uploads\/2026\/03\/application-of-dried-onion-grinding-machine.webp\" alt=\"application of dried onion grinding machine\" class=\"wp-image-427\" title=\"\" srcset=\"https:\/\/gingermachines.com\/wp-content\/uploads\/2026\/03\/application-of-dried-onion-grinding-machine.webp 720w, https:\/\/gingermachines.com\/wp-content\/uploads\/2026\/03\/application-of-dried-onion-grinding-machine-300x225.webp 300w, https:\/\/gingermachines.com\/wp-content\/uploads\/2026\/03\/application-of-dried-onion-grinding-machine-16x12.webp 16w\" sizes=\"auto, (max-width: 720px) 100vw, 720px\" \/><figcaption class=\"wp-element-caption\">Application de la machine \u00e0 moudre l'oignon s\u00e9ch\u00e9<\/figcaption><\/figure> <\/figure>    <h2 class=\"wp-block-heading\"><strong>Composants structurels du broyeur de poudre d'oignon<\/strong><\/h2>    <p>Cette machine \u00e0 fabriquer de la poudre d'oignon en acier inoxydable pr\u00e9sente une conception simple mais bien con\u00e7ue et offre une op\u00e9ration facile. Ses composants cl\u00e9s incluent :<\/p>    <ul class=\"wp-block-list\"> <li>Entr\u00e9e d'alimentation : Con\u00e7ue pour l'alimentation uniforme des mat\u00e9riaux, am\u00e9liorant ainsi l'efficacit\u00e9 du traitement.<\/li>    <li>Speed \u200b\u200bcontrol mechanism: Allows for the adjustment of the equipment&#8217;s operating speed.<\/li>    <li>Chambre de broyage : La zone principale de travail est responsable du broyage \u00e0 grande vitesse des mat\u00e9riaux.<\/li>    <li>\u00c9crous de fixation : S\u00e9curisent les composants critiques, assurant le fonctionnement stable de l'\u00e9quipement.<\/li>    <li>Interrupteur d'alimentation : Contr\u00f4le le d\u00e9marrage et l'arr\u00eat de la machine, offrant une op\u00e9ration s\u00fbre et pratique.<\/li>    <li>Sortie : Facilite la d\u00e9charge rapide de la poudre finie.<\/li> <\/ul>    <p>Avec sa structure compacte, sa simplicit\u00e9 d'utilisation et sa facilit\u00e9 d'entretien, cette machine est id\u00e9ale pour des environnements de production continue.<\/p>   <div class=\"wp-block-image\"> <figure class=\"aligncenter size-full\"><img loading=\"lazy\" decoding=\"async\" width=\"720\" height=\"540\" src=\"https:\/\/gingermachines.com\/wp-content\/uploads\/2026\/03\/structure-of-dried-onion-grinding-machine.webp\" alt=\"structure de la machine \u00e0 moudre l&#039;oignon s\u00e9ch\u00e9\" class=\"wp-image-418\" title=\"\" srcset=\"https:\/\/gingermachines.com\/wp-content\/uploads\/2026\/03\/structure-of-dried-onion-grinding-machine.webp 720w, https:\/\/gingermachines.com\/wp-content\/uploads\/2026\/03\/structure-of-dried-onion-grinding-machine-300x225.webp 300w, https:\/\/gingermachines.com\/wp-content\/uploads\/2026\/03\/structure-of-dried-onion-grinding-machine-16x12.webp 16w\" sizes=\"auto, (max-width: 720px) 100vw, 720px\" \/><figcaption class=\"wp-element-caption\">structure de la machine \u00e0 moudre l'oignon s\u00e9ch\u00e9<\/figcaption><\/figure> <\/div>   <h2 class=\"wp-block-heading\"><strong>Param\u00e8tres techniques de la machine \u00e0 fabriquer de la poudre d'oignon<\/strong><\/h2>    <p>Avant de choisir un mod\u00e8le d'\u00e9quipement sp\u00e9cifique, il est essentiel de comprendre les diff\u00e9rences entre les divers mod\u00e8les en termes de production, consommation d'\u00e9nergie et finesse du produit fini. Des informations d\u00e9taill\u00e9es sont fournies ci-dessous \u00e0 titre de r\u00e9f\u00e9rence :<\/p>    <figure class=\"wp-block-table\"><table class=\"has-fixed-layout\"><thead><tr><th>Mod\u00e8le<\/th><th>15B<\/th><th>20B<\/th><th>30B<\/th><th>40B<\/th><th>50B<\/th><\/tr><\/thead><tbody><tr><td>Mat\u00e9riel<\/td><td>SUS 304<\/td><td>SUS 304<\/td><td>SUS 304<\/td><td>SUS 304<\/td><td>SUS 304<\/td><\/tr><tr><td>Pouvoir<\/td><td>2,2 kW<\/td><td>4 kw<\/td><td>7,5 kW<\/td><td>11 kw<\/td><td>18,5 kW<\/td><\/tr><tr><td>Vitesse de rotation<\/td><td>6000 r\/m<\/td><td>4500 r\/m<\/td><td>3800 r\/m<\/td><td>3400 r\/m<\/td><td>3200 r\/m<\/td><\/tr><tr><td>Taille du mat\u00e9riau<\/td><td>&lt;8mm<\/td><td>&lt;8mm<\/td><td>&lt;10mm<\/td><td>&lt;12mm<\/td><td>&lt;14mm<\/td><\/tr><tr><td>Capacit\u00e9<\/td><td>10-60 kg\/h<\/td><td>60-150 kg\/h<\/td><td>100-300 kg\/h<\/td><td>160-800 kg\/h<\/td><td>500-1500 kg\/h<\/td><\/tr><tr><td>Finesse<\/td><td>20-120 mesh<\/td><td>20-120 mesh<\/td><td>20-120 mesh<\/td><td>20-120 mesh<\/td><td>20-120 mesh<\/td><\/tr><tr><td>Poids<\/td><td>150kg<\/td><td>280 kg<\/td><td>340 kg<\/td><td>450kg<\/td><td>530 kg<\/td><\/tr><\/tbody><\/table><figcaption class=\"wp-element-caption\">Param\u00e8tres de la machine \u00e0 moudre la poudre d'oignon<\/figcaption><\/figure>    <h2 class=\"wp-block-heading\"><strong>Combien co\u00fbte une machine \u00e0 moudre l'oignon ?<\/strong><\/h2>    <p>La gamme de prix globale pour une machine \u00e0 fabriquer de la poudre d'oignon se situe g\u00e9n\u00e9ralement entre 2 000 et 10 000 dollars ; le prix sp\u00e9cifique varie en fonction du mod\u00e8le d'\u00e9quipement, de la capacit\u00e9 de production et de la configuration. Les principaux facteurs influen\u00e7ant le prix comprennent :<\/p>    <ul class=\"wp-block-list\"> <li><strong>Capacit\u00e9 de production<\/strong>: Une capacit\u00e9 de production plus \u00e9lev\u00e9e entra\u00eene un prix d'\u00e9quipement plus \u00e9lev\u00e9.<\/li>    <li><strong>Puissance du moteur<\/strong>: Une puissance moteur plus \u00e9lev\u00e9e entra\u00eene des co\u00fbts plus importants.<\/li>    <li><strong>Normes mat\u00e9rielles<\/strong>: Un \u00e9quipement en acier inoxydable de qualit\u00e9 alimentaire est plus co\u00fbteux que celui fabriqu\u00e9 \u00e0 partir de mat\u00e9riaux standards.<\/li>    <li><strong>Exigences de finesse de broyage<\/strong>: Les tamis de haute pr\u00e9cision et les syst\u00e8mes de r\u00e9glage contribuent au co\u00fbt global.<\/li> <\/ul>    <figure class=\"wp-block-gallery has-nested-images columns-default is-cropped wp-block-gallery-4 is-layout-flex wp-block-gallery-is-layout-flex\"> <figure class=\"wp-block-image size-large\"><img loading=\"lazy\" decoding=\"async\" width=\"720\" height=\"540\" data-id=\"419\" src=\"https:\/\/gingermachines.com\/wp-content\/uploads\/2026\/03\/onion-powder-grinder.webp\" alt=\"broyeur de poudre d&#039;oignon\" class=\"wp-image-419\" title=\"\" srcset=\"https:\/\/gingermachines.com\/wp-content\/uploads\/2026\/03\/onion-powder-grinder.webp 720w, https:\/\/gingermachines.com\/wp-content\/uploads\/2026\/03\/onion-powder-grinder-300x225.webp 300w, https:\/\/gingermachines.com\/wp-content\/uploads\/2026\/03\/onion-powder-grinder-16x12.webp 16w\" sizes=\"auto, (max-width: 720px) 100vw, 720px\" \/><figcaption class=\"wp-element-caption\">Broyeur de poudre d'oignon<\/figcaption><\/figure>    <figure class=\"wp-block-image size-large\"><img loading=\"lazy\" decoding=\"async\" width=\"720\" height=\"540\" data-id=\"420\" src=\"https:\/\/gingermachines.com\/wp-content\/uploads\/2026\/03\/onion-powder-grinding-equipment.webp\" alt=\"\u00e9quipement de broyage de la poudre d&#039;oignon\" class=\"wp-image-420\" title=\"\" srcset=\"https:\/\/gingermachines.com\/wp-content\/uploads\/2026\/03\/onion-powder-grinding-equipment.webp 720w, https:\/\/gingermachines.com\/wp-content\/uploads\/2026\/03\/onion-powder-grinding-equipment-300x225.webp 300w, https:\/\/gingermachines.com\/wp-content\/uploads\/2026\/03\/onion-powder-grinding-equipment-16x12.webp 16w\" sizes=\"auto, (max-width: 720px) 100vw, 720px\" \/><figcaption class=\"wp-element-caption\">\u00c9quipement de broyage de la poudre d'oignon<\/figcaption><\/figure> <\/figure>    <h2 class=\"wp-block-heading\"><strong>Comment choisir la machine \u00e0 moudre la poudre d'oignon ?<\/strong><\/h2>    <p>Lors du choix d'une machine \u00e0 fabriquer de la poudre d'oignon, il est recommand\u00e9 de se baser sur les facteurs suivants :<\/p>    <ul class=\"wp-block-list\"> <li>Production horaire requise<\/li>    <li>Type et taille des mati\u00e8res premi\u00e8res<\/li>    <li>Finesse requise du produit fini<\/li>    <li>Conditions du site et de l'alimentation \u00e9lectrique<\/li> <\/ul>    <p>Le choix du mod\u00e8le d'\u00e9quipement appropri\u00e9 permet d'am\u00e9liorer l'efficacit\u00e9 de la production et de r\u00e9duire les co\u00fbts d'exploitation.<\/p>   <div class=\"wp-block-image\"> <figure class=\"aligncenter size-full\"><img loading=\"lazy\" decoding=\"async\" width=\"720\" height=\"540\" src=\"https:\/\/gingermachines.com\/wp-content\/uploads\/2026\/03\/onion-powder-making-machine.webp\" alt=\"machine \u00e0 fabriquer de la poudre d&#039;oignon\" class=\"wp-image-421\" title=\"\" srcset=\"https:\/\/gingermachines.com\/wp-content\/uploads\/2026\/03\/onion-powder-making-machine.webp 720w, https:\/\/gingermachines.com\/wp-content\/uploads\/2026\/03\/onion-powder-making-machine-300x225.webp 300w, https:\/\/gingermachines.com\/wp-content\/uploads\/2026\/03\/onion-powder-making-machine-16x12.webp 16w\" sizes=\"auto, (max-width: 720px) 100vw, 720px\" \/><figcaption class=\"wp-element-caption\">machine \u00e0 fabriquer de la poudre d'oignon<\/figcaption><\/figure> <\/div>   <h2 class=\"wp-block-heading\"><strong>Contactez-nous pour un devis d\u00e8s maintenant !<\/strong><\/h2>    <p class=\"translation-block\">La machine \u00e0 fabriquer de la poudre d'oignon constitue un \u00e9quipement cl\u00e9 pour la transformation approfondie des oignons. Nous proposons \u00e9galement un ensemble complet d'\u00e9quipements de traitement des oignons, comprenant <a href=\"https:\/\/gingermachines.com\/fr\/product\/automatic-onion-peeling-machine\/\">\u00e9plucheur d'oignons<\/a>, <a href=\"https:\/\/gingermachines.com\/fr\/product\/onion-cutting-machine\/\">machine \u00e0 couper les oignons<\/a>, et <a href=\"https:\/\/gingermachines.com\/fr\/product\/onion-drying-machine\/\">s\u00e8che-oignons<\/a>, permettant un processus de production complet, des mati\u00e8res premi\u00e8res au produit final en poudre d'oignon.<\/p>    <p>Si vous souhaitez recevoir un devis d\u00e9taill\u00e9, n'h\u00e9sitez pas \u00e0 nous contacter \u00e0 tout moment. Nous vous fournirons des recommandations d'experts sur la configuration de l'\u00e9quipement adapt\u00e9e \u00e0 vos besoins sp\u00e9cifiques.<\/p>","protected":false},"excerpt":{"rendered":"<p>This article primarily introduces our onion powder making machine. Our onion grinder is constructed from stainless steel. It is suitable for processing onions, ginger, chili peppers, grains, and similar products. Its processing capacity ranges from 10 to 1,500 kilograms per hour, producing a finished product with a fineness ranging from 20 to 120 mesh.<\/p>","protected":false},"author":1,"featured_media":425,"parent":0,"template":"","tags":[9],"product-type":[6],"class_list":["post-414","product","type-product","status-publish","has-post-thumbnail","hentry","tag-onion","product-type-products"],"_links":{"self":[{"href":"https:\/\/gingermachines.com\/fr\/wp-json\/wp\/v2\/product\/414","targetHints":{"allow":["GET"]}}],"collection":[{"href":"https:\/\/gingermachines.com\/fr\/wp-json\/wp\/v2\/product"}],"about":[{"href":"https:\/\/gingermachines.com\/fr\/wp-json\/wp\/v2\/types\/product"}],"author":[{"embeddable":true,"href":"https:\/\/gingermachines.com\/fr\/wp-json\/wp\/v2\/users\/1"}],"wp:featuredmedia":[{"embeddable":true,"href":"https:\/\/gingermachines.com\/fr\/wp-json\/wp\/v2\/media\/425"}],"wp:attachment":[{"href":"https:\/\/gingermachines.com\/fr\/wp-json\/wp\/v2\/media?parent=414"}],"wp:term":[{"taxonomy":"post_tag","embeddable":true,"href":"https:\/\/gingermachines.com\/fr\/wp-json\/wp\/v2\/tags?post=414"},{"taxonomy":"product-type","embeddable":true,"href":"https:\/\/gingermachines.com\/fr\/wp-json\/wp\/v2\/product-type?post=414"}],"curies":[{"name":"wp","href":"https:\/\/api.w.org\/{rel}","templated":true}]}}