{"id":387,"date":"2026-03-11T14:34:05","date_gmt":"2026-03-11T06:34:05","guid":{"rendered":"https:\/\/gingermachines.com\/?post_type=product&#038;p=387"},"modified":"2026-03-11T14:37:16","modified_gmt":"2026-03-11T06:37:16","slug":"onion-drying-machine","status":"publish","type":"product","link":"https:\/\/gingermachines.com\/fr\/product\/onion-drying-machine\/","title":{"rendered":"Machine de s\u00e9chage d'oignons"},"content":{"rendered":"<p class=\"translation-block\">Le<strong>machine de s\u00e9chage d'oignons<\/strong>est un appareil utilisant la technologie de circulation d'air chaud chauff\u00e9 \u00e9lectriquement. Sa capacit\u00e9 de s\u00e9chage est d'environ 100\u2013600 kg par lot. Notre s\u00e9choir \u00e0 oignons convient \u00e0 une vari\u00e9t\u00e9 de mat\u00e9riaux, y compris les oignons, champignons, piments, herbes m\u00e9dicinales chinoises, saucisses, petites crevettes, abricots secs et prunes s\u00e8ches.<\/p>    <p>La machine de s\u00e9chage d'oignons Taizy est \u00e9quip\u00e9e d'un ventilateur de circulation et d'un ventilateur d'\u00e9chappement, permettant un s\u00e9chage uniforme gr\u00e2ce \u00e0 une circulation continue d'air chaud. De plus, la temp\u00e9rature, l'humidit\u00e9 et le temps de s\u00e9chage peuvent tous \u00eatre r\u00e9gl\u00e9s via le panneau de contr\u00f4le. Si vous recherchez un \u00e9quipement de s\u00e9chage, n'h\u00e9sitez pas \u00e0 nous contacter !<\/p>    <h2 class=\"wp-block-heading\"><strong>Caract\u00e9ristiques du s\u00e9choir \u00e0 oignons<\/strong><\/h2>    <p class=\"translation-block\">1. <strong>Syst\u00e8me de circulation d'air chaud<\/strong><\/p>    <p>L'\u00e9quipement est \u00e9quip\u00e9 d'un ventilateur de circulation pour faire circuler en continu l'air chaud dans la chambre de s\u00e9chage, assurant un chauffage uniforme de chaque plateau.<\/p>    <p class=\"translation-block\">2. <strong>Syst\u00e8me de contr\u00f4le intelligent<\/strong><\/p>    <p>Le panneau de contr\u00f4le dispose d'un \u00e9cran num\u00e9rique, permettant aux utilisateurs de r\u00e9gler :<\/p>    <ul class=\"wp-block-list\"> <li>Temp\u00e9rature<\/li>    <li>Humidit\u00e9<\/li>    <li>Temps de s\u00e9chage<\/li>    <li>Intervalle de temps<\/li> <\/ul>    <p class=\"translation-block\">3. <strong>Conception de la structure d'isolation<\/strong><\/p>    <p>La chambre de s\u00e9chage est construite avec une plaque d'isolation en laine de roche de 7,5 cm d'\u00e9paisseur, offrant d'excellentes performances d'isolation et r\u00e9duisant efficacement la perte de chaleur.<\/p>    <p class=\"translation-block\">4. <strong>Mat\u00e9riau de plateau personnalisable<\/strong><\/p>    <p>Le plateau standard est un plateau galvanis\u00e9, mais des options personnalis\u00e9es sont disponibles sur demande :<\/p>    <ul class=\"wp-block-list\"> <li>Plateaux en acier inoxydable<\/li>    <li>Plateaux en plastique<\/li> <\/ul>    <p class=\"translation-block\">5. <strong>Structure de chauffage \u00e9lectrique<\/strong><\/p>    <p>La machine de s\u00e9chage d'oignons utilise un chauffage \u00e9lectrique ; l'\u00e9l\u00e9ment chauffant est install\u00e9 au-dessus du ventilateur de circulation, permettant \u00e0 l'air chaud de se diffuser rapidement dans l'espace de s\u00e9chage.<\/p>    <figure class=\"wp-block-gallery has-nested-images columns-default is-cropped wp-block-gallery-2 is-layout-flex wp-block-gallery-is-layout-flex\"> <figure class=\"wp-block-image size-large\"><img loading=\"lazy\" decoding=\"async\" width=\"720\" height=\"540\" data-id=\"391\" src=\"https:\/\/gingermachines.com\/wp-content\/uploads\/2026\/03\/onion-slice-drying-machine.webp\" alt=\"Machine de s\u00e9chage d&#039;oignons \u00e0 chauffage \u00e9lectrique pour l&#039;usine de transformation alimentaire\" class=\"wp-image-391\" title=\"\" srcset=\"https:\/\/gingermachines.com\/wp-content\/uploads\/2026\/03\/onion-slice-drying-machine.webp 720w, https:\/\/gingermachines.com\/wp-content\/uploads\/2026\/03\/onion-slice-drying-machine-300x225.webp 300w, https:\/\/gingermachines.com\/wp-content\/uploads\/2026\/03\/onion-slice-drying-machine-16x12.webp 16w\" sizes=\"auto, (max-width: 720px) 100vw, 720px\" \/><figcaption class=\"wp-element-caption\">Machine de s\u00e9chage d'oignons<\/figcaption><\/figure>    <figure class=\"wp-block-image size-large\"><img loading=\"lazy\" decoding=\"async\" width=\"720\" height=\"540\" data-id=\"390\" src=\"https:\/\/gingermachines.com\/wp-content\/uploads\/2026\/03\/circulating-fan.webp\" alt=\"circulating fan of onion dryer\" class=\"wp-image-390\" title=\"\" srcset=\"https:\/\/gingermachines.com\/wp-content\/uploads\/2026\/03\/circulating-fan.webp 720w, https:\/\/gingermachines.com\/wp-content\/uploads\/2026\/03\/circulating-fan-300x225.webp 300w, https:\/\/gingermachines.com\/wp-content\/uploads\/2026\/03\/circulating-fan-16x12.webp 16w\" sizes=\"auto, (max-width: 720px) 100vw, 720px\" \/><figcaption class=\"wp-element-caption\">Ventilateur de circulation du s\u00e9choir \u00e0 oignons<\/figcaption><\/figure>    <figure class=\"wp-block-image size-large\"><img loading=\"lazy\" decoding=\"async\" width=\"720\" height=\"540\" data-id=\"389\" src=\"https:\/\/gingermachines.com\/wp-content\/uploads\/2026\/03\/operation-screen-of-electric-heating-dryer.webp\" alt=\"operation screen of electric heating dryer\" class=\"wp-image-389\" title=\"\" srcset=\"https:\/\/gingermachines.com\/wp-content\/uploads\/2026\/03\/operation-screen-of-electric-heating-dryer.webp 720w, https:\/\/gingermachines.com\/wp-content\/uploads\/2026\/03\/operation-screen-of-electric-heating-dryer-300x225.webp 300w, https:\/\/gingermachines.com\/wp-content\/uploads\/2026\/03\/operation-screen-of-electric-heating-dryer-16x12.webp 16w\" sizes=\"auto, (max-width: 720px) 100vw, 720px\" \/><figcaption class=\"wp-element-caption\">\u00c9cran de fonctionnement du s\u00e9choir \u00e9lectrique<\/figcaption><\/figure> <\/figure>    <figure class=\"wp-block-gallery has-nested-images columns-default is-cropped wp-block-gallery-3 is-layout-flex wp-block-gallery-is-layout-flex\"> <figure class=\"wp-block-image size-large\"><img loading=\"lazy\" decoding=\"async\" width=\"720\" height=\"540\" data-id=\"394\" src=\"https:\/\/gingermachines.com\/wp-content\/uploads\/2026\/03\/galvanized-tray-of-onion-slice-dryer.webp\" alt=\"plateau galvanis\u00e9 du s\u00e8che-oignon\" class=\"wp-image-394\" title=\"\" srcset=\"https:\/\/gingermachines.com\/wp-content\/uploads\/2026\/03\/galvanized-tray-of-onion-slice-dryer.webp 720w, https:\/\/gingermachines.com\/wp-content\/uploads\/2026\/03\/galvanized-tray-of-onion-slice-dryer-300x225.webp 300w, https:\/\/gingermachines.com\/wp-content\/uploads\/2026\/03\/galvanized-tray-of-onion-slice-dryer-16x12.webp 16w\" sizes=\"auto, (max-width: 720px) 100vw, 720px\" \/><figcaption class=\"wp-element-caption\">Plateaux galvanis\u00e9s du s\u00e9choir \u00e0 tranches d'oignons<\/figcaption><\/figure>    <figure class=\"wp-block-image size-large\"><img loading=\"lazy\" decoding=\"async\" width=\"720\" height=\"540\" data-id=\"393\" src=\"https:\/\/gingermachines.com\/wp-content\/uploads\/2026\/03\/stainless-steel-tray-of-vegetable-onion-drying-machine.webp\" alt=\"plateau en acier inoxydable de la machine de s\u00e9chage de l\u00e9gumes et d&#039;oignons\" class=\"wp-image-393\" title=\"\" srcset=\"https:\/\/gingermachines.com\/wp-content\/uploads\/2026\/03\/stainless-steel-tray-of-vegetable-onion-drying-machine.webp 720w, https:\/\/gingermachines.com\/wp-content\/uploads\/2026\/03\/stainless-steel-tray-of-vegetable-onion-drying-machine-300x225.webp 300w, https:\/\/gingermachines.com\/wp-content\/uploads\/2026\/03\/stainless-steel-tray-of-vegetable-onion-drying-machine-16x12.webp 16w\" sizes=\"auto, (max-width: 720px) 100vw, 720px\" \/><figcaption class=\"wp-element-caption\">Plateaux en acier inoxydable de la machine de s\u00e9chage de l\u00e9gumes et d'oignons<\/figcaption><\/figure>    <figure class=\"wp-block-image size-large\"><img loading=\"lazy\" decoding=\"async\" width=\"720\" height=\"540\" data-id=\"392\" src=\"https:\/\/gingermachines.com\/wp-content\/uploads\/2026\/03\/plastic-tray-of-dryer-machine-for-onions.webp\" alt=\"plateau en plastique de la machine de s\u00e9chage pour oignons\" class=\"wp-image-392\" title=\"\" srcset=\"https:\/\/gingermachines.com\/wp-content\/uploads\/2026\/03\/plastic-tray-of-dryer-machine-for-onions.webp 720w, https:\/\/gingermachines.com\/wp-content\/uploads\/2026\/03\/plastic-tray-of-dryer-machine-for-onions-300x225.webp 300w, https:\/\/gingermachines.com\/wp-content\/uploads\/2026\/03\/plastic-tray-of-dryer-machine-for-onions-16x12.webp 16w\" sizes=\"auto, (max-width: 720px) 100vw, 720px\" \/><figcaption class=\"wp-element-caption\">Plateaux en plastique pour machine de s\u00e9chage d'oignons<\/figcaption><\/figure> <\/figure>    <h2 class=\"wp-block-heading\"><strong>Comment fonctionne le s\u00e9choir \u00e0 tranches d'oignons ?<\/strong><\/h2>    <p>La machine de s\u00e9chage d'oignons Taizy utilise un processus continu de chauffage, circulation et d\u00e9shumidification pour assurer un s\u00e9chage efficace des mat\u00e9riaux dans des conditions de temp\u00e9rature stables.<\/p>    <ol class=\"wp-block-list\"> <li><strong>Chauffage \u00e9lectrique g\u00e9n\u00e8re de l'air chaud<\/strong>| Chauffage \u00e9lectrique qui augmente rapidement la temp\u00e9rature \u00e0 l'int\u00e9rieur de la chambre de s\u00e9chage.<\/li>    <li><strong>Le ventilateur de circulation r\u00e9partit l'air uniform\u00e9ment<\/strong>| Le ventilateur de circulation dissipe la chaleur de l'air via des conduits d'air, assurant une distribution uniforme de la chaleur dans toute la chambre de s\u00e9chage.<\/li>    <li><strong>L'air chaud est dirig\u00e9 vers les plateaux de mat\u00e9riaux<\/strong>| L'air chaud est continuellement souffl\u00e9 sur les mat\u00e9riaux sur les plateaux, provoquant une \u00e9vaporation rapide de l'humidit\u00e9 et un s\u00e9chage uniforme.<\/li>    <li><strong>Le syst\u00e8me de d\u00e9shumidification \u00e9limine l'humidit\u00e9<\/strong>| Le ventilateur de d\u00e9shumidification \u00e9limine l'humidit\u00e9 g\u00e9n\u00e9r\u00e9e pendant le processus de s\u00e9chage, maintenant un environnement sec.<\/li> <\/ol>    <figure class=\"wp-block-gallery has-nested-images columns-default is-cropped wp-block-gallery-4 is-layout-flex wp-block-gallery-is-layout-flex\"> <figure class=\"wp-block-image size-large\"><img loading=\"lazy\" decoding=\"async\" width=\"540\" height=\"720\" data-id=\"397\" src=\"https:\/\/gingermachines.com\/wp-content\/uploads\/2026\/03\/vegetable-drying-machine.webp\" alt=\"machine \u00e0 s\u00e9cher les l\u00e9gumes\" class=\"wp-image-397\" title=\"\" srcset=\"https:\/\/gingermachines.com\/wp-content\/uploads\/2026\/03\/vegetable-drying-machine.webp 540w, https:\/\/gingermachines.com\/wp-content\/uploads\/2026\/03\/vegetable-drying-machine-225x300.webp 225w, https:\/\/gingermachines.com\/wp-content\/uploads\/2026\/03\/vegetable-drying-machine-9x12.webp 9w\" sizes=\"auto, (max-width: 540px) 100vw, 540px\" \/><figcaption class=\"wp-element-caption\">Machine de s\u00e9chage de l\u00e9gumes<\/figcaption><\/figure>    <figure class=\"wp-block-image size-large\"><img loading=\"lazy\" decoding=\"async\" width=\"540\" height=\"720\" data-id=\"396\" src=\"https:\/\/gingermachines.com\/wp-content\/uploads\/2026\/03\/onion-drying-equipment.webp\" alt=\"onion drying equipment\" class=\"wp-image-396\" title=\"\" srcset=\"https:\/\/gingermachines.com\/wp-content\/uploads\/2026\/03\/onion-drying-equipment.webp 540w, https:\/\/gingermachines.com\/wp-content\/uploads\/2026\/03\/onion-drying-equipment-225x300.webp 225w, https:\/\/gingermachines.com\/wp-content\/uploads\/2026\/03\/onion-drying-equipment-9x12.webp 9w\" sizes=\"auto, (max-width: 540px) 100vw, 540px\" \/><figcaption class=\"wp-element-caption\">\u00c9quipement de s\u00e9chage d'oignons<\/figcaption><\/figure>    <figure class=\"wp-block-image size-large\"><img loading=\"lazy\" decoding=\"async\" width=\"540\" height=\"720\" data-id=\"395\" src=\"https:\/\/gingermachines.com\/wp-content\/uploads\/2026\/03\/onion-dryer-machine.webp\" alt=\"Machine \u00e0 s\u00e9cher les oignons\" class=\"wp-image-395\" title=\"\" srcset=\"https:\/\/gingermachines.com\/wp-content\/uploads\/2026\/03\/onion-dryer-machine.webp 540w, https:\/\/gingermachines.com\/wp-content\/uploads\/2026\/03\/onion-dryer-machine-225x300.webp 225w, https:\/\/gingermachines.com\/wp-content\/uploads\/2026\/03\/onion-dryer-machine-9x12.webp 9w\" sizes=\"auto, (max-width: 540px) 100vw, 540px\" \/><figcaption class=\"wp-element-caption\">Machine de s\u00e9chage d'oignons<\/figcaption><\/figure> <\/figure>    <h2 class=\"wp-block-heading\"><strong>Quelles sont les applications de la machine de s\u00e9chage d'oignons ?<\/strong><\/h2>    <p>La machine de s\u00e9chage d'oignons a une large gamme d'applications et peut \u00eatre utilis\u00e9e pour s\u00e9cher divers aliments et produits agricoles.<\/p>    <ul class=\"wp-block-list\"> <li><strong>Produit de viande<\/strong>| Jambon s\u00e9ch\u00e9, saucisses, jerky de porc<\/li>    <li><strong>Produit aquatique<\/strong>| Petits poissons, petites crevettes<\/li>    <li><strong>Produit agricole<\/strong>| Oignons, piments, champignons, l\u00e9gumes s\u00e9ch\u00e9s<\/li>    <li><strong>Fruits secs<\/strong>| Abricots secs, prunes s\u00e8ches, mangues s\u00e9ch\u00e9es, fruits confits<\/li>    <li><strong>Mat\u00e9riel m\u00e9dicinal traditionnel chinois :<\/strong> Divers mat\u00e9riaux m\u00e9dicinaux racines et feuilles<\/li> <\/ul>    <p>La machine de s\u00e9chage d'oignons utilise une m\u00e9thode de s\u00e9chage \u00e0 air chaud \u00e0 temp\u00e9rature constante, ce qui permet de mieux pr\u00e9server la couleur, la saveur et la nutrition des mat\u00e9riaux.<\/p>   <div class=\"wp-block-image\"> <figure class=\"aligncenter size-full\"><img loading=\"lazy\" decoding=\"async\" width=\"720\" height=\"540\" src=\"https:\/\/gingermachines.com\/wp-content\/uploads\/2026\/03\/application-of-onion-dryer.webp\" alt=\"Application du s\u00e9choir \u00e0 oignons\" class=\"wp-image-398\" title=\"\" srcset=\"https:\/\/gingermachines.com\/wp-content\/uploads\/2026\/03\/application-of-onion-dryer.webp 720w, https:\/\/gingermachines.com\/wp-content\/uploads\/2026\/03\/application-of-onion-dryer-300x225.webp 300w, https:\/\/gingermachines.com\/wp-content\/uploads\/2026\/03\/application-of-onion-dryer-16x12.webp 16w\" sizes=\"auto, (max-width: 720px) 100vw, 720px\" \/><figcaption class=\"wp-element-caption\">Application du s\u00e9choir \u00e0 oignons<\/figcaption><\/figure> <\/div>   <h2 class=\"wp-block-heading\"><strong>Param\u00e8tres techniques du s\u00e9choir \u00e0 oignons<\/strong><\/h2>    <p>Nous proposons diff\u00e9rents mod\u00e8les de machines de s\u00e9chage d'oignons. Voici leurs sp\u00e9cifications d\u00e9taill\u00e9es pour votre r\u00e9f\u00e9rence :<\/p>    <figure class=\"wp-block-table\"><table><thead><tr><th>Mod\u00e8le<\/th><th>Nombre de couches de plateaux<\/th><th>Capacit\u00e9 (par lot)<\/th><th>Taille globale (mm)<\/th><th>Taille du plateau (mm)<\/th><th>Puissance (kW)<\/th><th>Ventilateurs de circulation (kW)<\/th><th>Ventilateurs d'\u00e9chappement (kW)<\/th><th>Mat\u00e9riel<\/th><\/tr><\/thead><tbody><tr><td>TZ-20<\/td><td>20<\/td><td>Environ 100 kg<\/td><td>1100\u00d71100\u00d72200<\/td><td>800\u00d7600<\/td><td>6<\/td><td>2\u00d70.37<\/td><td>1\u00d70.18<\/td><td>Laine de roche<\/td><\/tr><tr><td>TZ-40<\/td><td>40<\/td><td>Environ 200 kg<\/td><td>2200\u00d71100\u00d72200<\/td><td>800\u00d71000<\/td><td>13.5<\/td><td>2\u00d70.37<\/td><td>1\u00d70.18<\/td><td>Laine de roche<\/td><\/tr><tr><td>TZ-80<\/td><td>80<\/td><td>Environ 400 kg<\/td><td>2000\u00d71800\u00d72200<\/td><td>800\u00d7600<\/td><td>27<\/td><td>4\u00d70.37<\/td><td>2\u00d70.18k<\/td><td>Laine de roche<\/td><\/tr><tr><td>TZ-120<\/td><td>120<\/td><td>Environ 600 kg<\/td><td>2600\u00d71800\u00d72200<\/td><td>800\u00d7600<\/td><td>36<\/td><td>4\u00d70.37<\/td><td>2\u00d70.37<\/td><td>Laine de roche<\/td><\/tr><\/tbody><\/table><figcaption class=\"wp-element-caption\">Param\u00e8tres de l'\u00e9quipement de s\u00e9chage d'oignons<\/figcaption><\/figure>    <h2 class=\"wp-block-heading\"><strong>Autres types de s\u00e9choirs d'oignons \u00e0 vendre<\/strong><\/h2>    <p>En plus de la machine \u00e9lectrique de s\u00e9chage d'oignons, nous proposons \u00e9galement une gamme d'\u00e9quipements de s\u00e9chage \u00e0 grande capacit\u00e9 adapt\u00e9s aux besoins de production \u00e0 grande \u00e9chelle. Ces unit\u00e9s de s\u00e9chage peuvent \u00eatre \u00e9quip\u00e9es de diff\u00e9rentes sources de chaleur selon les besoins du client, telles que :<\/p>    <ul class=\"wp-block-list\"> <li>Pellet de biomasse<\/li>    <li>Gazole<\/li>    <li>Gaz naturel<\/li>    <li>Gaz de p\u00e9trole liqu\u00e9fi\u00e9<\/li>    <li>Pompe \u00e0 chaleur \u00e0 source d'air<\/li> <\/ul>    <p>Compar\u00e9 \u00e0 la machine de s\u00e9chage d'oignons chauff\u00e9e \u00e9lectriquement, ces unit\u00e9s sont g\u00e9n\u00e9ralement plus grandes et ont une capacit\u00e9 de traitement par lot plus \u00e9lev\u00e9e. Si vous souhaitez en savoir plus, n'h\u00e9sitez pas \u00e0 nous contacter !<\/p>    <figure class=\"wp-block-gallery has-nested-images columns-default is-cropped wp-block-gallery-5 is-layout-flex wp-block-gallery-is-layout-flex\"> <figure class=\"wp-block-image size-large\"><img loading=\"lazy\" decoding=\"async\" width=\"720\" height=\"540\" data-id=\"399\" src=\"https:\/\/gingermachines.com\/wp-content\/uploads\/2026\/03\/large-onion-dryer-machine.webp\" alt=\"large onion dryer machine\" class=\"wp-image-399\" title=\"\" srcset=\"https:\/\/gingermachines.com\/wp-content\/uploads\/2026\/03\/large-onion-dryer-machine.webp 720w, https:\/\/gingermachines.com\/wp-content\/uploads\/2026\/03\/large-onion-dryer-machine-300x225.webp 300w, https:\/\/gingermachines.com\/wp-content\/uploads\/2026\/03\/large-onion-dryer-machine-16x12.webp 16w\" sizes=\"auto, (max-width: 720px) 100vw, 720px\" \/><figcaption class=\"wp-element-caption\">Grand s\u00e9choir \u00e0 oignons<\/figcaption><\/figure>    <figure class=\"wp-block-image size-large\"><img loading=\"lazy\" decoding=\"async\" width=\"720\" height=\"540\" data-id=\"400\" src=\"https:\/\/gingermachines.com\/wp-content\/uploads\/2026\/03\/large-onion-dryer.webp\" alt=\"large onion dryer\" class=\"wp-image-400\" title=\"\" srcset=\"https:\/\/gingermachines.com\/wp-content\/uploads\/2026\/03\/large-onion-dryer.webp 720w, https:\/\/gingermachines.com\/wp-content\/uploads\/2026\/03\/large-onion-dryer-300x225.webp 300w, https:\/\/gingermachines.com\/wp-content\/uploads\/2026\/03\/large-onion-dryer-16x12.webp 16w\" sizes=\"auto, (max-width: 720px) 100vw, 720px\" \/><figcaption class=\"wp-element-caption\">Grand s\u00e9choir \u00e0 oignons<\/figcaption><\/figure> <\/figure>    <h2 class=\"wp-block-heading\"><strong>Prix de la machine de s\u00e9chage d'oignons<\/strong><\/h2>    <p>Le prix d'un s\u00e9choir \u00e0 oignons varie en fonction de facteurs tels que le mod\u00e8le de l'\u00e9quipement, la configuration \u00e9lectrique, le nombre de plateaux, le choix des mat\u00e9riaux et la capacit\u00e9 de s\u00e9chage. Diff\u00e9rents clients ont des besoins de traitement diff\u00e9rents, ce qui influencera \u00e9galement le prix.<\/p>    <p>En g\u00e9n\u00e9ral, les petits s\u00e9choirs \u00e0 tranches d'oignons \u00e9lectriques conviennent pour un traitement de petite \u00e0 moyenne \u00e9chelle. Si une capacit\u00e9 plus grande ou un \u00e9quipement de s\u00e9chage avec une autre source de chaleur est n\u00e9cessaire, nous pouvons \u00e9galement fournir des solutions personnalis\u00e9es.<\/p>   <div class=\"wp-block-image\"> <figure class=\"aligncenter size-full\"><img loading=\"lazy\" decoding=\"async\" width=\"720\" height=\"540\" src=\"https:\/\/gingermachines.com\/wp-content\/uploads\/2026\/03\/vegetable-dryer.webp\" alt=\"S\u00e9chateur de l\u00e9gumes\" class=\"wp-image-401\" title=\"\" srcset=\"https:\/\/gingermachines.com\/wp-content\/uploads\/2026\/03\/vegetable-dryer.webp 720w, https:\/\/gingermachines.com\/wp-content\/uploads\/2026\/03\/vegetable-dryer-300x225.webp 300w, https:\/\/gingermachines.com\/wp-content\/uploads\/2026\/03\/vegetable-dryer-16x12.webp 16w\" sizes=\"auto, (max-width: 720px) 100vw, 720px\" \/><figcaption class=\"wp-element-caption\">S\u00e9chateur de l\u00e9gumes<\/figcaption><\/figure> <\/div>   <h2 class=\"wp-block-heading\"><strong>Pourquoi choisir Taizy comme fournisseur ?<\/strong><\/h2>    <p>Nous ne fournissons pas seulement des machines de s\u00e9chage d'oignons de haute qualit\u00e9, mais aussi des solutions compl\u00e8tes d'\u00e9quipement de traitement d'oignons. En plus des s\u00e9choirs \u00e0 oignons, nous proposons une vari\u00e9t\u00e9 d'autres \u00e9quipements :<\/p>    <ul class=\"wp-block-list\"> <li><a href=\"https:\/\/gingermachines.com\/fr\/product\/automatic-onion-peeling-machine\/\">Machine d'\u00e9pluchage d'oignons<\/a><\/li>    <li><a href=\"https:\/\/gingermachines.com\/fr\/product\/onion-root-cutting-machine\/\">Machine de coupe de racines d'oignon<\/a><\/li>    <li><a href=\"https:\/\/gingermachines.com\/fr\/product\/onion-cutting-machine\/\">Machine \u00e0 couper l'oignon<\/a><\/li> <\/ul>    <p>Nous pouvons aider les clients \u00e0 r\u00e9aliser une transformation int\u00e9gr\u00e9e, du lavage, \u00e9pluchage, coupe jusqu'au s\u00e9chage, am\u00e9liorant consid\u00e9rablement l'efficacit\u00e9 de la production et r\u00e9duisant les co\u00fbts de main-d'\u0153uvre.<\/p>    <p>De plus, Taizy poss\u00e8de une exp\u00e9rience de production mature et un syst\u00e8me de service apr\u00e8s-vente complet. Nos \u00e9quipements ont \u00e9t\u00e9 export\u00e9s vers de nombreux pays et r\u00e9gions.<\/p>    <h2 class=\"wp-block-heading\"><strong>Commencez votre demande d\u00e8s aujourd'hui !<\/strong><\/h2>    <p>Pour des sp\u00e9cifications d\u00e9taill\u00e9es, des configurations ou des informations sur les prix de la machine de s\u00e9chage d'oignons, veuillez nous contacter. Nous pouvons recommander des mod\u00e8les d'\u00e9quipement adapt\u00e9s et fournir les devis les plus r\u00e9cents en fonction de vos mat\u00e9riaux de traitement et de vos besoins de production !<\/p>","protected":false},"excerpt":{"rendered":"<p>This article introduces the structural features, working principle, and application range of the onion drying machine. This equipment uses electrically heated hot air circulating drying technology, with a capacity of approximately 100-600kg\/batch. It is suitable for onions, mushrooms, peppers, Chinese medicinal herbs, cured meat, sausages, small fish, small shrimp, dried vegetables, and preserved fruits, among others.<\/p>","protected":false},"author":1,"featured_media":388,"parent":0,"template":"","tags":[9],"product-type":[6],"class_list":["post-387","product","type-product","status-publish","has-post-thumbnail","hentry","tag-onion","product-type-products"],"_links":{"self":[{"href":"https:\/\/gingermachines.com\/fr\/wp-json\/wp\/v2\/product\/387","targetHints":{"allow":["GET"]}}],"collection":[{"href":"https:\/\/gingermachines.com\/fr\/wp-json\/wp\/v2\/product"}],"about":[{"href":"https:\/\/gingermachines.com\/fr\/wp-json\/wp\/v2\/types\/product"}],"author":[{"embeddable":true,"href":"https:\/\/gingermachines.com\/fr\/wp-json\/wp\/v2\/users\/1"}],"wp:featuredmedia":[{"embeddable":true,"href":"https:\/\/gingermachines.com\/fr\/wp-json\/wp\/v2\/media\/388"}],"wp:attachment":[{"href":"https:\/\/gingermachines.com\/fr\/wp-json\/wp\/v2\/media?parent=387"}],"wp:term":[{"taxonomy":"post_tag","embeddable":true,"href":"https:\/\/gingermachines.com\/fr\/wp-json\/wp\/v2\/tags?post=387"},{"taxonomy":"product-type","embeddable":true,"href":"https:\/\/gingermachines.com\/fr\/wp-json\/wp\/v2\/product-type?post=387"}],"curies":[{"name":"wp","href":"https:\/\/api.w.org\/{rel}","templated":true}]}}