{"id":37,"date":"2022-09-07T01:59:01","date_gmt":"2022-09-06T17:59:01","guid":{"rendered":"https:\/\/gingermachines.com\/?post_type=product&#038;p=37"},"modified":"2023-08-18T10:55:57","modified_gmt":"2023-08-18T02:55:57","slug":"ginger-grinding-machine","status":"publish","type":"product","link":"https:\/\/gingermachines.com\/fr\/product\/ginger-grinding-machine\/","title":{"rendered":"Machine \u00e0 broyer le gingembre"},"content":{"rendered":"<p class=\"translation-block\">La <strong>machine \u00e0 moudre le gingembre<\/strong>, souvent appel\u00e9e broyeur de gingembre, est un outil puissant pour <a href=\"https:\/\/gingermachines.com\/fr\/Info\/how-to-grind-ginger-into-powder\/\">broyer le gingembre sec en poudre fine<\/a>. De plus, elle a un large \u00e9ventail d'applications, utilis\u00e9e \u00e9galement pour le traitement de l'ail, de l'oignon, de la pomme de terre, de la banane, de la viande, des c\u00e9r\u00e9ales, des \u00e9pices, du piment, des l\u00e9gumes, des grains, du riz, des herbes m\u00e9dicinales, etc. La capacit\u00e9 de la machine automatique de broyage de gingembre varie de 10 kg\/h \u00e0 500 kg\/h. Il existe diff\u00e9rents mod\u00e8les disponibles pour votre choix. De plus, nous avons une tr\u00e8s forte capacit\u00e9 \u00e0 fournir un service OEM\/ODM pour r\u00e9pondre \u00e0 vos exigences sp\u00e9cifiques. <\/p>    <p>L'ensemble de la machine utilise une structure de corps en acier inoxydable 304, durable et de qualit\u00e9 alimentaire. Et la machine \u00e0 broyer le gingembre \u00e0 vendre de l'usine TAIZY pr\u00e9sente les caract\u00e9ristiques d'un niveau d'automatisation \u00e9lev\u00e9, d'une structure simple et d'une petite taille. Si vous recherchez un broyeur de l\u00e9gumes fiable, contactez-nous pour d\u00e9marrer votre entreprise de gingembre le plus rapidement possible.<\/p>    <h2 class=\"wp-block-heading\" id=\"h-features\">Caract\u00e9ristiques de la rectifieuse de gingembre<\/h2>    <ol class=\"wp-block-list\" type=\"1\"> <li>La machine \u00e0 broyer le gingembre a une structure simple et une conception raisonnable, elle est facile \u00e0 utiliser et \u00e0 entretenir.<\/li>    <li>Large gamme d'applications. Ce broyeur m\u00e9langeur de gingembre commercial est largement utilis\u00e9 dans l'industrie de transformation des l\u00e9gumes, les usines pharmaceutiques et les usines de production d'\u00e9pices.<\/li>    <li>\u00c9conomie d'\u00e9nergie et haute efficacit\u00e9. Il a un rendement \u00e9lev\u00e9, une \u00e9conomie d\u2019\u00e9nergie et un rendement \u00e9lev\u00e9.<\/li>    <li>La rectifieuse \u00e9lectrique de gingembre a un faible bruit et des performances stables.<\/li>    <li>Le service OEM\/ODM est disponible pour r\u00e9pondre \u00e0 votre demande sp\u00e9cifique.<\/li> <\/ol>    <figure class=\"wp-block-image size-full\"><img loading=\"lazy\" decoding=\"async\" width=\"720\" height=\"540\" src=\"https:\/\/gingermachines.com\/wp-content\/uploads\/2022\/09\/ginger-grinding-machine-structure.jpg\" alt=\"structure de la machine \u00e0 broyer le gingembre\" class=\"wp-image-84\" title=\"\" srcset=\"https:\/\/gingermachines.com\/wp-content\/uploads\/2022\/09\/ginger-grinding-machine-structure.jpg 720w, https:\/\/gingermachines.com\/wp-content\/uploads\/2022\/09\/ginger-grinding-machine-structure-300x225.jpg 300w\" sizes=\"auto, (max-width: 720px) 100vw, 720px\" \/><figcaption class=\"wp-element-caption\">Structure de la machine \u00e0 broyer le gingembre<\/figcaption><\/figure>    <h2 class=\"wp-block-heading\" id=\"h-applications\">Applications de la machine \u00e0 broyer le gingembre<\/h2>    <ul class=\"wp-block-list\" type=\"1\"> <li><strong>Dans l'industrie agroalimentaire<\/strong><\/li> <\/ul>    <p>La rectifieuse automatique de gingembre est id\u00e9ale pour traiter les aliments secs comme le gingembre, l'ail, le piment, les \u00e9pices, les c\u00e9r\u00e9ales, le riz, le sucre, le soja, etc.<\/p>    <ul class=\"wp-block-list\"> <li><strong>Dans le domaine industriel<\/strong><\/li> <\/ul>    <p>Certains d\u00e9chets industriels sont recyclables apr\u00e8s broyage, merci de nous contacter avant de broyer des mati\u00e8res premi\u00e8res particuli\u00e8res.<\/p>    <ul class=\"wp-block-list\"> <li><strong>Dans une usine pharmaceutique<\/strong><\/li> <\/ul>    <p>Cette rectifieuse peut \u00e9galement \u00eatre utilis\u00e9e pour broyer des pilules m\u00e9dicinales, des herbes, etc. Elle peut traiter toutes les mati\u00e8res m\u00e9dicinales s\u00e8ches.<\/p>    <figure class=\"wp-block-image size-full\"><img loading=\"lazy\" decoding=\"async\" width=\"720\" height=\"540\" src=\"https:\/\/gingermachines.com\/wp-content\/uploads\/2022\/09\/ginger-grinder-machine.jpg\" alt=\"broyeur de gingembre\" class=\"wp-image-82\" title=\"\" srcset=\"https:\/\/gingermachines.com\/wp-content\/uploads\/2022\/09\/ginger-grinder-machine.jpg 720w, https:\/\/gingermachines.com\/wp-content\/uploads\/2022\/09\/ginger-grinder-machine-300x225.jpg 300w\" sizes=\"auto, (max-width: 720px) 100vw, 720px\" \/><figcaption class=\"wp-element-caption\">Machine \u00e0 broyer le gingembre<\/figcaption><\/figure>    <h2 class=\"wp-block-heading\" id=\"h-parameters\">Donn\u00e9es techniques de la rectifieuse de gingembre TAIZY<\/h2>    <figure class=\"wp-block-table\"><table><tbody><tr><td>Mod\u00e8le<\/td><td>180<\/td><td>250<\/td><td>320<\/td><td>350<\/td><\/tr><tr><td>Mat\u00e9riaux<\/td><td>304 <a href=\"https:\/\/en.wikipedia.org\/wiki\/Stainless_steel\" target=\"_blank\" rel=\"noopener\">Acier inoxydable<\/a><\/td><td>Acier inoxydable 304<\/td><td>Acier inoxydable 304<\/td><td>Acier inoxydable 304<\/td><\/tr><tr><td>Tension<\/td><td>220\/380<\/td><td>380<\/td><td>380<\/td><td>380<\/td><\/tr><tr><td>Moteur (KW)<\/td><td>2.2<\/td><td>5.5<\/td><td>7.5<\/td><td>11<\/td><\/tr><tr><td>Vitesse<\/td><td>4200<\/td><td>4200<\/td><td>4200<\/td><td>4200<\/td><\/tr><tr><td>Engrener<\/td><td>10-120<\/td><td>10-120<\/td><td>10-120<\/td><td>10-120<\/td><\/tr><tr><td>Capacit\u00e9 (kg\/h)<\/td><td>10-120<\/td><td>30-200<\/td><td>50-300<\/td><td>70-500<\/td><\/tr><tr><td>Dimension(mm)<\/td><td>480X520X1040<\/td><td>750X600X1260<\/td><td>780 X700 X1350<\/td><td>800 X900 X1550<\/td><\/tr><tr><td>Poids (kg)<\/td><td>75<\/td><td>180<\/td><td>260<\/td><td>320<\/td><\/tr><\/tbody><\/table><\/figure>    <h2 class=\"wp-block-heading\" id=\"h-contact-us-to-start-your-ginger-business\">Contactez-nous pour d\u00e9marrer votre entreprise de gingembre<\/h2>    <p>Cette rectifieuse de gingembre convient \u00e0 un usage domestique et industriel car elle a une petite taille, de bonnes performances et un prix abordable. Cela peut grandement am\u00e9liorer votre efficacit\u00e9 de production. En outre, le broyeur de gingembre peut \u00eatre utilis\u00e9 seul pour atteindre l'objectif de broyage et peut \u00e9galement constituer une partie importante de l'ensemble de la cha\u00eene de traitement de la poudre de gingembre. &nbsp;<\/p>    <p class=\"translation-block\">En tant que fabricant professionnel de machines de traitement du gingembre, l'<a href=\"https:\/\/gingermachines.com\/fr\/\">usine TAIZY<\/a> fournit une gamme compl\u00e8te de machines \u00e0 gingembre, y compris une <a href=\"https:\/\/gingermachines.com\/fr\/product\/ginger-washing-machine\/\">machine \u00e0 laver le gingembre<\/a>, une machine \u00e0 peler le gingembre et une <a href=\"https:\/\/gingermachines.com\/fr\/product\/ginger-drying-machine\/\">machine \u00e0 s\u00e9cher le gingembre<\/a>. Toutes les machines utilisent des normes et une conception internationales. Et nous fournissons de puissants services personnalis\u00e9s pour r\u00e9pondre \u00e0 vos besoins. Bienvenue \u00e0 nous contacter pour plus d'informations utiles.<\/p>","protected":false},"excerpt":{"rendered":"<p>Ginger grinding machine, often shortened to ginger grinder, is a powerful tool for grinding dry ginger into fine powder. Besides, it has a wide range of applications, also used for processing garlic, onion, potato, banana, meat, cereals, spices, chili, vegetable, grain, rice, medicinal herbs, etc. The capacity of the automatic ginger grinder machine ranges from [&hellip;]<\/p>\n","protected":false},"author":1,"featured_media":78,"parent":0,"template":"","tags":[8],"product-type":[6],"class_list":["post-37","product","type-product","status-publish","has-post-thumbnail","hentry","tag-ginger-processing-machine","product-type-products"],"_links":{"self":[{"href":"https:\/\/gingermachines.com\/fr\/wp-json\/wp\/v2\/product\/37","targetHints":{"allow":["GET"]}}],"collection":[{"href":"https:\/\/gingermachines.com\/fr\/wp-json\/wp\/v2\/product"}],"about":[{"href":"https:\/\/gingermachines.com\/fr\/wp-json\/wp\/v2\/types\/product"}],"author":[{"embeddable":true,"href":"https:\/\/gingermachines.com\/fr\/wp-json\/wp\/v2\/users\/1"}],"wp:featuredmedia":[{"embeddable":true,"href":"https:\/\/gingermachines.com\/fr\/wp-json\/wp\/v2\/media\/78"}],"wp:attachment":[{"href":"https:\/\/gingermachines.com\/fr\/wp-json\/wp\/v2\/media?parent=37"}],"wp:term":[{"taxonomy":"post_tag","embeddable":true,"href":"https:\/\/gingermachines.com\/fr\/wp-json\/wp\/v2\/tags?post=37"},{"taxonomy":"product-type","embeddable":true,"href":"https:\/\/gingermachines.com\/fr\/wp-json\/wp\/v2\/product-type?post=37"}],"curies":[{"name":"wp","href":"https:\/\/api.w.org\/{rel}","templated":true}]}}