{"id":35,"date":"2022-09-07T01:56:08","date_gmt":"2022-09-06T17:56:08","guid":{"rendered":"https:\/\/gingermachines.com\/?post_type=product&#038;p=35"},"modified":"2023-03-07T15:53:46","modified_gmt":"2023-03-07T07:53:46","slug":"ginger-slicing-machine","status":"publish","type":"product","link":"https:\/\/gingermachines.com\/fr\/product\/ginger-slicing-machine\/","title":{"rendered":"Machine \u00e0 trancher le gingembre"},"content":{"rendered":"<p class=\"translation-block\"><strong>La machine \u00e0 trancher le gingembre<\/strong> est utilis\u00e9e pour couper le gingembre en tranches. Elle est \u00e9galement connue sous le nom de trancheuse \u00e0 gingembre, et c'est un type de machine \u00e0 couper les l\u00e9gumes. La taille du produit fini varie de 1 mm \u00e0 3 mm. Et la capacit\u00e9 de coupe de la machine est de 150 kg\/h \u00e0 250 kg\/h. La machine \u00e0 hacher le gingembre est adapt\u00e9e au traitement du gingembre, des carottes, des bananes, des concombres, des pommes de terre, du taro, des pousses de bambou, etc. <\/p>    <p class=\"translation-block\">La <strong>machine \u00e0 trancher le gingembre<\/strong> est une machine de transformation du gingembre tr\u00e8s importante, et une partie significative d'une <a href=\"https:\/\/gingermachines.com\/fr\/product\/ginger-powder-processing-line\/\">ligne de production de poudre de gingembre<\/a>. L'ensemble de la machine adopte une structure en acier inoxydable, qui pr\u00e9sente les caract\u00e9ristiques de qualit\u00e9 alimentaire et de durabilit\u00e9. La machine \u00e0 trancher le gingembre est largement utilis\u00e9e dans diverses industries de transformation alimentaire.<\/p>    <figure class=\"wp-block-image size-full\"><img loading=\"lazy\" decoding=\"async\" width=\"720\" height=\"540\" src=\"https:\/\/gingermachines.com\/wp-content\/uploads\/2022\/09\/ginger-slicer.jpg\" alt=\"trancheuse de gingembre\" class=\"wp-image-66\" title=\"\" srcset=\"https:\/\/gingermachines.com\/wp-content\/uploads\/2022\/09\/ginger-slicer.jpg 720w, https:\/\/gingermachines.com\/wp-content\/uploads\/2022\/09\/ginger-slicer-300x225.jpg 300w\" sizes=\"auto, (max-width: 720px) 100vw, 720px\" \/><figcaption class=\"wp-element-caption\">Trancheuse \u00e0 Gingembre<\/figcaption><\/figure>    <h2 class=\"wp-block-heading\" id=\"h-features\">Caract\u00e9ristiques de la trancheuse \u00e0 gingembre<\/h2>    <ol class=\"wp-block-list\" type=\"1\"> <li>Structure et cadre en acier inoxydable 304 de haute qualit\u00e9<\/li>    <li>L'\u00e9paisseur des tranches de gingembre peut \u00eatre r\u00e9glable, de 1 mm \u00e0 3 mm<\/li>    <li>La machine \u00e0 trancher le gingembre peut traiter 150 kg \u00e0 250 kg de gingembre par heure<\/li>    <li>Il a une structure simple et une conception raisonnable, tr\u00e8s facile \u00e0 utiliser<\/li>    <li>Nous prenons en charge un service de personnalisation solide pour r\u00e9pondre \u00e0 votre demande particuli\u00e8re<\/li> <\/ol>    <h2 class=\"wp-block-heading\" id=\"h-parameters\">Param\u00e8tres de la trancheuse de gingembre TAIZY<\/h2>    <figure class=\"wp-block-table\"><table><tbody><tr><td>Capacit\u00e9 de coupe\u00a0:<\/td><td>150 ~ 250 kg par heure<\/td><\/tr><tr><td>Formulaire coup\u00e9\u00a0:<\/td><td>\u00e0 partir d'un fil soigneusement coup\u00e9, section fine<\/td><\/tr><tr><td>Dimensions:<\/td><td>1 ~ 3 millim\u00e8tres<\/td><\/tr><tr><td>Puissance m\u00e9canique :<\/td><td>1\/2 CV monophas\u00e9 220 v<\/td><\/tr><tr><td>Les sp\u00e9cifications de la machine\u00a0:<\/td><td>longueur 54 cm x 40 cm de largeur x 56 cm de hauteur<\/td><\/tr><tr><td>Le poids de la machine\u00a0:<\/td><td>environ 41 kg<\/td><\/tr><\/tbody><\/table><\/figure>    <h2 class=\"wp-block-heading\" id=\"h-things-need-to-know-before-running-a-ginger-slicing-machine\">Ce qu'il faut savoir avant d'utiliser une machine \u00e0 trancher le gingembre<\/h2>    <ol class=\"wp-block-list\" type=\"1\"> <li>Avant d'utiliser l'\u00e9quipement sur une surface horizontale, assurez-vous que la machine est plac\u00e9e de mani\u00e8re fluide et fiable\u00a0; assurez-vous que la fiche de l'\u00e9quipement est en bon contact, sans filigrane l\u00e2che.<\/li>    <li>Les corps \u00e9trangers destin\u00e9s \u00e0 v\u00e9rifier le cylindre rotatif ou la bande transporteuse, tels que les corps \u00e9trangers, doivent \u00eatre nettoy\u00e9s pour \u00e9viter d'endommager les outils.<\/li>    <li>L'op\u00e9ration, le traitement d'ajustement doit choisir la m\u00e9thode de coupe en fonction des esp\u00e8ces v\u00e9g\u00e9tales, une trancheuse centrifuge de melon et de pomme de terre pour les l\u00e9gumes durs, la partie de la lame verticale peut \u00eatre des l\u00e9gumes \u00e0 feuilles molles ou un bon bloc de traitement de film coup\u00e9 en diff\u00e9rentes tailles, en forme de D, en diamant. en forme, etc. ;<\/li>    <li>Une fois le couteau vertical install\u00e9, ajustez d'abord la rotation excentrique et le cadre du couteau au point mort apr\u00e8s la ligne suivante, puis soulevez le cadre du couteau de 1 \u00e0 2 mm, de sorte que le couteau vertical et la courroie entrent en contact, tirez fermement sur le cadre du couteau. pour fixer l'\u00e9crou du couteau vertical sur le b\u00e2ti du couteau. Si la hauteur de levage de la tourelle est petite, il peut m\u00eame y avoir un hacheur, si la hauteur de levage de la tourelle est trop grande, cela peut couper le mauvais tapis transporteur.\u00a0\u00a0\u00a0\u00a0<\/li> <\/ol>    <figure class=\"wp-block-image size-full\"><img loading=\"lazy\" decoding=\"async\" width=\"720\" height=\"540\" src=\"https:\/\/gingermachines.com\/wp-content\/uploads\/2022\/09\/ginger-slicing-equipment.jpg\" alt=\"\u00e9quipement pour trancher le gingembre\" class=\"wp-image-67\" title=\"\" srcset=\"https:\/\/gingermachines.com\/wp-content\/uploads\/2022\/09\/ginger-slicing-equipment.jpg 720w, https:\/\/gingermachines.com\/wp-content\/uploads\/2022\/09\/ginger-slicing-equipment-300x225.jpg 300w\" sizes=\"auto, (max-width: 720px) 100vw, 720px\" \/><figcaption class=\"wp-element-caption\">\u00c9quipement pour trancher le gingembre<\/figcaption><\/figure>    <h2 class=\"wp-block-heading\" id=\"h-how-to-maintain-the-ginger-slicer-machine\">Comment entretenir la trancheuse \u00e0 gingembre ?<\/h2>    <p>1. Lors du nettoyage d'outils ou d'accessoires entrant en contact avec des aliments, les utilisateurs doivent d'abord les s\u00e9cher avec un chiffon sec.<\/p>    <p>2. L'arbre de l'outil doit \u00eatre lubrifi\u00e9 avec de l'huile alimentaire.<\/p>    <p>3. Lorsque l'outil est rouill\u00e9, il peut \u00eatre retir\u00e9 et poli avec la pierre \u00e0 huile.<\/p>    <p>4. Les utilisateurs doivent veiller \u00e0 faire le plein de la bo\u00eete de vitesses tous les six mois et \u00e0 lubrifier les roulements, les cha\u00eenes, les engrenages et autres pi\u00e8ces de transmission de la machine une fois par trimestre.&nbsp;&nbsp;&nbsp;&nbsp;<\/p>","protected":false},"excerpt":{"rendered":"<p>Ginger slicing machine is used for cutting ginger into slices. It is also known as a ginger slicer, and it is a kind of vegetable cutter machine. The size of the finished product ranges from 1mm ~ to 3mm. And the cutting capacity of the machine is from 150kg\/h to 250kg\/h. The ginger chopping machine [&hellip;]<\/p>\n","protected":false},"author":1,"featured_media":64,"parent":0,"template":"","tags":[8],"product-type":[6],"class_list":["post-35","product","type-product","status-publish","has-post-thumbnail","hentry","tag-ginger-processing-machine","product-type-products"],"_links":{"self":[{"href":"https:\/\/gingermachines.com\/fr\/wp-json\/wp\/v2\/product\/35","targetHints":{"allow":["GET"]}}],"collection":[{"href":"https:\/\/gingermachines.com\/fr\/wp-json\/wp\/v2\/product"}],"about":[{"href":"https:\/\/gingermachines.com\/fr\/wp-json\/wp\/v2\/types\/product"}],"author":[{"embeddable":true,"href":"https:\/\/gingermachines.com\/fr\/wp-json\/wp\/v2\/users\/1"}],"wp:featuredmedia":[{"embeddable":true,"href":"https:\/\/gingermachines.com\/fr\/wp-json\/wp\/v2\/media\/64"}],"wp:attachment":[{"href":"https:\/\/gingermachines.com\/fr\/wp-json\/wp\/v2\/media?parent=35"}],"wp:term":[{"taxonomy":"post_tag","embeddable":true,"href":"https:\/\/gingermachines.com\/fr\/wp-json\/wp\/v2\/tags?post=35"},{"taxonomy":"product-type","embeddable":true,"href":"https:\/\/gingermachines.com\/fr\/wp-json\/wp\/v2\/product-type?post=35"}],"curies":[{"name":"wp","href":"https:\/\/api.w.org\/{rel}","templated":true}]}}