{"id":345,"date":"2026-02-11T15:01:00","date_gmt":"2026-02-11T07:01:00","guid":{"rendered":"https:\/\/gingermachines.com\/?post_type=product&#038;p=345"},"modified":"2026-02-11T17:14:22","modified_gmt":"2026-02-11T09:14:22","slug":"onion-cutting-machine","status":"publish","type":"product","link":"https:\/\/gingermachines.com\/fr\/product\/onion-cutting-machine\/","title":{"rendered":"Machine \u00e0 couper l'oignon"},"content":{"rendered":"<p class=\"translation-block\">La <strong>machine \u00e0 couper l'oignon<\/strong> est un appareil de coupe de l\u00e9gumes multifonctionnel qui peut traiter divers l\u00e9gumes tels que oignons, concombres, pommes de terre, et gingembre. Elle peut r\u00e9aliser divers effets de coupe, y compris la mise en cubes (6, 8, 10, 15, 20, 25, 30mm), la tranche (3, 4, 6, 9mm), et la coupe en morceaux (2, 3, 4, 5, 6, 7, 8mm).<\/p>    <p>La machine \u00e0 couper l'oignon Taizy peut consid\u00e9rablement am\u00e9liorer l'efficacit\u00e9 du traitement des l\u00e9gumes (300-600 kg\/h). Elle peut r\u00e9duire consid\u00e9rablement les co\u00fbts de main-d'\u0153uvre et assurer une taille de coupe uniforme. N'h\u00e9sitez pas \u00e0 nous contacter si vous avez des besoins !<\/p>    <figure class=\"wp-block-embed is-type-video is-provider-youtube wp-block-embed-youtube wp-embed-aspect-16-9 wp-has-aspect-ratio\"><div class=\"wp-block-embed__wrapper\"> <iframe loading=\"lazy\" title=\"Machine \u00e0 couper l&#039;oignon | Machine multifonctionnelle pour couper l&#039;oignon, la pomme de terre, le gingembre\" width=\"500\" height=\"281\" src=\"https:\/\/www.youtube.com\/embed\/JZqYAyCf92k?feature=oembed\" frameborder=\"0\" allow=\"accelerometer; autoplay; clipboard-write; encrypted-media; gyroscope; picture-in-picture; web-share\" referrerpolicy=\"strict-origin-when-cross-origin\" allowfullscreen><\/iframe> <\/div><figcaption class=\"wp-element-caption\">Vid\u00e9o de travail de la machine \u00e0 couper l'oignon<\/figcaption><\/figure>    <h2 class=\"wp-block-heading\"><strong>Caract\u00e9ristiques de la machine \u00e0 couper l'oignon<\/strong><\/h2>    <ul class=\"wp-block-list\"> <li><strong>Utilisation flexible<\/strong>| Diff\u00e9rentes formes et tailles peuvent \u00eatre trait\u00e9es en changeant les lames.<\/li>    <li><strong>Large application<\/strong>| Cette machine \u00e0 couper l'oignon peut \u00eatre utilis\u00e9e pour traiter des oignons, concombres, pommes de terre, gingembre, et autres aliments.<\/li>    <li><strong>Coupe uniforme<\/strong>| Les l\u00e9gumes sont coup\u00e9s \u00e0 une taille uniforme, am\u00e9liorant la qualit\u00e9 du produit.<\/li>    <li><strong>Haute efficacit\u00e9<\/strong>| Notre coupe-l\u00e9gumes multifonction peut atteindre une efficacit\u00e9 de 600 kg\/h.<\/li>    <li><strong>Conformit\u00e9 \u00e0 la s\u00e9curit\u00e9 alimentaire<\/strong>| Cette machine \u00e0 couper l'oignon est en acier inoxydable, ce qui la rend s\u00fbre, hygi\u00e9nique, et facile \u00e0 nettoyer.<\/li> <\/ul>   <div class=\"wp-block-image\"> <figure class=\"aligncenter size-full\"><img loading=\"lazy\" decoding=\"async\" width=\"720\" height=\"540\" src=\"https:\/\/gingermachines.com\/wp-content\/uploads\/2026\/02\/green-onion-cutter.webp\" alt=\"Coupe-oignon vert\" class=\"wp-image-346\" title=\"\" srcset=\"https:\/\/gingermachines.com\/wp-content\/uploads\/2026\/02\/green-onion-cutter.webp 720w, https:\/\/gingermachines.com\/wp-content\/uploads\/2026\/02\/green-onion-cutter-300x225.webp 300w, https:\/\/gingermachines.com\/wp-content\/uploads\/2026\/02\/green-onion-cutter-16x12.webp 16w\" sizes=\"auto, (max-width: 720px) 100vw, 720px\" \/><figcaption class=\"wp-element-caption\">Coupe-oignon vert<\/figcaption><\/figure> <\/div>   <h2 class=\"wp-block-heading\"><strong>Quelles sont les applications de la coupe d'oignons ?<\/strong><\/h2>    <p class=\"translation-block\"><strong>Mat\u00e9riaux bruts traitables<\/strong><\/p>    <p>Notre machine \u00e0 couper l'oignon peut \u00eatre utilis\u00e9e non seulement pour traiter des oignons, mais aussi pour traiter des aubergines, concombres, courgettes, pommes de terre, patates douces, gingembre, carottes, et radis \u00e9pic\u00e9s.<\/p>   <div class=\"wp-block-image\"> <figure class=\"aligncenter size-full\"><img loading=\"lazy\" decoding=\"async\" width=\"720\" height=\"540\" src=\"https:\/\/gingermachines.com\/wp-content\/uploads\/2026\/02\/application-of-onion-cutting-equipment.webp\" alt=\"Application de l&#039;\u00e9quipement de coupe d&#039;oignons\" class=\"wp-image-347\" title=\"\" srcset=\"https:\/\/gingermachines.com\/wp-content\/uploads\/2026\/02\/application-of-onion-cutting-equipment.webp 720w, https:\/\/gingermachines.com\/wp-content\/uploads\/2026\/02\/application-of-onion-cutting-equipment-300x225.webp 300w, https:\/\/gingermachines.com\/wp-content\/uploads\/2026\/02\/application-of-onion-cutting-equipment-16x12.webp 16w\" sizes=\"auto, (max-width: 720px) 100vw, 720px\" \/><figcaption class=\"wp-element-caption\">Application de l'\u00e9quipement de coupe d'oignons<\/figcaption><\/figure> <\/div>   <p class=\"translation-block\"><strong>Produit fini<\/strong><\/p>    <p>Le coupe-oignon multifonctionnel Taizy peut traiter les oignons, pommes de terre, et gingembre en bandes, tranches, et cubes de diff\u00e9rentes tailles. En changeant simplement les lames, la forme du produit fini sera modifi\u00e9e.<\/p>    <figure class=\"wp-block-gallery has-nested-images columns-default is-cropped wp-block-gallery-2 is-layout-flex wp-block-gallery-is-layout-flex\"> <figure class=\"wp-block-image size-large\"><img loading=\"lazy\" decoding=\"async\" width=\"720\" height=\"540\" data-id=\"349\" src=\"https:\/\/gingermachines.com\/wp-content\/uploads\/2026\/02\/onion-strips-slicing-by-onion-cutter.webp\" alt=\"La machine \u00e0 couper l&#039;oignon peut traiter les oignons, pommes de terre, concombres, et gingembre en cubes, bandes, et tranches avec une vitesse de traitement de 300-600 kg\/h.\" class=\"wp-image-349\" title=\"\" srcset=\"https:\/\/gingermachines.com\/wp-content\/uploads\/2026\/02\/onion-strips-slicing-by-onion-cutter.webp 720w, https:\/\/gingermachines.com\/wp-content\/uploads\/2026\/02\/onion-strips-slicing-by-onion-cutter-300x225.webp 300w, https:\/\/gingermachines.com\/wp-content\/uploads\/2026\/02\/onion-strips-slicing-by-onion-cutter-16x12.webp 16w\" sizes=\"auto, (max-width: 720px) 100vw, 720px\" \/><figcaption class=\"wp-element-caption\">Tranchage de bandes d'oignons par le coupe-oignon<\/figcaption><\/figure>    <figure class=\"wp-block-image size-large\"><img loading=\"lazy\" decoding=\"async\" width=\"720\" height=\"540\" data-id=\"350\" src=\"https:\/\/gingermachines.com\/wp-content\/uploads\/2026\/02\/onion-cubes-diced-by-an-onion-dicing-machine.webp\" alt=\"Cubes d&#039;oignons coup\u00e9s par une machine \u00e0 couper en d\u00e9s d&#039;oignons\" class=\"wp-image-350\" title=\"\" srcset=\"https:\/\/gingermachines.com\/wp-content\/uploads\/2026\/02\/onion-cubes-diced-by-an-onion-dicing-machine.webp 720w, https:\/\/gingermachines.com\/wp-content\/uploads\/2026\/02\/onion-cubes-diced-by-an-onion-dicing-machine-300x225.webp 300w, https:\/\/gingermachines.com\/wp-content\/uploads\/2026\/02\/onion-cubes-diced-by-an-onion-dicing-machine-16x12.webp 16w\" sizes=\"auto, (max-width: 720px) 100vw, 720px\" \/><figcaption class=\"wp-element-caption\">Cubes d'oignons coup\u00e9s par une machine \u00e0 couper l'oignon<\/figcaption><\/figure>    <figure class=\"wp-block-image size-large\"><img loading=\"lazy\" decoding=\"async\" width=\"720\" height=\"540\" data-id=\"348\" src=\"https:\/\/gingermachines.com\/wp-content\/uploads\/2026\/02\/multifunctional-onion-cutter-for-potato-chip-processing.webp\" alt=\"Machine d&#039;emballage de poudre d&#039;oignon\" class=\"wp-image-348\" title=\"\" srcset=\"https:\/\/gingermachines.com\/wp-content\/uploads\/2026\/02\/multifunctional-onion-cutter-for-potato-chip-processing.webp 720w, https:\/\/gingermachines.com\/wp-content\/uploads\/2026\/02\/multifunctional-onion-cutter-for-potato-chip-processing-300x225.webp 300w, https:\/\/gingermachines.com\/wp-content\/uploads\/2026\/02\/multifunctional-onion-cutter-for-potato-chip-processing-16x12.webp 16w\" sizes=\"auto, (max-width: 720px) 100vw, 720px\" \/><figcaption class=\"wp-element-caption\">Coupe-oignon multifonctionnel pour chips de pommes de terre<\/figcaption><\/figure> <\/figure>    <figure class=\"wp-block-gallery has-nested-images columns-default is-cropped wp-block-gallery-3 is-layout-flex wp-block-gallery-is-layout-flex\"> <figure class=\"wp-block-image size-large\"><img loading=\"lazy\" decoding=\"async\" width=\"720\" height=\"540\" data-id=\"351\" src=\"https:\/\/gingermachines.com\/wp-content\/uploads\/2026\/02\/blade-for-cutting-vegetables-into-strips.webp\" alt=\"blade for cutting vegetables into strips\" class=\"wp-image-351\" title=\"\" srcset=\"https:\/\/gingermachines.com\/wp-content\/uploads\/2026\/02\/blade-for-cutting-vegetables-into-strips.webp 720w, https:\/\/gingermachines.com\/wp-content\/uploads\/2026\/02\/blade-for-cutting-vegetables-into-strips-300x225.webp 300w, https:\/\/gingermachines.com\/wp-content\/uploads\/2026\/02\/blade-for-cutting-vegetables-into-strips-16x12.webp 16w\" sizes=\"auto, (max-width: 720px) 100vw, 720px\" \/><figcaption class=\"wp-element-caption\">Lame pour couper les l\u00e9gumes en bandes<\/figcaption><\/figure>    <figure class=\"wp-block-image size-large\"><img loading=\"lazy\" decoding=\"async\" width=\"720\" height=\"540\" data-id=\"353\" src=\"https:\/\/gingermachines.com\/wp-content\/uploads\/2026\/02\/onion-dicing-blade.webp\" alt=\"onion dicing blade\" class=\"wp-image-353\" title=\"\" srcset=\"https:\/\/gingermachines.com\/wp-content\/uploads\/2026\/02\/onion-dicing-blade.webp 720w, https:\/\/gingermachines.com\/wp-content\/uploads\/2026\/02\/onion-dicing-blade-300x225.webp 300w, https:\/\/gingermachines.com\/wp-content\/uploads\/2026\/02\/onion-dicing-blade-16x12.webp 16w\" sizes=\"auto, (max-width: 720px) 100vw, 720px\" \/><figcaption class=\"wp-element-caption\">Lame pour couper en cubes d'oignon<\/figcaption><\/figure>    <figure class=\"wp-block-image size-large\"><img loading=\"lazy\" decoding=\"async\" width=\"720\" height=\"540\" data-id=\"352\" src=\"https:\/\/gingermachines.com\/wp-content\/uploads\/2026\/02\/blade-for-slicing-vegetables.webp\" alt=\"blade for slicing vegetables\" class=\"wp-image-352\" title=\"\" srcset=\"https:\/\/gingermachines.com\/wp-content\/uploads\/2026\/02\/blade-for-slicing-vegetables.webp 720w, https:\/\/gingermachines.com\/wp-content\/uploads\/2026\/02\/blade-for-slicing-vegetables-300x225.webp 300w, https:\/\/gingermachines.com\/wp-content\/uploads\/2026\/02\/blade-for-slicing-vegetables-16x12.webp 16w\" sizes=\"auto, (max-width: 720px) 100vw, 720px\" \/><figcaption class=\"wp-element-caption\">Lame pour trancher les l\u00e9gumes<\/figcaption><\/figure> <\/figure>    <p class=\"translation-block\"><strong>Sc\u00e9narios d'application<\/strong><\/p>    <p>Notre coupe-oignon multifonctionnel est largement utilis\u00e9 dans :<\/p>    <ul class=\"wp-block-list\"> <li>Cuisines de restaurants en cha\u00eene<\/li>    <li>Cuisines centrales<\/li>    <li>Installations de pr\u00e9-traitement des l\u00e9gumes<\/li>    <li>Usines de traitement de l\u00e9gumes surgel\u00e9s<\/li>    <li>Cantines scolaires et d'entreprise<\/li>    <li>Centres de distribution de l\u00e9gumes<\/li>    <li>Entreprises de transformation de snacks<\/li> <\/ul>    <p>Whether it&#8217;s a small kitchen or a large food processing plant, you can choose the appropriate model according to your production needs.<\/p>    <h2 class=\"wp-block-heading\"><strong>Param\u00e8tres de la machine \u00e0 couper l'oignon<\/strong><\/h2>    <figure class=\"wp-block-table\"><table class=\"has-fixed-layout\"><tbody><tr><td>Mod\u00e8le<\/td><td>TZ-600<\/td><\/tr><tr><td>Capacit\u00e9<\/td><td>300-600 kg\/h<\/td><\/tr><tr><td>Tension<\/td><td>220V\/50Hz<\/td><\/tr><tr><td>Pouvoir<\/td><td>0,75 kw<\/td><\/tr><tr><td>Mat\u00e9riau de la machine<\/td><td>Acier inoxydable 304<\/td><\/tr><\/tbody><\/table><figcaption class=\"wp-element-caption\">Sp\u00e9cifications de la machine \u00e0 couper l'oignon<\/figcaption><\/figure>    <h2 class=\"wp-block-heading\"><strong>Prix de la machine \u00e0 couper l'oignon<\/strong><\/h2>    <p>Le prix d'une machine \u00e0 couper l'oignon n'est pas fixe et d\u00e9pend de plusieurs facteurs :<\/p>    <ul class=\"wp-block-list\"> <li>Le type et la quantit\u00e9 de lames influencent le prix.<\/li>    <li>Les mat\u00e9riaux utilis\u00e9s dans la machine influencent le co\u00fbt.<\/li>    <li>La tension personnalis\u00e9e ou les configurations sp\u00e9ciales influencent le prix.<\/li>    <li>Les exigences de transport et de service apr\u00e8s-vente influencent \u00e9galement le prix total.<\/li> <\/ul>    <p>Diff\u00e9rents clients ont des \u00e9chelles et besoins de production diff\u00e9rents, les prix de l'\u00e9quipement varieront. Les clients doivent choisir un coupe-oignon adapt\u00e9 \u00e0 leurs propres besoins de production.<\/p>    <figure class=\"wp-block-gallery has-nested-images columns-default is-cropped wp-block-gallery-4 is-layout-flex wp-block-gallery-is-layout-flex\"> <figure class=\"wp-block-image size-large\"><img loading=\"lazy\" decoding=\"async\" width=\"540\" height=\"720\" data-id=\"354\" src=\"https:\/\/gingermachines.com\/wp-content\/uploads\/2026\/02\/onion-cutting-equipment.webp\" alt=\"onion cutting equipment\" class=\"wp-image-354\" title=\"\" srcset=\"https:\/\/gingermachines.com\/wp-content\/uploads\/2026\/02\/onion-cutting-equipment.webp 540w, https:\/\/gingermachines.com\/wp-content\/uploads\/2026\/02\/onion-cutting-equipment-225x300.webp 225w, https:\/\/gingermachines.com\/wp-content\/uploads\/2026\/02\/onion-cutting-equipment-9x12.webp 9w\" sizes=\"auto, (max-width: 540px) 100vw, 540px\" \/><figcaption class=\"wp-element-caption\">\u00c9quipement de coupe d'oignons<\/figcaption><\/figure>    <figure class=\"wp-block-image size-large\"><img loading=\"lazy\" decoding=\"async\" width=\"540\" height=\"720\" data-id=\"355\" src=\"https:\/\/gingermachines.com\/wp-content\/uploads\/2026\/02\/onion-cutting-machine.webp\" alt=\"Machine \u00e0 moudre l&#039;oignon\" class=\"wp-image-355\" title=\"\" srcset=\"https:\/\/gingermachines.com\/wp-content\/uploads\/2026\/02\/onion-cutting-machine.webp 540w, https:\/\/gingermachines.com\/wp-content\/uploads\/2026\/02\/onion-cutting-machine-225x300.webp 225w, https:\/\/gingermachines.com\/wp-content\/uploads\/2026\/02\/onion-cutting-machine-9x12.webp 9w\" sizes=\"auto, (max-width: 540px) 100vw, 540px\" \/><figcaption class=\"wp-element-caption\">Machine de coupe d'oignons<\/figcaption><\/figure>    <figure class=\"wp-block-image size-large\"><img loading=\"lazy\" decoding=\"async\" width=\"540\" height=\"720\" data-id=\"356\" src=\"https:\/\/gingermachines.com\/wp-content\/uploads\/2026\/02\/machine-for-cutting-onion.webp\" alt=\"machine for cutting onion\" class=\"wp-image-356\" title=\"\" srcset=\"https:\/\/gingermachines.com\/wp-content\/uploads\/2026\/02\/machine-for-cutting-onion.webp 540w, https:\/\/gingermachines.com\/wp-content\/uploads\/2026\/02\/machine-for-cutting-onion-225x300.webp 225w, https:\/\/gingermachines.com\/wp-content\/uploads\/2026\/02\/machine-for-cutting-onion-9x12.webp 9w\" sizes=\"auto, (max-width: 540px) 100vw, 540px\" \/><figcaption class=\"wp-element-caption\">Machine de coupe d'oignons<\/figcaption><\/figure> <\/figure>    <h2 class=\"wp-block-heading\"><strong>FAQ de la machine \u00e0 couper l'oignon<\/strong><\/h2>   <div id=\"rank-math-faq\" class=\"rank-math-block\"> <div class=\"rank-math-list\"> <div id=\"faq-question-1770777506447\" class=\"rank-math-list-item\"> <h3 class=\"rank-math-question\">Cette machine est-elle uniquement adapt\u00e9e \u00e0 la coupe d'oignons ?<\/h3> <div class=\"rank-math-answer\">  <p>Ce coupe-oignon convient \u00e0 une vari\u00e9t\u00e9 de l\u00e9gumes, tels que pommes de terre, concombres, gingembre, carottes, et patates douces, en faisant une machine polyvalente.<\/p>  <\/div> <\/div> <div id=\"faq-question-1770777551054\" class=\"rank-math-list-item\"> <h3 class=\"rank-math-question\">En quelles formes peut-on le couper ?<\/h3> <div class=\"rank-math-answer\">  <p>Tranches (plates et ondul\u00e9es), coupe en bandes, en cubes.<\/p>  <\/div> <\/div> <div id=\"faq-question-1770777596943\" class=\"rank-math-list-item\"> <h3 class=\"rank-math-question\">Les dimensions de coupe peuvent-elles \u00eatre ajust\u00e9es ?<\/h3> <div class=\"rank-math-answer\">  <p>Oui. La taille de coupe peut \u00eatre ajust\u00e9e en changeant de lame.<\/p>  <\/div> <\/div> <div id=\"faq-question-1770777656678\" class=\"rank-math-list-item\"> <h3 class=\"rank-math-question\">What is the machine&#8217;s output?<\/h3> <div class=\"rank-math-answer\">  <p>300-600 kg\/h.<\/p>  <\/div> <\/div> <div id=\"faq-question-1770777679479\" class=\"rank-math-list-item\"> <h3 class=\"rank-math-question\">La machine r\u00e9pond-elle aux normes de s\u00e9curit\u00e9 alimentaire ?<\/h3> <div class=\"rank-math-answer\">  <p>R\u00e9pond aux normes de s\u00e9curit\u00e9 alimentaire. Notre machine \u00e0 couper l'oignon est en acier inoxydable 304.<\/p>  <\/div> <\/div> <div id=\"faq-question-1770777760718\" class=\"rank-math-list-item\"> <h3 class=\"rank-math-question\">Supporte-t-elle la tension personnalis\u00e9e ?<\/h3> <div class=\"rank-math-answer\">  <p>Support\u00e9. Des tensions personnalis\u00e9es sont disponibles pour diff\u00e9rents pays et r\u00e9gions.<\/p>  <\/div> <\/div> <\/div> <\/div>   <h2 class=\"wp-block-heading\"><strong>Ligne de production associ\u00e9e \u00e0 la coupe d'oignons<\/strong><\/h2>    <p>En plus de vendre la machine \u00e0 couper l'oignon, nous pouvons \u00e9galement fournir aux clients une ligne compl\u00e8te de production de poudre d'oignon. La ligne de traitement de l'oignon comprend :<\/p>    <ul class=\"wp-block-list\"> <li><a href=\"https:\/\/gingermachines.com\/fr\/product\/automatic-onion-peeling-machine\/\">Machine d'\u00e9pluchage d'oignons<\/a>| Enlever la peau ext\u00e9rieure, r\u00e9duisant le traitement manuel.<\/li>    <li><a href=\"https:\/\/gingermachines.com\/fr\/product\/onion-root-cutting-machine\/\">Machine de coupe de racines d'oignon<\/a>| Tranchez les oignons pour faciliter le s\u00e9chage.<\/li>    <li>Machine de s\u00e9chage d'oignons : d\u00e9shydrate et s\u00e8che les tranches d'oignons.<\/li>    <li>Machine \u00e0 moudre l'oignon : transforme les oignons s\u00e9ch\u00e9s en poudre fine.<\/li>    <li>Machine d'emballage de poudre d'oignon : p\u00e8se et emballe automatiquement le produit fini.<\/li> <\/ul>    <p>Toute cette ligne de production de poudre d'oignon est tr\u00e8s automatis\u00e9e avec un processus simple et clair, adapt\u00e9e aux usines de condiments, aux usines de transformation alimentaire, et aux entreprises de traitement de produits agricoles.<\/p>    <figure class=\"wp-block-gallery has-nested-images columns-default is-cropped wp-block-gallery-5 is-layout-flex wp-block-gallery-is-layout-flex\"> <figure class=\"wp-block-image size-large\"><img loading=\"lazy\" decoding=\"async\" width=\"720\" height=\"540\" data-id=\"297\" src=\"https:\/\/gingermachines.com\/wp-content\/uploads\/2025\/12\/onion-root-cutting-equipment.webp\" alt=\"\u00e9quipement de coupe de racines d&#039;oignon\" class=\"wp-image-297\" title=\"\" srcset=\"https:\/\/gingermachines.com\/wp-content\/uploads\/2025\/12\/onion-root-cutting-equipment.webp 720w, https:\/\/gingermachines.com\/wp-content\/uploads\/2025\/12\/onion-root-cutting-equipment-300x225.webp 300w, https:\/\/gingermachines.com\/wp-content\/uploads\/2025\/12\/onion-root-cutting-equipment-16x12.webp 16w\" sizes=\"auto, (max-width: 720px) 100vw, 720px\" \/><figcaption class=\"wp-element-caption\">\u00c9quipement de coupe de racines d'oignons<\/figcaption><\/figure>    <figure class=\"wp-block-image size-large\"><img loading=\"lazy\" decoding=\"async\" width=\"720\" height=\"540\" data-id=\"291\" src=\"https:\/\/gingermachines.com\/wp-content\/uploads\/2025\/12\/onion-peeling-machine.webp\" alt=\"Machine \u00e0 \u00e9plucher la peau d&#039;oignon\" class=\"wp-image-291\" title=\"\" srcset=\"https:\/\/gingermachines.com\/wp-content\/uploads\/2025\/12\/onion-peeling-machine.webp 720w, https:\/\/gingermachines.com\/wp-content\/uploads\/2025\/12\/onion-peeling-machine-300x225.webp 300w, https:\/\/gingermachines.com\/wp-content\/uploads\/2025\/12\/onion-peeling-machine-16x12.webp 16w\" sizes=\"auto, (max-width: 720px) 100vw, 720px\" \/><figcaption class=\"wp-element-caption\">Machine \u00e0 \u00e9plucher la peau d'oignon<\/figcaption><\/figure>    <figure class=\"wp-block-image size-large\"><img loading=\"lazy\" decoding=\"async\" width=\"720\" height=\"540\" data-id=\"361\" src=\"https:\/\/gingermachines.com\/wp-content\/uploads\/2026\/02\/multifunctional-onion-cutter.webp\" alt=\"coupe-oignons multifonction\" class=\"wp-image-361\" title=\"\" srcset=\"https:\/\/gingermachines.com\/wp-content\/uploads\/2026\/02\/multifunctional-onion-cutter.webp 720w, https:\/\/gingermachines.com\/wp-content\/uploads\/2026\/02\/multifunctional-onion-cutter-300x225.webp 300w, https:\/\/gingermachines.com\/wp-content\/uploads\/2026\/02\/multifunctional-onion-cutter-16x12.webp 16w\" sizes=\"auto, (max-width: 720px) 100vw, 720px\" \/><figcaption class=\"wp-element-caption\">Coupe-oignon multifonctionnel<\/figcaption><\/figure> <\/figure>    <figure class=\"wp-block-gallery has-nested-images columns-default is-cropped wp-block-gallery-6 is-layout-flex wp-block-gallery-is-layout-flex\"> <figure class=\"wp-block-image size-large\"><img loading=\"lazy\" decoding=\"async\" width=\"720\" height=\"540\" data-id=\"358\" src=\"https:\/\/gingermachines.com\/wp-content\/uploads\/2026\/02\/onion-drying-machine.webp\" alt=\"Machine de s\u00e9chage d&#039;oignons \u00e0 chauffage \u00e9lectrique pour l&#039;usine de transformation alimentaire\" class=\"wp-image-358\" title=\"\" srcset=\"https:\/\/gingermachines.com\/wp-content\/uploads\/2026\/02\/onion-drying-machine.webp 720w, https:\/\/gingermachines.com\/wp-content\/uploads\/2026\/02\/onion-drying-machine-300x225.webp 300w, https:\/\/gingermachines.com\/wp-content\/uploads\/2026\/02\/onion-drying-machine-16x12.webp 16w\" sizes=\"auto, (max-width: 720px) 100vw, 720px\" \/><figcaption class=\"wp-element-caption\">Machine de s\u00e9chage d'oignons<\/figcaption><\/figure>    <figure class=\"wp-block-image size-large\"><img loading=\"lazy\" decoding=\"async\" width=\"720\" height=\"540\" data-id=\"359\" src=\"https:\/\/gingermachines.com\/wp-content\/uploads\/2026\/02\/onion-grinding-machine.webp\" alt=\"onion grinding machine\" class=\"wp-image-359\" title=\"\" srcset=\"https:\/\/gingermachines.com\/wp-content\/uploads\/2026\/02\/onion-grinding-machine.webp 720w, https:\/\/gingermachines.com\/wp-content\/uploads\/2026\/02\/onion-grinding-machine-300x225.webp 300w, https:\/\/gingermachines.com\/wp-content\/uploads\/2026\/02\/onion-grinding-machine-16x12.webp 16w\" sizes=\"auto, (max-width: 720px) 100vw, 720px\" \/><figcaption class=\"wp-element-caption\">Machine \u00e0 moudre l'oignon<\/figcaption><\/figure>    <figure class=\"wp-block-image size-large\"><img loading=\"lazy\" decoding=\"async\" width=\"720\" height=\"540\" data-id=\"360\" src=\"https:\/\/gingermachines.com\/wp-content\/uploads\/2026\/02\/onion-powder-packing-machine.webp\" alt=\"onion powder packing machine\" class=\"wp-image-360\" title=\"\" srcset=\"https:\/\/gingermachines.com\/wp-content\/uploads\/2026\/02\/onion-powder-packing-machine.webp 720w, https:\/\/gingermachines.com\/wp-content\/uploads\/2026\/02\/onion-powder-packing-machine-300x225.webp 300w, https:\/\/gingermachines.com\/wp-content\/uploads\/2026\/02\/onion-powder-packing-machine-16x12.webp 16w\" sizes=\"auto, (max-width: 720px) 100vw, 720px\" \/><figcaption class=\"wp-element-caption\">Machine d'emballage de poudre d'oignon<\/figcaption><\/figure> <\/figure>    <h2 class=\"wp-block-heading\"><strong>Contactez-nous pour plus d'informations !<\/strong><\/h2>    <p>Si vous recherchez une machine \u00e0 couper l'oignon ou d'autres \u00e9quipements de traitement d'oignons, n'h\u00e9sitez pas \u00e0 nous contacter. Choisir Taizy, c'est recevoir :<\/p>    <ul class=\"wp-block-list\"> <li>Conseils pour le choix de l'\u00e9quipement<\/li>    <li>Solutions de production personnalis\u00e9es<\/li>    <li>Conseils techniques et op\u00e9rationnels<\/li>    <li>Service apr\u00e8s-vente \u00e0 long terme<\/li> <\/ul>    <p>Don&#8217;t hesitate, contact us now to help upgrade your production!<\/p>","protected":false},"excerpt":{"rendered":"<p>This article mainly introduces the onion cutting machine. The onion cutter is multifunctional and efficient, with a production capacity of 200-1000 kg\/h. It can be used for onions, potatoes, cucumbers, and ginger, and supports dicing, slicing, and wavy cutting.<\/p>","protected":false},"author":1,"featured_media":357,"parent":0,"template":"","tags":[9],"product-type":[6],"class_list":["post-345","product","type-product","status-publish","has-post-thumbnail","hentry","tag-onion","product-type-products"],"_links":{"self":[{"href":"https:\/\/gingermachines.com\/fr\/wp-json\/wp\/v2\/product\/345","targetHints":{"allow":["GET"]}}],"collection":[{"href":"https:\/\/gingermachines.com\/fr\/wp-json\/wp\/v2\/product"}],"about":[{"href":"https:\/\/gingermachines.com\/fr\/wp-json\/wp\/v2\/types\/product"}],"author":[{"embeddable":true,"href":"https:\/\/gingermachines.com\/fr\/wp-json\/wp\/v2\/users\/1"}],"wp:featuredmedia":[{"embeddable":true,"href":"https:\/\/gingermachines.com\/fr\/wp-json\/wp\/v2\/media\/357"}],"wp:attachment":[{"href":"https:\/\/gingermachines.com\/fr\/wp-json\/wp\/v2\/media?parent=345"}],"wp:term":[{"taxonomy":"post_tag","embeddable":true,"href":"https:\/\/gingermachines.com\/fr\/wp-json\/wp\/v2\/tags?post=345"},{"taxonomy":"product-type","embeddable":true,"href":"https:\/\/gingermachines.com\/fr\/wp-json\/wp\/v2\/product-type?post=345"}],"curies":[{"name":"wp","href":"https:\/\/api.w.org\/{rel}","templated":true}]}}