{"id":33,"date":"2022-09-07T01:52:50","date_gmt":"2022-09-06T17:52:50","guid":{"rendered":"https:\/\/gingermachines.com\/?post_type=product&#038;p=33"},"modified":"2023-03-07T15:57:20","modified_gmt":"2023-03-07T07:57:20","slug":"ginger-washing-machine","status":"publish","type":"product","link":"https:\/\/gingermachines.com\/fr\/product\/ginger-washing-machine\/","title":{"rendered":"Machine \u00e0 laver au gingembre"},"content":{"rendered":"<p class=\"translation-block\">La <strong>machine \u00e0 laver le gingembre<\/strong> est une machine de nettoyage de type brosse. Cette machine pr\u00e9sente les caract\u00e9ristiques de super efficacit\u00e9, de haute automatisation et d'\u00e9conomie d'\u00e9nergie. Elle est extr\u00eamement id\u00e9ale pour laver et nettoyer le gingembre, les pommes de terre, les patates douces, les carottes, les ignames, le panais, les betteraves, les rutabagas, le raifort, le taro, les pommes, la racine de lotus, etc. Et largement utilis\u00e9e dans les usines de transformation de l\u00e9gumes, les usines de transformation de fruits, les restaurants, les \u00e9coles, les h\u00f4tels, etc. La machine \u00e0 laver le gingembre a les fonctions de lavage, nettoyage et pelage enti\u00e8rement automatiques. Sa capacit\u00e9 varie de 700 kg\/h \u00e0 3000 kg\/h. <\/p>    <p>Toutes les machines adoptent un mat\u00e9riau en acier inoxydable, de qualit\u00e9 alimentaire et durable. Vous recherchez une machine \u00e0 laver le gingembre de qualit\u00e9 ? Contactez-nous pour d\u00e9marrer votre entreprise de gingembre.<\/p>    <figure class=\"wp-block-image size-full\"><img loading=\"lazy\" decoding=\"async\" width=\"720\" height=\"540\" src=\"https:\/\/gingermachines.com\/wp-content\/uploads\/2022\/09\/brush-type-vegetable-washing-machine.jpg\" alt=\"machine \u00e0 laver les l\u00e9gumes \u00e0 brosse\" class=\"wp-image-72\" title=\"\" srcset=\"https:\/\/gingermachines.com\/wp-content\/uploads\/2022\/09\/brush-type-vegetable-washing-machine.jpg 720w, https:\/\/gingermachines.com\/wp-content\/uploads\/2022\/09\/brush-type-vegetable-washing-machine-300x225.jpg 300w\" sizes=\"auto, (max-width: 720px) 100vw, 720px\" \/><figcaption class=\"wp-element-caption\">Machine \u00e0 laver les l\u00e9gumes \u00e0 brosse<\/figcaption><\/figure>    <h2 class=\"wp-block-heading\" id=\"h-features\">Caract\u00e9ristiques de la machine \u00e0 laver au gingembre <\/h2>    <ol class=\"wp-block-list\" type=\"1\"> <li>Applications larges. La machine de nettoyage du gingembre est largement utilis\u00e9e pour traiter divers l\u00e9gumes-racines, tels que le gingembre, la pomme de terre, l'igname, la carotte, le radis blanc, le kudzu, etc.<\/li>    <li>Toutes les machines utilisent une structure de corps en acier inoxydable, un mat\u00e9riau alimentaire.<\/li>    <li>L'eau pulv\u00e9ris\u00e9e est en forme d'\u00e9ventail, sur une grande surface et \u00e0 haute pression, ce qui est efficace et rapide.<\/li>    <li>Brosse en nylon. Le mat\u00e9riau de la brosse est trait\u00e9 avec un processus sp\u00e9cial qui pr\u00e9sente une bonne r\u00e9sistance \u00e0 l'usure.<\/li>    <li>Partie entra\u00een\u00e9e int\u00e9rieure. Engrenage, moteur et cha\u00eene pour entra\u00eener la machine, la machine \u00e0 laver le gingembre a une structure compacte et une conception raisonnable.<\/li>    <li>Bac de r\u00e9cup\u00e9ration d'eau et de r\u00e9sidus. Il peut collecter les eaux us\u00e9es et les r\u00e9sidus provenant d\u2019une seule sortie, puis emp\u00eacher l\u2019\u00e9coulement partout sur le sol.<\/li>    <li>Le service OEM\/ODM est disponible. Nous fournissons un service de personnalisation solide pour r\u00e9pondre \u00e0 toutes vos exigences particuli\u00e8res.<\/li> <\/ol>    <figure class=\"wp-block-image size-full\"><img loading=\"lazy\" decoding=\"async\" width=\"720\" height=\"540\" src=\"https:\/\/gingermachines.com\/wp-content\/uploads\/2022\/09\/ginger-washer-machine-structure.jpg\" alt=\"structure de la machine \u00e0 laver le gingembre\" class=\"wp-image-74\" title=\"\" srcset=\"https:\/\/gingermachines.com\/wp-content\/uploads\/2022\/09\/ginger-washer-machine-structure.jpg 720w, https:\/\/gingermachines.com\/wp-content\/uploads\/2022\/09\/ginger-washer-machine-structure-300x225.jpg 300w\" sizes=\"auto, (max-width: 720px) 100vw, 720px\" \/><figcaption class=\"wp-element-caption\">Structure de la machine \u00e0 laver le gingembre<\/figcaption><\/figure>    <h2 class=\"wp-block-heading\" id=\"h-parameters\">Param\u00e8tres de la machine \u00e0 laver de nettoyage au gingembre TAIZY<\/h2>    <figure class=\"wp-block-table\"><table><tbody><tr><td>Mod\u00e8le<\/td><td>Taille (mm)<\/td><td>Poids (kg)<\/td><td>Puissance (kW)<\/td><td>Capacit\u00e9 (kg\/h)<\/td><\/tr><tr><td>CY800<\/td><td>1580*850*800<\/td><td>180<\/td><td>1.1<\/td><td>700kg\/h<\/td><\/tr><tr><td>CY1000<\/td><td>1780*850*800<\/td><td>220<\/td><td>1.5<\/td><td>1000kg\/heure<\/td><\/tr><tr><td>CY1200<\/td><td>1980*850*800<\/td><td>240<\/td><td>1.5<\/td><td>1200kg\/heure<\/td><\/tr><tr><td>CY1500<\/td><td>2280*850*800<\/td><td>260<\/td><td>2.2<\/td><td>1500kg\/heure<\/td><\/tr><tr><td>CY1800<\/td><td>2580*850*800<\/td><td>280<\/td><td>2.2<\/td><td>1800kg\/heure<\/td><\/tr><tr><td>CY2000<\/td><td>2780*850*800<\/td><td>320<\/td><td>3<\/td><td>2000kg\/heure<\/td><\/tr><tr><td>CY2600<\/td><td>3400*850*800<\/td><td>600<\/td><td>4<\/td><td>3000kg\/heure<\/td><\/tr><\/tbody><\/table><\/figure>    <h2 class=\"wp-block-heading\" id=\"h-working-principle-of-the-ginger-washing-machine\">Principe de fonctionnement de la machine \u00e0 laver au gingembre<\/h2>    <p>La machine de nettoyage de rondelles de gingembre\u00a0adopte le principe de friction des brosses et est largement utilis\u00e9e pour nettoyer et \u00e9plucher les fruits et l\u00e9gumes ronds et ovales. Comme le gingembre, la carotte, la patate douce et la pomme de terre. La machine peut \u00eatre lav\u00e9e ou pel\u00e9e en changeant les rouleaux-brosses. Selon les caract\u00e9ristiques des produits, la machine \u00e0 laver les brosses peut \u00eatre \u00e9quip\u00e9e de brosses dures ou souples pour \u00e9viter d'endommager les produits. Lors du roulement de la brosse, l'effet nettoyant et d\u00e9capant est obtenu gr\u00e2ce \u00e0 la friction entre la brosse et le produit. <\/p>    <p>Cette machine peut nettoyer seule ou travailler au nettoyage et au pelage en m\u00eame temps. L'\u00e9quipement a une belle apparence, une utilisation facile, un grand volume de nettoyage et de pelage, un rendement \u00e9lev\u00e9, une faible consommation d'\u00e9nergie et peut fonctionner en continu. Le mat\u00e9riau du rouleau de brosse apr\u00e8s un traitement sp\u00e9cial est durable et l'\u00e9quipement est en acier inoxydable de haute qualit\u00e9.<\/p>    <h2 class=\"wp-block-heading\" id=\"h-structure-details-of-the-ginger-processing-cleaning-machine\">D\u00e9tails de structure de la machine de nettoyage de traitement du gingembre<\/h2>    <ol class=\"wp-block-list\" type=\"1\"> <li>Corps de machine. Cette machine adopte un mat\u00e9riau en acier inoxydable, qui a une longue dur\u00e9e de vie et est tr\u00e8s facile \u00e0 nettoyer.<\/li>    <li>Rouleau de brosse. Le rouleau \u00e0 brosse est enroul\u00e9 \u00e0 partir d'une corde en nylon, il est tr\u00e8s robuste et solide.<\/li>    <li>Buse de douche. La machine utilise un syst\u00e8me de nettoyage par pulv\u00e9risation automatique, elle peut connecter la conduite d'eau et r\u00e9aliser un nettoyage en profondeur.<\/li>    <li>Sortie. Il utilise une d\u00e9charge par rotation automatique, ce qui permet d'\u00e9conomiser des efforts et du temps.<\/li> <\/ol>    <div class=\"wp-block-columns is-layout-flex wp-container-core-columns-is-layout-9d6595d7 wp-block-columns-is-layout-flex\"> <div class=\"wp-block-column is-layout-flow wp-block-column-is-layout-flow\"> <figure class=\"wp-block-gallery has-nested-images columns-default is-cropped wp-block-gallery-2 is-layout-flex wp-block-gallery-is-layout-flex\"> <figure class=\"wp-block-image size-full\"><img loading=\"lazy\" decoding=\"async\" width=\"800\" height=\"730\" data-id=\"75\" src=\"https:\/\/gingermachines.com\/wp-content\/uploads\/2022\/09\/ginger-washing-machine-factory.jpg\" alt=\"usine de machine \u00e0 laver au gingembre\" class=\"wp-image-75\" title=\"\" srcset=\"https:\/\/gingermachines.com\/wp-content\/uploads\/2022\/09\/ginger-washing-machine-factory.jpg 800w, https:\/\/gingermachines.com\/wp-content\/uploads\/2022\/09\/ginger-washing-machine-factory-300x274.jpg 300w, https:\/\/gingermachines.com\/wp-content\/uploads\/2022\/09\/ginger-washing-machine-factory-768x701.jpg 768w\" sizes=\"auto, (max-width: 800px) 100vw, 800px\" \/><figcaption class=\"wp-element-caption\">Usine de machines \u00e0 laver au gingembre<\/figcaption><\/figure> <\/figure> <\/div>    <div class=\"wp-block-column is-layout-flow wp-block-column-is-layout-flow\"> <figure class=\"wp-block-gallery has-nested-images columns-default is-cropped wp-block-gallery-3 is-layout-flex wp-block-gallery-is-layout-flex\"> <figure class=\"wp-block-image size-full\"><img loading=\"lazy\" decoding=\"async\" width=\"800\" height=\"730\" data-id=\"76\" src=\"https:\/\/gingermachines.com\/wp-content\/uploads\/2022\/09\/ginger-washer-details.jpg\" alt=\"d\u00e9tails de la rondelle de gingembre\" class=\"wp-image-76\" title=\"\" srcset=\"https:\/\/gingermachines.com\/wp-content\/uploads\/2022\/09\/ginger-washer-details.jpg 800w, https:\/\/gingermachines.com\/wp-content\/uploads\/2022\/09\/ginger-washer-details-300x274.jpg 300w, https:\/\/gingermachines.com\/wp-content\/uploads\/2022\/09\/ginger-washer-details-768x701.jpg 768w\" sizes=\"auto, (max-width: 800px) 100vw, 800px\" \/><figcaption class=\"wp-element-caption\">D\u00e9tails de la rondelle de gingembre<\/figcaption><\/figure> <\/figure> <\/div> <\/div>    <h2 class=\"wp-block-heading\">Fabricants de machines \u00e0 laver au gingembre <\/h2>    <p>Avant d'acheter une machine \u00e0 laver le gingembre de qualit\u00e9, il est tr\u00e8s important de trouver un fabricant de laveuse au gingembre de qualit\u00e9. Sinon, vous consacrerez beaucoup plus de temps \u00e0 la communication, \u00e0 la maintenance et au remplacement des machines. La machine \u00e0 laver au gingembre TAIZY est une machine de nettoyage et de lavage des l\u00e9gumes de type brosse. Il offre une qualit\u00e9 sup\u00e9rieure, de bonnes performances et un prix abordable. <\/p>    <p class=\"translation-block\">En plus de la machine \u00e0 laver le gingembre, nous fournissons \u00e9galement une <a href=\"https:\/\/gingermachines.com\/fr\/product\/ginger-slicing-machine\/\">machine \u00e0 trancher le gingembre<\/a>, une machine \u00e0 s\u00e9cher le gingembre, une <a href=\"https:\/\/gingermachines.com\/fr\/product\/ginger-grinding-machine\/\">machine \u00e0 moudre le gingembre<\/a> et une <a href=\"https:\/\/gingermachines.com\/fr\/product\/ginger-powder-processing-line\/\">machine de fabrication de poudre de gingembre<\/a>. Vous recherchez une machine \u00e0 gingembre fiable ? Laissez-nous vos besoins et nous vous r\u00e9pondrons d\u00e8s que possible. <\/p>","protected":false},"excerpt":{"rendered":"<p>Ginger washing machine is a brush-type cleaning machine. This machine has the features of super efficiency, high automation, and energy saving. It is extremely ideal for washing and cleaning ginger, potatoes, sweet potato, carrots, yam, parsnip, beet, rutabaga, horseradish, taro, apple, lotus root, etc. And widely used in vegetable processing plants, fruit processing plants, restaurants, [&hellip;]<\/p>\n","protected":false},"author":1,"featured_media":70,"parent":0,"template":"","tags":[8],"product-type":[6],"class_list":["post-33","product","type-product","status-publish","has-post-thumbnail","hentry","tag-ginger-processing-machine","product-type-products"],"_links":{"self":[{"href":"https:\/\/gingermachines.com\/fr\/wp-json\/wp\/v2\/product\/33","targetHints":{"allow":["GET"]}}],"collection":[{"href":"https:\/\/gingermachines.com\/fr\/wp-json\/wp\/v2\/product"}],"about":[{"href":"https:\/\/gingermachines.com\/fr\/wp-json\/wp\/v2\/types\/product"}],"author":[{"embeddable":true,"href":"https:\/\/gingermachines.com\/fr\/wp-json\/wp\/v2\/users\/1"}],"wp:featuredmedia":[{"embeddable":true,"href":"https:\/\/gingermachines.com\/fr\/wp-json\/wp\/v2\/media\/70"}],"wp:attachment":[{"href":"https:\/\/gingermachines.com\/fr\/wp-json\/wp\/v2\/media?parent=33"}],"wp:term":[{"taxonomy":"post_tag","embeddable":true,"href":"https:\/\/gingermachines.com\/fr\/wp-json\/wp\/v2\/tags?post=33"},{"taxonomy":"product-type","embeddable":true,"href":"https:\/\/gingermachines.com\/fr\/wp-json\/wp\/v2\/product-type?post=33"}],"curies":[{"name":"wp","href":"https:\/\/api.w.org\/{rel}","templated":true}]}}