{"id":296,"date":"2025-12-17T13:33:47","date_gmt":"2025-12-17T05:33:47","guid":{"rendered":"https:\/\/gingermachines.com\/?post_type=product&#038;p=296"},"modified":"2025-12-17T14:08:31","modified_gmt":"2025-12-17T06:08:31","slug":"onion-root-cutting-machine","status":"publish","type":"product","link":"https:\/\/gingermachines.com\/fr\/product\/onion-root-cutting-machine\/","title":{"rendered":"Machine de coupe de racines d'oignon"},"content":{"rendered":"<p class=\"translation-block\">Taizy <strong>machine de coupe de racines d'oignon<\/strong> est sp\u00e9cialement con\u00e7ue pour enlever les racines et les queues des oignons. Elle peut couper des oignons d'un diam\u00e8tre de 5 cm ou plus. La machine fournit des coupes propres et pr\u00e9cises, poss\u00e8de une haute efficacit\u00e9 et une grande capacit\u00e9 de production, avec une capacit\u00e9 de traitement allant jusqu'\u00e0 500 kg\/h.<\/p>    <p class=\"wp-embed-aspect-16-9 wp-has-aspect-ratio\">Notre machine de coupe de tige de racine d'oignon est g\u00e9n\u00e9ralement utilis\u00e9e en conjonction avec la machine d'\u00e9pluchage d'oignons pour un traitement ult\u00e9rieur pratique. Pour plus d'informations, n'h\u00e9sitez pas \u00e0 nous contacter !<\/p>    <figure class=\"wp-block-embed is-type-video is-provider-youtube wp-block-embed-youtube wp-embed-aspect-16-9 wp-has-aspect-ratio\"><div class=\"wp-block-embed__wrapper\"> <iframe loading=\"lazy\" title=\"Machine automatique de coupe de racines d&#039;oignon | Comment fonctionne la machine de suppression de tige de racine d&#039;oignon ?\" width=\"500\" height=\"281\" src=\"https:\/\/www.youtube.com\/embed\/gZsAYGyDQGk?feature=oembed\" frameborder=\"0\" allow=\"accelerometer; autoplay; clipboard-write; encrypted-media; gyroscope; picture-in-picture; web-share\" referrerpolicy=\"strict-origin-when-cross-origin\" allowfullscreen><\/iframe> <\/div><figcaption class=\"wp-element-caption\">Vid\u00e9o de travail de l'\u00e9quipement de coupe de racines d'oignon<\/figcaption><\/figure>    <h2 class=\"wp-block-heading\"><strong>Caract\u00e9ristiques de la machine de coupe de tige de racine d'oignon<\/strong><\/h2>    <ul class=\"wp-block-list\"> <li>Notre machine de coupe de racines d'oignon est fabriqu\u00e9e en <strong>acier inoxydable<\/strong>, la rendant r\u00e9sistante \u00e0 la corrosion et durable.<\/li>    <li>La machine de coupe de racines d'oignon est <strong>Facile \u00e0 utiliser<\/strong>. Il peut \u00eatre facilement utilis\u00e9 en appuyant simplement sur quelques boutons.<\/li>    <li>La machine de coupe de tige de racine d'oignon Taizy est <strong>hautement efficace<\/strong>, avec une capacit\u00e9 de production allant jusqu'\u00e0 500 kg\/h.<\/li>    <li>Elle produit des oignons avec des surfaces de coupe lisses et une <strong>taux de dommage faible<\/strong>.<\/li>    <li>La coupe de racines d'oignon peut \u00eatre utilis\u00e9e dans <strong>en conjonction avec la machine d'\u00e9pluchage d'oignons<\/strong> pour former une ligne de production d'\u00e9pluchage et de coupe de racines d'oignon.<\/li> <\/ul>   <div class=\"wp-block-image\"> <figure class=\"aligncenter size-full\"><img loading=\"lazy\" decoding=\"async\" width=\"720\" height=\"540\" src=\"https:\/\/gingermachines.com\/wp-content\/uploads\/2025\/12\/onion-root-cutting-equipment.webp\" alt=\"\u00e9quipement de coupe de racines d&#039;oignon\" class=\"wp-image-297\" title=\"\" srcset=\"https:\/\/gingermachines.com\/wp-content\/uploads\/2025\/12\/onion-root-cutting-equipment.webp 720w, https:\/\/gingermachines.com\/wp-content\/uploads\/2025\/12\/onion-root-cutting-equipment-300x225.webp 300w, https:\/\/gingermachines.com\/wp-content\/uploads\/2025\/12\/onion-root-cutting-equipment-16x12.webp 16w\" sizes=\"auto, (max-width: 720px) 100vw, 720px\" \/><figcaption class=\"wp-element-caption\">\u00e9quipement de coupe de racines d'oignon<\/figcaption><\/figure> <\/div>   <h2 class=\"wp-block-heading\"><strong>Mat\u00e9riaux bruts applicables pour la coupe de racines d'oignon<\/strong><\/h2>    <p>Cette machine de coupe de racines d'oignon est principalement adapt\u00e9e \u00e0 diff\u00e9rentes vari\u00e9t\u00e9s d'oignons, y compris les oignons jaunes, rouges et blancs. Notre coupe-tige d'oignon convient aux oignons d'un diam\u00e8tre \u22655 cm. Pour les oignons de diam\u00e8tre plus petit, une personnalisation est n\u00e9cessaire.<\/p>    <figure class=\"wp-block-gallery has-nested-images columns-default is-cropped wp-block-gallery-2 is-layout-flex wp-block-gallery-is-layout-flex\"> <figure class=\"wp-block-image size-large\"><img loading=\"lazy\" decoding=\"async\" width=\"720\" height=\"540\" data-id=\"298\" src=\"https:\/\/gingermachines.com\/wp-content\/uploads\/2025\/12\/application-of-onion-root-cutter-machine.webp\" alt=\"application of onion root cutter machine\" class=\"wp-image-298\" title=\"\" srcset=\"https:\/\/gingermachines.com\/wp-content\/uploads\/2025\/12\/application-of-onion-root-cutter-machine.webp 720w, https:\/\/gingermachines.com\/wp-content\/uploads\/2025\/12\/application-of-onion-root-cutter-machine-300x225.webp 300w, https:\/\/gingermachines.com\/wp-content\/uploads\/2025\/12\/application-of-onion-root-cutter-machine-16x12.webp 16w\" sizes=\"auto, (max-width: 720px) 100vw, 720px\" \/><figcaption class=\"wp-element-caption\">Application de la machine de coupe de racines d'oignon<\/figcaption><\/figure>    <figure class=\"wp-block-image size-large\"><img loading=\"lazy\" decoding=\"async\" width=\"720\" height=\"540\" data-id=\"300\" src=\"https:\/\/gingermachines.com\/wp-content\/uploads\/2025\/12\/application-of-onion-root-stem-cutting-machine.webp\" alt=\"application of onion root stem cutting machine\" class=\"wp-image-300\" title=\"\" srcset=\"https:\/\/gingermachines.com\/wp-content\/uploads\/2025\/12\/application-of-onion-root-stem-cutting-machine.webp 720w, https:\/\/gingermachines.com\/wp-content\/uploads\/2025\/12\/application-of-onion-root-stem-cutting-machine-300x225.webp 300w, https:\/\/gingermachines.com\/wp-content\/uploads\/2025\/12\/application-of-onion-root-stem-cutting-machine-16x12.webp 16w\" sizes=\"auto, (max-width: 720px) 100vw, 720px\" \/><figcaption class=\"wp-element-caption\">Application de la coupe de tige de racine d'oignon<\/figcaption><\/figure>    <figure class=\"wp-block-image size-large\"><img loading=\"lazy\" decoding=\"async\" width=\"720\" height=\"540\" data-id=\"299\" src=\"https:\/\/gingermachines.com\/wp-content\/uploads\/2025\/12\/application-of-onion-root-cutter.webp\" alt=\"application of onion root cutter\" class=\"wp-image-299\" title=\"\" srcset=\"https:\/\/gingermachines.com\/wp-content\/uploads\/2025\/12\/application-of-onion-root-cutter.webp 720w, https:\/\/gingermachines.com\/wp-content\/uploads\/2025\/12\/application-of-onion-root-cutter-300x225.webp 300w, https:\/\/gingermachines.com\/wp-content\/uploads\/2025\/12\/application-of-onion-root-cutter-16x12.webp 16w\" sizes=\"auto, (max-width: 720px) 100vw, 720px\" \/><figcaption class=\"wp-element-caption\">Application de la coupe de racines d'oignon<\/figcaption><\/figure> <\/figure>    <h2 class=\"wp-block-heading\"><strong>Sp\u00e9cifications de la machine de coupe de racines d'oignon<\/strong><\/h2>    <p>Pour aider les clients \u00e0 comprendre rapidement les sp\u00e9cifications de l'\u00e9quipement de coupe de racines d'oignon, les principaux param\u00e8tres techniques de la machine sont r\u00e9sum\u00e9s ci-dessous :<\/p>    <figure class=\"wp-block-table\"><table class=\"has-fixed-layout\"><tbody><tr><td>Pouvoir<\/td><td>380v\/1.5kw<\/td><\/tr><tr><td>Taille de la machine<\/td><td>280*81*150cm<\/td><\/tr><tr><td>Poids de la machine<\/td><td>30kg<\/td><\/tr><tr><td>Capacit\u00e9<\/td><td>500kg\/h<\/td><\/tr><\/tbody><\/table><figcaption class=\"wp-element-caption\">Param\u00e8tres de la machine de coupe de t\u00eate et queue d'oignon<\/figcaption><\/figure>    <h2 class=\"wp-block-heading\"><strong>Comment fonctionne la machine de coupe de tige de racine d'oignon ?<\/strong><\/h2>    <ol class=\"wp-block-list\"> <li>Au d\u00e9but du processus, les travailleurs placent les oignons sur des dispositifs de fixation sur le tapis roulant. Les dispositifs serrent automatiquement les oignons, les maintenant stables pendant le transport.<\/li>    <li>Les oignons sont ensuite transport\u00e9s vers la zone de coupe. Dans cette zone, deux ensembles de lames rotatives \u00e0 haute vitesse fonctionnent en synchronisation pour couper automatiquement la racine et la tige de chaque oignon.<\/li>    <li>Apr\u00e8s la coupe, les oignons continuent d'avancer sur le tapis roulant et sont automatiquement \u00e9vacu\u00e9s par la sortie.<\/li> <\/ol>    <figure class=\"wp-block-gallery has-nested-images columns-default is-cropped wp-block-gallery-3 is-layout-flex wp-block-gallery-is-layout-flex\"> <figure class=\"wp-block-image size-large\"><img loading=\"lazy\" decoding=\"async\" width=\"720\" height=\"540\" data-id=\"301\" src=\"https:\/\/gingermachines.com\/wp-content\/uploads\/2025\/12\/onion-head-and-tail-cutter.webp\" alt=\"onion head and tail cutter\" class=\"wp-image-301\" title=\"\" srcset=\"https:\/\/gingermachines.com\/wp-content\/uploads\/2025\/12\/onion-head-and-tail-cutter.webp 720w, https:\/\/gingermachines.com\/wp-content\/uploads\/2025\/12\/onion-head-and-tail-cutter-300x225.webp 300w, https:\/\/gingermachines.com\/wp-content\/uploads\/2025\/12\/onion-head-and-tail-cutter-16x12.webp 16w\" sizes=\"auto, (max-width: 720px) 100vw, 720px\" \/><figcaption class=\"wp-element-caption\">Coupe-t\u00eate et queue d'oignon<\/figcaption><\/figure>    <figure class=\"wp-block-image size-large\"><img loading=\"lazy\" decoding=\"async\" width=\"720\" height=\"540\" data-id=\"302\" src=\"https:\/\/gingermachines.com\/wp-content\/uploads\/2025\/12\/onion-root-stem-cuuting-machine.webp\" alt=\"onion root stem cuuting machine\" class=\"wp-image-302\" title=\"\" srcset=\"https:\/\/gingermachines.com\/wp-content\/uploads\/2025\/12\/onion-root-stem-cuuting-machine.webp 720w, https:\/\/gingermachines.com\/wp-content\/uploads\/2025\/12\/onion-root-stem-cuuting-machine-300x225.webp 300w, https:\/\/gingermachines.com\/wp-content\/uploads\/2025\/12\/onion-root-stem-cuuting-machine-16x12.webp 16w\" sizes=\"auto, (max-width: 720px) 100vw, 720px\" \/><figcaption class=\"wp-element-caption\">Machine de coupe de tige de racine d'oignon<\/figcaption><\/figure> <\/figure>    <h2 class=\"wp-block-heading\"><strong>Ligne de coupe et d'\u00e9pluchage de racines d'oignon<\/strong><\/h2>    <p class=\"translation-block\">La machine de coupe de racines d'oignon peut \u00eatre utilis\u00e9e conjointement avec un \u00e9l\u00e9vateur et une <a href=\"https:\/\/gingermachines.com\/fr\/product\/automatic-onion-peeling-machine\/\">machine d'\u00e9pluchage d'oignons<\/a> pour former une ligne de production compl\u00e8te de pelage d'oignons. Le processus est le suivant :<\/p>    <ol class=\"wp-block-list\"> <li>Les oignons sont d'abord trait\u00e9s par la machine de coupe de tige de racine d'oignon.<\/li>    <li>Les oignons, apr\u00e8s avoir \u00e9t\u00e9 coup\u00e9s, sont transport\u00e9s vers la machine d'\u00e9pluchage d'oignons via un convoyeur.<\/li>    <li>La machine d'\u00e9pluchage d'oignons \u00e9pluche ensuite les oignons.<\/li> <\/ol>    <p>L'ensemble de la ligne dispose d'un transport automatis\u00e9, assurant une transition fluide entre la coupe de racines et le processus d'\u00e9pluchage, am\u00e9liorant ainsi l'efficacit\u00e9 de la production et r\u00e9duisant la main-d'\u0153uvre manuelle.<\/p>    <figure class=\"wp-block-gallery has-nested-images columns-default is-cropped wp-block-gallery-4 is-layout-flex wp-block-gallery-is-layout-flex\"> <figure class=\"wp-block-image size-large\"><img loading=\"lazy\" decoding=\"async\" width=\"720\" height=\"540\" data-id=\"305\" src=\"https:\/\/gingermachines.com\/wp-content\/uploads\/2025\/12\/onion-peeling-line-2.webp\" alt=\"ligne d&#039;\u00e9pluchage d&#039;oignons\" class=\"wp-image-305\" title=\"\" srcset=\"https:\/\/gingermachines.com\/wp-content\/uploads\/2025\/12\/onion-peeling-line-2.webp 720w, https:\/\/gingermachines.com\/wp-content\/uploads\/2025\/12\/onion-peeling-line-2-300x225.webp 300w, https:\/\/gingermachines.com\/wp-content\/uploads\/2025\/12\/onion-peeling-line-2-16x12.webp 16w\" sizes=\"auto, (max-width: 720px) 100vw, 720px\" \/><figcaption class=\"wp-element-caption\">Ligne d'\u00e9pluchage d'oignons<\/figcaption><\/figure>    <figure class=\"wp-block-image size-large\"><img loading=\"lazy\" decoding=\"async\" width=\"720\" height=\"540\" data-id=\"303\" src=\"https:\/\/gingermachines.com\/wp-content\/uploads\/2025\/12\/onion-root-cutting-machine.webp\" alt=\"onion root cutting machine\" class=\"wp-image-303\" title=\"\" srcset=\"https:\/\/gingermachines.com\/wp-content\/uploads\/2025\/12\/onion-root-cutting-machine.webp 720w, https:\/\/gingermachines.com\/wp-content\/uploads\/2025\/12\/onion-root-cutting-machine-300x225.webp 300w, https:\/\/gingermachines.com\/wp-content\/uploads\/2025\/12\/onion-root-cutting-machine-16x12.webp 16w\" sizes=\"auto, (max-width: 720px) 100vw, 720px\" \/><figcaption class=\"wp-element-caption\">Machine de coupe de racines d'oignon<\/figcaption><\/figure>    <figure class=\"wp-block-image size-large\"><img loading=\"lazy\" decoding=\"async\" width=\"720\" height=\"540\" data-id=\"304\" src=\"https:\/\/gingermachines.com\/wp-content\/uploads\/2025\/12\/onion-peeling-machine-1.webp\" alt=\"Machine d&#039;\u00e9pluchage d&#039;oignons\" class=\"wp-image-304\" title=\"\" srcset=\"https:\/\/gingermachines.com\/wp-content\/uploads\/2025\/12\/onion-peeling-machine-1.webp 720w, https:\/\/gingermachines.com\/wp-content\/uploads\/2025\/12\/onion-peeling-machine-1-300x225.webp 300w, https:\/\/gingermachines.com\/wp-content\/uploads\/2025\/12\/onion-peeling-machine-1-16x12.webp 16w\" sizes=\"auto, (max-width: 720px) 100vw, 720px\" \/><figcaption class=\"wp-element-caption\">Machine d'\u00e9pluchage d'oignons<\/figcaption><\/figure> <\/figure>    <h2 class=\"wp-block-heading\"><strong>Pourquoi choisir Taizy comme fournisseur ?<\/strong><\/h2>    <p>Choisir la machine de coupe de racines d'oignon Taizy repose sur notre vaste exp\u00e9rience et nos capacit\u00e9s de fabrication stables dans l'industrie des \u00e9quipements de transformation alimentaire. Tous nos \u00e9quipements subissent des tests rigoureux pour garantir des performances optimales.<\/p>    <p>De plus, Taizy propose des services personnalis\u00e9s en fonction des exigences de production du client, des conditions de tension et des proc\u00e9dures de traitement. Nous offrons \u00e9galement un service apr\u00e8s-vente complet, y compris un support technique, pour aider nos clients \u00e0 am\u00e9liorer leur efficacit\u00e9 de production.<\/p>    <h2 class=\"wp-block-heading\"><strong>Contactez-nous pour plus d'informations !<\/strong><\/h2>    <p>La machine de coupe de racines d'oignon est l'un des \u00e9quipements cl\u00e9s d'une ligne de production de traitement des oignons. Choisir une machine de haute qualit\u00e9 est essentiel pour am\u00e9liorer l'efficacit\u00e9 de la production et assurer une rentabilit\u00e9 \u00e0 long terme.<\/p>    <p>Si vous recherchez une machine de coupe de racines d'oignon, n'h\u00e9sitez pas \u00e0 nous contacter ! Nous vous fournirons des \u00e9quipements de la plus haute qualit\u00e9 et le meilleur service !<\/p>","protected":false},"excerpt":{"rendered":"<p>This article mainly introduces the onion root cutting machine, including its functions, parameters, and working principle. Our onion root cutter machine can remove both the root and tail of the onion simultaneously, with a cutting speed of up to 500 kg\/hour.<\/p>","protected":false},"author":1,"featured_media":306,"parent":0,"template":"","tags":[9],"product-type":[6],"class_list":["post-296","product","type-product","status-publish","has-post-thumbnail","hentry","tag-onion","product-type-products"],"_links":{"self":[{"href":"https:\/\/gingermachines.com\/fr\/wp-json\/wp\/v2\/product\/296","targetHints":{"allow":["GET"]}}],"collection":[{"href":"https:\/\/gingermachines.com\/fr\/wp-json\/wp\/v2\/product"}],"about":[{"href":"https:\/\/gingermachines.com\/fr\/wp-json\/wp\/v2\/types\/product"}],"author":[{"embeddable":true,"href":"https:\/\/gingermachines.com\/fr\/wp-json\/wp\/v2\/users\/1"}],"wp:featuredmedia":[{"embeddable":true,"href":"https:\/\/gingermachines.com\/fr\/wp-json\/wp\/v2\/media\/306"}],"wp:attachment":[{"href":"https:\/\/gingermachines.com\/fr\/wp-json\/wp\/v2\/media?parent=296"}],"wp:term":[{"taxonomy":"post_tag","embeddable":true,"href":"https:\/\/gingermachines.com\/fr\/wp-json\/wp\/v2\/tags?post=296"},{"taxonomy":"product-type","embeddable":true,"href":"https:\/\/gingermachines.com\/fr\/wp-json\/wp\/v2\/product-type?post=296"}],"curies":[{"name":"wp","href":"https:\/\/api.w.org\/{rel}","templated":true}]}}