{"id":274,"date":"2025-12-03T17:43:08","date_gmt":"2025-12-03T09:43:08","guid":{"rendered":"https:\/\/gingermachines.com\/?post_type=product&#038;p=274"},"modified":"2025-12-04T16:12:44","modified_gmt":"2025-12-04T08:12:44","slug":"automatic-onion-peeling-machine","status":"publish","type":"product","link":"https:\/\/gingermachines.com\/fr\/product\/automatic-onion-peeling-machine\/","title":{"rendered":"Machine d'\u00e9pluchage d'oignons"},"content":{"rendered":"<p class=\"translation-block\">La <strong>machine d'\u00e9pluchage d'oignons<\/strong> est un appareil qui enl\u00e8ve rapidement la peau ext\u00e9rieure des oignons et est largement utilis\u00e9e dans les usines de transformation alimentaire, les centres de traitement des produits agricoles et les cuisines de restaurants.<\/p>    <p>Caract\u00e9ristiques de la machine d\u00e9colleuse de peau d'oignon Taizy : nettoyage de l'\u00e9pluchage, dommages minimaux aux oignons, haute efficacit\u00e9, capacit\u00e9 de traitement de 100-3000 kg\/h. Si vous recherchez \u00e9galement une machine d'\u00e9pluchage d'oignons, contactez-nous imm\u00e9diatement pour plus d'informations et le meilleur devis.<\/p>    <figure class=\"wp-block-embed is-type-video is-provider-youtube wp-block-embed-youtube wp-embed-aspect-16-9 wp-has-aspect-ratio\"><div class=\"wp-block-embed__wrapper\"> <iframe loading=\"lazy\" title=\"Machine automatique d&#039;\u00e9pluchage d&#039;oignons | \u00c9plucheuse de peau d&#039;oignon pour enlever la peau des oignons\" width=\"500\" height=\"281\" src=\"https:\/\/www.youtube.com\/embed\/2vCHvmrZiwo?feature=oembed\" frameborder=\"0\" allow=\"accelerometer; autoplay; clipboard-write; encrypted-media; gyroscope; picture-in-picture; web-share\" referrerpolicy=\"strict-origin-when-cross-origin\" allowfullscreen><\/iframe> <\/div><figcaption class=\"wp-element-caption\">vid\u00e9o de travail du d\u00e9colleur de peau d'oignon<\/figcaption><\/figure>    <h2 class=\"wp-block-heading\"><strong>Caract\u00e9ristiques de l'\u00e9plucheuse d'oignons<\/strong><\/h2>    <ul class=\"wp-block-list\"> <li><strong>Traitement \u00e0 haute efficacit\u00e9<\/strong>: Notre machine d'\u00e9pluchage d'oignons peut traiter jusqu'\u00e0 3000kg d'oignons par heure, adapt\u00e9e \u00e0 la production \u00e0 grande \u00e9chelle.<\/li>    <li><strong>\u00c9pluchage propre<\/strong>: L'\u00e9quipement d'\u00e9pluchage d'oignons Taizy utilise une technologie d'\u00e9pluchage pneumatique pour d'excellents r\u00e9sultats d'\u00e9pluchage.<\/li>    <li><strong>Haute adaptabilit\u00e9<\/strong>: La machine d'\u00e9pluchage d'oignons peut traiter des oignons de diff\u00e9rentes tailles et vari\u00e9t\u00e9s sans r\u00e9glages compliqu\u00e9s.<\/li>    <li><strong>Faible taux de dommages<\/strong>: Le processus d'\u00e9pluchage est doux, laissant les oignons avec une haute int\u00e9grit\u00e9, conservant leur apparence et leur fra\u00eecheur.<\/li>    <li><strong>\u00c9conomie de main-d'\u0153uvre<\/strong>Ce machine d'\u00e9pluchage d'oignons est facile \u00e0 utiliser, n\u00e9cessitant seulement une \u00e0 deux personnes, ce qui r\u00e9duit consid\u00e9rablement les co\u00fbts de main-d'\u0153uvre.<\/li>    <li><strong>Facile \u00e0 nettoyer<\/strong>: La machine enti\u00e8re est en acier inoxydable, r\u00e9pondant aux exigences d'hygi\u00e8ne alimentaire, et facile \u00e0 nettoyer.<\/li> <\/ul>   <div class=\"wp-block-image\"> <figure class=\"aligncenter size-full\"><img loading=\"lazy\" decoding=\"async\" width=\"720\" height=\"540\" src=\"https:\/\/gingermachines.com\/wp-content\/uploads\/2025\/12\/onion-skin-peeling-machine.webp\" alt=\"Machine d&#039;\u00e9pluchage d&#039;oignons\" class=\"wp-image-279\" title=\"\" srcset=\"https:\/\/gingermachines.com\/wp-content\/uploads\/2025\/12\/onion-skin-peeling-machine.webp 720w, https:\/\/gingermachines.com\/wp-content\/uploads\/2025\/12\/onion-skin-peeling-machine-300x225.webp 300w, https:\/\/gingermachines.com\/wp-content\/uploads\/2025\/12\/onion-skin-peeling-machine-16x12.webp 16w\" sizes=\"auto, (max-width: 720px) 100vw, 720px\" \/><figcaption class=\"wp-element-caption\">Machine d'\u00e9pluchage d'oignons<\/figcaption><\/figure> <\/div>   <h2 class=\"wp-block-heading\"><strong>Sc\u00e9narios d'application de la machine d'\u00e9pluchage d'oignons<\/strong><\/h2>    <p>L'\u00e9plucheuse d'oignons est devenue l'\u00e9quipement id\u00e9al pour diverses entreprises de transformation alimentaire en raison de sa haute efficacit\u00e9 et de ses excellents r\u00e9sultats d'\u00e9pluchage. Cet \u00e9quipement est largement utilis\u00e9 dans plusieurs secteurs :<\/p>    <ul class=\"wp-block-list\"> <li>Grandes usines de transformation alimentaire<\/li>    <li>Entreprises de transformation d'\u00e9pices<\/li>    <li>Fournisseurs de l\u00e9gumes surgel\u00e9s<\/li>    <li>Centres de distribution en supermarch\u00e9<\/li>    <li>Cuisines centrales<\/li> <\/ul>    <figure class=\"wp-block-gallery has-nested-images columns-default is-cropped wp-block-gallery-2 is-layout-flex wp-block-gallery-is-layout-flex\"> <figure class=\"wp-block-image size-large\"><img loading=\"lazy\" decoding=\"async\" width=\"720\" height=\"540\" data-id=\"280\" src=\"https:\/\/gingermachines.com\/wp-content\/uploads\/2025\/12\/\u56fe\u72473-tuya_\u7ed3\u679c.webp\" alt=\"Oignons avant traitement\" class=\"wp-image-280\" title=\"\" srcset=\"https:\/\/gingermachines.com\/wp-content\/uploads\/2025\/12\/\u56fe\u72473-tuya_\u7ed3\u679c.webp 720w, https:\/\/gingermachines.com\/wp-content\/uploads\/2025\/12\/\u56fe\u72473-tuya_\u7ed3\u679c-300x225.webp 300w, https:\/\/gingermachines.com\/wp-content\/uploads\/2025\/12\/\u56fe\u72473-tuya_\u7ed3\u679c-16x12.webp 16w\" sizes=\"auto, (max-width: 720px) 100vw, 720px\" \/><figcaption class=\"wp-element-caption\">Oignons avant traitement<\/figcaption><\/figure>    <figure class=\"wp-block-image size-large\"><img loading=\"lazy\" decoding=\"async\" width=\"720\" height=\"540\" data-id=\"281\" src=\"https:\/\/gingermachines.com\/wp-content\/uploads\/2025\/12\/\u56fe\u72474-tuya_\u7ed3\u679c.webp\" alt=\"Produit fini de l&#039;\u00e9plucheuse de peau d&#039;oignon\" class=\"wp-image-281\" title=\"\" srcset=\"https:\/\/gingermachines.com\/wp-content\/uploads\/2025\/12\/\u56fe\u72474-tuya_\u7ed3\u679c.webp 720w, https:\/\/gingermachines.com\/wp-content\/uploads\/2025\/12\/\u56fe\u72474-tuya_\u7ed3\u679c-300x225.webp 300w, https:\/\/gingermachines.com\/wp-content\/uploads\/2025\/12\/\u56fe\u72474-tuya_\u7ed3\u679c-16x12.webp 16w\" sizes=\"auto, (max-width: 720px) 100vw, 720px\" \/><figcaption class=\"wp-element-caption\">Produit fini de l'\u00e9plucheuse d'oignons<\/figcaption><\/figure> <\/figure>    <h2 class=\"wp-block-heading\"><strong>Deux types de machines d'\u00e9pluchage d'oignons en vente<\/strong><\/h2>    <p>Pour r\u00e9pondre aux besoins de traitement d'oignons de diff\u00e9rentes tailles et sp\u00e9cifications, nous proposons deux types de machines d'\u00e9pluchage d'oignons : <\/p>    <ol class=\"wp-block-list\"> <li><strong>Machine d'\u00e9pluchage d'oignons de type cha\u00eene<\/strong>: Convient aux gros oignons et aux entreprises de traitement \u00e0 grande \u00e9chelle, permettant des op\u00e9rations d'\u00e9pluchage stables, efficaces et continues.<\/li>    <li><strong>Machine d'\u00e9pluchage d'oignons de type baril<\/strong>: L'\u00e9plucheuse d'oignons de style baril est compacte et facile \u00e0 utiliser, adapt\u00e9e au traitement d'oignons plus petits. Elle convient aux petits sites de traitement ou \u00e0 la petite transformation d'oignons.<\/li> <\/ol>    <figure class=\"wp-block-gallery has-nested-images columns-default is-cropped wp-block-gallery-3 is-layout-flex wp-block-gallery-is-layout-flex\"> <figure class=\"wp-block-image size-large\"><img loading=\"lazy\" decoding=\"async\" width=\"540\" height=\"720\" data-id=\"278\" src=\"https:\/\/gingermachines.com\/wp-content\/uploads\/2025\/12\/onion-skin-removing-machine.webp\" alt=\"onion skin removing machine\" class=\"wp-image-278\" title=\"\" srcset=\"https:\/\/gingermachines.com\/wp-content\/uploads\/2025\/12\/onion-skin-removing-machine.webp 540w, https:\/\/gingermachines.com\/wp-content\/uploads\/2025\/12\/onion-skin-removing-machine-225x300.webp 225w, https:\/\/gingermachines.com\/wp-content\/uploads\/2025\/12\/onion-skin-removing-machine-9x12.webp 9w\" sizes=\"auto, (max-width: 540px) 100vw, 540px\" \/><figcaption class=\"wp-element-caption\">Machine de d\u00e9collement de la peau d'oignon<\/figcaption><\/figure>    <figure class=\"wp-block-image size-large\"><img loading=\"lazy\" decoding=\"async\" width=\"540\" height=\"720\" data-id=\"282\" src=\"https:\/\/gingermachines.com\/wp-content\/uploads\/2025\/12\/onion-peeling-equipment.webp\" alt=\"onion peeling equipment\" class=\"wp-image-282\" title=\"\" srcset=\"https:\/\/gingermachines.com\/wp-content\/uploads\/2025\/12\/onion-peeling-equipment.webp 540w, https:\/\/gingermachines.com\/wp-content\/uploads\/2025\/12\/onion-peeling-equipment-225x300.webp 225w, https:\/\/gingermachines.com\/wp-content\/uploads\/2025\/12\/onion-peeling-equipment-9x12.webp 9w\" sizes=\"auto, (max-width: 540px) 100vw, 540px\" \/><figcaption class=\"wp-element-caption\">\u00c9quipement d'\u00e9pluchage de la peau d'oignon<\/figcaption><\/figure> <\/figure>    <figure class=\"wp-block-gallery has-nested-images columns-default is-cropped wp-block-gallery-4 is-layout-flex wp-block-gallery-is-layout-flex\"> <figure class=\"wp-block-image size-large\"><img loading=\"lazy\" decoding=\"async\" width=\"540\" height=\"720\" data-id=\"283\" src=\"https:\/\/gingermachines.com\/wp-content\/uploads\/2025\/12\/onion-peeler-machine.webp\" alt=\"onion peeler machine\" class=\"wp-image-283\" title=\"\" srcset=\"https:\/\/gingermachines.com\/wp-content\/uploads\/2025\/12\/onion-peeler-machine.webp 540w, https:\/\/gingermachines.com\/wp-content\/uploads\/2025\/12\/onion-peeler-machine-225x300.webp 225w, https:\/\/gingermachines.com\/wp-content\/uploads\/2025\/12\/onion-peeler-machine-9x12.webp 9w\" sizes=\"auto, (max-width: 540px) 100vw, 540px\" \/><figcaption class=\"wp-element-caption\">Machine d'\u00e9pluchage d'oignons<\/figcaption><\/figure>    <figure class=\"wp-block-image size-large\"><img loading=\"lazy\" decoding=\"async\" width=\"540\" height=\"720\" data-id=\"284\" src=\"https:\/\/gingermachines.com\/wp-content\/uploads\/2025\/12\/samll-onion-peeler.webp\" alt=\"small onion peeler\" class=\"wp-image-284\" title=\"\" srcset=\"https:\/\/gingermachines.com\/wp-content\/uploads\/2025\/12\/samll-onion-peeler.webp 540w, https:\/\/gingermachines.com\/wp-content\/uploads\/2025\/12\/samll-onion-peeler-225x300.webp 225w, https:\/\/gingermachines.com\/wp-content\/uploads\/2025\/12\/samll-onion-peeler-9x12.webp 9w\" sizes=\"auto, (max-width: 540px) 100vw, 540px\" \/><figcaption class=\"wp-element-caption\">Petite \u00e9plucheuse d'oignons<\/figcaption><\/figure> <\/figure>    <h2 class=\"wp-block-heading\"><strong>Param\u00e8tres de la machine de d\u00e9collement de la peau d'oignon<\/strong><\/h2>    <p>Voici les principales sp\u00e9cifications techniques de notre machine d'\u00e9pluchage d'oignons la plus vendue. La comparaison entre diff\u00e9rents mod\u00e8les vous aidera \u00e0 trouver rapidement la machine qui r\u00e9pond \u00e0 vos besoins de production.<\/p>    <p class=\"translation-block\"><strong>Sp\u00e9cifications techniques du d\u00e9colleuse de peau d'oignon de type cha\u00eene :<\/strong><\/p>    <figure class=\"wp-block-table\"><table class=\"has-fixed-layout\"><tbody><tr><td>Mod\u00e8le<\/td><td>TZ-1500<\/td><td>TZ-3000<\/td><\/tr><tr><td>Pouvoir<\/td><td>15000w<\/td><td>3000w<\/td><\/tr><tr><td>Capacit\u00e9 de production<\/td><td>1000-1500kg\/h<\/td><td>2000-3000kg\/h<\/td><\/tr><tr><td>Poids<\/td><td>280 kg<\/td><td>450kg<\/td><\/tr><tr><td>Taille<\/td><td>200*82*140cm<\/td><td>240*100*175cm<\/td><\/tr><\/tbody><\/table><figcaption class=\"wp-element-caption\">Param\u00e8tres de l'\u00e9quipement d'\u00e9pluchage d'oignons de type cha\u00eene<\/figcaption><\/figure>    <p class=\"translation-block\"><strong>Donn\u00e9es techniques de la machine d'\u00e9pluchage d'oignons de type baril<\/strong><\/p>    <figure class=\"wp-block-table\"><table class=\"has-fixed-layout\"><tbody><tr><td>Mod\u00e8le<\/td><td>TZ-150<\/td><td>TZ-500<\/td><\/tr><tr><td>Pouvoir<\/td><td>110-220v\/0.2kw<\/td><td>110-220v\/0.2kw<\/td><\/tr><tr><td>Capacit\u00e9 de production<\/td><td>100-150kg\/h<\/td><td>300-500kg<\/td><\/tr><tr><td>Poids<\/td><td>80kg<\/td><td>150kg<\/td><\/tr><tr><td>Taille<\/td><td>620*630*900mm<\/td><td>1000*680*1400mm<\/td><\/tr><\/tbody><\/table><figcaption class=\"wp-element-caption\">Param\u00e8tres de la machine de d\u00e9collement de la peau d'oignon de type baril<\/figcaption><\/figure>    <h2 class=\"wp-block-heading\"><strong>Principe de fonctionnement de l'\u00e9plucheuse de peau d'oignon<\/strong><\/h2>    <p>La machine d'\u00e9pluchage d'oignons utilise principalement un principe d'\u00e9pluchage pneumatique, utilisant de l'air comprim\u00e9 \u00e0 haute vitesse pour s\u00e9parer la peau ext\u00e9rieure. Pendant le traitement, l'oignon ne contacte pas directement les lames, ce qui garantit que l'oignon reste intact.<\/p>    <figure class=\"wp-block-gallery has-nested-images columns-default is-cropped wp-block-gallery-5 is-layout-flex wp-block-gallery-is-layout-flex\"> <figure class=\"wp-block-image size-large\"><img loading=\"lazy\" decoding=\"async\" width=\"540\" height=\"720\" data-id=\"285\" src=\"https:\/\/gingermachines.com\/wp-content\/uploads\/2025\/12\/barrel-style-onion-peeler-machine.webp\" alt=\"barrel-style onion peeler machine\" class=\"wp-image-285\" title=\"\" srcset=\"https:\/\/gingermachines.com\/wp-content\/uploads\/2025\/12\/barrel-style-onion-peeler-machine.webp 540w, https:\/\/gingermachines.com\/wp-content\/uploads\/2025\/12\/barrel-style-onion-peeler-machine-225x300.webp 225w, https:\/\/gingermachines.com\/wp-content\/uploads\/2025\/12\/barrel-style-onion-peeler-machine-9x12.webp 9w\" sizes=\"auto, (max-width: 540px) 100vw, 540px\" \/><figcaption class=\"wp-element-caption\">Machine d'\u00e9pluchage d'oignons de style baril<\/figcaption><\/figure>    <figure class=\"wp-block-image size-large\"><img loading=\"lazy\" decoding=\"async\" width=\"720\" height=\"540\" data-id=\"286\" src=\"https:\/\/gingermachines.com\/wp-content\/uploads\/2025\/12\/chain-onion-peeling-machine.webp\" alt=\"Machine \u00e0 \u00e9plucher les oignons en cha\u00eene\" class=\"wp-image-286\" title=\"\" srcset=\"https:\/\/gingermachines.com\/wp-content\/uploads\/2025\/12\/chain-onion-peeling-machine.webp 720w, https:\/\/gingermachines.com\/wp-content\/uploads\/2025\/12\/chain-onion-peeling-machine-300x225.webp 300w, https:\/\/gingermachines.com\/wp-content\/uploads\/2025\/12\/chain-onion-peeling-machine-16x12.webp 16w\" sizes=\"auto, (max-width: 720px) 100vw, 720px\" \/><figcaption class=\"wp-element-caption\">Machine d'\u00e9pluchage d'oignons de type cha\u00eene<\/figcaption><\/figure> <\/figure>    <h2 class=\"wp-block-heading\"><strong>Ligne de production d'\u00e9pluchage d'oignons<\/strong><\/h2>    <p>La ligne d'\u00e9pluchage d'oignons comprend un coupe-racines, un \u00e9l\u00e9vateur et une machine d'\u00e9pluchage d'oignons de type cha\u00eene, formant un flux de traitement continu et standardis\u00e9.<\/p>    <ol class=\"wp-block-list\"> <li><strong>Coupe-racines d'oignon<\/strong>: Sa fonction est de couper pr\u00e9cis\u00e9ment la base de l'oignon.<\/li>    <li><strong>\u00c9l\u00e9vateur<\/strong>: L'ascenseur transporte uniform\u00e9ment les oignons \u00e0 racines vers la section d'\u00e9pluchage, permettant une alimentation automatis\u00e9e et r\u00e9duisant la manipulation manuelle.<\/li>    <li><strong>\u00c9quipement d'\u00e9pluchage d'oignons \u00e0 cha\u00eene<\/strong>: Utilise un flux d'air comprim\u00e9 \u00e0 haute vitesse pour s\u00e9parer la peau de l'oignon, permettant un \u00e9pluchage rapide et en grande quantit\u00e9.<\/li> <\/ol>    <figure class=\"wp-block-gallery has-nested-images columns-default is-cropped wp-block-gallery-6 is-layout-flex wp-block-gallery-is-layout-flex\"> <figure class=\"wp-block-image size-large\"><img loading=\"lazy\" decoding=\"async\" width=\"720\" height=\"540\" data-id=\"287\" src=\"https:\/\/gingermachines.com\/wp-content\/uploads\/2025\/12\/onion-root-cutter-mahcine.webp\" alt=\"onion root cutter machine\" class=\"wp-image-287\" title=\"\" srcset=\"https:\/\/gingermachines.com\/wp-content\/uploads\/2025\/12\/onion-root-cutter-mahcine.webp 720w, https:\/\/gingermachines.com\/wp-content\/uploads\/2025\/12\/onion-root-cutter-mahcine-300x225.webp 300w, https:\/\/gingermachines.com\/wp-content\/uploads\/2025\/12\/onion-root-cutter-mahcine-16x12.webp 16w\" sizes=\"auto, (max-width: 720px) 100vw, 720px\" \/><figcaption class=\"wp-element-caption\">Machine de coupe de racines d'oignon<\/figcaption><\/figure>    <figure class=\"wp-block-image size-large\"><img loading=\"lazy\" decoding=\"async\" width=\"720\" height=\"540\" data-id=\"288\" src=\"https:\/\/gingermachines.com\/wp-content\/uploads\/2025\/12\/onion-elevator.webp\" alt=\"onion elevator\" class=\"wp-image-288\" title=\"\" srcset=\"https:\/\/gingermachines.com\/wp-content\/uploads\/2025\/12\/onion-elevator.webp 720w, https:\/\/gingermachines.com\/wp-content\/uploads\/2025\/12\/onion-elevator-300x225.webp 300w, https:\/\/gingermachines.com\/wp-content\/uploads\/2025\/12\/onion-elevator-16x12.webp 16w\" sizes=\"auto, (max-width: 720px) 100vw, 720px\" \/><figcaption class=\"wp-element-caption\">\u00c9l\u00e9vateur \u00e0 oignons<\/figcaption><\/figure>    <figure class=\"wp-block-image size-full\"><img loading=\"lazy\" decoding=\"async\" width=\"720\" height=\"540\" data-id=\"290\" src=\"https:\/\/gingermachines.com\/wp-content\/uploads\/2025\/12\/onion-peeling-line-1.webp\" alt=\"ligne d&#039;\u00e9pluchage d&#039;oignons\" class=\"wp-image-290\" title=\"\" srcset=\"https:\/\/gingermachines.com\/wp-content\/uploads\/2025\/12\/onion-peeling-line-1.webp 720w, https:\/\/gingermachines.com\/wp-content\/uploads\/2025\/12\/onion-peeling-line-1-300x225.webp 300w, https:\/\/gingermachines.com\/wp-content\/uploads\/2025\/12\/onion-peeling-line-1-16x12.webp 16w\" sizes=\"auto, (max-width: 720px) 100vw, 720px\" \/><figcaption class=\"wp-element-caption\">Ligne d'\u00e9pluchage d'oignons<\/figcaption><\/figure> <\/figure>    <h2 class=\"wp-block-heading\"><strong>Facteurs influen\u00e7ant le prix de l'\u00e9plucheur d'oignons<\/strong><\/h2>    <p>Les principaux facteurs influen\u00e7ant le prix de la machine d'\u00e9pluchage d'oignons incluent le type d'\u00e9quipement, la capacit\u00e9 de traitement, le niveau de configuration et les mat\u00e9riaux utilis\u00e9s.<\/p>    <p>De plus, l'ajout d'un \u00e9l\u00e9vateur ou d'une machine de coupe de racines influencera directement le co\u00fbt total. En g\u00e9n\u00e9ral, une capacit\u00e9 plus \u00e9lev\u00e9e et une configuration plus avanc\u00e9e entra\u00eenent un prix plus \u00e9lev\u00e9. Les utilisateurs peuvent choisir le mod\u00e8le appropri\u00e9 en fonction de leur \u00e9chelle de traitement.<\/p>   <div class=\"wp-block-image\"> <figure class=\"aligncenter size-full\"><img loading=\"lazy\" decoding=\"async\" width=\"720\" height=\"540\" src=\"https:\/\/gingermachines.com\/wp-content\/uploads\/2025\/12\/onion-skin-peeling-machine-1.webp\" alt=\"Machine d&#039;\u00e9pluchage d&#039;oignons\" class=\"wp-image-289\" title=\"\" srcset=\"https:\/\/gingermachines.com\/wp-content\/uploads\/2025\/12\/onion-skin-peeling-machine-1.webp 720w, https:\/\/gingermachines.com\/wp-content\/uploads\/2025\/12\/onion-skin-peeling-machine-1-300x225.webp 300w, https:\/\/gingermachines.com\/wp-content\/uploads\/2025\/12\/onion-skin-peeling-machine-1-16x12.webp 16w\" sizes=\"auto, (max-width: 720px) 100vw, 720px\" \/><figcaption class=\"wp-element-caption\">Machine d'\u00e9pluchage d'oignons<\/figcaption><\/figure> <\/div>   <h2 class=\"wp-block-heading\"><strong>Pourquoi choisir Taizy comme fournisseur ?<\/strong><\/h2>    <ul class=\"wp-block-list\"> <li>Nous supportons une gamme de <strong>services personnalis\u00e9s<\/strong>, telles que des machines con\u00e7ues sur mesure en fonction des normes de tension des pays de nos clients, et des solutions personnalis\u00e9es adapt\u00e9es aux besoins de production et \u00e0 la disposition du site.<\/li>    <li>La gamme de produits Taizy comprend non seulement l'\u00e9plucheuse d'oignons, mais aussi <a href=\"https:\/\/gingermachines.com\/fr\/product\/ginger-washing-machine\/\">machine \u00e0 trancher le gingembre<\/a>, <a href=\"https:\/\/gingermachines.com\/fr\/product\/ginger-drying-machine\/\">s\u00e9choir \u00e0 gingembre<\/a>, <a href=\"https:\/\/gingermachines.com\/fr\/product\/ginger-grinding-machine\/\">moulin \u00e0 gingembre<\/a>, <a href=\"https:\/\/gingermachines.com\/fr\/products\/ginger-processing-line\/\">ligne de production de poudre de gingembre<\/a>et autres \u00e9quipements de transformation alimentaire.<\/li>    <li>Pour assurer une production fluide \u00e0 nos clients, nous fournissons des manuels d'utilisation d\u00e9taill\u00e9s, des guides d'installation et de mise en service, ainsi que des vid\u00e9os d'op\u00e9ration, garantissant que l'\u00e9quipement est facile \u00e0 apprendre et \u00e0 utiliser, offrant ainsi une tranquillit\u00e9 d'esprit apr\u00e8s l'achat.<\/li>    <li>Taizy fabrique et vend elle-m\u00eame la machine d'\u00e9pluchage d'oignons, garantissant non seulement une haute qualit\u00e9 mais aussi des prix comp\u00e9titifs.<\/li> <\/ul>   <div class=\"wp-block-image\"> <figure class=\"aligncenter size-full\"><img loading=\"lazy\" decoding=\"async\" width=\"720\" height=\"540\" src=\"https:\/\/gingermachines.com\/wp-content\/uploads\/2025\/12\/onion-peeling-machine.webp\" alt=\"Machine d&#039;\u00e9pluchage d&#039;oignons\" class=\"wp-image-291\" title=\"\" srcset=\"https:\/\/gingermachines.com\/wp-content\/uploads\/2025\/12\/onion-peeling-machine.webp 720w, https:\/\/gingermachines.com\/wp-content\/uploads\/2025\/12\/onion-peeling-machine-300x225.webp 300w, https:\/\/gingermachines.com\/wp-content\/uploads\/2025\/12\/onion-peeling-machine-16x12.webp 16w\" sizes=\"auto, (max-width: 720px) 100vw, 720px\" \/><figcaption class=\"wp-element-caption\">Machine d'\u00e9pluchage d'oignons<\/figcaption><\/figure> <\/div>   <h2 class=\"wp-block-heading\"><strong>Contactez-nous d\u00e8s maintenant pour obtenir le meilleur devis !<\/strong><\/h2>    <p>L'\u00e9plucheuse d'oignons est une machine cl\u00e9 indispensable dans l'industrie de la transformation alimentaire. Choisir une machine d'\u00e9pluchage de peau d'oignon stable et fiable apportera une efficacit\u00e9 de production accrue \u00e0 votre entreprise.<\/p>    <p>Si vous recherchez un \u00e9quipement professionnel de traitement d'oignons, contactez-nous imm\u00e9diatement. Taizy vous fournira des solutions compl\u00e8tes et un support technique complet pour rendre votre production plus efficace !<\/p>","protected":false},"excerpt":{"rendered":"<p>The onion peeling machine utilizes pneumatic principles to achieve fast and clean onion peeling, effectively improving processing efficiency. Taizy onion peeler has a processing capacity ranging from 150-3000 kg\/hour, suitable for various production scales from small processing plants to large food factories.<\/p>","protected":false},"author":1,"featured_media":276,"parent":0,"template":"","tags":[9],"product-type":[6],"class_list":["post-274","product","type-product","status-publish","has-post-thumbnail","hentry","tag-onion","product-type-products"],"_links":{"self":[{"href":"https:\/\/gingermachines.com\/fr\/wp-json\/wp\/v2\/product\/274","targetHints":{"allow":["GET"]}}],"collection":[{"href":"https:\/\/gingermachines.com\/fr\/wp-json\/wp\/v2\/product"}],"about":[{"href":"https:\/\/gingermachines.com\/fr\/wp-json\/wp\/v2\/types\/product"}],"author":[{"embeddable":true,"href":"https:\/\/gingermachines.com\/fr\/wp-json\/wp\/v2\/users\/1"}],"wp:featuredmedia":[{"embeddable":true,"href":"https:\/\/gingermachines.com\/fr\/wp-json\/wp\/v2\/media\/276"}],"wp:attachment":[{"href":"https:\/\/gingermachines.com\/fr\/wp-json\/wp\/v2\/media?parent=274"}],"wp:term":[{"taxonomy":"post_tag","embeddable":true,"href":"https:\/\/gingermachines.com\/fr\/wp-json\/wp\/v2\/tags?post=274"},{"taxonomy":"product-type","embeddable":true,"href":"https:\/\/gingermachines.com\/fr\/wp-json\/wp\/v2\/product-type?post=274"}],"curies":[{"name":"wp","href":"https:\/\/api.w.org\/{rel}","templated":true}]}}