{"id":180,"date":"2023-07-10T15:12:35","date_gmt":"2023-07-10T07:12:35","guid":{"rendered":"https:\/\/gingermachines.com\/?post_type=product&#038;p=180"},"modified":"2024-06-17T11:01:26","modified_gmt":"2024-06-17T03:01:26","slug":"ginger-juicer-machine","status":"publish","type":"product","link":"https:\/\/gingermachines.com\/fr\/product\/ginger-juicer-machine\/","title":{"rendered":"Presse-agrumes au gingembre pour l'extraction du gingembre"},"content":{"rendered":"<p>La machine \u00e0 jus de gingembre Taizy est un appareil sp\u00e9cialis\u00e9 con\u00e7u sp\u00e9cifiquement pour extraire le jus des racines de gingembre. Il est con\u00e7u pour extraire efficacement la quantit\u00e9 maximale de jus tout en le s\u00e9parant de la pulpe fibreuse et des autres solides. Nos presse-agrumes \u00e0 gingembre sont disponibles en diff\u00e9rents types et tailles, allant des mod\u00e8les \u00e0 petite \u00e9chelle aux mod\u00e8les industriels. <\/p>    <figure class=\"wp-block-embed is-type-video is-provider-youtube wp-block-embed-youtube wp-embed-aspect-16-9 wp-has-aspect-ratio\"><div class=\"wp-block-embed__wrapper\"> <iframe loading=\"lazy\" title=\"Comment notre presse-agrumes multifonction g\u00e8re le gingembre, les concombres et les citrons\" width=\"500\" height=\"281\" src=\"https:\/\/www.youtube.com\/embed\/6Gfv6T5fSGQ?feature=oembed\" frameborder=\"0\" allow=\"accelerometer; autoplay; clipboard-write; encrypted-media; gyroscope; picture-in-picture; web-share\" referrerpolicy=\"strict-origin-when-cross-origin\" allowfullscreen><\/iframe> <\/div><figcaption class=\"wp-element-caption\">meilleure machine pour jus de gingembre<\/figcaption><\/figure>    <p>Non seulement vous pouvez utiliser cette machine pour presser du jus de gingembre, mais vous pouvez \u00e9galement utiliser cette machine pour presser d'autres jus de fruits et jus de l\u00e9gumes.<\/p>    <h2 class=\"wp-block-heading\">Points forts de l'extracteur de jus de gingembre<\/h2>    <ol class=\"wp-block-list\"> <li>Cette machine a non seulement pour fonction d\u2019extraire du jus mais aussi de pulv\u00e9riser.<\/li>    <li>La machine \u00e0 jus de gingembre pour l'extraction du gingembre est uniquement fabriqu\u00e9e en acier inoxydable 304, qui est robuste, durable et facile \u00e0 nettoyer.<\/li>    <li>Il peut traiter jusqu\u2019\u00e0 5 000 kilogrammes de mati\u00e8res premi\u00e8res par heure. Convient aux petites et grandes usines de transformation du gingembre et aux usines de transformation des aliments.<\/li>    <li>La machine peut \u00e9galement \u00eatre utilis\u00e9e pour extraire d\u2019autres jus de fruits et jus de l\u00e9gumes.<\/li> <\/ol>   <div class=\"wp-block-image\"> <figure class=\"aligncenter size-full\"><img loading=\"lazy\" decoding=\"async\" width=\"525\" height=\"540\" src=\"https:\/\/gingermachines.com\/wp-content\/uploads\/2023\/07\/ginger-juicer-machine.webp\" alt=\"presse-agrumes au gingembre\" class=\"wp-image-185\" title=\"\" srcset=\"https:\/\/gingermachines.com\/wp-content\/uploads\/2023\/07\/ginger-juicer-machine.webp 525w, https:\/\/gingermachines.com\/wp-content\/uploads\/2023\/07\/ginger-juicer-machine-292x300.webp 292w\" sizes=\"auto, (max-width: 525px) 100vw, 525px\" \/><figcaption class=\"wp-element-caption\">presse-agrumes au gingembre<\/figcaption><\/figure> <\/div>   <h2 class=\"wp-block-heading\">Comment fonctionne la machine \u00e0 jus de gingembre ?<\/h2>    <p>Le presse-agrumes fonctionne en entra\u00eenant le moteur pour faire tourner le grattoir \u00e0 grande vitesse. Lorsque le gingembre entre dans le presse-agrumes par l'orifice d'entr\u00e9e, le grattoir le d\u00e9charge uniform\u00e9ment sur le grattoir et le tamis. En raison de l'action rotative du grattoir et de l'angle du guide, le mat\u00e9riau se d\u00e9placera le long du canon vers l'extr\u00e9mit\u00e9 de sortie.<\/p>    <p class=\"translation-block\">Le mat\u00e9riau formera une trajectoire en spirale pendant le mouvement. En m\u00eame temps, la <a href=\"https:\/\/en.wikipedia.org\/wiki\/Centrifugal_force\" target=\"_blank\" rel=\"noopener\">force centrifuge<\/a> de rotation \u00e0 grande vitesse fait couler le jus \u00e0 travers le tamis et la sortie, tandis que les r\u00e9sidus sont \u00e9vacu\u00e9s par la d\u00e9charge des r\u00e9sidus. De cette mani\u00e8re, l'effet de s\u00e9paration automatique est atteint.<\/p>    <p>Cette machine de fabrication de jus de gingembre est largement utilis\u00e9e dans les industries de fabrication de jus, de transformation des aliments et de boissons pour traiter de grandes quantit\u00e9s de fruits ou de l\u00e9gumes rapidement et efficacement, fournissant ainsi des jus de fruits et de l\u00e9gumes frais et savoureux.<\/p>   <div class=\"wp-block-image\"> <figure class=\"aligncenter size-full\"><img loading=\"lazy\" decoding=\"async\" width=\"720\" height=\"540\" src=\"https:\/\/gingermachines.com\/wp-content\/uploads\/2023\/07\/ginger-juice-making-machine.webp\" alt=\"machine de fabrication de jus de gingembre\" class=\"wp-image-183\" title=\"\" srcset=\"https:\/\/gingermachines.com\/wp-content\/uploads\/2023\/07\/ginger-juice-making-machine.webp 720w, https:\/\/gingermachines.com\/wp-content\/uploads\/2023\/07\/ginger-juice-making-machine-300x225.webp 300w\" sizes=\"auto, (max-width: 720px) 100vw, 720px\" \/><figcaption class=\"wp-element-caption\">machine de fabrication de jus de gingembre<\/figcaption><\/figure> <\/div>   <h2 class=\"wp-block-heading\">Comment choisir la bonne machine de fabrication de jus de gingembre ?<\/h2>    <p>Lors de la s\u00e9lection d\u2019une presse-agrumes au gingembre, tenez compte de facteurs tels que la capacit\u00e9 d\u2019extraction du jus, la facilit\u00e9 de nettoyage, la durabilit\u00e9 et les performances globales. Taizy Ginger Machinery offre des conseils et une assistance complets pour vous aider \u00e0 prendre une d\u00e9cision \u00e9clair\u00e9e en fonction de vos besoins sp\u00e9cifiques.<\/p>    <h2 class=\"wp-block-heading\">Types de machines d\u2019extraction de jus de gingembre disponibles<\/h2>    <p>Machine \u00e9lectrique d\u2019extraction de jus de gingembre : Con\u00e7ues pour les op\u00e9rations \u00e0 plus grande \u00e9chelle, les machines \u00e9lectriques d\u2019extraction de jus de gingembre fournissent un jus efficace avec un minimum d\u2019effort. Ces machines conviennent aux \u00e9tablissements commerciaux tels que les bars \u00e0 jus, les restaurants et les caf\u00e9s.<\/p>    <p>Machine industrielle d\u2019extraction de jus de gingembre : Con\u00e7ues pour les jus intensifs, ces machines sont con\u00e7ues pour traiter de grands volumes de gingembre. Ils sont largement utilis\u00e9s dans les industries agroalimentaires et les usines de production de jus.<\/p>   <div class=\"wp-block-image\"> <figure class=\"aligncenter size-full\"><img loading=\"lazy\" decoding=\"async\" width=\"720\" height=\"540\" src=\"https:\/\/gingermachines.com\/wp-content\/uploads\/2023\/07\/industrial-ginger-juicer-machine.webp\" alt=\"presse-agrumes industriel au gingembre\" class=\"wp-image-186\" title=\"\" srcset=\"https:\/\/gingermachines.com\/wp-content\/uploads\/2023\/07\/industrial-ginger-juicer-machine.webp 720w, https:\/\/gingermachines.com\/wp-content\/uploads\/2023\/07\/industrial-ginger-juicer-machine-300x225.webp 300w\" sizes=\"auto, (max-width: 720px) 100vw, 720px\" \/><figcaption class=\"wp-element-caption\">presse-agrumes industriel au gingembre<\/figcaption><\/figure> <\/div>   <h2 class=\"wp-block-heading\">Pourquoi choisir les machines Taizy Ginger ?<\/h2>    <p>Taizy Ginger Machinery est une entreprise renomm\u00e9e sp\u00e9cialis\u00e9e dans la production et la fabrication de machines \u00e0 gingembre. Nous comprenons la demande de presse-agrumes de gingembre de haute qualit\u00e9 et proposons une large gamme d'options pour r\u00e9pondre \u00e0 divers besoins. <\/p>    <p class=\"translation-block\">Avec notre expertise et notre engagement envers l'excellence, Taizy Ginger Machinery s'assure que ses machines \u00e0 jus de gingembre sont con\u00e7ues pour offrir des performances exceptionnelles, une durabilit\u00e9 et une facilit\u00e9 d'utilisation. Dans notre entreprise, nous avons \u00e9galement une <a href=\"https:\/\/gingermachines.com\/fr\/product\/ginger-powder-processing-line\/\">ligne de production de poudre de gingembre<\/a>, une <a href=\"https:\/\/gingermachines.com\/fr\/product\/ginger-grinding-machine\/\">machine \u00e0 broyer le gingembre<\/a>, une <a href=\"https:\/\/gingermachines.com\/fr\/product\/ginger-slicing-machine\/\">machine \u00e0 trancher le gingembre<\/a>, et une <a href=\"https:\/\/gingermachines.com\/fr\/product\/ginger-washing-machine\/\">machine \u00e0 laver le gingembre<\/a>.<\/p>   <div class=\"wp-block-image\"> <figure class=\"aligncenter size-full\"><img loading=\"lazy\" decoding=\"async\" width=\"720\" height=\"540\" src=\"https:\/\/gingermachines.com\/wp-content\/uploads\/2022\/09\/ginger-powder-processing-machine-line.jpg\" alt=\"ligne de traitement de poudre de gingembre\" class=\"wp-image-97\" title=\"\" srcset=\"https:\/\/gingermachines.com\/wp-content\/uploads\/2022\/09\/ginger-powder-processing-machine-line.jpg 720w, https:\/\/gingermachines.com\/wp-content\/uploads\/2022\/09\/ginger-powder-processing-machine-line-300x225.jpg 300w\" sizes=\"auto, (max-width: 720px) 100vw, 720px\" \/><figcaption class=\"wp-element-caption\">ligne de traitement de poudre de gingembre<\/figcaption><\/figure> <\/div>   <h2 class=\"wp-block-heading\">Avantages pour la sant\u00e9 du jus de gingembre<\/h2>    <ul class=\"wp-block-list\"> <li>Renforce l'immunit\u00e9\u00a0: Le gingembre contient des antioxydants et des propri\u00e9t\u00e9s immunitaires qui peuvent renforcer le m\u00e9canisme de d\u00e9fense de votre corps.<\/li>    <li>Aide digestive : Le jus de gingembre facilite la digestion, soulage l\u2019inconfort gastro-intestinal et r\u00e9duit les naus\u00e9es.<\/li>    <li>Propri\u00e9t\u00e9s anti-inflammatoires : Les compos\u00e9s anti-inflammatoires contenus dans le jus de gingembre peuvent aider \u00e0 r\u00e9duire l\u2019inflammation et \u00e0 soulager la douleur.<\/li>    <li>Gestion du poids\u00a0: la consommation r\u00e9guli\u00e8re de jus de gingembre peut contribuer \u00e0 la perte de poids en augmentant le m\u00e9tabolisme et en r\u00e9duisant l'app\u00e9tit.<\/li>    <li>Sant\u00e9 cardiaque : Le jus de gingembre favorise la sant\u00e9 cardiovasculaire en abaissant le taux de cholest\u00e9rol et en r\u00e9duisant le risque de maladie cardiaque.<\/li> <\/ul>   <div class=\"wp-block-image\"> <figure class=\"aligncenter size-full\"><img loading=\"lazy\" decoding=\"async\" width=\"720\" height=\"540\" src=\"https:\/\/gingermachines.com\/wp-content\/uploads\/2023\/07\/ginger-juice.webp\" alt=\"jus de gingembre\" class=\"wp-image-184\" title=\"\" srcset=\"https:\/\/gingermachines.com\/wp-content\/uploads\/2023\/07\/ginger-juice.webp 720w, https:\/\/gingermachines.com\/wp-content\/uploads\/2023\/07\/ginger-juice-300x225.webp 300w\" sizes=\"auto, (max-width: 720px) 100vw, 720px\" \/><figcaption class=\"wp-element-caption\">jus de gingembre<\/figcaption><\/figure> <\/div>   <h2 class=\"wp-block-heading\">Contactez Taizy Ginger Machinery aujourd\u2019hui<\/h2>    <p>Si vous avez besoin d'une presse-agrumes de gingembre fiable, ne cherchez pas plus loin que Taizy Ginger Machinery. Gr\u00e2ce \u00e0 notre engagement envers la qualit\u00e9 et la satisfaction de nos clients, nous nous engageons \u00e0 fournir des machines de premier ordre pour pr\u00e9parer du jus de gingembre qui r\u00e9pondent \u00e0 vos besoins en mati\u00e8re de jus. Contactez Taizy Ginger Machinery d\u00e8s aujourd'hui pour explorer leur gamme de presse-agrumes \u00e0 gingembre et d\u00e9couvrir la solution parfaite pour votre maison ou votre entreprise.<\/p>    <p>Les presse-agrumes au gingembre sont devenus un ajout pr\u00e9cieux \u00e0 la cuisine et aux \u00e9tablissements commerciaux, permettant aux individus de profiter des bienfaits du gingembre de mani\u00e8re pratique et rafra\u00eechissante. Taizy Ginger Machinery, un fabricant de confiance, propose une s\u00e9lection diversifi\u00e9e de presse-agrumes \u00e0 gingembre pour r\u00e9pondre \u00e0 divers besoins. <\/p>    <p>Que vous soyez une personne soucieuse de votre sant\u00e9 ou un propri\u00e9taire d'entreprise dans l'industrie alimentaire, Taizy Ginger Machinery propose la machine \u00e0 jus de gingembre parfaite pour extraire la fra\u00eecheur et la sant\u00e9 de chaque gorg\u00e9e.<\/p>","protected":false},"excerpt":{"rendered":"<p>La machine \u00e0 jus de gingembre est un appareil sp\u00e9cialis\u00e9 con\u00e7u sp\u00e9cifiquement pour extraire le jus des racines de gingembre. Presse-agrumes petite\/industrielle \u00e0 vendre.<\/p>","protected":false},"author":1,"featured_media":187,"parent":0,"template":"","tags":[],"product-type":[6],"class_list":["post-180","product","type-product","status-publish","has-post-thumbnail","hentry","product-type-products"],"_links":{"self":[{"href":"https:\/\/gingermachines.com\/fr\/wp-json\/wp\/v2\/product\/180","targetHints":{"allow":["GET"]}}],"collection":[{"href":"https:\/\/gingermachines.com\/fr\/wp-json\/wp\/v2\/product"}],"about":[{"href":"https:\/\/gingermachines.com\/fr\/wp-json\/wp\/v2\/types\/product"}],"author":[{"embeddable":true,"href":"https:\/\/gingermachines.com\/fr\/wp-json\/wp\/v2\/users\/1"}],"wp:featuredmedia":[{"embeddable":true,"href":"https:\/\/gingermachines.com\/fr\/wp-json\/wp\/v2\/media\/187"}],"wp:attachment":[{"href":"https:\/\/gingermachines.com\/fr\/wp-json\/wp\/v2\/media?parent=180"}],"wp:term":[{"taxonomy":"post_tag","embeddable":true,"href":"https:\/\/gingermachines.com\/fr\/wp-json\/wp\/v2\/tags?post=180"},{"taxonomy":"product-type","embeddable":true,"href":"https:\/\/gingermachines.com\/fr\/wp-json\/wp\/v2\/product-type?post=180"}],"curies":[{"name":"wp","href":"https:\/\/api.w.org\/{rel}","templated":true}]}}