{"id":140,"date":"2023-03-29T16:25:11","date_gmt":"2023-03-29T08:25:11","guid":{"rendered":"https:\/\/gingermachines.com\/?post_type=product&#038;p=140"},"modified":"2024-06-26T14:46:28","modified_gmt":"2024-06-26T06:46:28","slug":"ginger-powder-packaging-machine","status":"publish","type":"product","link":"https:\/\/gingermachines.com\/fr\/product\/ginger-powder-packaging-machine\/","title":{"rendered":"Machine de conditionnement de poudre de gingembre"},"content":{"rendered":"<p class=\"translation-block\"><strong>Taizy ginger powder packaging machine<\/strong> est un outil automatis\u00e9 con\u00e7u pour l'emballage de la poudre de gingembre. Il assure pr\u00e9cision et exactitude lors du remplissage, de la fermeture et du codage des sacs, en faisant une solution rapide, efficace et rentable pour les fabricants de l'industrie de la production de gingembre.<\/p>    <p class=\"translation-block\">Nous proposons une <strong>machine d'emballage automatique de poudre de gingembre<\/strong> et une machine d'emballage semi-automatique pour votre entreprise. Le choix entre les deux d\u00e9pendra de vos exigences sp\u00e9cifiques, telles que les capacit\u00e9s, la vitesse d'emballage, les budgets, l'espace de travail, etc. Et toutes nos machines utilisent des mat\u00e9riaux durables et une technologie avanc\u00e9e pour assurer une bonne performance et une longue dur\u00e9e de vie. Si vous cherchez une machine d'emballage de poudre de gingembre, une bonne id\u00e9e est de nous contacter pour le meilleur prix.<\/p>   <div class=\"wp-block-image\"> <figure class=\"aligncenter size-full\"><img loading=\"lazy\" decoding=\"async\" width=\"720\" height=\"540\" src=\"https:\/\/gingermachines.com\/wp-content\/uploads\/2023\/03\/powder-packing-equipment.webp\" alt=\"\u00e9quipement d&#039;emballage de poudre\" class=\"wp-image-239\" title=\"\" srcset=\"https:\/\/gingermachines.com\/wp-content\/uploads\/2023\/03\/powder-packing-equipment.webp 720w, https:\/\/gingermachines.com\/wp-content\/uploads\/2023\/03\/powder-packing-equipment-300x225.webp 300w, https:\/\/gingermachines.com\/wp-content\/uploads\/2023\/03\/powder-packing-equipment-16x12.webp 16w\" sizes=\"auto, (max-width: 720px) 100vw, 720px\" \/><figcaption class=\"wp-element-caption\">\u00e9quipement d'emballage de poudre avec ascenseur<\/figcaption><\/figure> <\/div>   <h2 class=\"wp-block-heading\">Caract\u00e9ristiques de la machine de conditionnement de poudre de gingembre<\/h2>    <ul class=\"wp-block-list\"> <li><strong>Capacit\u00e9 et vitesse\u00a0:<\/strong> Les machines de conditionnement de poudre de gingembre ont des capacit\u00e9s de production \u00e9lev\u00e9es, allant de 20 \u00e0 80 sachets par minute.<\/li>    <li><strong>Pr\u00e9cision et exactitude:<\/strong> Des capteurs avanc\u00e9s garantissent des mesures pr\u00e9cises et un remplissage pr\u00e9cis, r\u00e9duisant ainsi les erreurs et les incoh\u00e9rences dans le processus d'emballage.<\/li>    <li><strong>Convivialit\u00e9\u00a0: <\/strong>L'\u00e9quipement d'emballage de poudre de gingembre est facile \u00e0 utiliser, certains mod\u00e8les \u00e9tant dot\u00e9s d'\u00e9crans tactiles qui simplifient encore davantage le processus d'emballage.<\/li>    <li><strong>Polyvalence:<\/strong> Les machines fonctionnent avec diff\u00e9rents types de mat\u00e9riaux d'emballage, ajoutant ainsi de la flexibilit\u00e9 au processus d'emballage. <\/li>    <li><strong>Rentable:<\/strong> En automatisant le processus d'emballage, les machines d'emballage de poudre de gingembre r\u00e9duisent les co\u00fbts de main-d'\u0153uvre et de mat\u00e9riaux, augmentant ainsi la rentabilit\u00e9 des fabricants. <\/li>    <li><strong>Personnalisable\u00a0: Le<\/strong> les machines peuvent \u00eatre personnalis\u00e9es pour r\u00e9pondre \u00e0 des exigences d'emballage sp\u00e9cifiques, permettant aux fabricants d'obtenir une pr\u00e9sentation de produit unique qui r\u00e9pond aux pr\u00e9f\u00e9rences de leurs clients. <\/li> <\/ul>    <figure class=\"wp-block-image size-full\"><img loading=\"lazy\" decoding=\"async\" width=\"720\" height=\"540\" src=\"https:\/\/gingermachines.com\/wp-content\/uploads\/2023\/03\/automatic-powder-packing-machine-factory.jpg\" alt=\"usine automatique de machine d&#039;emballage de poudre\" class=\"wp-image-154\" title=\"\" srcset=\"https:\/\/gingermachines.com\/wp-content\/uploads\/2023\/03\/automatic-powder-packing-machine-factory.jpg 720w, https:\/\/gingermachines.com\/wp-content\/uploads\/2023\/03\/automatic-powder-packing-machine-factory-300x225.jpg 300w\" sizes=\"auto, (max-width: 720px) 100vw, 720px\" \/><figcaption class=\"wp-element-caption\">Usine automatique de machines d\u2019emballage de poudre<\/figcaption><\/figure>    <h2 class=\"wp-block-heading\">Types de machine de remplissage de poudre de gingembre<\/h2>    <p>Dans notre entreprise, nous avons deux machines de remplissage de poudre de gingembre couramment vendues. L\u2019un est enti\u00e8rement automatique et l\u2019autre semi-automatique. Vous pouvez choisir la machine adapt\u00e9e \u00e0 vos besoins et \u00e0 votre budget. En attendant, si vous avez des questions sur cette machine, vous pouvez toujours nous contacter via la fen\u00eatre contextuelle situ\u00e9e dans le coin inf\u00e9rieur droit.<\/p>    <h2 class=\"wp-block-heading\">Type 1\u00a0: Machine d\u2019emballage de poudre de gingembre enti\u00e8rement automatique<\/h2>    <p>La machine de conditionnement de poudre de gingembre enti\u00e8rement automatique est une solution d'emballage avanc\u00e9e con\u00e7ue pour rationaliser le processus de conditionnement de poudre de gingembre. Cette machine ex\u00e9cute automatiquement toutes les fonctions d'emballage, y compris la mesure, le remplissage, le scellage et l'\u00e9tiquetage des sacs. Cela n\u00e9cessite une intervention humaine minimale, ce qui r\u00e9duit les co\u00fbts de main-d\u2019\u0153uvre et augmente la productivit\u00e9. <\/p>    <p>Cette machine d'emballage de poudre de gingembre \u00e0 vendre est une petite machine de remplissage et de scellage de type vertical (VFFS). Avec une capacit\u00e9 de production \u00e9lev\u00e9e allant jusqu'\u00e0 80 sacs par minute. Cette machine pr\u00e9sente les caract\u00e9ristiques d\u2019une haute performance et d\u2019un prix abordable. Il convient tout \u00e0 fait aux besoins de petites ou moyennes productions.<\/p>    <figure class=\"wp-block-image size-full\"><img loading=\"lazy\" decoding=\"async\" width=\"720\" height=\"540\" src=\"https:\/\/gingermachines.com\/wp-content\/uploads\/2023\/03\/small-ginger-powder-packaging-machine-1.jpg\" alt=\"petite machine de conditionnement de poudre de gingembre\" class=\"wp-image-146\" title=\"\" srcset=\"https:\/\/gingermachines.com\/wp-content\/uploads\/2023\/03\/small-ginger-powder-packaging-machine-1.jpg 720w, https:\/\/gingermachines.com\/wp-content\/uploads\/2023\/03\/small-ginger-powder-packaging-machine-1-300x225.jpg 300w\" sizes=\"auto, (max-width: 720px) 100vw, 720px\" \/><figcaption class=\"wp-element-caption\">Petite machine de conditionnement de poudre de gingembre<\/figcaption><\/figure>    <h2 class=\"wp-block-heading\">Param\u00e8tres de la machine d'emballage automatique de poudre de gingembre <\/h2>    <figure class=\"wp-block-table\"><table><tbody><tr><td>Mod\u00e8le<\/td><td>TZ-320<\/td><td>TZ-450<\/td><td>TZ-420<\/td><td>TZ-520<\/td><td>TZ-720<\/td><\/tr><tr><td>Types de sacs d'emballage<\/td><td>Joint arri\u00e8re\/joint 3 c\u00f4t\u00e9s\/joint 4 c\u00f4t\u00e9s<\/td><td>Joint arri\u00e8re\/joint 3 c\u00f4t\u00e9s\/joint 4 c\u00f4t\u00e9s<\/td><td>Joint arri\u00e8re<\/td><td>Joint arri\u00e8re<\/td><td>Joint arri\u00e8re<\/td><\/tr><tr><td>Vitesse d'emballage<\/td><td>20-80 sacs\/min<\/td><td>20-80 sacs\/min<\/td><td>5-30 sacs\/min<\/td><td>5-50 sacs\/min<\/td><td>5-50 sacs\/min<\/td><\/tr><tr><td>Consommation d'\u00e9nergie<\/td><td>1,8 kW<\/td><td>2,2 kW<\/td><td>220 V, 2,2 kW<\/td><td>220 VCA\/50 Hz<\/td><td>220 VCA\/50 Hz, 5 kW<\/td><\/tr><tr><td>Dimension<\/td><td>(L)650*(L)1050*(H)1950mm<\/td><td>(L)650*(L)1050*(H)2150mm<\/td><td>(L)1320*(L)950*(H)1760mm<\/td><td>(L)1150*(L)1795*(H)2050mm<\/td><td>(L)1780*(L)1350*(H)2350mm<\/td><\/tr><tr><td>Longueur de sac<\/td><td>30-180mm<\/td><td>30-300mm<\/td><td>80-300mm<\/td><td>80-400mm<\/td><td>100-400mm<\/td><\/tr><tr><td>Largeur du sac<\/td><td>20-150mm<\/td><td>20-210mm<\/td><td>80-200mm<\/td><td>80-250mm<\/td><td>180-350mm<\/td><\/tr><tr><td>Consommation d'air<\/td><td>\/<\/td><td>\/<\/td><td>0,65 MPa<\/td><td>0,65 MPa<\/td><td>0,65 MPa<\/td><\/tr><tr><td>Consommation de gaz<\/td><td>\/<\/td><td>\/<\/td><td>0,4 m<sup>3<\/sup>\/min<\/td><td>0,4 m<sup>3<\/sup>\/min<\/td><td>0,4 m<sup>3<\/sup>\/min<\/td><\/tr><\/tbody><\/table><figcaption class=\"wp-element-caption\">tableau des param\u00e8tres<\/figcaption><\/figure>    <p>La machine de remplissage automatique de poudre de gingembre est dot\u00e9e d'un scellage arri\u00e8re, d'un scellage sur trois c\u00f4t\u00e9s, d'un scellage sur quatre c\u00f4t\u00e9s et d'autres m\u00e9thodes d'emballage parmi lesquelles les clients peuvent choisir. La vitesse d'emballage par minute peut aller jusqu'\u00e0 80 colis. Voulez-vous en savoir plus sur les machines de remplissage automatiques de poudre de gingembre ? Bienvenue \u00e0 nous contacter \u00e0 tout moment.<\/p>   <div class=\"wp-block-image\"> <figure class=\"aligncenter size-full\"><img loading=\"lazy\" decoding=\"async\" width=\"720\" height=\"540\" src=\"https:\/\/gingermachines.com\/wp-content\/uploads\/2023\/03\/powder-packaging-equipment.webp\" alt=\"\u00e9quipement automatique de conditionnement de poudre\" class=\"wp-image-238\" title=\"\" srcset=\"https:\/\/gingermachines.com\/wp-content\/uploads\/2023\/03\/powder-packaging-equipment.webp 720w, https:\/\/gingermachines.com\/wp-content\/uploads\/2023\/03\/powder-packaging-equipment-300x225.webp 300w, https:\/\/gingermachines.com\/wp-content\/uploads\/2023\/03\/powder-packaging-equipment-16x12.webp 16w\" sizes=\"auto, (max-width: 720px) 100vw, 720px\" \/><figcaption class=\"wp-element-caption\">\u00e9quipement automatique de conditionnement de poudre<\/figcaption><\/figure> <\/div>   <h2 class=\"wp-block-heading\">Type 2\u00a0: Machine de remplissage semi-automatique de poudre de gingembre <\/h2>    <p>La machine de remplissage semi-automatique de poudre de gingembre est une solution d'emballage polyvalente qui combine l'efficacit\u00e9 de l'automatisation avec la flexibilit\u00e9 de la contribution humaine. Cette machine mesure le remplissage et scelle les sacs automatiquement, mais n\u00e9cessite qu'un op\u00e9rateur place et retire les sacs sur la bande transporteuse. Le conditionnement varie de 1 kg \u00e0 10 kg. <\/p>    <p>La machine d'emballage semi-automatique de poudre de gingembre est facile \u00e0 utiliser et peut \u00eatre personnalis\u00e9e pour diff\u00e9rents mat\u00e9riaux d'emballage, ce qui en fait une option rentable et polyvalente pour les fabricants de l'industrie alimentaire. Cette machine est id\u00e9ale pour les besoins de grandes productions.<\/p>    <figure class=\"wp-block-image size-full\"><img loading=\"lazy\" decoding=\"async\" width=\"720\" height=\"540\" src=\"https:\/\/gingermachines.com\/wp-content\/uploads\/2023\/03\/ginger-powder-filling-machine.jpg\" alt=\"machine de remplissage de poudre de gingembre\" class=\"wp-image-148\" title=\"\" srcset=\"https:\/\/gingermachines.com\/wp-content\/uploads\/2023\/03\/ginger-powder-filling-machine.jpg 720w, https:\/\/gingermachines.com\/wp-content\/uploads\/2023\/03\/ginger-powder-filling-machine-300x225.jpg 300w\" sizes=\"auto, (max-width: 720px) 100vw, 720px\" \/><figcaption class=\"wp-element-caption\">Machine de remplissage de poudre de gingembre<\/figcaption><\/figure>    <h2 class=\"wp-block-heading\">Param\u00e8tres de la machine d'emballage semi-automatique de poudre de gingembre <\/h2>    <figure class=\"wp-block-table\"><table><tbody><tr><td>Pouvoir<\/td><td>AC380V\u00a0900W<\/td><\/tr><tr><td>Sp\u00e9cifications d'emballage<\/td><td>1-10kg<\/td><\/tr><tr><td>Pr\u00e9cision de l'emballage<\/td><td>\u00b11%<\/td><\/tr><tr><td>Vitesse d'emballage<\/td><td>500-1500bags\/h (selon la taille de l'emballage et les produits)<\/td><\/tr><tr><td>Dimension<\/td><td>1000*850*1850mm<\/td><\/tr><tr><td>Poids<\/td><td>280 kg<\/td><\/tr><\/tbody><\/table><figcaption class=\"wp-element-caption\">\u00c9quipement d'emballage semi-automatique de poudre de gingembre<\/figcaption><\/figure>    <p>Selon les diff\u00e9rents mat\u00e9riaux, cette machine d'emballage semi-automatique peut emballer 500 \u00e0 1 500 sacs\/h. Si vous souhaitez en savoir plus sur cette machine de conditionnement de poudre semi-automatique, veuillez nous contacter via la fen\u00eatre pop-up en bas \u00e0 droite.<\/p>    <h2 class=\"wp-block-heading\">Facteurs \u00e0 prendre en compte lors du choix de la bonne machine d'emballage de poudre de gingembre<\/h2>    <h3 class=\"wp-block-heading\">Capacit\u00e9 de production<\/h3>    <p>Lors du choix d\u2019une machine de conditionnement de poudre de gingembre, il est essentiel de prendre en compte votre capacit\u00e9 de production. Choisir une machine avec une capacit\u00e9 de production sup\u00e9rieure \u00e0 celle dont vous avez besoin peut entra\u00eener des d\u00e9penses inutiles. En revanche, choisir une machine avec une faible capacit\u00e9 de production peut restreindre votre capacit\u00e9 \u00e0 r\u00e9pondre \u00e0 la demande.<\/p>    <h3 class=\"wp-block-heading\">Budget<\/h3>    <p>Le co\u00fbt d\u2019achat d\u2019une machine d\u2019emballage de poudre de gingembre est un facteur important \u00e0 prendre en compte. Il est essentiel de s\u00e9lectionner une machine qui correspond \u00e0 votre budget tout en r\u00e9pondant \u00e0 vos besoins d'emballage.<\/p>    <h3 class=\"wp-block-heading\">Mat\u00e9riaux d'emballage<\/h3>    <p>Diff\u00e9rentes machines de conditionnement de poudre de gingembre sont con\u00e7ues pour fonctionner avec des mat\u00e9riaux d'emballage sp\u00e9cifiques. Il est essentiel de choisir une machine compatible avec votre mat\u00e9riau d'emballage pr\u00e9f\u00e9r\u00e9 pour \u00e9viter tout retard ou probl\u00e8me de production.<\/p>    <h2 class=\"wp-block-heading\">Quel est le prix de la machine d\u2019emballage de poudre de gingembre ?<\/h2>    <p>Le prix d'une machine de conditionnement de poudre de gingembre varie en fonction de plusieurs facteurs, notamment le type de machine, ses caract\u00e9ristiques, sa capacit\u00e9 de production et sa marque. Par exemple, le co\u00fbt d\u2019une machine d\u2019emballage de poudre automatique est assez diff\u00e9rent de celui d\u2019une machine d\u2019emballage de poudre semi-automatique. Parce qu\u2019ils ont des structures, des pi\u00e8ces, des composants et des sp\u00e9cifications diff\u00e9rentes.<\/p>    <p>Parall\u00e8lement, le co\u00fbt du m\u00eame type de machine pour diff\u00e9rents clients peut \u00e9galement varier, car la puissance, les configurations et les mat\u00e9riaux peuvent diff\u00e9rer. Alors dites-nous d'abord vos besoins en mati\u00e8re d'emballage, et nous pourrons vous fournir une liste de prix de machine d\u00e9taill\u00e9e et pr\u00e9cise. Contactez-nous maintenant pour d\u00e9marrer votre entreprise d'emballage de gingembre.<\/p>    <div class=\"wp-block-columns is-layout-flex wp-container-core-columns-is-layout-9d6595d7 wp-block-columns-is-layout-flex\"> <div class=\"wp-block-column is-layout-flow wp-block-column-is-layout-flow\"> <figure class=\"wp-block-image size-full\"><img loading=\"lazy\" decoding=\"async\" width=\"750\" height=\"500\" src=\"https:\/\/gingermachines.com\/wp-content\/uploads\/2023\/03\/customers-visit-our-company.webp\" alt=\"les clients visitent notre entreprise\" class=\"wp-image-151\" title=\"\" srcset=\"https:\/\/gingermachines.com\/wp-content\/uploads\/2023\/03\/customers-visit-our-company.webp 750w, https:\/\/gingermachines.com\/wp-content\/uploads\/2023\/03\/customers-visit-our-company-300x200.webp 300w\" sizes=\"auto, (max-width: 750px) 100vw, 750px\" \/><figcaption class=\"wp-element-caption\">Les clients visitent notre entreprise<\/figcaption><\/figure> <\/div>    <div class=\"wp-block-column is-layout-flow wp-block-column-is-layout-flow\"> <figure class=\"wp-block-image size-full\"><img loading=\"lazy\" decoding=\"async\" width=\"750\" height=\"500\" src=\"https:\/\/gingermachines.com\/wp-content\/uploads\/2023\/03\/our-customers-around-the-world.webp\" alt=\"nos clients \u00e0 travers le monde\" class=\"wp-image-152\" title=\"\" srcset=\"https:\/\/gingermachines.com\/wp-content\/uploads\/2023\/03\/our-customers-around-the-world.webp 750w, https:\/\/gingermachines.com\/wp-content\/uploads\/2023\/03\/our-customers-around-the-world-300x200.webp 300w\" sizes=\"auto, (max-width: 750px) 100vw, 750px\" \/><figcaption class=\"wp-element-caption\">Nos clients dans le monde entier<\/figcaption><\/figure> <\/div> <\/div>    <h2 class=\"wp-block-heading\">Contactez-nous d\u00e8s aujourd'hui pour obtenir le meilleur prix\u00a0!<\/h2>    <div class=\"wp-block-columns is-layout-flex wp-container-core-columns-is-layout-9d6595d7 wp-block-columns-is-layout-flex\"> <div class=\"wp-block-column is-layout-flow wp-block-column-is-layout-flow\"> <figure class=\"wp-block-image size-full\"><img loading=\"lazy\" decoding=\"async\" width=\"540\" height=\"720\" src=\"https:\/\/gingermachines.com\/wp-content\/uploads\/2023\/03\/packing-picture-of-ginger-powder-packing-equipment.webp\" alt=\"photo d&#039;emballage de l&#039;\u00e9quipement d&#039;emballage de poudre de gingembre\" class=\"wp-image-240\" title=\"\" srcset=\"https:\/\/gingermachines.com\/wp-content\/uploads\/2023\/03\/packing-picture-of-ginger-powder-packing-equipment.webp 540w, https:\/\/gingermachines.com\/wp-content\/uploads\/2023\/03\/packing-picture-of-ginger-powder-packing-equipment-225x300.webp 225w, https:\/\/gingermachines.com\/wp-content\/uploads\/2023\/03\/packing-picture-of-ginger-powder-packing-equipment-9x12.webp 9w\" sizes=\"auto, (max-width: 540px) 100vw, 540px\" \/><figcaption class=\"wp-element-caption\">Photo d'emballage de l'\u00e9quipement d'emballage de poudre de gingembre<\/figcaption><\/figure> <\/div>    <div class=\"wp-block-column is-vertically-aligned-center is-layout-flow wp-block-column-is-layout-flow\"> <p>Investir dans une machine de conditionnement de poudre de gingembre est une d\u00e9cision judicieuse pour les fabricants modernes qui cherchent \u00e0 optimiser leurs op\u00e9rations et \u00e0 am\u00e9liorer la qualit\u00e9 de leurs produits tout en r\u00e9duisant leurs co\u00fbts. Gr\u00e2ce \u00e0 ses fonctionnalit\u00e9s d'automatisation avanc\u00e9es, sa rapidit\u00e9, sa pr\u00e9cision et sa convivialit\u00e9, cette solution innovante peut faire passer votre entreprise au niveau sup\u00e9rieur.<\/p>    <p class=\"translation-block\">Taizy Machinery est un fabricant complet de <a href=\"https:\/\/gingermachines.com\/fr\/\">machines de traitement du gingembre<\/a>. Nos produits couvrent des <a href=\"https:\/\/gingermachines.com\/fr\/product\/ginger-washing-machine\/\">machines de lavage du gingembre<\/a>, des machines de d\u00e9coupe du gingembre, des machines de s\u00e9chage du gingembre, des <a href=\"https:\/\/gingermachines.com\/fr\/product\/ginger-grinding-machine\/\">machines de broyage du gingembre<\/a>, et des machines d'emballage du gingembre. Si vous \u00eates int\u00e9ress\u00e9 par l'activit\u00e9 du gingembre, passez \u00e0 l'action maintenant et profitez d'une efficacit\u00e9, d'une productivit\u00e9 et d'une rentabilit\u00e9 accrues !<\/p> <\/div> <\/div>","protected":false},"excerpt":{"rendered":"<p>La machine de conditionnement de poudre de gingembre Taizy est con\u00e7ue pour emballer de la poudre de gingembre. Il garantit la pr\u00e9cision et l'exactitude du remplissage, du scellement et du codage des sacs.<\/p>","protected":false},"author":1,"featured_media":146,"parent":0,"template":"","tags":[8],"product-type":[6],"class_list":["post-140","product","type-product","status-publish","has-post-thumbnail","hentry","tag-ginger-processing-machine","product-type-products"],"_links":{"self":[{"href":"https:\/\/gingermachines.com\/fr\/wp-json\/wp\/v2\/product\/140","targetHints":{"allow":["GET"]}}],"collection":[{"href":"https:\/\/gingermachines.com\/fr\/wp-json\/wp\/v2\/product"}],"about":[{"href":"https:\/\/gingermachines.com\/fr\/wp-json\/wp\/v2\/types\/product"}],"author":[{"embeddable":true,"href":"https:\/\/gingermachines.com\/fr\/wp-json\/wp\/v2\/users\/1"}],"wp:featuredmedia":[{"embeddable":true,"href":"https:\/\/gingermachines.com\/fr\/wp-json\/wp\/v2\/media\/146"}],"wp:attachment":[{"href":"https:\/\/gingermachines.com\/fr\/wp-json\/wp\/v2\/media?parent=140"}],"wp:term":[{"taxonomy":"post_tag","embeddable":true,"href":"https:\/\/gingermachines.com\/fr\/wp-json\/wp\/v2\/tags?post=140"},{"taxonomy":"product-type","embeddable":true,"href":"https:\/\/gingermachines.com\/fr\/wp-json\/wp\/v2\/product-type?post=140"}],"curies":[{"name":"wp","href":"https:\/\/api.w.org\/{rel}","templated":true}]}}