{"id":15,"date":"2022-09-06T08:59:53","date_gmt":"2022-09-06T08:59:53","guid":{"rendered":"https:\/\/gingermachines.com\/?page_id=15"},"modified":"2022-09-07T07:04:14","modified_gmt":"2022-09-07T07:04:14","slug":"about-us","status":"publish","type":"page","link":"https:\/\/gingermachines.com\/fr\/about-us\/","title":{"rendered":"\u00c0 propos de nous"},"content":{"rendered":"<p>Taizy Machinery Co., Ltd est un fournisseur complet de machines de traitement du gingembre. Au d\u00e9but, le fondateur de l\u2019entreprise, Hanny, a constat\u00e9 qu\u2019il \u00e9tait difficile pour nous de traiter le gingembre manuellement. Et il est ing\u00e9nieur. D\u00e8s lors, il commence \u00e0 se consacrer \u00e0 la recherche et au d\u00e9veloppement de machines \u00e0 gingembre avec ses partenaires. Et trois mois plus tard, la machine am\u00e9lior\u00e9e de lavage et d\u2019\u00e9pluchage du gingembre a \u00e9t\u00e9 d\u00e9velopp\u00e9e avec succ\u00e8s. Compar\u00e9e \u00e0 la machine d'autres fournisseurs, la machine \u00e0 laver et \u00e0 \u00e9plucher le gingembre Taizy est plus \u00e9conome en \u00e9nergie et plus abordable. Et puis d\u2019autres machines de transformation du gingembre ont \u00e9t\u00e9 invent\u00e9es. Finalement, Hanny \u00e9tait pr\u00eat \u00e0 pr\u00e9senter ces superbes machines aux gens du monde entier. <\/p>    <p>Nos produits couvrent une gamme compl\u00e8te de machines de traitement du gingembre, y compris une machine \u00e0 laver le gingembre, une machine \u00e0 laver et \u00e0 \u00e9plucher le gingembre, une machine \u00e0 s\u00e9cher le gingembre, une rectifieuse au gingembre, une machine de fabrication de poudre de gingembre et une ligne compl\u00e8te de traitement de poudre de gingembre. Toutes nos machines sont con\u00e7ues et fabriqu\u00e9es conform\u00e9ment aux normes internationales. Aujourd'hui, les produits Taizy ont \u00e9t\u00e9 export\u00e9s avec succ\u00e8s vers plus de 80 pays et r\u00e9gions, tels que le Br\u00e9sil, la Colombie, le P\u00e9rou, l'Indon\u00e9sie, la Malaisie, Singapour, les Philippines, la Cor\u00e9e, les Pays-Bas, le Kazakhstan, la Russie, l'Arabie saoudite, Isra\u00ebl, l'Australie et les \u00c9tats-Unis. , Chili, Mexique, Ghana, Nigeria, etc. <\/p>    <h2 class=\"wp-block-heading\" id=\"h-certificates\">Certificats<\/h2>    <figure class=\"wp-block-image size-large\"><img decoding=\"async\" src=\"https:\/\/cnricemill.com\/wp-content\/uploads\/2022\/08\/certificate-1024x323-1.jpg\" alt=\"\" title=\"\"><\/figure>","protected":false},"excerpt":{"rendered":"<p>Taizy Machinery Co., Ltd is a comprehensive ginger processing machinery supplier. At begin, the founder of the company &#8211; Hanny, found that it is difficult for us to process ginger manually. And he is an engineer. Therefore, he began to devote himself to the research and development of ginger machines with his partners. And three [&hellip;]<\/p>\n","protected":false},"author":1,"featured_media":0,"parent":0,"menu_order":0,"comment_status":"closed","ping_status":"closed","template":"","meta":{"footnotes":""},"class_list":["post-15","page","type-page","status-publish","hentry"],"_links":{"self":[{"href":"https:\/\/gingermachines.com\/fr\/wp-json\/wp\/v2\/pages\/15","targetHints":{"allow":["GET"]}}],"collection":[{"href":"https:\/\/gingermachines.com\/fr\/wp-json\/wp\/v2\/pages"}],"about":[{"href":"https:\/\/gingermachines.com\/fr\/wp-json\/wp\/v2\/types\/page"}],"author":[{"embeddable":true,"href":"https:\/\/gingermachines.com\/fr\/wp-json\/wp\/v2\/users\/1"}],"replies":[{"embeddable":true,"href":"https:\/\/gingermachines.com\/fr\/wp-json\/wp\/v2\/comments?post=15"}],"version-history":[{"count":0,"href":"https:\/\/gingermachines.com\/fr\/wp-json\/wp\/v2\/pages\/15\/revisions"}],"wp:attachment":[{"href":"https:\/\/gingermachines.com\/fr\/wp-json\/wp\/v2\/media?parent=15"}],"curies":[{"name":"wp","href":"https:\/\/api.w.org\/{rel}","templated":true}]}}