{"id":57,"date":"2022-09-09T03:09:50","date_gmt":"2022-09-08T19:09:50","guid":{"rendered":"https:\/\/gingermachines.com\/?post_type=product&#038;p=57"},"modified":"2024-06-17T14:39:26","modified_gmt":"2024-06-17T06:39:26","slug":"ginger-drying-machine","status":"publish","type":"product","link":"https:\/\/gingermachines.com\/es\/product\/ginger-drying-machine\/","title":{"rendered":"Secadora de jengibre"},"content":{"rendered":"<p class=\"translation-block\">La <strong>m\u00e1quina secadora de jengibre<\/strong> Taizy es un tipo de secadora de frutas y verduras. Se utiliza ampliamente para deshidratar todo tipo de frutas y verduras, como jengibre, ajo, hongo, lim\u00f3n, kiwi, pi\u00f1a, etc. El <strong>secador de jengibre el\u00e9ctrico<\/strong> no contamina, es f\u00e1cil de operar y ahorra energ\u00eda. <\/p>    <p>El jengibre seco es f\u00e1cil de recolectar y puede prolongar considerablemente el tiempo de almacenamiento. Adem\u00e1s, el valor nutricional del jengibre seco no cambia y el sabor podr\u00eda ser mejor. Adem\u00e1s, el jengibre seco es la materia prima insustituible del jengibre en polvo.<\/p>   <div class=\"wp-block-image\"> <figure class=\"aligncenter size-full\"><img loading=\"lazy\" decoding=\"async\" width=\"720\" height=\"540\" src=\"https:\/\/gingermachines.com\/wp-content\/uploads\/2022\/09\/ginger-dryer-machine.webp\" alt=\"secadora de jengibre\" class=\"wp-image-246\" title=\"\" srcset=\"https:\/\/gingermachines.com\/wp-content\/uploads\/2022\/09\/ginger-dryer-machine.webp 720w, https:\/\/gingermachines.com\/wp-content\/uploads\/2022\/09\/ginger-dryer-machine-300x225.webp 300w, https:\/\/gingermachines.com\/wp-content\/uploads\/2022\/09\/ginger-dryer-machine-16x12.webp 16w\" sizes=\"auto, (max-width: 720px) 100vw, 720px\" \/><figcaption class=\"wp-element-caption\">secadora de jengibre<\/figcaption><\/figure> <\/div>   <p>Por lo tanto, la m\u00e1quina deshidratadora de jengibre es una parte importante de toda la l\u00ednea de producci\u00f3n de jengibre en polvo. Como fabricante integral de maquinaria de procesamiento de jengibre, la empresa TAIZY ofrece una gama completa de m\u00e1quinas de jengibre para el mercado global. Todas las m\u00e1quinas disfrutan de un buen rendimiento y el mejor precio.<\/p>    <h2 class=\"wp-block-heading\">Caracter\u00edsticas de la secadora de jengibre. <\/h2>    <ol class=\"wp-block-list\" style=\"list-style-type:1\"> <li>El aparato el\u00e9ctrico tiene las funciones de ajuste de temperatura, temporizador, control de temperatura constante, alarma de sobretemperatura, ajuste del tiempo de deshumidificaci\u00f3n, etc. Hay una pantalla t\u00e1ctil opcional disponible.<\/li>    <li>Toda la caja del secador de pel\u00edcula adopta una estructura completamente cerrada y el aire caliente interno se recicla para ahorrar energ\u00eda y eficiencia.<\/li>    <li>La fuente de calor para el secado del jengibre puede ser electricidad (380 V\/50 Hz), vapor (0,2 ~ 0,8 MPa), un horno de aire caliente (madera\/carb\u00f3n\/petr\u00f3leo\/gas), etc.<\/li>    <li>Ventilador de eje largo incorporado resistente a altas temperaturas, circulaci\u00f3n forzada de aire caliente, lo que reduce en gran medida la p\u00e9rdida de calor en el proceso de circulaci\u00f3n.<\/li>    <li>El gabinete secador de jengibre est\u00e1 equipado con un tablero de distribuci\u00f3n de aire ajustable, que puede ajustar el tama\u00f1o del espacio hacia arriba y hacia abajo para controlar el flujo de aire y hacer que la temperatura dentro de la caja sea m\u00e1s uniforme.<\/li>    <li>Espesor de la capa de aislamiento de 80 a 200 mm, utilizando lana de roca de alta densidad o lana de fibra de aluminosilicato ultrafina para reducir a\u00fan m\u00e1s la p\u00e9rdida de calor.<\/li> <\/ol>    <figure class=\"wp-block-image size-full\"><img loading=\"lazy\" decoding=\"async\" width=\"720\" height=\"540\" src=\"https:\/\/gingermachines.com\/wp-content\/uploads\/2022\/09\/ginger-dryer-machine.jpg\" alt=\"secadora de jengibre\" class=\"wp-image-89\" title=\"\" srcset=\"https:\/\/gingermachines.com\/wp-content\/uploads\/2022\/09\/ginger-dryer-machine.jpg 720w, https:\/\/gingermachines.com\/wp-content\/uploads\/2022\/09\/ginger-dryer-machine-300x225.jpg 300w\" sizes=\"auto, (max-width: 720px) 100vw, 720px\" \/><figcaption class=\"wp-element-caption\">M\u00e1quina secadora de jengibre<\/figcaption><\/figure>    <h2 class=\"wp-block-heading\">Par\u00e1metros de la secadora de jengibre TAIZY <\/h2>    <figure class=\"wp-block-table\"><table><tbody><tr><td>Modelo<\/td><td>Tama\u00f1o (largo*ancho*alto) (mm)<\/td><td>N\u00famero de coche de secado<\/td><td>Capacidad (kg\/veces)<\/td><\/tr><tr><td>SL-2<\/td><td>4000*1 600*25000<\/td><td>2<\/td><td>600<\/td><\/tr><tr><td>SL-4<\/td><td>6000*1 600*2500<\/td><td>4<\/td><td>1200<\/td><\/tr><tr><td>SL-6<\/td><td>7200*2300*2500<\/td><td>6<\/td><td>1800<\/td><\/tr><tr><td>SL-8<\/td><td>8800*2300*2500<\/td><td>8<\/td><td>2400<\/td><\/tr><tr><td>SL-10<\/td><td>10000*2300*2500<\/td><td>10<\/td><td>3000<\/td><\/tr><tr><td>SL-12<\/td><td>10500*3300*2500<\/td><td>12<\/td><td>3600<\/td><\/tr><tr><td>SL-14<\/td><td>11000*3300*2500<\/td><td>14<\/td><td>4200<\/td><\/tr><tr><td>SL-16<\/td><td>11500*3300*2500<\/td><td>16<\/td><td>4800<\/td><\/tr><tr><td>SL-18<\/td><td>12500*3300*2500<\/td><td>18<\/td><td>5400<\/td><\/tr><tr><td>SL-20<\/td><td>13500*3300*2500<\/td><td>20<\/td><td>6000<\/td><\/tr><tr><td>SL-22<\/td><td>14500*3300*2500<\/td><td>22<\/td><td>6600<\/td><\/tr><tr><td>SL-24<\/td><td>15500*3300*2800<\/td><td>24<\/td><td>7200<\/td><\/tr><\/tbody><\/table><figcaption class=\"wp-element-caption\">modelos de secadora de jengibre<\/figcaption><\/figure>    <p>Como puede ver en el cuadro, tenemos m\u00e1s de diez modelos de m\u00e1quinas deshidratadoras de jengibre a la venta. La salida est\u00e1 en orden de peque\u00f1o a grande. Por lo tanto, esta m\u00e1quina puede satisfacer diferentes tipos de necesidades de secado.<\/p>    <figure class=\"wp-block-image size-full\"><img loading=\"lazy\" decoding=\"async\" width=\"720\" height=\"540\" src=\"https:\/\/gingermachines.com\/wp-content\/uploads\/2022\/09\/large-scale-ginger-dryer.webp\" alt=\"secador de jengibre a gran escala\" class=\"wp-image-244\" title=\"\" srcset=\"https:\/\/gingermachines.com\/wp-content\/uploads\/2022\/09\/large-scale-ginger-dryer.webp 720w, https:\/\/gingermachines.com\/wp-content\/uploads\/2022\/09\/large-scale-ginger-dryer-300x225.webp 300w, https:\/\/gingermachines.com\/wp-content\/uploads\/2022\/09\/large-scale-ginger-dryer-16x12.webp 16w\" sizes=\"auto, (max-width: 720px) 100vw, 720px\" \/><figcaption class=\"wp-element-caption\">Secador de jengibre a gran escala<\/figcaption><\/figure>    <h2 class=\"wp-block-heading\">Amplia gama de aplicaciones de equipos secadores de jengibre.<\/h2>    <p>Esta secadora de jengibre tiene una amplia gama de aplicaciones. Es adecuado para secar diversas verduras y frutas.<\/p>    <p class=\"translation-block\"><strong>Verduras:<\/strong> jengibre, rodajas de pepino, rodajas de mel\u00f3n amargo, fungus blanco, fungus negro, pimiento rojo, berenjena, jud\u00edas verdes, habas, lentejas, rodajas de fruta seca, pimiento, champi\u00f1ones, etc.<\/p>    <p class=\"translation-block\"><strong>Frutas:<\/strong> mangos, manzanas, almendras, d\u00e1tiles, pitahaya, fresas, rodajas de espino, cerezas, kiwis, calabazas, pl\u00e1tanos, <a href=\"http:\/\/longan\">longans<\/a>, melocotones, caquis, etc. \u00a0<\/p>    <figure class=\"wp-block-image size-full\"><img loading=\"lazy\" decoding=\"async\" width=\"720\" height=\"540\" src=\"https:\/\/gingermachines.com\/wp-content\/uploads\/2022\/09\/widely-application.webp\" alt=\"Amplia aplicaci\u00f3n\" class=\"wp-image-245\" title=\"\" srcset=\"https:\/\/gingermachines.com\/wp-content\/uploads\/2022\/09\/widely-application.webp 720w, https:\/\/gingermachines.com\/wp-content\/uploads\/2022\/09\/widely-application-300x225.webp 300w, https:\/\/gingermachines.com\/wp-content\/uploads\/2022\/09\/widely-application-16x12.webp 16w\" sizes=\"auto, (max-width: 720px) 100vw, 720px\" \/><figcaption class=\"wp-element-caption\">Amplia aplicaci\u00f3n<\/figcaption><\/figure>    <h2 class=\"wp-block-heading\">Detalles de la estructura de esta secadora de jengibre.<\/h2>    <p>Esta secadora de jengibre tiene una estructura simple y un dise\u00f1o razonable, es f\u00e1cil de operar. Y consta principalmente de un carro, un ventilador de circulaci\u00f3n, calor de energ\u00eda de aire, un panel de control inteligente, una caja, un ventilador de tiro inducido, una bandeja de acero inoxidable, componentes el\u00e9ctricos y un extractor de aire. Todas las m\u00e1quinas utilizan una estructura de acero inoxidable, duradera y de calidad alimentaria. Adem\u00e1s, la m\u00e1quina adopt\u00f3 tecnolog\u00eda avanzada y piezas de marca. Adem\u00e1s, contamos con personal extremadamente capacitado para garantizar una alta calidad y un buen rendimiento.<\/p>    <figure class=\"wp-block-image size-full\"><img loading=\"lazy\" decoding=\"async\" width=\"720\" height=\"540\" src=\"https:\/\/gingermachines.com\/wp-content\/uploads\/2022\/09\/vegetable-drying-machine.jpg\" alt=\"secadora de vegetales\" class=\"wp-image-87\" title=\"\" srcset=\"https:\/\/gingermachines.com\/wp-content\/uploads\/2022\/09\/vegetable-drying-machine.jpg 720w, https:\/\/gingermachines.com\/wp-content\/uploads\/2022\/09\/vegetable-drying-machine-300x225.jpg 300w\" sizes=\"auto, (max-width: 720px) 100vw, 720px\" \/><figcaption class=\"wp-element-caption\">Secadora de frutas y verduras<\/figcaption><\/figure>    <h2 class=\"wp-block-heading\">Cont\u00e1ctenos para obtener el mejor precio.<\/h2>    <p class=\"translation-block\">La m\u00e1quina secadora de jengibre es uno de nuestros productos m\u00e1s populares. Adem\u00e1s, hay muchas otras <a href=\"https:\/\/gingermachines.com\/es\/products\/products\/\">m\u00e1quinas para jengibre<\/a> disponibles en la f\u00e1brica de Taizy, como <a href=\"https:\/\/gingermachines.com\/es\/product\/ginger-washing-machine\/\">m\u00e1quina lavadora de jengibre<\/a>, m\u00e1quina peladora de jengibre, <a href=\"https:\/\/gingermachines.com\/es\/product\/ginger-grinding-machine\/\">m\u00e1quina trituradora de jengibre<\/a> y <a href=\"https:\/\/gingermachines.com\/es\/product\/ginger-powder-processing-line\/\">m\u00e1quina para hacer polvo de jengibre<\/a>. Todos nuestros equipos gozan de buen precio y rendimiento estable. Bienvenido a contactarnos para obtener m\u00e1s informaci\u00f3n \u00fatil.<\/p>    <figure class=\"wp-block-image size-full\"><img loading=\"lazy\" decoding=\"async\" width=\"720\" height=\"540\" src=\"https:\/\/gingermachines.com\/wp-content\/uploads\/2022\/09\/customer-feedback.jpg\" alt=\"comentarios de los clientes\" class=\"wp-image-91\" title=\"\" srcset=\"https:\/\/gingermachines.com\/wp-content\/uploads\/2022\/09\/customer-feedback.jpg 720w, https:\/\/gingermachines.com\/wp-content\/uploads\/2022\/09\/customer-feedback-300x225.jpg 300w\" sizes=\"auto, (max-width: 720px) 100vw, 720px\" \/><figcaption class=\"wp-element-caption\">Comentarios de los clientes<\/figcaption><\/figure>","protected":false},"excerpt":{"rendered":"<p>La secadora de jengibre es un tipo de secadora de frutas y verduras. Es muy utilizado para deshidratar jengibre, ajo, hongos, lim\u00f3n, kiwi, pi\u00f1a, etc.<\/p>","protected":false},"author":1,"featured_media":81,"parent":0,"template":"","tags":[8],"product-type":[6],"class_list":["post-57","product","type-product","status-publish","has-post-thumbnail","hentry","tag-ginger-processing-machine","product-type-products"],"_links":{"self":[{"href":"https:\/\/gingermachines.com\/es\/wp-json\/wp\/v2\/product\/57","targetHints":{"allow":["GET"]}}],"collection":[{"href":"https:\/\/gingermachines.com\/es\/wp-json\/wp\/v2\/product"}],"about":[{"href":"https:\/\/gingermachines.com\/es\/wp-json\/wp\/v2\/types\/product"}],"author":[{"embeddable":true,"href":"https:\/\/gingermachines.com\/es\/wp-json\/wp\/v2\/users\/1"}],"wp:featuredmedia":[{"embeddable":true,"href":"https:\/\/gingermachines.com\/es\/wp-json\/wp\/v2\/media\/81"}],"wp:attachment":[{"href":"https:\/\/gingermachines.com\/es\/wp-json\/wp\/v2\/media?parent=57"}],"wp:term":[{"taxonomy":"post_tag","embeddable":true,"href":"https:\/\/gingermachines.com\/es\/wp-json\/wp\/v2\/tags?post=57"},{"taxonomy":"product-type","embeddable":true,"href":"https:\/\/gingermachines.com\/es\/wp-json\/wp\/v2\/product-type?post=57"}],"curies":[{"name":"wp","href":"https:\/\/api.w.org\/{rel}","templated":true}]}}